{"id":11627,"date":"2022-08-16T11:11:34","date_gmt":"2022-08-16T11:11:34","guid":{"rendered":"https:\/\/aswu.edu.eg\/en\/?page_id=11627"},"modified":"2023-05-02T10:07:53","modified_gmt":"2023-05-02T10:07:53","slug":"mental-health-services","status":"publish","type":"page","link":"https:\/\/aswu.edu.eg\/fr\/services-aswu\/medical-services\/mental-health-services\/","title":{"rendered":"Services de sant\u00e9 mentale"},"content":{"rendered":"\t\t<div data-elementor-type=\"wp-page\" data-elementor-id=\"11627\" class=\"elementor elementor-11627\">\n\t\t\t\t\t\t<section class=\"elementor-section elementor-top-section elementor-element elementor-element-32a2c4a elementor-section-boxed elementor-section-height-default elementor-section-height-default\" data-id=\"32a2c4a\" data-element_type=\"section\">\n\t\t\t\t\t\t<div class=\"elementor-container elementor-column-gap-default\">\n\t\t\t\t\t<div class=\"elementor-column elementor-col-50 elementor-top-column elementor-element elementor-element-1677c42\" data-id=\"1677c42\" data-element_type=\"column\">\n\t\t\t<div class=\"elementor-widget-wrap elementor-element-populated\">\n\t\t\t\t\t\t<div class=\"elementor-element elementor-element-a8e3a84 elementor-widget elementor-widget-wp-widget-iksm-widget\" data-id=\"a8e3a84\" data-element_type=\"widget\" data-widget_type=\"wp-widget-iksm-widget.default\">\n\t\t\t\t<div class=\"elementor-widget-container\">\n\t\t\t<script id=\"styles-copier-69e23071150d1\">\n\t\t\t\/\/ Finding styles element\n\t        var element = document.getElementById(\"iksm-dynamic-style\");\n\t        if (!element) { \/\/ If no element (Cache plugins can remove tag), then creating a new one\n                element = document.createElement('style');\n                var head = document.getElementsByTagName(\"head\")\n                if (head && head[0]) {\n                \thead[0].appendChild(element);\n                } else {\n                  \tconsole.warn(\"Iks Menu | Error while printing styles. Please contact technical support.\");\n                }\n\t        }\n\t\t\t\/\/ Copying styles to <styles> tag\n\t        element.innerHTML += \".iksm-14821 .iksm-terms{background-color:rgba(243,243,243,1);width:200px;transition:all 400ms;animation:iks-fade-in 1000ms;}.iksm-14821 .iksm-term__inner{background-color:rgba(231,231,231,1);margin-top:3px;min-height:44px;transition:all 400ms;}.iksm-14821 .iksm-term__inner:hover{background-color:rgba(220,220,220,1);}.iksm-14821 .iksm-term--current > .iksm-term__inner{background-color:rgba(202,229,239,1);}.iksm-14821 .iksm-term__link{color:rgba(0,0,0,1);font-size:15px;line-height:15px;font-weight:400;text-align:left;text-decoration:none;padding-top:5px;padding-right:10px;padding-bottom:5px;padding-left:15px;transition:all 400ms;}.iksm-14821 .iksm-term__inner:hover .iksm-term__link{color:rgba(50,50,50,1);}.iksm-14821 .iksm-term__toggle__inner{transition:transform 400ms}.iksm-14821 .iksm-term--expanded > .iksm-term__inner > .iksm-term__toggle > .iksm-term__toggle__inner{transform:rotate(180deg);}.iksm-14821 .iksm-term__toggle{color:rgba(133,133,133,1);font-size:16px;align-self:unset;;height:25px;width:25px;margin-right:7px;transition:all 400ms;}.iksm-14821 .iksm-term__toggle:hover{color:rgba(0,0,0,1);}.iksm-14821 .iksm-term__image-container{width:30px;min-width:30px;height:30px;min-height:30px;margin-right:15px;transition:all 400ms;}.iksm-14821 .iksm-term__image{background-size:contain;background-position:center;background-repeat:no-repeat;}.iksm-14821 .iksm-term__image-container:hover{background-size:contain;background-position:center;background-repeat:no-repeat;}.iksm-14821 .iksm-term__inner:hover .iksm-term__image-container{background-size:contain;background-position:center;background-repeat:no-repeat;}.iksm-14821 .iksm-term__inner:focus .iksm-term__image-container{background-size:contain;background-position:center;background-repeat:no-repeat;}.iksm-14821 .iksm-term--current > .iksm-term__inner .iksm-term__image-container{background-size:contain;background-position:center;background-repeat:no-repeat;}.iksm-14821 .iksm-term--child .iksm-term__inner .iksm-term__image-container{background-size:contain;background-position:center;background-repeat:no-repeat;}.iksm-14821 .iksm-term--child .iksm-term__inner .iksm-term__image-container:hover{background-size:contain;background-position:center;background-repeat:no-repeat;}.iksm-14821 .iksm-term--child .iksm-term__inner .iksm-term__image-container:focus{background-size:contain;background-position:center;background-repeat:no-repeat;}.iksm-14821 .iksm-term--child.iksm-term--current > .iksm-term__inner .iksm-term__image-container{background-size:contain;background-position:center;background-repeat:no-repeat;}.iksm-14821  .iksm-term__text{flex: unset}.iksm-14821 .iksm-term__posts-count{color:rgba(133,133,133,1);font-size:16px;margin-left:12px;font-weight:400;transition:all 400ms;}\";\n\t        \/\/ Removing this script\n            var this_script = document.getElementById(\"styles-copier-69e23071150d1\");\n            if (this_script) { \/\/ Cache plugins can remove tag\n\t            this_script.outerHTML = \"\";\n\t            if (this_script.parentNode) {\n\t                this_script.parentNode.removeChild(this_script);\n\t            }\n            }\n        <\/script><div id='iksm-14821' class='iksm iksm-14821 iksm-container '  data-id='14821' data-is-pro='0' data-source='menu'><div class='iksm-terms'><div class='iksm-terms-tree iksm-terms-tree--level-1 iksm-terms-tree--parents' style=''><div class=\"iksm-terms-tree__inner\">\n        <div class=\"iksm-term iksm-term--id-14005 iksm-term--parent\" data-id=\"14005\">\n            <div class=\"iksm-term__inner\" tabindex='0'>\n                <a class=\"iksm-term__link\" href='https:\/\/aswu.edu.eg\/fr\/services-aswu\/medical-services\/medical-convoys\/' target='_self' tabindex='-1'>\n\t\t\t\t        <span class=\"iksm-term__text\">Convois m\u00e9dicaux<\/span>\n\t\t            <\/a>\n\t\t\t        <\/div>\n\t\t        <\/div>\n\n\t\t\n        <div class=\"iksm-term iksm-term--id-14006 iksm-term--parent\" data-id=\"14006\">\n            <div class=\"iksm-term__inner\" tabindex='0'>\n                <a class=\"iksm-term__link\" href='https:\/\/aswu.edu.eg\/fr\/services-aswu\/medical-services\/medical-workshops\/' target='_self' tabindex='-1'>\n\t\t\t\t        <span class=\"iksm-term__text\">Ateliers m\u00e9dicaux<\/span>\n\t\t            <\/a>\n\t\t\t        <\/div>\n\t\t        <\/div>\n\n\t\t\n        <div class=\"iksm-term iksm-term--id-14007 iksm-term--parent\" data-id=\"14007\">\n            <div class=\"iksm-term__inner\" tabindex='0'>\n                <a class=\"iksm-term__link\" href='https:\/\/aswu.edu.eg\/fr\/services-aswu\/medical-services\/reproductive-health\/' target='_self' tabindex='-1'>\n\t\t\t\t        <span class=\"iksm-term__text\">La sant\u00e9 reproductive<\/span>\n\t\t            <\/a>\n\t\t\t        <\/div>\n\t\t        <\/div>\n\n\t\t\n        <div class=\"iksm-term iksm-term--id-14009 iksm-term--parent\" data-id=\"14009\">\n            <div class=\"iksm-term__inner\" tabindex='0'>\n                <a class=\"iksm-term__link\" href='https:\/\/aswu.edu.eg\/fr\/services-aswu\/medical-services\/mental-health-services\/' target='_self' tabindex='-1'>\n\t\t\t\t        <span class=\"iksm-term__text\">Services de sant\u00e9 mentale<\/span>\n\t\t            <\/a>\n\t\t\t        <\/div>\n\t\t        <\/div>\n\n\t\t\n        <div class=\"iksm-term iksm-term--id-20200 iksm-term--parent\" data-id=\"20200\">\n            <div class=\"iksm-term__inner\" tabindex='0'>\n                <a class=\"iksm-term__link\" href='https:\/\/aswu.edu.eg\/fr\/services-aswu\/medical-services\/aswan-university-hospitals\/' target='_self' tabindex='-1'>\n\t\t\t\t        <span class=\"iksm-term__text\">H\u00f4pitaux universitaires d\u2019Assouan<\/span>\n\t\t            <\/a>\n\t\t\t        <\/div>\n\t\t        <\/div>\n\n\t\t\n        <div class=\"iksm-term iksm-term--id-14014 iksm-term--parent\" data-id=\"14014\">\n            <div class=\"iksm-term__inner\" tabindex='0'>\n                <a class=\"iksm-term__link\" href='https:\/\/aswu.edu.eg\/fr\/services-aswu\/medical-services\/cooperation-with-medical-institutions\/' target='_self' tabindex='-1'>\n\t\t\t\t        <span class=\"iksm-term__text\">Coop\u00e9ration avec Institutions de sant\u00e9<\/span>\n\t\t            <\/a>\n\t\t\t        <\/div>\n\t\t        <\/div>\n\n\t\t<\/div><\/div><\/div><div id=\"iksm_data_args\" class=\"data-args\"  data-collapse_children_terms='1' data-collapse_other_terms='1' data-collapse_animation_duration='400' data-expand_animation_duration='400'><\/div><\/div>\t\t<\/div>\n\t\t\t\t<\/div>\n\t\t\t\t\t<\/div>\n\t\t<\/div>\n\t\t\t\t<div class=\"elementor-column elementor-col-50 elementor-top-column elementor-element elementor-element-1c79e6c\" data-id=\"1c79e6c\" data-element_type=\"column\">\n\t\t\t<div class=\"elementor-widget-wrap elementor-element-populated\">\n\t\t\t\t\t\t<div class=\"elementor-element elementor-element-0d3b52b elementor-widget elementor-widget-text-editor\" data-id=\"0d3b52b\" data-element_type=\"widget\" data-widget_type=\"text-editor.default\">\n\t\t\t\t<div class=\"elementor-widget-container\">\n\t\t\t\t\t\t\t<header class=\"entry-header\"><p><span style=\"color: #333333\">Un centre de conseil psychologique et d&#8217;\u00e9ducation sp\u00e9ciale a \u00e9t\u00e9 cr\u00e9\u00e9, qui fournit actuellement ses services th\u00e9rapeutiques et consultatifs gratuitement par l&#8217;interm\u00e9diaire des membres du d\u00e9partement \u00e0 ceux qui en font la demande &#8220;\u00e9tudiants universitaires, certains fils de travailleurs et d&#8217;autres de l&#8217;ext\u00e9rieur&#8221;.<\/span><\/p><p><span style=\"color: #333333\">Chaque membre du D\u00e9partement de sant\u00e9 mentale effectue un cours dans le processus de conseil acad\u00e9mique et psychologique pour les cas qui n\u00e9cessitent une intervention dans les limites du travail des membres du d\u00e9partement et pour les cas qui doivent le faire, qui sont r\u00e9f\u00e9r\u00e9s par la Facult\u00e9 d&#8217;administration de l&#8217;\u00e9ducation.<\/span><\/p><p><span style=\"color: #333333\">Coop\u00e9ration avec la Fondation affili\u00e9e \u00e0 l&#8217;universit\u00e9 et sous contrat avec elle afin de concevoir et de mettre en \u0153uvre des programmes de formation socialement requis par l&#8217;interm\u00e9diaire de ces Fondations, notamment\u00a0:<\/span><\/p><p><span style=\"color: #333333\">1- la Fondation arabo-africaine en communication et besoins sp\u00e9ciaux.<\/span><\/p><p><span style=\"color: #333333\">2- Le centre d&#8217;information de l&#8217;universit\u00e9 dans le domaine de l&#8217;analyse statistique pour l&#8217;utilisation de donn\u00e9es (SPSS).<\/span><\/p><p><span style=\"color: #333333\">3- Fondation Abou Simbel pour la formation dans le domaine de l&#8217;autisme et du conseil psychologique.<\/span><\/p><p>\u00a0<\/p><p><span style=\"color: #0000ff\"><a style=\"color: #0000ff\" href=\"https:\/\/aswu.edu.eg\/en\/wp-content\/uploads\/role-of-Youth-Welfare.pdf\">R\u00f4le du sp\u00e9cialiste de la protection de la jeunesse<\/a><\/span><\/p><\/header><div class=\"entry-content\"><div class=\"elementor elementor-11625\" data-elementor-type=\"wp-page\" data-elementor-id=\"11625\"><div class=\"elementor-inner\"><div class=\"elementor-section-wrap\"><section class=\"elementor-section elementor-top-section elementor-element elementor-element-417493 elementor-section-boxed elementor-section-height-default elementor-section-height-default\" data-id=\"417493\" data-element_type=\"section\"><div class=\"elementor-container elementor-column-gap-default\"><div class=\"elementor-row\"><div class=\"elementor-column elementor-col-100 elementor-top-column elementor-element elementor-element-76764e5d\" data-id=\"76764e5d\" data-element_type=\"column\"><div class=\"elementor-column-wrap elementor-element-populated\"><div class=\"elementor-widget-wrap\"><div class=\"elementor-element elementor-element-649372c3 elementor-widget elementor-widget-text-editor\" data-id=\"649372c3\" data-element_type=\"widget\" data-widget_type=\"text-editor.default\"><div class=\"elementor-widget-container\">\u00a0<\/div><\/div><\/div><\/div><\/div><\/div><\/div><\/section><\/div><\/div><\/div><\/div>\t\t\t\t\t\t<\/div>\n\t\t\t\t<\/div>\n\t\t\t\t\t<\/div>\n\t\t<\/div>\n\t\t\t\t\t<\/div>\n\t\t<\/section>\n\t\t\t\t<\/div>\n\t\t","protected":false},"excerpt":{"rendered":"<p>Un centre de conseil psychologique et d&#8217;\u00e9ducation sp\u00e9ciale a \u00e9t\u00e9 cr\u00e9\u00e9, qui fournit actuellement ses services th\u00e9rapeutiques et consultatifs gratuitement par l&#8217;interm\u00e9diaire des membres du d\u00e9partement \u00e0 ceux qui en font la demande &#8220;\u00e9tudiants universitaires, certains fils de travailleurs et <a href=\"https:\/\/aswu.edu.eg\/fr\/services-aswu\/medical-services\/mental-health-services\/\" class=\"read-more\">Read More &#8230;<\/a><\/p>\n<div class=\"pvc_clear\"><\/div>\n<p id=\"pvc_stats_11627\" class=\"pvc_stats all  \" data-element-id=\"11627\" style=\"\"><i class=\"pvc-stats-icon medium\" aria-hidden=\"true\"><svg aria-hidden=\"true\" focusable=\"false\" data-prefix=\"far\" data-icon=\"chart-bar\" role=\"img\" xmlns=\"http:\/\/www.w3.org\/2000\/svg\" viewBox=\"0 0 512 512\" class=\"svg-inline--fa fa-chart-bar fa-w-16 fa-2x\"><path fill=\"currentColor\" d=\"M396.8 352h22.4c6.4 0 12.8-6.4 12.8-12.8V108.8c0-6.4-6.4-12.8-12.8-12.8h-22.4c-6.4 0-12.8 6.4-12.8 12.8v230.4c0 6.4 6.4 12.8 12.8 12.8zm-192 0h22.4c6.4 0 12.8-6.4 12.8-12.8V140.8c0-6.4-6.4-12.8-12.8-12.8h-22.4c-6.4 0-12.8 6.4-12.8 12.8v198.4c0 6.4 6.4 12.8 12.8 12.8zm96 0h22.4c6.4 0 12.8-6.4 12.8-12.8V204.8c0-6.4-6.4-12.8-12.8-12.8h-22.4c-6.4 0-12.8 6.4-12.8 12.8v134.4c0 6.4 6.4 12.8 12.8 12.8zM496 400H48V80c0-8.84-7.16-16-16-16H16C7.16 64 0 71.16 0 80v336c0 17.67 14.33 32 32 32h464c8.84 0 16-7.16 16-16v-16c0-8.84-7.16-16-16-16zm-387.2-48h22.4c6.4 0 12.8-6.4 12.8-12.8v-70.4c0-6.4-6.4-12.8-12.8-12.8h-22.4c-6.4 0-12.8 6.4-12.8 12.8v70.4c0 6.4 6.4 12.8 12.8 12.8z\" class=\"\"><\/path><\/svg><\/i> <img decoding=\"async\" width=\"16\" height=\"16\" alt=\"Loading\" src=\"https:\/\/aswu.edu.eg\/fr\/wp-content\/plugins\/page-views-count\/ajax-loader-2x.gif\" border=0 \/><\/p>\n<div class=\"pvc_clear\"><\/div>\n","protected":false},"author":7,"featured_media":0,"parent":5385,"menu_order":0,"comment_status":"closed","ping_status":"closed","template":"","meta":{"footnotes":""},"rttpg_featured_image_url":null,"rttpg_author":{"display_name":"nourhan Monaam","author_link":"https:\/\/aswu.edu.eg\/fr\/author\/edr0asen\/"},"rttpg_comment":0,"rttpg_category":null,"rttpg_excerpt":"Un centre de conseil psychologique et d&#8217;\u00e9ducation sp\u00e9ciale a \u00e9t\u00e9 cr\u00e9\u00e9, qui fournit actuellement ses services th\u00e9rapeutiques et consultatifs gratuitement par l&#8217;interm\u00e9diaire des membres du d\u00e9partement \u00e0 ceux qui en font la demande &#8220;\u00e9tudiants universitaires, certains fils de travailleurs et Read More ...","_links":{"self":[{"href":"https:\/\/aswu.edu.eg\/fr\/wp-json\/wp\/v2\/pages\/11627"}],"collection":[{"href":"https:\/\/aswu.edu.eg\/fr\/wp-json\/wp\/v2\/pages"}],"about":[{"href":"https:\/\/aswu.edu.eg\/fr\/wp-json\/wp\/v2\/types\/page"}],"author":[{"embeddable":true,"href":"https:\/\/aswu.edu.eg\/fr\/wp-json\/wp\/v2\/users\/7"}],"replies":[{"embeddable":true,"href":"https:\/\/aswu.edu.eg\/fr\/wp-json\/wp\/v2\/comments?post=11627"}],"version-history":[{"count":48,"href":"https:\/\/aswu.edu.eg\/fr\/wp-json\/wp\/v2\/pages\/11627\/revisions"}],"predecessor-version":[{"id":29420,"href":"https:\/\/aswu.edu.eg\/fr\/wp-json\/wp\/v2\/pages\/11627\/revisions\/29420"}],"up":[{"embeddable":true,"href":"https:\/\/aswu.edu.eg\/fr\/wp-json\/wp\/v2\/pages\/5385"}],"wp:attachment":[{"href":"https:\/\/aswu.edu.eg\/fr\/wp-json\/wp\/v2\/media?parent=11627"}],"curies":[{"name":"wp","href":"https:\/\/api.w.org\/{rel}","templated":true}]}}