{"id":12189,"date":"2022-09-15T14:31:53","date_gmt":"2022-09-15T14:31:53","guid":{"rendered":"https:\/\/aswu.edu.eg\/en\/?page_id=12189"},"modified":"2024-12-10T11:44:03","modified_gmt":"2024-12-10T11:44:03","slug":"general-administration-of-student-affairs","status":"publish","type":"page","link":"https:\/\/aswu.edu.eg\/fr\/about\/organizational-structure\/education-and-student-affairs-sector\/general-administration-of-student-affairs\/","title":{"rendered":"Administration G\u00e9n\u00e9rale des affaires les \u00e9tudiants"},"content":{"rendered":"\t\t<div data-elementor-type=\"wp-page\" data-elementor-id=\"12189\" class=\"elementor elementor-12189\">\n\t\t\t\t\t\t<section class=\"elementor-section elementor-top-section elementor-element elementor-element-ee8566f elementor-section-boxed elementor-section-height-default elementor-section-height-default\" data-id=\"ee8566f\" data-element_type=\"section\">\n\t\t\t\t\t\t<div class=\"elementor-container elementor-column-gap-default\">\n\t\t\t\t\t<div class=\"elementor-column elementor-col-33 elementor-top-column elementor-element elementor-element-b518322\" data-id=\"b518322\" data-element_type=\"column\">\n\t\t\t<div class=\"elementor-widget-wrap elementor-element-populated\">\n\t\t\t\t\t\t<div class=\"elementor-element elementor-element-46bb75b elementor-widget elementor-widget-wp-widget-iksm-widget\" data-id=\"46bb75b\" data-element_type=\"widget\" data-widget_type=\"wp-widget-iksm-widget.default\">\n\t\t\t\t<div class=\"elementor-widget-container\">\n\t\t\t<script id=\"styles-copier-69e28575d5aac\">\n\t\t\t\/\/ Finding styles element\n\t        var element = document.getElementById(\"iksm-dynamic-style\");\n\t        if (!element) { \/\/ If no element (Cache plugins can remove tag), then creating a new one\n                element = document.createElement('style');\n                var head = document.getElementsByTagName(\"head\")\n                if (head && head[0]) {\n                \thead[0].appendChild(element);\n                } else {\n                  \tconsole.warn(\"Iks Menu | Error while printing styles. Please contact technical support.\");\n                }\n\t        }\n\t\t\t\/\/ Copying styles to <styles> tag\n\t        element.innerHTML += \".iksm-20486 .iksm-terms{background-color:rgba(243,243,243,1);width:210px;transition:all 400ms;animation:iks-fade-in 1000ms;}.iksm-20486 .iksm-term__inner{background-color:rgba(231,231,231,1);margin-top:3px;min-height:44px;transition:all 400ms;}.iksm-20486 .iksm-term__inner:hover{background-color:rgba(220,220,220,1);}.iksm-20486 .iksm-term--current > .iksm-term__inner{background-color:rgba(202,229,239,1);}.iksm-20486 .iksm-term__link{color:rgba(0,0,0,1);font-size:15px;line-height:15px;font-weight:400;text-align:left;text-decoration:none;padding-top:5px;padding-right:10px;padding-bottom:5px;padding-left:15px;transition:all 400ms;}.iksm-20486 .iksm-term__inner:hover .iksm-term__link{color:rgba(50,50,50,1);}.iksm-20486 .iksm-term__toggle__inner{transition:transform 400ms}.iksm-20486 .iksm-term--expanded > .iksm-term__inner > .iksm-term__toggle > .iksm-term__toggle__inner{transform:rotate(180deg);}.iksm-20486 .iksm-term__toggle{color:rgba(133,133,133,1);font-size:16px;align-self:unset;;height:25px;width:25px;margin-right:7px;transition:all 400ms;}.iksm-20486 .iksm-term__toggle:hover{color:rgba(0,0,0,1);}.iksm-20486 .iksm-term__image-container{width:30px;min-width:30px;height:30px;min-height:30px;margin-right:15px;transition:all 400ms;}.iksm-20486 .iksm-term__image{background-size:contain;background-position:center;background-repeat:no-repeat;}.iksm-20486 .iksm-term__image-container:hover{background-size:contain;background-position:center;background-repeat:no-repeat;}.iksm-20486 .iksm-term__inner:hover .iksm-term__image-container{background-size:contain;background-position:center;background-repeat:no-repeat;}.iksm-20486 .iksm-term__inner:focus .iksm-term__image-container{background-size:contain;background-position:center;background-repeat:no-repeat;}.iksm-20486 .iksm-term--current > .iksm-term__inner .iksm-term__image-container{background-size:contain;background-position:center;background-repeat:no-repeat;}.iksm-20486 .iksm-term--child .iksm-term__inner .iksm-term__image-container{background-size:contain;background-position:center;background-repeat:no-repeat;}.iksm-20486 .iksm-term--child .iksm-term__inner .iksm-term__image-container:hover{background-size:contain;background-position:center;background-repeat:no-repeat;}.iksm-20486 .iksm-term--child .iksm-term__inner .iksm-term__image-container:focus{background-size:contain;background-position:center;background-repeat:no-repeat;}.iksm-20486 .iksm-term--child.iksm-term--current > .iksm-term__inner .iksm-term__image-container{background-size:contain;background-position:center;background-repeat:no-repeat;}.iksm-20486  .iksm-term__text{flex: unset}.iksm-20486 .iksm-term__posts-count{color:rgba(133,133,133,1);font-size:16px;margin-left:12px;font-weight:400;transition:all 400ms;}\";\n\t        \/\/ Removing this script\n            var this_script = document.getElementById(\"styles-copier-69e28575d5aac\");\n            if (this_script) { \/\/ Cache plugins can remove tag\n\t            this_script.outerHTML = \"\";\n\t            if (this_script.parentNode) {\n\t                this_script.parentNode.removeChild(this_script);\n\t            }\n            }\n        <\/script><div id='iksm-20486' class='iksm iksm-20486 iksm-container '  data-id='20486' data-is-pro='0' data-source='menu'><div class='iksm-terms'><div class='iksm-terms-tree iksm-terms-tree--level-1 iksm-terms-tree--parents' style=''><div class=\"iksm-terms-tree__inner\">\n        <div class=\"iksm-term iksm-term--id-20482 iksm-term--parent\" data-id=\"20482\">\n            <div class=\"iksm-term__inner\" tabindex='0'>\n                <a class=\"iksm-term__link\" href='https:\/\/aswu.edu.eg\/fr\/about\/organizational-structure\/education-and-student-affairs-sector\/general-administration-of-student-affairs\/' target='_self' tabindex='-1'>\n\t\t\t\t        <span class=\"iksm-term__text\">\u00c0 propos de l&#039;administration<\/span>\n\t\t            <\/a>\n\t\t\t        <\/div>\n\t\t        <\/div>\n\n\t\t\n        <div class=\"iksm-term iksm-term--id-20474 iksm-term--parent\" data-id=\"20474\">\n            <div class=\"iksm-term__inner\" tabindex='0'>\n                <a class=\"iksm-term__link\" href='https:\/\/aswu.edu.eg\/fr\/about\/organizational-structure\/education-and-student-affairs-sector\/general-administration-of-student-affairs\/administrative-structure-general-administration-of-student-affairs\/' target='_self' tabindex='-1'>\n\t\t\t\t        <span class=\"iksm-term__text\">Structure Administrative<\/span>\n\t\t            <\/a>\n\t\t\t        <\/div>\n\t\t        <\/div>\n\n\t\t\n        <div class=\"iksm-term iksm-term--id-21049 iksm-term--parent\" data-id=\"21049\">\n            <div class=\"iksm-term__inner\" tabindex='0'>\n                <a class=\"iksm-term__link\" href='https:\/\/aswu.edu.eg\/fr\/about\/organizational-structure\/education-and-student-affairs-sector\/general-administration-of-student-affairs\/alumni-affairs-department\/' target='_self' tabindex='-1'>\n\t\t\t\t        <span class=\"iksm-term__text\">Alumni affairs adminstraion<\/span>\n\t\t            <\/a>\n\t\t\t        <\/div>\n\t\t        <\/div>\n\n\t\t\n        <div class=\"iksm-term iksm-term--id-21154 iksm-term--parent\" data-id=\"21154\">\n            <div class=\"iksm-term__inner\" tabindex='0'>\n                <a class=\"iksm-term__link\" href='https:\/\/aswu.edu.eg\/fr\/services-aswu\/student-services-aswu\/foreign-students-services\/' target='_self' tabindex='-1'>\n\t\t\t\t        <span class=\"iksm-term__text\">Foreign affairs adminstraion<\/span>\n\t\t            <\/a>\n\t\t\t        <\/div>\n\t\t        <\/div>\n\n\t\t\n        <div class=\"iksm-term iksm-term--id-21167 iksm-term--parent\" data-id=\"21167\">\n            <div class=\"iksm-term__inner\" tabindex='0'>\n                <a class=\"iksm-term__link\" href='https:\/\/aswu.edu.eg\/fr\/join-the-university\/undergraduate-admissions\/' target='_self' tabindex='-1'>\n\t\t\t\t        <span class=\"iksm-term__text\">Undergraduate admission adminstraion<\/span>\n\t\t            <\/a>\n\t\t\t        <\/div>\n\t\t        <\/div>\n\n\t\t<\/div><\/div><\/div><div id=\"iksm_data_args\" class=\"data-args\"  data-collapse_children_terms='1' data-collapse_other_terms='1' data-collapse_animation_duration='400' data-expand_animation_duration='400'><\/div><\/div>\t\t<\/div>\n\t\t\t\t<\/div>\n\t\t\t\t\t<\/div>\n\t\t<\/div>\n\t\t\t\t<div class=\"elementor-column elementor-col-66 elementor-top-column elementor-element elementor-element-a9a132b\" data-id=\"a9a132b\" data-element_type=\"column\">\n\t\t\t<div class=\"elementor-widget-wrap elementor-element-populated\">\n\t\t\t\t\t\t<div class=\"elementor-element elementor-element-5b402ef elementor-tabs-alignment-stretch elementor-tabs-view-horizontal elementor-widget elementor-widget-tabs\" data-id=\"5b402ef\" data-element_type=\"widget\" data-widget_type=\"tabs.default\">\n\t\t\t\t<div class=\"elementor-widget-container\">\n\t\t\t\t\t<div class=\"elementor-tabs\">\n\t\t\t<div class=\"elementor-tabs-wrapper\" role=\"tablist\" >\n\t\t\t\t\t\t\t\t\t<div id=\"elementor-tab-title-9561\" class=\"elementor-tab-title elementor-tab-desktop-title\" aria-selected=\"true\" data-tab=\"1\" role=\"tab\" tabindex=\"0\" aria-controls=\"elementor-tab-content-9561\" aria-expanded=\"false\">Vision et Mission<\/div>\n\t\t\t\t\t\t\t\t\t<div id=\"elementor-tab-title-9562\" class=\"elementor-tab-title elementor-tab-desktop-title\" aria-selected=\"false\" data-tab=\"2\" role=\"tab\" tabindex=\"-1\" aria-controls=\"elementor-tab-content-9562\" aria-expanded=\"false\">Objectifs<\/div>\n\t\t\t\t\t\t\t\t\t<div id=\"elementor-tab-title-9563\" class=\"elementor-tab-title elementor-tab-desktop-title\" aria-selected=\"false\" data-tab=\"3\" role=\"tab\" tabindex=\"-1\" aria-controls=\"elementor-tab-content-9563\" aria-expanded=\"false\">Ach\u00e8vements <\/div>\n\t\t\t\t\t\t\t<\/div>\n\t\t\t<div class=\"elementor-tabs-content-wrapper\" role=\"tablist\" aria-orientation=\"vertical\">\n\t\t\t\t\t\t\t\t\t<div class=\"elementor-tab-title elementor-tab-mobile-title\" aria-selected=\"true\" data-tab=\"1\" role=\"tab\" tabindex=\"0\" aria-controls=\"elementor-tab-content-9561\" aria-expanded=\"false\">Vision et Mission<\/div>\n\t\t\t\t\t<div id=\"elementor-tab-content-9561\" class=\"elementor-tab-content elementor-clearfix\" data-tab=\"1\" role=\"tabpanel\" aria-labelledby=\"elementor-tab-title-9561\" tabindex=\"0\" hidden=\"false\"><p><span style=\"font-family: Cairo;font-size: 12pt;color: #294a70\">Vision:<\/span><\/p><p><span style=\"color: #333333\">Graduation des g\u00e9n\u00e9rations capables d\u2019affronter les d\u00e9fis locaux et internationaux avec r\u00e9flexion et innovation, et l\u2019\u00e9ducation universitaire distinctive<\/span><\/p><p><span style=\"font-family: Cairo;font-size: 12pt;color: #294a70\">Mission:<\/span><\/p><p><span style=\"color: #333333\">L\u2019administration cherche \u00e0 d\u00e9velopper les domaines d\u2019\u00e9ducation afin d\u2019offrir les meilleurs services aux b\u00e9n\u00e9ficiaires et support le processus \u00e9ducatif \u00e0 l\u2019universit\u00e9 d\u2019Assouan Pas seulement pour suivre le rythme de l\u2019\u00e2ge mais pour arriver \u00e0 place distingu\u00e9e parmi les universit\u00e9s \u00e9gyptiennes en participation avec les administrations diverses de l\u2019universit\u00e9<\/span><\/p><\/div>\n\t\t\t\t\t\t\t\t\t<div class=\"elementor-tab-title elementor-tab-mobile-title\" aria-selected=\"false\" data-tab=\"2\" role=\"tab\" tabindex=\"-1\" aria-controls=\"elementor-tab-content-9562\" aria-expanded=\"false\">Objectifs<\/div>\n\t\t\t\t\t<div id=\"elementor-tab-content-9562\" class=\"elementor-tab-content elementor-clearfix\" data-tab=\"2\" role=\"tabpanel\" aria-labelledby=\"elementor-tab-title-9562\" tabindex=\"0\" hidden=\"hidden\"><p><span style=\"color: #333333\">Les objectifs\u00a0:<\/span><\/p><p><span style=\"color: #333333\">Pour l\u2019administration g\u00e9n\u00e9rale des affaires l\u2019\u00e9ducation et les \u00e9tudiants \u00a0\u00a0traduire sa message philosophique aux vocabulaires d\u00e9finis concr\u00e8tes peut \u00eatre mesur\u00e9e qu\u2019ils besoin \u00e0 r\u00e9aliser des objectifs constructif \u00a0changent selon le changement l\u2019environnement interne, les ressources, et les variantes de l\u2019environnement externe, et les variantes et la valeur de l\u2019administration sup\u00e9rieure Sur la base de l\u2019exp\u00e9rience acquise, en identifiant le d\u00e9calage entre la situation actuelle et la situation souhait\u00e9e et en proposant les objectifs du plan de d\u00e9veloppement 2118-2121 qui peuvent \u00eatre r\u00e9sum\u00e9s comme suit\u00a0:<\/span><\/p><table style=\"border-collapse: collapse;width: 99.5833%;height: 120px\"><tbody><tr style=\"height: 24px;background-color: #3498db\"><td dir=\"ltr\" style=\"width: 19.5802%;height: 24px;text-align: left\"><span style=\"color: #333333\">Niveau de signification\u00a0 \u00a0 \u00a0 \u00a0 \u00a0\u00a0<\/span><\/td><td dir=\"ltr\" style=\"width: 57.51%;height: 24px;text-align: left\"><span style=\"color: #333333\">Objectif\u00a0\u00a0\u00a0\u00a0\u00a0\u00a0\u00a0\u00a0\u00a0\u00a0\u00a0 <\/span><\/td><td dir=\"rtl\" style=\"width: 22.493%;height: 24px;text-align: left\"><span style=\"color: #333333\">Priorisation des besoins<\/span><\/td><\/tr><tr style=\"height: 24px;background-color: #eeeeee\"><td dir=\"rtl\" style=\"width: 19.5802%;height: 24px;text-align: left\"><p><span style=\"color: #333333\">Premier<\/span><\/p><\/td><td dir=\"rtl\" style=\"width: 57.51%;height: 24px;text-align: left\"><p><span style=\"color: #333333\">\u00a0\u00a0\u00a0\u00a0\u00a0\u00a0\u00a0\u00a0\u00a0\u00a0\u00a0\u00a0\u00a0\u00a0\u00a0\u00a0\u00a0\u00a0\u00a0\u00a0\u00a0\u00a0\u00a0\u00a0\u00a0\u00a0\u00a0\u00a0\u00a0\u00a0\u00a0\u00a0\u00a0\u00a0\u00a0\u00a0\u00a0\u00a0\u00a0\u00a0\u00a0\u00a0\u00a0\u00a0\u00a0\u00a0\u00a0 Accro\u00eetre l\u2019efficacit\u00e9 de l&#8217;administration pour accro\u00eetre la comp\u00e9titivit\u00e9<\/span><\/p><\/td><td dir=\"rtl\" style=\"width: 22.493%;height: 24px;text-align: left\"><p><span style=\"color: #333333\">Tr\u00e8s important \u00a0<\/span><\/p><\/td><\/tr><tr style=\"height: 24px\"><td dir=\"rtl\" style=\"width: 19.5802%;height: 24px;text-align: left\"><span style=\"font-family: Cairo;color: #333333;font-size: 12pt\">Second<\/span><\/td><td dir=\"rtl\" style=\"width: 57.51%;height: 24px;text-align: left\"><p dir=\"ltr\"><span style=\"color: #333333\">M\u00e9canisation des services \u00e9ducatifs, \u00e9tudiants et administratifs\u00a0\u00a0\u00a0\u00a0\u00a0<\/span><\/p><\/td><td style=\"width: 22.493%;height: 24px;text-align: left\"><p><span style=\"color: #333333\">Tr\u00e8s important \u00a0<\/span><\/p><\/td><\/tr><tr style=\"height: 24px;background-color: #eeeeee\"><td dir=\"rtl\" style=\"width: 19.5802%;height: 24px;text-align: left\"><p><span style=\"color: #333333\">Troisi\u00e8me<\/span><\/p><\/td><td dir=\"rtl\" style=\"width: 57.51%;height: 24px;text-align: left\"><p dir=\"ltr\"><span style=\"color: #333333\">Obtenir une position avanc\u00e9e parmi ses contreparties.\u00a0\u00a0\u00a0\u00a0\u00a0\u00a0\u00a0\u00a0\u00a0\u00a0\u00a0<\/span><\/p><\/td><td style=\"width: 22.493%;height: 24px;text-align: left\"><span style=\"font-family: Cairo;color: #333333;font-size: 12pt\">Important<\/span><\/td><\/tr><tr style=\"height: 24px\"><td dir=\"rtl\" style=\"width: 19.5802%;height: 24px;text-align: left\"><p><span style=\"color: #333333\">Quatri\u00e8me<\/span><\/p><\/td><td dir=\"rtl\" style=\"width: 57.51%;height: 24px;text-align: left\"><p><span style=\"color: #333333\">Cadre de qualit\u00e9 g\u00e9n\u00e9ral<\/span><\/p><\/td><td dir=\"ltr\" style=\"width: 22.493%;height: 24px;text-align: left\"><span style=\"font-family: Cairo;color: #333333;font-size: 12pt\">Important<\/span><\/td><\/tr><\/tbody><\/table><\/div>\n\t\t\t\t\t\t\t\t\t<div class=\"elementor-tab-title elementor-tab-mobile-title\" aria-selected=\"false\" data-tab=\"3\" role=\"tab\" tabindex=\"-1\" aria-controls=\"elementor-tab-content-9563\" aria-expanded=\"false\">Ach\u00e8vements <\/div>\n\t\t\t\t\t<div id=\"elementor-tab-content-9563\" class=\"elementor-tab-content elementor-clearfix\" data-tab=\"3\" role=\"tabpanel\" aria-labelledby=\"elementor-tab-title-9563\" tabindex=\"0\" hidden=\"hidden\"><p dir=\"ltr\"><span style=\"font-size: 16px;color: #333333\">L\u2019administration g\u00e9n\u00e9rale des affaires des \u00e9tudiants a plusieurs des ach\u00e8vements qui l\u00e8vent le niveau du travail dans l\u2019universit\u00e9 d\u2019Assouan. Pour lire les ach\u00e8vements de l\u2019administration g\u00e9n\u00e9rale des affaires d\u2019\u00e9ducation et des \u00e9tudiants<span style=\"color: #0000ff\"> <a style=\"color: #0000ff\" href=\"https:\/\/aswu.edu.eg\/\/wp-content\/uploads\/i%C2%BF%C2%BDi%C2%BF%C2%BDi%C2%BF%C2%BDi%C2%BF%C2%BDO%C2%A7U%E2%80%A0O%C2%ACO%C2%A7O%C2%B2O%C2%A7Oa-20202021O%C2%A7U%E2%80%9EOO%C2%AEUSO%C2%B1O%C2%A9-U%E2%80%9EU%E2%80%9EU%CB%86O%C2%B2O%C2%A7O%C2%B1O%C2%A9-U%E2%80%A1O%C2%A8O%C2%A9-U%E2%80%A0O%C2%B3O%C2%AEO%C2%A9-13-23.pdf\">d\u2019ici<\/a><\/span><\/span><\/p><\/div>\n\t\t\t\t\t\t\t<\/div>\n\t\t<\/div>\n\t\t\t\t<\/div>\n\t\t\t\t<\/div>\n\t\t\t\t\t<\/div>\n\t\t<\/div>\n\t\t\t\t\t<\/div>\n\t\t<\/section>\n\t\t\t\t<\/div>\n\t\t","protected":false},"excerpt":{"rendered":"<p>Vision et Mission Objectifs Ach\u00e8vements Vision et Mission Vision: Graduation des g\u00e9n\u00e9rations capables d\u2019affronter les d\u00e9fis locaux et internationaux avec r\u00e9flexion et innovation, et l\u2019\u00e9ducation universitaire distinctive Mission: L\u2019administration cherche \u00e0 d\u00e9velopper les domaines d\u2019\u00e9ducation afin d\u2019offrir les meilleurs services <a href=\"https:\/\/aswu.edu.eg\/fr\/about\/organizational-structure\/education-and-student-affairs-sector\/general-administration-of-student-affairs\/\" class=\"read-more\">Read More &#8230;<\/a><\/p>\n<div class=\"pvc_clear\"><\/div>\n<p id=\"pvc_stats_12189\" class=\"pvc_stats all  \" data-element-id=\"12189\" style=\"\"><i class=\"pvc-stats-icon medium\" aria-hidden=\"true\"><svg aria-hidden=\"true\" focusable=\"false\" data-prefix=\"far\" data-icon=\"chart-bar\" role=\"img\" xmlns=\"http:\/\/www.w3.org\/2000\/svg\" viewBox=\"0 0 512 512\" class=\"svg-inline--fa fa-chart-bar fa-w-16 fa-2x\"><path fill=\"currentColor\" d=\"M396.8 352h22.4c6.4 0 12.8-6.4 12.8-12.8V108.8c0-6.4-6.4-12.8-12.8-12.8h-22.4c-6.4 0-12.8 6.4-12.8 12.8v230.4c0 6.4 6.4 12.8 12.8 12.8zm-192 0h22.4c6.4 0 12.8-6.4 12.8-12.8V140.8c0-6.4-6.4-12.8-12.8-12.8h-22.4c-6.4 0-12.8 6.4-12.8 12.8v198.4c0 6.4 6.4 12.8 12.8 12.8zm96 0h22.4c6.4 0 12.8-6.4 12.8-12.8V204.8c0-6.4-6.4-12.8-12.8-12.8h-22.4c-6.4 0-12.8 6.4-12.8 12.8v134.4c0 6.4 6.4 12.8 12.8 12.8zM496 400H48V80c0-8.84-7.16-16-16-16H16C7.16 64 0 71.16 0 80v336c0 17.67 14.33 32 32 32h464c8.84 0 16-7.16 16-16v-16c0-8.84-7.16-16-16-16zm-387.2-48h22.4c6.4 0 12.8-6.4 12.8-12.8v-70.4c0-6.4-6.4-12.8-12.8-12.8h-22.4c-6.4 0-12.8 6.4-12.8 12.8v70.4c0 6.4 6.4 12.8 12.8 12.8z\" class=\"\"><\/path><\/svg><\/i> <img decoding=\"async\" width=\"16\" height=\"16\" alt=\"Loading\" src=\"https:\/\/aswu.edu.eg\/fr\/wp-content\/plugins\/page-views-count\/ajax-loader-2x.gif\" border=0 \/><\/p>\n<div class=\"pvc_clear\"><\/div>\n","protected":false},"author":7,"featured_media":0,"parent":21088,"menu_order":0,"comment_status":"closed","ping_status":"closed","template":"","meta":{"footnotes":""},"rttpg_featured_image_url":null,"rttpg_author":{"display_name":"nourhan Monaam","author_link":"https:\/\/aswu.edu.eg\/fr\/author\/edr0asen\/"},"rttpg_comment":0,"rttpg_category":null,"rttpg_excerpt":"Vision et Mission Objectifs Ach\u00e8vements Vision et Mission Vision: Graduation des g\u00e9n\u00e9rations capables d\u2019affronter les d\u00e9fis locaux et internationaux avec r\u00e9flexion et innovation, et l\u2019\u00e9ducation universitaire distinctive Mission: L\u2019administration cherche \u00e0 d\u00e9velopper les domaines d\u2019\u00e9ducation afin d\u2019offrir les meilleurs services Read More ...","_links":{"self":[{"href":"https:\/\/aswu.edu.eg\/fr\/wp-json\/wp\/v2\/pages\/12189"}],"collection":[{"href":"https:\/\/aswu.edu.eg\/fr\/wp-json\/wp\/v2\/pages"}],"about":[{"href":"https:\/\/aswu.edu.eg\/fr\/wp-json\/wp\/v2\/types\/page"}],"author":[{"embeddable":true,"href":"https:\/\/aswu.edu.eg\/fr\/wp-json\/wp\/v2\/users\/7"}],"replies":[{"embeddable":true,"href":"https:\/\/aswu.edu.eg\/fr\/wp-json\/wp\/v2\/comments?post=12189"}],"version-history":[{"count":75,"href":"https:\/\/aswu.edu.eg\/fr\/wp-json\/wp\/v2\/pages\/12189\/revisions"}],"predecessor-version":[{"id":30745,"href":"https:\/\/aswu.edu.eg\/fr\/wp-json\/wp\/v2\/pages\/12189\/revisions\/30745"}],"up":[{"embeddable":true,"href":"https:\/\/aswu.edu.eg\/fr\/wp-json\/wp\/v2\/pages\/21088"}],"wp:attachment":[{"href":"https:\/\/aswu.edu.eg\/fr\/wp-json\/wp\/v2\/media?parent=12189"}],"curies":[{"name":"wp","href":"https:\/\/api.w.org\/{rel}","templated":true}]}}