{"id":12224,"date":"2022-09-15T15:48:42","date_gmt":"2022-09-15T15:48:42","guid":{"rendered":"https:\/\/aswu.edu.eg\/en\/?page_id=12224"},"modified":"2024-12-30T09:01:14","modified_gmt":"2024-12-30T09:01:14","slug":"administrative-structure-general-administration-of-student-affairs","status":"publish","type":"page","link":"https:\/\/aswu.edu.eg\/fr\/about\/organizational-structure\/education-and-student-affairs-sector\/general-administration-of-student-affairs\/administrative-structure-general-administration-of-student-affairs\/","title":{"rendered":"Structure Administrative"},"content":{"rendered":"\t\t<div data-elementor-type=\"wp-page\" data-elementor-id=\"12224\" class=\"elementor elementor-12224\">\n\t\t\t\t\t\t<section class=\"elementor-section elementor-top-section elementor-element elementor-element-9d0f6e8 elementor-section-boxed elementor-section-height-default elementor-section-height-default\" data-id=\"9d0f6e8\" data-element_type=\"section\">\n\t\t\t\t\t\t<div class=\"elementor-container elementor-column-gap-default\">\n\t\t\t\t\t<div class=\"elementor-column elementor-col-33 elementor-top-column elementor-element elementor-element-6f78a41\" data-id=\"6f78a41\" data-element_type=\"column\">\n\t\t\t<div class=\"elementor-widget-wrap elementor-element-populated\">\n\t\t\t\t\t\t<div class=\"elementor-element elementor-element-27ef71e elementor-widget elementor-widget-wp-widget-iksm-widget\" data-id=\"27ef71e\" data-element_type=\"widget\" data-widget_type=\"wp-widget-iksm-widget.default\">\n\t\t\t\t<div class=\"elementor-widget-container\">\n\t\t\t<script id=\"styles-copier-69fe72b87e63f\">\n\t\t\t\/\/ Finding styles element\n\t        var element = document.getElementById(\"iksm-dynamic-style\");\n\t        if (!element) { \/\/ If no element (Cache plugins can remove tag), then creating a new one\n                element = document.createElement('style');\n                var head = document.getElementsByTagName(\"head\")\n                if (head && head[0]) {\n                \thead[0].appendChild(element);\n                } else {\n                  \tconsole.warn(\"Iks Menu | Error while printing styles. Please contact technical support.\");\n                }\n\t        }\n\t\t\t\/\/ Copying styles to <styles> tag\n\t        element.innerHTML += \".iksm-20486 .iksm-terms{background-color:rgba(243,243,243,1);width:210px;transition:all 400ms;animation:iks-fade-in 1000ms;}.iksm-20486 .iksm-term__inner{background-color:rgba(231,231,231,1);margin-top:3px;min-height:44px;transition:all 400ms;}.iksm-20486 .iksm-term__inner:hover{background-color:rgba(220,220,220,1);}.iksm-20486 .iksm-term--current > .iksm-term__inner{background-color:rgba(202,229,239,1);}.iksm-20486 .iksm-term__link{color:rgba(0,0,0,1);font-size:15px;line-height:15px;font-weight:400;text-align:left;text-decoration:none;padding-top:5px;padding-right:10px;padding-bottom:5px;padding-left:15px;transition:all 400ms;}.iksm-20486 .iksm-term__inner:hover .iksm-term__link{color:rgba(50,50,50,1);}.iksm-20486 .iksm-term__toggle__inner{transition:transform 400ms}.iksm-20486 .iksm-term--expanded > .iksm-term__inner > .iksm-term__toggle > .iksm-term__toggle__inner{transform:rotate(180deg);}.iksm-20486 .iksm-term__toggle{color:rgba(133,133,133,1);font-size:16px;align-self:unset;;height:25px;width:25px;margin-right:7px;transition:all 400ms;}.iksm-20486 .iksm-term__toggle:hover{color:rgba(0,0,0,1);}.iksm-20486 .iksm-term__image-container{width:30px;min-width:30px;height:30px;min-height:30px;margin-right:15px;transition:all 400ms;}.iksm-20486 .iksm-term__image{background-size:contain;background-position:center;background-repeat:no-repeat;}.iksm-20486 .iksm-term__image-container:hover{background-size:contain;background-position:center;background-repeat:no-repeat;}.iksm-20486 .iksm-term__inner:hover .iksm-term__image-container{background-size:contain;background-position:center;background-repeat:no-repeat;}.iksm-20486 .iksm-term__inner:focus .iksm-term__image-container{background-size:contain;background-position:center;background-repeat:no-repeat;}.iksm-20486 .iksm-term--current > .iksm-term__inner .iksm-term__image-container{background-size:contain;background-position:center;background-repeat:no-repeat;}.iksm-20486 .iksm-term--child .iksm-term__inner .iksm-term__image-container{background-size:contain;background-position:center;background-repeat:no-repeat;}.iksm-20486 .iksm-term--child .iksm-term__inner .iksm-term__image-container:hover{background-size:contain;background-position:center;background-repeat:no-repeat;}.iksm-20486 .iksm-term--child .iksm-term__inner .iksm-term__image-container:focus{background-size:contain;background-position:center;background-repeat:no-repeat;}.iksm-20486 .iksm-term--child.iksm-term--current > .iksm-term__inner .iksm-term__image-container{background-size:contain;background-position:center;background-repeat:no-repeat;}.iksm-20486  .iksm-term__text{flex: unset}.iksm-20486 .iksm-term__posts-count{color:rgba(133,133,133,1);font-size:16px;margin-left:12px;font-weight:400;transition:all 400ms;}\";\n\t        \/\/ Removing this script\n            var this_script = document.getElementById(\"styles-copier-69fe72b87e63f\");\n            if (this_script) { \/\/ Cache plugins can remove tag\n\t            this_script.outerHTML = \"\";\n\t            if (this_script.parentNode) {\n\t                this_script.parentNode.removeChild(this_script);\n\t            }\n            }\n        <\/script><div id='iksm-20486' class='iksm iksm-20486 iksm-container '  data-id='20486' data-is-pro='0' data-source='menu'><div class='iksm-terms'><div class='iksm-terms-tree iksm-terms-tree--level-1 iksm-terms-tree--parents' style=''><div class=\"iksm-terms-tree__inner\">\n        <div class=\"iksm-term iksm-term--id-20482 iksm-term--parent\" data-id=\"20482\">\n            <div class=\"iksm-term__inner\" tabindex='0'>\n                <a class=\"iksm-term__link\" href='https:\/\/aswu.edu.eg\/fr\/about\/organizational-structure\/education-and-student-affairs-sector\/general-administration-of-student-affairs\/' target='_self' tabindex='-1'>\n\t\t\t\t        <span class=\"iksm-term__text\">\u00c0 propos de l&#039;administration<\/span>\n\t\t            <\/a>\n\t\t\t        <\/div>\n\t\t        <\/div>\n\n\t\t\n        <div class=\"iksm-term iksm-term--id-20474 iksm-term--parent\" data-id=\"20474\">\n            <div class=\"iksm-term__inner\" tabindex='0'>\n                <a class=\"iksm-term__link\" href='https:\/\/aswu.edu.eg\/fr\/about\/organizational-structure\/education-and-student-affairs-sector\/general-administration-of-student-affairs\/administrative-structure-general-administration-of-student-affairs\/' target='_self' tabindex='-1'>\n\t\t\t\t        <span class=\"iksm-term__text\">Structure Administrative<\/span>\n\t\t            <\/a>\n\t\t\t        <\/div>\n\t\t        <\/div>\n\n\t\t\n        <div class=\"iksm-term iksm-term--id-21049 iksm-term--parent\" data-id=\"21049\">\n            <div class=\"iksm-term__inner\" tabindex='0'>\n                <a class=\"iksm-term__link\" href='https:\/\/aswu.edu.eg\/fr\/about\/organizational-structure\/education-and-student-affairs-sector\/general-administration-of-student-affairs\/alumni-affairs-department\/' target='_self' tabindex='-1'>\n\t\t\t\t        <span class=\"iksm-term__text\">Alumni affairs adminstraion<\/span>\n\t\t            <\/a>\n\t\t\t        <\/div>\n\t\t        <\/div>\n\n\t\t\n        <div class=\"iksm-term iksm-term--id-21154 iksm-term--parent\" data-id=\"21154\">\n            <div class=\"iksm-term__inner\" tabindex='0'>\n                <a class=\"iksm-term__link\" href='https:\/\/aswu.edu.eg\/fr\/services-aswu\/student-services-aswu\/foreign-students-services\/' target='_self' tabindex='-1'>\n\t\t\t\t        <span class=\"iksm-term__text\">Foreign affairs adminstraion<\/span>\n\t\t            <\/a>\n\t\t\t        <\/div>\n\t\t        <\/div>\n\n\t\t\n        <div class=\"iksm-term iksm-term--id-21167 iksm-term--parent\" data-id=\"21167\">\n            <div class=\"iksm-term__inner\" tabindex='0'>\n                <a class=\"iksm-term__link\" href='https:\/\/aswu.edu.eg\/fr\/join-the-university\/undergraduate-admissions\/' target='_self' tabindex='-1'>\n\t\t\t\t        <span class=\"iksm-term__text\">Undergraduate admission adminstraion<\/span>\n\t\t            <\/a>\n\t\t\t        <\/div>\n\t\t        <\/div>\n\n\t\t<\/div><\/div><\/div><div id=\"iksm_data_args\" class=\"data-args\"  data-collapse_children_terms='1' data-collapse_other_terms='1' data-collapse_animation_duration='400' data-expand_animation_duration='400'><\/div><\/div>\t\t<\/div>\n\t\t\t\t<\/div>\n\t\t\t\t\t<\/div>\n\t\t<\/div>\n\t\t\t\t<div class=\"elementor-column elementor-col-66 elementor-top-column elementor-element elementor-element-9e9b96a\" data-id=\"9e9b96a\" data-element_type=\"column\">\n\t\t\t<div class=\"elementor-widget-wrap elementor-element-populated\">\n\t\t\t\t\t\t<div class=\"elementor-element elementor-element-73c0ff6 elementor-tabs-alignment-stretch elementor-tabs-view-horizontal elementor-widget elementor-widget-tabs\" data-id=\"73c0ff6\" data-element_type=\"widget\" data-widget_type=\"tabs.default\">\n\t\t\t\t<div class=\"elementor-widget-container\">\n\t\t\t\t\t<div class=\"elementor-tabs\">\n\t\t\t<div class=\"elementor-tabs-wrapper\" role=\"tablist\" >\n\t\t\t\t\t\t\t\t\t<div id=\"elementor-tab-title-1211\" class=\"elementor-tab-title elementor-tab-desktop-title\" aria-selected=\"true\" data-tab=\"1\" role=\"tab\" tabindex=\"0\" aria-controls=\"elementor-tab-content-1211\" aria-expanded=\"false\">Groupe de travail de l\u2019administration      <\/div>\n\t\t\t\t\t\t\t\t\t<div id=\"elementor-tab-title-1212\" class=\"elementor-tab-title elementor-tab-desktop-title\" aria-selected=\"false\" data-tab=\"2\" role=\"tab\" tabindex=\"-1\" aria-controls=\"elementor-tab-content-1212\" aria-expanded=\"false\">   \u00c9quipe adjointe du syst\u00e8me d\u2019emploi irr\u00e9gulier<\/div>\n\t\t\t\t\t\t\t<\/div>\n\t\t\t<div class=\"elementor-tabs-content-wrapper\" role=\"tablist\" aria-orientation=\"vertical\">\n\t\t\t\t\t\t\t\t\t<div class=\"elementor-tab-title elementor-tab-mobile-title\" aria-selected=\"true\" data-tab=\"1\" role=\"tab\" tabindex=\"0\" aria-controls=\"elementor-tab-content-1211\" aria-expanded=\"false\">Groupe de travail de l\u2019administration      <\/div>\n\t\t\t\t\t<div id=\"elementor-tab-content-1211\" class=\"elementor-tab-content elementor-clearfix\" data-tab=\"1\" role=\"tabpanel\" aria-labelledby=\"elementor-tab-title-1211\" tabindex=\"0\" hidden=\"false\"><table style=\"border-collapse: collapse;width: 100.459%;height: 281px\"><tbody><tr style=\"height: 24px;background-color: #3498db\"><td style=\"width: 4.58716%;height: 24px\">\u00a0<\/td><td style=\"width: 26.5509%\" width=\"197\"><p><span style=\"color: #003366\">Nom \u00a0\u00a0\u00a0\u00a0\u00a0\u00a0\u00a0\u00a0\u00a0\u00a0\u00a0\u00a0\u00a0\u00a0\u00a0\u00a0\u00a0\u00a0\u00a0\u00a0\u00a0\u00a0\u00a0\u00a0\u00a0\u00a0\u00a0\u00a0<\/span><\/p><\/td><td style=\"width: 15.437%;height: 24px\"><span style=\"color: #003366\">Emploi\u00a0\u00a0\u00a0\u00a0\u00a0\u00a0\u00a0\u00a0\u00a0\u00a0\u00a0\u00a0\u00a0\u00a0 \u00a0\u00a0\u00a0\u00a0\u00a0\u00a0\u00a0\u00a0\u00a0\u00a0\u00a0\u00a0\u00a0\u00a0\u00a0<\/span><\/td><td style=\"width: 23.5263%;height: 24px\"><span style=\"color: #003366\">T\u00e2ches<\/span><\/td><td dir=\"rtl\" style=\"width: 13.1847%;height: 24px\"><span style=\"font-family: Cairo;font-size: 12pt;color: #333333\"><span style=\"color: #003366\">E-mail<\/span><\/span><\/td><\/tr><tr style=\"height: 29px;background-color: #eeeeee\"><td style=\"width: 4.58716%;height: 29px\"><span style=\"font-family: Cairo;font-size: 12pt;color: #333333\">1<\/span><\/td><td dir=\"rtl\" style=\"width: 26.5509%;height: 29px;text-align: center\"><span style=\"font-family: Cairo;font-size: 12pt;color: #333333\">Ms. Heba Eid<\/span><\/td><td style=\"width: 15.437%\" width=\"197\"><p style=\"text-align: left\"><span style=\"color: #333333\">chercheur des affaires l\u2019\u00e9ducation \u2013 directrice g\u00e9n\u00e9rale de l\u2019administration \u00a0<\/span><\/p><\/td><td dir=\"rtl\" style=\"width: 23.5263%;height: 29px;text-align: center\"><p><span style=\"color: #333333\">\u00a0Planification, l\u2019organisation, poursuivre, et l\u2019\u00e9valuation \u00a0\u00a0\u00a0\u00a0<\/span><\/p><\/td><td style=\"width: 13.1847%;height: 29px\">\u00a0<\/td><\/tr><tr style=\"height: 36px\"><td style=\"width: 4.58716%;height: 36px\"><span style=\"font-family: Cairo;font-size: 12pt;color: #333333\">2<\/span><\/td><td style=\"width: 26.5509%;height: 36px;text-align: center\"><span style=\"font-family: Cairo;font-size: 12pt;color: #333333\">M. Abo Bakr Mohamed Zaki<\/span><\/td><td style=\"width: 15.437%\" width=\"197\"><p><span style=\"color: #333333\">Sp\u00e9cialiste d\u2019\u00e9ducation- directeur d\u2019administration \u00a0\u00a0\u00a0<\/span><\/p><\/td><td style=\"width: 23.5263%\" width=\"197\"><p><span style=\"color: #333333\">Les venues et les certificats d\u2019\u00e9quivalant et \u00e9trangers \u00a0<\/span><\/p><\/td><td style=\"width: 13.1847%;height: 36px\">\u00a0<\/td><\/tr><tr style=\"height: 24px;background-color: #eeeeee\"><td style=\"width: 4.58716%;height: 24px\"><span style=\"font-family: Cairo;font-size: 12pt;color: #333333\">3<\/span><\/td><td style=\"width: 26.5509%;height: 24px;text-align: center\"><span style=\"font-family: Cairo;font-size: 12pt;color: #333333\">M. Mohamed Hamid Abdel-Radi<\/span><\/td><td style=\"width: 15.437%\" width=\"197\"><p><span style=\"color: #333333\">Sp\u00e9cialiste d\u2019\u00e9ducation-directeur de d\u00e9partement \u00a0<\/span><\/p><\/td><td style=\"width: 23.5263%\" width=\"197\"><p><span style=\"color: #333333\">Les affaires des dipl\u00f4m\u00e9s et extraction les certifications \u00a0<\/span><\/p><\/td><td style=\"width: 13.1847%;height: 24px\">\u00a0<\/td><\/tr><tr style=\"height: 24px\"><td style=\"width: 4.58716%;height: 24px\"><span style=\"font-family: Cairo;font-size: 12pt;color: #333333\">4<\/span><\/td><td style=\"width: 26.5509%;height: 24px;text-align: center\"><span style=\"font-family: Cairo;font-size: 12pt;color: #333333\">Mme. Saida Saad Zaghlol<\/span><\/td><td style=\"width: 15.437%\" width=\"197\"><p><span style=\"color: #333333\">secr\u00e9taire principal<\/span><\/p><\/td><td style=\"width: 23.5263%\" width=\"197\"><p><span style=\"color: #333333\">Emplois de bureau- poursuivre les travaux des affaires les \u00e9tudiants \u00a0<\/span><\/p><\/td><td style=\"width: 13.1847%;height: 24px\">\u00a0<\/td><\/tr><tr style=\"height: 24px;background-color: #eeeeee\"><td style=\"width: 4.58716%;height: 24px\"><span style=\"font-family: Cairo;font-size: 12pt;color: #333333\">5<\/span><\/td><td style=\"width: 26.5509%;height: 24px;text-align: center\"><span style=\"font-family: Cairo;font-size: 12pt;color: #333333\">M. Basel Osman Ali<\/span><\/td><td style=\"width: 15.437%\" width=\"197\"><p><span style=\"color: #333333\">Sp\u00e9cialiste d\u2019\u00e9ducation<\/span><\/p><\/td><td style=\"width: 23.5263%\" width=\"197\"><p><span style=\"color: #333333\">R\u00e9vision et poursuivre les travaux des affaires les \u00e9tudiants<\/span><\/p><\/td><td style=\"width: 13.1847%;height: 24px\">\u00a0<\/td><\/tr><tr style=\"height: 24px\"><td style=\"width: 4.58716%;height: 24px\"><span style=\"font-family: Cairo;font-size: 12pt;color: #333333\">6<\/span><\/td><td style=\"width: 26.5509%;height: 24px;text-align: center\"><span style=\"font-family: Cairo;font-size: 12pt;color: #333333\">M. Sayed Gomaa Olouany<\/span><\/td><td style=\"width: 15.437%\" width=\"197\"><p><span style=\"color: #333333\">Sp\u00e9cialiste de d\u00e9veloppement l\u2019administration<\/span><\/p><\/td><td style=\"width: 23.5263%\" width=\"197\"><p><span style=\"color: #333333\">R\u00e9vision et poursuivre les travaux des affaires les \u00e9tudiants<\/span><\/p><\/td><td style=\"width: 13.1847%;height: 24px\">\u00a0<\/td><\/tr><tr style=\"height: 24px;background-color: #eeeeee\"><td style=\"width: 4.58716%;height: 24px\"><span style=\"font-family: Cairo;font-size: 12pt;color: #333333\">7<\/span><\/td><td style=\"width: 26.5509%;height: 24px;text-align: center\"><span style=\"font-family: Cairo;font-size: 12pt;color: #333333\">M. Hani Naeem Wesa<\/span><\/td><td style=\"width: 15.437%\" width=\"197\"><p><span style=\"color: #333333\">Sp\u00e9cialiste d\u2019\u00e9ducation<\/span><\/p><\/td><td style=\"width: 23.5263%\" width=\"197\"><p><span style=\"color: #333333\">R\u00e9vision et poursuivre les travaux des affaires les \u00e9tudiants<\/span><\/p><\/td><td style=\"width: 13.1847%;height: 24px\">\u00a0<\/td><\/tr><tr style=\"height: 24px\"><td style=\"width: 4.58716%;height: 24px\"><span style=\"font-family: Cairo;font-size: 12pt;color: #333333\">8<\/span><\/td><td style=\"width: 26.5509%;height: 24px;text-align: center\"><span style=\"font-family: Cairo;font-size: 12pt;color: #333333\">Mme. Enas Mahmoud Abo-Zaid<\/span><\/td><td style=\"width: 15.437%;height: 24px\"><span style=\"color: #333333\">Sp\u00e9cialiste d\u2019\u00e9ducation<\/span><\/td><td style=\"width: 23.5263%\" width=\"197\"><p><span style=\"color: #333333\">R\u00e9vision et poursuivre les travaux des affaires les \u00e9tudiants<\/span><\/p><\/td><td style=\"width: 13.1847%;height: 24px\">\u00a0<\/td><\/tr><tr style=\"height: 24px;background-color: #eeeeee\"><td style=\"width: 4.58716%;height: 24px\"><span style=\"font-family: Cairo;font-size: 12pt;color: #333333\">9<\/span><\/td><td style=\"width: 26.5509%;height: 24px;text-align: center\"><span style=\"font-family: Cairo;font-size: 12pt;color: #333333\">Mme. Naglaa Mohamed Khodary<\/span><\/td><td style=\"width: 15.437%\" width=\"197\"><p><span style=\"color: #333333\">Sp\u00e9cialiste de d\u00e9veloppement administratif \u00a0<\/span><\/p><\/td><td style=\"width: 23.5263%\" width=\"197\"><p><span style=\"color: #333333\">R\u00e9vision et poursuivre les travaux des affaires les \u00e9tudiants- nouvelle Assouan<\/span><\/p><\/td><td style=\"width: 13.1847%;height: 24px\">\u00a0<\/td><\/tr><tr style=\"height: 24px\"><td style=\"width: 4.58716%;height: 24px\"><span style=\"font-family: Cairo;font-size: 12pt;color: #333333\">10<\/span><\/td><td dir=\"rtl\" style=\"width: 26.5509%;height: 24px;text-align: center\"><span style=\"font-family: Cairo;font-size: 12pt;color: #333333\">M. Reda Soody Mohamed<\/span><\/td><td style=\"width: 15.437%\" width=\"197\"><p><span style=\"color: #333333\">Sp\u00e9cialiste d\u2019\u00e9ducation<\/span><\/p><\/td><td style=\"width: 23.5263%\" width=\"197\"><p><span style=\"color: #333333\">R\u00e9vision et poursuivre les travaux des affaires les \u00e9tudiants- nouvelle Assouan<\/span><\/p><\/td><td style=\"width: 13.1847%;height: 24px\">\u00a0<\/td><\/tr><\/tbody><\/table><\/div>\n\t\t\t\t\t\t\t\t\t<div class=\"elementor-tab-title elementor-tab-mobile-title\" aria-selected=\"false\" data-tab=\"2\" role=\"tab\" tabindex=\"-1\" aria-controls=\"elementor-tab-content-1212\" aria-expanded=\"false\">   \u00c9quipe adjointe du syst\u00e8me d\u2019emploi irr\u00e9gulier<\/div>\n\t\t\t\t\t<div id=\"elementor-tab-content-1212\" class=\"elementor-tab-content elementor-clearfix\" data-tab=\"2\" role=\"tabpanel\" aria-labelledby=\"elementor-tab-title-1212\" tabindex=\"0\" hidden=\"hidden\"><table style=\"border-collapse: collapse;width: 100%;height: 216px\"><tbody><tr style=\"height: 24px;background-color: #3498db\"><td style=\"width: 12.4822%;height: 24px;text-align: center\"><span style=\"font-family: Cairo;font-size: 12pt;color: #003366\">serie<\/span><\/td><td style=\"width: 50.056%;height: 24px;text-align: center\"><span style=\"font-family: Cairo;font-size: 12pt;color: #003366\">Nom<\/span><\/td><td style=\"width: 37.4617%;height: 24px\"><span style=\"color: #003366\">T\u00e2ches<\/span><\/td><\/tr><tr style=\"height: 48px;background-color: #eeeeee\"><td style=\"width: 12.4822%;height: 48px;text-align: center\"><span style=\"font-family: Cairo;font-size: 12pt;color: #333333\">11<\/span><\/td><td style=\"width: 50.056%;height: 48px;text-align: center\"><span style=\"color: #333333\">Mme. Hayam Abd El-Jwad Abo Zaid<\/span><\/td><td style=\"width: 37.4617%\" width=\"295\"><p><span style=\"color: #333333\">Calligraphe dans l\u2019administration des affaires les dipl\u00f4m\u00e9s et \u00e9dition des certificats<\/span><\/p><\/td><\/tr><tr style=\"height: 24px\"><td style=\"width: 12.4822%;height: 24px;text-align: center\"><span style=\"font-family: Cairo;font-size: 12pt;color: #333333\">12<\/span><\/td><td style=\"width: 50.056%;height: 24px;text-align: center\"><span style=\"color: #333333\">Mle. Chaimaa Mohamed Hassany<\/span><\/td><td style=\"width: 37.4617%\" width=\"295\"><p><span style=\"color: #333333\">Calligraphe dans l\u2019administration des affaires les dipl\u00f4m\u00e9s et \u00e9dition des certificats<\/span><\/p><\/td><\/tr><tr style=\"height: 24px;background-color: #eeeeee\"><td style=\"width: 12.4822%;height: 24px;text-align: center\"><span style=\"font-family: Cairo;font-size: 12pt;color: #333333\">13<\/span><\/td><td style=\"width: 50.056%;height: 24px;text-align: center\"><span style=\"color: #333333\">Mme. Esraa Abd El-Hamid Selim<\/span><\/td><td style=\"width: 37.4617%\" width=\"295\"><p><span style=\"color: #333333\">Travaux d\u2019affaires de registration et d\u2019\u00e9tudes<\/span><\/p><\/td><\/tr><tr style=\"height: 24px\"><td style=\"width: 12.4822%;height: 24px;text-align: center\"><span style=\"font-family: Cairo;font-size: 12pt;color: #333333\">14<\/span><\/td><td style=\"width: 50.056%;height: 24px;text-align: center\"><span style=\"color: #333333\">M. Ahmed Rochdy Mostafa<\/span><\/td><td style=\"width: 37.4617%\" width=\"295\"><p><span style=\"color: #333333\">Travaux d\u2019affaires de registration et d\u2019\u00e9tudes<\/span><\/p><\/td><\/tr><tr style=\"height: 24px;background-color: #eeeeee\"><td style=\"width: 12.4822%;height: 24px\"><span style=\"font-family: Cairo;font-size: 12pt;color: #333333\">15<\/span><\/td><td style=\"width: 50.056%;height: 24px\"><span style=\"color: #333333\">Mme. Marwa Abd El-Azim Mohamed<\/span><\/td><td style=\"width: 37.4617%;height: 24px;text-align: center\"><span style=\"color: #333333\">Registration and study affairs work<\/span><\/td><\/tr><tr style=\"height: 24px\"><td style=\"width: 12.4822%;height: 24px\"><span style=\"font-family: Cairo;font-size: 12pt;color: #333333\">16<\/span><\/td><td style=\"width: 50.056%;height: 24px\"><span style=\"color: #333333\">M. Eslam Mohamed Sabry<\/span><\/td><td style=\"width: 37.4617%\" width=\"295\"><p><span style=\"color: #333333\">Travaux d\u2019affaires de registration et d\u2019\u00e9tudes<\/span><\/p><\/td><\/tr><tr style=\"height: 24px;background-color: #eeeeee\"><td style=\"width: 12.4822%;height: 24px\"><span style=\"font-family: Cairo;font-size: 12pt;color: #333333\">17<\/span><\/td><td style=\"width: 50.056%;height: 24px\"><span style=\"color: #333333\">Mme.Asmaa Sabry Al-Noor<\/span><\/td><td style=\"width: 37.4617%\" width=\"295\"><p><span style=\"color: #333333\">Travaux administratifs et secr\u00e9tariats<\/span><\/p><\/td><\/tr><\/tbody><\/table><\/div>\n\t\t\t\t\t\t\t<\/div>\n\t\t<\/div>\n\t\t\t\t<\/div>\n\t\t\t\t<\/div>\n\t\t\t\t\t<\/div>\n\t\t<\/div>\n\t\t\t\t\t<\/div>\n\t\t<\/section>\n\t\t\t\t<\/div>\n\t\t","protected":false},"excerpt":{"rendered":"<p>Groupe de travail de l\u2019administration \u00c9quipe adjointe du syst\u00e8me d\u2019emploi irr\u00e9gulier Groupe de travail de l\u2019administration \u00a0 Nom \u00a0\u00a0\u00a0\u00a0\u00a0\u00a0\u00a0\u00a0\u00a0\u00a0\u00a0\u00a0\u00a0\u00a0\u00a0\u00a0\u00a0\u00a0\u00a0\u00a0\u00a0\u00a0\u00a0\u00a0\u00a0\u00a0\u00a0\u00a0 Emploi\u00a0\u00a0\u00a0\u00a0\u00a0\u00a0\u00a0\u00a0\u00a0\u00a0\u00a0\u00a0\u00a0\u00a0 \u00a0\u00a0\u00a0\u00a0\u00a0\u00a0\u00a0\u00a0\u00a0\u00a0\u00a0\u00a0\u00a0\u00a0\u00a0 T\u00e2ches E-mail 1 Ms. Heba Eid chercheur des affaires l\u2019\u00e9ducation \u2013 directrice g\u00e9n\u00e9rale de l\u2019administration \u00a0 \u00a0Planification, l\u2019organisation, poursuivre, <a href=\"https:\/\/aswu.edu.eg\/fr\/about\/organizational-structure\/education-and-student-affairs-sector\/general-administration-of-student-affairs\/administrative-structure-general-administration-of-student-affairs\/\" class=\"read-more\">Read More &#8230;<\/a><\/p>\n<div class=\"pvc_clear\"><\/div>\n<p id=\"pvc_stats_12224\" class=\"pvc_stats all  \" data-element-id=\"12224\" style=\"\"><i class=\"pvc-stats-icon medium\" aria-hidden=\"true\"><svg aria-hidden=\"true\" focusable=\"false\" data-prefix=\"far\" data-icon=\"chart-bar\" role=\"img\" xmlns=\"http:\/\/www.w3.org\/2000\/svg\" viewBox=\"0 0 512 512\" class=\"svg-inline--fa fa-chart-bar fa-w-16 fa-2x\"><path fill=\"currentColor\" d=\"M396.8 352h22.4c6.4 0 12.8-6.4 12.8-12.8V108.8c0-6.4-6.4-12.8-12.8-12.8h-22.4c-6.4 0-12.8 6.4-12.8 12.8v230.4c0 6.4 6.4 12.8 12.8 12.8zm-192 0h22.4c6.4 0 12.8-6.4 12.8-12.8V140.8c0-6.4-6.4-12.8-12.8-12.8h-22.4c-6.4 0-12.8 6.4-12.8 12.8v198.4c0 6.4 6.4 12.8 12.8 12.8zm96 0h22.4c6.4 0 12.8-6.4 12.8-12.8V204.8c0-6.4-6.4-12.8-12.8-12.8h-22.4c-6.4 0-12.8 6.4-12.8 12.8v134.4c0 6.4 6.4 12.8 12.8 12.8zM496 400H48V80c0-8.84-7.16-16-16-16H16C7.16 64 0 71.16 0 80v336c0 17.67 14.33 32 32 32h464c8.84 0 16-7.16 16-16v-16c0-8.84-7.16-16-16-16zm-387.2-48h22.4c6.4 0 12.8-6.4 12.8-12.8v-70.4c0-6.4-6.4-12.8-12.8-12.8h-22.4c-6.4 0-12.8 6.4-12.8 12.8v70.4c0 6.4 6.4 12.8 12.8 12.8z\" class=\"\"><\/path><\/svg><\/i> <img decoding=\"async\" width=\"16\" height=\"16\" alt=\"Loading\" src=\"https:\/\/aswu.edu.eg\/fr\/wp-content\/plugins\/page-views-count\/ajax-loader-2x.gif\" border=0 \/><\/p>\n<div class=\"pvc_clear\"><\/div>\n","protected":false},"author":7,"featured_media":0,"parent":12189,"menu_order":0,"comment_status":"closed","ping_status":"closed","template":"","meta":{"footnotes":""},"rttpg_featured_image_url":null,"rttpg_author":{"display_name":"nourhan Monaam","author_link":"https:\/\/aswu.edu.eg\/fr\/author\/edr0asen\/"},"rttpg_comment":0,"rttpg_category":null,"rttpg_excerpt":"Groupe de travail de l\u2019administration \u00c9quipe adjointe du syst\u00e8me d\u2019emploi irr\u00e9gulier Groupe de travail de l\u2019administration \u00a0 Nom \u00a0\u00a0\u00a0\u00a0\u00a0\u00a0\u00a0\u00a0\u00a0\u00a0\u00a0\u00a0\u00a0\u00a0\u00a0\u00a0\u00a0\u00a0\u00a0\u00a0\u00a0\u00a0\u00a0\u00a0\u00a0\u00a0\u00a0\u00a0 Emploi\u00a0\u00a0\u00a0\u00a0\u00a0\u00a0\u00a0\u00a0\u00a0\u00a0\u00a0\u00a0\u00a0\u00a0 \u00a0\u00a0\u00a0\u00a0\u00a0\u00a0\u00a0\u00a0\u00a0\u00a0\u00a0\u00a0\u00a0\u00a0\u00a0 T\u00e2ches E-mail 1 Ms. Heba Eid chercheur des affaires l\u2019\u00e9ducation \u2013 directrice g\u00e9n\u00e9rale de l\u2019administration \u00a0 \u00a0Planification, l\u2019organisation, poursuivre, Read More ...","_links":{"self":[{"href":"https:\/\/aswu.edu.eg\/fr\/wp-json\/wp\/v2\/pages\/12224"}],"collection":[{"href":"https:\/\/aswu.edu.eg\/fr\/wp-json\/wp\/v2\/pages"}],"about":[{"href":"https:\/\/aswu.edu.eg\/fr\/wp-json\/wp\/v2\/types\/page"}],"author":[{"embeddable":true,"href":"https:\/\/aswu.edu.eg\/fr\/wp-json\/wp\/v2\/users\/7"}],"replies":[{"embeddable":true,"href":"https:\/\/aswu.edu.eg\/fr\/wp-json\/wp\/v2\/comments?post=12224"}],"version-history":[{"count":39,"href":"https:\/\/aswu.edu.eg\/fr\/wp-json\/wp\/v2\/pages\/12224\/revisions"}],"predecessor-version":[{"id":30757,"href":"https:\/\/aswu.edu.eg\/fr\/wp-json\/wp\/v2\/pages\/12224\/revisions\/30757"}],"up":[{"embeddable":true,"href":"https:\/\/aswu.edu.eg\/fr\/wp-json\/wp\/v2\/pages\/12189"}],"wp:attachment":[{"href":"https:\/\/aswu.edu.eg\/fr\/wp-json\/wp\/v2\/media?parent=12224"}],"curies":[{"name":"wp","href":"https:\/\/api.w.org\/{rel}","templated":true}]}}