{"id":12226,"date":"2022-09-15T15:49:25","date_gmt":"2022-09-15T15:49:25","guid":{"rendered":"https:\/\/aswu.edu.eg\/en\/?page_id=12226"},"modified":"2025-01-22T09:27:54","modified_gmt":"2025-01-22T09:27:54","slug":"alumni-affairs-department","status":"publish","type":"page","link":"https:\/\/aswu.edu.eg\/fr\/about\/organizational-structure\/education-and-student-affairs-sector\/general-administration-of-student-affairs\/alumni-affairs-department\/","title":{"rendered":"D\u00e9partement des affaires des diplom\u00e9s"},"content":{"rendered":"\t\t<div data-elementor-type=\"wp-page\" data-elementor-id=\"12226\" class=\"elementor elementor-12226\">\n\t\t\t\t\t\t<section class=\"elementor-section elementor-top-section elementor-element elementor-element-f485750 elementor-section-boxed elementor-section-height-default elementor-section-height-default\" data-id=\"f485750\" data-element_type=\"section\">\n\t\t\t\t\t\t<div class=\"elementor-container elementor-column-gap-default\">\n\t\t\t\t\t<div class=\"elementor-column elementor-col-33 elementor-top-column elementor-element elementor-element-55d40b2\" data-id=\"55d40b2\" data-element_type=\"column\">\n\t\t\t<div class=\"elementor-widget-wrap elementor-element-populated\">\n\t\t\t\t\t\t<div class=\"elementor-element elementor-element-7228524 elementor-widget elementor-widget-wp-widget-iksm-widget\" data-id=\"7228524\" data-element_type=\"widget\" data-widget_type=\"wp-widget-iksm-widget.default\">\n\t\t\t\t<div class=\"elementor-widget-container\">\n\t\t\t<script id=\"styles-copier-69e2998f6c1e5\">\n\t\t\t\/\/ Finding styles element\n\t        var element = document.getElementById(\"iksm-dynamic-style\");\n\t        if (!element) { \/\/ If no element (Cache plugins can remove tag), then creating a new one\n                element = document.createElement('style');\n                var head = document.getElementsByTagName(\"head\")\n                if (head && head[0]) {\n                \thead[0].appendChild(element);\n                } else {\n                  \tconsole.warn(\"Iks Menu | Error while printing styles. Please contact technical support.\");\n                }\n\t        }\n\t\t\t\/\/ Copying styles to <styles> tag\n\t        element.innerHTML += \".iksm-20486 .iksm-terms{background-color:rgba(243,243,243,1);width:210px;transition:all 400ms;animation:iks-fade-in 1000ms;}.iksm-20486 .iksm-term__inner{background-color:rgba(231,231,231,1);margin-top:3px;min-height:44px;transition:all 400ms;}.iksm-20486 .iksm-term__inner:hover{background-color:rgba(220,220,220,1);}.iksm-20486 .iksm-term--current > .iksm-term__inner{background-color:rgba(202,229,239,1);}.iksm-20486 .iksm-term__link{color:rgba(0,0,0,1);font-size:15px;line-height:15px;font-weight:400;text-align:left;text-decoration:none;padding-top:5px;padding-right:10px;padding-bottom:5px;padding-left:15px;transition:all 400ms;}.iksm-20486 .iksm-term__inner:hover .iksm-term__link{color:rgba(50,50,50,1);}.iksm-20486 .iksm-term__toggle__inner{transition:transform 400ms}.iksm-20486 .iksm-term--expanded > .iksm-term__inner > .iksm-term__toggle > .iksm-term__toggle__inner{transform:rotate(180deg);}.iksm-20486 .iksm-term__toggle{color:rgba(133,133,133,1);font-size:16px;align-self:unset;;height:25px;width:25px;margin-right:7px;transition:all 400ms;}.iksm-20486 .iksm-term__toggle:hover{color:rgba(0,0,0,1);}.iksm-20486 .iksm-term__image-container{width:30px;min-width:30px;height:30px;min-height:30px;margin-right:15px;transition:all 400ms;}.iksm-20486 .iksm-term__image{background-size:contain;background-position:center;background-repeat:no-repeat;}.iksm-20486 .iksm-term__image-container:hover{background-size:contain;background-position:center;background-repeat:no-repeat;}.iksm-20486 .iksm-term__inner:hover .iksm-term__image-container{background-size:contain;background-position:center;background-repeat:no-repeat;}.iksm-20486 .iksm-term__inner:focus .iksm-term__image-container{background-size:contain;background-position:center;background-repeat:no-repeat;}.iksm-20486 .iksm-term--current > .iksm-term__inner .iksm-term__image-container{background-size:contain;background-position:center;background-repeat:no-repeat;}.iksm-20486 .iksm-term--child .iksm-term__inner .iksm-term__image-container{background-size:contain;background-position:center;background-repeat:no-repeat;}.iksm-20486 .iksm-term--child .iksm-term__inner .iksm-term__image-container:hover{background-size:contain;background-position:center;background-repeat:no-repeat;}.iksm-20486 .iksm-term--child .iksm-term__inner .iksm-term__image-container:focus{background-size:contain;background-position:center;background-repeat:no-repeat;}.iksm-20486 .iksm-term--child.iksm-term--current > .iksm-term__inner .iksm-term__image-container{background-size:contain;background-position:center;background-repeat:no-repeat;}.iksm-20486  .iksm-term__text{flex: unset}.iksm-20486 .iksm-term__posts-count{color:rgba(133,133,133,1);font-size:16px;margin-left:12px;font-weight:400;transition:all 400ms;}\";\n\t        \/\/ Removing this script\n            var this_script = document.getElementById(\"styles-copier-69e2998f6c1e5\");\n            if (this_script) { \/\/ Cache plugins can remove tag\n\t            this_script.outerHTML = \"\";\n\t            if (this_script.parentNode) {\n\t                this_script.parentNode.removeChild(this_script);\n\t            }\n            }\n        <\/script><div id='iksm-20486' class='iksm iksm-20486 iksm-container '  data-id='20486' data-is-pro='0' data-source='menu'><div class='iksm-terms'><div class='iksm-terms-tree iksm-terms-tree--level-1 iksm-terms-tree--parents' style=''><div class=\"iksm-terms-tree__inner\">\n        <div class=\"iksm-term iksm-term--id-20482 iksm-term--parent\" data-id=\"20482\">\n            <div class=\"iksm-term__inner\" tabindex='0'>\n                <a class=\"iksm-term__link\" href='https:\/\/aswu.edu.eg\/fr\/about\/organizational-structure\/education-and-student-affairs-sector\/general-administration-of-student-affairs\/' target='_self' tabindex='-1'>\n\t\t\t\t        <span class=\"iksm-term__text\">\u00c0 propos de l&#039;administration<\/span>\n\t\t            <\/a>\n\t\t\t        <\/div>\n\t\t        <\/div>\n\n\t\t\n        <div class=\"iksm-term iksm-term--id-20474 iksm-term--parent\" data-id=\"20474\">\n            <div class=\"iksm-term__inner\" tabindex='0'>\n                <a class=\"iksm-term__link\" href='https:\/\/aswu.edu.eg\/fr\/about\/organizational-structure\/education-and-student-affairs-sector\/general-administration-of-student-affairs\/administrative-structure-general-administration-of-student-affairs\/' target='_self' tabindex='-1'>\n\t\t\t\t        <span class=\"iksm-term__text\">Structure Administrative<\/span>\n\t\t            <\/a>\n\t\t\t        <\/div>\n\t\t        <\/div>\n\n\t\t\n        <div class=\"iksm-term iksm-term--id-21049 iksm-term--parent\" data-id=\"21049\">\n            <div class=\"iksm-term__inner\" tabindex='0'>\n                <a class=\"iksm-term__link\" href='https:\/\/aswu.edu.eg\/fr\/about\/organizational-structure\/education-and-student-affairs-sector\/general-administration-of-student-affairs\/alumni-affairs-department\/' target='_self' tabindex='-1'>\n\t\t\t\t        <span class=\"iksm-term__text\">Alumni affairs adminstraion<\/span>\n\t\t            <\/a>\n\t\t\t        <\/div>\n\t\t        <\/div>\n\n\t\t\n        <div class=\"iksm-term iksm-term--id-21154 iksm-term--parent\" data-id=\"21154\">\n            <div class=\"iksm-term__inner\" tabindex='0'>\n                <a class=\"iksm-term__link\" href='https:\/\/aswu.edu.eg\/fr\/services-aswu\/student-services-aswu\/foreign-students-services\/' target='_self' tabindex='-1'>\n\t\t\t\t        <span class=\"iksm-term__text\">Foreign affairs adminstraion<\/span>\n\t\t            <\/a>\n\t\t\t        <\/div>\n\t\t        <\/div>\n\n\t\t\n        <div class=\"iksm-term iksm-term--id-21167 iksm-term--parent\" data-id=\"21167\">\n            <div class=\"iksm-term__inner\" tabindex='0'>\n                <a class=\"iksm-term__link\" href='https:\/\/aswu.edu.eg\/fr\/join-the-university\/undergraduate-admissions\/' target='_self' tabindex='-1'>\n\t\t\t\t        <span class=\"iksm-term__text\">Undergraduate admission adminstraion<\/span>\n\t\t            <\/a>\n\t\t\t        <\/div>\n\t\t        <\/div>\n\n\t\t<\/div><\/div><\/div><div id=\"iksm_data_args\" class=\"data-args\"  data-collapse_children_terms='1' data-collapse_other_terms='1' data-collapse_animation_duration='400' data-expand_animation_duration='400'><\/div><\/div>\t\t<\/div>\n\t\t\t\t<\/div>\n\t\t\t\t\t<\/div>\n\t\t<\/div>\n\t\t\t\t<div class=\"elementor-column elementor-col-66 elementor-top-column elementor-element elementor-element-6392edc\" data-id=\"6392edc\" data-element_type=\"column\">\n\t\t\t<div class=\"elementor-widget-wrap elementor-element-populated\">\n\t\t\t\t\t\t<div class=\"elementor-element elementor-element-78dd694 elementor-tabs-alignment-stretch elementor-tabs-view-horizontal elementor-widget elementor-widget-tabs\" data-id=\"78dd694\" data-element_type=\"widget\" data-widget_type=\"tabs.default\">\n\t\t\t\t<div class=\"elementor-widget-container\">\n\t\t\t\t\t<div class=\"elementor-tabs\">\n\t\t\t<div class=\"elementor-tabs-wrapper\" role=\"tablist\" >\n\t\t\t\t\t\t\t\t\t<div id=\"elementor-tab-title-1261\" class=\"elementor-tab-title elementor-tab-desktop-title\" aria-selected=\"true\" data-tab=\"1\" role=\"tab\" tabindex=\"0\" aria-controls=\"elementor-tab-content-1261\" aria-expanded=\"false\">Vision, mission,et buts<\/div>\n\t\t\t\t\t\t\t\t\t<div id=\"elementor-tab-title-1262\" class=\"elementor-tab-title elementor-tab-desktop-title\" aria-selected=\"false\" data-tab=\"2\" role=\"tab\" tabindex=\"-1\" aria-controls=\"elementor-tab-content-1262\" aria-expanded=\"false\">Structure organisationnelle <\/div>\n\t\t\t\t\t\t\t\t\t<div id=\"elementor-tab-title-1263\" class=\"elementor-tab-title elementor-tab-desktop-title\" aria-selected=\"false\" data-tab=\"3\" role=\"tab\" tabindex=\"-1\" aria-controls=\"elementor-tab-content-1263\" aria-expanded=\"false\">Ach\u00e8vements de l\u2019administration <\/div>\n\t\t\t\t\t\t\t\t\t<div id=\"elementor-tab-title-1264\" class=\"elementor-tab-title elementor-tab-desktop-title\" aria-selected=\"false\" data-tab=\"4\" role=\"tab\" tabindex=\"-1\" aria-controls=\"elementor-tab-content-1264\" aria-expanded=\"false\">D\u00e9tails de contacts<\/div>\n\t\t\t\t\t\t\t<\/div>\n\t\t\t<div class=\"elementor-tabs-content-wrapper\" role=\"tablist\" aria-orientation=\"vertical\">\n\t\t\t\t\t\t\t\t\t<div class=\"elementor-tab-title elementor-tab-mobile-title\" aria-selected=\"true\" data-tab=\"1\" role=\"tab\" tabindex=\"0\" aria-controls=\"elementor-tab-content-1261\" aria-expanded=\"false\">Vision, mission,et buts<\/div>\n\t\t\t\t\t<div id=\"elementor-tab-content-1261\" class=\"elementor-tab-content elementor-clearfix\" data-tab=\"1\" role=\"tabpanel\" aria-labelledby=\"elementor-tab-title-1261\" tabindex=\"0\" hidden=\"false\"><p><span style=\"font-size: 12pt;font-family: Cairo\"><strong><span style=\"color: #003366\">Vision:<\/span><\/strong><\/span><\/p><p><span style=\"color: #333333\">L\u2019administration des dipl\u00f4m\u00e9s \u00e0 l\u2019universit\u00e9 d\u2019Assouan vise en forme principale \u00e0 offrir tous les services pour les \u00e9tudiants dipl\u00f4m\u00e9s et travaille \u00e0 faciliter les proc\u00e9dures de leurs dipl\u00f4m\u00e9s de l\u2019universit\u00e9, puis la communication continue avec les dipl\u00f4m\u00e9s de l\u2019universit\u00e9 afin d\u2019\u00e9changer les exp\u00e9riences parmi les dipl\u00f4m\u00e9s, les \u00e9tudiants et l\u2019administration de l\u2019universit\u00e9 d\u2019\u00eatre un ambassadeur pour l\u2019universit\u00e9 au march\u00e9 du travail.<\/span><\/p><p><strong><span style=\"font-size: 12pt;font-family: Cairo;color: #003366\">Mission:<\/span><\/strong><\/p><p><span style=\"color: #333333\">Am\u00e9liorer la performance des dipl\u00f4m\u00e9s de l\u2019universit\u00e9 d\u2019Assouan, lever leurs capacit\u00e9s, d\u00e9velopper leurs comp\u00e9tences, cr\u00e9er des canaux de communication, poursuivre leurs performances, \u00e9changer les exp\u00e9riences parmi les dipl\u00f4m\u00e9s et les \u00e9tudiants, et le travail continu d\u2019am\u00e9liorer cette performance.<\/span><\/p><p><strong><span style=\"font-size: 12pt;font-family: Cairo;color: #003366\">Buts:<\/span><\/strong><\/p><ol><li><span style=\"color: #333333\">Construire des canaux de communication divers et poursuivre de fortifie la relation de dipl\u00f4m\u00e9s \u00e0 sa facult\u00e9 et son universit\u00e9.<\/span><\/li><li><span style=\"color: #333333\">Construire de data base pour les premiers dipl\u00f4m\u00e9s de l\u2019universit\u00e9.<\/span><\/li><li><span style=\"color: #333333\">Pr\u00e9pare des suggestions autour du d\u00e9veloppement de l\u2019administration des dipl\u00f4m\u00e9s \u00e0 l\u2019universit\u00e9.<\/span><\/li><li><span style=\"color: #333333\">mettre \u00e0 jour les data des dipl\u00f4m\u00e9s dans les facult\u00e9s.<\/span><\/li><li><span style=\"color: #333333\">Travail \u00e0 construire des relations ext\u00e9rieures et int\u00e9rieures distinctives pour les dipl\u00f4m\u00e9s, ce qui se refl\u00e8te positivement sur le d\u00e9veloppement de l\u2019environnement universitaire.<\/span><\/li><\/ol><\/div>\n\t\t\t\t\t\t\t\t\t<div class=\"elementor-tab-title elementor-tab-mobile-title\" aria-selected=\"false\" data-tab=\"2\" role=\"tab\" tabindex=\"-1\" aria-controls=\"elementor-tab-content-1262\" aria-expanded=\"false\">Structure organisationnelle <\/div>\n\t\t\t\t\t<div id=\"elementor-tab-content-1262\" class=\"elementor-tab-content elementor-clearfix\" data-tab=\"2\" role=\"tabpanel\" aria-labelledby=\"elementor-tab-title-1262\" tabindex=\"0\" hidden=\"hidden\"><p><span style=\"color: #333333\">Structure organisationnelle de l\u2019administration de dipl\u00f4m\u00e9s se compose de\u00a0:<\/span><\/p><table dir=\"ltr\" style=\"border-collapse: collapse;width: 100%\"><tbody><tr style=\"background-color: #3498db\"><td style=\"width: 24.5578%;text-align: center\"><span style=\"color: #003366\">Emploi \u00a0\u00a0\u00a0\u00a0\u00a0\u00a0\u00a0\u00a0\u00a0\u00a0\u00a0\u00a0\u00a0\u00a0\u00a0\u00a0\u00a0\u00a0\u00a0\u00a0\u00a0\u00a0\u00a0\u00a0\u00a0\u00a0\u00a0\u00a0\u00a0\u00a0\u00a0\u00a0\u00a0\u00a0\u00a0\u00a0\u00a0\u00a0\u00a0\u00a0\u00a0\u00a0\u00a0\u00a0\u00a0\u00a0\u00a0\u00a0\u00a0\u00a0\u00a0\u00a0\u00a0\u00a0\u00a0\u00a0\u00a0\u00a0\u00a0\u00a0\u00a0\u00a0\u00a0\u00a0\u00a0\u00a0\u00a0\u00a0\u00a0\u00a0\u00a0\u00a0<\/span><\/td><td style=\"width: 75.0166%;text-align: center\"><span style=\"color: #003366\">T\u00e2ches \u00a0\u00a0<\/span><\/td><\/tr><tr style=\"background-color: #eeeeee\"><td style=\"width: 24.5578%;text-align: left\"><span style=\"color: #333333;font-size: 17px\">Directeur de l\u2019administration des dipl\u00f4m\u00e9s\u00a0 \u00a0\u00a0\u00a0\u00a0<\/span><\/td><td style=\"width: 75.0166%\"><ul style=\"list-style-type: disc\"><li style=\"text-align: left\"><span style=\"color: #333333\">Pose de politiques et plans qui r\u00e9alisent les buts de l\u2019unit\u00e9<\/span><\/li><li style=\"text-align: left\"><span style=\"color: #333333\">Approuver les r\u00e8gles int\u00e9rieures d\u2019organiser le travail de l\u2019administration<\/span><\/li><\/ul><\/td><\/tr><tr><td style=\"width: 24.5578%\"><span style=\"color: #333333;font-size: 17px\">Officiels de dipl\u00f4m\u00e9s<\/span><\/td><td style=\"width: 75.0166%\"><ul style=\"list-style-type: disc\"><li style=\"text-align: left\"><span style=\"color: #333333\">supervision au travail \u00e0 l\u2019administration et ses affaires<\/span><\/li><li style=\"text-align: left\"><span style=\"color: #333333\">Supervision au travail \u00e0 l\u2019administration et ses affaires<\/span><\/li><li style=\"text-align: left\"><span style=\"color: #333333\">\u00a0Ex\u00e9cution les politiques et les plans qui le directeur g\u00e9n\u00e9ral pose et le directeur de l\u2019administration \u00a0<\/span><\/li><li style=\"text-align: left\"><span style=\"color: #333333\">\u00a0Communique avec les dipl\u00f4m\u00e9s \u00e0 travers le site de l\u2019universit\u00e9 et m\u00e9dias sociaux<\/span><\/li><li style=\"text-align: left\"><span style=\"color: #333333\">Superviser les employ\u00e9s du D\u00e9partement et les guider et suivre leur ex\u00e9cution des travaux qui leur sont confi\u00e9s.<\/span><\/li><li style=\"text-align: left\"><span style=\"color: #333333\">R\u00e9soudre les probl\u00e8mes ou les soumettre au directeur de l\u2019administration en cas de n\u00e9cessit\u00e9. \u00a0<\/span><\/li><li style=\"text-align: left\"><span style=\"color: #333333\">Pr\u00e9pare des rapports en derni\u00e8re de chaque ann\u00e9e universitaire sur ce qui a \u00e9t\u00e9 achev\u00e9 et ce qui n\u2019a pas \u00e9t\u00e9 achev\u00e9, en mentionnant les raisons.\u00a0\u00a0<\/span><\/li><li style=\"text-align: left\"><span style=\"color: #333333\">Contacts avec les institutions et les entreprises \u00e0 propos d\u2019employer les dipl\u00f4m\u00e9s de l\u2019universit\u00e9. \u00a0<\/span><\/li><\/ul><\/td><\/tr><tr style=\"background-color: #eeeeee\"><td style=\"width: 24.5578%\"><span style=\"color: #333333;font-size: 17px\">Calligraphes<\/span><\/td><td style=\"width: 75.0166%\"><ul style=\"list-style-type: disc\"><li style=\"text-align: left\"><span style=\"color: #333333\">R\u00e9vision \u00a0les brevets des dipl\u00f4m\u00e9s et les d\u00e9cisions minist\u00e9riel et les conformit\u00e9 aux r\u00e9sultats des diverses facult\u00e9s et les accr\u00e9dite aupr\u00e8s le prof. Dr. Pr\u00e9sident de l\u2019universit\u00e9.<\/span><\/li><li style=\"text-align: left\"><span style=\"color: #333333\">\u00c9dition, r\u00e9vision et estampage des certificats originaux pour les dipl\u00f4m\u00e9s.<\/span><\/li><li style=\"text-align: left\"><span style=\"color: #333333\">Tenue de r\u00e9union pour les membres de l\u2019administration \u00e0 l\u2019invitation du directeur une fois \u00e0 la commence de chaque semestre pour discuter le plan et distribuer les t\u00e2ches.\u00a0\u00a0\u00a0\u00a0\u00a0<\/span>\u00a0\u00a0\u00a0\u00a0\u00a0\u00a0\u00a0\u00a0\u00a0\u00a0\u00a0\u00a0\u00a0\u00a0\u00a0\u00a0\u00a0\u00a0\u00a0\u00a0\u00a0\u00a0\u00a0\u00a0\u00a0\u00a0\u00a0<\/li><\/ul><\/td><\/tr><\/tbody><\/table><\/div>\n\t\t\t\t\t\t\t\t\t<div class=\"elementor-tab-title elementor-tab-mobile-title\" aria-selected=\"false\" data-tab=\"3\" role=\"tab\" tabindex=\"-1\" aria-controls=\"elementor-tab-content-1263\" aria-expanded=\"false\">Ach\u00e8vements de l\u2019administration <\/div>\n\t\t\t\t\t<div id=\"elementor-tab-content-1263\" class=\"elementor-tab-content elementor-clearfix\" data-tab=\"3\" role=\"tabpanel\" aria-labelledby=\"elementor-tab-title-1263\" tabindex=\"0\" hidden=\"hidden\"><ul style=\"list-style-type: disc\"><li><span style=\"color: #333333\">Recevoir des projets de r\u00e9solutions minist\u00e9riels sur l\u2019attribution des dipl\u00f4mes pour les dipl\u00f4m\u00e9s des facult\u00e9s de l\u2019universit\u00e9 pour chaque r\u00f4le et les examiner afin d\u2019assurer de l\u2019int\u00e9grit\u00e9 selon l\u2019article 73 du r\u00e8glement d&#8217;ex\u00e9cution de la Loi sur le r\u00e8glement des universit\u00e9s.<\/span><\/li><li><span style=\"color: #333333\">Conservation des donn\u00e9es suffisantes sur les dipl\u00f4m\u00e9s des facult\u00e9s de l\u2019universit\u00e9 et sur leurs diverses sp\u00e9cialit\u00e9s.<\/span><\/li><li><span style=\"color: #333333\">Participation \u00e0 des \u00e9tudes et \u00e0 la recherche relative aux dipl\u00f4m\u00e9s et pr\u00e9pare les rapports n\u00e9cessaires d\u2019\u00e9valuer les r\u00e9sultats des examens qui assurent l\u2019am\u00e9lioration d\u2019elles accompagn\u00e9es d&#8217;\u00e9tudes statistiques n\u00e9cessaires.<\/span><\/li><li><span style=\"color: #333333\">R\u00e9viser les certificats de graduation originaux et temporaires, assurer l\u2019int\u00e9grit\u00e9 des donn\u00e9es \u00e9crites, prendre les processus et les accr\u00e9diter par des responsables avant de les documenter aupr\u00e8s du minist\u00e8re des Affaires \u00c9trang\u00e8res.<\/span><\/li><li><span style=\"color: #333333\">Participer \u00e0 poser diverses formes et les documents relatifs aux dipl\u00f4m\u00e9s pour les g\u00e9n\u00e9ralisations au niveau des facult\u00e9s.<\/span><\/li><li><span style=\"color: #333333\">Participer \u00e0 pr\u00e9parer technique pour le conseil des affaires et l\u2019\u00e9ducation, les \u00e9tudiants et processus, les recherches et les \u00e9tudes sur d\u00e9velopper les syst\u00e8mes et les r\u00e8glements relatifs aux dipl\u00f4m\u00e9s, et la relation parmi l\u2019universit\u00e9 et leurs dipl\u00f4m\u00e9s<\/span><\/li><li><span style=\"color: #333333\">Recevoir des demandes de renseignements sur les dipl\u00f4m\u00e9s des facult\u00e9s et y r\u00e9pondre. \u00a0\u00a0<\/span><\/li><li><span style=\"color: #333333\">Conserver des copies des r\u00e9sultats de fin d\u2019\u00e9tudes pour les facult\u00e9s universitaires comme source principale de r\u00e9f\u00e9rence.<\/span><\/li><li><span style=\"color: #333333\">Conserver des copies des d\u00e9cisions minist\u00e9rielles sur l\u2019attribution de dipl\u00f4mes par les dipl\u00f4m\u00e9s et informer les coll\u00e8ges de chacune de leurs questions respectives.<\/span><\/li><li><span style=\"color: #333333\">Documenter les examens et de certification des dipl\u00f4mes de licence et de prof. Dr Vice-pr\u00e9sidente \u00a0de l\u2019\u00e9ducation et des \u00e9tudiants<\/span><\/li><li><span style=\"color: #333333\">Ach\u00e8vement de la r\u00e9vision des dipl\u00f4mes originaux des dipl\u00f4m\u00e9s pour 2012 et jusqu\u2019\u00e0 l\u2019ann\u00e9e universitaire 2016, les rondes de mai-octobre-ao\u00fbt-janvier.<\/span><\/li><\/ul><\/div>\n\t\t\t\t\t\t\t\t\t<div class=\"elementor-tab-title elementor-tab-mobile-title\" aria-selected=\"false\" data-tab=\"4\" role=\"tab\" tabindex=\"-1\" aria-controls=\"elementor-tab-content-1264\" aria-expanded=\"false\">D\u00e9tails de contacts<\/div>\n\t\t\t\t\t<div id=\"elementor-tab-content-1264\" class=\"elementor-tab-content elementor-clearfix\" data-tab=\"4\" role=\"tabpanel\" aria-labelledby=\"elementor-tab-title-1264\" tabindex=\"0\" hidden=\"hidden\"><p><span style=\"color: #003366\"><strong>Num\u00e9ro de t\u00e9l\u00e9phone<\/strong><\/span>:<span style=\"color: #333333\"> 01157937888<\/span><\/p><p><span style=\"color: #003366\"><strong>Email<\/strong><\/span>: <span style=\"color: #333333\">Mohamed_hamed@aswu.edu.eg<\/span><\/p><\/div>\n\t\t\t\t\t\t\t<\/div>\n\t\t<\/div>\n\t\t\t\t<\/div>\n\t\t\t\t<\/div>\n\t\t\t\t\t<\/div>\n\t\t<\/div>\n\t\t\t\t\t<\/div>\n\t\t<\/section>\n\t\t\t\t<\/div>\n\t\t","protected":false},"excerpt":{"rendered":"<p>Vision, mission,et buts Structure organisationnelle Ach\u00e8vements de l\u2019administration D\u00e9tails de contacts Vision, mission,et buts Vision: L\u2019administration des dipl\u00f4m\u00e9s \u00e0 l\u2019universit\u00e9 d\u2019Assouan vise en forme principale \u00e0 offrir tous les services pour les \u00e9tudiants dipl\u00f4m\u00e9s et travaille \u00e0 faciliter les proc\u00e9dures <a href=\"https:\/\/aswu.edu.eg\/fr\/about\/organizational-structure\/education-and-student-affairs-sector\/general-administration-of-student-affairs\/alumni-affairs-department\/\" class=\"read-more\">Read More &#8230;<\/a><\/p>\n<div class=\"pvc_clear\"><\/div>\n<p id=\"pvc_stats_12226\" class=\"pvc_stats all  \" data-element-id=\"12226\" style=\"\"><i class=\"pvc-stats-icon medium\" aria-hidden=\"true\"><svg aria-hidden=\"true\" focusable=\"false\" data-prefix=\"far\" data-icon=\"chart-bar\" role=\"img\" xmlns=\"http:\/\/www.w3.org\/2000\/svg\" viewBox=\"0 0 512 512\" class=\"svg-inline--fa fa-chart-bar fa-w-16 fa-2x\"><path fill=\"currentColor\" d=\"M396.8 352h22.4c6.4 0 12.8-6.4 12.8-12.8V108.8c0-6.4-6.4-12.8-12.8-12.8h-22.4c-6.4 0-12.8 6.4-12.8 12.8v230.4c0 6.4 6.4 12.8 12.8 12.8zm-192 0h22.4c6.4 0 12.8-6.4 12.8-12.8V140.8c0-6.4-6.4-12.8-12.8-12.8h-22.4c-6.4 0-12.8 6.4-12.8 12.8v198.4c0 6.4 6.4 12.8 12.8 12.8zm96 0h22.4c6.4 0 12.8-6.4 12.8-12.8V204.8c0-6.4-6.4-12.8-12.8-12.8h-22.4c-6.4 0-12.8 6.4-12.8 12.8v134.4c0 6.4 6.4 12.8 12.8 12.8zM496 400H48V80c0-8.84-7.16-16-16-16H16C7.16 64 0 71.16 0 80v336c0 17.67 14.33 32 32 32h464c8.84 0 16-7.16 16-16v-16c0-8.84-7.16-16-16-16zm-387.2-48h22.4c6.4 0 12.8-6.4 12.8-12.8v-70.4c0-6.4-6.4-12.8-12.8-12.8h-22.4c-6.4 0-12.8 6.4-12.8 12.8v70.4c0 6.4 6.4 12.8 12.8 12.8z\" class=\"\"><\/path><\/svg><\/i> <img decoding=\"async\" width=\"16\" height=\"16\" alt=\"Loading\" src=\"https:\/\/aswu.edu.eg\/fr\/wp-content\/plugins\/page-views-count\/ajax-loader-2x.gif\" border=0 \/><\/p>\n<div class=\"pvc_clear\"><\/div>\n","protected":false},"author":7,"featured_media":0,"parent":12189,"menu_order":0,"comment_status":"closed","ping_status":"closed","template":"","meta":{"footnotes":""},"rttpg_featured_image_url":null,"rttpg_author":{"display_name":"nourhan Monaam","author_link":"https:\/\/aswu.edu.eg\/fr\/author\/edr0asen\/"},"rttpg_comment":0,"rttpg_category":null,"rttpg_excerpt":"Vision, mission,et buts Structure organisationnelle Ach\u00e8vements de l\u2019administration D\u00e9tails de contacts Vision, mission,et buts Vision: L\u2019administration des dipl\u00f4m\u00e9s \u00e0 l\u2019universit\u00e9 d\u2019Assouan vise en forme principale \u00e0 offrir tous les services pour les \u00e9tudiants dipl\u00f4m\u00e9s et travaille \u00e0 faciliter les proc\u00e9dures Read More ...","_links":{"self":[{"href":"https:\/\/aswu.edu.eg\/fr\/wp-json\/wp\/v2\/pages\/12226"}],"collection":[{"href":"https:\/\/aswu.edu.eg\/fr\/wp-json\/wp\/v2\/pages"}],"about":[{"href":"https:\/\/aswu.edu.eg\/fr\/wp-json\/wp\/v2\/types\/page"}],"author":[{"embeddable":true,"href":"https:\/\/aswu.edu.eg\/fr\/wp-json\/wp\/v2\/users\/7"}],"replies":[{"embeddable":true,"href":"https:\/\/aswu.edu.eg\/fr\/wp-json\/wp\/v2\/comments?post=12226"}],"version-history":[{"count":58,"href":"https:\/\/aswu.edu.eg\/fr\/wp-json\/wp\/v2\/pages\/12226\/revisions"}],"predecessor-version":[{"id":30810,"href":"https:\/\/aswu.edu.eg\/fr\/wp-json\/wp\/v2\/pages\/12226\/revisions\/30810"}],"up":[{"embeddable":true,"href":"https:\/\/aswu.edu.eg\/fr\/wp-json\/wp\/v2\/pages\/12189"}],"wp:attachment":[{"href":"https:\/\/aswu.edu.eg\/fr\/wp-json\/wp\/v2\/media?parent=12226"}],"curies":[{"name":"wp","href":"https:\/\/api.w.org\/{rel}","templated":true}]}}