{"id":12360,"date":"2022-09-22T10:55:58","date_gmt":"2022-09-22T10:55:58","guid":{"rendered":"https:\/\/aswu.edu.eg\/en\/?page_id=12360"},"modified":"2026-02-11T09:54:53","modified_gmt":"2026-02-11T09:54:53","slug":"reports","status":"publish","type":"page","link":"https:\/\/aswu.edu.eg\/fr\/about\/reports\/","title":{"rendered":"Rapports"},"content":{"rendered":"\t\t<div data-elementor-type=\"wp-page\" data-elementor-id=\"12360\" class=\"elementor elementor-12360\">\n\t\t\t\t\t\t<section class=\"elementor-section elementor-top-section elementor-element elementor-element-1b8cee6 elementor-section-boxed elementor-section-height-default elementor-section-height-default\" data-id=\"1b8cee6\" data-element_type=\"section\">\n\t\t\t\t\t\t<div class=\"elementor-container elementor-column-gap-default\">\n\t\t\t\t\t<div class=\"elementor-column elementor-col-50 elementor-top-column elementor-element elementor-element-f1b31e4\" data-id=\"f1b31e4\" data-element_type=\"column\">\n\t\t\t<div class=\"elementor-widget-wrap elementor-element-populated\">\n\t\t\t\t\t\t<div class=\"elementor-element elementor-element-f165398 elementor-widget elementor-widget-text-editor\" data-id=\"f165398\" data-element_type=\"widget\" data-widget_type=\"text-editor.default\">\n\t\t\t\t<div class=\"elementor-widget-container\">\n\t\t\t\t\t\t\t<div><p><span style=\"font-size: 17px;color: #333333\">Les rapports de l\u2019Universit\u00e9 d\u2019Assouan concernant ses diff\u00e9rents secteurs constituent le fondement essentiel des processus de communication, surtout \u00e0 notre \u00e9poque, o\u00f9 de bons rapports peuvent jouer un r\u00f4le crucial dans la transmission de l\u2019information et du savoir \u00e0 l\u2019entourage, en les incitant et en les encourageant \u00e0 prendre des d\u00e9cisions importantes qui servent et atteignent les objectifs de l\u2019universit\u00e9 et comprend:<\/span><\/p><\/div><div>\u00a0<\/div><ul style=\"list-style-type: disc\"><li><span style=\"font-family: Cairo;font-size: 17px;color: #333333\">Rapports du secteur des affaires \u00e9tudiantes et de l\u2019enseignement cliquez<a href=\"https:\/\/aswu.edu.eg\/fr\/about\/reports\/education-and-student-affairs-sector-reports\/\"><span style=\"color: #0000ff\"> ici<\/span>\u00a0<\/a><\/span><\/li><li><span style=\"font-family: Cairo;font-size: 17px;color: #333333\">Rapports du secteur des affaires des \u00e9tudes sup\u00e9rieures cliquez<span style=\"color: #0000ff\"><a style=\"color: #0000ff\" href=\"https:\/\/aswu.edu.eg\/fr\/about\/reports\/graduate-studies-and-research-sector-reports\/\"> <span style=\"text-decoration: underline\">ici<\/span><\/a>\u00a0<\/span><\/span><\/li><li><span style=\"font-family: Cairo;font-size: 17px;color: #333333\">Rapports du secteur du service communautaire et du d\u00e9veloppement de l\u2019environnement cliquez<span style=\"text-decoration: underline\"><span style=\"color: #0000ff;text-decoration: underline\"><a style=\"color: #0000ff;text-decoration: underline\" href=\"https:\/\/aswu.edu.eg\/fr\/about\/reports\/community-service-and-environment-development-sector-reports\/\"> ici<\/a> <\/span><\/span>\u00a0<\/span><\/li><\/ul>\t\t\t\t\t\t<\/div>\n\t\t\t\t<\/div>\n\t\t\t\t\t<\/div>\n\t\t<\/div>\n\t\t\t\t<div class=\"elementor-column elementor-col-50 elementor-top-column elementor-element elementor-element-eb304e0\" data-id=\"eb304e0\" data-element_type=\"column\">\n\t\t\t<div class=\"elementor-widget-wrap elementor-element-populated\">\n\t\t\t\t\t\t<div class=\"elementor-element elementor-element-7ce6c1c elementor-widget elementor-widget-image\" data-id=\"7ce6c1c\" data-element_type=\"widget\" data-widget_type=\"image.default\">\n\t\t\t\t<div class=\"elementor-widget-container\">\n\t\t\t\t\t\t\t\t\t\t\t\t\t<img fetchpriority=\"high\" decoding=\"async\" width=\"445\" height=\"251\" src=\"https:\/\/aswu.edu.eg\/fr\/wp-content\/uploads\/212.png\" class=\"attachment-large size-large wp-image-12365\" alt=\"\" \/>\t\t\t\t\t\t\t\t\t\t\t\t\t<\/div>\n\t\t\t\t<\/div>\n\t\t\t\t\t<\/div>\n\t\t<\/div>\n\t\t\t\t\t<\/div>\n\t\t<\/section>\n\t\t\t\t<\/div>\n\t\t","protected":false},"excerpt":{"rendered":"<p>Les rapports de l\u2019Universit\u00e9 d\u2019Assouan concernant ses diff\u00e9rents secteurs constituent le fondement essentiel des processus de communication, surtout \u00e0 notre \u00e9poque, o\u00f9 de bons rapports peuvent jouer un r\u00f4le crucial dans la transmission de l\u2019information et du savoir \u00e0 l\u2019entourage, <a href=\"https:\/\/aswu.edu.eg\/fr\/about\/reports\/\" class=\"read-more\">Read More &#8230;<\/a><\/p>\n<div class=\"pvc_clear\"><\/div>\n<p id=\"pvc_stats_12360\" class=\"pvc_stats all  \" data-element-id=\"12360\" style=\"\"><i class=\"pvc-stats-icon medium\" aria-hidden=\"true\"><svg aria-hidden=\"true\" focusable=\"false\" data-prefix=\"far\" data-icon=\"chart-bar\" role=\"img\" xmlns=\"http:\/\/www.w3.org\/2000\/svg\" viewBox=\"0 0 512 512\" class=\"svg-inline--fa fa-chart-bar fa-w-16 fa-2x\"><path fill=\"currentColor\" d=\"M396.8 352h22.4c6.4 0 12.8-6.4 12.8-12.8V108.8c0-6.4-6.4-12.8-12.8-12.8h-22.4c-6.4 0-12.8 6.4-12.8 12.8v230.4c0 6.4 6.4 12.8 12.8 12.8zm-192 0h22.4c6.4 0 12.8-6.4 12.8-12.8V140.8c0-6.4-6.4-12.8-12.8-12.8h-22.4c-6.4 0-12.8 6.4-12.8 12.8v198.4c0 6.4 6.4 12.8 12.8 12.8zm96 0h22.4c6.4 0 12.8-6.4 12.8-12.8V204.8c0-6.4-6.4-12.8-12.8-12.8h-22.4c-6.4 0-12.8 6.4-12.8 12.8v134.4c0 6.4 6.4 12.8 12.8 12.8zM496 400H48V80c0-8.84-7.16-16-16-16H16C7.16 64 0 71.16 0 80v336c0 17.67 14.33 32 32 32h464c8.84 0 16-7.16 16-16v-16c0-8.84-7.16-16-16-16zm-387.2-48h22.4c6.4 0 12.8-6.4 12.8-12.8v-70.4c0-6.4-6.4-12.8-12.8-12.8h-22.4c-6.4 0-12.8 6.4-12.8 12.8v70.4c0 6.4 6.4 12.8 12.8 12.8z\" class=\"\"><\/path><\/svg><\/i> <img decoding=\"async\" width=\"16\" height=\"16\" alt=\"Loading\" src=\"https:\/\/aswu.edu.eg\/fr\/wp-content\/plugins\/page-views-count\/ajax-loader-2x.gif\" border=0 \/><\/p>\n<div class=\"pvc_clear\"><\/div>\n","protected":false},"author":7,"featured_media":0,"parent":2313,"menu_order":0,"comment_status":"closed","ping_status":"closed","template":"","meta":{"footnotes":""},"rttpg_featured_image_url":null,"rttpg_author":{"display_name":"nourhan Monaam","author_link":"https:\/\/aswu.edu.eg\/fr\/author\/edr0asen\/"},"rttpg_comment":0,"rttpg_category":null,"rttpg_excerpt":"Les rapports de l\u2019Universit\u00e9 d\u2019Assouan concernant ses diff\u00e9rents secteurs constituent le fondement essentiel des processus de communication, surtout \u00e0 notre \u00e9poque, o\u00f9 de bons rapports peuvent jouer un r\u00f4le crucial dans la transmission de l\u2019information et du savoir \u00e0 l\u2019entourage, Read More ...","_links":{"self":[{"href":"https:\/\/aswu.edu.eg\/fr\/wp-json\/wp\/v2\/pages\/12360"}],"collection":[{"href":"https:\/\/aswu.edu.eg\/fr\/wp-json\/wp\/v2\/pages"}],"about":[{"href":"https:\/\/aswu.edu.eg\/fr\/wp-json\/wp\/v2\/types\/page"}],"author":[{"embeddable":true,"href":"https:\/\/aswu.edu.eg\/fr\/wp-json\/wp\/v2\/users\/7"}],"replies":[{"embeddable":true,"href":"https:\/\/aswu.edu.eg\/fr\/wp-json\/wp\/v2\/comments?post=12360"}],"version-history":[{"count":56,"href":"https:\/\/aswu.edu.eg\/fr\/wp-json\/wp\/v2\/pages\/12360\/revisions"}],"predecessor-version":[{"id":31493,"href":"https:\/\/aswu.edu.eg\/fr\/wp-json\/wp\/v2\/pages\/12360\/revisions\/31493"}],"up":[{"embeddable":true,"href":"https:\/\/aswu.edu.eg\/fr\/wp-json\/wp\/v2\/pages\/2313"}],"wp:attachment":[{"href":"https:\/\/aswu.edu.eg\/fr\/wp-json\/wp\/v2\/media?parent=12360"}],"curies":[{"name":"wp","href":"https:\/\/api.w.org\/{rel}","templated":true}]}}