{"id":12406,"date":"2022-09-22T11:39:10","date_gmt":"2022-09-22T11:39:10","guid":{"rendered":"https:\/\/aswu.edu.eg\/en\/?page_id=12406"},"modified":"2026-02-11T09:56:57","modified_gmt":"2026-02-11T09:56:57","slug":"community-service-and-environment-development-sector-reports","status":"publish","type":"page","link":"https:\/\/aswu.edu.eg\/fr\/about\/reports\/community-service-and-environment-development-sector-reports\/","title":{"rendered":"Rapports du secteur des affaires du service communautaire et du d\u00e9veloppement de l\u2019environnement"},"content":{"rendered":"\t\t<div data-elementor-type=\"wp-page\" data-elementor-id=\"12406\" class=\"elementor elementor-12406\">\n\t\t\t\t\t\t<section class=\"elementor-section elementor-top-section elementor-element elementor-element-8499105 elementor-section-boxed elementor-section-height-default elementor-section-height-default\" data-id=\"8499105\" data-element_type=\"section\">\n\t\t\t\t\t\t<div class=\"elementor-container elementor-column-gap-default\">\n\t\t\t\t\t<div class=\"elementor-column elementor-col-33 elementor-top-column elementor-element elementor-element-3f8209b\" data-id=\"3f8209b\" data-element_type=\"column\">\n\t\t\t<div class=\"elementor-widget-wrap elementor-element-populated\">\n\t\t\t\t\t\t<div class=\"elementor-element elementor-element-01bd097 elementor-widget elementor-widget-wp-widget-iksm-widget\" data-id=\"01bd097\" data-element_type=\"widget\" data-widget_type=\"wp-widget-iksm-widget.default\">\n\t\t\t\t<div class=\"elementor-widget-container\">\n\t\t\t<script id=\"styles-copier-69e241becc176\">\n\t\t\t\/\/ Finding styles element\n\t        var element = document.getElementById(\"iksm-dynamic-style\");\n\t        if (!element) { \/\/ If no element (Cache plugins can remove tag), then creating a new one\n                element = document.createElement('style');\n                var head = document.getElementsByTagName(\"head\")\n                if (head && head[0]) {\n                \thead[0].appendChild(element);\n                } else {\n                  \tconsole.warn(\"Iks Menu | Error while printing styles. Please contact technical support.\");\n                }\n\t        }\n\t\t\t\/\/ Copying styles to <styles> tag\n\t        element.innerHTML += \".iksm-22183 .iksm-terms{background-color:rgba(243,243,243,1);width:210px;transition:all 400ms;animation:iks-fade-in 1000ms;}.iksm-22183 .iksm-term__inner{background-color:rgba(231,231,231,1);margin-top:3px;min-height:44px;transition:all 400ms;}.iksm-22183 .iksm-term__inner:hover{background-color:rgba(220,220,220,1);}.iksm-22183 .iksm-term--current > .iksm-term__inner{background-color:rgba(202,229,239,1);}.iksm-22183 .iksm-term__link{color:rgba(0,0,0,1);font-size:15px;line-height:15px;font-weight:400;text-align:left;text-decoration:none;padding-top:5px;padding-right:10px;padding-bottom:5px;padding-left:15px;transition:all 400ms;}.iksm-22183 .iksm-term__inner:hover .iksm-term__link{color:rgba(50,50,50,1);}.iksm-22183 .iksm-term__toggle__inner{transition:transform 400ms}.iksm-22183 .iksm-term--expanded > .iksm-term__inner > .iksm-term__toggle > .iksm-term__toggle__inner{transform:rotate(180deg);}.iksm-22183 .iksm-term__toggle{color:rgba(133,133,133,1);font-size:16px;align-self:unset;;height:25px;width:25px;margin-right:7px;transition:all 400ms;}.iksm-22183 .iksm-term__toggle:hover{color:rgba(0,0,0,1);}.iksm-22183 .iksm-term__image-container{width:30px;min-width:30px;height:30px;min-height:30px;margin-right:15px;transition:all 400ms;}.iksm-22183 .iksm-term__image{background-size:contain;background-position:center;background-repeat:no-repeat;}.iksm-22183 .iksm-term__image-container:hover{background-size:contain;background-position:center;background-repeat:no-repeat;}.iksm-22183 .iksm-term__inner:hover .iksm-term__image-container{background-size:contain;background-position:center;background-repeat:no-repeat;}.iksm-22183 .iksm-term__inner:focus .iksm-term__image-container{background-size:contain;background-position:center;background-repeat:no-repeat;}.iksm-22183 .iksm-term--current > .iksm-term__inner .iksm-term__image-container{background-size:contain;background-position:center;background-repeat:no-repeat;}.iksm-22183 .iksm-term--child .iksm-term__inner .iksm-term__image-container{background-size:contain;background-position:center;background-repeat:no-repeat;}.iksm-22183 .iksm-term--child .iksm-term__inner .iksm-term__image-container:hover{background-size:contain;background-position:center;background-repeat:no-repeat;}.iksm-22183 .iksm-term--child .iksm-term__inner .iksm-term__image-container:focus{background-size:contain;background-position:center;background-repeat:no-repeat;}.iksm-22183 .iksm-term--child.iksm-term--current > .iksm-term__inner .iksm-term__image-container{background-size:contain;background-position:center;background-repeat:no-repeat;}.iksm-22183  .iksm-term__text{flex: unset}.iksm-22183 .iksm-term__posts-count{color:rgba(133,133,133,1);font-size:16px;margin-left:12px;font-weight:400;transition:all 400ms;}\";\n\t        \/\/ Removing this script\n            var this_script = document.getElementById(\"styles-copier-69e241becc176\");\n            if (this_script) { \/\/ Cache plugins can remove tag\n\t            this_script.outerHTML = \"\";\n\t            if (this_script.parentNode) {\n\t                this_script.parentNode.removeChild(this_script);\n\t            }\n            }\n        <\/script><div id='iksm-22183' class='iksm iksm-22183 iksm-container '  data-id='22183' data-is-pro='0' data-source='menu'><div class='iksm-terms'><div class='iksm-terms-tree iksm-terms-tree--level-1 iksm-terms-tree--parents' style=''><div class=\"iksm-terms-tree__inner\">\n        <div class=\"iksm-term iksm-term--id-22174 iksm-term--parent\" data-id=\"22174\">\n            <div class=\"iksm-term__inner\" tabindex='0'>\n                <a class=\"iksm-term__link\" href='https:\/\/aswu.edu.eg\/fr\/about\/organizational-structure\/community-service-and-environmental-development-sector\/general-management-of-environmental-projects\/' target='_self' tabindex='-1'>\n\t\t\t\t        <span class=\"iksm-term__text\">Administration des projets environnementaux<\/span>\n\t\t            <\/a>\n\t\t\t        <\/div>\n\t\t        <\/div>\n\n\t\t\n        <div class=\"iksm-term iksm-term--id-22181 iksm-term--parent\" data-id=\"22181\">\n            <div class=\"iksm-term__inner\" tabindex='0'>\n                <a class=\"iksm-term__link\" href='https:\/\/aswu.edu.eg\/fr\/about\/reports\/community-service-and-environment-development-sector-reports\/' target='_self' tabindex='-1'>\n\t\t\t\t        <span class=\"iksm-term__text\">Rapports du secteur<\/span>\n\t\t            <\/a>\n\t\t\t        <\/div>\n\t\t        <\/div>\n\n\t\t<\/div><\/div><\/div><div id=\"iksm_data_args\" class=\"data-args\"  data-collapse_children_terms='1' data-collapse_other_terms='1' data-collapse_animation_duration='400' data-expand_animation_duration='400'><\/div><\/div>\t\t<\/div>\n\t\t\t\t<\/div>\n\t\t\t\t\t<\/div>\n\t\t<\/div>\n\t\t\t\t<div class=\"elementor-column elementor-col-66 elementor-top-column elementor-element elementor-element-5dfccac\" data-id=\"5dfccac\" data-element_type=\"column\">\n\t\t\t<div class=\"elementor-widget-wrap elementor-element-populated\">\n\t\t\t\t\t\t<div class=\"elementor-element elementor-element-89f626f elementor-widget elementor-widget-text-editor\" data-id=\"89f626f\" data-element_type=\"widget\" data-widget_type=\"text-editor.default\">\n\t\t\t\t<div class=\"elementor-widget-container\">\n\t\t\t\t\t\t\t<p><span style=\"color: #003366;font-size: 18px\">Rapports du secteur les affaires de service la communaut\u00e9 et d\u00e9veloppement l\u2019environnement<\/span><\/p><ul style=\"list-style-type: disc\"><li><p><span style=\"text-decoration: underline\"><strong><span style=\"color: #0000ff;text-decoration: underline\"><a style=\"color: #0000ff;text-decoration: underline\" href=\"https:\/\/aswu.edu.eg\/wp-content\/uploads\/2019\/04\/Activity-of-the-Council-branch.pdf\">L\u2019activit\u00e9 de branche\u00a0 le conseil National de femmes de l\u2019ann\u00e9e universitaire 2017\/2018 cliquez ici \u00a0<\/a><\/span><\/strong><\/span><\/p><\/li><li><p><span style=\"text-decoration: underline\"><strong><span style=\"color: #0000ff;text-decoration: underline\"><a style=\"color: #0000ff;text-decoration: underline\" href=\"https:\/\/aswu.edu.eg\/wp-content\/uploads\/Achievements-of-the-Governorate2018.pdf\">Les ach\u00e8vements du secteur des affaires le secteur de service la communaut\u00e9 et d\u00e9veloppement de l\u2019environnement 2017\/2018 cliquez ici<\/a><\/span><\/strong><\/span><\/p><\/li><li><p><span style=\"text-decoration: underline\"><strong><span style=\"color: #0000ff;text-decoration: underline\"><a style=\"color: #0000ff;text-decoration: underline\" href=\"https:\/\/aswu.edu.eg\/wp-content\/uploads\/Achievements-of-the-community-service-sector-2019.pdf\">Les ach\u00e8vements du secteur des affaires le secteur de service la communaut\u00e9 et d\u00e9veloppement de l\u2019environnement 2018\/2019 cliquez ici<\/a><\/span><\/strong><\/span><\/p><\/li><li><p><span style=\"text-decoration: underline\"><strong><span style=\"color: #0000ff;text-decoration: underline\"><a style=\"color: #0000ff;text-decoration: underline\" href=\"https:\/\/aswu.edu.eg\/wp-content\/uploads\/Achievements-of-the-Community-Service-and-Environmental-Development-Affairs-Sector-2020.pdf\">Les ach\u00e8vements du secteur des affaires le secteur de service la communaut\u00e9 et d\u00e9veloppement de l\u2019environnement 2020 cliquez ici<\/a><\/span><\/strong><\/span><\/p><\/li><li><p><span style=\"text-decoration: underline\"><strong><span style=\"color: #0000ff;text-decoration: underline\"><a style=\"color: #0000ff;text-decoration: underline\" href=\"https:\/\/aswu.edu.eg\/wp-content\/uploads\/Achievements-of-the-Community-Service-and-Environmental-Development-Affairs-Sector-2021.pdf\">Les ach\u00e8vements du secteur des affaires le secteur de service la communaut\u00e9 et d\u00e9veloppement de l\u2019environnement 2021 cliquez ici<\/a><\/span><\/strong><\/span><\/p><\/li><\/ul>\t\t\t\t\t\t<\/div>\n\t\t\t\t<\/div>\n\t\t\t\t\t<\/div>\n\t\t<\/div>\n\t\t\t\t\t<\/div>\n\t\t<\/section>\n\t\t\t\t<\/div>\n\t\t","protected":false},"excerpt":{"rendered":"<p>Rapports du secteur les affaires de service la communaut\u00e9 et d\u00e9veloppement l\u2019environnement L\u2019activit\u00e9 de branche\u00a0 le conseil National de femmes de l\u2019ann\u00e9e universitaire 2017\/2018 cliquez ici \u00a0 Les ach\u00e8vements du secteur des affaires le secteur de service la communaut\u00e9 et <a href=\"https:\/\/aswu.edu.eg\/fr\/about\/reports\/community-service-and-environment-development-sector-reports\/\" class=\"read-more\">Read More &#8230;<\/a><\/p>\n<div class=\"pvc_clear\"><\/div>\n<p id=\"pvc_stats_12406\" class=\"pvc_stats all  \" data-element-id=\"12406\" style=\"\"><i class=\"pvc-stats-icon medium\" aria-hidden=\"true\"><svg aria-hidden=\"true\" focusable=\"false\" data-prefix=\"far\" data-icon=\"chart-bar\" role=\"img\" xmlns=\"http:\/\/www.w3.org\/2000\/svg\" viewBox=\"0 0 512 512\" class=\"svg-inline--fa fa-chart-bar fa-w-16 fa-2x\"><path fill=\"currentColor\" d=\"M396.8 352h22.4c6.4 0 12.8-6.4 12.8-12.8V108.8c0-6.4-6.4-12.8-12.8-12.8h-22.4c-6.4 0-12.8 6.4-12.8 12.8v230.4c0 6.4 6.4 12.8 12.8 12.8zm-192 0h22.4c6.4 0 12.8-6.4 12.8-12.8V140.8c0-6.4-6.4-12.8-12.8-12.8h-22.4c-6.4 0-12.8 6.4-12.8 12.8v198.4c0 6.4 6.4 12.8 12.8 12.8zm96 0h22.4c6.4 0 12.8-6.4 12.8-12.8V204.8c0-6.4-6.4-12.8-12.8-12.8h-22.4c-6.4 0-12.8 6.4-12.8 12.8v134.4c0 6.4 6.4 12.8 12.8 12.8zM496 400H48V80c0-8.84-7.16-16-16-16H16C7.16 64 0 71.16 0 80v336c0 17.67 14.33 32 32 32h464c8.84 0 16-7.16 16-16v-16c0-8.84-7.16-16-16-16zm-387.2-48h22.4c6.4 0 12.8-6.4 12.8-12.8v-70.4c0-6.4-6.4-12.8-12.8-12.8h-22.4c-6.4 0-12.8 6.4-12.8 12.8v70.4c0 6.4 6.4 12.8 12.8 12.8z\" class=\"\"><\/path><\/svg><\/i> <img decoding=\"async\" width=\"16\" height=\"16\" alt=\"Loading\" src=\"https:\/\/aswu.edu.eg\/fr\/wp-content\/plugins\/page-views-count\/ajax-loader-2x.gif\" border=0 \/><\/p>\n<div class=\"pvc_clear\"><\/div>\n","protected":false},"author":7,"featured_media":0,"parent":12360,"menu_order":0,"comment_status":"closed","ping_status":"closed","template":"","meta":{"footnotes":""},"rttpg_featured_image_url":null,"rttpg_author":{"display_name":"nourhan Monaam","author_link":"https:\/\/aswu.edu.eg\/fr\/author\/edr0asen\/"},"rttpg_comment":0,"rttpg_category":null,"rttpg_excerpt":"Rapports du secteur les affaires de service la communaut\u00e9 et d\u00e9veloppement l\u2019environnement L\u2019activit\u00e9 de branche\u00a0 le conseil National de femmes de l\u2019ann\u00e9e universitaire 2017\/2018 cliquez ici \u00a0 Les ach\u00e8vements du secteur des affaires le secteur de service la communaut\u00e9 et Read More ...","_links":{"self":[{"href":"https:\/\/aswu.edu.eg\/fr\/wp-json\/wp\/v2\/pages\/12406"}],"collection":[{"href":"https:\/\/aswu.edu.eg\/fr\/wp-json\/wp\/v2\/pages"}],"about":[{"href":"https:\/\/aswu.edu.eg\/fr\/wp-json\/wp\/v2\/types\/page"}],"author":[{"embeddable":true,"href":"https:\/\/aswu.edu.eg\/fr\/wp-json\/wp\/v2\/users\/7"}],"replies":[{"embeddable":true,"href":"https:\/\/aswu.edu.eg\/fr\/wp-json\/wp\/v2\/comments?post=12406"}],"version-history":[{"count":25,"href":"https:\/\/aswu.edu.eg\/fr\/wp-json\/wp\/v2\/pages\/12406\/revisions"}],"predecessor-version":[{"id":31494,"href":"https:\/\/aswu.edu.eg\/fr\/wp-json\/wp\/v2\/pages\/12406\/revisions\/31494"}],"up":[{"embeddable":true,"href":"https:\/\/aswu.edu.eg\/fr\/wp-json\/wp\/v2\/pages\/12360"}],"wp:attachment":[{"href":"https:\/\/aswu.edu.eg\/fr\/wp-json\/wp\/v2\/media?parent=12406"}],"curies":[{"name":"wp","href":"https:\/\/api.w.org\/{rel}","templated":true}]}}