{"id":13265,"date":"2022-10-10T09:05:53","date_gmt":"2022-10-10T09:05:53","guid":{"rendered":"https:\/\/aswu.edu.eg\/en\/?page_id=13265"},"modified":"2026-02-09T10:53:31","modified_gmt":"2026-02-09T10:53:31","slug":"research-unit-for-the-study-of-tropical-plants","status":"publish","type":"page","link":"https:\/\/aswu.edu.eg\/fr\/services-aswu\/community-services-aswu\/service-units-aswu\/research-unit-for-the-study-of-tropical-plants\/","title":{"rendered":"Unit\u00e9 de Recherche pour l\u2019\u00c9tude des Plantes Tropicales"},"content":{"rendered":"\t\t<div data-elementor-type=\"wp-page\" data-elementor-id=\"13265\" class=\"elementor elementor-13265\">\n\t\t\t\t\t\t<section class=\"elementor-section elementor-top-section elementor-element elementor-element-847c455 elementor-section-boxed elementor-section-height-default elementor-section-height-default\" data-id=\"847c455\" data-element_type=\"section\">\n\t\t\t\t\t\t<div class=\"elementor-container elementor-column-gap-default\">\n\t\t\t\t\t<div class=\"elementor-column elementor-col-100 elementor-top-column elementor-element elementor-element-19e8e3d\" data-id=\"19e8e3d\" data-element_type=\"column\">\n\t\t\t<div class=\"elementor-widget-wrap elementor-element-populated\">\n\t\t\t\t\t\t<div class=\"elementor-element elementor-element-8790672 elementor-widget elementor-widget-text-editor\" data-id=\"8790672\" data-element_type=\"widget\" data-widget_type=\"text-editor.default\">\n\t\t\t\t<div class=\"elementor-widget-container\">\n\t\t\t\t\t\t\t<p style=\"text-align: justify\"><span style=\"font-size: 17px;color: #333333\">L\u2019unit\u00e9 de recherche pour l\u2019\u00e9tude des plantes tropicales a \u00e9t\u00e9 inaugur\u00e9e le lundi 25 mai 2015. La partie orientale de l\u2019unit\u00e9, d\u2019une superficie d\u2019environ 2 500 m\u00e8tres carr\u00e9s, a \u00e9t\u00e9 am\u00e9nag\u00e9e et \u00e9quip\u00e9e de sept lignes d\u2019irrigation goutte-\u00e0-goutte, d\u2019une longueur de 75 m\u00e8tres chacune, et plant\u00e9e de diverses esp\u00e8ces de plantes r\u00e9sistantes \u00e0 la s\u00e9cheresse.<\/span><\/p><p style=\"text-align: left\"><span style=\"text-decoration: underline\"><span style=\"color: #003366\"><strong>Objectifs<\/strong><\/span><\/span><\/p><p style=\"text-align: left\"><br \/><span style=\"text-decoration: underline\"><strong><span style=\"color: #003366;text-decoration: underline\">L\u2019unit\u00e9 vise \u00e0 :<\/span><\/strong><\/span><\/p><ol style=\"text-align: left\"><li><span style=\"font-size: 17px;color: #333333\">Mener des recherches et des \u00e9tudes dans les domaines li\u00e9s aux plantes tropicales, \u00e0 la physiologie environnementale, \u00e0 la microbiologie, \u00e0 la biologie cellulaire, ainsi qu\u2019\u00e0 la biologie mol\u00e9culaire et g\u00e9nomique.<\/span><\/li><li><span style=\"font-size: 17px;color: #333333\">Soutenir l\u2019activit\u00e9 scientifique (\u00e9tudes de troisi\u00e8me cycle et recherche) de la facult\u00e9 et de l\u2019universit\u00e9 en formant de jeunes chercheurs aux m\u00e9thodes de la biologie mol\u00e9culaire et g\u00e9nomique dans diverses \u00e9tudes, notamment en physiologie environnementale et en \u00e9tudes des plantes tropicales.<\/span><\/li><li><span style=\"font-size: 17px;color: #333333\">Servir la communaut\u00e9 locale \u00e0 travers l\u2019application des r\u00e9sultats de la recherche li\u00e9s \u00e0 l\u2019\u00e9tude des plantes tropicales, de leurs extraits et de leurs effets m\u00e9dicinaux, ainsi que les \u00e9tudes en biologie cellulaire et en biologie mol\u00e9culaire.<\/span><\/li><li><span style=\"font-size: 17px;color: #333333\">Utiliser les technologies et m\u00e9thodes biologiques les plus r\u00e9centes afin d\u2019am\u00e9liorer l\u2019efficacit\u00e9 de la production de certaines souches de plantes tropicales.<\/span><\/li><li><span style=\"font-size: 17px;color: #333333\">Utiliser les techniques et m\u00e9thodes agricoles les plus r\u00e9centes dans le processus de production de certaines souches v\u00e9g\u00e9tales r\u00e9sistantes aux conditions climatiques difficiles.<\/span><\/li><li><span style=\"font-size: 17px;color: #333333\">Attirer des projets de recherche, qu\u2019ils soient locaux ou internationaux, int\u00e9ress\u00e9s par l\u2019\u00e9tude des plantes tropicales agricoles ou m\u00e9dicinales et de leurs extraits, ainsi que par la physiologie environnementale, la microbiologie et les \u00e9tudes en biologie mol\u00e9culaire et g\u00e9nomique, tout en leur fournissant les \u00e9tudes et recherches scientifiques n\u00e9cessaires.<\/span><\/li><li><span style=\"font-size: 17px;color: #333333\">\u00c9tablir une coop\u00e9ration scientifique entre l\u2019unit\u00e9 et les centres de recherche, les universit\u00e9s et les diff\u00e9rentes instances, tant au niveau local qu\u2019international, afin de mettre en \u0153uvre les protocoles conclus avec l\u2019Universit\u00e9 d\u2019Assouan et la Facult\u00e9 des sciences, avec la possibilit\u00e9 de conclure d\u2019autres protocoles de coop\u00e9ration avec divers organismes par l\u2019interm\u00e9diaire de l\u2019universit\u00e9.<\/span><\/li><\/ol><p style=\"text-align: left\"><strong><span style=\"color: #003366\">Structure administrative<\/span><\/strong><\/p><p style=\"text-align: left\"><span style=\"font-size: 17px;color: #333333\">Le conseil d\u2019administration de l\u2019unit\u00e9 est constitu\u00e9 sur la base de la d\u00e9cision du pr\u00e9sident de l\u2019universit\u00e9, comme suit :<\/span><\/p><ul style=\"list-style-type: disc\"><li><span style=\"color: #333333\">Pr\u00e9sident de l\u2019Universit\u00e9 \u2013 Pr\u00e9sident du conseil<\/span><\/li><li><span style=\"color: #333333\">Vice-Pr\u00e9sident pour le Service Communautaire et le D\u00e9veloppement de l\u2019Environnement \u2013 Vice-Pr\u00e9sident du conseil<\/span><\/li><li><span style=\"color: #333333\">Membre du corps acad\u00e9mique du D\u00e9partement de Botanique \u2013 Directeur de l\u2019unit\u00e9<\/span><\/li><li><span style=\"color: #333333\">Cinq membres du corps acad\u00e9mique \u2013 Membres<\/span><\/li><li><span style=\"color: #333333\">Membre charg\u00e9 des finances<\/span><\/li><\/ul><p style=\"text-align: left\"><span style=\"color: #333333\">En tenant compte de l\u2019engagement envers l\u2019Article (311) du R\u00e8glement ex\u00e9cutif de la Loi r\u00e9glementaire des universit\u00e9s n\u00b0 49 de 1972.<\/span><\/p><p data-start=\"35\" data-end=\"105\"><span style=\"color: #003366\"><strong data-start=\"35\" data-end=\"103\">R\u00e9alisations de l\u2019unit\u00e9 d\u2019\u00e9tude des plantes tropicales 2020\/2021<\/strong><\/span><\/p><p style=\"text-align: left\"><strong><span style=\"color: #003366\">Premi\u00e8rement : Activit\u00e9s de recherche :<\/span><\/strong><\/p><p style=\"text-align: left\"><span style=\"color: #333333;font-size: 17px\">Pour atteindre les objectifs repr\u00e9sent\u00e9s par la conduite de recherches et d\u2019\u00e9tudes dans les domaines li\u00e9s aux plantes des r\u00e9gions tropicales, et par le soutien \u00e0 l\u2019activit\u00e9 scientifique (\u00e9tudes de troisi\u00e8me cycle et recherche) de la facult\u00e9 et de l\u2019universit\u00e9, ainsi que le service \u00e0 la communaut\u00e9 locale \u00e0 travers l\u2019application des r\u00e9sultats de recherche relatifs \u00e0 l\u2019\u00e9tude des plantes tropicales, de leurs extraits et de leurs effets m\u00e9dicinaux, ainsi que les \u00e9tudes en biologie cellulaire et mol\u00e9culaire et leur valorisation.<\/span><\/p><p><span style=\"text-decoration: underline;color: #0000ff\"><a style=\"color: #0000ff;text-decoration: underline\" href=\"https:\/\/aswu.edu.eg\/fr\/achievements-of-the-research-unit-for-tropical-plants-study-2021-2020\/\">Pour plus de d\u00e9tails<\/a><\/span><\/p><p style=\"text-align: left\">\u00a0<\/p>\t\t\t\t\t\t<\/div>\n\t\t\t\t<\/div>\n\t\t\t\t\t<\/div>\n\t\t<\/div>\n\t\t\t\t\t<\/div>\n\t\t<\/section>\n\t\t\t\t<\/div>\n\t\t","protected":false},"excerpt":{"rendered":"<p>L\u2019unit\u00e9 de recherche pour l\u2019\u00e9tude des plantes tropicales a \u00e9t\u00e9 inaugur\u00e9e le lundi 25 mai 2015. La partie orientale de l\u2019unit\u00e9, d\u2019une superficie d\u2019environ 2 500 m\u00e8tres carr\u00e9s, a \u00e9t\u00e9 am\u00e9nag\u00e9e et \u00e9quip\u00e9e de sept lignes d\u2019irrigation goutte-\u00e0-goutte, d\u2019une longueur <a href=\"https:\/\/aswu.edu.eg\/fr\/services-aswu\/community-services-aswu\/service-units-aswu\/research-unit-for-the-study-of-tropical-plants\/\" class=\"read-more\">Read More &#8230;<\/a><\/p>\n<div class=\"pvc_clear\"><\/div>\n<p id=\"pvc_stats_13265\" class=\"pvc_stats all  \" data-element-id=\"13265\" style=\"\"><i class=\"pvc-stats-icon medium\" aria-hidden=\"true\"><svg aria-hidden=\"true\" focusable=\"false\" data-prefix=\"far\" data-icon=\"chart-bar\" role=\"img\" xmlns=\"http:\/\/www.w3.org\/2000\/svg\" viewBox=\"0 0 512 512\" class=\"svg-inline--fa fa-chart-bar fa-w-16 fa-2x\"><path fill=\"currentColor\" d=\"M396.8 352h22.4c6.4 0 12.8-6.4 12.8-12.8V108.8c0-6.4-6.4-12.8-12.8-12.8h-22.4c-6.4 0-12.8 6.4-12.8 12.8v230.4c0 6.4 6.4 12.8 12.8 12.8zm-192 0h22.4c6.4 0 12.8-6.4 12.8-12.8V140.8c0-6.4-6.4-12.8-12.8-12.8h-22.4c-6.4 0-12.8 6.4-12.8 12.8v198.4c0 6.4 6.4 12.8 12.8 12.8zm96 0h22.4c6.4 0 12.8-6.4 12.8-12.8V204.8c0-6.4-6.4-12.8-12.8-12.8h-22.4c-6.4 0-12.8 6.4-12.8 12.8v134.4c0 6.4 6.4 12.8 12.8 12.8zM496 400H48V80c0-8.84-7.16-16-16-16H16C7.16 64 0 71.16 0 80v336c0 17.67 14.33 32 32 32h464c8.84 0 16-7.16 16-16v-16c0-8.84-7.16-16-16-16zm-387.2-48h22.4c6.4 0 12.8-6.4 12.8-12.8v-70.4c0-6.4-6.4-12.8-12.8-12.8h-22.4c-6.4 0-12.8 6.4-12.8 12.8v70.4c0 6.4 6.4 12.8 12.8 12.8z\" class=\"\"><\/path><\/svg><\/i> <img decoding=\"async\" width=\"16\" height=\"16\" alt=\"Loading\" src=\"https:\/\/aswu.edu.eg\/fr\/wp-content\/plugins\/page-views-count\/ajax-loader-2x.gif\" border=0 \/><\/p>\n<div class=\"pvc_clear\"><\/div>\n","protected":false},"author":7,"featured_media":0,"parent":12128,"menu_order":0,"comment_status":"closed","ping_status":"closed","template":"","meta":{"footnotes":""},"rttpg_featured_image_url":null,"rttpg_author":{"display_name":"nourhan Monaam","author_link":"https:\/\/aswu.edu.eg\/fr\/author\/edr0asen\/"},"rttpg_comment":0,"rttpg_category":null,"rttpg_excerpt":"L\u2019unit\u00e9 de recherche pour l\u2019\u00e9tude des plantes tropicales a \u00e9t\u00e9 inaugur\u00e9e le lundi 25 mai 2015. La partie orientale de l\u2019unit\u00e9, d\u2019une superficie d\u2019environ 2 500 m\u00e8tres carr\u00e9s, a \u00e9t\u00e9 am\u00e9nag\u00e9e et \u00e9quip\u00e9e de sept lignes d\u2019irrigation goutte-\u00e0-goutte, d\u2019une longueur Read More ...","_links":{"self":[{"href":"https:\/\/aswu.edu.eg\/fr\/wp-json\/wp\/v2\/pages\/13265"}],"collection":[{"href":"https:\/\/aswu.edu.eg\/fr\/wp-json\/wp\/v2\/pages"}],"about":[{"href":"https:\/\/aswu.edu.eg\/fr\/wp-json\/wp\/v2\/types\/page"}],"author":[{"embeddable":true,"href":"https:\/\/aswu.edu.eg\/fr\/wp-json\/wp\/v2\/users\/7"}],"replies":[{"embeddable":true,"href":"https:\/\/aswu.edu.eg\/fr\/wp-json\/wp\/v2\/comments?post=13265"}],"version-history":[{"count":52,"href":"https:\/\/aswu.edu.eg\/fr\/wp-json\/wp\/v2\/pages\/13265\/revisions"}],"predecessor-version":[{"id":31446,"href":"https:\/\/aswu.edu.eg\/fr\/wp-json\/wp\/v2\/pages\/13265\/revisions\/31446"}],"up":[{"embeddable":true,"href":"https:\/\/aswu.edu.eg\/fr\/wp-json\/wp\/v2\/pages\/12128"}],"wp:attachment":[{"href":"https:\/\/aswu.edu.eg\/fr\/wp-json\/wp\/v2\/media?parent=13265"}],"curies":[{"name":"wp","href":"https:\/\/api.w.org\/{rel}","templated":true}]}}