{"id":13475,"date":"2022-10-25T10:25:41","date_gmt":"2022-10-25T10:25:41","guid":{"rendered":"http:\/\/193.227.33.90\/aswu\/en\/?page_id=13475"},"modified":"2024-04-17T08:02:55","modified_gmt":"2024-04-17T08:02:55","slug":"education","status":"publish","type":"page","link":"https:\/\/aswu.edu.eg\/fr\/education\/","title":{"rendered":"\u00c9ducation"},"content":{"rendered":"\t\t<div data-elementor-type=\"wp-page\" data-elementor-id=\"13475\" class=\"elementor elementor-13475\">\n\t\t\t\t\t\t<section class=\"elementor-section elementor-top-section elementor-element elementor-element-3cb89cb elementor-section-boxed elementor-section-height-default elementor-section-height-default\" data-id=\"3cb89cb\" data-element_type=\"section\">\n\t\t\t\t\t\t<div class=\"elementor-container elementor-column-gap-default\">\n\t\t\t\t\t<div class=\"elementor-column elementor-col-100 elementor-top-column elementor-element elementor-element-5427d3b\" data-id=\"5427d3b\" data-element_type=\"column\">\n\t\t\t<div class=\"elementor-widget-wrap elementor-element-populated\">\n\t\t\t\t\t\t<section class=\"elementor-section elementor-inner-section elementor-element elementor-element-42f5a85 elementor-section-boxed elementor-section-height-default elementor-section-height-default\" data-id=\"42f5a85\" data-element_type=\"section\">\n\t\t\t\t\t\t<div class=\"elementor-container elementor-column-gap-default\">\n\t\t\t\t\t<div class=\"elementor-column elementor-col-25 elementor-inner-column elementor-element elementor-element-90777d0\" data-id=\"90777d0\" data-element_type=\"column\">\n\t\t\t<div class=\"elementor-widget-wrap elementor-element-populated\">\n\t\t\t\t\t\t<div class=\"elementor-element elementor-element-6967527 elementor-position-top elementor-widget elementor-widget-image-box\" data-id=\"6967527\" data-element_type=\"widget\" data-widget_type=\"image-box.default\">\n\t\t\t\t<div class=\"elementor-widget-container\">\n\t\t\t<div class=\"elementor-image-box-wrapper\"><figure class=\"elementor-image-box-img\"><a href=\"https:\/\/aswu.edu.eg\/fr\/education\/child-university\/\" tabindex=\"-1\"><img fetchpriority=\"high\" decoding=\"async\" width=\"360\" height=\"240\" src=\"https:\/\/aswu.edu.eg\/fr\/wp-content\/uploads\/edu13-360x240-1.jpg\" class=\"attachment-education-hub-thumb size-education-hub-thumb wp-image-14267\" alt=\"\" \/><\/a><\/figure><div class=\"elementor-image-box-content\"><h3 class=\"elementor-image-box-title\"><a href=\"https:\/\/aswu.edu.eg\/fr\/education\/child-university\/\"> Universit\u00e9 d'enfant<\/a><\/h3><\/div><\/div>\t\t<\/div>\n\t\t\t\t<\/div>\n\t\t\t\t\t<\/div>\n\t\t<\/div>\n\t\t\t\t<div class=\"elementor-column elementor-col-25 elementor-inner-column elementor-element elementor-element-92de634\" data-id=\"92de634\" data-element_type=\"column\">\n\t\t\t<div class=\"elementor-widget-wrap elementor-element-populated\">\n\t\t\t\t\t\t<div class=\"elementor-element elementor-element-604241e elementor-position-top elementor-widget elementor-widget-image-box\" data-id=\"604241e\" data-element_type=\"widget\" data-widget_type=\"image-box.default\">\n\t\t\t\t<div class=\"elementor-widget-container\">\n\t\t\t<div class=\"elementor-image-box-wrapper\"><figure class=\"elementor-image-box-img\"><a href=\"https:\/\/aswu.edu.eg\/fr\/education\/colleges-and-institutes\/\" tabindex=\"-1\"><img decoding=\"async\" width=\"360\" height=\"240\" src=\"https:\/\/aswu.edu.eg\/fr\/wp-content\/uploads\/image-3-360x240.jpg\" class=\"attachment-education-hub-thumb size-education-hub-thumb wp-image-14307\" alt=\"\" \/><\/a><\/figure><div class=\"elementor-image-box-content\"><h3 class=\"elementor-image-box-title\"><a href=\"https:\/\/aswu.edu.eg\/fr\/education\/colleges-and-institutes\/\">Programmes de 1er cycle <\/a><\/h3><\/div><\/div>\t\t<\/div>\n\t\t\t\t<\/div>\n\t\t\t\t\t<\/div>\n\t\t<\/div>\n\t\t\t\t<div class=\"elementor-column elementor-col-25 elementor-inner-column elementor-element elementor-element-460999c\" data-id=\"460999c\" data-element_type=\"column\">\n\t\t\t<div class=\"elementor-widget-wrap elementor-element-populated\">\n\t\t\t\t\t\t<div class=\"elementor-element elementor-element-2e50e3f elementor-position-top elementor-widget elementor-widget-image-box\" data-id=\"2e50e3f\" data-element_type=\"widget\" data-widget_type=\"image-box.default\">\n\t\t\t\t<div class=\"elementor-widget-container\">\n\t\t\t<div class=\"elementor-image-box-wrapper\"><figure class=\"elementor-image-box-img\"><a href=\"https:\/\/aswu.edu.eg\/fr\/education\/postgraduate-programs\/\" tabindex=\"-1\"><img decoding=\"async\" width=\"360\" height=\"240\" src=\"https:\/\/aswu.edu.eg\/fr\/wp-content\/uploads\/image-4-360x240.jpg\" class=\"attachment-education-hub-thumb size-education-hub-thumb wp-image-14311\" alt=\"\" \/><\/a><\/figure><div class=\"elementor-image-box-content\"><h3 class=\"elementor-image-box-title\"><a href=\"https:\/\/aswu.edu.eg\/fr\/education\/postgraduate-programs\/\">Programmes  des \u00e9tudes sup\u00e9rieures   <\/a><\/h3><\/div><\/div>\t\t<\/div>\n\t\t\t\t<\/div>\n\t\t\t\t\t<\/div>\n\t\t<\/div>\n\t\t\t\t<div class=\"elementor-column elementor-col-25 elementor-inner-column elementor-element elementor-element-cbe6023\" data-id=\"cbe6023\" data-element_type=\"column\">\n\t\t\t<div class=\"elementor-widget-wrap elementor-element-populated\">\n\t\t\t\t\t\t<div class=\"elementor-element elementor-element-7215cc6 elementor-position-top elementor-widget elementor-widget-image-box\" data-id=\"7215cc6\" data-element_type=\"widget\" data-widget_type=\"image-box.default\">\n\t\t\t\t<div class=\"elementor-widget-container\">\n\t\t\t<div class=\"elementor-image-box-wrapper\"><figure class=\"elementor-image-box-img\"><a href=\"https:\/\/aswu.edu.eg\/fr\/education\/incoming-programs\/\" tabindex=\"-1\"><img loading=\"lazy\" decoding=\"async\" width=\"360\" height=\"240\" src=\"https:\/\/aswu.edu.eg\/fr\/wp-content\/uploads\/edu20-360x240.jpg\" class=\"attachment-education-hub-thumb size-education-hub-thumb wp-image-14273\" alt=\"\" \/><\/a><\/figure><div class=\"elementor-image-box-content\"><h3 class=\"elementor-image-box-title\"><a href=\"https:\/\/aswu.edu.eg\/fr\/education\/incoming-programs\/\">Programme des \u00e9tudiants \u00e9trangers  <\/a><\/h3><\/div><\/div>\t\t<\/div>\n\t\t\t\t<\/div>\n\t\t\t\t\t<\/div>\n\t\t<\/div>\n\t\t\t\t\t<\/div>\n\t\t<\/section>\n\t\t\t\t<section class=\"elementor-section elementor-inner-section elementor-element elementor-element-243f653 elementor-section-boxed elementor-section-height-default elementor-section-height-default\" data-id=\"243f653\" data-element_type=\"section\">\n\t\t\t\t\t\t<div class=\"elementor-container elementor-column-gap-default\">\n\t\t\t\t\t<div class=\"elementor-column elementor-col-25 elementor-inner-column elementor-element elementor-element-792c14e\" data-id=\"792c14e\" data-element_type=\"column\">\n\t\t\t<div class=\"elementor-widget-wrap elementor-element-populated\">\n\t\t\t\t\t\t<div class=\"elementor-element elementor-element-4f00337 elementor-position-top elementor-widget elementor-widget-image-box\" data-id=\"4f00337\" data-element_type=\"widget\" data-widget_type=\"image-box.default\">\n\t\t\t\t<div class=\"elementor-widget-container\">\n\t\t\t<div class=\"elementor-image-box-wrapper\"><figure class=\"elementor-image-box-img\"><a href=\"https:\/\/aswu.edu.eg\/fr\/education\/advanced-programs-courses\/\" tabindex=\"-1\"><img loading=\"lazy\" decoding=\"async\" width=\"360\" height=\"240\" src=\"https:\/\/aswu.edu.eg\/fr\/wp-content\/uploads\/edu11-1-360x240.jpg\" class=\"attachment-education-hub-thumb size-education-hub-thumb wp-image-14274\" alt=\"\" \/><\/a><\/figure><div class=\"elementor-image-box-content\"><h3 class=\"elementor-image-box-title\"><a href=\"https:\/\/aswu.edu.eg\/fr\/education\/advanced-programs-courses\/\">Programmes avanc\u00e9s <\/a><\/h3><\/div><\/div>\t\t<\/div>\n\t\t\t\t<\/div>\n\t\t\t\t\t<\/div>\n\t\t<\/div>\n\t\t\t\t<div class=\"elementor-column elementor-col-25 elementor-inner-column elementor-element elementor-element-d822a10\" data-id=\"d822a10\" data-element_type=\"column\">\n\t\t\t<div class=\"elementor-widget-wrap elementor-element-populated\">\n\t\t\t\t\t\t<div class=\"elementor-element elementor-element-d992a5f elementor-position-top elementor-widget elementor-widget-image-box\" data-id=\"d992a5f\" data-element_type=\"widget\" data-widget_type=\"image-box.default\">\n\t\t\t\t<div class=\"elementor-widget-container\">\n\t\t\t<div class=\"elementor-image-box-wrapper\"><figure class=\"elementor-image-box-img\"><a href=\"https:\/\/aswu.edu.eg\/fr\/education\/e-learning-aswan\/\" tabindex=\"-1\"><img loading=\"lazy\" decoding=\"async\" width=\"360\" height=\"240\" src=\"https:\/\/aswu.edu.eg\/fr\/wp-content\/uploads\/Edu10-1-360x240.jpg\" class=\"attachment-education-hub-thumb size-education-hub-thumb wp-image-14275\" alt=\"\" \/><\/a><\/figure><div class=\"elementor-image-box-content\"><h3 class=\"elementor-image-box-title\"><a href=\"https:\/\/aswu.edu.eg\/fr\/education\/e-learning-aswan\/\">Apprentissage en Ligne <\/a><\/h3><\/div><\/div>\t\t<\/div>\n\t\t\t\t<\/div>\n\t\t\t\t\t<\/div>\n\t\t<\/div>\n\t\t\t\t<div class=\"elementor-column elementor-col-25 elementor-inner-column elementor-element elementor-element-37386f2\" data-id=\"37386f2\" data-element_type=\"column\">\n\t\t\t<div class=\"elementor-widget-wrap elementor-element-populated\">\n\t\t\t\t\t\t<div class=\"elementor-element elementor-element-6d71ef6 elementor-position-top elementor-widget elementor-widget-image-box\" data-id=\"6d71ef6\" data-element_type=\"widget\" data-widget_type=\"image-box.default\">\n\t\t\t\t<div class=\"elementor-widget-container\">\n\t\t\t<div class=\"elementor-image-box-wrapper\"><figure class=\"elementor-image-box-img\"><a href=\"https:\/\/aswu.edu.eg\/fr\/education\/joint-programs\/\" tabindex=\"-1\"><img loading=\"lazy\" decoding=\"async\" width=\"300\" height=\"200\" src=\"https:\/\/aswu.edu.eg\/fr\/wp-content\/uploads\/edu15-1-3.jpg\" class=\"attachment-education-hub-thumb size-education-hub-thumb wp-image-14276\" alt=\"\" \/><\/a><\/figure><div class=\"elementor-image-box-content\"><h3 class=\"elementor-image-box-title\"><a href=\"https:\/\/aswu.edu.eg\/fr\/education\/joint-programs\/\">Programmes conjoints <\/a><\/h3><\/div><\/div>\t\t<\/div>\n\t\t\t\t<\/div>\n\t\t\t\t\t<\/div>\n\t\t<\/div>\n\t\t\t\t<div class=\"elementor-column elementor-col-25 elementor-inner-column elementor-element elementor-element-03b9e9d\" data-id=\"03b9e9d\" data-element_type=\"column\">\n\t\t\t<div class=\"elementor-widget-wrap elementor-element-populated\">\n\t\t\t\t\t\t<div class=\"elementor-element elementor-element-9ba5605 elementor-position-top elementor-widget elementor-widget-image-box\" data-id=\"9ba5605\" data-element_type=\"widget\" data-widget_type=\"image-box.default\">\n\t\t\t\t<div class=\"elementor-widget-container\">\n\t\t\t<div class=\"elementor-image-box-wrapper\"><figure class=\"elementor-image-box-img\"><a href=\"https:\/\/aswu.edu.eg\/fr\/education\/school-calendar\/\" tabindex=\"-1\"><img loading=\"lazy\" decoding=\"async\" width=\"360\" height=\"238\" src=\"https:\/\/aswu.edu.eg\/fr\/wp-content\/uploads\/edu2-360x238.jpg\" class=\"attachment-education-hub-thumb size-education-hub-thumb wp-image-14277\" alt=\"\" \/><\/a><\/figure><div class=\"elementor-image-box-content\"><h3 class=\"elementor-image-box-title\"><a href=\"https:\/\/aswu.edu.eg\/fr\/education\/school-calendar\/\">Calendrier acad\u00e9mique <\/a><\/h3><\/div><\/div>\t\t<\/div>\n\t\t\t\t<\/div>\n\t\t\t\t\t<\/div>\n\t\t<\/div>\n\t\t\t\t\t<\/div>\n\t\t<\/section>\n\t\t\t\t\t<\/div>\n\t\t<\/div>\n\t\t\t\t\t<\/div>\n\t\t<\/section>\n\t\t\t\t<\/div>\n\t\t","protected":false},"excerpt":{"rendered":"<p>Universit\u00e9 d&#8217;enfant Programmes de 1er cycle Programmes des \u00e9tudes sup\u00e9rieures Programme des \u00e9tudiants \u00e9trangers Programmes avanc\u00e9s Apprentissage en Ligne Programmes conjoints Calendrier acad\u00e9mique<\/p>\n<div class=\"pvc_clear\"><\/div>\n<p id=\"pvc_stats_13475\" class=\"pvc_stats all  \" data-element-id=\"13475\" style=\"\"><i class=\"pvc-stats-icon medium\" aria-hidden=\"true\"><svg aria-hidden=\"true\" focusable=\"false\" data-prefix=\"far\" data-icon=\"chart-bar\" role=\"img\" xmlns=\"http:\/\/www.w3.org\/2000\/svg\" viewBox=\"0 0 512 512\" class=\"svg-inline--fa fa-chart-bar fa-w-16 fa-2x\"><path fill=\"currentColor\" d=\"M396.8 352h22.4c6.4 0 12.8-6.4 12.8-12.8V108.8c0-6.4-6.4-12.8-12.8-12.8h-22.4c-6.4 0-12.8 6.4-12.8 12.8v230.4c0 6.4 6.4 12.8 12.8 12.8zm-192 0h22.4c6.4 0 12.8-6.4 12.8-12.8V140.8c0-6.4-6.4-12.8-12.8-12.8h-22.4c-6.4 0-12.8 6.4-12.8 12.8v198.4c0 6.4 6.4 12.8 12.8 12.8zm96 0h22.4c6.4 0 12.8-6.4 12.8-12.8V204.8c0-6.4-6.4-12.8-12.8-12.8h-22.4c-6.4 0-12.8 6.4-12.8 12.8v134.4c0 6.4 6.4 12.8 12.8 12.8zM496 400H48V80c0-8.84-7.16-16-16-16H16C7.16 64 0 71.16 0 80v336c0 17.67 14.33 32 32 32h464c8.84 0 16-7.16 16-16v-16c0-8.84-7.16-16-16-16zm-387.2-48h22.4c6.4 0 12.8-6.4 12.8-12.8v-70.4c0-6.4-6.4-12.8-12.8-12.8h-22.4c-6.4 0-12.8 6.4-12.8 12.8v70.4c0 6.4 6.4 12.8 12.8 12.8z\" class=\"\"><\/path><\/svg><\/i> <img loading=\"lazy\" decoding=\"async\" width=\"16\" height=\"16\" alt=\"Loading\" src=\"https:\/\/aswu.edu.eg\/fr\/wp-content\/plugins\/page-views-count\/ajax-loader-2x.gif\" border=0 \/><\/p>\n<div class=\"pvc_clear\"><\/div>\n","protected":false},"author":7,"featured_media":0,"parent":0,"menu_order":0,"comment_status":"closed","ping_status":"closed","template":"","meta":{"footnotes":""},"rttpg_featured_image_url":null,"rttpg_author":{"display_name":"nourhan Monaam","author_link":"https:\/\/aswu.edu.eg\/fr\/author\/edr0asen\/"},"rttpg_comment":0,"rttpg_category":null,"rttpg_excerpt":"Universit\u00e9 d&#8217;enfant Programmes de 1er cycle Programmes des \u00e9tudes sup\u00e9rieures Programme des \u00e9tudiants \u00e9trangers Programmes avanc\u00e9s Apprentissage en Ligne Programmes conjoints Calendrier acad\u00e9mique","_links":{"self":[{"href":"https:\/\/aswu.edu.eg\/fr\/wp-json\/wp\/v2\/pages\/13475"}],"collection":[{"href":"https:\/\/aswu.edu.eg\/fr\/wp-json\/wp\/v2\/pages"}],"about":[{"href":"https:\/\/aswu.edu.eg\/fr\/wp-json\/wp\/v2\/types\/page"}],"author":[{"embeddable":true,"href":"https:\/\/aswu.edu.eg\/fr\/wp-json\/wp\/v2\/users\/7"}],"replies":[{"embeddable":true,"href":"https:\/\/aswu.edu.eg\/fr\/wp-json\/wp\/v2\/comments?post=13475"}],"version-history":[{"count":77,"href":"https:\/\/aswu.edu.eg\/fr\/wp-json\/wp\/v2\/pages\/13475\/revisions"}],"predecessor-version":[{"id":29894,"href":"https:\/\/aswu.edu.eg\/fr\/wp-json\/wp\/v2\/pages\/13475\/revisions\/29894"}],"wp:attachment":[{"href":"https:\/\/aswu.edu.eg\/fr\/wp-json\/wp\/v2\/media?parent=13475"}],"curies":[{"name":"wp","href":"https:\/\/api.w.org\/{rel}","templated":true}]}}