{"id":13507,"date":"2022-10-25T11:02:14","date_gmt":"2022-10-25T11:02:14","guid":{"rendered":"http:\/\/193.227.33.90\/aswu\/en\/?page_id=13507"},"modified":"2023-01-23T08:10:39","modified_gmt":"2023-01-23T08:10:39","slug":"university-research-aswu","status":"publish","type":"page","link":"https:\/\/aswu.edu.eg\/fr\/research\/university-research-aswu\/","title":{"rendered":"Recherche de l&#8217;universit\u00e9"},"content":{"rendered":"\t\t<div data-elementor-type=\"wp-page\" data-elementor-id=\"13507\" class=\"elementor elementor-13507\">\n\t\t\t\t\t\t<section class=\"elementor-section elementor-top-section elementor-element elementor-element-d5cc714 elementor-section-boxed elementor-section-height-default elementor-section-height-default\" data-id=\"d5cc714\" data-element_type=\"section\">\n\t\t\t\t\t\t<div class=\"elementor-container elementor-column-gap-default\">\n\t\t\t\t\t<div class=\"elementor-column elementor-col-100 elementor-top-column elementor-element elementor-element-eec35a3\" data-id=\"eec35a3\" data-element_type=\"column\">\n\t\t\t<div class=\"elementor-widget-wrap elementor-element-populated\">\n\t\t\t\t\t\t<section class=\"elementor-section elementor-inner-section elementor-element elementor-element-ae936d3 elementor-section-boxed elementor-section-height-default elementor-section-height-default\" data-id=\"ae936d3\" data-element_type=\"section\">\n\t\t\t\t\t\t<div class=\"elementor-container elementor-column-gap-default\">\n\t\t\t\t\t<div class=\"elementor-column elementor-col-100 elementor-inner-column elementor-element elementor-element-241b58c\" data-id=\"241b58c\" data-element_type=\"column\">\n\t\t\t<div class=\"elementor-widget-wrap elementor-element-populated\">\n\t\t\t\t\t\t<div class=\"elementor-element elementor-element-d6c8b4b elementor-widget elementor-widget-text-editor\" data-id=\"d6c8b4b\" data-element_type=\"widget\" data-widget_type=\"text-editor.default\">\n\t\t\t\t<div class=\"elementor-widget-container\">\n\t\t\t\t\t\t\t<p><img fetchpriority=\"high\" decoding=\"async\" class=\"alignright wp-image-14747\" src=\"https:\/\/aswu.edu.eg\/en\/wp-content\/uploads\/Research-paper-1-pwcd361v6gqclrwrgus885rmfj55binbpfz6dwt4u0-300x150.jpg\" alt=\"\" width=\"400\" height=\"200\" \/><\/p><p style=\"text-align: justify\"><span style=\"color: #333333\">Les recherches de l\u2019universit\u00e9 d\u2019Assouan pr\u00e9parent phare d\u2019avanc\u00e9e de l\u2019universit\u00e9, qu\u2019on trouve les recherches scientifiques publient en forme des revues scientifiques les profs du domaine supervisent ses publications d\u2019\u00eatre un r\u00f4le effectif d\u2019\u00e9lever le sujet de l\u2019universit\u00e9 et sa valeur aux milieux scientifiques et \u00e9lever la valeur de l\u2019universit\u00e9 et son prestige.<\/span><br \/><span style=\"color: #333333\">O\u00f9 les sujets des recherches universitaires sont des titres sugg\u00e9r\u00e9s aux plusieurs domaines, afin de reconnaitre des id\u00e9es vari\u00e9es et choisie qu\u2019ils convient d\u2019ex\u00e9cuter les recherches demand\u00e9s, le concerne aux recherches pour les \u00e9tudiants r\u00e9cents, consid\u00e8re un important outil d\u2019\u00e9valuer ses comp\u00e9tences et ses connaissances, puis rassurant du model \u00e9ducatif pr\u00e9sent\u00e9, aussi encourage les \u00e9tudiants de lecture et la recherche sur les informations en ses sp\u00e9cialisations, qui encourage ses volont\u00e9s, \u00e9loigner les \u00e9tudiants des moyen traditionnel d\u2019\u00e9ducation, qui d\u00e9pend \u00e0 l\u2019endoctrinement, puis r\u00e9pondent aux questions des examens p\u00e9riodique et apr\u00e8s une p\u00e9riode l\u2019\u00e9tudiant oublie qu\u2019a \u00e9tudi\u00e9, qui bien s\u00fbr impact au march\u00e9 du travail et surtout en cas r\u00e9gularit\u00e9 a emploi en lien la sp\u00e9cialisation de l\u2019\u00e9tudiant et le style de recherche \u00e0 l\u2019apprendre plus profondeur d\u2019o\u00f9 les objectifs, et on mise de tableau arrang\u00e9 concerne au ex\u00e9cuter les sujets des recherches de l\u2019universit\u00e9, en fin on sugg\u00e8re des titres aux divers domaines.<\/span><\/p><p style=\"text-align: justify\"><br \/><span style=\"text-decoration: underline\"><a href=\"https:\/\/scholar.google.com.eg\/citations?view_op=view_org&amp;org=16302488250994971295&amp;hl=ar&amp;oi=io\"><span style=\"color: #0000ff;text-decoration: underline\">Les recherches de l\u2019universit\u00e9 sur le chercheur scientifique (Google scolarship)<\/span><\/a><\/span><\/p><p style=\"text-align: justify\"><span style=\"text-decoration: underline\"><span style=\"color: #0000ff;text-decoration: underline\"><a style=\"color: #0000ff;text-decoration: underline\" href=\"http:\/\/srv2.eulc.edu.eg\/eulc_v5\/libraries\/Start.aspx?fn=ExploreFTtheses&amp;ScopeID=1.&amp;LocationID=1.112.\">Les recherches de l\u2019universit\u00e9 sur ELUC<\/a><\/span><\/span><\/p>\t\t\t\t\t\t<\/div>\n\t\t\t\t<\/div>\n\t\t\t\t\t<\/div>\n\t\t<\/div>\n\t\t\t\t\t<\/div>\n\t\t<\/section>\n\t\t\t\t\t<\/div>\n\t\t<\/div>\n\t\t\t\t\t<\/div>\n\t\t<\/section>\n\t\t\t\t<\/div>\n\t\t","protected":false},"excerpt":{"rendered":"<p>Les recherches de l\u2019universit\u00e9 d\u2019Assouan pr\u00e9parent phare d\u2019avanc\u00e9e de l\u2019universit\u00e9, qu\u2019on trouve les recherches scientifiques publient en forme des revues scientifiques les profs du domaine supervisent ses publications d\u2019\u00eatre un r\u00f4le effectif d\u2019\u00e9lever le sujet de l\u2019universit\u00e9 et sa valeur <a href=\"https:\/\/aswu.edu.eg\/fr\/research\/university-research-aswu\/\" class=\"read-more\">Read More &#8230;<\/a><\/p>\n<div class=\"pvc_clear\"><\/div>\n<p id=\"pvc_stats_13507\" class=\"pvc_stats all  \" data-element-id=\"13507\" style=\"\"><i class=\"pvc-stats-icon medium\" aria-hidden=\"true\"><svg aria-hidden=\"true\" focusable=\"false\" data-prefix=\"far\" data-icon=\"chart-bar\" role=\"img\" xmlns=\"http:\/\/www.w3.org\/2000\/svg\" viewBox=\"0 0 512 512\" class=\"svg-inline--fa fa-chart-bar fa-w-16 fa-2x\"><path fill=\"currentColor\" d=\"M396.8 352h22.4c6.4 0 12.8-6.4 12.8-12.8V108.8c0-6.4-6.4-12.8-12.8-12.8h-22.4c-6.4 0-12.8 6.4-12.8 12.8v230.4c0 6.4 6.4 12.8 12.8 12.8zm-192 0h22.4c6.4 0 12.8-6.4 12.8-12.8V140.8c0-6.4-6.4-12.8-12.8-12.8h-22.4c-6.4 0-12.8 6.4-12.8 12.8v198.4c0 6.4 6.4 12.8 12.8 12.8zm96 0h22.4c6.4 0 12.8-6.4 12.8-12.8V204.8c0-6.4-6.4-12.8-12.8-12.8h-22.4c-6.4 0-12.8 6.4-12.8 12.8v134.4c0 6.4 6.4 12.8 12.8 12.8zM496 400H48V80c0-8.84-7.16-16-16-16H16C7.16 64 0 71.16 0 80v336c0 17.67 14.33 32 32 32h464c8.84 0 16-7.16 16-16v-16c0-8.84-7.16-16-16-16zm-387.2-48h22.4c6.4 0 12.8-6.4 12.8-12.8v-70.4c0-6.4-6.4-12.8-12.8-12.8h-22.4c-6.4 0-12.8 6.4-12.8 12.8v70.4c0 6.4 6.4 12.8 12.8 12.8z\" class=\"\"><\/path><\/svg><\/i> <img decoding=\"async\" width=\"16\" height=\"16\" alt=\"Loading\" src=\"https:\/\/aswu.edu.eg\/fr\/wp-content\/plugins\/page-views-count\/ajax-loader-2x.gif\" border=0 \/><\/p>\n<div class=\"pvc_clear\"><\/div>\n","protected":false},"author":7,"featured_media":0,"parent":16,"menu_order":0,"comment_status":"closed","ping_status":"closed","template":"","meta":{"footnotes":""},"rttpg_featured_image_url":null,"rttpg_author":{"display_name":"nourhan Monaam","author_link":"https:\/\/aswu.edu.eg\/fr\/author\/edr0asen\/"},"rttpg_comment":0,"rttpg_category":null,"rttpg_excerpt":"Les recherches de l\u2019universit\u00e9 d\u2019Assouan pr\u00e9parent phare d\u2019avanc\u00e9e de l\u2019universit\u00e9, qu\u2019on trouve les recherches scientifiques publient en forme des revues scientifiques les profs du domaine supervisent ses publications d\u2019\u00eatre un r\u00f4le effectif d\u2019\u00e9lever le sujet de l\u2019universit\u00e9 et sa valeur Read More ...","_links":{"self":[{"href":"https:\/\/aswu.edu.eg\/fr\/wp-json\/wp\/v2\/pages\/13507"}],"collection":[{"href":"https:\/\/aswu.edu.eg\/fr\/wp-json\/wp\/v2\/pages"}],"about":[{"href":"https:\/\/aswu.edu.eg\/fr\/wp-json\/wp\/v2\/types\/page"}],"author":[{"embeddable":true,"href":"https:\/\/aswu.edu.eg\/fr\/wp-json\/wp\/v2\/users\/7"}],"replies":[{"embeddable":true,"href":"https:\/\/aswu.edu.eg\/fr\/wp-json\/wp\/v2\/comments?post=13507"}],"version-history":[{"count":48,"href":"https:\/\/aswu.edu.eg\/fr\/wp-json\/wp\/v2\/pages\/13507\/revisions"}],"predecessor-version":[{"id":28855,"href":"https:\/\/aswu.edu.eg\/fr\/wp-json\/wp\/v2\/pages\/13507\/revisions\/28855"}],"up":[{"embeddable":true,"href":"https:\/\/aswu.edu.eg\/fr\/wp-json\/wp\/v2\/pages\/16"}],"wp:attachment":[{"href":"https:\/\/aswu.edu.eg\/fr\/wp-json\/wp\/v2\/media?parent=13507"}],"curies":[{"name":"wp","href":"https:\/\/api.w.org\/{rel}","templated":true}]}}