{"id":13509,"date":"2022-10-25T11:02:51","date_gmt":"2022-10-25T11:02:51","guid":{"rendered":"http:\/\/193.227.33.90\/aswu\/en\/?page_id=13509"},"modified":"2023-01-24T08:00:36","modified_gmt":"2023-01-24T08:00:36","slug":"workshops-and-conferences","status":"publish","type":"page","link":"https:\/\/aswu.edu.eg\/fr\/research\/workshops-and-conferences\/","title":{"rendered":"Conf\u00e9rences et Ateliers"},"content":{"rendered":"\t\t<div data-elementor-type=\"wp-page\" data-elementor-id=\"13509\" class=\"elementor elementor-13509\">\n\t\t\t\t\t\t<section class=\"elementor-section elementor-top-section elementor-element elementor-element-4fb3769 elementor-section-boxed elementor-section-height-default elementor-section-height-default\" data-id=\"4fb3769\" data-element_type=\"section\">\n\t\t\t\t\t\t<div class=\"elementor-container elementor-column-gap-default\">\n\t\t\t\t\t<div class=\"elementor-column elementor-col-50 elementor-top-column elementor-element elementor-element-8b253b1\" data-id=\"8b253b1\" data-element_type=\"column\">\n\t\t\t<div class=\"elementor-widget-wrap elementor-element-populated\">\n\t\t\t\t\t\t<div class=\"elementor-element elementor-element-e91881b elementor-widget elementor-widget-wp-widget-iksm-widget\" data-id=\"e91881b\" data-element_type=\"widget\" data-widget_type=\"wp-widget-iksm-widget.default\">\n\t\t\t\t<div class=\"elementor-widget-container\">\n\t\t\t<script id=\"styles-copier-69f347ea0fcde\">\n\t\t\t\/\/ Finding styles element\n\t        var element = document.getElementById(\"iksm-dynamic-style\");\n\t        if (!element) { \/\/ If no element (Cache plugins can remove tag), then creating a new one\n                element = document.createElement('style');\n                var head = document.getElementsByTagName(\"head\")\n                if (head && head[0]) {\n                \thead[0].appendChild(element);\n                } else {\n                  \tconsole.warn(\"Iks Menu | Error while printing styles. Please contact technical support.\");\n                }\n\t        }\n\t\t\t\/\/ Copying styles to <styles> tag\n\t        element.innerHTML += \".iksm-14345 .iksm-terms{background-color:rgba(243,243,243,1);width:200px;transition:all 400ms;animation:iks-fade-in 1000ms;}.iksm-14345 .iksm-term__inner{background-color:rgba(231,231,231,1);margin-top:3px;min-height:44px;transition:all 400ms;}.iksm-14345 .iksm-term__inner:hover{background-color:rgba(220,220,220,1);}.iksm-14345 .iksm-term--current > .iksm-term__inner{background-color:rgba(202,229,239,1);}.iksm-14345 .iksm-term__link{color:rgba(0,0,0,1);font-size:15px;line-height:15px;font-weight:400;text-align:left;text-decoration:none;padding-top:5px;padding-right:10px;padding-bottom:5px;padding-left:15px;transition:all 400ms;}.iksm-14345 .iksm-term__inner:hover .iksm-term__link{color:rgba(50,50,50,1);}.iksm-14345 .iksm-term__toggle__inner{transition:transform 400ms}.iksm-14345 .iksm-term--expanded > .iksm-term__inner > .iksm-term__toggle > .iksm-term__toggle__inner{transform:rotate(180deg);}.iksm-14345 .iksm-term__toggle{color:rgba(133,133,133,1);font-size:16px;align-self:unset;;height:25px;width:25px;margin-right:7px;transition:all 400ms;}.iksm-14345 .iksm-term__toggle:hover{color:rgba(0,0,0,1);}.iksm-14345 .iksm-term__image-container{width:30px;min-width:30px;height:30px;min-height:30px;margin-right:15px;transition:all 400ms;}.iksm-14345 .iksm-term__image{background-size:contain;background-position:center;background-repeat:no-repeat;}.iksm-14345 .iksm-term__image-container:hover{background-size:contain;background-position:center;background-repeat:no-repeat;}.iksm-14345 .iksm-term__inner:hover .iksm-term__image-container{background-size:contain;background-position:center;background-repeat:no-repeat;}.iksm-14345 .iksm-term__inner:focus .iksm-term__image-container{background-size:contain;background-position:center;background-repeat:no-repeat;}.iksm-14345 .iksm-term--current > .iksm-term__inner .iksm-term__image-container{background-size:contain;background-position:center;background-repeat:no-repeat;}.iksm-14345 .iksm-term--child .iksm-term__inner .iksm-term__image-container{background-size:contain;background-position:center;background-repeat:no-repeat;}.iksm-14345 .iksm-term--child .iksm-term__inner .iksm-term__image-container:hover{background-size:contain;background-position:center;background-repeat:no-repeat;}.iksm-14345 .iksm-term--child .iksm-term__inner .iksm-term__image-container:focus{background-size:contain;background-position:center;background-repeat:no-repeat;}.iksm-14345 .iksm-term--child.iksm-term--current > .iksm-term__inner .iksm-term__image-container{background-size:contain;background-position:center;background-repeat:no-repeat;}.iksm-14345  .iksm-term__text{flex: unset}.iksm-14345 .iksm-term__posts-count{color:rgba(133,133,133,1);font-size:16px;margin-left:12px;font-weight:400;transition:all 400ms;}\";\n\t        \/\/ Removing this script\n            var this_script = document.getElementById(\"styles-copier-69f347ea0fcde\");\n            if (this_script) { \/\/ Cache plugins can remove tag\n\t            this_script.outerHTML = \"\";\n\t            if (this_script.parentNode) {\n\t                this_script.parentNode.removeChild(this_script);\n\t            }\n            }\n        <\/script><div id='iksm-14345' class='iksm iksm-14345 iksm-container '  data-id='14345' data-is-pro='0' data-source='menu'><div class='iksm-terms'><div class='iksm-terms-tree iksm-terms-tree--level-1 iksm-terms-tree--parents' style=''><div class=\"iksm-terms-tree__inner\">\n        <div class=\"iksm-term iksm-term--id-14347 iksm-term--parent\" data-id=\"14347\">\n            <div class=\"iksm-term__inner\" tabindex='0'>\n                <a class=\"iksm-term__link\" href='https:\/\/aswu.edu.eg\/fr\/research\/workshops-and-conferences\/confernces\/' target='_self' tabindex='-1'>\n\t\t\t\t        <span class=\"iksm-term__text\">Conf\u00e9rence<\/span>\n\t\t            <\/a>\n\t\t\t        <\/div>\n\t\t        <\/div>\n\n\t\t\n        <div class=\"iksm-term iksm-term--id-14346 iksm-term--parent\" data-id=\"14346\">\n            <div class=\"iksm-term__inner\" tabindex='0'>\n                <a class=\"iksm-term__link\" href='https:\/\/aswu.edu.eg\/fr\/research\/workshops-and-conferences\/workshops-aswu\/' target='_self' tabindex='-1'>\n\t\t\t\t        <span class=\"iksm-term__text\">Ateliers<\/span>\n\t\t            <\/a>\n\t\t\t        <\/div>\n\t\t        <\/div>\n\n\t\t<\/div><\/div><\/div><div id=\"iksm_data_args\" class=\"data-args\"  data-collapse_children_terms='1' data-collapse_other_terms='1' data-collapse_animation_duration='400' data-expand_animation_duration='400'><\/div><\/div>\t\t<\/div>\n\t\t\t\t<\/div>\n\t\t\t\t\t<\/div>\n\t\t<\/div>\n\t\t\t\t<div class=\"elementor-column elementor-col-50 elementor-top-column elementor-element elementor-element-ad0572d\" data-id=\"ad0572d\" data-element_type=\"column\">\n\t\t\t<div class=\"elementor-widget-wrap elementor-element-populated\">\n\t\t\t\t\t\t<section class=\"elementor-section elementor-inner-section elementor-element elementor-element-b988179 elementor-section-boxed elementor-section-height-default elementor-section-height-default\" data-id=\"b988179\" data-element_type=\"section\">\n\t\t\t\t\t\t<div class=\"elementor-container elementor-column-gap-default\">\n\t\t\t\t\t<div class=\"elementor-column elementor-col-100 elementor-inner-column elementor-element elementor-element-b39fd09\" data-id=\"b39fd09\" data-element_type=\"column\">\n\t\t\t<div class=\"elementor-widget-wrap elementor-element-populated\">\n\t\t\t\t\t\t<div class=\"elementor-element elementor-element-99dd655 elementor-widget elementor-widget-text-editor\" data-id=\"99dd655\" data-element_type=\"widget\" data-widget_type=\"text-editor.default\">\n\t\t\t\t<div class=\"elementor-widget-container\">\n\t\t\t\t\t\t\t<p dir=\"ltr\"><img fetchpriority=\"high\" decoding=\"async\" class=\"size-medium wp-image-14355 alignright\" src=\"https:\/\/aswu.edu.eg\/en\/wp-content\/uploads\/event-image-scaled-1-300x200.jpg\" alt=\"\" width=\"300\" height=\"200\" \/><\/p><p style=\"text-align: justify\"><span style=\"color: #333333\">Les conf\u00e9rences scientifiques et ateliers sont d\u00e9finis comme une rencontre qui a lieu entre du groupe individuel et au sp\u00e9cifique domaine et continu pour beaucoup de heurs pendant l\u2019exp\u00e9rience et \u00e9change des id\u00e9es et opinions dont pr\u00e9sent\u00e9s au sp\u00e9cifique domaine. L\u2019atelier est consid\u00e9r\u00e9 comme un id\u00e9al \u00e9v\u00e9nement \u00e0 travers recherche l\u2019envisage au sp\u00e9cifique domaine sont surmont\u00e9s et compl\u00e9taient les manques d\u2019arriver \u00e0 l&#8217;id\u00e9ale solution ou une unique et compl\u00e8te hypoth\u00e8se.<\/span><\/p><p><span style=\"color: #003366\"><strong>Conf\u00e9rences et ateliers offret rang\u00e9 de b\u00e9n\u00e9fice des participants en et d\u2019ils :\u00a0<\/strong><\/span><\/p><ul style=\"list-style-type: circle\"><li style=\"text-align: justify\"><span style=\"color: #333333\">orientation des id\u00e9es envers le distinctif sujet que sont inconscients, introduit lui pour le domaine de mani\u00e8re grave et cr\u00e9er d&#8217;atmosph\u00e8re coop\u00e9rative parmi l\u2019audience qui fortifie les relations sociales et ouvertes des horizons de coop\u00e9ration scientifique en l\u2019avenir parmi eux.<\/span><\/li><li style=\"text-align: justify\"><span style=\"color: #333333\">Encourage acceptation des opinions et respect l\u2019autre opinion et ach\u00e8ve d\u2019une atmosph\u00e8re d\u2019\u00e9galit\u00e9 entre l\u2019audience de la part scientifique et sociable.<\/span><\/li><li style=\"text-align: justify\"><span style=\"color: #333333\">Le b\u00e9n\u00e9fice des exp\u00e9riences des participants et \u00e9lever le niveau cognitif.<\/span><\/li><li style=\"text-align: justify\"><span style=\"color: #333333\">\u00a0La confiance de soi-m\u00eame et fortifie la personnalit\u00e9 et charge de responsabilit\u00e9. \u00a0\u00a0\u00a0\u00a0\u00a0\u00a0\u00a0<\/span>\u00a0\u00a0\u00a0\u00a0\u00a0\u00a0\u00a0\u00a0\u00a0<\/li><\/ul>\t\t\t\t\t\t<\/div>\n\t\t\t\t<\/div>\n\t\t\t\t\t<\/div>\n\t\t<\/div>\n\t\t\t\t\t<\/div>\n\t\t<\/section>\n\t\t\t\t\t<\/div>\n\t\t<\/div>\n\t\t\t\t\t<\/div>\n\t\t<\/section>\n\t\t\t\t<\/div>\n\t\t","protected":false},"excerpt":{"rendered":"<p>Les conf\u00e9rences scientifiques et ateliers sont d\u00e9finis comme une rencontre qui a lieu entre du groupe individuel et au sp\u00e9cifique domaine et continu pour beaucoup de heurs pendant l\u2019exp\u00e9rience et \u00e9change des id\u00e9es et opinions dont pr\u00e9sent\u00e9s au sp\u00e9cifique domaine. <a href=\"https:\/\/aswu.edu.eg\/fr\/research\/workshops-and-conferences\/\" class=\"read-more\">Read More &#8230;<\/a><\/p>\n<div class=\"pvc_clear\"><\/div>\n<p id=\"pvc_stats_13509\" class=\"pvc_stats all  \" data-element-id=\"13509\" style=\"\"><i class=\"pvc-stats-icon medium\" aria-hidden=\"true\"><svg aria-hidden=\"true\" focusable=\"false\" data-prefix=\"far\" data-icon=\"chart-bar\" role=\"img\" xmlns=\"http:\/\/www.w3.org\/2000\/svg\" viewBox=\"0 0 512 512\" class=\"svg-inline--fa fa-chart-bar fa-w-16 fa-2x\"><path fill=\"currentColor\" d=\"M396.8 352h22.4c6.4 0 12.8-6.4 12.8-12.8V108.8c0-6.4-6.4-12.8-12.8-12.8h-22.4c-6.4 0-12.8 6.4-12.8 12.8v230.4c0 6.4 6.4 12.8 12.8 12.8zm-192 0h22.4c6.4 0 12.8-6.4 12.8-12.8V140.8c0-6.4-6.4-12.8-12.8-12.8h-22.4c-6.4 0-12.8 6.4-12.8 12.8v198.4c0 6.4 6.4 12.8 12.8 12.8zm96 0h22.4c6.4 0 12.8-6.4 12.8-12.8V204.8c0-6.4-6.4-12.8-12.8-12.8h-22.4c-6.4 0-12.8 6.4-12.8 12.8v134.4c0 6.4 6.4 12.8 12.8 12.8zM496 400H48V80c0-8.84-7.16-16-16-16H16C7.16 64 0 71.16 0 80v336c0 17.67 14.33 32 32 32h464c8.84 0 16-7.16 16-16v-16c0-8.84-7.16-16-16-16zm-387.2-48h22.4c6.4 0 12.8-6.4 12.8-12.8v-70.4c0-6.4-6.4-12.8-12.8-12.8h-22.4c-6.4 0-12.8 6.4-12.8 12.8v70.4c0 6.4 6.4 12.8 12.8 12.8z\" class=\"\"><\/path><\/svg><\/i> <img decoding=\"async\" width=\"16\" height=\"16\" alt=\"Loading\" src=\"https:\/\/aswu.edu.eg\/fr\/wp-content\/plugins\/page-views-count\/ajax-loader-2x.gif\" border=0 \/><\/p>\n<div class=\"pvc_clear\"><\/div>\n","protected":false},"author":7,"featured_media":0,"parent":16,"menu_order":0,"comment_status":"closed","ping_status":"closed","template":"","meta":{"footnotes":""},"rttpg_featured_image_url":null,"rttpg_author":{"display_name":"nourhan Monaam","author_link":"https:\/\/aswu.edu.eg\/fr\/author\/edr0asen\/"},"rttpg_comment":0,"rttpg_category":null,"rttpg_excerpt":"Les conf\u00e9rences scientifiques et ateliers sont d\u00e9finis comme une rencontre qui a lieu entre du groupe individuel et au sp\u00e9cifique domaine et continu pour beaucoup de heurs pendant l\u2019exp\u00e9rience et \u00e9change des id\u00e9es et opinions dont pr\u00e9sent\u00e9s au sp\u00e9cifique domaine. Read More ...","_links":{"self":[{"href":"https:\/\/aswu.edu.eg\/fr\/wp-json\/wp\/v2\/pages\/13509"}],"collection":[{"href":"https:\/\/aswu.edu.eg\/fr\/wp-json\/wp\/v2\/pages"}],"about":[{"href":"https:\/\/aswu.edu.eg\/fr\/wp-json\/wp\/v2\/types\/page"}],"author":[{"embeddable":true,"href":"https:\/\/aswu.edu.eg\/fr\/wp-json\/wp\/v2\/users\/7"}],"replies":[{"embeddable":true,"href":"https:\/\/aswu.edu.eg\/fr\/wp-json\/wp\/v2\/comments?post=13509"}],"version-history":[{"count":46,"href":"https:\/\/aswu.edu.eg\/fr\/wp-json\/wp\/v2\/pages\/13509\/revisions"}],"predecessor-version":[{"id":28875,"href":"https:\/\/aswu.edu.eg\/fr\/wp-json\/wp\/v2\/pages\/13509\/revisions\/28875"}],"up":[{"embeddable":true,"href":"https:\/\/aswu.edu.eg\/fr\/wp-json\/wp\/v2\/pages\/16"}],"wp:attachment":[{"href":"https:\/\/aswu.edu.eg\/fr\/wp-json\/wp\/v2\/media?parent=13509"}],"curies":[{"name":"wp","href":"https:\/\/api.w.org\/{rel}","templated":true}]}}