{"id":13525,"date":"2022-10-25T11:07:24","date_gmt":"2022-10-25T11:07:24","guid":{"rendered":"http:\/\/193.227.33.90\/aswu\/en\/?page_id=13525"},"modified":"2023-05-16T09:57:25","modified_gmt":"2023-05-16T09:57:25","slug":"masar","status":"publish","type":"page","link":"https:\/\/aswu.edu.eg\/fr\/innovation\/masar\/","title":{"rendered":"Foundation de Masar"},"content":{"rendered":"<p><img decoding=\"async\" class=\"aligncenter\" src=\"https:\/\/aswu.edu.eg\/en\/wp-content\/uploads\/masar.png\" alt=\"\" width=\"300\" height=\"132\" \/><\/p>\n<p>&nbsp;<\/p>\n<p style=\"text-align: justify\"><span style=\"color: #333333\">Programme de Masar d\u2019entrepreneuriat a d\u00e9sign\u00e9 par experts d\u2019Inroot du d\u00e9veloppement afin de fortifier le secteur des projets naissants et les liens aux marches et chaines de valeur et sensibilisation \u00e0 entrepreneuriat et coordonne les efforts d\u00e9ploy\u00e9s \u00e0 la communaut\u00e9 d\u2019entrepreneuriat en Haute-Egypte conform\u00e9ment \u00e0 la vision d\u2019Egypte 2030.<\/span><\/p>\n<p style=\"text-align: justify\"><span style=\"color: #333333\">De plus d\u2019informations<\/span> <span style=\"text-decoration: underline\"><span style=\"color: #0000ff;text-decoration: underline\"><a style=\"color: #0000ff;text-decoration: underline\" href=\"https:\/\/www.facebook.com\/Masaarprogram\">d\u2019ici<\/a><\/span><\/span><\/p>\n<table style=\"width: 95.7122%;height: 816px\">\n<tbody>\n<tr style=\"background-color: #2c61d4\">\n<td style=\"width: 24.5791%;text-align: center;height: 47px\" width=\"142\"><span style=\"color: #ffffff;font-size: 12pt\">D\u00e9tails du projet<\/span><\/td>\n<td style=\"width: 24.5791%;text-align: center;height: 47px\" width=\"142\"><span style=\"color: #ffffff;font-size: 12pt;font-family: Cairo\">Les services pr\u00e9sent\u00e9s<\/span><\/td>\n<td style=\"width: 25.8766%;text-align: center;height: 47px\" width=\"120\"><span style=\"color: #ffffff;font-size: 12pt\">\u00a0\u00a0\u00a0Les projets ont incub\u00e9<\/span><\/td>\n<td style=\"width: 53.4075%;text-align: center;height: 47px\" width=\"164\">\n<p style=\"text-align: justify\"><span style=\"color: #ffffff\">Les \u00e9v\u00e9nements document\u00e9s en images et d\u00e9tails<\/span><\/p>\n<\/td>\n<\/tr>\n<tr style=\"height: 784px\">\n<td style=\"width: 24.5791%;height: 769px\" width=\"142\">\n<p style=\"text-align: justify\"><span style=\"color: #333333;font-size: 12pt\">Masar est un programme d\u2019entrepreneuriat des jeunes soigner plusieurs des obstacles urgents en Haute-Egypte bas\u00e9 aux objectifs du d\u00e9veloppement des Nations Unis.<\/span><\/p>\n<p style=\"text-align: justify\"><span style=\"color: #333333;font-size: 12pt\">En g\u00e9n\u00e9ral, les titulaires de ces postes faits face \u00e0 la r\u00e9gion- et les autres r\u00e9gions du paysage- les obstacles repr\u00e9sentent taux de ch\u00f4mage \u00e9lev\u00e9 et insuffisance les chances du travail convenable au march\u00e9 du travail depuis son lancement 2018, Masar a concentr\u00e9 \u00e0 soigner les points faibles \u00e0 travers augmenter les entrepreneuriats avec les comp\u00e9tences n\u00e9cessaires d\u2019entrepreneuriat et les comp\u00e9tences techniques.<\/span><\/p>\n<p style=\"text-align: justify\"><span style=\"color: #333333;font-size: 12pt\">Ces activit\u00e9s aident \u00e0 d\u00e9velopper les id\u00e9es du travail \u00e0 mieux, la croissance et am\u00e9liore les projets commerciaux actuels, et \u00e9largissement leurs r\u00e9seaux \u00e0 travers la liaison au march\u00e9 et chaines de valeur.<\/span><\/p>\n<\/td>\n<td style=\"width: 24.5791%;height: 769px\" width=\"142\">\n<ol>\n<li style=\"text-align: justify\"><span style=\"color: #333333;font-size: 12pt\">Incubateurs d\u2019entreprises aux divers gouvernorats (Assouan- Louxor-Sohag- Qena- Assiout).<\/span><\/li>\n<li style=\"text-align: justify\"><span style=\"color: #333333;font-size: 12pt\">Unit\u00e9s des services de d\u00e9velopper les travaux.<\/span><\/li>\n<li style=\"text-align: justify\"><span style=\"color: #333333;font-size: 12pt\">Entrainements sur entrepreneuriat et plans du travail.<\/span><\/li>\n<li style=\"text-align: justify\"><span style=\"color: #333333;font-size: 12pt\">Les aides aux proc\u00e9dures juridiques sp\u00e9ciaux aux entreprises naissantes.<\/span><\/li>\n<li style=\"text-align: justify\"><span style=\"color: #333333;font-size: 12pt\">Visites civiles et l\u2019aide \u00e0 networking avec les march\u00e9s <\/span><\/li>\n<\/ol>\n<\/td>\n<td style=\"width: 25.8766%;height: 769px;text-align: left\" width=\"120\">\n<ol>\n<li><span style=\"color: #333333;font-size: 12pt\">Sana pour dates.<\/span><\/li>\n<li><span style=\"color: #333333;font-size: 12pt\">Parfum de nature.<\/span><\/li>\n<li><span style=\"color: #333333;font-size: 12pt\">Nobty pour repas.<\/span><\/li>\n<li><span style=\"color: #333333;font-size: 12pt\">Assouan Skip.<\/span><\/li>\n<li><span style=\"color: #333333;font-size: 12pt\">Fanty Fed.<\/span><\/li>\n<li><span style=\"color: #333333;font-size: 12pt\">El-Rabeea pour fourrage.<\/span><\/li>\n<li><span style=\"color: #333333;font-size: 12pt\">Rosa Assouan.<\/span><\/li>\n<li><span style=\"color: #333333;font-size: 12pt\">Makani store.<\/span><\/li>\n<li><span style=\"color: #333333\">Fibres<\/span><\/li>\n<li><span style=\"color: #333333\">Sankor<\/span><\/li>\n<li><span style=\"color: #333333\">Galaxie<\/span><\/li>\n<li><span style=\"color: #333333;font-size: 12pt\">Koly Gall\u00e9rie.<\/span><\/li>\n<li><span style=\"color: #333333;font-size: 12pt\">Koch des produits en cuirs.<\/span><\/li>\n<\/ol>\n<\/td>\n<td style=\"width: 53.4075%;height: 769px;text-align: left\" width=\"164\">&nbsp;<\/p>\n<ol>\n<li style=\"text-align: justify\"><span style=\"color: #333333;font-size: 12pt\">Entrainer sur le plan du travail pour chaque projet.<\/span><\/li>\n<li style=\"text-align: justify\"><span style=\"color: #333333;font-size: 12pt\">Rencontres avec le comptable juridique de fonder les entreprises sp\u00e9ciales aux projets.<\/span><\/li>\n<li style=\"text-align: justify\"><span style=\"color: #333333;font-size: 12pt\">(Sessions de sensibilisation) warness sessions.<\/span><\/li>\n<li style=\"text-align: justify\"><span style=\"color: #333333;font-size: 12pt\">(entrainement sur l\u2019entrepreneuriat) Bootcamp.<\/span><\/li>\n<li style=\"text-align: justify\"><span style=\"color: #333333;font-size: 12pt\">D\u00e9veloppement le plan du travail.<\/span><\/li>\n<li style=\"text-align: justify\"><span style=\"color: #333333;font-size: 12pt\">Session d\u2019\u00e9valuer les projets et d\u00e9veloppe les produits.<\/span><\/li>\n<li style=\"text-align: justify\"><span style=\"color: #333333;font-size: 12pt\">Visites civiles pour les usines et les march\u00e9s.<\/span><\/li>\n<li style=\"text-align: justify\"><span style=\"color: #333333;font-size: 12pt\">La participation aux exposions.<\/span><\/li>\n<\/ol>\n<p>&nbsp;<\/p>\n<p>&nbsp;<\/td>\n<\/tr>\n<\/tbody>\n<\/table>\n<figure class=\"gallery-item\"><\/figure>\n<div id='gallery-1' class='gallery galleryid-13525 gallery-columns-5 gallery-size-thumbnail'><figure class='gallery-item'>\n\t\t\t<div class='gallery-icon landscape'>\n\t\t\t\t<a href='https:\/\/aswu.edu.eg\/fr\/wp-content\/uploads\/4-.png'><img decoding=\"async\" width=\"150\" height=\"150\" src=\"https:\/\/aswu.edu.eg\/fr\/wp-content\/uploads\/4--150x150.png\" class=\"attachment-thumbnail size-thumbnail\" alt=\"\" \/><\/a>\n\t\t\t<\/div><\/figure><figure class='gallery-item'>\n\t\t\t<div class='gallery-icon landscape'>\n\t\t\t\t<a href='https:\/\/aswu.edu.eg\/fr\/wp-content\/uploads\/5-.png'><img decoding=\"async\" width=\"150\" height=\"150\" src=\"https:\/\/aswu.edu.eg\/fr\/wp-content\/uploads\/5--150x150.png\" class=\"attachment-thumbnail size-thumbnail\" alt=\"\" \/><\/a>\n\t\t\t<\/div><\/figure><figure class='gallery-item'>\n\t\t\t<div class='gallery-icon landscape'>\n\t\t\t\t<a href='https:\/\/aswu.edu.eg\/fr\/wp-content\/uploads\/2-.png'><img loading=\"lazy\" decoding=\"async\" width=\"150\" height=\"150\" src=\"https:\/\/aswu.edu.eg\/fr\/wp-content\/uploads\/2--150x150.png\" class=\"attachment-thumbnail size-thumbnail\" alt=\"\" \/><\/a>\n\t\t\t<\/div><\/figure><figure class='gallery-item'>\n\t\t\t<div class='gallery-icon landscape'>\n\t\t\t\t<a href='https:\/\/aswu.edu.eg\/fr\/wp-content\/uploads\/3-.png'><img loading=\"lazy\" decoding=\"async\" width=\"150\" height=\"150\" src=\"https:\/\/aswu.edu.eg\/fr\/wp-content\/uploads\/3--150x150.png\" class=\"attachment-thumbnail size-thumbnail\" alt=\"\" \/><\/a>\n\t\t\t<\/div><\/figure><figure class='gallery-item'>\n\t\t\t<div class='gallery-icon landscape'>\n\t\t\t\t<a href='https:\/\/aswu.edu.eg\/fr\/wp-content\/uploads\/1-.png'><img loading=\"lazy\" decoding=\"async\" width=\"150\" height=\"150\" src=\"https:\/\/aswu.edu.eg\/fr\/wp-content\/uploads\/1--150x150.png\" class=\"attachment-thumbnail size-thumbnail\" alt=\"\" \/><\/a>\n\t\t\t<\/div><\/figure>\n\t\t<\/div>\n\n<figure class=\"gallery-item\"><\/figure>\n<figure class=\"gallery-item\"><\/figure>\n<figure class=\"gallery-item\"><\/figure>\n<div class=\"pvc_clear\"><\/div>\n<p id=\"pvc_stats_13525\" class=\"pvc_stats all  \" data-element-id=\"13525\" style=\"\"><i class=\"pvc-stats-icon medium\" aria-hidden=\"true\"><svg aria-hidden=\"true\" focusable=\"false\" data-prefix=\"far\" data-icon=\"chart-bar\" role=\"img\" xmlns=\"http:\/\/www.w3.org\/2000\/svg\" viewBox=\"0 0 512 512\" class=\"svg-inline--fa fa-chart-bar fa-w-16 fa-2x\"><path fill=\"currentColor\" d=\"M396.8 352h22.4c6.4 0 12.8-6.4 12.8-12.8V108.8c0-6.4-6.4-12.8-12.8-12.8h-22.4c-6.4 0-12.8 6.4-12.8 12.8v230.4c0 6.4 6.4 12.8 12.8 12.8zm-192 0h22.4c6.4 0 12.8-6.4 12.8-12.8V140.8c0-6.4-6.4-12.8-12.8-12.8h-22.4c-6.4 0-12.8 6.4-12.8 12.8v198.4c0 6.4 6.4 12.8 12.8 12.8zm96 0h22.4c6.4 0 12.8-6.4 12.8-12.8V204.8c0-6.4-6.4-12.8-12.8-12.8h-22.4c-6.4 0-12.8 6.4-12.8 12.8v134.4c0 6.4 6.4 12.8 12.8 12.8zM496 400H48V80c0-8.84-7.16-16-16-16H16C7.16 64 0 71.16 0 80v336c0 17.67 14.33 32 32 32h464c8.84 0 16-7.16 16-16v-16c0-8.84-7.16-16-16-16zm-387.2-48h22.4c6.4 0 12.8-6.4 12.8-12.8v-70.4c0-6.4-6.4-12.8-12.8-12.8h-22.4c-6.4 0-12.8 6.4-12.8 12.8v70.4c0 6.4 6.4 12.8 12.8 12.8z\" class=\"\"><\/path><\/svg><\/i> <img loading=\"lazy\" decoding=\"async\" width=\"16\" height=\"16\" alt=\"Loading\" src=\"https:\/\/aswu.edu.eg\/fr\/wp-content\/plugins\/page-views-count\/ajax-loader-2x.gif\" border=0 \/><\/p>\n<div class=\"pvc_clear\"><\/div>\n","protected":false},"excerpt":{"rendered":"<p>&nbsp; Programme de Masar d\u2019entrepreneuriat a d\u00e9sign\u00e9 par experts d\u2019Inroot du d\u00e9veloppement afin de fortifier le secteur des projets naissants et les liens aux marches et chaines de valeur et sensibilisation \u00e0 entrepreneuriat et coordonne les efforts d\u00e9ploy\u00e9s \u00e0 la <a href=\"https:\/\/aswu.edu.eg\/fr\/innovation\/masar\/\" class=\"read-more\">Read More &#8230;<\/a><\/p>\n<div class=\"pvc_clear\"><\/div>\n<p id=\"pvc_stats_13525\" class=\"pvc_stats all  \" data-element-id=\"13525\" style=\"\"><i class=\"pvc-stats-icon medium\" aria-hidden=\"true\"><svg aria-hidden=\"true\" focusable=\"false\" data-prefix=\"far\" data-icon=\"chart-bar\" role=\"img\" xmlns=\"http:\/\/www.w3.org\/2000\/svg\" viewBox=\"0 0 512 512\" class=\"svg-inline--fa fa-chart-bar fa-w-16 fa-2x\"><path fill=\"currentColor\" d=\"M396.8 352h22.4c6.4 0 12.8-6.4 12.8-12.8V108.8c0-6.4-6.4-12.8-12.8-12.8h-22.4c-6.4 0-12.8 6.4-12.8 12.8v230.4c0 6.4 6.4 12.8 12.8 12.8zm-192 0h22.4c6.4 0 12.8-6.4 12.8-12.8V140.8c0-6.4-6.4-12.8-12.8-12.8h-22.4c-6.4 0-12.8 6.4-12.8 12.8v198.4c0 6.4 6.4 12.8 12.8 12.8zm96 0h22.4c6.4 0 12.8-6.4 12.8-12.8V204.8c0-6.4-6.4-12.8-12.8-12.8h-22.4c-6.4 0-12.8 6.4-12.8 12.8v134.4c0 6.4 6.4 12.8 12.8 12.8zM496 400H48V80c0-8.84-7.16-16-16-16H16C7.16 64 0 71.16 0 80v336c0 17.67 14.33 32 32 32h464c8.84 0 16-7.16 16-16v-16c0-8.84-7.16-16-16-16zm-387.2-48h22.4c6.4 0 12.8-6.4 12.8-12.8v-70.4c0-6.4-6.4-12.8-12.8-12.8h-22.4c-6.4 0-12.8 6.4-12.8 12.8v70.4c0 6.4 6.4 12.8 12.8 12.8z\" class=\"\"><\/path><\/svg><\/i> <img loading=\"lazy\" decoding=\"async\" width=\"16\" height=\"16\" alt=\"Loading\" src=\"https:\/\/aswu.edu.eg\/fr\/wp-content\/plugins\/page-views-count\/ajax-loader-2x.gif\" border=0 \/><\/p>\n<div class=\"pvc_clear\"><\/div>\n","protected":false},"author":7,"featured_media":0,"parent":13523,"menu_order":0,"comment_status":"closed","ping_status":"closed","template":"","meta":{"footnotes":""},"rttpg_featured_image_url":null,"rttpg_author":{"display_name":"nourhan Monaam","author_link":"https:\/\/aswu.edu.eg\/fr\/author\/edr0asen\/"},"rttpg_comment":0,"rttpg_category":null,"rttpg_excerpt":"&nbsp; Programme de Masar d\u2019entrepreneuriat a d\u00e9sign\u00e9 par experts d\u2019Inroot du d\u00e9veloppement afin de fortifier le secteur des projets naissants et les liens aux marches et chaines de valeur et sensibilisation \u00e0 entrepreneuriat et coordonne les efforts d\u00e9ploy\u00e9s \u00e0 la Read More ...","_links":{"self":[{"href":"https:\/\/aswu.edu.eg\/fr\/wp-json\/wp\/v2\/pages\/13525"}],"collection":[{"href":"https:\/\/aswu.edu.eg\/fr\/wp-json\/wp\/v2\/pages"}],"about":[{"href":"https:\/\/aswu.edu.eg\/fr\/wp-json\/wp\/v2\/types\/page"}],"author":[{"embeddable":true,"href":"https:\/\/aswu.edu.eg\/fr\/wp-json\/wp\/v2\/users\/7"}],"replies":[{"embeddable":true,"href":"https:\/\/aswu.edu.eg\/fr\/wp-json\/wp\/v2\/comments?post=13525"}],"version-history":[{"count":30,"href":"https:\/\/aswu.edu.eg\/fr\/wp-json\/wp\/v2\/pages\/13525\/revisions"}],"predecessor-version":[{"id":29632,"href":"https:\/\/aswu.edu.eg\/fr\/wp-json\/wp\/v2\/pages\/13525\/revisions\/29632"}],"up":[{"embeddable":true,"href":"https:\/\/aswu.edu.eg\/fr\/wp-json\/wp\/v2\/pages\/13523"}],"wp:attachment":[{"href":"https:\/\/aswu.edu.eg\/fr\/wp-json\/wp\/v2\/media?parent=13525"}],"curies":[{"name":"wp","href":"https:\/\/api.w.org\/{rel}","templated":true}]}}