{"id":13537,"date":"2022-10-25T11:23:42","date_gmt":"2022-10-25T11:23:42","guid":{"rendered":"http:\/\/193.227.33.90\/aswu\/en\/?page_id=13537"},"modified":"2023-05-31T09:33:01","modified_gmt":"2023-05-31T09:33:01","slug":"undergraduate-admissions","status":"publish","type":"page","link":"https:\/\/aswu.edu.eg\/fr\/join-the-university\/undergraduate-admissions\/","title":{"rendered":"Admission au 1er cycle universitaire"},"content":{"rendered":"\t\t<div data-elementor-type=\"wp-page\" data-elementor-id=\"13537\" class=\"elementor elementor-13537\">\n\t\t\t\t\t\t<section class=\"elementor-section elementor-top-section elementor-element elementor-element-30acbde elementor-section-boxed elementor-section-height-default elementor-section-height-default\" data-id=\"30acbde\" data-element_type=\"section\">\n\t\t\t\t\t\t<div class=\"elementor-container elementor-column-gap-default\">\n\t\t\t\t\t<div class=\"elementor-column elementor-col-33 elementor-top-column elementor-element elementor-element-831ed95\" data-id=\"831ed95\" data-element_type=\"column\">\n\t\t\t<div class=\"elementor-widget-wrap elementor-element-populated\">\n\t\t\t\t\t\t<div class=\"elementor-element elementor-element-64ba2d9 elementor-widget elementor-widget-wp-widget-iksm-widget\" data-id=\"64ba2d9\" data-element_type=\"widget\" data-widget_type=\"wp-widget-iksm-widget.default\">\n\t\t\t\t<div class=\"elementor-widget-container\">\n\t\t\t<script id=\"styles-copier-69e38cc3a490a\">\n\t\t\t\/\/ Finding styles element\n\t        var element = document.getElementById(\"iksm-dynamic-style\");\n\t        if (!element) { \/\/ If no element (Cache plugins can remove tag), then creating a new one\n                element = document.createElement('style');\n                var head = document.getElementsByTagName(\"head\")\n                if (head && head[0]) {\n                \thead[0].appendChild(element);\n                } else {\n                  \tconsole.warn(\"Iks Menu | Error while printing styles. Please contact technical support.\");\n                }\n\t        }\n\t\t\t\/\/ Copying styles to <styles> tag\n\t        element.innerHTML += \".iksm-16787 .iksm-terms{background-color:rgba(243,243,243,1);width:220px;transition:all 400ms;animation:iks-fade-in 1000ms;}.iksm-16787 .iksm-term__inner{background-color:rgba(231,231,231,1);margin-top:3px;min-height:44px;transition:all 400ms;}.iksm-16787 .iksm-term__inner:hover{background-color:rgba(220,220,220,1);}.iksm-16787 .iksm-term--current > .iksm-term__inner{background-color:rgba(202,229,239,1);}.iksm-16787 .iksm-term__link{color:rgba(0,0,0,1);font-size:15px;line-height:15px;font-weight:400;text-align:left;text-decoration:none;padding-top:5px;padding-right:10px;padding-bottom:5px;padding-left:15px;transition:all 400ms;}.iksm-16787 .iksm-term__inner:hover .iksm-term__link{color:rgba(50,50,50,1);}.iksm-16787 .iksm-term__toggle__inner{transition:transform 400ms}.iksm-16787 .iksm-term--expanded > .iksm-term__inner > .iksm-term__toggle > .iksm-term__toggle__inner{transform:rotate(180deg);}.iksm-16787 .iksm-term__toggle{color:rgba(133,133,133,1);font-size:16px;align-self:unset;;height:25px;width:25px;margin-right:7px;transition:all 400ms;}.iksm-16787 .iksm-term__toggle:hover{color:rgba(0,0,0,1);}.iksm-16787 .iksm-term__image-container{width:30px;min-width:30px;height:30px;min-height:30px;margin-right:15px;transition:all 400ms;}.iksm-16787 .iksm-term__image{background-size:contain;background-position:center;background-repeat:no-repeat;}.iksm-16787 .iksm-term__image-container:hover{background-size:contain;background-position:center;background-repeat:no-repeat;}.iksm-16787 .iksm-term__inner:hover .iksm-term__image-container{background-size:contain;background-position:center;background-repeat:no-repeat;}.iksm-16787 .iksm-term__inner:focus .iksm-term__image-container{background-size:contain;background-position:center;background-repeat:no-repeat;}.iksm-16787 .iksm-term--current > .iksm-term__inner .iksm-term__image-container{background-size:contain;background-position:center;background-repeat:no-repeat;}.iksm-16787 .iksm-term--child .iksm-term__inner .iksm-term__image-container{background-size:contain;background-position:center;background-repeat:no-repeat;}.iksm-16787 .iksm-term--child .iksm-term__inner .iksm-term__image-container:hover{background-size:contain;background-position:center;background-repeat:no-repeat;}.iksm-16787 .iksm-term--child .iksm-term__inner .iksm-term__image-container:focus{background-size:contain;background-position:center;background-repeat:no-repeat;}.iksm-16787 .iksm-term--child.iksm-term--current > .iksm-term__inner .iksm-term__image-container{background-size:contain;background-position:center;background-repeat:no-repeat;}.iksm-16787  .iksm-term__text{flex: unset}.iksm-16787 .iksm-term__posts-count{color:rgba(133,133,133,1);font-size:16px;margin-left:12px;font-weight:400;transition:all 400ms;}\";\n\t        \/\/ Removing this script\n            var this_script = document.getElementById(\"styles-copier-69e38cc3a490a\");\n            if (this_script) { \/\/ Cache plugins can remove tag\n\t            this_script.outerHTML = \"\";\n\t            if (this_script.parentNode) {\n\t                this_script.parentNode.removeChild(this_script);\n\t            }\n            }\n        <\/script><div id='iksm-16787' class='iksm iksm-16787 iksm-container '  data-id='16787' data-is-pro='0' data-source='menu'><div class='iksm-terms'><div class='iksm-terms-tree iksm-terms-tree--level-1 iksm-terms-tree--parents' style=''><div class=\"iksm-terms-tree__inner\">\n        <div class=\"iksm-term iksm-term--id-16786 iksm-term--parent\" data-id=\"16786\">\n            <div class=\"iksm-term__inner\" tabindex='0'>\n                <a class=\"iksm-term__link\" href='https:\/\/aswu.edu.eg\/fr\/join-the-university\/undergraduate-admissions\/undergraduates-regulations-scientific-colleages\/' target='_self' tabindex='-1'>\n\t\t\t\t        <span class=\"iksm-term__text\">Admission aux facult\u00e9s scientifiques<\/span>\n\t\t            <\/a>\n\t\t\t        <\/div>\n\t\t        <\/div>\n\n\t\t\n        <div class=\"iksm-term iksm-term--id-16785 iksm-term--parent\" data-id=\"16785\">\n            <div class=\"iksm-term__inner\" tabindex='0'>\n                <a class=\"iksm-term__link\" href='https:\/\/aswu.edu.eg\/fr\/join-the-university\/undergraduate-admissions\/undergraduates-regulations-literary-colleages\/' target='_self' tabindex='-1'>\n\t\t\t\t        <span class=\"iksm-term__text\">Admission aux facult\u00e9s litt\u00e9raire<\/span>\n\t\t            <\/a>\n\t\t\t        <\/div>\n\t\t        <\/div>\n\n\t\t\n        <div class=\"iksm-term iksm-term--id-16784 iksm-term--parent\" data-id=\"16784\">\n            <div class=\"iksm-term__inner\" tabindex='0'>\n                <a class=\"iksm-term__link\" href='https:\/\/aswu.edu.eg\/fr\/join-the-university\/undergraduate-admissions\/geographical-distribution-and-distribution\/' target='_self' tabindex='-1'>\n\t\t\t\t        <span class=\"iksm-term__text\">Distribution g\u00e9ographique et r\u00e9gionale<\/span>\n\t\t            <\/a>\n\t\t\t        <\/div>\n\t\t        <\/div>\n\n\t\t<\/div><\/div><\/div><div id=\"iksm_data_args\" class=\"data-args\"  data-collapse_children_terms='1' data-collapse_other_terms='1' data-collapse_animation_duration='400' data-expand_animation_duration='400'><\/div><\/div>\t\t<\/div>\n\t\t\t\t<\/div>\n\t\t\t\t\t<\/div>\n\t\t<\/div>\n\t\t\t\t<div class=\"elementor-column elementor-col-66 elementor-top-column elementor-element elementor-element-2a121b3\" data-id=\"2a121b3\" data-element_type=\"column\">\n\t\t\t<div class=\"elementor-widget-wrap elementor-element-populated\">\n\t\t\t\t\t\t<div class=\"elementor-element elementor-element-f527494 elementor-widget elementor-widget-text-editor\" data-id=\"f527494\" data-element_type=\"widget\" data-widget_type=\"text-editor.default\">\n\t\t\t\t<div class=\"elementor-widget-container\">\n\t\t\t\t\t\t\t<div style=\"text-align: center\"><span style=\"color: #333333;font-family: Cairo;font-size: 12pt\"><img fetchpriority=\"high\" decoding=\"async\" class=\"alignnone size-full wp-image-17631\" src=\"https:\/\/aswu.edu.eg\/en\/wp-content\/uploads\/High-school-450x300-1-300x200-1.jpg\" alt=\"\" width=\"300\" height=\"200\" \/>\u00a0<\/span><\/div><div><p style=\"text-align: justify\"><span style=\"color: #333333\">L\u2019administration de l\u2019universit\u00e9 d\u2019Assouan repr\u00e9sent\u00e9e par le prof. Dr. Ayman Mahmoud Osman- pr\u00e9sident de l\u2019universit\u00e9- et messieurs les vices-doyens, accueille les nouveaux \u00e9tudiants qui d\u00e9sirent \u00e0 l\u2019admission \u00e0 l\u2019universit\u00e9 et les \u00e9tudiants anciens et leur souhaitez un succ\u00e8s continu dans le 1er cycle universitaire.<\/span><\/p><p style=\"text-align: justify\"><span style=\"color: #333333\">Les \u00e9tapes que l\u2019\u00e9tudiant suit d\u2019admettre \u00e0 la facult\u00e9 pour laquel il a nomin\u00e9: <\/span><\/p><p style=\"text-align: justify\"><span style=\"color: #333333\">Apr\u00e8s l\u2019annonce le r\u00e9sultat de nomination \u00e0 chaque \u00e9tape\u00a0 de coordination, l\u2019\u00e9tudiant peut imprimer la carte de nomination de site de coordination \u00e9lectronique et oriente vers la facult\u00e9 qu\u2019a \u00e9t\u00e9 nomin\u00e9, de pr\u00e9senter les papiers et compl\u00e8te les proc\u00e9dures d&#8217;enregistrement, l\u2019\u00e9tudiant doit apporter les documents demand\u00e9s suivants:<\/span><\/p><ol style=\"text-align: justify\"><li><span style=\"color: #333333\">Origine de certificat d&#8217;\u00e9tudes secondaires<\/span><\/li><li><span style=\"color: #333333\">6 photos personnelles.<\/span><\/li><li><span style=\"color: #333333\">L\u2019acte de naissance original ou extrait officiel d\u2019elle.<\/span><\/li><li><span style=\"color: #333333\">Forme (2) solidaire pour les \u00e9tudiants masculin seulement (de bureau de recrutement).<\/span><\/li><li><span style=\"color: #333333\">Certificat d\u2019excellence sportive (pour les \u00e9tudiants obtient des incitations sportives).<\/span><\/li><li style=\"text-align: justify\"><span style=\"color: #333333\">\u00a0Approbation \u00e9crite de directeur le secondaire de l&#8217;air, le secondaire militaire interne pour les \u00e9tudiants qui ont obtenu le\u00a0 \u00e9tudes secondaires d\u2019une des deux \u00e9coles d\u2019admettre aux une des facult\u00e9s ou les instituts.<\/span><\/li><\/ol><p style=\"text-align: justify\"><span style=\"color: #333333\">Pour plus des d\u00e9tails<\/span> <span style=\"text-decoration: underline;color: #0000ff\"><a style=\"color: #0000ff;text-decoration: underline\" href=\"https:\/\/tansik.digital.gov.eg\/application\/Certificates\/Thanwy\/Dalel\/Page22.pdf\">cliquez ici<\/a> <\/span>\u00a0\u00a0\u00a0\u00a0\u00a0\u00a0\u00a0\u00a0\u00a0<\/p><\/div>\t\t\t\t\t\t<\/div>\n\t\t\t\t<\/div>\n\t\t\t\t\t<\/div>\n\t\t<\/div>\n\t\t\t\t\t<\/div>\n\t\t<\/section>\n\t\t\t\t<\/div>\n\t\t","protected":false},"excerpt":{"rendered":"<p>\u00a0 L\u2019administration de l\u2019universit\u00e9 d\u2019Assouan repr\u00e9sent\u00e9e par le prof. Dr. Ayman Mahmoud Osman- pr\u00e9sident de l\u2019universit\u00e9- et messieurs les vices-doyens, accueille les nouveaux \u00e9tudiants qui d\u00e9sirent \u00e0 l\u2019admission \u00e0 l\u2019universit\u00e9 et les \u00e9tudiants anciens et leur souhaitez un succ\u00e8s continu <a href=\"https:\/\/aswu.edu.eg\/fr\/join-the-university\/undergraduate-admissions\/\" class=\"read-more\">Read More &#8230;<\/a><\/p>\n<div class=\"pvc_clear\"><\/div>\n<p id=\"pvc_stats_13537\" class=\"pvc_stats all  \" data-element-id=\"13537\" style=\"\"><i class=\"pvc-stats-icon medium\" aria-hidden=\"true\"><svg aria-hidden=\"true\" focusable=\"false\" data-prefix=\"far\" data-icon=\"chart-bar\" role=\"img\" xmlns=\"http:\/\/www.w3.org\/2000\/svg\" viewBox=\"0 0 512 512\" class=\"svg-inline--fa fa-chart-bar fa-w-16 fa-2x\"><path fill=\"currentColor\" d=\"M396.8 352h22.4c6.4 0 12.8-6.4 12.8-12.8V108.8c0-6.4-6.4-12.8-12.8-12.8h-22.4c-6.4 0-12.8 6.4-12.8 12.8v230.4c0 6.4 6.4 12.8 12.8 12.8zm-192 0h22.4c6.4 0 12.8-6.4 12.8-12.8V140.8c0-6.4-6.4-12.8-12.8-12.8h-22.4c-6.4 0-12.8 6.4-12.8 12.8v198.4c0 6.4 6.4 12.8 12.8 12.8zm96 0h22.4c6.4 0 12.8-6.4 12.8-12.8V204.8c0-6.4-6.4-12.8-12.8-12.8h-22.4c-6.4 0-12.8 6.4-12.8 12.8v134.4c0 6.4 6.4 12.8 12.8 12.8zM496 400H48V80c0-8.84-7.16-16-16-16H16C7.16 64 0 71.16 0 80v336c0 17.67 14.33 32 32 32h464c8.84 0 16-7.16 16-16v-16c0-8.84-7.16-16-16-16zm-387.2-48h22.4c6.4 0 12.8-6.4 12.8-12.8v-70.4c0-6.4-6.4-12.8-12.8-12.8h-22.4c-6.4 0-12.8 6.4-12.8 12.8v70.4c0 6.4 6.4 12.8 12.8 12.8z\" class=\"\"><\/path><\/svg><\/i> <img decoding=\"async\" width=\"16\" height=\"16\" alt=\"Loading\" src=\"https:\/\/aswu.edu.eg\/fr\/wp-content\/plugins\/page-views-count\/ajax-loader-2x.gif\" border=0 \/><\/p>\n<div class=\"pvc_clear\"><\/div>\n","protected":false},"author":7,"featured_media":0,"parent":13533,"menu_order":0,"comment_status":"closed","ping_status":"closed","template":"","meta":{"footnotes":""},"rttpg_featured_image_url":null,"rttpg_author":{"display_name":"nourhan Monaam","author_link":"https:\/\/aswu.edu.eg\/fr\/author\/edr0asen\/"},"rttpg_comment":0,"rttpg_category":null,"rttpg_excerpt":"\u00a0 L\u2019administration de l\u2019universit\u00e9 d\u2019Assouan repr\u00e9sent\u00e9e par le prof. Dr. Ayman Mahmoud Osman- pr\u00e9sident de l\u2019universit\u00e9- et messieurs les vices-doyens, accueille les nouveaux \u00e9tudiants qui d\u00e9sirent \u00e0 l\u2019admission \u00e0 l\u2019universit\u00e9 et les \u00e9tudiants anciens et leur souhaitez un succ\u00e8s continu Read More ...","_links":{"self":[{"href":"https:\/\/aswu.edu.eg\/fr\/wp-json\/wp\/v2\/pages\/13537"}],"collection":[{"href":"https:\/\/aswu.edu.eg\/fr\/wp-json\/wp\/v2\/pages"}],"about":[{"href":"https:\/\/aswu.edu.eg\/fr\/wp-json\/wp\/v2\/types\/page"}],"author":[{"embeddable":true,"href":"https:\/\/aswu.edu.eg\/fr\/wp-json\/wp\/v2\/users\/7"}],"replies":[{"embeddable":true,"href":"https:\/\/aswu.edu.eg\/fr\/wp-json\/wp\/v2\/comments?post=13537"}],"version-history":[{"count":40,"href":"https:\/\/aswu.edu.eg\/fr\/wp-json\/wp\/v2\/pages\/13537\/revisions"}],"predecessor-version":[{"id":29740,"href":"https:\/\/aswu.edu.eg\/fr\/wp-json\/wp\/v2\/pages\/13537\/revisions\/29740"}],"up":[{"embeddable":true,"href":"https:\/\/aswu.edu.eg\/fr\/wp-json\/wp\/v2\/pages\/13533"}],"wp:attachment":[{"href":"https:\/\/aswu.edu.eg\/fr\/wp-json\/wp\/v2\/media?parent=13537"}],"curies":[{"name":"wp","href":"https:\/\/api.w.org\/{rel}","templated":true}]}}