{"id":13546,"date":"2022-10-25T11:31:51","date_gmt":"2022-10-25T11:31:51","guid":{"rendered":"http:\/\/193.227.33.90\/aswu\/en\/?page_id=13546"},"modified":"2023-04-11T09:58:03","modified_gmt":"2023-04-11T09:58:03","slug":"services-aswu","status":"publish","type":"page","link":"https:\/\/aswu.edu.eg\/fr\/services-aswu\/","title":{"rendered":"Services"},"content":{"rendered":"\t\t<div data-elementor-type=\"wp-page\" data-elementor-id=\"13546\" class=\"elementor elementor-13546\">\n\t\t\t\t\t\t<section class=\"elementor-section elementor-top-section elementor-element elementor-element-4a81b14 elementor-section-boxed elementor-section-height-default elementor-section-height-default\" data-id=\"4a81b14\" data-element_type=\"section\">\n\t\t\t\t\t\t<div class=\"elementor-container elementor-column-gap-default\">\n\t\t\t\t\t<div class=\"elementor-column elementor-col-25 elementor-top-column elementor-element elementor-element-3599daf\" data-id=\"3599daf\" data-element_type=\"column\">\n\t\t\t<div class=\"elementor-widget-wrap elementor-element-populated\">\n\t\t\t\t\t\t<div class=\"elementor-element elementor-element-a7f6184 elementor-position-top elementor-widget elementor-widget-image-box\" data-id=\"a7f6184\" data-element_type=\"widget\" data-widget_type=\"image-box.default\">\n\t\t\t\t<div class=\"elementor-widget-container\">\n\t\t\t<div class=\"elementor-image-box-wrapper\"><figure class=\"elementor-image-box-img\"><a href=\"https:\/\/aswu.edu.eg\/en\/services-aswu\/student-services\/\" tabindex=\"-1\"><img fetchpriority=\"high\" decoding=\"async\" width=\"612\" height=\"408\" src=\"https:\/\/aswu.edu.eg\/fr\/wp-content\/uploads\/istockphoto-1255236227-612x612-1.jpg\" class=\"attachment-full size-full wp-image-15611\" alt=\"\" \/><\/a><\/figure><div class=\"elementor-image-box-content\"><h3 class=\"elementor-image-box-title\"><a href=\"https:\/\/aswu.edu.eg\/en\/services-aswu\/student-services\/\">services des \u00e9tudiants<\/a><\/h3><\/div><\/div>\t\t<\/div>\n\t\t\t\t<\/div>\n\t\t\t\t<div class=\"elementor-element elementor-element-d6d9c68 elementor-position-top elementor-widget elementor-widget-image-box\" data-id=\"d6d9c68\" data-element_type=\"widget\" data-widget_type=\"image-box.default\">\n\t\t\t\t<div class=\"elementor-widget-container\">\n\t\t\t<div class=\"elementor-image-box-wrapper\"><figure class=\"elementor-image-box-img\"><a href=\"https:\/\/aswu.edu.eg\/en\/services-aswu\/logistical-services\/\" tabindex=\"-1\"><img decoding=\"async\" src=\"https:\/\/aswu.edu.eg\/fr\/wp-content\/uploads\/elementor\/thumbs\/logistic-qjzbcoeim8bu6qwrs47v3xw3z1esu1jq43umoc6ua8.jpg\" title=\"Supply Chain Logistics Connected Through Transport as Concept\" alt=\"Supply Chain Logistics Connected Through Transport as Concept\" loading=\"lazy\" \/><\/a><\/figure><div class=\"elementor-image-box-content\"><h3 class=\"elementor-image-box-title\"><a href=\"https:\/\/aswu.edu.eg\/en\/services-aswu\/logistical-services\/\">\tservices logistiques<\/a><\/h3><\/div><\/div>\t\t<\/div>\n\t\t\t\t<\/div>\n\t\t\t\t\t<\/div>\n\t\t<\/div>\n\t\t\t\t<div class=\"elementor-column elementor-col-25 elementor-top-column elementor-element elementor-element-d5496a3\" data-id=\"d5496a3\" data-element_type=\"column\">\n\t\t\t<div class=\"elementor-widget-wrap elementor-element-populated\">\n\t\t\t\t\t\t<div class=\"elementor-element elementor-element-fc2e58f elementor-position-top elementor-widget elementor-widget-image-box\" data-id=\"fc2e58f\" data-element_type=\"widget\" data-widget_type=\"image-box.default\">\n\t\t\t\t<div class=\"elementor-widget-container\">\n\t\t\t<div class=\"elementor-image-box-wrapper\"><figure class=\"elementor-image-box-img\"><a href=\"https:\/\/aswu.edu.eg\/en\/services-aswu\/electronic-services\/\" tabindex=\"-1\"><img decoding=\"async\" width=\"509\" height=\"339\" src=\"https:\/\/aswu.edu.eg\/fr\/wp-content\/uploads\/electronic-service.jpg\" class=\"attachment-2048x2048 size-2048x2048 wp-image-19924\" alt=\"\" \/><\/a><\/figure><div class=\"elementor-image-box-content\"><h3 class=\"elementor-image-box-title\"><a href=\"https:\/\/aswu.edu.eg\/en\/services-aswu\/electronic-services\/\">services \u00e9lectroniques<\/a><\/h3><\/div><\/div>\t\t<\/div>\n\t\t\t\t<\/div>\n\t\t\t\t<div class=\"elementor-element elementor-element-b6936b3 elementor-position-top elementor-widget elementor-widget-image-box\" data-id=\"b6936b3\" data-element_type=\"widget\" data-widget_type=\"image-box.default\">\n\t\t\t\t<div class=\"elementor-widget-container\">\n\t\t\t<div class=\"elementor-image-box-wrapper\"><figure class=\"elementor-image-box-img\"><a href=\"https:\/\/aswu.edu.eg\/en\/services-aswu\/alumni-services\/\" tabindex=\"-1\"><img decoding=\"async\" width=\"510\" height=\"336\" src=\"https:\/\/aswu.edu.eg\/fr\/wp-content\/uploads\/postgraduate-service.jpg\" class=\"attachment-full size-full wp-image-19929\" alt=\"\" \/><\/a><\/figure><div class=\"elementor-image-box-content\"><h3 class=\"elementor-image-box-title\"><a href=\"https:\/\/aswu.edu.eg\/en\/services-aswu\/alumni-services\/\">services dipl\u00f4m\u00e9s<\/a><\/h3><\/div><\/div>\t\t<\/div>\n\t\t\t\t<\/div>\n\t\t\t\t\t<\/div>\n\t\t<\/div>\n\t\t\t\t<div class=\"elementor-column elementor-col-25 elementor-top-column elementor-element elementor-element-0bccdff\" data-id=\"0bccdff\" data-element_type=\"column\">\n\t\t\t<div class=\"elementor-widget-wrap elementor-element-populated\">\n\t\t\t\t\t\t<div class=\"elementor-element elementor-element-9876692 elementor-position-top elementor-widget elementor-widget-image-box\" data-id=\"9876692\" data-element_type=\"widget\" data-widget_type=\"image-box.default\">\n\t\t\t\t<div class=\"elementor-widget-container\">\n\t\t\t<div class=\"elementor-image-box-wrapper\"><figure class=\"elementor-image-box-img\"><a href=\"https:\/\/aswu.edu.eg\/en\/services-aswu\/community-services-aswu\/\" tabindex=\"-1\"><img loading=\"lazy\" decoding=\"async\" width=\"509\" height=\"339\" src=\"https:\/\/aswu.edu.eg\/fr\/wp-content\/uploads\/community-servics.jpg\" class=\"attachment-full size-full wp-image-19926\" alt=\"\" \/><\/a><\/figure><div class=\"elementor-image-box-content\"><h3 class=\"elementor-image-box-title\"><a href=\"https:\/\/aswu.edu.eg\/en\/services-aswu\/community-services-aswu\/\">services de communautaires<\/a><\/h3><\/div><\/div>\t\t<\/div>\n\t\t\t\t<\/div>\n\t\t\t\t<div class=\"elementor-element elementor-element-55edf38 elementor-position-top elementor-widget elementor-widget-image-box\" data-id=\"55edf38\" data-element_type=\"widget\" data-widget_type=\"image-box.default\">\n\t\t\t\t<div class=\"elementor-widget-container\">\n\t\t\t<div class=\"elementor-image-box-wrapper\"><figure class=\"elementor-image-box-img\"><a href=\"https:\/\/aswu.edu.eg\/en\/services-aswu\/staff-services-aswu\/\" tabindex=\"-1\"><img decoding=\"async\" src=\"https:\/\/aswu.edu.eg\/fr\/wp-content\/uploads\/elementor\/thumbs\/staff-service-qjzbd854lr2uyk43kur12awsg4piboq36tjtr5dknk.jpg\" title=\"Network of business concept.\" alt=\"Network of business concept.\" loading=\"lazy\" \/><\/a><\/figure><div class=\"elementor-image-box-content\"><h3 class=\"elementor-image-box-title\"><a href=\"https:\/\/aswu.edu.eg\/en\/services-aswu\/staff-services-aswu\/\"> services du corps professoral<\/a><\/h3><\/div><\/div>\t\t<\/div>\n\t\t\t\t<\/div>\n\t\t\t\t\t<\/div>\n\t\t<\/div>\n\t\t\t\t<div class=\"elementor-column elementor-col-25 elementor-top-column elementor-element elementor-element-f1581fa\" data-id=\"f1581fa\" data-element_type=\"column\">\n\t\t\t<div class=\"elementor-widget-wrap elementor-element-populated\">\n\t\t\t\t\t\t<div class=\"elementor-element elementor-element-078fcb7 elementor-position-top elementor-widget elementor-widget-image-box\" data-id=\"078fcb7\" data-element_type=\"widget\" data-widget_type=\"image-box.default\">\n\t\t\t\t<div class=\"elementor-widget-container\">\n\t\t\t<div class=\"elementor-image-box-wrapper\"><figure class=\"elementor-image-box-img\"><a href=\"https:\/\/aswu.edu.eg\/en\/services-aswu\/medical-services\/\" tabindex=\"-1\"><img loading=\"lazy\" decoding=\"async\" width=\"509\" height=\"339\" src=\"https:\/\/aswu.edu.eg\/fr\/wp-content\/uploads\/medical-service.jpg\" class=\"attachment-full size-full wp-image-19925\" alt=\"\" \/><\/a><\/figure><div class=\"elementor-image-box-content\"><h3 class=\"elementor-image-box-title\"><a href=\"https:\/\/aswu.edu.eg\/en\/services-aswu\/medical-services\/\">services m\u00e9dicaux<\/a><\/h3><\/div><\/div>\t\t<\/div>\n\t\t\t\t<\/div>\n\t\t\t\t<div class=\"elementor-element elementor-element-12d09e4 elementor-position-top elementor-widget elementor-widget-image-box\" data-id=\"12d09e4\" data-element_type=\"widget\" data-widget_type=\"image-box.default\">\n\t\t\t\t<div class=\"elementor-widget-container\">\n\t\t\t<div class=\"elementor-image-box-wrapper\"><figure class=\"elementor-image-box-img\"><a href=\"https:\/\/aswu.edu.eg\/en\/services-aswu\/facilities\/\" tabindex=\"-1\"><img decoding=\"async\" src=\"https:\/\/aswu.edu.eg\/fr\/wp-content\/uploads\/elementor\/thumbs\/772-qjzbdyglx42vzn1vb64l049p2x3sb7mkmftf6wajtc.jpg\" title=\"772\" alt=\"772\" loading=\"lazy\" \/><\/a><\/figure><div class=\"elementor-image-box-content\"><h3 class=\"elementor-image-box-title\"><a href=\"https:\/\/aswu.edu.eg\/en\/services-aswu\/facilities\/\">Facilities<\/a><\/h3><\/div><\/div>\t\t<\/div>\n\t\t\t\t<\/div>\n\t\t\t\t\t<\/div>\n\t\t<\/div>\n\t\t\t\t\t<\/div>\n\t\t<\/section>\n\t\t\t\t<\/div>\n\t\t","protected":false},"excerpt":{"rendered":"<p>services des \u00e9tudiants services logistiques services \u00e9lectroniques services dipl\u00f4m\u00e9s services de communautaires services du corps professoral services m\u00e9dicaux Facilities<\/p>\n<div class=\"pvc_clear\"><\/div>\n<p id=\"pvc_stats_13546\" class=\"pvc_stats all  \" data-element-id=\"13546\" style=\"\"><i class=\"pvc-stats-icon medium\" aria-hidden=\"true\"><svg aria-hidden=\"true\" focusable=\"false\" data-prefix=\"far\" data-icon=\"chart-bar\" role=\"img\" xmlns=\"http:\/\/www.w3.org\/2000\/svg\" viewBox=\"0 0 512 512\" class=\"svg-inline--fa fa-chart-bar fa-w-16 fa-2x\"><path fill=\"currentColor\" d=\"M396.8 352h22.4c6.4 0 12.8-6.4 12.8-12.8V108.8c0-6.4-6.4-12.8-12.8-12.8h-22.4c-6.4 0-12.8 6.4-12.8 12.8v230.4c0 6.4 6.4 12.8 12.8 12.8zm-192 0h22.4c6.4 0 12.8-6.4 12.8-12.8V140.8c0-6.4-6.4-12.8-12.8-12.8h-22.4c-6.4 0-12.8 6.4-12.8 12.8v198.4c0 6.4 6.4 12.8 12.8 12.8zm96 0h22.4c6.4 0 12.8-6.4 12.8-12.8V204.8c0-6.4-6.4-12.8-12.8-12.8h-22.4c-6.4 0-12.8 6.4-12.8 12.8v134.4c0 6.4 6.4 12.8 12.8 12.8zM496 400H48V80c0-8.84-7.16-16-16-16H16C7.16 64 0 71.16 0 80v336c0 17.67 14.33 32 32 32h464c8.84 0 16-7.16 16-16v-16c0-8.84-7.16-16-16-16zm-387.2-48h22.4c6.4 0 12.8-6.4 12.8-12.8v-70.4c0-6.4-6.4-12.8-12.8-12.8h-22.4c-6.4 0-12.8 6.4-12.8 12.8v70.4c0 6.4 6.4 12.8 12.8 12.8z\" class=\"\"><\/path><\/svg><\/i> <img loading=\"lazy\" decoding=\"async\" width=\"16\" height=\"16\" alt=\"Loading\" src=\"https:\/\/aswu.edu.eg\/fr\/wp-content\/plugins\/page-views-count\/ajax-loader-2x.gif\" border=0 \/><\/p>\n<div class=\"pvc_clear\"><\/div>\n","protected":false},"author":7,"featured_media":0,"parent":0,"menu_order":0,"comment_status":"closed","ping_status":"closed","template":"","meta":{"footnotes":""},"rttpg_featured_image_url":null,"rttpg_author":{"display_name":"nourhan Monaam","author_link":"https:\/\/aswu.edu.eg\/fr\/author\/edr0asen\/"},"rttpg_comment":0,"rttpg_category":null,"rttpg_excerpt":"services des \u00e9tudiants services logistiques services \u00e9lectroniques services dipl\u00f4m\u00e9s services de communautaires services du corps professoral services m\u00e9dicaux Facilities","_links":{"self":[{"href":"https:\/\/aswu.edu.eg\/fr\/wp-json\/wp\/v2\/pages\/13546"}],"collection":[{"href":"https:\/\/aswu.edu.eg\/fr\/wp-json\/wp\/v2\/pages"}],"about":[{"href":"https:\/\/aswu.edu.eg\/fr\/wp-json\/wp\/v2\/types\/page"}],"author":[{"embeddable":true,"href":"https:\/\/aswu.edu.eg\/fr\/wp-json\/wp\/v2\/users\/7"}],"replies":[{"embeddable":true,"href":"https:\/\/aswu.edu.eg\/fr\/wp-json\/wp\/v2\/comments?post=13546"}],"version-history":[{"count":81,"href":"https:\/\/aswu.edu.eg\/fr\/wp-json\/wp\/v2\/pages\/13546\/revisions"}],"predecessor-version":[{"id":29298,"href":"https:\/\/aswu.edu.eg\/fr\/wp-json\/wp\/v2\/pages\/13546\/revisions\/29298"}],"wp:attachment":[{"href":"https:\/\/aswu.edu.eg\/fr\/wp-json\/wp\/v2\/media?parent=13546"}],"curies":[{"name":"wp","href":"https:\/\/api.w.org\/{rel}","templated":true}]}}