{"id":13552,"date":"2022-10-25T11:33:34","date_gmt":"2022-10-25T11:33:34","guid":{"rendered":"http:\/\/193.227.33.90\/aswu\/en\/?page_id=13552"},"modified":"2023-01-14T11:23:06","modified_gmt":"2023-01-14T11:23:06","slug":"community-services-aswu","status":"publish","type":"page","link":"https:\/\/aswu.edu.eg\/fr\/services-aswu\/community-services-aswu\/","title":{"rendered":"Services communautaire"},"content":{"rendered":"\t\t<div data-elementor-type=\"wp-page\" data-elementor-id=\"13552\" class=\"elementor elementor-13552\">\n\t\t\t\t\t\t<section class=\"elementor-section elementor-top-section elementor-element elementor-element-ddf0ff4 elementor-section-boxed elementor-section-height-default elementor-section-height-default\" data-id=\"ddf0ff4\" data-element_type=\"section\">\n\t\t\t\t\t\t<div class=\"elementor-container elementor-column-gap-default\">\n\t\t\t\t\t<div class=\"elementor-column elementor-col-33 elementor-top-column elementor-element elementor-element-0463ca7\" data-id=\"0463ca7\" data-element_type=\"column\">\n\t\t\t<div class=\"elementor-widget-wrap elementor-element-populated\">\n\t\t\t\t\t\t<div class=\"elementor-element elementor-element-fbcd898 elementor-widget elementor-widget-wp-widget-iksm-widget\" data-id=\"fbcd898\" data-element_type=\"widget\" data-widget_type=\"wp-widget-iksm-widget.default\">\n\t\t\t\t<div class=\"elementor-widget-container\">\n\t\t\t<script id=\"styles-copier-69e3a7eaa7b3d\">\n\t\t\t\/\/ Finding styles element\n\t        var element = document.getElementById(\"iksm-dynamic-style\");\n\t        if (!element) { \/\/ If no element (Cache plugins can remove tag), then creating a new one\n                element = document.createElement('style');\n                var head = document.getElementsByTagName(\"head\")\n                if (head && head[0]) {\n                \thead[0].appendChild(element);\n                } else {\n                  \tconsole.warn(\"Iks Menu | Error while printing styles. Please contact technical support.\");\n                }\n\t        }\n\t\t\t\/\/ Copying styles to <styles> tag\n\t        element.innerHTML += \".iksm-14652 .iksm-terms{background-color:rgba(243,243,243,1);width:200px;transition:all 400ms;animation:iks-fade-in 1000ms;}.iksm-14652 .iksm-term__inner{background-color:rgba(231,231,231,1);margin-top:3px;min-height:44px;transition:all 400ms;}.iksm-14652 .iksm-term__inner:hover{background-color:rgba(220,220,220,1);}.iksm-14652 .iksm-term--current > .iksm-term__inner{background-color:rgba(202,229,239,1);}.iksm-14652 .iksm-term__link{color:rgba(0,0,0,1);font-size:15px;line-height:15px;font-weight:400;text-align:left;text-decoration:none;padding-top:5px;padding-right:10px;padding-bottom:5px;padding-left:15px;transition:all 400ms;}.iksm-14652 .iksm-term__inner:hover .iksm-term__link{color:rgba(50,50,50,1);}.iksm-14652 .iksm-term__toggle__inner{transition:transform 400ms}.iksm-14652 .iksm-term--expanded > .iksm-term__inner > .iksm-term__toggle > .iksm-term__toggle__inner{transform:rotate(180deg);}.iksm-14652 .iksm-term__toggle{color:rgba(133,133,133,1);font-size:16px;align-self:unset;;height:25px;width:25px;margin-right:7px;transition:all 400ms;}.iksm-14652 .iksm-term__toggle:hover{color:rgba(0,0,0,1);}.iksm-14652 .iksm-term__image-container{width:30px;min-width:30px;height:30px;min-height:30px;margin-right:15px;transition:all 400ms;}.iksm-14652 .iksm-term__image{background-size:contain;background-position:center;background-repeat:no-repeat;}.iksm-14652 .iksm-term__image-container:hover{background-size:contain;background-position:center;background-repeat:no-repeat;}.iksm-14652 .iksm-term__inner:hover .iksm-term__image-container{background-size:contain;background-position:center;background-repeat:no-repeat;}.iksm-14652 .iksm-term__inner:focus .iksm-term__image-container{background-size:contain;background-position:center;background-repeat:no-repeat;}.iksm-14652 .iksm-term--current > .iksm-term__inner .iksm-term__image-container{background-size:contain;background-position:center;background-repeat:no-repeat;}.iksm-14652 .iksm-term--child .iksm-term__inner .iksm-term__image-container{background-size:contain;background-position:center;background-repeat:no-repeat;}.iksm-14652 .iksm-term--child .iksm-term__inner .iksm-term__image-container:hover{background-size:contain;background-position:center;background-repeat:no-repeat;}.iksm-14652 .iksm-term--child .iksm-term__inner .iksm-term__image-container:focus{background-size:contain;background-position:center;background-repeat:no-repeat;}.iksm-14652 .iksm-term--child.iksm-term--current > .iksm-term__inner .iksm-term__image-container{background-size:contain;background-position:center;background-repeat:no-repeat;}.iksm-14652  .iksm-term__text{flex: unset}.iksm-14652 .iksm-term__posts-count{color:rgba(133,133,133,1);font-size:16px;margin-left:12px;font-weight:400;transition:all 400ms;}\";\n\t        \/\/ Removing this script\n            var this_script = document.getElementById(\"styles-copier-69e3a7eaa7b3d\");\n            if (this_script) { \/\/ Cache plugins can remove tag\n\t            this_script.outerHTML = \"\";\n\t            if (this_script.parentNode) {\n\t                this_script.parentNode.removeChild(this_script);\n\t            }\n            }\n        <\/script><div id='iksm-14652' class='iksm iksm-14652 iksm-container '  data-id='14652' data-is-pro='0' data-source='menu'><div class='iksm-terms'><div class='iksm-terms-tree iksm-terms-tree--level-1 iksm-terms-tree--parents' style=''><div class=\"iksm-terms-tree__inner\">\n        <div class=\"iksm-term iksm-term--id-16254 iksm-term--parent\" data-id=\"16254\">\n            <div class=\"iksm-term__inner\" tabindex='0'>\n                <a class=\"iksm-term__link\" href='https:\/\/aswu.edu.eg\/fr\/services-aswu\/community-services-aswu\/artistic-and-cultural-services\/' target='_self' tabindex='-1'>\n\t\t\t\t        <span class=\"iksm-term__text\">Services artistiques et culturels<\/span>\n\t\t            <\/a>\n\t\t\t        <\/div>\n\t\t        <\/div>\n\n\t\t\n        <div class=\"iksm-term iksm-term--id-19990 iksm-term--parent\" data-id=\"19990\">\n            <div class=\"iksm-term__inner\" tabindex='0'>\n                <a class=\"iksm-term__link\" href='https:\/\/aswu.edu.eg\/fr\/services-aswu\/community-services-aswu\/community-participations\/' target='_self' tabindex='-1'>\n\t\t\t\t        <span class=\"iksm-term__text\">participations communautaire<\/span>\n\t\t            <\/a>\n\t\t\t        <\/div>\n\t\t        <\/div>\n\n\t\t\n        <div class=\"iksm-term iksm-term--id-22330 iksm-term--parent\" data-id=\"22330\">\n            <div class=\"iksm-term__inner\" tabindex='0'>\n                <a class=\"iksm-term__link\" href='https:\/\/aswu.edu.eg\/fr\/services-aswu\/community-services-aswu\/volunteering-programmes\/' target='_self' tabindex='-1'>\n\t\t\t\t        <span class=\"iksm-term__text\">Programmes de b\u00e9n\u00e9volat<\/span>\n\t\t            <\/a>\n\t\t\t        <\/div>\n\t\t        <\/div>\n\n\t\t\n        <div class=\"iksm-term iksm-term--id-14653 iksm-term--parent\" data-id=\"14653\">\n            <div class=\"iksm-term__inner\" tabindex='0'>\n                <a class=\"iksm-term__link\" href='https:\/\/aswu.edu.eg\/fr\/services-aswu\/community-services-aswu\/convoys\/' target='_self' tabindex='-1'>\n\t\t\t\t        <span class=\"iksm-term__text\">Convois<\/span>\n\t\t            <\/a>\n\t\t\t        <\/div>\n\t\t        <\/div>\n\n\t\t\n        <div class=\"iksm-term iksm-term--id-15984 iksm-term--parent\" data-id=\"15984\">\n            <div class=\"iksm-term__inner\" tabindex='0'>\n                <a class=\"iksm-term__link\" href='https:\/\/aswu.edu.eg\/fr\/services-aswu\/community-services-aswu\/service-centers\/' target='_self' tabindex='-1'>\n\t\t\t\t        <span class=\"iksm-term__text\">Centres de service<\/span>\n\t\t            <\/a>\n\t\t\t        <\/div>\n\t\t        <\/div>\n\n\t\t\n        <div class=\"iksm-term iksm-term--id-18157 iksm-term--parent\" data-id=\"18157\">\n            <div class=\"iksm-term__inner\" tabindex='0'>\n                <a class=\"iksm-term__link\" href='https:\/\/aswu.edu.eg\/fr\/services-aswu\/community-services-aswu\/service-units-aswu\/' target='_self' tabindex='-1'>\n\t\t\t\t        <span class=\"iksm-term__text\">Unit\u00e9s de service<\/span>\n\t\t            <\/a>\n\t\t\t        <\/div>\n\t\t        <\/div>\n\n\t\t\n        <div class=\"iksm-term iksm-term--id-24167 iksm-term--parent\" data-id=\"24167\">\n            <div class=\"iksm-term__inner\" tabindex='0'>\n                <a class=\"iksm-term__link\" href='https:\/\/aswu.edu.eg\/fr\/services-aswu\/community-services-aswu\/sports-services\/' target='_self' tabindex='-1'>\n\t\t\t\t        <span class=\"iksm-term__text\">Services sportifs<\/span>\n\t\t            <\/a>\n\t\t\t        <\/div>\n\t\t        <\/div>\n\n\t\t\n        <div class=\"iksm-term iksm-term--id-14793 iksm-term--parent\" data-id=\"14793\">\n            <div class=\"iksm-term__inner\" tabindex='0'>\n                <a class=\"iksm-term__link\" href='https:\/\/aswu.edu.eg\/fr\/about\/facilities\/libraries\/' target='_self' tabindex='-1'>\n\t\t\t\t        <span class=\"iksm-term__text\">Biblioth\u00e8ques<\/span>\n\t\t            <\/a>\n\t\t\t        <\/div>\n\t\t        <\/div>\n\n\t\t\n        <div class=\"iksm-term iksm-term--id-14797 iksm-term--parent\" data-id=\"14797\">\n            <div class=\"iksm-term__inner\" tabindex='0'>\n                <a class=\"iksm-term__link\" href='https:\/\/child.aswu.edu.eg\/' target='_self' tabindex='-1'>\n\t\t\t\t        <span class=\"iksm-term__text\">Universit\u00e9 d\u2019enfant<\/span>\n\t\t            <\/a>\n\t\t\t        <\/div>\n\t\t        <\/div>\n\n\t\t<\/div><\/div><\/div><div id=\"iksm_data_args\" class=\"data-args\"  data-collapse_children_terms='1' data-collapse_other_terms='1' data-collapse_animation_duration='400' data-expand_animation_duration='400'><\/div><\/div>\t\t<\/div>\n\t\t\t\t<\/div>\n\t\t\t\t\t<\/div>\n\t\t<\/div>\n\t\t\t\t<div class=\"elementor-column elementor-col-66 elementor-top-column elementor-element elementor-element-3c8acbc\" data-id=\"3c8acbc\" data-element_type=\"column\">\n\t\t\t<div class=\"elementor-widget-wrap elementor-element-populated\">\n\t\t\t\t\t\t<div class=\"elementor-element elementor-element-ff660ab elementor-widget elementor-widget-text-editor\" data-id=\"ff660ab\" data-element_type=\"widget\" data-widget_type=\"text-editor.default\">\n\t\t\t\t<div class=\"elementor-widget-container\">\n\t\t\t\t\t\t\t<p><img decoding=\"async\" class=\"size-full wp-image-22999 alignright\" src=\"https:\/\/aswu.edu.eg\/en\/wp-content\/uploads\/11111-1-300x164-1.jpg\" alt=\"\" width=\"300\" height=\"164\" \/><\/p><p><span style=\"color: #333333\">L&#8217;Universit\u00e9 d&#8217;Assouan joue un r\u00f4le important dans le d\u00e9veloppement de la soci\u00e9t\u00e9 en formant des cadres humains pr\u00eats \u00e0 op\u00e9rer dans une vari\u00e9t\u00e9 de secteurs et de sp\u00e9cialit\u00e9s.<\/span><\/p><p><span style=\"color: #333333\">L&#8217;universit\u00e9 est charg\u00e9e d&#8217;un certain nombre d&#8217;objectifs qui peuvent \u00eatre divis\u00e9s en trois groupes : l&#8217;\u00e9ducation et le d\u00e9veloppement de la main-d&#8217;\u0153uvre, la recherche scientifique et le service communautaire.L&#8217;universit\u00e9 est consid\u00e9r\u00e9e comme l&#8217;institution sociale la plus importante qui influence et est influenc\u00e9e par l&#8217;environnement social qui l&#8217;entoure.En cons\u00e9quence, chaque universit\u00e9 se propose d&#8217;atteindre ses propres objectifs et aujourd&#8217;hui, le service communautaire est l&#8217;un des r\u00f4les les plus importants de l&#8217;universit\u00e9 gr\u00e2ce \u00e0 l&#8217;environnement qu&#8217;il favorise pour la pratique d\u00e9mocratique et la participation effective \u00e0 la prise de d\u00e9cision.<\/span><\/p><p><span style=\"color: #333333\">Il renforce \u00e9galement une attitude s\u00e9rieuse dans le cadre d&#8217;une m\u00e9thode scientifique sp\u00e9cifique qui inclut les conditions sociales, \u00e9conomiques et politiques de la communaut\u00e9, pour rechercher des connaissances, affronter la r\u00e9alit\u00e9 et fa\u00e7onner l&#8217;avenir.<\/span><\/p><div class=\"x_elementToProof x_ContentPasted0 x_ContentPasted6\" style=\"text-align: justify\">\u00a0<\/div>\t\t\t\t\t\t<\/div>\n\t\t\t\t<\/div>\n\t\t\t\t\t<\/div>\n\t\t<\/div>\n\t\t\t\t\t<\/div>\n\t\t<\/section>\n\t\t\t\t<\/div>\n\t\t","protected":false},"excerpt":{"rendered":"<p>L&#8217;Universit\u00e9 d&#8217;Assouan joue un r\u00f4le important dans le d\u00e9veloppement de la soci\u00e9t\u00e9 en formant des cadres humains pr\u00eats \u00e0 op\u00e9rer dans une vari\u00e9t\u00e9 de secteurs et de sp\u00e9cialit\u00e9s. L&#8217;universit\u00e9 est charg\u00e9e d&#8217;un certain nombre d&#8217;objectifs qui peuvent \u00eatre divis\u00e9s en <a href=\"https:\/\/aswu.edu.eg\/fr\/services-aswu\/community-services-aswu\/\" class=\"read-more\">Read More &#8230;<\/a><\/p>\n<div class=\"pvc_clear\"><\/div>\n<p id=\"pvc_stats_13552\" class=\"pvc_stats all  \" data-element-id=\"13552\" style=\"\"><i class=\"pvc-stats-icon medium\" aria-hidden=\"true\"><svg aria-hidden=\"true\" focusable=\"false\" data-prefix=\"far\" data-icon=\"chart-bar\" role=\"img\" xmlns=\"http:\/\/www.w3.org\/2000\/svg\" viewBox=\"0 0 512 512\" class=\"svg-inline--fa fa-chart-bar fa-w-16 fa-2x\"><path fill=\"currentColor\" d=\"M396.8 352h22.4c6.4 0 12.8-6.4 12.8-12.8V108.8c0-6.4-6.4-12.8-12.8-12.8h-22.4c-6.4 0-12.8 6.4-12.8 12.8v230.4c0 6.4 6.4 12.8 12.8 12.8zm-192 0h22.4c6.4 0 12.8-6.4 12.8-12.8V140.8c0-6.4-6.4-12.8-12.8-12.8h-22.4c-6.4 0-12.8 6.4-12.8 12.8v198.4c0 6.4 6.4 12.8 12.8 12.8zm96 0h22.4c6.4 0 12.8-6.4 12.8-12.8V204.8c0-6.4-6.4-12.8-12.8-12.8h-22.4c-6.4 0-12.8 6.4-12.8 12.8v134.4c0 6.4 6.4 12.8 12.8 12.8zM496 400H48V80c0-8.84-7.16-16-16-16H16C7.16 64 0 71.16 0 80v336c0 17.67 14.33 32 32 32h464c8.84 0 16-7.16 16-16v-16c0-8.84-7.16-16-16-16zm-387.2-48h22.4c6.4 0 12.8-6.4 12.8-12.8v-70.4c0-6.4-6.4-12.8-12.8-12.8h-22.4c-6.4 0-12.8 6.4-12.8 12.8v70.4c0 6.4 6.4 12.8 12.8 12.8z\" class=\"\"><\/path><\/svg><\/i> <img decoding=\"async\" width=\"16\" height=\"16\" alt=\"Loading\" src=\"https:\/\/aswu.edu.eg\/fr\/wp-content\/plugins\/page-views-count\/ajax-loader-2x.gif\" border=0 \/><\/p>\n<div class=\"pvc_clear\"><\/div>\n","protected":false},"author":7,"featured_media":0,"parent":13546,"menu_order":0,"comment_status":"closed","ping_status":"closed","template":"","meta":{"footnotes":""},"rttpg_featured_image_url":null,"rttpg_author":{"display_name":"nourhan Monaam","author_link":"https:\/\/aswu.edu.eg\/fr\/author\/edr0asen\/"},"rttpg_comment":0,"rttpg_category":null,"rttpg_excerpt":"L&#8217;Universit\u00e9 d&#8217;Assouan joue un r\u00f4le important dans le d\u00e9veloppement de la soci\u00e9t\u00e9 en formant des cadres humains pr\u00eats \u00e0 op\u00e9rer dans une vari\u00e9t\u00e9 de secteurs et de sp\u00e9cialit\u00e9s. L&#8217;universit\u00e9 est charg\u00e9e d&#8217;un certain nombre d&#8217;objectifs qui peuvent \u00eatre divis\u00e9s en Read More ...","_links":{"self":[{"href":"https:\/\/aswu.edu.eg\/fr\/wp-json\/wp\/v2\/pages\/13552"}],"collection":[{"href":"https:\/\/aswu.edu.eg\/fr\/wp-json\/wp\/v2\/pages"}],"about":[{"href":"https:\/\/aswu.edu.eg\/fr\/wp-json\/wp\/v2\/types\/page"}],"author":[{"embeddable":true,"href":"https:\/\/aswu.edu.eg\/fr\/wp-json\/wp\/v2\/users\/7"}],"replies":[{"embeddable":true,"href":"https:\/\/aswu.edu.eg\/fr\/wp-json\/wp\/v2\/comments?post=13552"}],"version-history":[{"count":18,"href":"https:\/\/aswu.edu.eg\/fr\/wp-json\/wp\/v2\/pages\/13552\/revisions"}],"predecessor-version":[{"id":28655,"href":"https:\/\/aswu.edu.eg\/fr\/wp-json\/wp\/v2\/pages\/13552\/revisions\/28655"}],"up":[{"embeddable":true,"href":"https:\/\/aswu.edu.eg\/fr\/wp-json\/wp\/v2\/pages\/13546"}],"wp:attachment":[{"href":"https:\/\/aswu.edu.eg\/fr\/wp-json\/wp\/v2\/media?parent=13552"}],"curies":[{"name":"wp","href":"https:\/\/api.w.org\/{rel}","templated":true}]}}