{"id":13579,"date":"2022-10-25T11:38:04","date_gmt":"2022-10-25T11:38:04","guid":{"rendered":"http:\/\/193.227.33.90\/aswu\/en\/?page_id=13579"},"modified":"2023-04-11T11:09:38","modified_gmt":"2023-04-11T11:09:38","slug":"alumni-services-aswu","status":"publish","type":"page","link":"https:\/\/aswu.edu.eg\/fr\/services-aswu\/alumni-services-aswu\/","title":{"rendered":"Services aux dipl\u00f4m\u00e9s"},"content":{"rendered":"\t\t<div data-elementor-type=\"wp-page\" data-elementor-id=\"13579\" class=\"elementor elementor-13579\">\n\t\t\t\t\t\t<section class=\"elementor-section elementor-top-section elementor-element elementor-element-f473be2 elementor-section-boxed elementor-section-height-default elementor-section-height-default\" data-id=\"f473be2\" data-element_type=\"section\">\n\t\t\t\t\t\t<div class=\"elementor-container elementor-column-gap-default\">\n\t\t\t\t\t<div class=\"elementor-column elementor-col-33 elementor-top-column elementor-element elementor-element-1f54e7e\" data-id=\"1f54e7e\" data-element_type=\"column\">\n\t\t\t<div class=\"elementor-widget-wrap elementor-element-populated\">\n\t\t\t\t\t\t<div class=\"elementor-element elementor-element-4dd5dfd elementor-widget elementor-widget-wp-widget-iksm-widget\" data-id=\"4dd5dfd\" data-element_type=\"widget\" data-widget_type=\"wp-widget-iksm-widget.default\">\n\t\t\t\t<div class=\"elementor-widget-container\">\n\t\t\t<script id=\"styles-copier-69fe559ee145e\">\n\t\t\t\/\/ Finding styles element\n\t        var element = document.getElementById(\"iksm-dynamic-style\");\n\t        if (!element) { \/\/ If no element (Cache plugins can remove tag), then creating a new one\n                element = document.createElement('style');\n                var head = document.getElementsByTagName(\"head\")\n                if (head && head[0]) {\n                \thead[0].appendChild(element);\n                } else {\n                  \tconsole.warn(\"Iks Menu | Error while printing styles. Please contact technical support.\");\n                }\n\t        }\n\t\t\t\/\/ Copying styles to <styles> tag\n\t        element.innerHTML += \".iksm-23930 .iksm-terms{background-color:rgba(243,243,243,1);width:210px;transition:all 400ms;animation:iks-fade-in 1000ms;}.iksm-23930 .iksm-term__inner{background-color:rgba(231,231,231,1);margin-top:3px;min-height:44px;transition:all 400ms;}.iksm-23930 .iksm-term__inner:hover{background-color:rgba(220,220,220,1);}.iksm-23930 .iksm-term--current > .iksm-term__inner{background-color:rgba(202,229,239,1);}.iksm-23930 .iksm-term__link{color:rgba(0,0,0,1);font-size:15px;line-height:15px;font-weight:400;text-align:left;text-decoration:none;padding-top:5px;padding-right:10px;padding-bottom:5px;padding-left:15px;transition:all 400ms;}.iksm-23930 .iksm-term__inner:hover .iksm-term__link{color:rgba(50,50,50,1);}.iksm-23930 .iksm-term__toggle__inner{transition:transform 400ms}.iksm-23930 .iksm-term--expanded > .iksm-term__inner > .iksm-term__toggle > .iksm-term__toggle__inner{transform:rotate(180deg);}.iksm-23930 .iksm-term__toggle{color:rgba(133,133,133,1);font-size:16px;align-self:unset;;height:25px;width:25px;margin-right:7px;transition:all 400ms;}.iksm-23930 .iksm-term__toggle:hover{color:rgba(0,0,0,1);}.iksm-23930 .iksm-term__image-container{width:30px;min-width:30px;height:30px;min-height:30px;margin-right:15px;transition:all 400ms;}.iksm-23930 .iksm-term__image{background-size:contain;background-position:center;background-repeat:no-repeat;}.iksm-23930 .iksm-term__image-container:hover{background-size:contain;background-position:center;background-repeat:no-repeat;}.iksm-23930 .iksm-term__inner:hover .iksm-term__image-container{background-size:contain;background-position:center;background-repeat:no-repeat;}.iksm-23930 .iksm-term__inner:focus .iksm-term__image-container{background-size:contain;background-position:center;background-repeat:no-repeat;}.iksm-23930 .iksm-term--current > .iksm-term__inner .iksm-term__image-container{background-size:contain;background-position:center;background-repeat:no-repeat;}.iksm-23930 .iksm-term--child .iksm-term__inner .iksm-term__image-container{background-size:contain;background-position:center;background-repeat:no-repeat;}.iksm-23930 .iksm-term--child .iksm-term__inner .iksm-term__image-container:hover{background-size:contain;background-position:center;background-repeat:no-repeat;}.iksm-23930 .iksm-term--child .iksm-term__inner .iksm-term__image-container:focus{background-size:contain;background-position:center;background-repeat:no-repeat;}.iksm-23930 .iksm-term--child.iksm-term--current > .iksm-term__inner .iksm-term__image-container{background-size:contain;background-position:center;background-repeat:no-repeat;}.iksm-23930  .iksm-term__text{flex: unset}.iksm-23930 .iksm-term__posts-count{color:rgba(133,133,133,1);font-size:16px;margin-left:12px;font-weight:400;transition:all 400ms;}\";\n\t        \/\/ Removing this script\n            var this_script = document.getElementById(\"styles-copier-69fe559ee145e\");\n            if (this_script) { \/\/ Cache plugins can remove tag\n\t            this_script.outerHTML = \"\";\n\t            if (this_script.parentNode) {\n\t                this_script.parentNode.removeChild(this_script);\n\t            }\n            }\n        <\/script><div id='iksm-23930' class='iksm iksm-23930 iksm-container '  data-id='23930' data-is-pro='0' data-source='menu'><div class='iksm-terms'><div class='iksm-terms-tree iksm-terms-tree--level-1 iksm-terms-tree--parents' style=''><div class=\"iksm-terms-tree__inner\">\n        <div class=\"iksm-term iksm-term--id-23934 iksm-term--parent\" data-id=\"23934\">\n            <div class=\"iksm-term__inner\" tabindex='0'>\n                <a class=\"iksm-term__link\" href='https:\/\/aswu.edu.eg\/fr\/services-aswu\/alumni-services-aswu\/certificate-verification\/' target='_self' tabindex='-1'>\n\t\t\t\t        <span class=\"iksm-term__text\">V\u00e9rification des certificats<\/span>\n\t\t            <\/a>\n\t\t\t        <\/div>\n\t\t        <\/div>\n\n\t\t\n        <div class=\"iksm-term iksm-term--id-23946 iksm-term--parent\" data-id=\"23946\">\n            <div class=\"iksm-term__inner\" tabindex='0'>\n                <a class=\"iksm-term__link\" href='https:\/\/aswu.edu.eg\/fr\/services-aswu\/alumni-services-aswu\/issuance-of-certificates\/' target='_self' tabindex='-1'>\n\t\t\t\t        <span class=\"iksm-term__text\">D\u00e9livrance de certificats<\/span>\n\t\t            <\/a>\n\t\t\t        <\/div>\n\t\t        <\/div>\n\n\t\t<\/div><\/div><\/div><div id=\"iksm_data_args\" class=\"data-args\"  data-collapse_children_terms='1' data-collapse_other_terms='1' data-collapse_animation_duration='400' data-expand_animation_duration='400'><\/div><\/div>\t\t<\/div>\n\t\t\t\t<\/div>\n\t\t\t\t\t<\/div>\n\t\t<\/div>\n\t\t\t\t<div class=\"elementor-column elementor-col-33 elementor-top-column elementor-element elementor-element-c41f544\" data-id=\"c41f544\" data-element_type=\"column\">\n\t\t\t<div class=\"elementor-widget-wrap elementor-element-populated\">\n\t\t\t\t\t\t<div class=\"elementor-element elementor-element-1815f66 elementor-widget elementor-widget-text-editor\" data-id=\"1815f66\" data-element_type=\"widget\" data-widget_type=\"text-editor.default\">\n\t\t\t\t<div class=\"elementor-widget-container\">\n\t\t\t\t\t\t\t<p><span style=\"color: #333333;font-size: 12pt;font-family: Cairo\">L&#8217;Universit\u00e9 d&#8217;Assouan s&#8217;efforce d&#8217;am\u00e9liorer les performances des dipl\u00f4m\u00e9s de l&#8217;Universit\u00e9 d&#8217;Assouan, d&#8217;augmenter leur efficacit\u00e9 et de d\u00e9velopper leurs capacit\u00e9s, en augmentant leur efficacit\u00e9 et en d\u00e9veloppant leurs capacit\u00e9s, Cr\u00e9er des canaux de communication, suivre leurs performances, l&#8217;\u00e9change d&#8217;exp\u00e9riences entre dipl\u00f4m\u00e9s et \u00e9tudiants, et un travail continu pour am\u00e9liorer cette performance. Ceci est r\u00e9alis\u00e9 gr\u00e2ce \u00e0 :<\/span><\/p><p><span style=\"color: #333333;font-size: 12pt;font-family: Cairo\">1- Construire des canaux de communication et de connexion pour am\u00e9liorer la relation du dipl\u00f4m\u00e9 avec sa facult\u00e9 et son universit\u00e9.<\/span><\/p><p><span style=\"color: #333333;font-size: 12pt;font-family: Cairo\">2- Construire une base de donn\u00e9es des premiers dipl\u00f4m\u00e9s de l&#8217;universit\u00e9.<\/span><\/p><p><span style=\"color: #333333;font-size: 12pt;font-family: Cairo\">3- Pr\u00e9parer des propositions pour le d\u00e9veloppement de l&#8217;administration des dipl\u00f4m\u00e9s \u00e0 l&#8217;universit\u00e9.<\/span><\/p><p><span style=\"color: #333333;font-size: 12pt;font-family: Cairo\">4-Mise \u00e0 jour des donn\u00e9es des dipl\u00f4m\u00e9s des facult\u00e9s universitaires.<\/span><\/p><p><span style=\"color: #333333;font-size: 12pt;font-family: Cairo\">5- Travailler sur la construction de relations externes et internes distingu\u00e9es pour les dipl\u00f4m\u00e9s, ce qui refl\u00e8te le d\u00e9veloppement de l&#8217;universit\u00e9.<\/span><\/p>\t\t\t\t\t\t<\/div>\n\t\t\t\t<\/div>\n\t\t\t\t\t<\/div>\n\t\t<\/div>\n\t\t\t\t<div class=\"elementor-column elementor-col-33 elementor-top-column elementor-element elementor-element-97e4848\" data-id=\"97e4848\" data-element_type=\"column\">\n\t\t\t<div class=\"elementor-widget-wrap elementor-element-populated\">\n\t\t\t\t\t\t<div class=\"elementor-element elementor-element-7cba105 elementor-widget elementor-widget-image\" data-id=\"7cba105\" data-element_type=\"widget\" data-widget_type=\"image.default\">\n\t\t\t\t<div class=\"elementor-widget-container\">\n\t\t\t\t\t\t\t\t\t\t\t\t\t<img fetchpriority=\"high\" decoding=\"async\" width=\"469\" height=\"313\" src=\"https:\/\/aswu.edu.eg\/fr\/wp-content\/uploads\/999.png\" class=\"attachment-large size-large wp-image-23280\" alt=\"\" \/>\t\t\t\t\t\t\t\t\t\t\t\t\t<\/div>\n\t\t\t\t<\/div>\n\t\t\t\t\t<\/div>\n\t\t<\/div>\n\t\t\t\t\t<\/div>\n\t\t<\/section>\n\t\t\t\t<\/div>\n\t\t","protected":false},"excerpt":{"rendered":"<p>L&#8217;Universit\u00e9 d&#8217;Assouan s&#8217;efforce d&#8217;am\u00e9liorer les performances des dipl\u00f4m\u00e9s de l&#8217;Universit\u00e9 d&#8217;Assouan, d&#8217;augmenter leur efficacit\u00e9 et de d\u00e9velopper leurs capacit\u00e9s, en augmentant leur efficacit\u00e9 et en d\u00e9veloppant leurs capacit\u00e9s, Cr\u00e9er des canaux de communication, suivre leurs performances, l&#8217;\u00e9change d&#8217;exp\u00e9riences entre dipl\u00f4m\u00e9s <a href=\"https:\/\/aswu.edu.eg\/fr\/services-aswu\/alumni-services-aswu\/\" class=\"read-more\">Read More &#8230;<\/a><\/p>\n<div class=\"pvc_clear\"><\/div>\n<p id=\"pvc_stats_13579\" class=\"pvc_stats all  \" data-element-id=\"13579\" style=\"\"><i class=\"pvc-stats-icon medium\" aria-hidden=\"true\"><svg aria-hidden=\"true\" focusable=\"false\" data-prefix=\"far\" data-icon=\"chart-bar\" role=\"img\" xmlns=\"http:\/\/www.w3.org\/2000\/svg\" viewBox=\"0 0 512 512\" class=\"svg-inline--fa fa-chart-bar fa-w-16 fa-2x\"><path fill=\"currentColor\" d=\"M396.8 352h22.4c6.4 0 12.8-6.4 12.8-12.8V108.8c0-6.4-6.4-12.8-12.8-12.8h-22.4c-6.4 0-12.8 6.4-12.8 12.8v230.4c0 6.4 6.4 12.8 12.8 12.8zm-192 0h22.4c6.4 0 12.8-6.4 12.8-12.8V140.8c0-6.4-6.4-12.8-12.8-12.8h-22.4c-6.4 0-12.8 6.4-12.8 12.8v198.4c0 6.4 6.4 12.8 12.8 12.8zm96 0h22.4c6.4 0 12.8-6.4 12.8-12.8V204.8c0-6.4-6.4-12.8-12.8-12.8h-22.4c-6.4 0-12.8 6.4-12.8 12.8v134.4c0 6.4 6.4 12.8 12.8 12.8zM496 400H48V80c0-8.84-7.16-16-16-16H16C7.16 64 0 71.16 0 80v336c0 17.67 14.33 32 32 32h464c8.84 0 16-7.16 16-16v-16c0-8.84-7.16-16-16-16zm-387.2-48h22.4c6.4 0 12.8-6.4 12.8-12.8v-70.4c0-6.4-6.4-12.8-12.8-12.8h-22.4c-6.4 0-12.8 6.4-12.8 12.8v70.4c0 6.4 6.4 12.8 12.8 12.8z\" class=\"\"><\/path><\/svg><\/i> <img decoding=\"async\" width=\"16\" height=\"16\" alt=\"Loading\" src=\"https:\/\/aswu.edu.eg\/fr\/wp-content\/plugins\/page-views-count\/ajax-loader-2x.gif\" border=0 \/><\/p>\n<div class=\"pvc_clear\"><\/div>\n","protected":false},"author":7,"featured_media":0,"parent":13546,"menu_order":0,"comment_status":"closed","ping_status":"closed","template":"","meta":{"footnotes":""},"rttpg_featured_image_url":null,"rttpg_author":{"display_name":"nourhan Monaam","author_link":"https:\/\/aswu.edu.eg\/fr\/author\/edr0asen\/"},"rttpg_comment":0,"rttpg_category":null,"rttpg_excerpt":"L&#8217;Universit\u00e9 d&#8217;Assouan s&#8217;efforce d&#8217;am\u00e9liorer les performances des dipl\u00f4m\u00e9s de l&#8217;Universit\u00e9 d&#8217;Assouan, d&#8217;augmenter leur efficacit\u00e9 et de d\u00e9velopper leurs capacit\u00e9s, en augmentant leur efficacit\u00e9 et en d\u00e9veloppant leurs capacit\u00e9s, Cr\u00e9er des canaux de communication, suivre leurs performances, l&#8217;\u00e9change d&#8217;exp\u00e9riences entre dipl\u00f4m\u00e9s Read More ...","_links":{"self":[{"href":"https:\/\/aswu.edu.eg\/fr\/wp-json\/wp\/v2\/pages\/13579"}],"collection":[{"href":"https:\/\/aswu.edu.eg\/fr\/wp-json\/wp\/v2\/pages"}],"about":[{"href":"https:\/\/aswu.edu.eg\/fr\/wp-json\/wp\/v2\/types\/page"}],"author":[{"embeddable":true,"href":"https:\/\/aswu.edu.eg\/fr\/wp-json\/wp\/v2\/users\/7"}],"replies":[{"embeddable":true,"href":"https:\/\/aswu.edu.eg\/fr\/wp-json\/wp\/v2\/comments?post=13579"}],"version-history":[{"count":18,"href":"https:\/\/aswu.edu.eg\/fr\/wp-json\/wp\/v2\/pages\/13579\/revisions"}],"predecessor-version":[{"id":29329,"href":"https:\/\/aswu.edu.eg\/fr\/wp-json\/wp\/v2\/pages\/13579\/revisions\/29329"}],"up":[{"embeddable":true,"href":"https:\/\/aswu.edu.eg\/fr\/wp-json\/wp\/v2\/pages\/13546"}],"wp:attachment":[{"href":"https:\/\/aswu.edu.eg\/fr\/wp-json\/wp\/v2\/media?parent=13579"}],"curies":[{"name":"wp","href":"https:\/\/api.w.org\/{rel}","templated":true}]}}