{"id":13659,"date":"2022-10-25T12:12:07","date_gmt":"2022-10-25T12:12:07","guid":{"rendered":"http:\/\/193.227.33.90\/aswu\/en\/?page_id=13659"},"modified":"2024-05-28T10:32:54","modified_gmt":"2024-05-28T10:32:54","slug":"key-facts","status":"publish","type":"page","link":"https:\/\/aswu.edu.eg\/fr\/about\/key-facts\/","title":{"rendered":"Faits cl\u00e9s"},"content":{"rendered":"\t\t<div data-elementor-type=\"wp-page\" data-elementor-id=\"13659\" class=\"elementor elementor-13659\">\n\t\t\t\t\t\t<section class=\"elementor-section elementor-top-section elementor-element elementor-element-b5b9ee2 elementor-section-boxed elementor-section-height-default elementor-section-height-default\" data-id=\"b5b9ee2\" data-element_type=\"section\">\n\t\t\t\t\t\t<div class=\"elementor-container elementor-column-gap-default\">\n\t\t\t\t\t<div class=\"elementor-column elementor-col-33 elementor-top-column elementor-element elementor-element-0bd4d19\" data-id=\"0bd4d19\" data-element_type=\"column\">\n\t\t\t<div class=\"elementor-widget-wrap elementor-element-populated\">\n\t\t\t\t\t\t<div class=\"elementor-element elementor-element-4f48eb3 elementor-widget elementor-widget-wp-widget-iksm-widget\" data-id=\"4f48eb3\" data-element_type=\"widget\" data-widget_type=\"wp-widget-iksm-widget.default\">\n\t\t\t\t<div class=\"elementor-widget-container\">\n\t\t\t<script id=\"styles-copier-69f0ffc1550a2\">\n\t\t\t\/\/ Finding styles element\n\t        var element = document.getElementById(\"iksm-dynamic-style\");\n\t        if (!element) { \/\/ If no element (Cache plugins can remove tag), then creating a new one\n                element = document.createElement('style');\n                var head = document.getElementsByTagName(\"head\")\n                if (head && head[0]) {\n                \thead[0].appendChild(element);\n                } else {\n                  \tconsole.warn(\"Iks Menu | Error while printing styles. Please contact technical support.\");\n                }\n\t        }\n\t\t\t\/\/ Copying styles to <styles> tag\n\t        element.innerHTML += \".iksm-16534 .iksm-terms{background-color:rgba(243,243,243,1);width:200px;transition:all 400ms;animation:iks-fade-in 1000ms;}.iksm-16534 .iksm-term__inner{background-color:rgba(231,231,231,1);margin-top:3px;min-height:44px;transition:all 400ms;}.iksm-16534 .iksm-term__inner:hover{background-color:rgba(220,220,220,1);}.iksm-16534 .iksm-term--current > .iksm-term__inner{background-color:rgba(202,229,239,1);}.iksm-16534 .iksm-term__link{color:rgba(0,0,0,1);font-size:15px;line-height:15px;font-weight:400;text-align:left;text-decoration:none;padding-top:5px;padding-right:10px;padding-bottom:5px;padding-left:15px;transition:all 400ms;}.iksm-16534 .iksm-term__inner:hover .iksm-term__link{color:rgba(50,50,50,1);}.iksm-16534 .iksm-term__toggle__inner{transition:transform 400ms}.iksm-16534 .iksm-term--expanded > .iksm-term__inner > .iksm-term__toggle > .iksm-term__toggle__inner{transform:rotate(180deg);}.iksm-16534 .iksm-term__toggle{color:rgba(133,133,133,1);font-size:16px;align-self:unset;;height:25px;width:25px;margin-right:7px;transition:all 400ms;}.iksm-16534 .iksm-term__toggle:hover{color:rgba(0,0,0,1);}.iksm-16534 .iksm-term__image-container{width:30px;min-width:30px;height:30px;min-height:30px;margin-right:15px;transition:all 400ms;}.iksm-16534 .iksm-term__image{background-size:contain;background-position:center;background-repeat:no-repeat;}.iksm-16534 .iksm-term__image-container:hover{background-size:contain;background-position:center;background-repeat:no-repeat;}.iksm-16534 .iksm-term__inner:hover .iksm-term__image-container{background-size:contain;background-position:center;background-repeat:no-repeat;}.iksm-16534 .iksm-term__inner:focus .iksm-term__image-container{background-size:contain;background-position:center;background-repeat:no-repeat;}.iksm-16534 .iksm-term--current > .iksm-term__inner .iksm-term__image-container{background-size:contain;background-position:center;background-repeat:no-repeat;}.iksm-16534 .iksm-term--child .iksm-term__inner .iksm-term__image-container{background-size:contain;background-position:center;background-repeat:no-repeat;}.iksm-16534 .iksm-term--child .iksm-term__inner .iksm-term__image-container:hover{background-size:contain;background-position:center;background-repeat:no-repeat;}.iksm-16534 .iksm-term--child .iksm-term__inner .iksm-term__image-container:focus{background-size:contain;background-position:center;background-repeat:no-repeat;}.iksm-16534 .iksm-term--child.iksm-term--current > .iksm-term__inner .iksm-term__image-container{background-size:contain;background-position:center;background-repeat:no-repeat;}.iksm-16534  .iksm-term__text{flex: unset}.iksm-16534 .iksm-term__posts-count{color:rgba(133,133,133,1);font-size:16px;margin-left:12px;font-weight:400;transition:all 400ms;}\";\n\t        \/\/ Removing this script\n            var this_script = document.getElementById(\"styles-copier-69f0ffc1550a2\");\n            if (this_script) { \/\/ Cache plugins can remove tag\n\t            this_script.outerHTML = \"\";\n\t            if (this_script.parentNode) {\n\t                this_script.parentNode.removeChild(this_script);\n\t            }\n            }\n        <\/script><div id='iksm-16534' class='iksm iksm-16534 iksm-container '  data-id='16534' data-is-pro='0' data-source='menu'><div class='iksm-terms'><div class='iksm-terms-tree iksm-terms-tree--level-1 iksm-terms-tree--parents' style=''><div class=\"iksm-terms-tree__inner\">\n        <div class=\"iksm-term iksm-term--id-16522 iksm-term--parent\" data-id=\"16522\">\n            <div class=\"iksm-term__inner\" tabindex='0'>\n                <a class=\"iksm-term__link\" href='https:\/\/aswu.edu.eg\/fr\/about\/key-facts\/' target='_self' tabindex='-1'>\n\t\t\t\t        <span class=\"iksm-term__text\">Faits cl\u00e9s<\/span>\n\t\t            <\/a>\n\t\t\t        <\/div>\n\t\t        <\/div>\n\n\t\t\n        <div class=\"iksm-term iksm-term--id-16523 iksm-term--parent\" data-id=\"16523\">\n            <div class=\"iksm-term__inner\" tabindex='0'>\n                <a class=\"iksm-term__link\" href='https:\/\/aswu.edu.eg\/fr\/about\/key-facts\/vision-mission-goals\/' target='_self' tabindex='-1'>\n\t\t\t\t        <span class=\"iksm-term__text\">Vision, Mission et objectifs<\/span>\n\t\t            <\/a>\n\t\t\t        <\/div>\n\t\t        <\/div>\n\n\t\t\n        <div class=\"iksm-term iksm-term--id-16530 iksm-term--parent\" data-id=\"16530\">\n            <div class=\"iksm-term__inner\" tabindex='0'>\n                <a class=\"iksm-term__link\" href='https:\/\/aswu.edu.eg\/fr\/about\/key-facts\/history\/' target='_self' tabindex='-1'>\n\t\t\t\t        <span class=\"iksm-term__text\">L\u2019histoire<\/span>\n\t\t            <\/a>\n\t\t\t        <\/div>\n\t\t        <\/div>\n\n\t\t\n        <div class=\"iksm-term iksm-term--id-16533 iksm-term--parent\" data-id=\"16533\">\n            <div class=\"iksm-term__inner\" tabindex='0'>\n                <a class=\"iksm-term__link\" href='https:\/\/aswu.edu.eg\/fr\/about\/key-facts\/leadership-team\/' target='_self' tabindex='-1'>\n\t\t\t\t        <span class=\"iksm-term__text\">Leadership<\/span>\n\t\t            <\/a>\n\t\t\t        <\/div>\n\t\t        <\/div>\n\n\t\t\n        <div class=\"iksm-term iksm-term--id-16529 iksm-term--parent\" data-id=\"16529\">\n            <div class=\"iksm-term__inner\" tabindex='0'>\n                <a class=\"iksm-term__link\" href='https:\/\/aswu.edu.eg\/fr\/about\/key-facts\/campus\/' target='_self' tabindex='-1'>\n\t\t\t\t        <span class=\"iksm-term__text\">Campus<\/span>\n\t\t            <\/a>\n\t\t\t        <\/div>\n\t\t        <\/div>\n\n\t\t<\/div><\/div><\/div><div id=\"iksm_data_args\" class=\"data-args\"  data-collapse_children_terms='1' data-collapse_other_terms='1' data-collapse_animation_duration='400' data-expand_animation_duration='400'><\/div><\/div>\t\t<\/div>\n\t\t\t\t<\/div>\n\t\t\t\t\t<\/div>\n\t\t<\/div>\n\t\t\t\t<div class=\"elementor-column elementor-col-66 elementor-top-column elementor-element elementor-element-d234a4d\" data-id=\"d234a4d\" data-element_type=\"column\">\n\t\t\t<div class=\"elementor-widget-wrap elementor-element-populated\">\n\t\t\t\t\t\t<section class=\"elementor-section elementor-inner-section elementor-element elementor-element-4dafb2d elementor-section-boxed elementor-section-height-default elementor-section-height-default\" data-id=\"4dafb2d\" data-element_type=\"section\">\n\t\t\t\t\t\t<div class=\"elementor-container elementor-column-gap-default\">\n\t\t\t\t\t<div class=\"elementor-column elementor-col-50 elementor-inner-column elementor-element elementor-element-e1abeb2\" data-id=\"e1abeb2\" data-element_type=\"column\">\n\t\t\t<div class=\"elementor-widget-wrap elementor-element-populated\">\n\t\t\t\t\t\t<div class=\"elementor-element elementor-element-a43d86f elementor-widget elementor-widget-text-editor\" data-id=\"a43d86f\" data-element_type=\"widget\" data-widget_type=\"text-editor.default\">\n\t\t\t\t<div class=\"elementor-widget-container\">\n\t\t\t\t\t\t\t<div style=\"border: 0px;font-size: 12pt;line-height: inherit;font-family: Calibri, Arial, Helvetica, sans-serif;margin: 0px;padding: 0px;vertical-align: baseline;color: black\"><p style=\"text-align: justify\"><span style=\"font-size: 17px;color: #333333\">Nous pr\u00e9sentons ici toutes les informations et d\u00e9tails sur l\u2019universit\u00e9, o\u00f9 la vision, la mission et l\u2019histoire, o\u00f9 l\u2019universit\u00e9 comprend (8) facult\u00e9s scientifiques et (10) facult\u00e9s litt\u00e9raires en plus deux instituts, et l\u2019Universit\u00e9\u00a0 permet l\u2019\u00e9tude pour les \u00e9tudiants de licence et des \u00e9tudes sup\u00e9rieures pour les dipl\u00f4mes de master et de doctorat.\u00a0<\/span><\/p><\/div><div style=\"border: 0px;font-size: 12pt;line-height: inherit;font-family: Calibri, Arial, Helvetica, sans-serif;margin: 0px;padding: 0px;vertical-align: baseline;color: black\"><div style=\"border: 0px;font: inherit;margin: 0px;padding: 0px;vertical-align: baseline;color: inherit\"><span style=\"font-family: Cairo;font-size: 12pt;color: #003366\"><b>Scientifiques Facult\u00e9s:<\/b><\/span><\/div><div style=\"border: 0px;font: inherit;margin: 0px;padding: 0px;vertical-align: baseline;color: inherit\"><span style=\"font-family: Cairo;font-size: 12pt;color: #0000ff\"><a style=\"color: #0000ff;text-decoration: underline\" href=\"http:\/\/sci.aswu.edu.eg\/en\">Science<\/a>&#8211; <a style=\"color: #0000ff;text-decoration: underline\" href=\"http:\/\/eng.aswu.edu.eg\/en\">Ing\u00e9nierie<\/a>&#8211; <a style=\"color: #0000ff;text-decoration: underline\" href=\"http:\/\/vet.aswu.edu.eg\/en\">M\u00e9decine v\u00e9t\u00e9rinaire<\/a>&#8211;<a style=\"color: #0000ff;text-decoration: underline\" href=\"http:\/\/med.aswu.edu.eg\/en\">M\u00e9decine<\/a>&#8211; <a style=\"color: #0000ff;text-decoration: underline\" href=\"http:\/\/nursing.aswu.edu.eg\/en\">sciences infirmi\u00e8re<\/a>&#8211;<a style=\"color: #0000ff;text-decoration: underline\" href=\"http:\/\/agr.aswu.edu.eg\/en\">Agriculture et ressources naturelles<\/a>&#8211;<a style=\"color: #0000ff;text-decoration: underline\" href=\"https:\/\/energy.aswu.edu.eg\/en\">Ing\u00e9nierie \u00e9nerg\u00e9tique<\/a>&#8211;<a style=\"color: #0000ff;text-decoration: underline\" href=\"https:\/\/fish.aswu.edu.eg\/en\">Technologie des p\u00eaches de poissons<\/a><\/span><\/div><div style=\"border: 0px;font: inherit;margin: 0px;padding: 0px;vertical-align: baseline;color: inherit\"><span style=\"font-family: Cairo;font-size: 12pt;color: #003366\"><b>Litt\u00e9raires Facult\u00e9s:<\/b><\/span><\/div><div style=\"border: 0px;font: inherit;margin: 0px;padding: 0px;vertical-align: baseline;color: inherit\"><span style=\"font-family: Cairo;font-size: 12pt;color: #0000ff\"><a style=\"color: #0000ff;text-decoration: underline\" href=\"https:\/\/law.aswu.edu.eg\/en\">Droits<\/a>&#8211; <a style=\"color: #0000ff;text-decoration: underline\" href=\"https:\/\/dar.aswu.edu.eg\/en\">Dar El-Oloum<\/a> &#8211; <a style=\"color: #0000ff;text-decoration: underline\" href=\"http:\/\/arts.aswu.edu.eg\/en\">Lettres<\/a>&#8211; <a style=\"color: #0000ff;text-decoration: underline\" href=\"http:\/\/lang.aswu.edu.eg\/en\">Alsun <\/a>&#8211; <a style=\"color: #0000ff;text-decoration: underline\" href=\"http:\/\/arc.aswu.edu.eg\/en\">Arch\u00e9ologie<\/a>&#8211; <a style=\"color: #0000ff;text-decoration: underline\" href=\"http:\/\/com.aswu.edu.eg\/en\">Commerce<\/a> &#8211; <a style=\"color: #0000ff;text-decoration: underline\" href=\"http:\/\/edu.aswu.edu.eg\/en\">Education<\/a> &#8211; <a style=\"color: #0000ff;text-decoration: underline\" href=\"http:\/\/spec.aswu.edu.eg\/en\">Education sp\u00e9cifique<\/a>&#8211; <a style=\"color: #0000ff;text-decoration: underline\" href=\"http:\/\/sworks.aswu.edu.eg\/en\">Service social<\/a>&#8211; <a style=\"color: #0000ff;text-decoration: underline\" href=\"http:\/\/phy.aswu.edu.eg\/en\">Education physique<\/a><\/span><\/div><div style=\"border: 0px;font: inherit;margin: 0px;padding: 0px;vertical-align: baseline;color: inherit\"><span style=\"font-family: Cairo;font-size: 12pt;color: #003366\"><b>Instituts:<\/b><\/span><\/div><p><span style=\"font-family: Cairo;font-size: 12pt;color: #0000ff\"><a style=\"color: #0000ff;text-decoration: underline\" href=\"http:\/\/afr.aswu.edu.eg\/en\">Institut de recherches et d\u2019\u00e9tudes africaines et pays du bassin du Nil- <\/a>\u00a0<a style=\"color: #0000ff;text-decoration: underline\" href=\"http:\/\/inurs.aswu.edu.eg\/en\"> Institut de Technique d&#8217;Infirmi\u00e8re<\/a><\/span><\/p><\/div>\t\t\t\t\t\t<\/div>\n\t\t\t\t<\/div>\n\t\t\t\t\t<\/div>\n\t\t<\/div>\n\t\t\t\t<div class=\"elementor-column elementor-col-50 elementor-inner-column elementor-element elementor-element-3cb85cf\" data-id=\"3cb85cf\" data-element_type=\"column\">\n\t\t\t<div class=\"elementor-widget-wrap elementor-element-populated\">\n\t\t\t\t\t\t<div class=\"elementor-element elementor-element-9cdc91b elementor-widget elementor-widget-image\" data-id=\"9cdc91b\" data-element_type=\"widget\" data-widget_type=\"image.default\">\n\t\t\t\t<div class=\"elementor-widget-container\">\n\t\t\t\t\t\t\t\t\t\t\t\t\t<img fetchpriority=\"high\" decoding=\"async\" width=\"338\" height=\"450\" src=\"https:\/\/aswu.edu.eg\/fr\/wp-content\/uploads\/6666.png\" class=\"attachment-large size-large wp-image-19383\" alt=\"\" \/>\t\t\t\t\t\t\t\t\t\t\t\t\t<\/div>\n\t\t\t\t<\/div>\n\t\t\t\t\t<\/div>\n\t\t<\/div>\n\t\t\t\t\t<\/div>\n\t\t<\/section>\n\t\t\t\t\t<\/div>\n\t\t<\/div>\n\t\t\t\t\t<\/div>\n\t\t<\/section>\n\t\t\t\t<\/div>\n\t\t","protected":false},"excerpt":{"rendered":"<p>Nous pr\u00e9sentons ici toutes les informations et d\u00e9tails sur l\u2019universit\u00e9, o\u00f9 la vision, la mission et l\u2019histoire, o\u00f9 l\u2019universit\u00e9 comprend (8) facult\u00e9s scientifiques et (10) facult\u00e9s litt\u00e9raires en plus deux instituts, et l\u2019Universit\u00e9\u00a0 permet l\u2019\u00e9tude pour les \u00e9tudiants de licence <a href=\"https:\/\/aswu.edu.eg\/fr\/about\/key-facts\/\" class=\"read-more\">Read More &#8230;<\/a><\/p>\n<div class=\"pvc_clear\"><\/div>\n<p id=\"pvc_stats_13659\" class=\"pvc_stats all  \" data-element-id=\"13659\" style=\"\"><i class=\"pvc-stats-icon medium\" aria-hidden=\"true\"><svg aria-hidden=\"true\" focusable=\"false\" data-prefix=\"far\" data-icon=\"chart-bar\" role=\"img\" xmlns=\"http:\/\/www.w3.org\/2000\/svg\" viewBox=\"0 0 512 512\" class=\"svg-inline--fa fa-chart-bar fa-w-16 fa-2x\"><path fill=\"currentColor\" d=\"M396.8 352h22.4c6.4 0 12.8-6.4 12.8-12.8V108.8c0-6.4-6.4-12.8-12.8-12.8h-22.4c-6.4 0-12.8 6.4-12.8 12.8v230.4c0 6.4 6.4 12.8 12.8 12.8zm-192 0h22.4c6.4 0 12.8-6.4 12.8-12.8V140.8c0-6.4-6.4-12.8-12.8-12.8h-22.4c-6.4 0-12.8 6.4-12.8 12.8v198.4c0 6.4 6.4 12.8 12.8 12.8zm96 0h22.4c6.4 0 12.8-6.4 12.8-12.8V204.8c0-6.4-6.4-12.8-12.8-12.8h-22.4c-6.4 0-12.8 6.4-12.8 12.8v134.4c0 6.4 6.4 12.8 12.8 12.8zM496 400H48V80c0-8.84-7.16-16-16-16H16C7.16 64 0 71.16 0 80v336c0 17.67 14.33 32 32 32h464c8.84 0 16-7.16 16-16v-16c0-8.84-7.16-16-16-16zm-387.2-48h22.4c6.4 0 12.8-6.4 12.8-12.8v-70.4c0-6.4-6.4-12.8-12.8-12.8h-22.4c-6.4 0-12.8 6.4-12.8 12.8v70.4c0 6.4 6.4 12.8 12.8 12.8z\" class=\"\"><\/path><\/svg><\/i> <img decoding=\"async\" width=\"16\" height=\"16\" alt=\"Loading\" src=\"https:\/\/aswu.edu.eg\/fr\/wp-content\/plugins\/page-views-count\/ajax-loader-2x.gif\" border=0 \/><\/p>\n<div class=\"pvc_clear\"><\/div>\n","protected":false},"author":7,"featured_media":0,"parent":2313,"menu_order":0,"comment_status":"closed","ping_status":"closed","template":"","meta":{"footnotes":""},"rttpg_featured_image_url":null,"rttpg_author":{"display_name":"nourhan Monaam","author_link":"https:\/\/aswu.edu.eg\/fr\/author\/edr0asen\/"},"rttpg_comment":0,"rttpg_category":null,"rttpg_excerpt":"Nous pr\u00e9sentons ici toutes les informations et d\u00e9tails sur l\u2019universit\u00e9, o\u00f9 la vision, la mission et l\u2019histoire, o\u00f9 l\u2019universit\u00e9 comprend (8) facult\u00e9s scientifiques et (10) facult\u00e9s litt\u00e9raires en plus deux instituts, et l\u2019Universit\u00e9\u00a0 permet l\u2019\u00e9tude pour les \u00e9tudiants de licence Read More ...","_links":{"self":[{"href":"https:\/\/aswu.edu.eg\/fr\/wp-json\/wp\/v2\/pages\/13659"}],"collection":[{"href":"https:\/\/aswu.edu.eg\/fr\/wp-json\/wp\/v2\/pages"}],"about":[{"href":"https:\/\/aswu.edu.eg\/fr\/wp-json\/wp\/v2\/types\/page"}],"author":[{"embeddable":true,"href":"https:\/\/aswu.edu.eg\/fr\/wp-json\/wp\/v2\/users\/7"}],"replies":[{"embeddable":true,"href":"https:\/\/aswu.edu.eg\/fr\/wp-json\/wp\/v2\/comments?post=13659"}],"version-history":[{"count":71,"href":"https:\/\/aswu.edu.eg\/fr\/wp-json\/wp\/v2\/pages\/13659\/revisions"}],"predecessor-version":[{"id":30314,"href":"https:\/\/aswu.edu.eg\/fr\/wp-json\/wp\/v2\/pages\/13659\/revisions\/30314"}],"up":[{"embeddable":true,"href":"https:\/\/aswu.edu.eg\/fr\/wp-json\/wp\/v2\/pages\/2313"}],"wp:attachment":[{"href":"https:\/\/aswu.edu.eg\/fr\/wp-json\/wp\/v2\/media?parent=13659"}],"curies":[{"name":"wp","href":"https:\/\/api.w.org\/{rel}","templated":true}]}}