{"id":13754,"date":"2022-10-26T18:04:03","date_gmt":"2022-10-26T18:04:03","guid":{"rendered":"http:\/\/193.227.33.90\/aswu\/en\/?page_id=13754"},"modified":"2022-12-27T09:19:54","modified_gmt":"2022-12-27T09:19:54","slug":"child-university-vision-mission","status":"publish","type":"page","link":"https:\/\/aswu.edu.eg\/fr\/education\/child-university\/child-university-vision-mission\/","title":{"rendered":"Vision, Mission et Objectifs"},"content":{"rendered":"\t\t<div data-elementor-type=\"wp-page\" data-elementor-id=\"13754\" class=\"elementor elementor-13754\">\n\t\t\t\t\t\t<section class=\"elementor-section elementor-top-section elementor-element elementor-element-41d91d0 elementor-section-boxed elementor-section-height-default elementor-section-height-default\" data-id=\"41d91d0\" data-element_type=\"section\">\n\t\t\t\t\t\t<div class=\"elementor-container elementor-column-gap-default\">\n\t\t\t\t\t<div class=\"elementor-column elementor-col-33 elementor-top-column elementor-element elementor-element-69e07e8\" data-id=\"69e07e8\" data-element_type=\"column\">\n\t\t\t<div class=\"elementor-widget-wrap elementor-element-populated\">\n\t\t\t\t\t\t<div class=\"elementor-element elementor-element-db0261e elementor-widget elementor-widget-wp-widget-iksm-widget\" data-id=\"db0261e\" data-element_type=\"widget\" data-widget_type=\"wp-widget-iksm-widget.default\">\n\t\t\t\t<div class=\"elementor-widget-container\">\n\t\t\t<script id=\"styles-copier-69e2917b8008d\">\n\t\t\t\/\/ Finding styles element\n\t        var element = document.getElementById(\"iksm-dynamic-style\");\n\t        if (!element) { \/\/ If no element (Cache plugins can remove tag), then creating a new one\n                element = document.createElement('style');\n                var head = document.getElementsByTagName(\"head\")\n                if (head && head[0]) {\n                \thead[0].appendChild(element);\n                } else {\n                  \tconsole.warn(\"Iks Menu | Error while printing styles. Please contact technical support.\");\n                }\n\t        }\n\t\t\t\/\/ Copying styles to <styles> tag\n\t        element.innerHTML += \".iksm-13779 .iksm-terms{background-color:rgba(243,243,243,1);width:200px;transition:all 400ms;animation:iks-fade-in 1000ms;}.iksm-13779 .iksm-term__inner{background-color:rgba(231,231,231,1);margin-top:3px;min-height:44px;transition:all 400ms;}.iksm-13779 .iksm-term__inner:hover{background-color:rgba(220,220,220,1);}.iksm-13779 .iksm-term--current > .iksm-term__inner{background-color:rgba(202,229,239,1);}.iksm-13779 .iksm-term__link{color:rgba(0,0,0,1);font-size:15px;line-height:15px;font-weight:400;text-align:left;text-decoration:none;padding-top:5px;padding-right:10px;padding-bottom:5px;padding-left:15px;transition:all 400ms;}.iksm-13779 .iksm-term__inner:hover .iksm-term__link{color:rgba(50,50,50,1);}.iksm-13779 .iksm-term__toggle__inner{transition:transform 400ms}.iksm-13779 .iksm-term--expanded > .iksm-term__inner > .iksm-term__toggle > .iksm-term__toggle__inner{transform:rotate(180deg);}.iksm-13779 .iksm-term__toggle{color:rgba(133,133,133,1);font-size:16px;align-self:unset;;height:25px;width:25px;margin-right:7px;transition:all 400ms;}.iksm-13779 .iksm-term__toggle:hover{color:rgba(0,0,0,1);}.iksm-13779 .iksm-term__image-container{width:30px;min-width:30px;height:30px;min-height:30px;margin-right:15px;transition:all 400ms;}.iksm-13779 .iksm-term__image{background-size:contain;background-position:center;background-repeat:no-repeat;}.iksm-13779 .iksm-term__image-container:hover{background-size:contain;background-position:center;background-repeat:no-repeat;}.iksm-13779 .iksm-term__inner:hover .iksm-term__image-container{background-size:contain;background-position:center;background-repeat:no-repeat;}.iksm-13779 .iksm-term__inner:focus .iksm-term__image-container{background-size:contain;background-position:center;background-repeat:no-repeat;}.iksm-13779 .iksm-term--current > .iksm-term__inner .iksm-term__image-container{background-size:contain;background-position:center;background-repeat:no-repeat;}.iksm-13779 .iksm-term--child .iksm-term__inner .iksm-term__image-container{background-size:contain;background-position:center;background-repeat:no-repeat;}.iksm-13779 .iksm-term--child .iksm-term__inner .iksm-term__image-container:hover{background-size:contain;background-position:center;background-repeat:no-repeat;}.iksm-13779 .iksm-term--child .iksm-term__inner .iksm-term__image-container:focus{background-size:contain;background-position:center;background-repeat:no-repeat;}.iksm-13779 .iksm-term--child.iksm-term--current > .iksm-term__inner .iksm-term__image-container{background-size:contain;background-position:center;background-repeat:no-repeat;}.iksm-13779  .iksm-term__text{flex: unset}.iksm-13779 .iksm-term__posts-count{color:rgba(133,133,133,1);font-size:16px;margin-left:12px;font-weight:400;transition:all 400ms;}\";\n\t        \/\/ Removing this script\n            var this_script = document.getElementById(\"styles-copier-69e2917b8008d\");\n            if (this_script) { \/\/ Cache plugins can remove tag\n\t            this_script.outerHTML = \"\";\n\t            if (this_script.parentNode) {\n\t                this_script.parentNode.removeChild(this_script);\n\t            }\n            }\n        <\/script><div id='iksm-13779' class='iksm iksm-13779 iksm-container '  data-id='13779' data-is-pro='0' data-source='menu'><div class='iksm-terms'><div class='iksm-terms-tree iksm-terms-tree--level-1 iksm-terms-tree--parents' style=''><div class=\"iksm-terms-tree__inner\">\n        <div class=\"iksm-term iksm-term--id-14446 iksm-term--parent\" data-id=\"14446\">\n            <div class=\"iksm-term__inner\" tabindex='0'>\n                <a class=\"iksm-term__link\" href='https:\/\/aswu.edu.eg\/fr\/education\/child-university\/' target='_self' tabindex='-1'>\n\t\t\t\t        <span class=\"iksm-term__text\">Universit\u00e9 d\u2019enfant<\/span>\n\t\t            <\/a>\n\t\t\t        <\/div>\n\t\t        <\/div>\n\n\t\t\n        <div class=\"iksm-term iksm-term--id-13772 iksm-term--parent\" data-id=\"13772\">\n            <div class=\"iksm-term__inner\" tabindex='0'>\n                <a class=\"iksm-term__link\" href='https:\/\/aswu.edu.eg\/fr\/education\/child-university\/child-university-vision-mission\/' target='_self' tabindex='-1'>\n\t\t\t\t        <span class=\"iksm-term__text\">Vision, Mission et Objectifs<\/span>\n\t\t            <\/a>\n\t\t\t        <\/div>\n\t\t        <\/div>\n\n\t\t\n        <div class=\"iksm-term iksm-term--id-14501 iksm-term--parent\" data-id=\"14501\">\n            <div class=\"iksm-term__inner\" tabindex='0'>\n                <a class=\"iksm-term__link\" href='https:\/\/aswu.edu.eg\/fr\/education\/child-university\/child-university-organizational-chart\/' target='_self' tabindex='-1'>\n\t\t\t\t        <span class=\"iksm-term__text\">La structure organisationnelle<\/span>\n\t\t            <\/a>\n\t\t\t        <\/div>\n\t\t        <\/div>\n\n\t\t\n        <div class=\"iksm-term iksm-term--id-13770 iksm-term--parent\" data-id=\"13770\">\n            <div class=\"iksm-term__inner\" tabindex='0'>\n                <a class=\"iksm-term__link\" href='https:\/\/aswu.edu.eg\/fr\/join-the-university\/childrens-university-admission\/' target='_self' tabindex='-1'>\n\t\t\t\t        <span class=\"iksm-term__text\">Admission \u00e0 l\u2019universit\u00e9 d\u2019enfant<\/span>\n\t\t            <\/a>\n\t\t\t        <\/div>\n\t\t        <\/div>\n\n\t\t\n        <div class=\"iksm-term iksm-term--id-13769 iksm-term--parent\" data-id=\"13769\">\n            <div class=\"iksm-term__inner\" tabindex='0'>\n                <a class=\"iksm-term__link\" href='https:\/\/aswu.edu.eg\/fr\/education\/child-university\/child-university-terms-and-conditions\/' target='_self' tabindex='-1'>\n\t\t\t\t        <span class=\"iksm-term__text\">Termes et Conditions<\/span>\n\t\t            <\/a>\n\t\t\t        <\/div>\n\t\t        <\/div>\n\n\t\t<\/div><\/div><\/div><div id=\"iksm_data_args\" class=\"data-args\"  data-collapse_children_terms='1' data-collapse_other_terms='1' data-collapse_animation_duration='400' data-expand_animation_duration='400'><\/div><\/div>\t\t<\/div>\n\t\t\t\t<\/div>\n\t\t\t\t\t<\/div>\n\t\t<\/div>\n\t\t\t\t<div class=\"elementor-column elementor-col-66 elementor-top-column elementor-element elementor-element-426c4be\" data-id=\"426c4be\" data-element_type=\"column\">\n\t\t\t<div class=\"elementor-widget-wrap elementor-element-populated\">\n\t\t\t\t\t\t<div class=\"elementor-element elementor-element-ba19dc4 elementor-widget elementor-widget-text-editor\" data-id=\"ba19dc4\" data-element_type=\"widget\" data-widget_type=\"text-editor.default\">\n\t\t\t\t<div class=\"elementor-widget-container\">\n\t\t\t\t\t\t\t<p><span style=\"color: #333333\"><strong><span style=\"font-family: Cairo\">Mission et vision<\/span><\/strong><\/span> <br \/><span style=\"color: #333333\">\u00a0Construire et soutient la soci\u00e9t\u00e9 \u00e9gyptienne \u00e0 travers les enfants d\u2019aujourd\u2019hui qui sont les hommes du futur prometteur, cr\u00e9atif et innovant dans le but de construire notre \u00c9gypte moderne.<\/span><\/p><p><span style=\"color: #333333\"><strong>Les objectifs :\u00a0<\/strong><\/span><\/p><p><span style=\"color: #333333\">1- Aider les enfants \u00e0 d\u00e9finir leurs objectifs du futur et les aide \u00e0 les r\u00e9aliser de mani\u00e8re planifi\u00e9e.<\/span><\/p><p><span style=\"color: #333333\">2- Pr\u00e9parer et construire les enfants afin de futur meilleur les consid\u00e8rent outils du changement capable de faire face aux challenges diff\u00e9rents du futur.\u00a0<\/span><\/p><p><span style=\"color: #333333\">\u00a0<\/span><br \/><span style=\"color: #333333\">3- D\u00e9veloppement leurs capacit\u00e9s cr\u00e9atives et innovantes, \u00e0 travers leurs exp\u00e9riences dans les labos, les salles d\u2019\u00e9tude, les ateliers aux facult\u00e9s de l\u2019universit\u00e9.\u00a0<\/span><\/p><p><span style=\"color: #333333\">\u00a0<\/span><br \/><span style=\"color: #333333\">4- L&#8217;auto-renforcement des enfants, qui refl\u00e8te positivement leur volont\u00e9 de prendre la d\u00e9cision convenable de mani\u00e8re objective et \u00e9quilibr\u00e9e.\u00a0<\/span><\/p><p><span style=\"color: #333333\">5- D\u00e9couvrir les innovateurs et cr\u00e9ateurs des \u00e9l\u00e8ves et adopte ses id\u00e9es et comp\u00e9tence technicienne et fournir le soutien technicien et mat\u00e9riel d\u2019\u00eatre les scientistes du futur.<\/span><\/p><p><span style=\"color: #333333\">\u00a0<\/span><br \/><span style=\"color: #333333\">6- Renforcer les valeurs de loyaut\u00e9 et d&#8217;appartenance chez les enfants envers leur soci\u00e9t\u00e9 \u00e9gyptienne.\u00a0<\/span><\/p><p><span style=\"color: #333333\">\u00a0<\/span><br \/><span style=\"color: #333333\">7- Assurer la disponibilit\u00e9 toutes les activit\u00e9s \u00e9ducatives et de formation distinctifs et qui conforme aux tendances de chaque enfant.\u00a0\u00a0<\/span><\/p><p><span style=\"color: #333333\">8- D\u00e9couvrir les enfants qui ont ayant des difficult\u00e9s d&#8217;apprentissages sociales ou culturelles.<\/span><\/p><p><span style=\"color: #333333\">9- Renforcer la relation positive entre les enfants et l&#8217;universit\u00e9 de mani\u00e8re \u00e0 ce qu&#8217;ils vivent dans l&#8217;atmosph\u00e8re acad\u00e9mique.\u00a0<\/span><\/p>\t\t\t\t\t\t<\/div>\n\t\t\t\t<\/div>\n\t\t\t\t\t<\/div>\n\t\t<\/div>\n\t\t\t\t\t<\/div>\n\t\t<\/section>\n\t\t\t\t<\/div>\n\t\t","protected":false},"excerpt":{"rendered":"<p>Mission et vision Construire et soutient la soci\u00e9t\u00e9 \u00e9gyptienne \u00e0 travers les enfants d\u2019aujourd\u2019hui qui sont les hommes du futur prometteur, cr\u00e9atif et innovant dans le but de construire notre \u00c9gypte moderne. Les objectifs :\u00a0 1- Aider les enfants \u00e0 <a href=\"https:\/\/aswu.edu.eg\/fr\/education\/child-university\/child-university-vision-mission\/\" class=\"read-more\">Read More &#8230;<\/a><\/p>\n<div class=\"pvc_clear\"><\/div>\n<p id=\"pvc_stats_13754\" class=\"pvc_stats all  \" data-element-id=\"13754\" style=\"\"><i class=\"pvc-stats-icon medium\" aria-hidden=\"true\"><svg aria-hidden=\"true\" focusable=\"false\" data-prefix=\"far\" data-icon=\"chart-bar\" role=\"img\" xmlns=\"http:\/\/www.w3.org\/2000\/svg\" viewBox=\"0 0 512 512\" class=\"svg-inline--fa fa-chart-bar fa-w-16 fa-2x\"><path fill=\"currentColor\" d=\"M396.8 352h22.4c6.4 0 12.8-6.4 12.8-12.8V108.8c0-6.4-6.4-12.8-12.8-12.8h-22.4c-6.4 0-12.8 6.4-12.8 12.8v230.4c0 6.4 6.4 12.8 12.8 12.8zm-192 0h22.4c6.4 0 12.8-6.4 12.8-12.8V140.8c0-6.4-6.4-12.8-12.8-12.8h-22.4c-6.4 0-12.8 6.4-12.8 12.8v198.4c0 6.4 6.4 12.8 12.8 12.8zm96 0h22.4c6.4 0 12.8-6.4 12.8-12.8V204.8c0-6.4-6.4-12.8-12.8-12.8h-22.4c-6.4 0-12.8 6.4-12.8 12.8v134.4c0 6.4 6.4 12.8 12.8 12.8zM496 400H48V80c0-8.84-7.16-16-16-16H16C7.16 64 0 71.16 0 80v336c0 17.67 14.33 32 32 32h464c8.84 0 16-7.16 16-16v-16c0-8.84-7.16-16-16-16zm-387.2-48h22.4c6.4 0 12.8-6.4 12.8-12.8v-70.4c0-6.4-6.4-12.8-12.8-12.8h-22.4c-6.4 0-12.8 6.4-12.8 12.8v70.4c0 6.4 6.4 12.8 12.8 12.8z\" class=\"\"><\/path><\/svg><\/i> <img decoding=\"async\" width=\"16\" height=\"16\" alt=\"Loading\" src=\"https:\/\/aswu.edu.eg\/fr\/wp-content\/plugins\/page-views-count\/ajax-loader-2x.gif\" border=0 \/><\/p>\n<div class=\"pvc_clear\"><\/div>\n","protected":false},"author":7,"featured_media":0,"parent":13773,"menu_order":0,"comment_status":"closed","ping_status":"closed","template":"","meta":{"footnotes":""},"rttpg_featured_image_url":null,"rttpg_author":{"display_name":"nourhan Monaam","author_link":"https:\/\/aswu.edu.eg\/fr\/author\/edr0asen\/"},"rttpg_comment":0,"rttpg_category":null,"rttpg_excerpt":"Mission et vision Construire et soutient la soci\u00e9t\u00e9 \u00e9gyptienne \u00e0 travers les enfants d\u2019aujourd\u2019hui qui sont les hommes du futur prometteur, cr\u00e9atif et innovant dans le but de construire notre \u00c9gypte moderne. Les objectifs :\u00a0 1- Aider les enfants \u00e0 Read More ...","_links":{"self":[{"href":"https:\/\/aswu.edu.eg\/fr\/wp-json\/wp\/v2\/pages\/13754"}],"collection":[{"href":"https:\/\/aswu.edu.eg\/fr\/wp-json\/wp\/v2\/pages"}],"about":[{"href":"https:\/\/aswu.edu.eg\/fr\/wp-json\/wp\/v2\/types\/page"}],"author":[{"embeddable":true,"href":"https:\/\/aswu.edu.eg\/fr\/wp-json\/wp\/v2\/users\/7"}],"replies":[{"embeddable":true,"href":"https:\/\/aswu.edu.eg\/fr\/wp-json\/wp\/v2\/comments?post=13754"}],"version-history":[{"count":19,"href":"https:\/\/aswu.edu.eg\/fr\/wp-json\/wp\/v2\/pages\/13754\/revisions"}],"predecessor-version":[{"id":27915,"href":"https:\/\/aswu.edu.eg\/fr\/wp-json\/wp\/v2\/pages\/13754\/revisions\/27915"}],"up":[{"embeddable":true,"href":"https:\/\/aswu.edu.eg\/fr\/wp-json\/wp\/v2\/pages\/13773"}],"wp:attachment":[{"href":"https:\/\/aswu.edu.eg\/fr\/wp-json\/wp\/v2\/media?parent=13754"}],"curies":[{"name":"wp","href":"https:\/\/api.w.org\/{rel}","templated":true}]}}