{"id":13767,"date":"2022-10-26T18:23:34","date_gmt":"2022-10-26T18:23:34","guid":{"rendered":"http:\/\/193.227.33.90\/aswu\/en\/?page_id=13767"},"modified":"2022-12-27T09:32:03","modified_gmt":"2022-12-27T09:32:03","slug":"child-university-terms-and-conditions","status":"publish","type":"page","link":"https:\/\/aswu.edu.eg\/fr\/education\/child-university\/child-university-terms-and-conditions\/","title":{"rendered":"Termes et Conditions"},"content":{"rendered":"\t\t<div data-elementor-type=\"wp-page\" data-elementor-id=\"13767\" class=\"elementor elementor-13767\">\n\t\t\t\t\t\t<section class=\"elementor-section elementor-top-section elementor-element elementor-element-8296d58 elementor-section-boxed elementor-section-height-default elementor-section-height-default\" data-id=\"8296d58\" data-element_type=\"section\">\n\t\t\t\t\t\t<div class=\"elementor-container elementor-column-gap-default\">\n\t\t\t\t\t<div class=\"elementor-column elementor-col-33 elementor-top-column elementor-element elementor-element-b054af4\" data-id=\"b054af4\" data-element_type=\"column\">\n\t\t\t<div class=\"elementor-widget-wrap elementor-element-populated\">\n\t\t\t\t\t\t<div class=\"elementor-element elementor-element-798ade9 elementor-widget elementor-widget-wp-widget-iksm-widget\" data-id=\"798ade9\" data-element_type=\"widget\" data-widget_type=\"wp-widget-iksm-widget.default\">\n\t\t\t\t<div class=\"elementor-widget-container\">\n\t\t\t<script id=\"styles-copier-69e2917b14f43\">\n\t\t\t\/\/ Finding styles element\n\t        var element = document.getElementById(\"iksm-dynamic-style\");\n\t        if (!element) { \/\/ If no element (Cache plugins can remove tag), then creating a new one\n                element = document.createElement('style');\n                var head = document.getElementsByTagName(\"head\")\n                if (head && head[0]) {\n                \thead[0].appendChild(element);\n                } else {\n                  \tconsole.warn(\"Iks Menu | Error while printing styles. Please contact technical support.\");\n                }\n\t        }\n\t\t\t\/\/ Copying styles to <styles> tag\n\t        element.innerHTML += \".iksm-13779 .iksm-terms{background-color:rgba(243,243,243,1);width:200px;transition:all 400ms;animation:iks-fade-in 1000ms;}.iksm-13779 .iksm-term__inner{background-color:rgba(231,231,231,1);margin-top:3px;min-height:44px;transition:all 400ms;}.iksm-13779 .iksm-term__inner:hover{background-color:rgba(220,220,220,1);}.iksm-13779 .iksm-term--current > .iksm-term__inner{background-color:rgba(202,229,239,1);}.iksm-13779 .iksm-term__link{color:rgba(0,0,0,1);font-size:15px;line-height:15px;font-weight:400;text-align:left;text-decoration:none;padding-top:5px;padding-right:10px;padding-bottom:5px;padding-left:15px;transition:all 400ms;}.iksm-13779 .iksm-term__inner:hover .iksm-term__link{color:rgba(50,50,50,1);}.iksm-13779 .iksm-term__toggle__inner{transition:transform 400ms}.iksm-13779 .iksm-term--expanded > .iksm-term__inner > .iksm-term__toggle > .iksm-term__toggle__inner{transform:rotate(180deg);}.iksm-13779 .iksm-term__toggle{color:rgba(133,133,133,1);font-size:16px;align-self:unset;;height:25px;width:25px;margin-right:7px;transition:all 400ms;}.iksm-13779 .iksm-term__toggle:hover{color:rgba(0,0,0,1);}.iksm-13779 .iksm-term__image-container{width:30px;min-width:30px;height:30px;min-height:30px;margin-right:15px;transition:all 400ms;}.iksm-13779 .iksm-term__image{background-size:contain;background-position:center;background-repeat:no-repeat;}.iksm-13779 .iksm-term__image-container:hover{background-size:contain;background-position:center;background-repeat:no-repeat;}.iksm-13779 .iksm-term__inner:hover .iksm-term__image-container{background-size:contain;background-position:center;background-repeat:no-repeat;}.iksm-13779 .iksm-term__inner:focus .iksm-term__image-container{background-size:contain;background-position:center;background-repeat:no-repeat;}.iksm-13779 .iksm-term--current > .iksm-term__inner .iksm-term__image-container{background-size:contain;background-position:center;background-repeat:no-repeat;}.iksm-13779 .iksm-term--child .iksm-term__inner .iksm-term__image-container{background-size:contain;background-position:center;background-repeat:no-repeat;}.iksm-13779 .iksm-term--child .iksm-term__inner .iksm-term__image-container:hover{background-size:contain;background-position:center;background-repeat:no-repeat;}.iksm-13779 .iksm-term--child .iksm-term__inner .iksm-term__image-container:focus{background-size:contain;background-position:center;background-repeat:no-repeat;}.iksm-13779 .iksm-term--child.iksm-term--current > .iksm-term__inner .iksm-term__image-container{background-size:contain;background-position:center;background-repeat:no-repeat;}.iksm-13779  .iksm-term__text{flex: unset}.iksm-13779 .iksm-term__posts-count{color:rgba(133,133,133,1);font-size:16px;margin-left:12px;font-weight:400;transition:all 400ms;}\";\n\t        \/\/ Removing this script\n            var this_script = document.getElementById(\"styles-copier-69e2917b14f43\");\n            if (this_script) { \/\/ Cache plugins can remove tag\n\t            this_script.outerHTML = \"\";\n\t            if (this_script.parentNode) {\n\t                this_script.parentNode.removeChild(this_script);\n\t            }\n            }\n        <\/script><div id='iksm-13779' class='iksm iksm-13779 iksm-container '  data-id='13779' data-is-pro='0' data-source='menu'><div class='iksm-terms'><div class='iksm-terms-tree iksm-terms-tree--level-1 iksm-terms-tree--parents' style=''><div class=\"iksm-terms-tree__inner\">\n        <div class=\"iksm-term iksm-term--id-14446 iksm-term--parent\" data-id=\"14446\">\n            <div class=\"iksm-term__inner\" tabindex='0'>\n                <a class=\"iksm-term__link\" href='https:\/\/aswu.edu.eg\/fr\/education\/child-university\/' target='_self' tabindex='-1'>\n\t\t\t\t        <span class=\"iksm-term__text\">Universit\u00e9 d\u2019enfant<\/span>\n\t\t            <\/a>\n\t\t\t        <\/div>\n\t\t        <\/div>\n\n\t\t\n        <div class=\"iksm-term iksm-term--id-13772 iksm-term--parent\" data-id=\"13772\">\n            <div class=\"iksm-term__inner\" tabindex='0'>\n                <a class=\"iksm-term__link\" href='https:\/\/aswu.edu.eg\/fr\/education\/child-university\/child-university-vision-mission\/' target='_self' tabindex='-1'>\n\t\t\t\t        <span class=\"iksm-term__text\">Vision, Mission et Objectifs<\/span>\n\t\t            <\/a>\n\t\t\t        <\/div>\n\t\t        <\/div>\n\n\t\t\n        <div class=\"iksm-term iksm-term--id-14501 iksm-term--parent\" data-id=\"14501\">\n            <div class=\"iksm-term__inner\" tabindex='0'>\n                <a class=\"iksm-term__link\" href='https:\/\/aswu.edu.eg\/fr\/education\/child-university\/child-university-organizational-chart\/' target='_self' tabindex='-1'>\n\t\t\t\t        <span class=\"iksm-term__text\">La structure organisationnelle<\/span>\n\t\t            <\/a>\n\t\t\t        <\/div>\n\t\t        <\/div>\n\n\t\t\n        <div class=\"iksm-term iksm-term--id-13770 iksm-term--parent\" data-id=\"13770\">\n            <div class=\"iksm-term__inner\" tabindex='0'>\n                <a class=\"iksm-term__link\" href='https:\/\/aswu.edu.eg\/fr\/join-the-university\/childrens-university-admission\/' target='_self' tabindex='-1'>\n\t\t\t\t        <span class=\"iksm-term__text\">Admission \u00e0 l\u2019universit\u00e9 d\u2019enfant<\/span>\n\t\t            <\/a>\n\t\t\t        <\/div>\n\t\t        <\/div>\n\n\t\t\n        <div class=\"iksm-term iksm-term--id-13769 iksm-term--parent\" data-id=\"13769\">\n            <div class=\"iksm-term__inner\" tabindex='0'>\n                <a class=\"iksm-term__link\" href='https:\/\/aswu.edu.eg\/fr\/education\/child-university\/child-university-terms-and-conditions\/' target='_self' tabindex='-1'>\n\t\t\t\t        <span class=\"iksm-term__text\">Termes et Conditions<\/span>\n\t\t            <\/a>\n\t\t\t        <\/div>\n\t\t        <\/div>\n\n\t\t<\/div><\/div><\/div><div id=\"iksm_data_args\" class=\"data-args\"  data-collapse_children_terms='1' data-collapse_other_terms='1' data-collapse_animation_duration='400' data-expand_animation_duration='400'><\/div><\/div>\t\t<\/div>\n\t\t\t\t<\/div>\n\t\t\t\t\t<\/div>\n\t\t<\/div>\n\t\t\t\t<div class=\"elementor-column elementor-col-66 elementor-top-column elementor-element elementor-element-f54ffe7\" data-id=\"f54ffe7\" data-element_type=\"column\">\n\t\t\t<div class=\"elementor-widget-wrap elementor-element-populated\">\n\t\t\t\t\t\t<div class=\"elementor-element elementor-element-1fd7232 elementor-widget elementor-widget-text-editor\" data-id=\"1fd7232\" data-element_type=\"widget\" data-widget_type=\"text-editor.default\">\n\t\t\t\t<div class=\"elementor-widget-container\">\n\t\t\t\t\t\t\t<ul style=\"list-style-type: disc\"><li><span style=\"font-size: 12pt;color: #333333\">\u00a0L&#8217;inscription est disponible pour les enfants d&#8217;\u00e2ge de 9 \u00e0 15 ans, \u00e0 condition que l&#8217;\u00e2ge de l&#8217;enfant ne soit pas inf\u00e9rieur \u00e0 9 ans et pas sup\u00e9rieur \u00e0 15 ans au moment de l&#8217;inscription, qui est pr\u00e9vue en mars de chaque ann\u00e9e, co\u00efncidant avec l&#8217;\u00e9gyptien mois des sciences.<\/span><\/li><li><span style=\"font-size: 12pt;color: #333333\">L\u2019inscription est \u00e9lectronique seulement \u00e0 travers le site \u00e9lectronique.<\/span><\/li><li><span style=\"font-size: 12pt;color: #333333\">Le syst\u00e8me \u00e9lectronique permet l&#8217;inscription d&#8217;un enfant une seule fois, et cela se fera en v\u00e9rifiant le num\u00e9ro national de chaque enfant.<\/span><\/li><li><span style=\"font-size: 12pt;color: #333333\">\u00a0Les enfants sont sous la responsabilit\u00e9 de leurs familles et tuteurs depuis et vers le lieu d&#8217;\u00e9tudes \u00e0 l&#8217;universit\u00e9, et la responsabilit\u00e9 des enfants avant ou apr\u00e8s le d\u00e9but de la journ\u00e9e scolaire ne rel\u00e8ve pas de l&#8217;universit\u00e9.<\/span><\/li><li><span style=\"font-size: 12pt;color: #333333\">Les dates d\u2019\u00e9tude sont annonc\u00e9es selon les conditions horaires disponibles de l\u2019universit\u00e9, en cas l\u2019absence d\u2019enfant cela perd son droit de lui d\u00e9livrer le certificat universitaire de l&#8217;enfant, et son tuteur n&#8217;a pas le droit d&#8217;exiger l&#8217;ach\u00e8vement du programme ou transfert dans une autre universit\u00e9.<\/span><\/li><li><span style=\"font-size: 12pt;color: #333333\">Le programme de l\u2019universit\u00e9 d\u2019enfant est unifi\u00e9 dans toutes les universit\u00e9s au taux 85% par cons\u00e9quent, les \u00e9tudiants demandent \u00e0 s&#8217;inscrire \u00e0 l&#8217;universit\u00e9 en fonction de leur carr\u00e9 r\u00e9sidentiel car il n\u2019y a pas de diff\u00e9rence aux programmes d\u2019\u00e9tudes parmi les universit\u00e9s<\/span><\/li><li><span style=\"font-size: 12pt;color: #333333\">Aucun d\u2019\u00e9tudiant n\u2019a pas le droit demand\u00e9 de transf\u00e9rer d\u2019une universit\u00e9 ou \u00e0 l\u2019autre quelles que soient les circonstances, en cas lui absence \u00e0 l\u2019universit\u00e9 inscrire \u00e0 laquelle et transf\u00e8re \u00e0 l\u2019autre va refuser son admission et d\u00e9ch\u00e9ance son droit \u00e0 l\u2019universit\u00e9 qu\u2019il inscrit.<\/span><\/li><\/ul>\t\t\t\t\t\t<\/div>\n\t\t\t\t<\/div>\n\t\t\t\t\t<\/div>\n\t\t<\/div>\n\t\t\t\t\t<\/div>\n\t\t<\/section>\n\t\t\t\t<\/div>\n\t\t","protected":false},"excerpt":{"rendered":"<p>\u00a0L&#8217;inscription est disponible pour les enfants d&#8217;\u00e2ge de 9 \u00e0 15 ans, \u00e0 condition que l&#8217;\u00e2ge de l&#8217;enfant ne soit pas inf\u00e9rieur \u00e0 9 ans et pas sup\u00e9rieur \u00e0 15 ans au moment de l&#8217;inscription, qui est pr\u00e9vue en mars <a href=\"https:\/\/aswu.edu.eg\/fr\/education\/child-university\/child-university-terms-and-conditions\/\" class=\"read-more\">Read More &#8230;<\/a><\/p>\n<div class=\"pvc_clear\"><\/div>\n<p id=\"pvc_stats_13767\" class=\"pvc_stats all  \" data-element-id=\"13767\" style=\"\"><i class=\"pvc-stats-icon medium\" aria-hidden=\"true\"><svg aria-hidden=\"true\" focusable=\"false\" data-prefix=\"far\" data-icon=\"chart-bar\" role=\"img\" xmlns=\"http:\/\/www.w3.org\/2000\/svg\" viewBox=\"0 0 512 512\" class=\"svg-inline--fa fa-chart-bar fa-w-16 fa-2x\"><path fill=\"currentColor\" d=\"M396.8 352h22.4c6.4 0 12.8-6.4 12.8-12.8V108.8c0-6.4-6.4-12.8-12.8-12.8h-22.4c-6.4 0-12.8 6.4-12.8 12.8v230.4c0 6.4 6.4 12.8 12.8 12.8zm-192 0h22.4c6.4 0 12.8-6.4 12.8-12.8V140.8c0-6.4-6.4-12.8-12.8-12.8h-22.4c-6.4 0-12.8 6.4-12.8 12.8v198.4c0 6.4 6.4 12.8 12.8 12.8zm96 0h22.4c6.4 0 12.8-6.4 12.8-12.8V204.8c0-6.4-6.4-12.8-12.8-12.8h-22.4c-6.4 0-12.8 6.4-12.8 12.8v134.4c0 6.4 6.4 12.8 12.8 12.8zM496 400H48V80c0-8.84-7.16-16-16-16H16C7.16 64 0 71.16 0 80v336c0 17.67 14.33 32 32 32h464c8.84 0 16-7.16 16-16v-16c0-8.84-7.16-16-16-16zm-387.2-48h22.4c6.4 0 12.8-6.4 12.8-12.8v-70.4c0-6.4-6.4-12.8-12.8-12.8h-22.4c-6.4 0-12.8 6.4-12.8 12.8v70.4c0 6.4 6.4 12.8 12.8 12.8z\" class=\"\"><\/path><\/svg><\/i> <img decoding=\"async\" width=\"16\" height=\"16\" alt=\"Loading\" src=\"https:\/\/aswu.edu.eg\/fr\/wp-content\/plugins\/page-views-count\/ajax-loader-2x.gif\" border=0 \/><\/p>\n<div class=\"pvc_clear\"><\/div>\n","protected":false},"author":7,"featured_media":0,"parent":13773,"menu_order":0,"comment_status":"closed","ping_status":"closed","template":"","meta":{"footnotes":""},"rttpg_featured_image_url":null,"rttpg_author":{"display_name":"nourhan Monaam","author_link":"https:\/\/aswu.edu.eg\/fr\/author\/edr0asen\/"},"rttpg_comment":0,"rttpg_category":null,"rttpg_excerpt":"\u00a0L&#8217;inscription est disponible pour les enfants d&#8217;\u00e2ge de 9 \u00e0 15 ans, \u00e0 condition que l&#8217;\u00e2ge de l&#8217;enfant ne soit pas inf\u00e9rieur \u00e0 9 ans et pas sup\u00e9rieur \u00e0 15 ans au moment de l&#8217;inscription, qui est pr\u00e9vue en mars Read More ...","_links":{"self":[{"href":"https:\/\/aswu.edu.eg\/fr\/wp-json\/wp\/v2\/pages\/13767"}],"collection":[{"href":"https:\/\/aswu.edu.eg\/fr\/wp-json\/wp\/v2\/pages"}],"about":[{"href":"https:\/\/aswu.edu.eg\/fr\/wp-json\/wp\/v2\/types\/page"}],"author":[{"embeddable":true,"href":"https:\/\/aswu.edu.eg\/fr\/wp-json\/wp\/v2\/users\/7"}],"replies":[{"embeddable":true,"href":"https:\/\/aswu.edu.eg\/fr\/wp-json\/wp\/v2\/comments?post=13767"}],"version-history":[{"count":16,"href":"https:\/\/aswu.edu.eg\/fr\/wp-json\/wp\/v2\/pages\/13767\/revisions"}],"predecessor-version":[{"id":27920,"href":"https:\/\/aswu.edu.eg\/fr\/wp-json\/wp\/v2\/pages\/13767\/revisions\/27920"}],"up":[{"embeddable":true,"href":"https:\/\/aswu.edu.eg\/fr\/wp-json\/wp\/v2\/pages\/13773"}],"wp:attachment":[{"href":"https:\/\/aswu.edu.eg\/fr\/wp-json\/wp\/v2\/media?parent=13767"}],"curies":[{"name":"wp","href":"https:\/\/api.w.org\/{rel}","templated":true}]}}