{"id":13773,"date":"2022-10-26T18:27:03","date_gmt":"2022-10-26T18:27:03","guid":{"rendered":"http:\/\/193.227.33.90\/aswu\/en\/?page_id=13773"},"modified":"2022-12-27T09:17:00","modified_gmt":"2022-12-27T09:17:00","slug":"child-university","status":"publish","type":"page","link":"https:\/\/aswu.edu.eg\/fr\/education\/child-university\/","title":{"rendered":"Universit\u00e9 d&#8217;enfant"},"content":{"rendered":"\t\t<div data-elementor-type=\"wp-page\" data-elementor-id=\"13773\" class=\"elementor elementor-13773\">\n\t\t\t\t\t\t<section class=\"elementor-section elementor-top-section elementor-element elementor-element-98c90c5 elementor-section-boxed elementor-section-height-default elementor-section-height-default\" data-id=\"98c90c5\" data-element_type=\"section\">\n\t\t\t\t\t\t<div class=\"elementor-container elementor-column-gap-default\">\n\t\t\t\t\t<div class=\"elementor-column elementor-col-33 elementor-top-column elementor-element elementor-element-a16c047\" data-id=\"a16c047\" data-element_type=\"column\">\n\t\t\t<div class=\"elementor-widget-wrap elementor-element-populated\">\n\t\t\t\t\t\t<div class=\"elementor-element elementor-element-16b4a40 elementor-widget elementor-widget-wp-widget-iksm-widget\" data-id=\"16b4a40\" data-element_type=\"widget\" data-widget_type=\"wp-widget-iksm-widget.default\">\n\t\t\t\t<div class=\"elementor-widget-container\">\n\t\t\t<script id=\"styles-copier-69e391df73cdd\">\n\t\t\t\/\/ Finding styles element\n\t        var element = document.getElementById(\"iksm-dynamic-style\");\n\t        if (!element) { \/\/ If no element (Cache plugins can remove tag), then creating a new one\n                element = document.createElement('style');\n                var head = document.getElementsByTagName(\"head\")\n                if (head && head[0]) {\n                \thead[0].appendChild(element);\n                } else {\n                  \tconsole.warn(\"Iks Menu | Error while printing styles. Please contact technical support.\");\n                }\n\t        }\n\t\t\t\/\/ Copying styles to <styles> tag\n\t        element.innerHTML += \".iksm-13779 .iksm-terms{background-color:rgba(243,243,243,1);width:200px;transition:all 400ms;animation:iks-fade-in 1000ms;}.iksm-13779 .iksm-term__inner{background-color:rgba(231,231,231,1);margin-top:3px;min-height:44px;transition:all 400ms;}.iksm-13779 .iksm-term__inner:hover{background-color:rgba(220,220,220,1);}.iksm-13779 .iksm-term--current > .iksm-term__inner{background-color:rgba(202,229,239,1);}.iksm-13779 .iksm-term__link{color:rgba(0,0,0,1);font-size:15px;line-height:15px;font-weight:400;text-align:left;text-decoration:none;padding-top:5px;padding-right:10px;padding-bottom:5px;padding-left:15px;transition:all 400ms;}.iksm-13779 .iksm-term__inner:hover .iksm-term__link{color:rgba(50,50,50,1);}.iksm-13779 .iksm-term__toggle__inner{transition:transform 400ms}.iksm-13779 .iksm-term--expanded > .iksm-term__inner > .iksm-term__toggle > .iksm-term__toggle__inner{transform:rotate(180deg);}.iksm-13779 .iksm-term__toggle{color:rgba(133,133,133,1);font-size:16px;align-self:unset;;height:25px;width:25px;margin-right:7px;transition:all 400ms;}.iksm-13779 .iksm-term__toggle:hover{color:rgba(0,0,0,1);}.iksm-13779 .iksm-term__image-container{width:30px;min-width:30px;height:30px;min-height:30px;margin-right:15px;transition:all 400ms;}.iksm-13779 .iksm-term__image{background-size:contain;background-position:center;background-repeat:no-repeat;}.iksm-13779 .iksm-term__image-container:hover{background-size:contain;background-position:center;background-repeat:no-repeat;}.iksm-13779 .iksm-term__inner:hover .iksm-term__image-container{background-size:contain;background-position:center;background-repeat:no-repeat;}.iksm-13779 .iksm-term__inner:focus .iksm-term__image-container{background-size:contain;background-position:center;background-repeat:no-repeat;}.iksm-13779 .iksm-term--current > .iksm-term__inner .iksm-term__image-container{background-size:contain;background-position:center;background-repeat:no-repeat;}.iksm-13779 .iksm-term--child .iksm-term__inner .iksm-term__image-container{background-size:contain;background-position:center;background-repeat:no-repeat;}.iksm-13779 .iksm-term--child .iksm-term__inner .iksm-term__image-container:hover{background-size:contain;background-position:center;background-repeat:no-repeat;}.iksm-13779 .iksm-term--child .iksm-term__inner .iksm-term__image-container:focus{background-size:contain;background-position:center;background-repeat:no-repeat;}.iksm-13779 .iksm-term--child.iksm-term--current > .iksm-term__inner .iksm-term__image-container{background-size:contain;background-position:center;background-repeat:no-repeat;}.iksm-13779  .iksm-term__text{flex: unset}.iksm-13779 .iksm-term__posts-count{color:rgba(133,133,133,1);font-size:16px;margin-left:12px;font-weight:400;transition:all 400ms;}\";\n\t        \/\/ Removing this script\n            var this_script = document.getElementById(\"styles-copier-69e391df73cdd\");\n            if (this_script) { \/\/ Cache plugins can remove tag\n\t            this_script.outerHTML = \"\";\n\t            if (this_script.parentNode) {\n\t                this_script.parentNode.removeChild(this_script);\n\t            }\n            }\n        <\/script><div id='iksm-13779' class='iksm iksm-13779 iksm-container '  data-id='13779' data-is-pro='0' data-source='menu'><div class='iksm-terms'><div class='iksm-terms-tree iksm-terms-tree--level-1 iksm-terms-tree--parents' style=''><div class=\"iksm-terms-tree__inner\">\n        <div class=\"iksm-term iksm-term--id-14446 iksm-term--parent\" data-id=\"14446\">\n            <div class=\"iksm-term__inner\" tabindex='0'>\n                <a class=\"iksm-term__link\" href='https:\/\/aswu.edu.eg\/fr\/education\/child-university\/' target='_self' tabindex='-1'>\n\t\t\t\t        <span class=\"iksm-term__text\">Universit\u00e9 d\u2019enfant<\/span>\n\t\t            <\/a>\n\t\t\t        <\/div>\n\t\t        <\/div>\n\n\t\t\n        <div class=\"iksm-term iksm-term--id-13772 iksm-term--parent\" data-id=\"13772\">\n            <div class=\"iksm-term__inner\" tabindex='0'>\n                <a class=\"iksm-term__link\" href='https:\/\/aswu.edu.eg\/fr\/education\/child-university\/child-university-vision-mission\/' target='_self' tabindex='-1'>\n\t\t\t\t        <span class=\"iksm-term__text\">Vision, Mission et Objectifs<\/span>\n\t\t            <\/a>\n\t\t\t        <\/div>\n\t\t        <\/div>\n\n\t\t\n        <div class=\"iksm-term iksm-term--id-14501 iksm-term--parent\" data-id=\"14501\">\n            <div class=\"iksm-term__inner\" tabindex='0'>\n                <a class=\"iksm-term__link\" href='https:\/\/aswu.edu.eg\/fr\/education\/child-university\/child-university-organizational-chart\/' target='_self' tabindex='-1'>\n\t\t\t\t        <span class=\"iksm-term__text\">La structure organisationnelle<\/span>\n\t\t            <\/a>\n\t\t\t        <\/div>\n\t\t        <\/div>\n\n\t\t\n        <div class=\"iksm-term iksm-term--id-13770 iksm-term--parent\" data-id=\"13770\">\n            <div class=\"iksm-term__inner\" tabindex='0'>\n                <a class=\"iksm-term__link\" href='https:\/\/aswu.edu.eg\/fr\/join-the-university\/childrens-university-admission\/' target='_self' tabindex='-1'>\n\t\t\t\t        <span class=\"iksm-term__text\">Admission \u00e0 l\u2019universit\u00e9 d\u2019enfant<\/span>\n\t\t            <\/a>\n\t\t\t        <\/div>\n\t\t        <\/div>\n\n\t\t\n        <div class=\"iksm-term iksm-term--id-13769 iksm-term--parent\" data-id=\"13769\">\n            <div class=\"iksm-term__inner\" tabindex='0'>\n                <a class=\"iksm-term__link\" href='https:\/\/aswu.edu.eg\/fr\/education\/child-university\/child-university-terms-and-conditions\/' target='_self' tabindex='-1'>\n\t\t\t\t        <span class=\"iksm-term__text\">Termes et Conditions<\/span>\n\t\t            <\/a>\n\t\t\t        <\/div>\n\t\t        <\/div>\n\n\t\t<\/div><\/div><\/div><div id=\"iksm_data_args\" class=\"data-args\"  data-collapse_children_terms='1' data-collapse_other_terms='1' data-collapse_animation_duration='400' data-expand_animation_duration='400'><\/div><\/div>\t\t<\/div>\n\t\t\t\t<\/div>\n\t\t\t\t\t<\/div>\n\t\t<\/div>\n\t\t\t\t<div class=\"elementor-column elementor-col-66 elementor-top-column elementor-element elementor-element-b299ed1\" data-id=\"b299ed1\" data-element_type=\"column\">\n\t\t\t<div class=\"elementor-widget-wrap elementor-element-populated\">\n\t\t\t\t\t\t<div class=\"elementor-element elementor-element-7c5386d elementor-widget elementor-widget-text-editor\" data-id=\"7c5386d\" data-element_type=\"widget\" data-widget_type=\"text-editor.default\">\n\t\t\t\t<div class=\"elementor-widget-container\">\n\t\t\t\t\t\t\t<p><span style=\"font-family: Cairo;color: #333333;font-size: 12pt\"><img decoding=\"async\" class=\"alignright wp-image-13749\" src=\"https:\/\/aswu.edu.eg\/en\/wp-content\/uploads\/cropped-childrens-university-00-300x134-1.jpeg\" alt=\"\" width=\"300\" height=\"134\" \/><\/span><\/p><p><span style=\"font-family: Cairo;font-size: 12pt;color: #333333\">Elle est un programme d\u2019\u00e9tudes fixe et unifi\u00e9 l\u2019acad\u00e9mie de la recherche scientifique et la technique au minist\u00e8re de l\u2019enseignement sup\u00e9rieur adoptent, universit\u00e9s \u00e9gyptiennes appliquent loin de la journ\u00e9e scolaire pour les enfants des \u00e2ges de 9 ans \u00e0 15 ans, afin de d\u00e9velopper leur capacit\u00e9, perceptions, id\u00e9es et cr\u00e9er l\u2019esprit d\u2019innovation et eux encouragent \u00e0 comprendre, dialoguer et discuter avec conscience, et non la m\u00e9morisation, c\u2019est \u00e0 travers en les formant \u00e0 toutes les activit\u00e9s de laboratoire, de formation et de comp\u00e9tence aux facult\u00e9s des diff\u00e9rentes universit\u00e9s, aspirant leurs excellence aux\u00a0 aspects compatibles avec leurs capacit\u00e9s et possibilit\u00e9s disponibles, tout en veillant \u00e0 ce qu&#8217;ils vivent avec l&#8217;atmosph\u00e8re et le climat universitaires, ce qui conduit au d\u00e9veloppement de l&#8217;esprit de loyaut\u00e9 et d&#8217;appartenance \u00e0 leur soci\u00e9t\u00e9 \u00e9gyptienne.<\/span><\/p><p style=\"text-align: justify\"><span style=\"text-decoration: underline\"><span style=\"color: #0000ff\"><a style=\"color: #0000ff\" href=\"https:\/\/child.aswu.edu.eg\/\"><span style=\"font-family: Cairo;font-size: 12pt\">Pour plus de d\u00e9tails<\/span><\/a><\/span><\/span><\/p><p style=\"text-align: center\">\u00a0<\/p>\t\t\t\t\t\t<\/div>\n\t\t\t\t<\/div>\n\t\t\t\t\t<\/div>\n\t\t<\/div>\n\t\t\t\t\t<\/div>\n\t\t<\/section>\n\t\t\t\t<\/div>\n\t\t","protected":false},"excerpt":{"rendered":"<p>Elle est un programme d\u2019\u00e9tudes fixe et unifi\u00e9 l\u2019acad\u00e9mie de la recherche scientifique et la technique au minist\u00e8re de l\u2019enseignement sup\u00e9rieur adoptent, universit\u00e9s \u00e9gyptiennes appliquent loin de la journ\u00e9e scolaire pour les enfants des \u00e2ges de 9 ans \u00e0 15 <a href=\"https:\/\/aswu.edu.eg\/fr\/education\/child-university\/\" class=\"read-more\">Read More &#8230;<\/a><\/p>\n<div class=\"pvc_clear\"><\/div>\n<p id=\"pvc_stats_13773\" class=\"pvc_stats all  \" data-element-id=\"13773\" style=\"\"><i class=\"pvc-stats-icon medium\" aria-hidden=\"true\"><svg aria-hidden=\"true\" focusable=\"false\" data-prefix=\"far\" data-icon=\"chart-bar\" role=\"img\" xmlns=\"http:\/\/www.w3.org\/2000\/svg\" viewBox=\"0 0 512 512\" class=\"svg-inline--fa fa-chart-bar fa-w-16 fa-2x\"><path fill=\"currentColor\" d=\"M396.8 352h22.4c6.4 0 12.8-6.4 12.8-12.8V108.8c0-6.4-6.4-12.8-12.8-12.8h-22.4c-6.4 0-12.8 6.4-12.8 12.8v230.4c0 6.4 6.4 12.8 12.8 12.8zm-192 0h22.4c6.4 0 12.8-6.4 12.8-12.8V140.8c0-6.4-6.4-12.8-12.8-12.8h-22.4c-6.4 0-12.8 6.4-12.8 12.8v198.4c0 6.4 6.4 12.8 12.8 12.8zm96 0h22.4c6.4 0 12.8-6.4 12.8-12.8V204.8c0-6.4-6.4-12.8-12.8-12.8h-22.4c-6.4 0-12.8 6.4-12.8 12.8v134.4c0 6.4 6.4 12.8 12.8 12.8zM496 400H48V80c0-8.84-7.16-16-16-16H16C7.16 64 0 71.16 0 80v336c0 17.67 14.33 32 32 32h464c8.84 0 16-7.16 16-16v-16c0-8.84-7.16-16-16-16zm-387.2-48h22.4c6.4 0 12.8-6.4 12.8-12.8v-70.4c0-6.4-6.4-12.8-12.8-12.8h-22.4c-6.4 0-12.8 6.4-12.8 12.8v70.4c0 6.4 6.4 12.8 12.8 12.8z\" class=\"\"><\/path><\/svg><\/i> <img decoding=\"async\" width=\"16\" height=\"16\" alt=\"Loading\" src=\"https:\/\/aswu.edu.eg\/fr\/wp-content\/plugins\/page-views-count\/ajax-loader-2x.gif\" border=0 \/><\/p>\n<div class=\"pvc_clear\"><\/div>\n","protected":false},"author":7,"featured_media":0,"parent":13475,"menu_order":0,"comment_status":"closed","ping_status":"closed","template":"","meta":{"footnotes":""},"rttpg_featured_image_url":null,"rttpg_author":{"display_name":"nourhan Monaam","author_link":"https:\/\/aswu.edu.eg\/fr\/author\/edr0asen\/"},"rttpg_comment":0,"rttpg_category":null,"rttpg_excerpt":"Elle est un programme d\u2019\u00e9tudes fixe et unifi\u00e9 l\u2019acad\u00e9mie de la recherche scientifique et la technique au minist\u00e8re de l\u2019enseignement sup\u00e9rieur adoptent, universit\u00e9s \u00e9gyptiennes appliquent loin de la journ\u00e9e scolaire pour les enfants des \u00e2ges de 9 ans \u00e0 15 Read More ...","_links":{"self":[{"href":"https:\/\/aswu.edu.eg\/fr\/wp-json\/wp\/v2\/pages\/13773"}],"collection":[{"href":"https:\/\/aswu.edu.eg\/fr\/wp-json\/wp\/v2\/pages"}],"about":[{"href":"https:\/\/aswu.edu.eg\/fr\/wp-json\/wp\/v2\/types\/page"}],"author":[{"embeddable":true,"href":"https:\/\/aswu.edu.eg\/fr\/wp-json\/wp\/v2\/users\/7"}],"replies":[{"embeddable":true,"href":"https:\/\/aswu.edu.eg\/fr\/wp-json\/wp\/v2\/comments?post=13773"}],"version-history":[{"count":27,"href":"https:\/\/aswu.edu.eg\/fr\/wp-json\/wp\/v2\/pages\/13773\/revisions"}],"predecessor-version":[{"id":27914,"href":"https:\/\/aswu.edu.eg\/fr\/wp-json\/wp\/v2\/pages\/13773\/revisions\/27914"}],"up":[{"embeddable":true,"href":"https:\/\/aswu.edu.eg\/fr\/wp-json\/wp\/v2\/pages\/13475"}],"wp:attachment":[{"href":"https:\/\/aswu.edu.eg\/fr\/wp-json\/wp\/v2\/media?parent=13773"}],"curies":[{"name":"wp","href":"https:\/\/api.w.org\/{rel}","templated":true}]}}