{"id":13831,"date":"2022-10-27T09:45:03","date_gmt":"2022-10-27T09:45:03","guid":{"rendered":"http:\/\/193.227.33.90\/aswu\/en\/?page_id=13831"},"modified":"2024-04-21T08:03:12","modified_gmt":"2024-04-21T08:03:12","slug":"foreign-students-programs","status":"publish","type":"page","link":"https:\/\/aswu.edu.eg\/fr\/education\/foreign-students-programs\/","title":{"rendered":"Programmes aux \u00e9tudiants \u00e9trangers"},"content":{"rendered":"\t\t<div data-elementor-type=\"wp-page\" data-elementor-id=\"13831\" class=\"elementor elementor-13831\">\n\t\t\t\t\t\t<section class=\"elementor-section elementor-top-section elementor-element elementor-element-02b689e elementor-section-boxed elementor-section-height-default elementor-section-height-default\" data-id=\"02b689e\" data-element_type=\"section\">\n\t\t\t\t\t\t<div class=\"elementor-container elementor-column-gap-default\">\n\t\t\t\t\t<div class=\"elementor-column elementor-col-33 elementor-top-column elementor-element elementor-element-8515d4d\" data-id=\"8515d4d\" data-element_type=\"column\">\n\t\t\t<div class=\"elementor-widget-wrap elementor-element-populated\">\n\t\t\t\t\t\t<div class=\"elementor-element elementor-element-6a5a062 elementor-widget elementor-widget-wp-widget-iksm-widget\" data-id=\"6a5a062\" data-element_type=\"widget\" data-widget_type=\"wp-widget-iksm-widget.default\">\n\t\t\t\t<div class=\"elementor-widget-container\">\n\t\t\t<script id=\"styles-copier-69f0fef9761b6\">\n\t\t\t\/\/ Finding styles element\n\t        var element = document.getElementById(\"iksm-dynamic-style\");\n\t        if (!element) { \/\/ If no element (Cache plugins can remove tag), then creating a new one\n                element = document.createElement('style');\n                var head = document.getElementsByTagName(\"head\")\n                if (head && head[0]) {\n                \thead[0].appendChild(element);\n                } else {\n                  \tconsole.warn(\"Iks Menu | Error while printing styles. Please contact technical support.\");\n                }\n\t        }\n\t\t\t\/\/ Copying styles to <styles> tag\n\t        element.innerHTML += \".iksm-15005 .iksm-terms{background-color:rgba(243,243,243,1);width:200px;transition:all 400ms;animation:iks-fade-in 1000ms;}.iksm-15005 .iksm-term__inner{background-color:rgba(231,231,231,1);margin-top:3px;min-height:44px;transition:all 400ms;}.iksm-15005 .iksm-term__inner:hover{background-color:rgba(220,220,220,1);}.iksm-15005 .iksm-term--current > .iksm-term__inner{background-color:rgba(202,229,239,1);}.iksm-15005 .iksm-term__link{color:rgba(0,0,0,1);font-size:15px;line-height:15px;font-weight:400;text-align:left;text-decoration:none;padding-top:5px;padding-right:10px;padding-bottom:5px;padding-left:15px;transition:all 400ms;}.iksm-15005 .iksm-term__inner:hover .iksm-term__link{color:rgba(50,50,50,1);}.iksm-15005 .iksm-term__toggle__inner{transition:transform 400ms}.iksm-15005 .iksm-term--expanded > .iksm-term__inner > .iksm-term__toggle > .iksm-term__toggle__inner{transform:rotate(180deg);}.iksm-15005 .iksm-term__toggle{color:rgba(133,133,133,1);font-size:16px;align-self:unset;;height:25px;width:25px;margin-right:7px;transition:all 400ms;}.iksm-15005 .iksm-term__toggle:hover{color:rgba(0,0,0,1);}.iksm-15005 .iksm-term__image-container{width:30px;min-width:30px;height:30px;min-height:30px;margin-right:15px;transition:all 400ms;}.iksm-15005 .iksm-term__image{background-size:contain;background-position:center;background-repeat:no-repeat;}.iksm-15005 .iksm-term__image-container:hover{background-size:contain;background-position:center;background-repeat:no-repeat;}.iksm-15005 .iksm-term__inner:hover .iksm-term__image-container{background-size:contain;background-position:center;background-repeat:no-repeat;}.iksm-15005 .iksm-term__inner:focus .iksm-term__image-container{background-size:contain;background-position:center;background-repeat:no-repeat;}.iksm-15005 .iksm-term--current > .iksm-term__inner .iksm-term__image-container{background-size:contain;background-position:center;background-repeat:no-repeat;}.iksm-15005 .iksm-term--child .iksm-term__inner .iksm-term__image-container{background-size:contain;background-position:center;background-repeat:no-repeat;}.iksm-15005 .iksm-term--child .iksm-term__inner .iksm-term__image-container:hover{background-size:contain;background-position:center;background-repeat:no-repeat;}.iksm-15005 .iksm-term--child .iksm-term__inner .iksm-term__image-container:focus{background-size:contain;background-position:center;background-repeat:no-repeat;}.iksm-15005 .iksm-term--child.iksm-term--current > .iksm-term__inner .iksm-term__image-container{background-size:contain;background-position:center;background-repeat:no-repeat;}.iksm-15005  .iksm-term__text{flex: unset}.iksm-15005 .iksm-term__posts-count{color:rgba(133,133,133,1);font-size:16px;margin-left:12px;font-weight:400;transition:all 400ms;}\";\n\t        \/\/ Removing this script\n            var this_script = document.getElementById(\"styles-copier-69f0fef9761b6\");\n            if (this_script) { \/\/ Cache plugins can remove tag\n\t            this_script.outerHTML = \"\";\n\t            if (this_script.parentNode) {\n\t                this_script.parentNode.removeChild(this_script);\n\t            }\n            }\n        <\/script><div id='iksm-15005' class='iksm iksm-15005 iksm-container '  data-id='15005' data-is-pro='0' data-source='menu'><div class='iksm-terms'><div class='iksm-terms-tree iksm-terms-tree--level-1 iksm-terms-tree--parents' style=''><div class=\"iksm-terms-tree__inner\">\n        <div class=\"iksm-term iksm-term--id-13830 iksm-term--parent\" data-id=\"13830\">\n            <div class=\"iksm-term__inner\" tabindex='0'>\n                <a class=\"iksm-term__link\" href='https:\/\/aswu.edu.eg\/fr\/services-aswu\/student-services-aswu\/foreign-students-services\/' target='_self' tabindex='-1'>\n\t\t\t\t        <span class=\"iksm-term__text\">Services aux \u00c9tudiants \u00c9trangers<\/span>\n\t\t            <\/a>\n\t\t\t        <\/div>\n\t\t        <\/div>\n\n\t\t\n        <div class=\"iksm-term iksm-term--id-13846 iksm-term--parent\" data-id=\"13846\">\n            <div class=\"iksm-term__inner\" tabindex='0'>\n                <a class=\"iksm-term__link\" href='https:\/\/aswu.edu.eg\/fr\/education\/foreign-students-programs\/' target='_self' tabindex='-1'>\n\t\t\t\t        <span class=\"iksm-term__text\">Programmes pour \u00c9tudiants \u00c9trangers<\/span>\n\t\t            <\/a>\n\t\t\t        <\/div>\n\t\t        <\/div>\n\n\t\t\n        <div class=\"iksm-term iksm-term--id-13828 iksm-term--parent\" data-id=\"13828\">\n            <div class=\"iksm-term__inner\" tabindex='0'>\n                <a class=\"iksm-term__link\" href='https:\/\/aswu.edu.eg\/fr\/services-aswu\/student-services-aswu\/foreign-students-services\/essential-documents\/' target='_self' tabindex='-1'>\n\t\t\t\t        <span class=\"iksm-term__text\">Documents Requis<\/span>\n\t\t            <\/a>\n\t\t\t        <\/div>\n\t\t        <\/div>\n\n\t\t\n        <div class=\"iksm-term iksm-term--id-13827 iksm-term--parent\" data-id=\"13827\">\n            <div class=\"iksm-term__inner\" tabindex='0'>\n                <a class=\"iksm-term__link\" href='https:\/\/aswu.edu.eg\/fr\/join-the-university\/sign-up\/' target='_self' tabindex='-1'>\n\t\t\t\t        <span class=\"iksm-term__text\">Admission des \u00c9tudiants \u00c9trangers<\/span>\n\t\t            <\/a>\n\t\t\t        <\/div>\n\t\t        <\/div>\n\n\t\t\n        <div class=\"iksm-term iksm-term--id-13845 iksm-term--parent\" data-id=\"13845\">\n            <div class=\"iksm-term__inner\" tabindex='0'>\n                <a class=\"iksm-term__link\" href='https:\/\/aswu.edu.eg\/fr\/services-aswu\/student-services-aswu\/foreign-students-activities\/' target='_self' tabindex='-1'>\n\t\t\t\t        <span class=\"iksm-term__text\">Activit\u00e9s pour \u00c9tudiants \u00c9trangers<\/span>\n\t\t            <\/a>\n\t\t\t        <\/div>\n\t\t        <\/div>\n\n\t\t\n        <div class=\"iksm-term iksm-term--id-13853 iksm-term--parent\" data-id=\"13853\">\n            <div class=\"iksm-term__inner\" tabindex='0'>\n                <a class=\"iksm-term__link\" href='https:\/\/aswu.edu.eg\/fr\/services-aswu\/student-services-aswu\/foreign-students-services\/about-the-arrivals\/' target='_self' tabindex='-1'>\n\t\t\t\t        <span class=\"iksm-term__text\">\u00c0 propos des \u00c9tudiants \u00c9trangers<\/span>\n\t\t            <\/a>\n\t\t\t        <\/div>\n\t\t        <\/div>\n\n\t\t<\/div><\/div><\/div><div id=\"iksm_data_args\" class=\"data-args\"  data-collapse_children_terms='1' data-collapse_other_terms='1' data-collapse_animation_duration='400' data-expand_animation_duration='400'><\/div><\/div>\t\t<\/div>\n\t\t\t\t<\/div>\n\t\t\t\t\t<\/div>\n\t\t<\/div>\n\t\t\t\t<div class=\"elementor-column elementor-col-66 elementor-top-column elementor-element elementor-element-a65de64\" data-id=\"a65de64\" data-element_type=\"column\">\n\t\t\t<div class=\"elementor-widget-wrap elementor-element-populated\">\n\t\t\t\t\t\t<div class=\"elementor-element elementor-element-d88bf7f elementor-widget elementor-widget-text-editor\" data-id=\"d88bf7f\" data-element_type=\"widget\" data-widget_type=\"text-editor.default\">\n\t\t\t\t<div class=\"elementor-widget-container\">\n\t\t\t\t\t\t\t<p><span style=\"color: #333333\"><span class=\"TextRun SCXW55597017 BCX0\" lang=\"FR-FR\" xml:lang=\"FR-FR\" data-contrast=\"auto\"><span class=\"NormalTextRun SCXW55597017 BCX0\">Quelques facult\u00e9s de l\u2019universit\u00e9 d\u2019Assouan re\u00e7oivent<\/span><span class=\"NormalTextRun SCXW55597017 BCX0\"> les <\/span><span class=\"NormalTextRun SCXW55597017 BCX0\">\u00e9tudiants<\/span> <span class=\"NormalTextRun SCXW55597017 BCX0\">\u00e9trangers\u00a0<\/span><span class=\"NormalTextRun SCXW55597017 BCX0\">au niveau du <\/span><span class=\"NormalTextRun SCXW55597017 BCX0\">baccalaur\u00e9at<\/span><span class=\"NormalTextRun SCXW55597017 BCX0\">\u00a0et <\/span><span class=\"NormalTextRun SCXW55597017 BCX0\">sont :<\/span><\/span><span class=\"EOP SCXW55597017 BCX0\" data-ccp-props=\"{&quot;201341983&quot;:0,&quot;335559739&quot;:160,&quot;335559740&quot;:259}\">\u00a0<\/span><\/span><\/p><ol><li><span style=\"color: #003366;font-size: 12pt\"><a style=\"color: #003366\" href=\"https:\/\/phy.aswu.edu.eg\/en\/\">Facult\u00e9 d\u2019\u00e9ducation physique\u00a0<\/a><\/span><\/li><li><span style=\"color: #003366;font-size: 12pt\"><a style=\"color: #003366\" href=\"https:\/\/law.aswu.edu.eg\/en\/\">Facult\u00e9 des Droits\u00a0<\/a><\/span><\/li><li><span style=\"color: #0000ff\"><a style=\"color: #0000ff\" href=\"https:\/\/com.aswu.edu.eg\/en\/home-2\/\"><span style=\"color: #003366;font-size: 12pt\"> Facult\u00e9 de Commerce<\/span>\u00a0<\/a><\/span><\/li><\/ol><p>\u00a0<\/p><p><span style=\"color: #333333\">Et ces facult\u00e9s re\u00e7oivent les \u00e9tudiants \u00e9trangers (niveau des \u00e9tudes sup\u00e9rieures) et sont :\u00a0<\/span><\/p><ol><li><span style=\"font-size: 12pt;color: #003366\"><a style=\"color: #003366\" href=\"https:\/\/phy.aswu.edu.eg\/en\/\">facult\u00e9 d\u2019\u00e9ducation physique\u00a0<\/a><\/span><\/li><li><span style=\"font-size: 12pt;color: #003366\"><a style=\"color: #003366\" href=\"https:\/\/law.aswu.edu.eg\/en\/\">facult\u00e9 des Droits\u00a0<\/a><\/span><\/li><li><span style=\"font-size: 12pt;color: #003366\"><a style=\"color: #003366\" href=\"https:\/\/afr.aswu.edu.eg\/en\/\"> institut des recherches et les \u00e9tudes africaines et pays du bassin du Nil<\/a><\/span><\/li><\/ol><p><span style=\"font-size: 12pt;font-family: Cairo\" data-ccp-props=\"{\">\u00a0<\/span><\/p>\t\t\t\t\t\t<\/div>\n\t\t\t\t<\/div>\n\t\t\t\t\t<\/div>\n\t\t<\/div>\n\t\t\t\t\t<\/div>\n\t\t<\/section>\n\t\t\t\t<\/div>\n\t\t","protected":false},"excerpt":{"rendered":"<p>Quelques facult\u00e9s de l\u2019universit\u00e9 d\u2019Assouan re\u00e7oivent les \u00e9tudiants \u00e9trangers\u00a0au niveau du baccalaur\u00e9at\u00a0et sont : Facult\u00e9 d\u2019\u00e9ducation physique\u00a0 Facult\u00e9 des Droits\u00a0 Facult\u00e9 de Commerce\u00a0 Et ces facult\u00e9s re\u00e7oivent les \u00e9tudiants \u00e9trangers (niveau des \u00e9tudes sup\u00e9rieures) et sont : facult\u00e9 d\u2019\u00e9ducation physique\u00a0 <a href=\"https:\/\/aswu.edu.eg\/fr\/education\/foreign-students-programs\/\" class=\"read-more\">Read More &#8230;<\/a><\/p>\n<div class=\"pvc_clear\"><\/div>\n<p id=\"pvc_stats_13831\" class=\"pvc_stats all  \" data-element-id=\"13831\" style=\"\"><i class=\"pvc-stats-icon medium\" aria-hidden=\"true\"><svg aria-hidden=\"true\" focusable=\"false\" data-prefix=\"far\" data-icon=\"chart-bar\" role=\"img\" xmlns=\"http:\/\/www.w3.org\/2000\/svg\" viewBox=\"0 0 512 512\" class=\"svg-inline--fa fa-chart-bar fa-w-16 fa-2x\"><path fill=\"currentColor\" d=\"M396.8 352h22.4c6.4 0 12.8-6.4 12.8-12.8V108.8c0-6.4-6.4-12.8-12.8-12.8h-22.4c-6.4 0-12.8 6.4-12.8 12.8v230.4c0 6.4 6.4 12.8 12.8 12.8zm-192 0h22.4c6.4 0 12.8-6.4 12.8-12.8V140.8c0-6.4-6.4-12.8-12.8-12.8h-22.4c-6.4 0-12.8 6.4-12.8 12.8v198.4c0 6.4 6.4 12.8 12.8 12.8zm96 0h22.4c6.4 0 12.8-6.4 12.8-12.8V204.8c0-6.4-6.4-12.8-12.8-12.8h-22.4c-6.4 0-12.8 6.4-12.8 12.8v134.4c0 6.4 6.4 12.8 12.8 12.8zM496 400H48V80c0-8.84-7.16-16-16-16H16C7.16 64 0 71.16 0 80v336c0 17.67 14.33 32 32 32h464c8.84 0 16-7.16 16-16v-16c0-8.84-7.16-16-16-16zm-387.2-48h22.4c6.4 0 12.8-6.4 12.8-12.8v-70.4c0-6.4-6.4-12.8-12.8-12.8h-22.4c-6.4 0-12.8 6.4-12.8 12.8v70.4c0 6.4 6.4 12.8 12.8 12.8z\" class=\"\"><\/path><\/svg><\/i> <img decoding=\"async\" width=\"16\" height=\"16\" alt=\"Loading\" src=\"https:\/\/aswu.edu.eg\/fr\/wp-content\/plugins\/page-views-count\/ajax-loader-2x.gif\" border=0 \/><\/p>\n<div class=\"pvc_clear\"><\/div>\n","protected":false},"author":7,"featured_media":0,"parent":13475,"menu_order":0,"comment_status":"closed","ping_status":"closed","template":"","meta":{"footnotes":""},"rttpg_featured_image_url":null,"rttpg_author":{"display_name":"nourhan Monaam","author_link":"https:\/\/aswu.edu.eg\/fr\/author\/edr0asen\/"},"rttpg_comment":0,"rttpg_category":null,"rttpg_excerpt":"Quelques facult\u00e9s de l\u2019universit\u00e9 d\u2019Assouan re\u00e7oivent les \u00e9tudiants \u00e9trangers\u00a0au niveau du baccalaur\u00e9at\u00a0et sont : Facult\u00e9 d\u2019\u00e9ducation physique\u00a0 Facult\u00e9 des Droits\u00a0 Facult\u00e9 de Commerce\u00a0 Et ces facult\u00e9s re\u00e7oivent les \u00e9tudiants \u00e9trangers (niveau des \u00e9tudes sup\u00e9rieures) et sont : facult\u00e9 d\u2019\u00e9ducation physique\u00a0 Read More ...","_links":{"self":[{"href":"https:\/\/aswu.edu.eg\/fr\/wp-json\/wp\/v2\/pages\/13831"}],"collection":[{"href":"https:\/\/aswu.edu.eg\/fr\/wp-json\/wp\/v2\/pages"}],"about":[{"href":"https:\/\/aswu.edu.eg\/fr\/wp-json\/wp\/v2\/types\/page"}],"author":[{"embeddable":true,"href":"https:\/\/aswu.edu.eg\/fr\/wp-json\/wp\/v2\/users\/7"}],"replies":[{"embeddable":true,"href":"https:\/\/aswu.edu.eg\/fr\/wp-json\/wp\/v2\/comments?post=13831"}],"version-history":[{"count":33,"href":"https:\/\/aswu.edu.eg\/fr\/wp-json\/wp\/v2\/pages\/13831\/revisions"}],"predecessor-version":[{"id":29983,"href":"https:\/\/aswu.edu.eg\/fr\/wp-json\/wp\/v2\/pages\/13831\/revisions\/29983"}],"up":[{"embeddable":true,"href":"https:\/\/aswu.edu.eg\/fr\/wp-json\/wp\/v2\/pages\/13475"}],"wp:attachment":[{"href":"https:\/\/aswu.edu.eg\/fr\/wp-json\/wp\/v2\/media?parent=13831"}],"curies":[{"name":"wp","href":"https:\/\/api.w.org\/{rel}","templated":true}]}}