{"id":13842,"date":"2022-10-27T11:29:11","date_gmt":"2022-10-27T11:29:11","guid":{"rendered":"http:\/\/193.227.33.90\/aswu\/en\/?page_id=13842"},"modified":"2024-04-21T08:04:45","modified_gmt":"2024-04-21T08:04:45","slug":"foreign-students-activities","status":"publish","type":"page","link":"https:\/\/aswu.edu.eg\/fr\/services-aswu\/student-services-aswu\/foreign-students-activities\/","title":{"rendered":"Activit\u00e9s pour \u00e9tudiants \u00e9trangers"},"content":{"rendered":"\t\t<div data-elementor-type=\"wp-page\" data-elementor-id=\"13842\" class=\"elementor elementor-13842\">\n\t\t\t\t\t\t<section class=\"elementor-section elementor-top-section elementor-element elementor-element-c9fd380 elementor-section-boxed elementor-section-height-default elementor-section-height-default\" data-id=\"c9fd380\" data-element_type=\"section\">\n\t\t\t\t\t\t<div class=\"elementor-container elementor-column-gap-default\">\n\t\t\t\t\t<div class=\"elementor-column elementor-col-33 elementor-top-column elementor-element elementor-element-c0b6ad7\" data-id=\"c0b6ad7\" data-element_type=\"column\">\n\t\t\t<div class=\"elementor-widget-wrap elementor-element-populated\">\n\t\t\t\t\t\t<div class=\"elementor-element elementor-element-09a4ae0 elementor-widget elementor-widget-wp-widget-iksm-widget\" data-id=\"09a4ae0\" data-element_type=\"widget\" data-widget_type=\"wp-widget-iksm-widget.default\">\n\t\t\t\t<div class=\"elementor-widget-container\">\n\t\t\t<script id=\"styles-copier-69e3a92267cf0\">\n\t\t\t\/\/ Finding styles element\n\t        var element = document.getElementById(\"iksm-dynamic-style\");\n\t        if (!element) { \/\/ If no element (Cache plugins can remove tag), then creating a new one\n                element = document.createElement('style');\n                var head = document.getElementsByTagName(\"head\")\n                if (head && head[0]) {\n                \thead[0].appendChild(element);\n                } else {\n                  \tconsole.warn(\"Iks Menu | Error while printing styles. Please contact technical support.\");\n                }\n\t        }\n\t\t\t\/\/ Copying styles to <styles> tag\n\t        element.innerHTML += \".iksm-15005 .iksm-terms{background-color:rgba(243,243,243,1);width:200px;transition:all 400ms;animation:iks-fade-in 1000ms;}.iksm-15005 .iksm-term__inner{background-color:rgba(231,231,231,1);margin-top:3px;min-height:44px;transition:all 400ms;}.iksm-15005 .iksm-term__inner:hover{background-color:rgba(220,220,220,1);}.iksm-15005 .iksm-term--current > .iksm-term__inner{background-color:rgba(202,229,239,1);}.iksm-15005 .iksm-term__link{color:rgba(0,0,0,1);font-size:15px;line-height:15px;font-weight:400;text-align:left;text-decoration:none;padding-top:5px;padding-right:10px;padding-bottom:5px;padding-left:15px;transition:all 400ms;}.iksm-15005 .iksm-term__inner:hover .iksm-term__link{color:rgba(50,50,50,1);}.iksm-15005 .iksm-term__toggle__inner{transition:transform 400ms}.iksm-15005 .iksm-term--expanded > .iksm-term__inner > .iksm-term__toggle > .iksm-term__toggle__inner{transform:rotate(180deg);}.iksm-15005 .iksm-term__toggle{color:rgba(133,133,133,1);font-size:16px;align-self:unset;;height:25px;width:25px;margin-right:7px;transition:all 400ms;}.iksm-15005 .iksm-term__toggle:hover{color:rgba(0,0,0,1);}.iksm-15005 .iksm-term__image-container{width:30px;min-width:30px;height:30px;min-height:30px;margin-right:15px;transition:all 400ms;}.iksm-15005 .iksm-term__image{background-size:contain;background-position:center;background-repeat:no-repeat;}.iksm-15005 .iksm-term__image-container:hover{background-size:contain;background-position:center;background-repeat:no-repeat;}.iksm-15005 .iksm-term__inner:hover .iksm-term__image-container{background-size:contain;background-position:center;background-repeat:no-repeat;}.iksm-15005 .iksm-term__inner:focus .iksm-term__image-container{background-size:contain;background-position:center;background-repeat:no-repeat;}.iksm-15005 .iksm-term--current > .iksm-term__inner .iksm-term__image-container{background-size:contain;background-position:center;background-repeat:no-repeat;}.iksm-15005 .iksm-term--child .iksm-term__inner .iksm-term__image-container{background-size:contain;background-position:center;background-repeat:no-repeat;}.iksm-15005 .iksm-term--child .iksm-term__inner .iksm-term__image-container:hover{background-size:contain;background-position:center;background-repeat:no-repeat;}.iksm-15005 .iksm-term--child .iksm-term__inner .iksm-term__image-container:focus{background-size:contain;background-position:center;background-repeat:no-repeat;}.iksm-15005 .iksm-term--child.iksm-term--current > .iksm-term__inner .iksm-term__image-container{background-size:contain;background-position:center;background-repeat:no-repeat;}.iksm-15005  .iksm-term__text{flex: unset}.iksm-15005 .iksm-term__posts-count{color:rgba(133,133,133,1);font-size:16px;margin-left:12px;font-weight:400;transition:all 400ms;}\";\n\t        \/\/ Removing this script\n            var this_script = document.getElementById(\"styles-copier-69e3a92267cf0\");\n            if (this_script) { \/\/ Cache plugins can remove tag\n\t            this_script.outerHTML = \"\";\n\t            if (this_script.parentNode) {\n\t                this_script.parentNode.removeChild(this_script);\n\t            }\n            }\n        <\/script><div id='iksm-15005' class='iksm iksm-15005 iksm-container '  data-id='15005' data-is-pro='0' data-source='menu'><div class='iksm-terms'><div class='iksm-terms-tree iksm-terms-tree--level-1 iksm-terms-tree--parents' style=''><div class=\"iksm-terms-tree__inner\">\n        <div class=\"iksm-term iksm-term--id-13830 iksm-term--parent\" data-id=\"13830\">\n            <div class=\"iksm-term__inner\" tabindex='0'>\n                <a class=\"iksm-term__link\" href='https:\/\/aswu.edu.eg\/fr\/services-aswu\/student-services-aswu\/foreign-students-services\/' target='_self' tabindex='-1'>\n\t\t\t\t        <span class=\"iksm-term__text\">Services aux \u00c9tudiants \u00c9trangers<\/span>\n\t\t            <\/a>\n\t\t\t        <\/div>\n\t\t        <\/div>\n\n\t\t\n        <div class=\"iksm-term iksm-term--id-13846 iksm-term--parent\" data-id=\"13846\">\n            <div class=\"iksm-term__inner\" tabindex='0'>\n                <a class=\"iksm-term__link\" href='https:\/\/aswu.edu.eg\/fr\/education\/foreign-students-programs\/' target='_self' tabindex='-1'>\n\t\t\t\t        <span class=\"iksm-term__text\">Programmes pour \u00c9tudiants \u00c9trangers<\/span>\n\t\t            <\/a>\n\t\t\t        <\/div>\n\t\t        <\/div>\n\n\t\t\n        <div class=\"iksm-term iksm-term--id-13828 iksm-term--parent\" data-id=\"13828\">\n            <div class=\"iksm-term__inner\" tabindex='0'>\n                <a class=\"iksm-term__link\" href='https:\/\/aswu.edu.eg\/fr\/services-aswu\/student-services-aswu\/foreign-students-services\/essential-documents\/' target='_self' tabindex='-1'>\n\t\t\t\t        <span class=\"iksm-term__text\">Documents Requis<\/span>\n\t\t            <\/a>\n\t\t\t        <\/div>\n\t\t        <\/div>\n\n\t\t\n        <div class=\"iksm-term iksm-term--id-13827 iksm-term--parent\" data-id=\"13827\">\n            <div class=\"iksm-term__inner\" tabindex='0'>\n                <a class=\"iksm-term__link\" href='https:\/\/aswu.edu.eg\/fr\/join-the-university\/sign-up\/' target='_self' tabindex='-1'>\n\t\t\t\t        <span class=\"iksm-term__text\">Admission des \u00c9tudiants \u00c9trangers<\/span>\n\t\t            <\/a>\n\t\t\t        <\/div>\n\t\t        <\/div>\n\n\t\t\n        <div class=\"iksm-term iksm-term--id-13845 iksm-term--parent\" data-id=\"13845\">\n            <div class=\"iksm-term__inner\" tabindex='0'>\n                <a class=\"iksm-term__link\" href='https:\/\/aswu.edu.eg\/fr\/services-aswu\/student-services-aswu\/foreign-students-activities\/' target='_self' tabindex='-1'>\n\t\t\t\t        <span class=\"iksm-term__text\">Activit\u00e9s pour \u00c9tudiants \u00c9trangers<\/span>\n\t\t            <\/a>\n\t\t\t        <\/div>\n\t\t        <\/div>\n\n\t\t\n        <div class=\"iksm-term iksm-term--id-13853 iksm-term--parent\" data-id=\"13853\">\n            <div class=\"iksm-term__inner\" tabindex='0'>\n                <a class=\"iksm-term__link\" href='https:\/\/aswu.edu.eg\/fr\/services-aswu\/student-services-aswu\/foreign-students-services\/about-the-arrivals\/' target='_self' tabindex='-1'>\n\t\t\t\t        <span class=\"iksm-term__text\">\u00c0 propos des \u00c9tudiants \u00c9trangers<\/span>\n\t\t            <\/a>\n\t\t\t        <\/div>\n\t\t        <\/div>\n\n\t\t<\/div><\/div><\/div><div id=\"iksm_data_args\" class=\"data-args\"  data-collapse_children_terms='1' data-collapse_other_terms='1' data-collapse_animation_duration='400' data-expand_animation_duration='400'><\/div><\/div>\t\t<\/div>\n\t\t\t\t<\/div>\n\t\t\t\t\t<\/div>\n\t\t<\/div>\n\t\t\t\t<div class=\"elementor-column elementor-col-66 elementor-top-column elementor-element elementor-element-2e703dc\" data-id=\"2e703dc\" data-element_type=\"column\">\n\t\t\t<div class=\"elementor-widget-wrap elementor-element-populated\">\n\t\t\t\t\t\t<div class=\"elementor-element elementor-element-dca129f elementor-widget elementor-widget-text-editor\" data-id=\"dca129f\" data-element_type=\"widget\" data-widget_type=\"text-editor.default\">\n\t\t\t\t<div class=\"elementor-widget-container\">\n\t\t\t\t\t\t\t<p><span style=\"color: #333333\">Les activit\u00e9s \u00e9tudiantes offertes aux \u00e9tudiants internationaux sont un forum important pour d\u00e9couvrir et d\u00e9velopper les talents et travailler \u00e0 encourager l\u2019innovation et la cr\u00e9ativit\u00e9 parmi les \u00e9tudiants. Les activit\u00e9s sont \u00e9galement un centre scientifique, culturel, social, sportif et artistique qui permet aux \u00e9tudiants internationaux de communiquer avec les pionniers de ces activit\u00e9s \u00e0 l\u2019int\u00e9rieur et \u00e0 l\u2019ext\u00e9rieur de l\u2019universit\u00e9 et est une source principale de leur production.<\/span><\/p><p><span style=\"color: #333333\">La participation des \u00e9tudiants internationaux et leur pratique de diverses activit\u00e9s est un forum pour diff\u00e9rentes nationalit\u00e9s et cultures, et l\u2019administration de l\u2019universit\u00e9 travaille \u00e0 fournir tous les services, en plus de fournir le club pour les services \u00e9lectroniques et l\u2019Internet pour tous les \u00e9tudiants internationaux.<\/span><\/p><p><span style=\"color: #003366;font-size: 14pt\">Objectifs g\u00e9n\u00e9raux des activit\u00e9s\u00a0:<\/span><\/p><ol><li><span style=\"color: #333333\">\u00c9tablir des activit\u00e9s qui soulignent les efforts des \u00e9tudiants dans les domaines o\u00f9 ils sont distingu\u00e9s.<\/span><\/li><li><span style=\"color: #333333\">D\u00e9couvrir les talents des \u00e9tudiants et encourager les personnes dou\u00e9es.<\/span><\/li><li><span style=\"color: #333333\">Cr\u00e9er un environnement appropri\u00e9 pour que les \u00e9tudiants puissent d\u00e9velopper leurs capacit\u00e9s, \u00e9changer des exp\u00e9riences entre eux et travailler \u00e0 les encourager, les soutenir et les honorer.<\/span><\/li><li><span style=\"color: #333333\">Participation \u00e0 divers \u00e9v\u00e9nements internes et externes pour le frottement et l\u2019\u00e9change d\u2019exp\u00e9riences.<\/span><\/li><li><span style=\"color: #333333\">Cr\u00e9ation d\u2019une base de donn\u00e9es des talents \u00e9tudiants dans divers domaines.<\/span><\/li><li><span style=\"color: #333333\">Pr\u00e9parer un plan annuel des activit\u00e9s qui pr\u00e9sente des propositions de programmes et d\u2019activit\u00e9s afin d\u2019am\u00e9liorer le rendement.<\/span><\/li><\/ol><p><span style=\"color: #333333\">Le plan g\u00e9n\u00e9ral des activit\u00e9s a \u00e9galement clarifi\u00e9 la pr\u00e9sentation de projets pour diverses activit\u00e9s en coop\u00e9ration avec le D\u00e9partement central des expatri\u00e9s de notre universit\u00e9 et en coop\u00e9ration avec le D\u00e9partement central de soin de la jeunesse.<\/span><\/p><p><span style=\"color: #333333\">\u00a0Ils sont les suivantes:<\/span><\/p><div class=\"x_ContentPasted20\"><p><span style=\"color: #003366\">\u00a0 \u00a0 <span style=\"font-size: 14pt\">\u00a0Premi\u00e8re: l&#8217;activit\u00e9 touristique et m\u00e9diatique<\/span><\/span><\/p><p><span style=\"color: #333333\">Il joue un r\u00f4le dans l\u2019introduction de ces \u00e9tudiants \u00e0 l\u2019\u00c9gypte, y compris son patrimoine et la civilisation antique en \u00c9gypte, et de jeter la lumi\u00e8re sur son pass\u00e9 et pr\u00e9sent en politique, des revues \u00e9conomiques, sociales et culturelles pour confirmer la valeur de l\u2019\u00c9gypte et de son peuple aux jeunes cadres expatri\u00e9s qui sortent de ses universit\u00e9s et instituts et leur donner une image honorable de l\u2019\u00c9gypte, afin que ces \u00e9tudiants deviennent une bonne propagande pour l\u2019\u00c9gypte dans leur pays, et leur donnant l\u2019occasion de visiter les monuments de la R\u00e9publique d&#8217;\u00c9gypte arabe (arch\u00e9ologique et touristique) en g\u00e9n\u00e9ral, et du gouvernorat d\u2019Assouan en particulier, pour confirmer son r\u00f4le civilis\u00e9 \u00e0 travers des sc\u00e8nes r\u00e9alistes dans un \u00e9treinte d\u2019amiti\u00e9, d\u2019amour et de paix, les activit\u00e9s des clubs varient entre des voyages pour savoir les monuments de l\u2019\u00c9gypte aux divers gouvernorats d\u2019\u00c9gypte ,surtout Assouan, Louxor, et Hurghada.<\/span><span style=\"color: #333333;font-size: 12pt\">\u00a0<\/span><\/p><\/div><div class=\"x_ContentPasted20\"><p><span style=\"color: #003366\">\u00a0 \u00a0 <span style=\"font-size: 14pt\">\u00a0Deuxi\u00e8me: l&#8217;activit\u00e9 sociale<\/span><\/span><\/p><p><span style=\"color: #333333\">Il vise \u00e0 atteindre la stabilit\u00e9 psychologique et une atmosph\u00e8re sociale appropri\u00e9e et de partager avec eux beaucoup de sports, activit\u00e9s sociales, culturelles et artistiques qui occupent leur temps libre d\u2019une mani\u00e8re \u00e9ducationnelle utile et aider \u00e0 d\u00e9velopper leurs talents dans divers domaines et conduire \u00e0 leur introduction aux coutumes et traditions \u00e9gyptiennes, ainsi que des activit\u00e9s sociales qui commencent par l\u2019accueil de nouveaux membres, de courts voyages de connaissance, des f\u00eates d\u2019iftar au Ramadan, et des c\u00e9l\u00e9brations lors de diverses f\u00eates.<\/span><\/p><\/div><div class=\"x_ContentPasted20\"><p><span style=\"color: #003366\">\u00a0 \u00a0 <span style=\"font-size: 14pt\">\u00a0Troisi\u00e8me: l&#8217;activit\u00e9 sportive<\/span><\/span><\/p><p><span style=\"color: #333333\">Les activit\u00e9s sportives sont repr\u00e9sent\u00e9es par l\u2019ouverture de centres de fitness pour les \u00e9tudiants de la Facult\u00e9 d\u2019\u00e9ducation physique et la tenue de cours de sport de recyclage.<\/span><\/p><\/div><div class=\"x_ContentPasted20\"><p><span style=\"color: #003366\">\u00a0 <span style=\"font-size: 14pt\">\u00a0 \u00a0Quatri\u00e8me: l&#8217;activit\u00e9 culturelle\u00a0<\/span><\/span><\/p><p><span style=\"color: #333333\">Il vise \u00e0 tenir des conf\u00e9rences et des symposiums culturels et religieux \u00e0 des \u00e9v\u00e9nements nationaux et religieux tout\u00a0 l\u2019ann\u00e9e, comme la c\u00e9l\u00e9bration de la naissance du Saint Proph\u00e8te et le Nouvel An, les \u00e9tudiants participants arrivant aux f\u00eates nationales et nationales et c\u00e9l\u00e9brant divers \u00e9v\u00e9nements pour les enfants de peuples amicaux, et de superviser les parties d\u2019associations avec des clubs de diff\u00e9rentes nationalit\u00e9s.<\/span><\/p><\/div><div class=\"x_ContentPasted20\"><p><span style=\"color: #333333\">Qu\u2019il d\u00e9pend non seulement de \u00e7a, il imprimerie des bulletins culturelles, brochures\u00a0 touristiques des voyages que l\u2019administration organise comme (Louxor,\u00a0 Assouan, et le mus\u00e9e \u00e9gyptien) et ouvert les biblioth\u00e8ques pour les \u00e9tudiants de lecture et \u00e9tudier \u00e0 la supervision biblioth\u00e9caires et participer l\u2019activit\u00e9 artistique.\u00a0\u00a0\u00a0\u00a0<\/span>\u00a0<\/p><\/div><div class=\"x_ContentPasted20\">\u00a0<\/div>\t\t\t\t\t\t<\/div>\n\t\t\t\t<\/div>\n\t\t\t\t\t<\/div>\n\t\t<\/div>\n\t\t\t\t\t<\/div>\n\t\t<\/section>\n\t\t\t\t<\/div>\n\t\t","protected":false},"excerpt":{"rendered":"<p>Les activit\u00e9s \u00e9tudiantes offertes aux \u00e9tudiants internationaux sont un forum important pour d\u00e9couvrir et d\u00e9velopper les talents et travailler \u00e0 encourager l\u2019innovation et la cr\u00e9ativit\u00e9 parmi les \u00e9tudiants. Les activit\u00e9s sont \u00e9galement un centre scientifique, culturel, social, sportif et artistique <a href=\"https:\/\/aswu.edu.eg\/fr\/services-aswu\/student-services-aswu\/foreign-students-activities\/\" class=\"read-more\">Read More &#8230;<\/a><\/p>\n<div class=\"pvc_clear\"><\/div>\n<p id=\"pvc_stats_13842\" class=\"pvc_stats all  \" data-element-id=\"13842\" style=\"\"><i class=\"pvc-stats-icon medium\" aria-hidden=\"true\"><svg aria-hidden=\"true\" focusable=\"false\" data-prefix=\"far\" data-icon=\"chart-bar\" role=\"img\" xmlns=\"http:\/\/www.w3.org\/2000\/svg\" viewBox=\"0 0 512 512\" class=\"svg-inline--fa fa-chart-bar fa-w-16 fa-2x\"><path fill=\"currentColor\" d=\"M396.8 352h22.4c6.4 0 12.8-6.4 12.8-12.8V108.8c0-6.4-6.4-12.8-12.8-12.8h-22.4c-6.4 0-12.8 6.4-12.8 12.8v230.4c0 6.4 6.4 12.8 12.8 12.8zm-192 0h22.4c6.4 0 12.8-6.4 12.8-12.8V140.8c0-6.4-6.4-12.8-12.8-12.8h-22.4c-6.4 0-12.8 6.4-12.8 12.8v198.4c0 6.4 6.4 12.8 12.8 12.8zm96 0h22.4c6.4 0 12.8-6.4 12.8-12.8V204.8c0-6.4-6.4-12.8-12.8-12.8h-22.4c-6.4 0-12.8 6.4-12.8 12.8v134.4c0 6.4 6.4 12.8 12.8 12.8zM496 400H48V80c0-8.84-7.16-16-16-16H16C7.16 64 0 71.16 0 80v336c0 17.67 14.33 32 32 32h464c8.84 0 16-7.16 16-16v-16c0-8.84-7.16-16-16-16zm-387.2-48h22.4c6.4 0 12.8-6.4 12.8-12.8v-70.4c0-6.4-6.4-12.8-12.8-12.8h-22.4c-6.4 0-12.8 6.4-12.8 12.8v70.4c0 6.4 6.4 12.8 12.8 12.8z\" class=\"\"><\/path><\/svg><\/i> <img decoding=\"async\" width=\"16\" height=\"16\" alt=\"Loading\" src=\"https:\/\/aswu.edu.eg\/fr\/wp-content\/plugins\/page-views-count\/ajax-loader-2x.gif\" border=0 \/><\/p>\n<div class=\"pvc_clear\"><\/div>\n","protected":false},"author":7,"featured_media":0,"parent":13550,"menu_order":0,"comment_status":"closed","ping_status":"closed","template":"","meta":{"footnotes":""},"rttpg_featured_image_url":null,"rttpg_author":{"display_name":"nourhan Monaam","author_link":"https:\/\/aswu.edu.eg\/fr\/author\/edr0asen\/"},"rttpg_comment":0,"rttpg_category":null,"rttpg_excerpt":"Les activit\u00e9s \u00e9tudiantes offertes aux \u00e9tudiants internationaux sont un forum important pour d\u00e9couvrir et d\u00e9velopper les talents et travailler \u00e0 encourager l\u2019innovation et la cr\u00e9ativit\u00e9 parmi les \u00e9tudiants. Les activit\u00e9s sont \u00e9galement un centre scientifique, culturel, social, sportif et artistique Read More ...","_links":{"self":[{"href":"https:\/\/aswu.edu.eg\/fr\/wp-json\/wp\/v2\/pages\/13842"}],"collection":[{"href":"https:\/\/aswu.edu.eg\/fr\/wp-json\/wp\/v2\/pages"}],"about":[{"href":"https:\/\/aswu.edu.eg\/fr\/wp-json\/wp\/v2\/types\/page"}],"author":[{"embeddable":true,"href":"https:\/\/aswu.edu.eg\/fr\/wp-json\/wp\/v2\/users\/7"}],"replies":[{"embeddable":true,"href":"https:\/\/aswu.edu.eg\/fr\/wp-json\/wp\/v2\/comments?post=13842"}],"version-history":[{"count":29,"href":"https:\/\/aswu.edu.eg\/fr\/wp-json\/wp\/v2\/pages\/13842\/revisions"}],"predecessor-version":[{"id":29984,"href":"https:\/\/aswu.edu.eg\/fr\/wp-json\/wp\/v2\/pages\/13842\/revisions\/29984"}],"up":[{"embeddable":true,"href":"https:\/\/aswu.edu.eg\/fr\/wp-json\/wp\/v2\/pages\/13550"}],"wp:attachment":[{"href":"https:\/\/aswu.edu.eg\/fr\/wp-json\/wp\/v2\/media?parent=13842"}],"curies":[{"name":"wp","href":"https:\/\/api.w.org\/{rel}","templated":true}]}}