{"id":13849,"date":"2022-10-27T11:41:06","date_gmt":"2022-10-27T11:41:06","guid":{"rendered":"http:\/\/193.227.33.90\/aswu\/en\/?page_id=13849"},"modified":"2025-01-22T08:48:20","modified_gmt":"2025-01-22T08:48:20","slug":"about-the-arrivals","status":"publish","type":"page","link":"https:\/\/aswu.edu.eg\/fr\/services-aswu\/student-services-aswu\/foreign-students-services\/about-the-arrivals\/","title":{"rendered":"\u00c0 Propos"},"content":{"rendered":"\t\t<div data-elementor-type=\"wp-page\" data-elementor-id=\"13849\" class=\"elementor elementor-13849\">\n\t\t\t\t\t\t<section class=\"elementor-section elementor-top-section elementor-element elementor-element-90762fa elementor-section-boxed elementor-section-height-default elementor-section-height-default\" data-id=\"90762fa\" data-element_type=\"section\">\n\t\t\t\t\t\t<div class=\"elementor-container elementor-column-gap-default\">\n\t\t\t\t\t<div class=\"elementor-column elementor-col-33 elementor-top-column elementor-element elementor-element-9696767\" data-id=\"9696767\" data-element_type=\"column\">\n\t\t\t<div class=\"elementor-widget-wrap elementor-element-populated\">\n\t\t\t\t\t\t<div class=\"elementor-element elementor-element-78cdcaf elementor-widget elementor-widget-wp-widget-iksm-widget\" data-id=\"78cdcaf\" data-element_type=\"widget\" data-widget_type=\"wp-widget-iksm-widget.default\">\n\t\t\t\t<div class=\"elementor-widget-container\">\n\t\t\t<script id=\"styles-copier-69fd090e5fc3e\">\n\t\t\t\/\/ Finding styles element\n\t        var element = document.getElementById(\"iksm-dynamic-style\");\n\t        if (!element) { \/\/ If no element (Cache plugins can remove tag), then creating a new one\n                element = document.createElement('style');\n                var head = document.getElementsByTagName(\"head\")\n                if (head && head[0]) {\n                \thead[0].appendChild(element);\n                } else {\n                  \tconsole.warn(\"Iks Menu | Error while printing styles. Please contact technical support.\");\n                }\n\t        }\n\t\t\t\/\/ Copying styles to <styles> tag\n\t        element.innerHTML += \".iksm-15005 .iksm-terms{background-color:rgba(243,243,243,1);width:200px;transition:all 400ms;animation:iks-fade-in 1000ms;}.iksm-15005 .iksm-term__inner{background-color:rgba(231,231,231,1);margin-top:3px;min-height:44px;transition:all 400ms;}.iksm-15005 .iksm-term__inner:hover{background-color:rgba(220,220,220,1);}.iksm-15005 .iksm-term--current > .iksm-term__inner{background-color:rgba(202,229,239,1);}.iksm-15005 .iksm-term__link{color:rgba(0,0,0,1);font-size:15px;line-height:15px;font-weight:400;text-align:left;text-decoration:none;padding-top:5px;padding-right:10px;padding-bottom:5px;padding-left:15px;transition:all 400ms;}.iksm-15005 .iksm-term__inner:hover .iksm-term__link{color:rgba(50,50,50,1);}.iksm-15005 .iksm-term__toggle__inner{transition:transform 400ms}.iksm-15005 .iksm-term--expanded > .iksm-term__inner > .iksm-term__toggle > .iksm-term__toggle__inner{transform:rotate(180deg);}.iksm-15005 .iksm-term__toggle{color:rgba(133,133,133,1);font-size:16px;align-self:unset;;height:25px;width:25px;margin-right:7px;transition:all 400ms;}.iksm-15005 .iksm-term__toggle:hover{color:rgba(0,0,0,1);}.iksm-15005 .iksm-term__image-container{width:30px;min-width:30px;height:30px;min-height:30px;margin-right:15px;transition:all 400ms;}.iksm-15005 .iksm-term__image{background-size:contain;background-position:center;background-repeat:no-repeat;}.iksm-15005 .iksm-term__image-container:hover{background-size:contain;background-position:center;background-repeat:no-repeat;}.iksm-15005 .iksm-term__inner:hover .iksm-term__image-container{background-size:contain;background-position:center;background-repeat:no-repeat;}.iksm-15005 .iksm-term__inner:focus .iksm-term__image-container{background-size:contain;background-position:center;background-repeat:no-repeat;}.iksm-15005 .iksm-term--current > .iksm-term__inner .iksm-term__image-container{background-size:contain;background-position:center;background-repeat:no-repeat;}.iksm-15005 .iksm-term--child .iksm-term__inner .iksm-term__image-container{background-size:contain;background-position:center;background-repeat:no-repeat;}.iksm-15005 .iksm-term--child .iksm-term__inner .iksm-term__image-container:hover{background-size:contain;background-position:center;background-repeat:no-repeat;}.iksm-15005 .iksm-term--child .iksm-term__inner .iksm-term__image-container:focus{background-size:contain;background-position:center;background-repeat:no-repeat;}.iksm-15005 .iksm-term--child.iksm-term--current > .iksm-term__inner .iksm-term__image-container{background-size:contain;background-position:center;background-repeat:no-repeat;}.iksm-15005  .iksm-term__text{flex: unset}.iksm-15005 .iksm-term__posts-count{color:rgba(133,133,133,1);font-size:16px;margin-left:12px;font-weight:400;transition:all 400ms;}\";\n\t        \/\/ Removing this script\n            var this_script = document.getElementById(\"styles-copier-69fd090e5fc3e\");\n            if (this_script) { \/\/ Cache plugins can remove tag\n\t            this_script.outerHTML = \"\";\n\t            if (this_script.parentNode) {\n\t                this_script.parentNode.removeChild(this_script);\n\t            }\n            }\n        <\/script><div id='iksm-15005' class='iksm iksm-15005 iksm-container '  data-id='15005' data-is-pro='0' data-source='menu'><div class='iksm-terms'><div class='iksm-terms-tree iksm-terms-tree--level-1 iksm-terms-tree--parents' style=''><div class=\"iksm-terms-tree__inner\">\n        <div class=\"iksm-term iksm-term--id-13830 iksm-term--parent\" data-id=\"13830\">\n            <div class=\"iksm-term__inner\" tabindex='0'>\n                <a class=\"iksm-term__link\" href='https:\/\/aswu.edu.eg\/fr\/services-aswu\/student-services-aswu\/foreign-students-services\/' target='_self' tabindex='-1'>\n\t\t\t\t        <span class=\"iksm-term__text\">Services aux \u00c9tudiants \u00c9trangers<\/span>\n\t\t            <\/a>\n\t\t\t        <\/div>\n\t\t        <\/div>\n\n\t\t\n        <div class=\"iksm-term iksm-term--id-13846 iksm-term--parent\" data-id=\"13846\">\n            <div class=\"iksm-term__inner\" tabindex='0'>\n                <a class=\"iksm-term__link\" href='https:\/\/aswu.edu.eg\/fr\/education\/foreign-students-programs\/' target='_self' tabindex='-1'>\n\t\t\t\t        <span class=\"iksm-term__text\">Programmes pour \u00c9tudiants \u00c9trangers<\/span>\n\t\t            <\/a>\n\t\t\t        <\/div>\n\t\t        <\/div>\n\n\t\t\n        <div class=\"iksm-term iksm-term--id-13828 iksm-term--parent\" data-id=\"13828\">\n            <div class=\"iksm-term__inner\" tabindex='0'>\n                <a class=\"iksm-term__link\" href='https:\/\/aswu.edu.eg\/fr\/services-aswu\/student-services-aswu\/foreign-students-services\/essential-documents\/' target='_self' tabindex='-1'>\n\t\t\t\t        <span class=\"iksm-term__text\">Documents Requis<\/span>\n\t\t            <\/a>\n\t\t\t        <\/div>\n\t\t        <\/div>\n\n\t\t\n        <div class=\"iksm-term iksm-term--id-13827 iksm-term--parent\" data-id=\"13827\">\n            <div class=\"iksm-term__inner\" tabindex='0'>\n                <a class=\"iksm-term__link\" href='https:\/\/aswu.edu.eg\/fr\/join-the-university\/sign-up\/' target='_self' tabindex='-1'>\n\t\t\t\t        <span class=\"iksm-term__text\">Admission des \u00c9tudiants \u00c9trangers<\/span>\n\t\t            <\/a>\n\t\t\t        <\/div>\n\t\t        <\/div>\n\n\t\t\n        <div class=\"iksm-term iksm-term--id-13845 iksm-term--parent\" data-id=\"13845\">\n            <div class=\"iksm-term__inner\" tabindex='0'>\n                <a class=\"iksm-term__link\" href='https:\/\/aswu.edu.eg\/fr\/services-aswu\/student-services-aswu\/foreign-students-activities\/' target='_self' tabindex='-1'>\n\t\t\t\t        <span class=\"iksm-term__text\">Activit\u00e9s pour \u00c9tudiants \u00c9trangers<\/span>\n\t\t            <\/a>\n\t\t\t        <\/div>\n\t\t        <\/div>\n\n\t\t\n        <div class=\"iksm-term iksm-term--id-13853 iksm-term--parent\" data-id=\"13853\">\n            <div class=\"iksm-term__inner\" tabindex='0'>\n                <a class=\"iksm-term__link\" href='https:\/\/aswu.edu.eg\/fr\/services-aswu\/student-services-aswu\/foreign-students-services\/about-the-arrivals\/' target='_self' tabindex='-1'>\n\t\t\t\t        <span class=\"iksm-term__text\">\u00c0 propos des \u00c9tudiants \u00c9trangers<\/span>\n\t\t            <\/a>\n\t\t\t        <\/div>\n\t\t        <\/div>\n\n\t\t<\/div><\/div><\/div><div id=\"iksm_data_args\" class=\"data-args\"  data-collapse_children_terms='1' data-collapse_other_terms='1' data-collapse_animation_duration='400' data-expand_animation_duration='400'><\/div><\/div>\t\t<\/div>\n\t\t\t\t<\/div>\n\t\t\t\t\t<\/div>\n\t\t<\/div>\n\t\t\t\t<div class=\"elementor-column elementor-col-66 elementor-top-column elementor-element elementor-element-c940684\" data-id=\"c940684\" data-element_type=\"column\">\n\t\t\t<div class=\"elementor-widget-wrap elementor-element-populated\">\n\t\t\t\t\t\t<div class=\"elementor-element elementor-element-0ff6157 elementor-widget elementor-widget-text-editor\" data-id=\"0ff6157\" data-element_type=\"widget\" data-widget_type=\"text-editor.default\">\n\t\t\t\t<div class=\"elementor-widget-container\">\n\t\t\t\t\t\t\t<p><span style=\"font-size: 14pt;color: #003366;font-family: Cairo\">Vision:\u00a0<\/span><\/p><p><span style=\"color: #333333;font-size: 17px\">L\u2019administration des \u00e9tudiants \u00e9trangers repr\u00e9sente \u00e0 offrir une strat\u00e9gie fait l\u2019universit\u00e9 d\u2019Assouan une des universit\u00e9s gouvernementales distinctives au niveau offre des services \u00e9ducatifs, culturels \u00e0 l\u2019\u00e9tudiant \u00e9tranger des nationalit\u00e9s diverses sert la recherche scientifique et les ressources de connaissance et r\u00e9alise la r\u00e9novation et le d\u00e9veloppement continu pour l\u2019\u00e9ducation et la recherche scientifique de perspective scientifique<\/span><\/p><p><span style=\"color: #333333;font-size: 17px\">Comme l\u2019administration des \u00e9tudiants \u00e9trangers est en contact permanent avec l\u2019administration des \u00e9tudiants \u00e9trangers afin d\u2019offrir tous les services pour les \u00e9tudiants \u00e9trangers dipl\u00f4m\u00e9s et travailler \u00e0 faciliter leurs proc\u00e9dures de dipl\u00f4mer \u00e0 l\u2019universit\u00e9, puis la communication continue avec les dipl\u00f4m\u00e9s de l\u2019universit\u00e9 afin d\u2019\u00e9changer les exp\u00e9riences parmi les dipl\u00f4m\u00e9s, les \u00e9tudiants \u00e9gyptiens, les diverses nationalit\u00e9s, et l\u2019administration de l\u2019universit\u00e9 d\u2019\u00eatre un ambassadeur dans le march\u00e9 du travail.<\/span><\/p><p class=\"x_ContentPasted24\"><span style=\"color: #333333;font-size: 12pt\">.\u00a0<\/span><\/p><p><span style=\"font-size: 14pt;color: #003366;font-family: Cairo\">Mission:\u00a0\u00a0<\/span><\/p><p><span style=\"color: #333333;font-size: 17px\">L\u2019administration des \u00e9tudiants \u00e9trangers engage, \u00e0 travers sa communication avec les facult\u00e9s de l\u2019universit\u00e9 que les \u00e9tudiants ont inscrites, d\u2019offrir les meilleures opportunit\u00e9s d\u2019\u00e9ducation et les services de recherche pour l\u2019\u00e9tudiant \u00e9tranger, et de lever le niveau \u00e9ducationnel \u00e0 travers appliquer le haut crit\u00e8re de qualit\u00e9 et le d\u00e9veloppement international et r\u00e9gional afin de dipl\u00f4mer \u00e9tudiants avec comp\u00e9tences et exp\u00e9rience de leurs universit\u00e9s et transfert les objectifs de l\u2019universit\u00e9 et sa vision aux leurs pays.<\/span><\/p><p><span style=\"font-family: Cairo;font-size: 14pt;color: #003366\">Objectifs:\u00a0\u00a0<\/span><\/p><ol style=\"padding-left: 40px\"><li style=\"list-style-type: none\"><ol><li><span style=\"color: #333333;font-size: 17px\">Supervision au flux de travaux \u00e0 l\u2019administration et g\u00e8re ses affaires.<\/span><\/li><li><span style=\"color: #333333;font-size: 17px\">Ex\u00e9cute les politiques et les plans que le directeur g\u00e9n\u00e9ral et le directeur de l\u2019administration posent.<\/span><\/li><li><span style=\"color: #333333;font-size: 17px\">La communication avec les \u00e9tudiants \u00e9trangers qui sont nomin\u00e9s \u00e0 travers le site de l\u2019universit\u00e9 et les sites de m\u00e9dias sociaux.<\/span><\/li><li><span style=\"color: #333333;font-size: 17px\">La supervision aux employ\u00e9s \u00e0 l\u2019administration et leur dirige et poursuit les travaux qui leur sont confi\u00e9s.<\/span><\/li><li><span style=\"color: #333333;font-size: 17px\">R\u00e9soudre les probl\u00e8mes ou les rel\u00e8vent au directeur de l\u2019administration au cas n\u00e9cessaire.<\/span><\/li><li><span style=\"color: #333333;font-size: 17px\">Pr\u00e9pare des rapports \u00e0 la fin de chaque ann\u00e9e sur ce qui a \u00e9t\u00e9 achev\u00e9 et ce qui n\u2019a pas \u00e9t\u00e9 achev\u00e9 en mentionnant les raisons.<\/span><\/li><li><span style=\"color: #333333;font-size: 17px\">La communication avec les institutions et les entreprises afin d\u2019employer les dipl\u00f4m\u00e9s de l\u2019universit\u00e9.<\/span><\/li><li><span style=\"color: #333333;font-size: 17px\">Offrir un syst\u00e8me de soin et de support aux \u00e9tudiants et travailler \u00e0 d\u00e9velopper un syst\u00e8me de mesure de la performance pour \u00eatre une base de d\u00e9veloppement continu.<\/span><\/li><li><span style=\"color: #333333;font-size: 17px\">Tenir une r\u00e9union pour les membres de l\u2019administration d\u2019invitation par le directeur de l\u2019administration une fois au d\u00e9but de chaque semestre pour discuter le plan et la r\u00e9partition des t\u00e2ches.<\/span><\/li><\/ol><\/li><\/ol><p><span style=\"color: #003366;font-size: 17px\">Strat\u00e9gie de l\u2019administration des \u00e9tudiants \u00e9trangers\u00a0:<\/span><\/p><p><span style=\"color: #333333;font-size: 17px\">L\u2019administration des \u00e9tudiants \u00e9trangers est un des composants du processus \u00e9ducatif qui exige un d\u00e9veloppement et une mise \u00e0 jour continuels, parce que l\u2019universit\u00e9 a une importance \u00e0 la vie de la communaut\u00e9 et le r\u00f4le important qu\u2019elle fait en pr\u00e9paration des g\u00e9n\u00e9rations, qui fait du d\u00e9veloppement et de la modernisation de son administration un th\u00e8me tr\u00e8s important conform\u00e9ment au d\u00e9veloppement du monde dans ce domaine vital.<\/span><\/p><p><span style=\"color: #333333;font-size: 17px\">Pour parler sur le plan du d\u00e9veloppement de l\u2019administration des \u00e9tudiants affili\u00e9 l\u2019administration g\u00e9n\u00e9rale des affaires l\u2019\u00e9ducation et les \u00e9tudiants\u00a0; exige la connaissance des d\u00e9veloppements dans tous les aspects sociaux, scientifiques, et cognitifs, cela parce que la vitesse de changement qui consid\u00e8re les caract\u00e9ristiques les plus notables de notre monde.<\/span><\/p><p><span style=\"color: #333333;font-size: 17px\">Par cons\u00e9quent, pour que l\u2019Universit\u00e9 puisse remplir sa mission de mani\u00e8re ad\u00e9quate, il faut d\u00e9velopper son administration en termes d\u2019outils et de moyens \u00e0 utiliser dans ses op\u00e9rations et fonctions afin d\u2019assurer la r\u00e9alisation des objectifs fix\u00e9s de la meilleure fa\u00e7on possible. Cette \u00e9volution et ce changement doivent inclure les \u00e9l\u00e9ments suivants\u00a0:<\/span><\/p><ol><li><span style=\"color: #333333;font-size: 17px\">Nomination l\u2019\u00e9quipe ex\u00e9cutif selon la structure organisationnel.<\/span><\/li><li><span style=\"color: #333333;font-size: 17px\">Fournir un si\u00e8ge pour l\u2019unit\u00e9 et l\u2019\u00e9tablir avec des syst\u00e8mes d\u00e9velopp\u00e9s.<\/span><\/li><li><span style=\"color: #333333;font-size: 17px\">Tenir une r\u00e9union mensuelle pour les membres de l\u2019administration pour discuter des membres de l\u2019administration et poursuivre les activit\u00e9s diverses.<\/span><\/li><li><span style=\"color: #333333;font-size: 17px\">Pr\u00e9pare des rapports \u00e0 la fin de chaque ann\u00e9e sur ce qui a \u00e9t\u00e9 achev\u00e9 et ce qui n\u2019a pas \u00e9t\u00e9 achev\u00e9 en mentionnant les raisons.<\/span><\/li><li><span style=\"color: #333333;font-size: 17px\">Communiquer avec les dipl\u00f4m\u00e9s et les informer des activit\u00e9s de l\u2019Universit\u00e9 par les sites de l\u2019Universit\u00e9.<\/span><\/li><li><span style=\"color: #333333;font-size: 17px\">Fournir des programmes vari\u00e9s pour pr\u00e9parer les dipl\u00f4m\u00e9s pour le march\u00e9 du travail.<\/span><\/li><li><span style=\"color: #333333;font-size: 17px\">Tenir une c\u00e9r\u00e9monie annuelle pour les dipl\u00f4m\u00e9s des \u00e9tudiants \u00e9trangers.<\/span><\/li><li><span style=\"color: #333333;font-size: 17px\">Activer les activit\u00e9s sociales comme les voyages et les symposiums et outres et informe les dipl\u00f4m\u00e9s et veille \u00e0 leur participation dans ces activit\u00e9s afin d\u2019il y ait une connexion et une communication continues entre le dipl\u00f4m\u00e9 et l\u2019universit\u00e9.<\/span><\/li><li><span style=\"color: #333333;font-size: 17px\">Supervision aux employ\u00e9s \u00e0 l\u2019administration et les guider et suivre l\u2019ex\u00e9cution des travaux qui leur sont confi\u00e9s.<\/span><\/li><li><span style=\"color: #333333;font-size: 17px\">Imprimerie des brochures \u2013 guide l\u2019\u00e9tudiant \u00e9tranger- sur l\u2019universit\u00e9 et les services qu\u2019elle offre.<\/span><\/li><li><span style=\"color: #333333;font-size: 17px\">Attirer le plus grand nombre d&#8217;\u00e9tudiants \u00e9trangers des diverses nationalit\u00e9s.<\/span><\/li><\/ol>\t\t\t\t\t\t<\/div>\n\t\t\t\t<\/div>\n\t\t\t\t\t<\/div>\n\t\t<\/div>\n\t\t\t\t\t<\/div>\n\t\t<\/section>\n\t\t\t\t<\/div>\n\t\t","protected":false},"excerpt":{"rendered":"<p>Vision:\u00a0 L\u2019administration des \u00e9tudiants \u00e9trangers repr\u00e9sente \u00e0 offrir une strat\u00e9gie fait l\u2019universit\u00e9 d\u2019Assouan une des universit\u00e9s gouvernementales distinctives au niveau offre des services \u00e9ducatifs, culturels \u00e0 l\u2019\u00e9tudiant \u00e9tranger des nationalit\u00e9s diverses sert la recherche scientifique et les ressources de connaissance <a href=\"https:\/\/aswu.edu.eg\/fr\/services-aswu\/student-services-aswu\/foreign-students-services\/about-the-arrivals\/\" class=\"read-more\">Read More &#8230;<\/a><\/p>\n<div class=\"pvc_clear\"><\/div>\n<p id=\"pvc_stats_13849\" class=\"pvc_stats all  \" data-element-id=\"13849\" style=\"\"><i class=\"pvc-stats-icon medium\" aria-hidden=\"true\"><svg aria-hidden=\"true\" focusable=\"false\" data-prefix=\"far\" data-icon=\"chart-bar\" role=\"img\" xmlns=\"http:\/\/www.w3.org\/2000\/svg\" viewBox=\"0 0 512 512\" class=\"svg-inline--fa fa-chart-bar fa-w-16 fa-2x\"><path fill=\"currentColor\" d=\"M396.8 352h22.4c6.4 0 12.8-6.4 12.8-12.8V108.8c0-6.4-6.4-12.8-12.8-12.8h-22.4c-6.4 0-12.8 6.4-12.8 12.8v230.4c0 6.4 6.4 12.8 12.8 12.8zm-192 0h22.4c6.4 0 12.8-6.4 12.8-12.8V140.8c0-6.4-6.4-12.8-12.8-12.8h-22.4c-6.4 0-12.8 6.4-12.8 12.8v198.4c0 6.4 6.4 12.8 12.8 12.8zm96 0h22.4c6.4 0 12.8-6.4 12.8-12.8V204.8c0-6.4-6.4-12.8-12.8-12.8h-22.4c-6.4 0-12.8 6.4-12.8 12.8v134.4c0 6.4 6.4 12.8 12.8 12.8zM496 400H48V80c0-8.84-7.16-16-16-16H16C7.16 64 0 71.16 0 80v336c0 17.67 14.33 32 32 32h464c8.84 0 16-7.16 16-16v-16c0-8.84-7.16-16-16-16zm-387.2-48h22.4c6.4 0 12.8-6.4 12.8-12.8v-70.4c0-6.4-6.4-12.8-12.8-12.8h-22.4c-6.4 0-12.8 6.4-12.8 12.8v70.4c0 6.4 6.4 12.8 12.8 12.8z\" class=\"\"><\/path><\/svg><\/i> <img decoding=\"async\" width=\"16\" height=\"16\" alt=\"Loading\" src=\"https:\/\/aswu.edu.eg\/fr\/wp-content\/plugins\/page-views-count\/ajax-loader-2x.gif\" border=0 \/><\/p>\n<div class=\"pvc_clear\"><\/div>\n","protected":false},"author":7,"featured_media":0,"parent":568,"menu_order":0,"comment_status":"closed","ping_status":"closed","template":"","meta":{"footnotes":""},"rttpg_featured_image_url":null,"rttpg_author":{"display_name":"nourhan Monaam","author_link":"https:\/\/aswu.edu.eg\/fr\/author\/edr0asen\/"},"rttpg_comment":0,"rttpg_category":null,"rttpg_excerpt":"Vision:\u00a0 L\u2019administration des \u00e9tudiants \u00e9trangers repr\u00e9sente \u00e0 offrir une strat\u00e9gie fait l\u2019universit\u00e9 d\u2019Assouan une des universit\u00e9s gouvernementales distinctives au niveau offre des services \u00e9ducatifs, culturels \u00e0 l\u2019\u00e9tudiant \u00e9tranger des nationalit\u00e9s diverses sert la recherche scientifique et les ressources de connaissance Read More ...","_links":{"self":[{"href":"https:\/\/aswu.edu.eg\/fr\/wp-json\/wp\/v2\/pages\/13849"}],"collection":[{"href":"https:\/\/aswu.edu.eg\/fr\/wp-json\/wp\/v2\/pages"}],"about":[{"href":"https:\/\/aswu.edu.eg\/fr\/wp-json\/wp\/v2\/types\/page"}],"author":[{"embeddable":true,"href":"https:\/\/aswu.edu.eg\/fr\/wp-json\/wp\/v2\/users\/7"}],"replies":[{"embeddable":true,"href":"https:\/\/aswu.edu.eg\/fr\/wp-json\/wp\/v2\/comments?post=13849"}],"version-history":[{"count":24,"href":"https:\/\/aswu.edu.eg\/fr\/wp-json\/wp\/v2\/pages\/13849\/revisions"}],"predecessor-version":[{"id":30808,"href":"https:\/\/aswu.edu.eg\/fr\/wp-json\/wp\/v2\/pages\/13849\/revisions\/30808"}],"up":[{"embeddable":true,"href":"https:\/\/aswu.edu.eg\/fr\/wp-json\/wp\/v2\/pages\/568"}],"wp:attachment":[{"href":"https:\/\/aswu.edu.eg\/fr\/wp-json\/wp\/v2\/media?parent=13849"}],"curies":[{"name":"wp","href":"https:\/\/api.w.org\/{rel}","templated":true}]}}