{"id":13903,"date":"2022-10-28T13:55:59","date_gmt":"2022-10-28T13:55:59","guid":{"rendered":"http:\/\/193.227.33.90\/aswu\/en\/?page_id=13903"},"modified":"2023-09-06T09:59:50","modified_gmt":"2023-09-06T09:59:50","slug":"postgraduate-institutes-programs","status":"publish","type":"page","link":"https:\/\/aswu.edu.eg\/fr\/education\/postgraduate-programs\/postgraduate-institutes-programs\/","title":{"rendered":"Programmes d&#8217;institut"},"content":{"rendered":"\t\t<div data-elementor-type=\"wp-page\" data-elementor-id=\"13903\" class=\"elementor elementor-13903\">\n\t\t\t\t\t\t<section class=\"elementor-section elementor-top-section elementor-element elementor-element-a34759a elementor-section-boxed elementor-section-height-default elementor-section-height-default\" data-id=\"a34759a\" data-element_type=\"section\">\n\t\t\t\t\t\t<div class=\"elementor-container elementor-column-gap-default\">\n\t\t\t\t\t<div class=\"elementor-column elementor-col-50 elementor-top-column elementor-element elementor-element-492e134\" data-id=\"492e134\" data-element_type=\"column\">\n\t\t\t<div class=\"elementor-widget-wrap elementor-element-populated\">\n\t\t\t\t\t\t<div class=\"elementor-element elementor-element-ad2b4c8 elementor-widget elementor-widget-wp-widget-iksm-widget\" data-id=\"ad2b4c8\" data-element_type=\"widget\" data-widget_type=\"wp-widget-iksm-widget.default\">\n\t\t\t\t<div class=\"elementor-widget-container\">\n\t\t\t<script id=\"styles-copier-69e25eaeed21b\">\n\t\t\t\/\/ Finding styles element\n\t        var element = document.getElementById(\"iksm-dynamic-style\");\n\t        if (!element) { \/\/ If no element (Cache plugins can remove tag), then creating a new one\n                element = document.createElement('style');\n                var head = document.getElementsByTagName(\"head\")\n                if (head && head[0]) {\n                \thead[0].appendChild(element);\n                } else {\n                  \tconsole.warn(\"Iks Menu | Error while printing styles. Please contact technical support.\");\n                }\n\t        }\n\t\t\t\/\/ Copying styles to <styles> tag\n\t        element.innerHTML += \".iksm-14043 .iksm-terms{background-color:rgba(243,243,243,1);width:200px;transition:all 400ms;animation:iks-fade-in 1000ms;}.iksm-14043 .iksm-term__inner{background-color:rgba(231,231,231,1);margin-top:3px;min-height:44px;transition:all 400ms;}.iksm-14043 .iksm-term__inner:hover{background-color:rgba(220,220,220,1);}.iksm-14043 .iksm-term--current > .iksm-term__inner{background-color:rgba(202,229,239,1);}.iksm-14043 .iksm-term__link{color:rgba(0,0,0,1);font-size:15px;line-height:15px;font-weight:400;text-align:left;text-decoration:none;padding-top:5px;padding-right:10px;padding-bottom:5px;padding-left:15px;transition:all 400ms;}.iksm-14043 .iksm-term__inner:hover .iksm-term__link{color:rgba(50,50,50,1);}.iksm-14043 .iksm-term__toggle__inner{transition:transform 400ms}.iksm-14043 .iksm-term--expanded > .iksm-term__inner > .iksm-term__toggle > .iksm-term__toggle__inner{transform:rotate(180deg);}.iksm-14043 .iksm-term__toggle{color:rgba(133,133,133,1);font-size:16px;align-self:unset;;height:25px;width:25px;margin-right:7px;transition:all 400ms;}.iksm-14043 .iksm-term__toggle:hover{color:rgba(0,0,0,1);}.iksm-14043 .iksm-term__image-container{width:30px;min-width:30px;height:30px;min-height:30px;margin-right:15px;transition:all 400ms;}.iksm-14043 .iksm-term__image{background-size:contain;background-position:center;background-repeat:no-repeat;}.iksm-14043 .iksm-term__image-container:hover{background-size:contain;background-position:center;background-repeat:no-repeat;}.iksm-14043 .iksm-term__inner:hover .iksm-term__image-container{background-size:contain;background-position:center;background-repeat:no-repeat;}.iksm-14043 .iksm-term__inner:focus .iksm-term__image-container{background-size:contain;background-position:center;background-repeat:no-repeat;}.iksm-14043 .iksm-term--current > .iksm-term__inner .iksm-term__image-container{background-size:contain;background-position:center;background-repeat:no-repeat;}.iksm-14043 .iksm-term--child .iksm-term__inner .iksm-term__image-container{background-size:contain;background-position:center;background-repeat:no-repeat;}.iksm-14043 .iksm-term--child .iksm-term__inner .iksm-term__image-container:hover{background-size:contain;background-position:center;background-repeat:no-repeat;}.iksm-14043 .iksm-term--child .iksm-term__inner .iksm-term__image-container:focus{background-size:contain;background-position:center;background-repeat:no-repeat;}.iksm-14043 .iksm-term--child.iksm-term--current > .iksm-term__inner .iksm-term__image-container{background-size:contain;background-position:center;background-repeat:no-repeat;}.iksm-14043  .iksm-term__text{flex: unset}.iksm-14043 .iksm-term__posts-count{color:rgba(133,133,133,1);font-size:16px;margin-left:12px;font-weight:400;transition:all 400ms;}\";\n\t        \/\/ Removing this script\n            var this_script = document.getElementById(\"styles-copier-69e25eaeed21b\");\n            if (this_script) { \/\/ Cache plugins can remove tag\n\t            this_script.outerHTML = \"\";\n\t            if (this_script.parentNode) {\n\t                this_script.parentNode.removeChild(this_script);\n\t            }\n            }\n        <\/script><div id='iksm-14043' class='iksm iksm-14043 iksm-container '  data-id='14043' data-is-pro='0' data-source='menu'><div class='iksm-terms'><div class='iksm-terms-tree iksm-terms-tree--level-1 iksm-terms-tree--parents' style=''><div class=\"iksm-terms-tree__inner\">\n        <div class=\"iksm-term iksm-term--id-13907 iksm-term--parent\" data-id=\"13907\">\n            <div class=\"iksm-term__inner\" tabindex='0'>\n                <a class=\"iksm-term__link\" href='https:\/\/aswu.edu.eg\/fr\/education\/postgraduate-programs\/postgradute-scientific-college-programs\/' target='_self' tabindex='-1'>\n\t\t\t\t        <span class=\"iksm-term__text\">Programmes des facult\u00e9s scientifiques<\/span>\n\t\t            <\/a>\n\t\t\t        <\/div>\n\t\t        <\/div>\n\n\t\t\n        <div class=\"iksm-term iksm-term--id-13906 iksm-term--parent\" data-id=\"13906\">\n            <div class=\"iksm-term__inner\" tabindex='0'>\n                <a class=\"iksm-term__link\" href='https:\/\/aswu.edu.eg\/fr\/education\/postgraduate-programs\/postgradute-literary-college-programs\/' target='_self' tabindex='-1'>\n\t\t\t\t        <span class=\"iksm-term__text\">Programmes de facult\u00e9s de sciences humanies<\/span>\n\t\t            <\/a>\n\t\t\t        <\/div>\n\t\t        <\/div>\n\n\t\t\n        <div class=\"iksm-term iksm-term--id-13905 iksm-term--parent\" data-id=\"13905\">\n            <div class=\"iksm-term__inner\" tabindex='0'>\n                <a class=\"iksm-term__link\" href='https:\/\/aswu.edu.eg\/fr\/education\/postgraduate-programs\/postgraduate-institutes-programs\/' target='_self' tabindex='-1'>\n\t\t\t\t        <span class=\"iksm-term__text\">Programmes d&#039;Instituts<\/span>\n\t\t            <\/a>\n\t\t\t        <\/div>\n\t\t        <\/div>\n\n\t\t<\/div><\/div><\/div><div id=\"iksm_data_args\" class=\"data-args\"  data-collapse_children_terms='1' data-collapse_other_terms='1' data-collapse_animation_duration='400' data-expand_animation_duration='400'><\/div><\/div>\t\t<\/div>\n\t\t\t\t<\/div>\n\t\t\t\t\t<\/div>\n\t\t<\/div>\n\t\t\t\t<div class=\"elementor-column elementor-col-50 elementor-top-column elementor-element elementor-element-da81687\" data-id=\"da81687\" data-element_type=\"column\">\n\t\t\t<div class=\"elementor-widget-wrap elementor-element-populated\">\n\t\t\t\t\t\t<div class=\"elementor-element elementor-element-1000c0c elementor-widget elementor-widget-toggle\" data-id=\"1000c0c\" data-element_type=\"widget\" data-widget_type=\"toggle.default\">\n\t\t\t\t<div class=\"elementor-widget-container\">\n\t\t\t\t\t<div class=\"elementor-toggle\">\n\t\t\t\t\t\t\t<div class=\"elementor-toggle-item\">\n\t\t\t\t\t<div id=\"elementor-tab-title-1671\" class=\"elementor-tab-title\" data-tab=\"1\" role=\"button\" aria-controls=\"elementor-tab-content-1671\" aria-expanded=\"false\">\n\t\t\t\t\t\t\t\t\t\t\t\t<span class=\"elementor-toggle-icon elementor-toggle-icon-left\" aria-hidden=\"true\">\n\t\t\t\t\t\t\t\t\t\t\t\t\t\t\t<span class=\"elementor-toggle-icon-closed\"><i class=\"fas fa-plus-square\"><\/i><\/span>\n\t\t\t\t\t\t\t\t<span class=\"elementor-toggle-icon-opened\"><i class=\"elementor-toggle-icon-opened fas fa-minus-square\"><\/i><\/span>\n\t\t\t\t\t\t\t\t\t\t\t\t\t<\/span>\n\t\t\t\t\t\t\t\t\t\t\t\t<a class=\"elementor-toggle-title\" tabindex=\"0\">Institut des recherches et les \u00e9tudes africaines et pays du bassin du Nil <\/a>\n\t\t\t\t\t<\/div>\n\n\t\t\t\t\t<div id=\"elementor-tab-content-1671\" class=\"elementor-tab-content elementor-clearfix\" data-tab=\"1\" role=\"region\" aria-labelledby=\"elementor-tab-title-1671\"><table class=\" alignleft\" style=\"border-collapse: collapse;width: 100%\"><tbody><tr style=\"background-color: #fff !important\"><td style=\"width: 72.3464%\"><p style=\"text-align: justify\"><span style=\"color: #333333\"><span class=\"TextRun SCXW114353788 BCX0\" lang=\"FR-FR\" xml:lang=\"FR-FR\" data-contrast=\"auto\"><span class=\"NormalTextRun SCXW114353788 BCX0\">L&#8217;institut\u00a0<\/span><span class=\"NormalTextRun SCXW114353788 BCX0\">des recherches et les \u00e9tudes africaines<\/span><span class=\"NormalTextRun SCXW114353788 BCX0\">\u00a0vise <\/span><span class=\"NormalTextRun SCXW114353788 BCX0\">\u00e0\u00a0<\/span><\/span><span class=\"TextRun SCXW114353788 BCX0\" lang=\"FR-FR\" xml:lang=\"FR-FR\" data-contrast=\"none\"><span class=\"NormalTextRun SCXW114353788 BCX0\">l\u2019excellence<\/span><\/span> <span class=\"TextRun SCXW114353788 BCX0\" lang=\"FR-FR\" xml:lang=\"FR-FR\" data-contrast=\"auto\"><span class=\"NormalTextRun SCXW114353788 BCX0\">en<\/span> <span class=\"NormalTextRun SCXW114353788 BCX0\">offrir <\/span><span class=\"NormalTextRun SCXW114353788 BCX0\">des services \u00e9ducationnels<\/span><span class=\"NormalTextRun SCXW114353788 BCX0\">,<\/span><span class=\"NormalTextRun SCXW114353788 BCX0\"> programmes et activit\u00e9s <\/span><span class=\"NormalTextRun SCXW114353788 BCX0\">diversit\u00e9s <\/span><span class=\"NormalTextRun SCXW114353788 BCX0\">de dipl\u00f4mer <\/span><span class=\"NormalTextRun SCXW114353788 BCX0\">cadres <\/span><span class=\"NormalTextRun SCXW114353788 BCX0\">sp\u00e9cialis<\/span><span class=\"NormalTextRun SCXW114353788 BCX0\">tes<\/span> <span class=\"NormalTextRun SCXW114353788 BCX0\">dans <\/span><span class=\"NormalTextRun SCXW114353788 BCX0\">les <\/span><span class=\"NormalTextRun SCXW114353788 BCX0\">\u00e9tudes africaines <\/span><span class=\"NormalTextRun SCXW114353788 BCX0\">des <\/span><span class=\"NormalTextRun SCXW114353788 BCX0\">titulaires de doctorat<\/span> <span class=\"NormalTextRun SCXW114353788 BCX0\">et master <\/span><span class=\"NormalTextRun SCXW114353788 BCX0\">pour satisfaire aux besoins de la <\/span><span class=\"NormalTextRun SCXW114353788 BCX0\">communaut\u00e9<\/span> <span class=\"NormalTextRun SCXW114353788 BCX0\">locale et r\u00e9gionale et <\/span><span class=\"NormalTextRun SCXW114353788 BCX0\">contribution effectivement<\/span><span class=\"NormalTextRun SCXW114353788 BCX0\"> et <\/span><span class=\"NormalTextRun SCXW114353788 BCX0\">permanent <\/span><span class=\"NormalTextRun SCXW114353788 BCX0\">\u00e0 r\u00e9aliser la communication entre \u00c9gypte et Afrique et les pays du bassin du Nil et soutien la politique d\u2019\u00c9gypte envers Afrique.<\/span><\/span><span class=\"EOP SCXW114353788 BCX0\" data-ccp-props=\"{&quot;201341983&quot;:0,&quot;335551550&quot;:6,&quot;335551620&quot;:6,&quot;335559739&quot;:160,&quot;335559740&quot;:259}\">\u00a0<\/span><\/span><\/p><p style=\"text-align: justify\"><span style=\"color: #333333\">L&#8217;\u00e9tude\u00a0\u00e0\u00a0l\u2019institut dans plusieurs sp\u00e9cialisations comme :\u00a0<\/span><\/p><ol><li style=\"text-align: justify\"><span style=\"color: #333333\">Les langues Africaines\u00a0<\/span><\/li><li style=\"text-align: justify\"><span style=\"color: #333333\">La politique et l\u2019\u00e9conomie\u00a0<\/span><\/li><li style=\"text-align: justify\"><span style=\"color: #333333\">Les ressources naturelles\u00a0<\/span><\/li><li style=\"text-align: justify\"><span style=\"color: #333333\">Anthropologie\u00a0<\/span><\/li><li style=\"text-align: justify\"><span style=\"color: #333333\">L&#8217;histoire\u00a0<\/span><\/li><li style=\"text-align: justify\"><span style=\"color: #333333\">Le g\u00e9ographie\u00a0\u00a0<\/span><\/li><\/ol><p style=\"text-align: justify\"><span style=\"font-family: Cairo;font-size: 12pt;color: #333333\"><span class=\"TextRun SCXW221477876 BCX0\" lang=\"FR-FR\" xml:lang=\"FR-FR\" data-contrast=\"auto\"><span style=\"color: #333333\"><span class=\"NormalTextRun SCXW221477876 BCX0\">Pour plus d\u2019information<\/span><span class=\"NormalTextRun SCXW221477876 BCX0\">s<\/span><\/span><span class=\"NormalTextRun SCXW221477876 BCX0\"><span style=\"color: #333333\"> sur l\u2019institut<\/span> <span style=\"color: #0000ff\"><strong><a style=\"color: #0000ff\" href=\"https:\/\/afr.aswu.edu.eg\/en\/\">cliquez ici<\/a><\/strong><\/span>.<\/span><\/span><span class=\"EOP SCXW221477876 BCX0\" data-ccp-props=\"{&quot;201341983&quot;:0,&quot;335559685&quot;:0,&quot;335559739&quot;:160,&quot;335559740&quot;:259}\">\u00a0<\/span><\/span><\/p><p style=\"text-align: justify\">\u00a0<\/p><\/td><td style=\"width: 27.6536%\"><img fetchpriority=\"high\" decoding=\"async\" class=\"alignnone wp-image-14996 size-medium\" src=\"https:\/\/aswu.edu.eg\/en\/wp-content\/uploads\/image-1-198x300.jpg\" alt=\"\" width=\"198\" height=\"300\" \/><\/td><\/tr><\/tbody><\/table><\/div>\n\t\t\t\t<\/div>\n\t\t\t\t\t\t\t\t<\/div>\n\t\t\t\t<\/div>\n\t\t\t\t<\/div>\n\t\t\t\t\t<\/div>\n\t\t<\/div>\n\t\t\t\t\t<\/div>\n\t\t<\/section>\n\t\t\t\t<\/div>\n\t\t","protected":false},"excerpt":{"rendered":"<p>Institut des recherches et les \u00e9tudes africaines et pays du bassin du Nil L\u2019institut\u00a0des recherches et les \u00e9tudes africaines\u00a0vise \u00e0\u00a0l\u2019excellence en offrir des services \u00e9ducationnels, programmes et activit\u00e9s diversit\u00e9s de dipl\u00f4mer cadres sp\u00e9cialistes dans les \u00e9tudes africaines des titulaires de <a href=\"https:\/\/aswu.edu.eg\/fr\/education\/postgraduate-programs\/postgraduate-institutes-programs\/\" class=\"read-more\">Read More &#8230;<\/a><\/p>\n<div class=\"pvc_clear\"><\/div>\n<p id=\"pvc_stats_13903\" class=\"pvc_stats all  \" data-element-id=\"13903\" style=\"\"><i class=\"pvc-stats-icon medium\" aria-hidden=\"true\"><svg aria-hidden=\"true\" focusable=\"false\" data-prefix=\"far\" data-icon=\"chart-bar\" role=\"img\" xmlns=\"http:\/\/www.w3.org\/2000\/svg\" viewBox=\"0 0 512 512\" class=\"svg-inline--fa fa-chart-bar fa-w-16 fa-2x\"><path fill=\"currentColor\" d=\"M396.8 352h22.4c6.4 0 12.8-6.4 12.8-12.8V108.8c0-6.4-6.4-12.8-12.8-12.8h-22.4c-6.4 0-12.8 6.4-12.8 12.8v230.4c0 6.4 6.4 12.8 12.8 12.8zm-192 0h22.4c6.4 0 12.8-6.4 12.8-12.8V140.8c0-6.4-6.4-12.8-12.8-12.8h-22.4c-6.4 0-12.8 6.4-12.8 12.8v198.4c0 6.4 6.4 12.8 12.8 12.8zm96 0h22.4c6.4 0 12.8-6.4 12.8-12.8V204.8c0-6.4-6.4-12.8-12.8-12.8h-22.4c-6.4 0-12.8 6.4-12.8 12.8v134.4c0 6.4 6.4 12.8 12.8 12.8zM496 400H48V80c0-8.84-7.16-16-16-16H16C7.16 64 0 71.16 0 80v336c0 17.67 14.33 32 32 32h464c8.84 0 16-7.16 16-16v-16c0-8.84-7.16-16-16-16zm-387.2-48h22.4c6.4 0 12.8-6.4 12.8-12.8v-70.4c0-6.4-6.4-12.8-12.8-12.8h-22.4c-6.4 0-12.8 6.4-12.8 12.8v70.4c0 6.4 6.4 12.8 12.8 12.8z\" class=\"\"><\/path><\/svg><\/i> <img decoding=\"async\" width=\"16\" height=\"16\" alt=\"Loading\" src=\"https:\/\/aswu.edu.eg\/fr\/wp-content\/plugins\/page-views-count\/ajax-loader-2x.gif\" border=0 \/><\/p>\n<div class=\"pvc_clear\"><\/div>\n","protected":false},"author":7,"featured_media":0,"parent":13485,"menu_order":0,"comment_status":"closed","ping_status":"closed","template":"","meta":{"footnotes":""},"rttpg_featured_image_url":null,"rttpg_author":{"display_name":"nourhan Monaam","author_link":"https:\/\/aswu.edu.eg\/fr\/author\/edr0asen\/"},"rttpg_comment":0,"rttpg_category":null,"rttpg_excerpt":"Institut des recherches et les \u00e9tudes africaines et pays du bassin du Nil L\u2019institut\u00a0des recherches et les \u00e9tudes africaines\u00a0vise \u00e0\u00a0l\u2019excellence en offrir des services \u00e9ducationnels, programmes et activit\u00e9s diversit\u00e9s de dipl\u00f4mer cadres sp\u00e9cialistes dans les \u00e9tudes africaines des titulaires de Read More ...","_links":{"self":[{"href":"https:\/\/aswu.edu.eg\/fr\/wp-json\/wp\/v2\/pages\/13903"}],"collection":[{"href":"https:\/\/aswu.edu.eg\/fr\/wp-json\/wp\/v2\/pages"}],"about":[{"href":"https:\/\/aswu.edu.eg\/fr\/wp-json\/wp\/v2\/types\/page"}],"author":[{"embeddable":true,"href":"https:\/\/aswu.edu.eg\/fr\/wp-json\/wp\/v2\/users\/7"}],"replies":[{"embeddable":true,"href":"https:\/\/aswu.edu.eg\/fr\/wp-json\/wp\/v2\/comments?post=13903"}],"version-history":[{"count":16,"href":"https:\/\/aswu.edu.eg\/fr\/wp-json\/wp\/v2\/pages\/13903\/revisions"}],"predecessor-version":[{"id":29831,"href":"https:\/\/aswu.edu.eg\/fr\/wp-json\/wp\/v2\/pages\/13903\/revisions\/29831"}],"up":[{"embeddable":true,"href":"https:\/\/aswu.edu.eg\/fr\/wp-json\/wp\/v2\/pages\/13485"}],"wp:attachment":[{"href":"https:\/\/aswu.edu.eg\/fr\/wp-json\/wp\/v2\/media?parent=13903"}],"curies":[{"name":"wp","href":"https:\/\/api.w.org\/{rel}","templated":true}]}}