{"id":13978,"date":"2022-10-28T16:44:58","date_gmt":"2022-10-28T16:44:58","guid":{"rendered":"http:\/\/193.227.33.90\/aswu\/en\/?page_id=13978"},"modified":"2023-01-30T11:34:58","modified_gmt":"2023-01-30T11:34:58","slug":"scholarships-aswu","status":"publish","type":"page","link":"https:\/\/aswu.edu.eg\/fr\/research\/scholarships-missions\/scholarships-aswu\/","title":{"rendered":"Bourses"},"content":{"rendered":"\t\t<div data-elementor-type=\"wp-page\" data-elementor-id=\"13978\" class=\"elementor elementor-13978\">\n\t\t\t\t\t\t<section class=\"elementor-section elementor-top-section elementor-element elementor-element-76e1c0f elementor-section-boxed elementor-section-height-default elementor-section-height-default\" data-id=\"76e1c0f\" data-element_type=\"section\">\n\t\t\t\t\t\t<div class=\"elementor-container elementor-column-gap-default\">\n\t\t\t\t\t<div class=\"elementor-column elementor-col-50 elementor-top-column elementor-element elementor-element-5a09071\" data-id=\"5a09071\" data-element_type=\"column\">\n\t\t\t<div class=\"elementor-widget-wrap elementor-element-populated\">\n\t\t\t\t\t\t<div class=\"elementor-element elementor-element-7eae689 elementor-widget elementor-widget-wp-widget-iksm-widget\" data-id=\"7eae689\" data-element_type=\"widget\" data-widget_type=\"wp-widget-iksm-widget.default\">\n\t\t\t\t<div class=\"elementor-widget-container\">\n\t\t\t<script id=\"styles-copier-69e28818129c7\">\n\t\t\t\/\/ Finding styles element\n\t        var element = document.getElementById(\"iksm-dynamic-style\");\n\t        if (!element) { \/\/ If no element (Cache plugins can remove tag), then creating a new one\n                element = document.createElement('style');\n                var head = document.getElementsByTagName(\"head\")\n                if (head && head[0]) {\n                \thead[0].appendChild(element);\n                } else {\n                  \tconsole.warn(\"Iks Menu | Error while printing styles. Please contact technical support.\");\n                }\n\t        }\n\t\t\t\/\/ Copying styles to <styles> tag\n\t        element.innerHTML += \".iksm-17970 .iksm-terms{background-color:rgba(243,243,243,1);width:200px;transition:all 400ms;animation:iks-fade-in 1000ms;}.iksm-17970 .iksm-term__inner{background-color:rgba(231,231,231,1);margin-top:3px;min-height:44px;transition:all 400ms;}.iksm-17970 .iksm-term__inner:hover{background-color:rgba(220,220,220,1);}.iksm-17970 .iksm-term--current > .iksm-term__inner{background-color:rgba(202,229,239,1);}.iksm-17970 .iksm-term__link{color:rgba(0,0,0,1);font-size:15px;line-height:15px;font-weight:400;text-align:left;text-decoration:none;padding-top:5px;padding-right:10px;padding-bottom:5px;padding-left:15px;transition:all 400ms;}.iksm-17970 .iksm-term__inner:hover .iksm-term__link{color:rgba(50,50,50,1);}.iksm-17970 .iksm-term__toggle__inner{transition:transform 400ms}.iksm-17970 .iksm-term--expanded > .iksm-term__inner > .iksm-term__toggle > .iksm-term__toggle__inner{transform:rotate(180deg);}.iksm-17970 .iksm-term__toggle{color:rgba(133,133,133,1);font-size:16px;align-self:unset;;height:25px;width:25px;margin-right:7px;transition:all 400ms;}.iksm-17970 .iksm-term__toggle:hover{color:rgba(0,0,0,1);}.iksm-17970 .iksm-term__image-container{width:30px;min-width:30px;height:30px;min-height:30px;margin-right:15px;transition:all 400ms;}.iksm-17970 .iksm-term__image{background-size:contain;background-position:center;background-repeat:no-repeat;}.iksm-17970 .iksm-term__image-container:hover{background-size:contain;background-position:center;background-repeat:no-repeat;}.iksm-17970 .iksm-term__inner:hover .iksm-term__image-container{background-size:contain;background-position:center;background-repeat:no-repeat;}.iksm-17970 .iksm-term__inner:focus .iksm-term__image-container{background-size:contain;background-position:center;background-repeat:no-repeat;}.iksm-17970 .iksm-term--current > .iksm-term__inner .iksm-term__image-container{background-size:contain;background-position:center;background-repeat:no-repeat;}.iksm-17970 .iksm-term--child .iksm-term__inner .iksm-term__image-container{background-size:contain;background-position:center;background-repeat:no-repeat;}.iksm-17970 .iksm-term--child .iksm-term__inner .iksm-term__image-container:hover{background-size:contain;background-position:center;background-repeat:no-repeat;}.iksm-17970 .iksm-term--child .iksm-term__inner .iksm-term__image-container:focus{background-size:contain;background-position:center;background-repeat:no-repeat;}.iksm-17970 .iksm-term--child.iksm-term--current > .iksm-term__inner .iksm-term__image-container{background-size:contain;background-position:center;background-repeat:no-repeat;}.iksm-17970  .iksm-term__text{flex: unset}.iksm-17970 .iksm-term__posts-count{color:rgba(133,133,133,1);font-size:16px;margin-left:12px;font-weight:400;transition:all 400ms;}\";\n\t        \/\/ Removing this script\n            var this_script = document.getElementById(\"styles-copier-69e28818129c7\");\n            if (this_script) { \/\/ Cache plugins can remove tag\n\t            this_script.outerHTML = \"\";\n\t            if (this_script.parentNode) {\n\t                this_script.parentNode.removeChild(this_script);\n\t            }\n            }\n        <\/script><div id='iksm-17970' class='iksm iksm-17970 iksm-container '  data-id='17970' data-is-pro='0' data-source='menu'><div class='iksm-terms'><div class='iksm-terms-tree iksm-terms-tree--level-1 iksm-terms-tree--parents' style=''><div class=\"iksm-terms-tree__inner\">\n        <div class=\"iksm-term iksm-term--id-13980 iksm-term--parent\" data-id=\"13980\">\n            <div class=\"iksm-term__inner\" tabindex='0'>\n                <a class=\"iksm-term__link\" href='https:\/\/aswu.edu.eg\/fr\/research\/scholarships-missions\/scholarships-aswu\/' target='_self' tabindex='-1'>\n\t\t\t\t        <span class=\"iksm-term__text\">Bourses<\/span>\n\t\t            <\/a>\n\t\t\t        <\/div>\n\t\t        <\/div>\n\n\t\t\n        <div class=\"iksm-term iksm-term--id-13981 iksm-term--parent\" data-id=\"13981\">\n            <div class=\"iksm-term__inner\" tabindex='0'>\n                <a class=\"iksm-term__link\" href='https:\/\/aswu.edu.eg\/fr\/research\/scholarships-missions\/missions\/' target='_self' tabindex='-1'>\n\t\t\t\t        <span class=\"iksm-term__text\">Missions<\/span>\n\t\t            <\/a>\n\t\t\t        <\/div>\n\t\t        <\/div>\n\n\t\t<\/div><\/div><\/div><div id=\"iksm_data_args\" class=\"data-args\"  data-collapse_children_terms='1' data-collapse_other_terms='1' data-collapse_animation_duration='400' data-expand_animation_duration='400'><\/div><\/div>\t\t<\/div>\n\t\t\t\t<\/div>\n\t\t\t\t\t<\/div>\n\t\t<\/div>\n\t\t\t\t<div class=\"elementor-column elementor-col-50 elementor-top-column elementor-element elementor-element-a957dee\" data-id=\"a957dee\" data-element_type=\"column\">\n\t\t\t<div class=\"elementor-widget-wrap elementor-element-populated\">\n\t\t\t\t\t\t<div class=\"elementor-element elementor-element-fcaea64 elementor-widget elementor-widget-heading\" data-id=\"fcaea64\" data-element_type=\"widget\" data-widget_type=\"heading.default\">\n\t\t\t\t<div class=\"elementor-widget-container\">\n\t\t\t<h2 class=\"elementor-heading-title elementor-size-default\"><a href=\"https:\/\/aswu.edu.eg\/registration-for-the-egypt-youth-digital-scholarship-begins-in-september-2022\/\">L\u2019inscription \u00e0 la bourse Digitale des jeunes \u00c9gyptiens commence en septembre\u00a02022\n<\/a><\/h2>\t\t<\/div>\n\t\t\t\t<\/div>\n\t\t\t\t<section class=\"elementor-section elementor-inner-section elementor-element elementor-element-073234a elementor-section-boxed elementor-section-height-default elementor-section-height-default\" data-id=\"073234a\" data-element_type=\"section\">\n\t\t\t\t\t\t<div class=\"elementor-container elementor-column-gap-default\">\n\t\t\t\t\t<div class=\"elementor-column elementor-col-50 elementor-inner-column elementor-element elementor-element-12fcd3d\" data-id=\"12fcd3d\" data-element_type=\"column\">\n\t\t\t<div class=\"elementor-widget-wrap elementor-element-populated\">\n\t\t\t\t\t\t<div class=\"elementor-element elementor-element-6839c8f elementor-widget elementor-widget-text-editor\" data-id=\"6839c8f\" data-element_type=\"widget\" data-widget_type=\"text-editor.default\">\n\t\t\t\t<div class=\"elementor-widget-container\">\n\t\t\t\t\t\t\t<div dir=\"ltr\" style=\"text-align: left\"><p style=\"text-align: justify\"><span style=\"color: #333333\">L\u2019inscription \u00e0 la bourse num\u00e9rique pour les jeunes de l\u2019\u00c9gypte a commenc\u00e9 en septembre\u00a02022 pour les personnes \u00e2g\u00e9es dans les universit\u00e9s et les dipl\u00f4m\u00e9s de toutes les disciplines, \u00e0 partir des 2014 \u00e0 2022, afin de qualifier leurs comp\u00e9tences pour le march\u00e9 du travail gr\u00e2ce \u00e0 des programmes de formation sp\u00e9cialis\u00e9e<\/span><\/p><p><span style=\"color: #333333\">Plus de d\u00e9tails<\/span> <strong><span style=\"color: #0000ff\"><a style=\"color: #0000ff\" href=\"https:\/\/www.facebook.com\/100973252294371\/posts\/pfbid02ZcPcJ4j42QiFHknc36VLYsffScGycf9KqGiNaSWePCxZwkoageSc1XwqR5RziGPdl\/\">ici<\/a><\/span><\/strong><\/p><p><span style=\"color: #333333\">Pour ceux qui souhaitent s\u2019inscrire<\/span> <strong><span style=\"color: #0000ff\"><a style=\"color: #0000ff\" href=\"https:\/\/www.facebook.com\/100973252294371\/posts\/pfbid02ZcPcJ4j42QiFHknc36VLYsffScGycf9KqGiNaSWePCxZwkoageSc1XwqR5RziGPdl\/\">ici<\/a><\/span><\/strong><\/p><p><span style=\"color: #333333\">Veuillez noter que la date limite d\u2019inscription le 29\u00a0juillet\u00a02022.<\/span><\/p><p style=\"text-align: justify\">\u00a0<\/p><\/div><div dir=\"ltr\"><div data-ft=\"{&quot;tn&quot;:&quot;K&quot;}\" data-testid=\"post_message\"><div dir=\"rtl\">\u00a0<\/div><\/div><\/div>\t\t\t\t\t\t<\/div>\n\t\t\t\t<\/div>\n\t\t\t\t\t<\/div>\n\t\t<\/div>\n\t\t\t\t<div class=\"elementor-column elementor-col-50 elementor-inner-column elementor-element elementor-element-2319d2b\" data-id=\"2319d2b\" data-element_type=\"column\">\n\t\t\t<div class=\"elementor-widget-wrap elementor-element-populated\">\n\t\t\t\t\t\t<div class=\"elementor-element elementor-element-5f26a02 elementor-widget elementor-widget-image\" data-id=\"5f26a02\" data-element_type=\"widget\" data-widget_type=\"image.default\">\n\t\t\t\t<div class=\"elementor-widget-container\">\n\t\t\t\t\t\t\t\t\t\t\t\t\t<img fetchpriority=\"high\" decoding=\"async\" width=\"400\" height=\"260\" src=\"https:\/\/aswu.edu.eg\/fr\/wp-content\/uploads\/294308865_180840967640932_4073756683147135403_n.png\" class=\"attachment-large size-large wp-image-15454\" alt=\"\" \/>\t\t\t\t\t\t\t\t\t\t\t\t\t<\/div>\n\t\t\t\t<\/div>\n\t\t\t\t\t<\/div>\n\t\t<\/div>\n\t\t\t\t\t<\/div>\n\t\t<\/section>\n\t\t\t\t<div class=\"elementor-element elementor-element-c170177 elementor-widget-divider--view-line elementor-widget elementor-widget-divider\" data-id=\"c170177\" data-element_type=\"widget\" data-widget_type=\"divider.default\">\n\t\t\t\t<div class=\"elementor-widget-container\">\n\t\t\t\t\t<div class=\"elementor-divider\">\n\t\t\t<span class=\"elementor-divider-separator\">\n\t\t\t\t\t\t<\/span>\n\t\t<\/div>\n\t\t\t\t<\/div>\n\t\t\t\t<\/div>\n\t\t\t\t<div class=\"elementor-element elementor-element-f3b0acd elementor-widget elementor-widget-heading\" data-id=\"f3b0acd\" data-element_type=\"widget\" data-widget_type=\"heading.default\">\n\t\t\t\t<div class=\"elementor-widget-container\">\n\t\t\t<h2 class=\"elementor-heading-title elementor-size-default\"><a href=\"https:\/\/aswu.edu.eg\/registration-for-the-egypt-digital-youth-initiative-begins\/\">D\u00e9but de l\u2019inscription \u00e0 l\u2019Initiative de la jeunesse Digitale \u00e9gyptienne\n<\/a><\/h2>\t\t<\/div>\n\t\t\t\t<\/div>\n\t\t\t\t<section class=\"elementor-section elementor-inner-section elementor-element elementor-element-81ffc76 elementor-section-boxed elementor-section-height-default elementor-section-height-default\" data-id=\"81ffc76\" data-element_type=\"section\">\n\t\t\t\t\t\t<div class=\"elementor-container elementor-column-gap-default\">\n\t\t\t\t\t<div class=\"elementor-column elementor-col-50 elementor-inner-column elementor-element elementor-element-917475c\" data-id=\"917475c\" data-element_type=\"column\">\n\t\t\t<div class=\"elementor-widget-wrap elementor-element-populated\">\n\t\t\t\t\t\t<div class=\"elementor-element elementor-element-6ef606f elementor-widget elementor-widget-text-editor\" data-id=\"6ef606f\" data-element_type=\"widget\" data-widget_type=\"text-editor.default\">\n\t\t\t\t<div class=\"elementor-widget-container\">\n\t\t\t\t\t\t\t<p style=\"text-align: justify\"><span style=\"color: #333333\">Selon ce qui a \u00e9t\u00e9 convenu \u00e0 la r\u00e9union de l\u2019Institut national des communications<\/span><\/p><p style=\"text-align: justify\"><span style=\"color: #333333\">L\u2019inscription pour les bourses de l\u2019Institut a commenc\u00e9; \u00ab\u00a0bourse de la jeunesse num\u00e9rique de l\u2019Egypte\u00a0\u00bb \u00e0 l\u2019Institut national des t\u00e9l\u00e9communications, Egypte Digital Creativity Center branche<\/span><\/p><p style=\"text-align: justify\"><span style=\"color: #333333\">Universit\u00e9 d\u2019Assouan, ville saharienne, qui est fourni aux jeunes dipl\u00f4m\u00e9s et aux \u00e9tudiants de toutes les disciplines dans les universit\u00e9s et les instituts, de 2012 \u00e0 2021<\/span><\/p><p><span style=\"color: #333333\">Pour ceux qui souhaitent s\u2019inscrire cliquez<\/span> <strong><span style=\"color: #0000ff\"><a style=\"color: #0000ff\" href=\"https:\/\/www.facebook.com\/100973252294371\/posts\/146555387736157\/\">ici<\/a><\/span><\/strong><\/p><p><span style=\"color: #333333\">Pour plus d\u2019informations sur les syst\u00e8mes embarqu\u00e9s, cliquez<\/span> <span style=\"color: #0000ff\"><strong><a style=\"color: #0000ff\" href=\"https:\/\/www.facebook.com\/100973252294371\/posts\/146553271069702\/\">ici<\/a><\/strong><\/span><\/p><p><span style=\"color: #333333\">Pour plus de d\u00e9tails<\/span> <strong><span style=\"color: #0000ff\"><a style=\"color: #0000ff\" href=\"https:\/\/www.facebook.com\/100973252294371\/posts\/pfbid02ZcPcJ4j42QiFHknc36VLYsffScGycf9KqGiNaSWePCxZwkoageSc1XwqR5RziGPdl\/\">ici<\/a><\/span><\/strong><\/p><p><span style=\"color: #333333\">Pour ceux qui souhaitent s\u2019inscrire <\/span><span style=\"color: #0000ff\"><strong><a style=\"color: #0000ff\" href=\"https:\/\/www.facebook.com\/100973252294371\/posts\/pfbid02ZcPcJ4j42QiFHknc36VLYsffScGycf9KqGiNaSWePCxZwkoageSc1XwqR5RziGPdl\/\">ici<\/a><\/strong><\/span><\/p><p><span style=\"color: #333333\">Veuillez noter que la date limite d\u2019inscription le 29\u00a0juillet\u00a02022.<\/span><\/p><div><div>\u00a0<\/div><\/div>\t\t\t\t\t\t<\/div>\n\t\t\t\t<\/div>\n\t\t\t\t\t<\/div>\n\t\t<\/div>\n\t\t\t\t<div class=\"elementor-column elementor-col-50 elementor-inner-column elementor-element elementor-element-463eaf7\" data-id=\"463eaf7\" data-element_type=\"column\">\n\t\t\t<div class=\"elementor-widget-wrap elementor-element-populated\">\n\t\t\t\t\t\t<div class=\"elementor-element elementor-element-bfa5892 elementor-widget elementor-widget-image\" data-id=\"bfa5892\" data-element_type=\"widget\" data-widget_type=\"image.default\">\n\t\t\t\t<div class=\"elementor-widget-container\">\n\t\t\t\t\t\t\t\t\t\t\t\t\t<img decoding=\"async\" width=\"400\" height=\"260\" src=\"https:\/\/aswu.edu.eg\/fr\/wp-content\/uploads\/272899492_146555361069493_6269586383942991645_n.png\" class=\"attachment-large size-large wp-image-15455\" alt=\"\" \/>\t\t\t\t\t\t\t\t\t\t\t\t\t<\/div>\n\t\t\t\t<\/div>\n\t\t\t\t\t<\/div>\n\t\t<\/div>\n\t\t\t\t\t<\/div>\n\t\t<\/section>\n\t\t\t\t<div class=\"elementor-element elementor-element-6b84532 elementor-widget elementor-widget-text-editor\" data-id=\"6b84532\" data-element_type=\"widget\" data-widget_type=\"text-editor.default\">\n\t\t\t\t<div class=\"elementor-widget-container\">\n\t\t\t\t\t\t\t<p style=\"text-align: center\"><span style=\"text-decoration: underline;color: #0000ff\"><span style=\"font-size: 14pt\"><a style=\"color: #0000ff;text-decoration: underline\" href=\"https:\/\/aswu.edu.eg\/?s=%D9%85%D9%86%D8%AD%D8%A9\">pour plus des Bourses\u00a0<\/a><\/span><\/span><\/p>\t\t\t\t\t\t<\/div>\n\t\t\t\t<\/div>\n\t\t\t\t\t<\/div>\n\t\t<\/div>\n\t\t\t\t\t<\/div>\n\t\t<\/section>\n\t\t\t\t<\/div>\n\t\t","protected":false},"excerpt":{"rendered":"<p>L\u2019inscription \u00e0 la bourse Digitale des jeunes \u00c9gyptiens commence en septembre\u00a02022 L\u2019inscription \u00e0 la bourse num\u00e9rique pour les jeunes de l\u2019\u00c9gypte a commenc\u00e9 en septembre\u00a02022 pour les personnes \u00e2g\u00e9es dans les universit\u00e9s et les dipl\u00f4m\u00e9s de toutes les disciplines, \u00e0 <a href=\"https:\/\/aswu.edu.eg\/fr\/research\/scholarships-missions\/scholarships-aswu\/\" class=\"read-more\">Read More &#8230;<\/a><\/p>\n<div class=\"pvc_clear\"><\/div>\n<p id=\"pvc_stats_13978\" class=\"pvc_stats all  \" data-element-id=\"13978\" style=\"\"><i class=\"pvc-stats-icon medium\" aria-hidden=\"true\"><svg aria-hidden=\"true\" focusable=\"false\" data-prefix=\"far\" data-icon=\"chart-bar\" role=\"img\" xmlns=\"http:\/\/www.w3.org\/2000\/svg\" viewBox=\"0 0 512 512\" class=\"svg-inline--fa fa-chart-bar fa-w-16 fa-2x\"><path fill=\"currentColor\" d=\"M396.8 352h22.4c6.4 0 12.8-6.4 12.8-12.8V108.8c0-6.4-6.4-12.8-12.8-12.8h-22.4c-6.4 0-12.8 6.4-12.8 12.8v230.4c0 6.4 6.4 12.8 12.8 12.8zm-192 0h22.4c6.4 0 12.8-6.4 12.8-12.8V140.8c0-6.4-6.4-12.8-12.8-12.8h-22.4c-6.4 0-12.8 6.4-12.8 12.8v198.4c0 6.4 6.4 12.8 12.8 12.8zm96 0h22.4c6.4 0 12.8-6.4 12.8-12.8V204.8c0-6.4-6.4-12.8-12.8-12.8h-22.4c-6.4 0-12.8 6.4-12.8 12.8v134.4c0 6.4 6.4 12.8 12.8 12.8zM496 400H48V80c0-8.84-7.16-16-16-16H16C7.16 64 0 71.16 0 80v336c0 17.67 14.33 32 32 32h464c8.84 0 16-7.16 16-16v-16c0-8.84-7.16-16-16-16zm-387.2-48h22.4c6.4 0 12.8-6.4 12.8-12.8v-70.4c0-6.4-6.4-12.8-12.8-12.8h-22.4c-6.4 0-12.8 6.4-12.8 12.8v70.4c0 6.4 6.4 12.8 12.8 12.8z\" class=\"\"><\/path><\/svg><\/i> <img decoding=\"async\" width=\"16\" height=\"16\" alt=\"Loading\" src=\"https:\/\/aswu.edu.eg\/fr\/wp-content\/plugins\/page-views-count\/ajax-loader-2x.gif\" border=0 \/><\/p>\n<div class=\"pvc_clear\"><\/div>\n","protected":false},"author":7,"featured_media":0,"parent":13707,"menu_order":0,"comment_status":"closed","ping_status":"closed","template":"","meta":{"footnotes":""},"rttpg_featured_image_url":null,"rttpg_author":{"display_name":"nourhan Monaam","author_link":"https:\/\/aswu.edu.eg\/fr\/author\/edr0asen\/"},"rttpg_comment":0,"rttpg_category":null,"rttpg_excerpt":"L\u2019inscription \u00e0 la bourse Digitale des jeunes \u00c9gyptiens commence en septembre\u00a02022 L\u2019inscription \u00e0 la bourse num\u00e9rique pour les jeunes de l\u2019\u00c9gypte a commenc\u00e9 en septembre\u00a02022 pour les personnes \u00e2g\u00e9es dans les universit\u00e9s et les dipl\u00f4m\u00e9s de toutes les disciplines, \u00e0 Read More ...","_links":{"self":[{"href":"https:\/\/aswu.edu.eg\/fr\/wp-json\/wp\/v2\/pages\/13978"}],"collection":[{"href":"https:\/\/aswu.edu.eg\/fr\/wp-json\/wp\/v2\/pages"}],"about":[{"href":"https:\/\/aswu.edu.eg\/fr\/wp-json\/wp\/v2\/types\/page"}],"author":[{"embeddable":true,"href":"https:\/\/aswu.edu.eg\/fr\/wp-json\/wp\/v2\/users\/7"}],"replies":[{"embeddable":true,"href":"https:\/\/aswu.edu.eg\/fr\/wp-json\/wp\/v2\/comments?post=13978"}],"version-history":[{"count":66,"href":"https:\/\/aswu.edu.eg\/fr\/wp-json\/wp\/v2\/pages\/13978\/revisions"}],"predecessor-version":[{"id":29150,"href":"https:\/\/aswu.edu.eg\/fr\/wp-json\/wp\/v2\/pages\/13978\/revisions\/29150"}],"up":[{"embeddable":true,"href":"https:\/\/aswu.edu.eg\/fr\/wp-json\/wp\/v2\/pages\/13707"}],"wp:attachment":[{"href":"https:\/\/aswu.edu.eg\/fr\/wp-json\/wp\/v2\/media?parent=13978"}],"curies":[{"name":"wp","href":"https:\/\/api.w.org\/{rel}","templated":true}]}}