{"id":1593,"date":"2018-07-11T10:02:19","date_gmt":"2018-07-11T10:02:19","guid":{"rendered":"http:\/\/aswu.edu.eg\/en\/?page_id=1593"},"modified":"2023-01-14T11:30:37","modified_gmt":"2023-01-14T11:30:37","slug":"libraries","status":"publish","type":"page","link":"https:\/\/aswu.edu.eg\/fr\/about\/facilities\/libraries\/","title":{"rendered":"Biblioth\u00e8ques"},"content":{"rendered":"\t\t<div data-elementor-type=\"wp-page\" data-elementor-id=\"1593\" class=\"elementor elementor-1593\">\n\t\t\t\t\t\t<section class=\"elementor-section elementor-top-section elementor-element elementor-element-29c9db42 elementor-section-boxed elementor-section-height-default elementor-section-height-default\" data-id=\"29c9db42\" data-element_type=\"section\">\n\t\t\t\t\t\t<div class=\"elementor-container elementor-column-gap-default\">\n\t\t\t\t\t<div class=\"elementor-column elementor-col-50 elementor-top-column elementor-element elementor-element-eb10297\" data-id=\"eb10297\" data-element_type=\"column\">\n\t\t\t<div class=\"elementor-widget-wrap elementor-element-populated\">\n\t\t\t\t\t\t<div class=\"elementor-element elementor-element-9c2be4f elementor-widget elementor-widget-wp-widget-iksm-widget\" data-id=\"9c2be4f\" data-element_type=\"widget\" data-widget_type=\"wp-widget-iksm-widget.default\">\n\t\t\t\t<div class=\"elementor-widget-container\">\n\t\t\t<script id=\"styles-copier-69e261f8f005b\">\n\t\t\t\/\/ Finding styles element\n\t        var element = document.getElementById(\"iksm-dynamic-style\");\n\t        if (!element) { \/\/ If no element (Cache plugins can remove tag), then creating a new one\n                element = document.createElement('style');\n                var head = document.getElementsByTagName(\"head\")\n                if (head && head[0]) {\n                \thead[0].appendChild(element);\n                } else {\n                  \tconsole.warn(\"Iks Menu | Error while printing styles. Please contact technical support.\");\n                }\n\t        }\n\t\t\t\/\/ Copying styles to <styles> tag\n\t        element.innerHTML += \".iksm-14652 .iksm-terms{background-color:rgba(243,243,243,1);width:200px;transition:all 400ms;animation:iks-fade-in 1000ms;}.iksm-14652 .iksm-term__inner{background-color:rgba(231,231,231,1);margin-top:3px;min-height:44px;transition:all 400ms;}.iksm-14652 .iksm-term__inner:hover{background-color:rgba(220,220,220,1);}.iksm-14652 .iksm-term--current > .iksm-term__inner{background-color:rgba(202,229,239,1);}.iksm-14652 .iksm-term__link{color:rgba(0,0,0,1);font-size:15px;line-height:15px;font-weight:400;text-align:left;text-decoration:none;padding-top:5px;padding-right:10px;padding-bottom:5px;padding-left:15px;transition:all 400ms;}.iksm-14652 .iksm-term__inner:hover .iksm-term__link{color:rgba(50,50,50,1);}.iksm-14652 .iksm-term__toggle__inner{transition:transform 400ms}.iksm-14652 .iksm-term--expanded > .iksm-term__inner > .iksm-term__toggle > .iksm-term__toggle__inner{transform:rotate(180deg);}.iksm-14652 .iksm-term__toggle{color:rgba(133,133,133,1);font-size:16px;align-self:unset;;height:25px;width:25px;margin-right:7px;transition:all 400ms;}.iksm-14652 .iksm-term__toggle:hover{color:rgba(0,0,0,1);}.iksm-14652 .iksm-term__image-container{width:30px;min-width:30px;height:30px;min-height:30px;margin-right:15px;transition:all 400ms;}.iksm-14652 .iksm-term__image{background-size:contain;background-position:center;background-repeat:no-repeat;}.iksm-14652 .iksm-term__image-container:hover{background-size:contain;background-position:center;background-repeat:no-repeat;}.iksm-14652 .iksm-term__inner:hover .iksm-term__image-container{background-size:contain;background-position:center;background-repeat:no-repeat;}.iksm-14652 .iksm-term__inner:focus .iksm-term__image-container{background-size:contain;background-position:center;background-repeat:no-repeat;}.iksm-14652 .iksm-term--current > .iksm-term__inner .iksm-term__image-container{background-size:contain;background-position:center;background-repeat:no-repeat;}.iksm-14652 .iksm-term--child .iksm-term__inner .iksm-term__image-container{background-size:contain;background-position:center;background-repeat:no-repeat;}.iksm-14652 .iksm-term--child .iksm-term__inner .iksm-term__image-container:hover{background-size:contain;background-position:center;background-repeat:no-repeat;}.iksm-14652 .iksm-term--child .iksm-term__inner .iksm-term__image-container:focus{background-size:contain;background-position:center;background-repeat:no-repeat;}.iksm-14652 .iksm-term--child.iksm-term--current > .iksm-term__inner .iksm-term__image-container{background-size:contain;background-position:center;background-repeat:no-repeat;}.iksm-14652  .iksm-term__text{flex: unset}.iksm-14652 .iksm-term__posts-count{color:rgba(133,133,133,1);font-size:16px;margin-left:12px;font-weight:400;transition:all 400ms;}\";\n\t        \/\/ Removing this script\n            var this_script = document.getElementById(\"styles-copier-69e261f8f005b\");\n            if (this_script) { \/\/ Cache plugins can remove tag\n\t            this_script.outerHTML = \"\";\n\t            if (this_script.parentNode) {\n\t                this_script.parentNode.removeChild(this_script);\n\t            }\n            }\n        <\/script><div id='iksm-14652' class='iksm iksm-14652 iksm-container '  data-id='14652' data-is-pro='0' data-source='menu'><div class='iksm-terms'><div class='iksm-terms-tree iksm-terms-tree--level-1 iksm-terms-tree--parents' style=''><div class=\"iksm-terms-tree__inner\">\n        <div class=\"iksm-term iksm-term--id-16254 iksm-term--parent\" data-id=\"16254\">\n            <div class=\"iksm-term__inner\" tabindex='0'>\n                <a class=\"iksm-term__link\" href='https:\/\/aswu.edu.eg\/fr\/services-aswu\/community-services-aswu\/artistic-and-cultural-services\/' target='_self' tabindex='-1'>\n\t\t\t\t        <span class=\"iksm-term__text\">Services artistiques et culturels<\/span>\n\t\t            <\/a>\n\t\t\t        <\/div>\n\t\t        <\/div>\n\n\t\t\n        <div class=\"iksm-term iksm-term--id-19990 iksm-term--parent\" data-id=\"19990\">\n            <div class=\"iksm-term__inner\" tabindex='0'>\n                <a class=\"iksm-term__link\" href='https:\/\/aswu.edu.eg\/fr\/services-aswu\/community-services-aswu\/community-participations\/' target='_self' tabindex='-1'>\n\t\t\t\t        <span class=\"iksm-term__text\">participations communautaire<\/span>\n\t\t            <\/a>\n\t\t\t        <\/div>\n\t\t        <\/div>\n\n\t\t\n        <div class=\"iksm-term iksm-term--id-22330 iksm-term--parent\" data-id=\"22330\">\n            <div class=\"iksm-term__inner\" tabindex='0'>\n                <a class=\"iksm-term__link\" href='https:\/\/aswu.edu.eg\/fr\/services-aswu\/community-services-aswu\/volunteering-programmes\/' target='_self' tabindex='-1'>\n\t\t\t\t        <span class=\"iksm-term__text\">Programmes de b\u00e9n\u00e9volat<\/span>\n\t\t            <\/a>\n\t\t\t        <\/div>\n\t\t        <\/div>\n\n\t\t\n        <div class=\"iksm-term iksm-term--id-14653 iksm-term--parent\" data-id=\"14653\">\n            <div class=\"iksm-term__inner\" tabindex='0'>\n                <a class=\"iksm-term__link\" href='https:\/\/aswu.edu.eg\/fr\/services-aswu\/community-services-aswu\/convoys\/' target='_self' tabindex='-1'>\n\t\t\t\t        <span class=\"iksm-term__text\">Convois<\/span>\n\t\t            <\/a>\n\t\t\t        <\/div>\n\t\t        <\/div>\n\n\t\t\n        <div class=\"iksm-term iksm-term--id-15984 iksm-term--parent\" data-id=\"15984\">\n            <div class=\"iksm-term__inner\" tabindex='0'>\n                <a class=\"iksm-term__link\" href='https:\/\/aswu.edu.eg\/fr\/services-aswu\/community-services-aswu\/service-centers\/' target='_self' tabindex='-1'>\n\t\t\t\t        <span class=\"iksm-term__text\">Centres de service<\/span>\n\t\t            <\/a>\n\t\t\t        <\/div>\n\t\t        <\/div>\n\n\t\t\n        <div class=\"iksm-term iksm-term--id-18157 iksm-term--parent\" data-id=\"18157\">\n            <div class=\"iksm-term__inner\" tabindex='0'>\n                <a class=\"iksm-term__link\" href='https:\/\/aswu.edu.eg\/fr\/services-aswu\/community-services-aswu\/service-units-aswu\/' target='_self' tabindex='-1'>\n\t\t\t\t        <span class=\"iksm-term__text\">Unit\u00e9s de service<\/span>\n\t\t            <\/a>\n\t\t\t        <\/div>\n\t\t        <\/div>\n\n\t\t\n        <div class=\"iksm-term iksm-term--id-24167 iksm-term--parent\" data-id=\"24167\">\n            <div class=\"iksm-term__inner\" tabindex='0'>\n                <a class=\"iksm-term__link\" href='https:\/\/aswu.edu.eg\/fr\/services-aswu\/community-services-aswu\/sports-services\/' target='_self' tabindex='-1'>\n\t\t\t\t        <span class=\"iksm-term__text\">Services sportifs<\/span>\n\t\t            <\/a>\n\t\t\t        <\/div>\n\t\t        <\/div>\n\n\t\t\n        <div class=\"iksm-term iksm-term--id-14793 iksm-term--parent\" data-id=\"14793\">\n            <div class=\"iksm-term__inner\" tabindex='0'>\n                <a class=\"iksm-term__link\" href='https:\/\/aswu.edu.eg\/fr\/about\/facilities\/libraries\/' target='_self' tabindex='-1'>\n\t\t\t\t        <span class=\"iksm-term__text\">Biblioth\u00e8ques<\/span>\n\t\t            <\/a>\n\t\t\t        <\/div>\n\t\t        <\/div>\n\n\t\t\n        <div class=\"iksm-term iksm-term--id-14797 iksm-term--parent\" data-id=\"14797\">\n            <div class=\"iksm-term__inner\" tabindex='0'>\n                <a class=\"iksm-term__link\" href='https:\/\/child.aswu.edu.eg\/' target='_self' tabindex='-1'>\n\t\t\t\t        <span class=\"iksm-term__text\">Universit\u00e9 d\u2019enfant<\/span>\n\t\t            <\/a>\n\t\t\t        <\/div>\n\t\t        <\/div>\n\n\t\t<\/div><\/div><\/div><div id=\"iksm_data_args\" class=\"data-args\"  data-collapse_children_terms='1' data-collapse_other_terms='1' data-collapse_animation_duration='400' data-expand_animation_duration='400'><\/div><\/div>\t\t<\/div>\n\t\t\t\t<\/div>\n\t\t\t\t\t<\/div>\n\t\t<\/div>\n\t\t\t\t<div class=\"elementor-column elementor-col-50 elementor-top-column elementor-element elementor-element-7269301a\" data-id=\"7269301a\" data-element_type=\"column\">\n\t\t\t<div class=\"elementor-widget-wrap elementor-element-populated\">\n\t\t\t\t\t\t<section class=\"elementor-section elementor-inner-section elementor-element elementor-element-b0b8335 elementor-section-boxed elementor-section-height-default elementor-section-height-default\" data-id=\"b0b8335\" data-element_type=\"section\">\n\t\t\t\t\t\t<div class=\"elementor-container elementor-column-gap-default\">\n\t\t\t\t\t<div class=\"elementor-column elementor-col-50 elementor-inner-column elementor-element elementor-element-ff74a83\" data-id=\"ff74a83\" data-element_type=\"column\">\n\t\t\t<div class=\"elementor-widget-wrap elementor-element-populated\">\n\t\t\t\t\t\t<div class=\"elementor-element elementor-element-a882091 elementor-widget elementor-widget-text-editor\" data-id=\"a882091\" data-element_type=\"widget\" data-widget_type=\"text-editor.default\">\n\t\t\t\t<div class=\"elementor-widget-container\">\n\t\t\t\t\t\t\t<p><span style=\"color: #333333\">Il s\u2019agit d\u2019une unit\u00e9 scientifique \u00e9ducative culturelle qui vise \u00e0 collecter des informations de diverses mani\u00e8res, comme le d\u00e9p\u00f4t, l\u2019achat, l\u2019\u00e9change, et bas\u00e9 sur un syst\u00e8me particulier d\u2019arrangement, de classement et de catalogage des livres dans leurs diff\u00e9rents lieux, et peut \u00eatre d\u00e9fini comme une ou plusieurs salles contenant des livres et du mat\u00e9riel traitant des diff\u00e9rents sujets mis \u00e0 la disposition du personnel de chaque universit\u00e9 pour l\u2019\u00e9tude et la compr\u00e9hension.<\/span><\/p><p><span style=\"color: #333333\">Le d\u00e9partement de la biblioth\u00e8que accueille les visiteurs et le public peut utiliser les livres disponibles et les guider \u00e0 travers les rendez-vous officiels\u00a0:<\/span><\/p><ul style=\"list-style-type: disc\"><li><span style=\"color: #333333\">De 9h \u00e0 14h<\/span><\/li><\/ul><p><span style=\"text-decoration: underline\"><span style=\"color: #0000ff;text-decoration: underline\"><strong><a style=\"color: #0000ff;text-decoration: underline\" href=\"http:\/\/aswu.edu.eg\/en\/wp-content\/uploads\/2018\/07\/Aswan-University-Libraries-Regulation-Autosaved-5.pdf\">Le r\u00e8glement de la biblioth\u00e8que<\/a><\/strong><\/span><\/span><\/p><p><span style=\"text-decoration: underline\"><span style=\"color: #0000ff;text-decoration: underline\"><strong><a style=\"color: #0000ff;text-decoration: underline\" href=\"http:\/\/aswu.edu.eg\/en\/wp-content\/uploads\/2018\/07\/organizational-structure2.pdf\">La structure organisationnelle\u00a0<\/a><\/strong><\/span><\/span><\/p><p><span style=\"text-decoration: underline\"><span style=\"color: #0000ff;text-decoration: underline\"><strong><a style=\"color: #0000ff;text-decoration: underline\" href=\"http:\/\/srv4.eulc.edu.eg\/eulc_v5\/libraries\/start.aspx?DefaultLang=En&amp;Applang=E&amp;ScopeID=1.&amp;\">Le Consortium des biblioth\u00e8ques universitaires egyptiennes<\/a><\/strong><\/span><\/span><\/p><p>\u00a0<\/p><p>\u00a0<\/p>\t\t\t\t\t\t<\/div>\n\t\t\t\t<\/div>\n\t\t\t\t\t<\/div>\n\t\t<\/div>\n\t\t\t\t<div class=\"elementor-column elementor-col-50 elementor-inner-column elementor-element elementor-element-52c40f1\" data-id=\"52c40f1\" data-element_type=\"column\">\n\t\t\t<div class=\"elementor-widget-wrap elementor-element-populated\">\n\t\t\t\t\t\t<div class=\"elementor-element elementor-element-c0f84ed elementor-widget elementor-widget-image\" data-id=\"c0f84ed\" data-element_type=\"widget\" data-widget_type=\"image.default\">\n\t\t\t\t<div class=\"elementor-widget-container\">\n\t\t\t\t\t\t\t\t\t\t\t\t\t<img decoding=\"async\" src=\"https:\/\/aswu.edu.eg\/fr\/wp-content\/uploads\/elementor\/thumbs\/istockphoto-1414998434-170667a-qjzbdup95rxjqrb2n9cn0xfndgy380qn6xqm6l118c.jpg\" title=\"Daily life at university\" alt=\"Daily life at university\" loading=\"lazy\" \/>\t\t\t\t\t\t\t\t\t\t\t\t\t<\/div>\n\t\t\t\t<\/div>\n\t\t\t\t\t<\/div>\n\t\t<\/div>\n\t\t\t\t\t<\/div>\n\t\t<\/section>\n\t\t\t\t\t<\/div>\n\t\t<\/div>\n\t\t\t\t\t<\/div>\n\t\t<\/section>\n\t\t\t\t<section class=\"elementor-section elementor-top-section elementor-element elementor-element-3cf9f98 elementor-section-boxed elementor-section-height-default elementor-section-height-default\" data-id=\"3cf9f98\" data-element_type=\"section\">\n\t\t\t\t\t\t<div class=\"elementor-container elementor-column-gap-default\">\n\t\t\t\t\t<div class=\"elementor-column elementor-col-100 elementor-top-column elementor-element elementor-element-fa3cc1e\" data-id=\"fa3cc1e\" data-element_type=\"column\">\n\t\t\t<div class=\"elementor-widget-wrap elementor-element-populated\">\n\t\t\t\t\t\t<div class=\"elementor-element elementor-element-aba5a4d elementor-widget elementor-widget-image-gallery\" data-id=\"aba5a4d\" data-element_type=\"widget\" data-widget_type=\"image-gallery.default\">\n\t\t\t\t<div class=\"elementor-widget-container\">\n\t\t\t\t\t<div class=\"elementor-image-gallery\">\n\t\t\t<div id='gallery-1' class='gallery galleryid-1593 gallery-columns-6 gallery-size-thumbnail'><figure class='gallery-item'>\n\t\t\t<div class='gallery-icon landscape'>\n\t\t\t\t<a data-elementor-open-lightbox=\"yes\" data-elementor-lightbox-slideshow=\"aba5a4d\" data-elementor-lightbox-title=\"LIB6-300x168-1-150x150\" data-e-action-hash=\"#elementor-action%3Aaction%3Dlightbox%26settings%3DeyJpZCI6MjQ3NDUsInVybCI6Imh0dHBzOlwvXC9hc3d1LmVkdS5lZ1wvZnJcL3dwLWNvbnRlbnRcL3VwbG9hZHNcL0xJQjYtMzAweDE2OC0xLTE1MHgxNTAtMS5qcGciLCJzbGlkZXNob3ciOiJhYmE1YTRkIn0%3D\" href='https:\/\/aswu.edu.eg\/fr\/wp-content\/uploads\/LIB6-300x168-1-150x150-1.jpg'><img decoding=\"async\" width=\"150\" height=\"150\" src=\"https:\/\/aswu.edu.eg\/fr\/wp-content\/uploads\/LIB6-300x168-1-150x150-1.jpg\" class=\"attachment-thumbnail size-thumbnail\" alt=\"\" \/><\/a>\n\t\t\t<\/div><\/figure><figure class='gallery-item'>\n\t\t\t<div class='gallery-icon landscape'>\n\t\t\t\t<a data-elementor-open-lightbox=\"yes\" data-elementor-lightbox-slideshow=\"aba5a4d\" data-elementor-lightbox-title=\"LIB5-300x168-1-150x150\" data-e-action-hash=\"#elementor-action%3Aaction%3Dlightbox%26settings%3DeyJpZCI6MjQ3NDYsInVybCI6Imh0dHBzOlwvXC9hc3d1LmVkdS5lZ1wvZnJcL3dwLWNvbnRlbnRcL3VwbG9hZHNcL0xJQjUtMzAweDE2OC0xLTE1MHgxNTAtMS5qcGciLCJzbGlkZXNob3ciOiJhYmE1YTRkIn0%3D\" href='https:\/\/aswu.edu.eg\/fr\/wp-content\/uploads\/LIB5-300x168-1-150x150-1.jpg'><img decoding=\"async\" width=\"150\" height=\"150\" src=\"https:\/\/aswu.edu.eg\/fr\/wp-content\/uploads\/LIB5-300x168-1-150x150-1.jpg\" class=\"attachment-thumbnail size-thumbnail\" alt=\"\" \/><\/a>\n\t\t\t<\/div><\/figure><figure class='gallery-item'>\n\t\t\t<div class='gallery-icon landscape'>\n\t\t\t\t<a data-elementor-open-lightbox=\"yes\" data-elementor-lightbox-slideshow=\"aba5a4d\" data-elementor-lightbox-title=\"LIB4-300x200-1-150x150\" data-e-action-hash=\"#elementor-action%3Aaction%3Dlightbox%26settings%3DeyJpZCI6MjQ3NDcsInVybCI6Imh0dHBzOlwvXC9hc3d1LmVkdS5lZ1wvZnJcL3dwLWNvbnRlbnRcL3VwbG9hZHNcL0xJQjQtMzAweDIwMC0xLTE1MHgxNTAtMS5qcGciLCJzbGlkZXNob3ciOiJhYmE1YTRkIn0%3D\" href='https:\/\/aswu.edu.eg\/fr\/wp-content\/uploads\/LIB4-300x200-1-150x150-1.jpg'><img decoding=\"async\" width=\"150\" height=\"150\" src=\"https:\/\/aswu.edu.eg\/fr\/wp-content\/uploads\/LIB4-300x200-1-150x150-1.jpg\" class=\"attachment-thumbnail size-thumbnail\" alt=\"\" \/><\/a>\n\t\t\t<\/div><\/figure><figure class='gallery-item'>\n\t\t\t<div class='gallery-icon landscape'>\n\t\t\t\t<a data-elementor-open-lightbox=\"yes\" data-elementor-lightbox-slideshow=\"aba5a4d\" data-elementor-lightbox-title=\"LIB3-300x200-1-150x150\" data-e-action-hash=\"#elementor-action%3Aaction%3Dlightbox%26settings%3DeyJpZCI6MjQ3NDgsInVybCI6Imh0dHBzOlwvXC9hc3d1LmVkdS5lZ1wvZnJcL3dwLWNvbnRlbnRcL3VwbG9hZHNcL0xJQjMtMzAweDIwMC0xLTE1MHgxNTAtMS5qcGciLCJzbGlkZXNob3ciOiJhYmE1YTRkIn0%3D\" href='https:\/\/aswu.edu.eg\/fr\/wp-content\/uploads\/LIB3-300x200-1-150x150-1.jpg'><img loading=\"lazy\" decoding=\"async\" width=\"150\" height=\"150\" src=\"https:\/\/aswu.edu.eg\/fr\/wp-content\/uploads\/LIB3-300x200-1-150x150-1.jpg\" class=\"attachment-thumbnail size-thumbnail\" alt=\"\" \/><\/a>\n\t\t\t<\/div><\/figure><figure class='gallery-item'>\n\t\t\t<div class='gallery-icon landscape'>\n\t\t\t\t<a data-elementor-open-lightbox=\"yes\" data-elementor-lightbox-slideshow=\"aba5a4d\" data-elementor-lightbox-title=\"LIB2-300x200-1-150x150\" data-e-action-hash=\"#elementor-action%3Aaction%3Dlightbox%26settings%3DeyJpZCI6MjQ3NDksInVybCI6Imh0dHBzOlwvXC9hc3d1LmVkdS5lZ1wvZnJcL3dwLWNvbnRlbnRcL3VwbG9hZHNcL0xJQjItMzAweDIwMC0xLTE1MHgxNTAtMS5qcGciLCJzbGlkZXNob3ciOiJhYmE1YTRkIn0%3D\" href='https:\/\/aswu.edu.eg\/fr\/wp-content\/uploads\/LIB2-300x200-1-150x150-1.jpg'><img loading=\"lazy\" decoding=\"async\" width=\"150\" height=\"150\" src=\"https:\/\/aswu.edu.eg\/fr\/wp-content\/uploads\/LIB2-300x200-1-150x150-1.jpg\" class=\"attachment-thumbnail size-thumbnail\" alt=\"\" \/><\/a>\n\t\t\t<\/div><\/figure><figure class='gallery-item'>\n\t\t\t<div class='gallery-icon landscape'>\n\t\t\t\t<a data-elementor-open-lightbox=\"yes\" data-elementor-lightbox-slideshow=\"aba5a4d\" data-elementor-lightbox-title=\"LIB1-300x200-1-150x150\" data-e-action-hash=\"#elementor-action%3Aaction%3Dlightbox%26settings%3DeyJpZCI6MjQ3NTAsInVybCI6Imh0dHBzOlwvXC9hc3d1LmVkdS5lZ1wvZnJcL3dwLWNvbnRlbnRcL3VwbG9hZHNcL0xJQjEtMzAweDIwMC0xLTE1MHgxNTAtMS5qcGciLCJzbGlkZXNob3ciOiJhYmE1YTRkIn0%3D\" href='https:\/\/aswu.edu.eg\/fr\/wp-content\/uploads\/LIB1-300x200-1-150x150-1.jpg'><img loading=\"lazy\" decoding=\"async\" width=\"150\" height=\"150\" src=\"https:\/\/aswu.edu.eg\/fr\/wp-content\/uploads\/LIB1-300x200-1-150x150-1.jpg\" class=\"attachment-thumbnail size-thumbnail\" alt=\"\" \/><\/a>\n\t\t\t<\/div><\/figure>\n\t\t<\/div>\n\t\t<\/div>\n\t\t\t\t<\/div>\n\t\t\t\t<\/div>\n\t\t\t\t\t<\/div>\n\t\t<\/div>\n\t\t\t\t\t<\/div>\n\t\t<\/section>\n\t\t\t\t<\/div>\n\t\t","protected":false},"excerpt":{"rendered":"<p>Il s\u2019agit d\u2019une unit\u00e9 scientifique \u00e9ducative culturelle qui vise \u00e0 collecter des informations de diverses mani\u00e8res, comme le d\u00e9p\u00f4t, l\u2019achat, l\u2019\u00e9change, et bas\u00e9 sur un syst\u00e8me particulier d\u2019arrangement, de classement et de catalogage des livres dans leurs diff\u00e9rents lieux, et <a href=\"https:\/\/aswu.edu.eg\/fr\/about\/facilities\/libraries\/\" class=\"read-more\">Read More &#8230;<\/a><\/p>\n<div class=\"pvc_clear\"><\/div>\n<p id=\"pvc_stats_1593\" class=\"pvc_stats all  \" data-element-id=\"1593\" style=\"\"><i class=\"pvc-stats-icon medium\" aria-hidden=\"true\"><svg aria-hidden=\"true\" focusable=\"false\" data-prefix=\"far\" data-icon=\"chart-bar\" role=\"img\" xmlns=\"http:\/\/www.w3.org\/2000\/svg\" viewBox=\"0 0 512 512\" class=\"svg-inline--fa fa-chart-bar fa-w-16 fa-2x\"><path fill=\"currentColor\" d=\"M396.8 352h22.4c6.4 0 12.8-6.4 12.8-12.8V108.8c0-6.4-6.4-12.8-12.8-12.8h-22.4c-6.4 0-12.8 6.4-12.8 12.8v230.4c0 6.4 6.4 12.8 12.8 12.8zm-192 0h22.4c6.4 0 12.8-6.4 12.8-12.8V140.8c0-6.4-6.4-12.8-12.8-12.8h-22.4c-6.4 0-12.8 6.4-12.8 12.8v198.4c0 6.4 6.4 12.8 12.8 12.8zm96 0h22.4c6.4 0 12.8-6.4 12.8-12.8V204.8c0-6.4-6.4-12.8-12.8-12.8h-22.4c-6.4 0-12.8 6.4-12.8 12.8v134.4c0 6.4 6.4 12.8 12.8 12.8zM496 400H48V80c0-8.84-7.16-16-16-16H16C7.16 64 0 71.16 0 80v336c0 17.67 14.33 32 32 32h464c8.84 0 16-7.16 16-16v-16c0-8.84-7.16-16-16-16zm-387.2-48h22.4c6.4 0 12.8-6.4 12.8-12.8v-70.4c0-6.4-6.4-12.8-12.8-12.8h-22.4c-6.4 0-12.8 6.4-12.8 12.8v70.4c0 6.4 6.4 12.8 12.8 12.8z\" class=\"\"><\/path><\/svg><\/i> <img loading=\"lazy\" decoding=\"async\" width=\"16\" height=\"16\" alt=\"Loading\" src=\"https:\/\/aswu.edu.eg\/fr\/wp-content\/plugins\/page-views-count\/ajax-loader-2x.gif\" border=0 \/><\/p>\n<div class=\"pvc_clear\"><\/div>\n","protected":false},"author":10,"featured_media":0,"parent":24368,"menu_order":0,"comment_status":"closed","ping_status":"closed","template":"","meta":{"footnotes":""},"rttpg_featured_image_url":null,"rttpg_author":{"display_name":"baivy anton","author_link":"https:\/\/aswu.edu.eg\/fr\/author\/asenweb\/"},"rttpg_comment":0,"rttpg_category":null,"rttpg_excerpt":"Il s\u2019agit d\u2019une unit\u00e9 scientifique \u00e9ducative culturelle qui vise \u00e0 collecter des informations de diverses mani\u00e8res, comme le d\u00e9p\u00f4t, l\u2019achat, l\u2019\u00e9change, et bas\u00e9 sur un syst\u00e8me particulier d\u2019arrangement, de classement et de catalogage des livres dans leurs diff\u00e9rents lieux, et Read More ...","_links":{"self":[{"href":"https:\/\/aswu.edu.eg\/fr\/wp-json\/wp\/v2\/pages\/1593"}],"collection":[{"href":"https:\/\/aswu.edu.eg\/fr\/wp-json\/wp\/v2\/pages"}],"about":[{"href":"https:\/\/aswu.edu.eg\/fr\/wp-json\/wp\/v2\/types\/page"}],"author":[{"embeddable":true,"href":"https:\/\/aswu.edu.eg\/fr\/wp-json\/wp\/v2\/users\/10"}],"replies":[{"embeddable":true,"href":"https:\/\/aswu.edu.eg\/fr\/wp-json\/wp\/v2\/comments?post=1593"}],"version-history":[{"count":69,"href":"https:\/\/aswu.edu.eg\/fr\/wp-json\/wp\/v2\/pages\/1593\/revisions"}],"predecessor-version":[{"id":28663,"href":"https:\/\/aswu.edu.eg\/fr\/wp-json\/wp\/v2\/pages\/1593\/revisions\/28663"}],"up":[{"embeddable":true,"href":"https:\/\/aswu.edu.eg\/fr\/wp-json\/wp\/v2\/pages\/24368"}],"wp:attachment":[{"href":"https:\/\/aswu.edu.eg\/fr\/wp-json\/wp\/v2\/media?parent=1593"}],"curies":[{"name":"wp","href":"https:\/\/api.w.org\/{rel}","templated":true}]}}