{"id":15974,"date":"2022-11-03T09:32:50","date_gmt":"2022-11-03T09:32:50","guid":{"rendered":"http:\/\/193.227.33.90\/aswu\/en\/?page_id=15974"},"modified":"2023-01-17T09:29:48","modified_gmt":"2023-01-17T09:29:48","slug":"blended-e-learning-center","status":"publish","type":"page","link":"https:\/\/aswu.edu.eg\/fr\/services-aswu\/community-services-aswu\/service-centers\/blended-e-learning-center\/","title":{"rendered":"E-Hybrid education center"},"content":{"rendered":"\t\t<div data-elementor-type=\"wp-page\" data-elementor-id=\"15974\" class=\"elementor elementor-15974\">\n\t\t\t\t\t\t<section class=\"elementor-section elementor-top-section elementor-element elementor-element-771dac4 elementor-section-boxed elementor-section-height-default elementor-section-height-default\" data-id=\"771dac4\" data-element_type=\"section\">\n\t\t\t\t\t\t<div class=\"elementor-container elementor-column-gap-default\">\n\t\t\t\t\t<div class=\"elementor-column elementor-col-33 elementor-top-column elementor-element elementor-element-45ebd16\" data-id=\"45ebd16\" data-element_type=\"column\">\n\t\t\t<div class=\"elementor-widget-wrap elementor-element-populated\">\n\t\t\t\t\t\t<div class=\"elementor-element elementor-element-2850c39 elementor-widget elementor-widget-wp-widget-iksm-widget\" data-id=\"2850c39\" data-element_type=\"widget\" data-widget_type=\"wp-widget-iksm-widget.default\">\n\t\t\t\t<div class=\"elementor-widget-container\">\n\t\t\t<script id=\"styles-copier-69e272c93016a\">\n\t\t\t\/\/ Finding styles element\n\t        var element = document.getElementById(\"iksm-dynamic-style\");\n\t        if (!element) { \/\/ If no element (Cache plugins can remove tag), then creating a new one\n                element = document.createElement('style');\n                var head = document.getElementsByTagName(\"head\")\n                if (head && head[0]) {\n                \thead[0].appendChild(element);\n                } else {\n                  \tconsole.warn(\"Iks Menu | Error while printing styles. Please contact technical support.\");\n                }\n\t        }\n\t\t\t\/\/ Copying styles to <styles> tag\n\t        element.innerHTML += \".iksm-15480 .iksm-terms{background-color:rgba(243,243,243,1);width:200px;transition:all 400ms;animation:iks-fade-in 1000ms;}.iksm-15480 .iksm-term__inner{background-color:rgba(231,231,231,1);margin-top:3px;min-height:44px;transition:all 400ms;}.iksm-15480 .iksm-term__inner:hover{background-color:rgba(220,220,220,1);}.iksm-15480 .iksm-term--current > .iksm-term__inner{background-color:rgba(202,229,239,1);}.iksm-15480 .iksm-term__link{color:rgba(0,0,0,1);font-size:15px;line-height:15px;font-weight:400;text-align:left;text-decoration:none;padding-top:5px;padding-right:10px;padding-bottom:5px;padding-left:15px;transition:all 400ms;}.iksm-15480 .iksm-term__inner:hover .iksm-term__link{color:rgba(50,50,50,1);}.iksm-15480 .iksm-term__toggle__inner{transition:transform 400ms}.iksm-15480 .iksm-term--expanded > .iksm-term__inner > .iksm-term__toggle > .iksm-term__toggle__inner{transform:rotate(180deg);}.iksm-15480 .iksm-term__toggle{color:rgba(133,133,133,1);font-size:16px;align-self:unset;;height:25px;width:25px;margin-right:7px;transition:all 400ms;}.iksm-15480 .iksm-term__toggle:hover{color:rgba(0,0,0,1);}.iksm-15480 .iksm-term__image-container{width:30px;min-width:30px;height:30px;min-height:30px;margin-right:15px;transition:all 400ms;}.iksm-15480 .iksm-term__image{background-size:contain;background-position:center;background-repeat:no-repeat;}.iksm-15480 .iksm-term__image-container:hover{background-size:contain;background-position:center;background-repeat:no-repeat;}.iksm-15480 .iksm-term__inner:hover .iksm-term__image-container{background-size:contain;background-position:center;background-repeat:no-repeat;}.iksm-15480 .iksm-term__inner:focus .iksm-term__image-container{background-size:contain;background-position:center;background-repeat:no-repeat;}.iksm-15480 .iksm-term--current > .iksm-term__inner .iksm-term__image-container{background-size:contain;background-position:center;background-repeat:no-repeat;}.iksm-15480 .iksm-term--child .iksm-term__inner .iksm-term__image-container{background-size:contain;background-position:center;background-repeat:no-repeat;}.iksm-15480 .iksm-term--child .iksm-term__inner .iksm-term__image-container:hover{background-size:contain;background-position:center;background-repeat:no-repeat;}.iksm-15480 .iksm-term--child .iksm-term__inner .iksm-term__image-container:focus{background-size:contain;background-position:center;background-repeat:no-repeat;}.iksm-15480 .iksm-term--child.iksm-term--current > .iksm-term__inner .iksm-term__image-container{background-size:contain;background-position:center;background-repeat:no-repeat;}.iksm-15480  .iksm-term__text{flex: unset}.iksm-15480 .iksm-term__posts-count{color:rgba(133,133,133,1);font-size:16px;margin-left:12px;font-weight:400;transition:all 400ms;}\";\n\t        \/\/ Removing this script\n            var this_script = document.getElementById(\"styles-copier-69e272c93016a\");\n            if (this_script) { \/\/ Cache plugins can remove tag\n\t            this_script.outerHTML = \"\";\n\t            if (this_script.parentNode) {\n\t                this_script.parentNode.removeChild(this_script);\n\t            }\n            }\n        <\/script><div id='iksm-15480' class='iksm iksm-15480 iksm-container '  data-id='15480' data-is-pro='0' data-source='menu'><div class='iksm-terms'><div class='iksm-terms-tree iksm-terms-tree--level-1 iksm-terms-tree--parents' style=''><div class=\"iksm-terms-tree__inner\">\n        <div class=\"iksm-term iksm-term--id-13946 iksm-term--parent\" data-id=\"13946\">\n            <div class=\"iksm-term__inner\" tabindex='0'>\n                <a class=\"iksm-term__link\" href='https:\/\/aswu.edu.eg\/fr\/education\/joint-programs\/egyptian-e-learning-university\/' target='_self' tabindex='-1'>\n\t\t\t\t        <span class=\"iksm-term__text\">L\u2019universit\u00e9 Egyptienne d\u2019apprentissage en ligne<\/span>\n\t\t            <\/a>\n\t\t\t        <\/div>\n\t\t        <\/div>\n\n\t\t\n        <div class=\"iksm-term iksm-term--id-16031 iksm-term--parent\" data-id=\"16031\">\n            <div class=\"iksm-term__inner\" tabindex='0'>\n                <a class=\"iksm-term__link\" href='https:\/\/aswu.edu.eg\/fr\/services-aswu\/community-services-aswu\/service-centers\/blended-e-learning-center\/' target='_self' tabindex='-1'>\n\t\t\t\t        <span class=\"iksm-term__text\">Centre d\u2019apprentissage \u00e9lectronique int\u00e9gr\u00e9<\/span>\n\t\t            <\/a>\n\t\t\t        <\/div>\n\t\t        <\/div>\n\n\t\t<\/div><\/div><\/div><div id=\"iksm_data_args\" class=\"data-args\"  data-collapse_children_terms='1' data-collapse_other_terms='1' data-collapse_animation_duration='400' data-expand_animation_duration='400'><\/div><\/div>\t\t<\/div>\n\t\t\t\t<\/div>\n\t\t\t\t\t<\/div>\n\t\t<\/div>\n\t\t\t\t<div class=\"elementor-column elementor-col-66 elementor-top-column elementor-element elementor-element-a79c1b2\" data-id=\"a79c1b2\" data-element_type=\"column\">\n\t\t\t<div class=\"elementor-widget-wrap elementor-element-populated\">\n\t\t\t\t\t\t<section class=\"elementor-section elementor-inner-section elementor-element elementor-element-94ecd43 elementor-section-boxed elementor-section-height-default elementor-section-height-default\" data-id=\"94ecd43\" data-element_type=\"section\">\n\t\t\t\t\t\t<div class=\"elementor-container elementor-column-gap-default\">\n\t\t\t\t\t<div class=\"elementor-column elementor-col-50 elementor-inner-column elementor-element elementor-element-e26696b\" data-id=\"e26696b\" data-element_type=\"column\">\n\t\t\t<div class=\"elementor-widget-wrap elementor-element-populated\">\n\t\t\t\t\t\t<div class=\"elementor-element elementor-element-ca9ea0c elementor-widget elementor-widget-text-editor\" data-id=\"ca9ea0c\" data-element_type=\"widget\" data-widget_type=\"text-editor.default\">\n\t\t\t\t<div class=\"elementor-widget-container\">\n\t\t\t\t\t\t\t<div class=\"aVla3\"><div class=\"\"><div class=\"wide-content-host\"><div class=\"SlLx9 isFirstCard byzS1\" aria-label=\"Email message\"><div class=\"XbIp4 G8bTU GNqVo yxtKT allowTextSelection\" role=\"region\" aria-label=\"Message body\"><div dir=\"rtl\"><p dir=\"ltr\" style=\"text-align: justify\"><span style=\"color: #333333;font-size: 12pt\">L\u2019apprentissage en ligne int\u00e9gr\u00e9 terme a prolif\u00e9r\u00e9 aux derni\u00e8res ann\u00e9es avec ses avantages d\u2019\u00eatre lou\u00e9 par l\u2019apprentissage en lignes expertes et apprenantes, et quand il concerne a l\u2019apprentissage en ligne, on peut remplacer \u00ab les moyens de la salle de classe bas\u00e9e sur la place \u00bb \u00e0 travers webinaire, faire l\u2019apprentissage plus facile, de visiter le site de l\u2019apprentissage int\u00e9gr\u00e9, S.V.P<\/span> <span style=\"text-decoration: underline\"><strong><span style=\"color: #0000ff;text-decoration: underline\"><a style=\"color: #0000ff;text-decoration: underline\" href=\"https:\/\/ou.aswu.edu.eg\/\">cliquez ici<\/a><\/span><\/strong><\/span>.<\/p><\/div><\/div><\/div><\/div><\/div><\/div>\t\t\t\t\t\t<\/div>\n\t\t\t\t<\/div>\n\t\t\t\t\t<\/div>\n\t\t<\/div>\n\t\t\t\t<div class=\"elementor-column elementor-col-50 elementor-inner-column elementor-element elementor-element-2c6542b\" data-id=\"2c6542b\" data-element_type=\"column\">\n\t\t\t<div class=\"elementor-widget-wrap elementor-element-populated\">\n\t\t\t\t\t\t<div class=\"elementor-element elementor-element-22fdffd elementor-widget elementor-widget-image\" data-id=\"22fdffd\" data-element_type=\"widget\" data-widget_type=\"image.default\">\n\t\t\t\t<div class=\"elementor-widget-container\">\n\t\t\t\t\t\t\t\t\t\t\t\t\t<img fetchpriority=\"high\" decoding=\"async\" width=\"847\" height=\"530\" src=\"https:\/\/aswu.edu.eg\/fr\/wp-content\/uploads\/44.png\" class=\"attachment-large size-large wp-image-16052\" alt=\"\" \/>\t\t\t\t\t\t\t\t\t\t\t\t\t<\/div>\n\t\t\t\t<\/div>\n\t\t\t\t\t<\/div>\n\t\t<\/div>\n\t\t\t\t\t<\/div>\n\t\t<\/section>\n\t\t\t\t\t<\/div>\n\t\t<\/div>\n\t\t\t\t\t<\/div>\n\t\t<\/section>\n\t\t\t\t<\/div>\n\t\t","protected":false},"excerpt":{"rendered":"<p>L\u2019apprentissage en ligne int\u00e9gr\u00e9 terme a prolif\u00e9r\u00e9 aux derni\u00e8res ann\u00e9es avec ses avantages d\u2019\u00eatre lou\u00e9 par l\u2019apprentissage en lignes expertes et apprenantes, et quand il concerne a l\u2019apprentissage en ligne, on peut remplacer \u00ab les moyens de la salle de <a href=\"https:\/\/aswu.edu.eg\/fr\/services-aswu\/community-services-aswu\/service-centers\/blended-e-learning-center\/\" class=\"read-more\">Read More &#8230;<\/a><\/p>\n<div class=\"pvc_clear\"><\/div>\n<p id=\"pvc_stats_15974\" class=\"pvc_stats all  \" data-element-id=\"15974\" style=\"\"><i class=\"pvc-stats-icon medium\" aria-hidden=\"true\"><svg aria-hidden=\"true\" focusable=\"false\" data-prefix=\"far\" data-icon=\"chart-bar\" role=\"img\" xmlns=\"http:\/\/www.w3.org\/2000\/svg\" viewBox=\"0 0 512 512\" class=\"svg-inline--fa fa-chart-bar fa-w-16 fa-2x\"><path fill=\"currentColor\" d=\"M396.8 352h22.4c6.4 0 12.8-6.4 12.8-12.8V108.8c0-6.4-6.4-12.8-12.8-12.8h-22.4c-6.4 0-12.8 6.4-12.8 12.8v230.4c0 6.4 6.4 12.8 12.8 12.8zm-192 0h22.4c6.4 0 12.8-6.4 12.8-12.8V140.8c0-6.4-6.4-12.8-12.8-12.8h-22.4c-6.4 0-12.8 6.4-12.8 12.8v198.4c0 6.4 6.4 12.8 12.8 12.8zm96 0h22.4c6.4 0 12.8-6.4 12.8-12.8V204.8c0-6.4-6.4-12.8-12.8-12.8h-22.4c-6.4 0-12.8 6.4-12.8 12.8v134.4c0 6.4 6.4 12.8 12.8 12.8zM496 400H48V80c0-8.84-7.16-16-16-16H16C7.16 64 0 71.16 0 80v336c0 17.67 14.33 32 32 32h464c8.84 0 16-7.16 16-16v-16c0-8.84-7.16-16-16-16zm-387.2-48h22.4c6.4 0 12.8-6.4 12.8-12.8v-70.4c0-6.4-6.4-12.8-12.8-12.8h-22.4c-6.4 0-12.8 6.4-12.8 12.8v70.4c0 6.4 6.4 12.8 12.8 12.8z\" class=\"\"><\/path><\/svg><\/i> <img decoding=\"async\" width=\"16\" height=\"16\" alt=\"Loading\" src=\"https:\/\/aswu.edu.eg\/fr\/wp-content\/plugins\/page-views-count\/ajax-loader-2x.gif\" border=0 \/><\/p>\n<div class=\"pvc_clear\"><\/div>\n","protected":false},"author":10,"featured_media":0,"parent":15979,"menu_order":0,"comment_status":"closed","ping_status":"closed","template":"","meta":{"footnotes":""},"rttpg_featured_image_url":null,"rttpg_author":{"display_name":"baivy anton","author_link":"https:\/\/aswu.edu.eg\/fr\/author\/asenweb\/"},"rttpg_comment":0,"rttpg_category":null,"rttpg_excerpt":"L\u2019apprentissage en ligne int\u00e9gr\u00e9 terme a prolif\u00e9r\u00e9 aux derni\u00e8res ann\u00e9es avec ses avantages d\u2019\u00eatre lou\u00e9 par l\u2019apprentissage en lignes expertes et apprenantes, et quand il concerne a l\u2019apprentissage en ligne, on peut remplacer \u00ab les moyens de la salle de Read More ...","_links":{"self":[{"href":"https:\/\/aswu.edu.eg\/fr\/wp-json\/wp\/v2\/pages\/15974"}],"collection":[{"href":"https:\/\/aswu.edu.eg\/fr\/wp-json\/wp\/v2\/pages"}],"about":[{"href":"https:\/\/aswu.edu.eg\/fr\/wp-json\/wp\/v2\/types\/page"}],"author":[{"embeddable":true,"href":"https:\/\/aswu.edu.eg\/fr\/wp-json\/wp\/v2\/users\/10"}],"replies":[{"embeddable":true,"href":"https:\/\/aswu.edu.eg\/fr\/wp-json\/wp\/v2\/comments?post=15974"}],"version-history":[{"count":14,"href":"https:\/\/aswu.edu.eg\/fr\/wp-json\/wp\/v2\/pages\/15974\/revisions"}],"predecessor-version":[{"id":28717,"href":"https:\/\/aswu.edu.eg\/fr\/wp-json\/wp\/v2\/pages\/15974\/revisions\/28717"}],"up":[{"embeddable":true,"href":"https:\/\/aswu.edu.eg\/fr\/wp-json\/wp\/v2\/pages\/15979"}],"wp:attachment":[{"href":"https:\/\/aswu.edu.eg\/fr\/wp-json\/wp\/v2\/media?parent=15974"}],"curies":[{"name":"wp","href":"https:\/\/api.w.org\/{rel}","templated":true}]}}