{"id":16632,"date":"2022-11-05T14:02:19","date_gmt":"2022-11-05T14:02:19","guid":{"rendered":"http:\/\/193.227.33.90\/aswu\/en\/?page_id=16632"},"modified":"2024-05-28T08:47:41","modified_gmt":"2024-05-28T08:47:41","slug":"lab-building-aswu","status":"publish","type":"page","link":"https:\/\/aswu.edu.eg\/fr\/about\/key-facts\/campus\/lab-building-aswu\/","title":{"rendered":"B\u00e2timent de laboratoires"},"content":{"rendered":"\t\t<div data-elementor-type=\"wp-page\" data-elementor-id=\"16632\" class=\"elementor elementor-16632\">\n\t\t\t\t\t\t<section class=\"elementor-section elementor-top-section elementor-element elementor-element-d7fc438 elementor-section-boxed elementor-section-height-default elementor-section-height-default\" data-id=\"d7fc438\" data-element_type=\"section\">\n\t\t\t\t\t\t<div class=\"elementor-container elementor-column-gap-default\">\n\t\t\t\t\t<div class=\"elementor-column elementor-col-100 elementor-top-column elementor-element elementor-element-cc78e3d\" data-id=\"cc78e3d\" data-element_type=\"column\">\n\t\t\t<div class=\"elementor-widget-wrap elementor-element-populated\">\n\t\t\t\t\t\t<div class=\"elementor-element elementor-element-f581db5 elementor-widget elementor-widget-text-editor\" data-id=\"f581db5\" data-element_type=\"widget\" data-widget_type=\"text-editor.default\">\n\t\t\t\t<div class=\"elementor-widget-container\">\n\t\t\t\t\t\t\t<p><span style=\"color: #333333;font-size: 17px;font-family: Cairo\">La qualification des laboratoires \u00e0 l\u2019universit\u00e9 d\u2019Assouan pour l\u2019accr\u00e9ditation internationale est une partie de d\u00e9veloppement l\u2019enseignement sup\u00e9rieur pour les laboratoires des universit\u00e9s \u00e9gyptiennes afin de diffuser la culture de qualit\u00e9 des laboratoires aux domaines appliqu\u00e9s et \u00e9levant le classement des universit\u00e9s \u00e9gyptiennes internationalement. \u00a0\u00a0\u00a0\u00a0\u00a0\u00a0\u00a0\u00a0\u00a0\u00a0\u00a0\u00a0<\/span><\/p><div class=\"x_elementToProof\"><div>\u00a0<\/div><\/div>\t\t\t\t\t\t<\/div>\n\t\t\t\t<\/div>\n\t\t\t\t\t<\/div>\n\t\t<\/div>\n\t\t\t\t\t<\/div>\n\t\t<\/section>\n\t\t\t\t<section class=\"elementor-section elementor-top-section elementor-element elementor-element-14e6662 elementor-section-boxed elementor-section-height-default elementor-section-height-default\" data-id=\"14e6662\" data-element_type=\"section\">\n\t\t\t\t\t\t<div class=\"elementor-container elementor-column-gap-default\">\n\t\t\t\t\t<div class=\"elementor-column elementor-col-100 elementor-top-column elementor-element elementor-element-4e7a9f5\" data-id=\"4e7a9f5\" data-element_type=\"column\">\n\t\t\t<div class=\"elementor-widget-wrap elementor-element-populated\">\n\t\t\t\t\t\t<div class=\"elementor-element elementor-element-c0b6746 elementor-arrows-position-inside elementor-pagination-position-outside elementor-widget elementor-widget-image-carousel\" data-id=\"c0b6746\" data-element_type=\"widget\" data-settings=\"{&quot;navigation&quot;:&quot;both&quot;,&quot;autoplay&quot;:&quot;yes&quot;,&quot;pause_on_hover&quot;:&quot;yes&quot;,&quot;pause_on_interaction&quot;:&quot;yes&quot;,&quot;autoplay_speed&quot;:5000,&quot;infinite&quot;:&quot;yes&quot;,&quot;speed&quot;:500}\" data-widget_type=\"image-carousel.default\">\n\t\t\t\t<div class=\"elementor-widget-container\">\n\t\t\t\t\t<div class=\"elementor-image-carousel-wrapper swiper-container\" dir=\"ltr\">\n\t\t\t<div class=\"elementor-image-carousel swiper-wrapper\" aria-live=\"off\">\n\t\t\t\t\t\t\t\t<div class=\"swiper-slide\" role=\"group\" aria-roledescription=\"slide\" aria-label=\"1 of 9\"><a data-elementor-open-lightbox=\"yes\" data-elementor-lightbox-slideshow=\"c0b6746\" data-elementor-lightbox-title=\"1\" data-e-action-hash=\"#elementor-action%3Aaction%3Dlightbox%26settings%3DeyJpZCI6IjIyNTc3IiwidXJsIjoiaHR0cHM6XC9cL2Fzd3UuZWR1LmVnXC9mclwvd3AtY29udGVudFwvdXBsb2Fkc1wvMS0xNS5qcGciLCJzbGlkZXNob3ciOiJjMGI2NzQ2In0%3D\" href=\"https:\/\/aswu.edu.eg\/fr\/wp-content\/uploads\/1-15.jpg\"><figure class=\"swiper-slide-inner\"><img decoding=\"async\" class=\"swiper-slide-image\" src=\"https:\/\/aswu.edu.eg\/fr\/wp-content\/uploads\/1-15.jpg\" alt=\"1\" \/><\/figure><\/a><\/div><div class=\"swiper-slide\" role=\"group\" aria-roledescription=\"slide\" aria-label=\"2 of 9\"><a data-elementor-open-lightbox=\"yes\" data-elementor-lightbox-slideshow=\"c0b6746\" data-elementor-lightbox-title=\"2\" data-e-action-hash=\"#elementor-action%3Aaction%3Dlightbox%26settings%3DeyJpZCI6IjIyNTc4IiwidXJsIjoiaHR0cHM6XC9cL2Fzd3UuZWR1LmVnXC9mclwvd3AtY29udGVudFwvdXBsb2Fkc1wvMi0xMS5qcGciLCJzbGlkZXNob3ciOiJjMGI2NzQ2In0%3D\" href=\"https:\/\/aswu.edu.eg\/fr\/wp-content\/uploads\/2-11.jpg\"><figure class=\"swiper-slide-inner\"><img decoding=\"async\" class=\"swiper-slide-image\" src=\"https:\/\/aswu.edu.eg\/fr\/wp-content\/uploads\/2-11.jpg\" alt=\"2\" \/><\/figure><\/a><\/div><div class=\"swiper-slide\" role=\"group\" aria-roledescription=\"slide\" aria-label=\"3 of 9\"><a data-elementor-open-lightbox=\"yes\" data-elementor-lightbox-slideshow=\"c0b6746\" data-elementor-lightbox-title=\"3\" data-e-action-hash=\"#elementor-action%3Aaction%3Dlightbox%26settings%3DeyJpZCI6IjIyNTc5IiwidXJsIjoiaHR0cHM6XC9cL2Fzd3UuZWR1LmVnXC9mclwvd3AtY29udGVudFwvdXBsb2Fkc1wvMy0xMS5qcGciLCJzbGlkZXNob3ciOiJjMGI2NzQ2In0%3D\" href=\"https:\/\/aswu.edu.eg\/fr\/wp-content\/uploads\/3-11.jpg\"><figure class=\"swiper-slide-inner\"><img decoding=\"async\" class=\"swiper-slide-image\" src=\"https:\/\/aswu.edu.eg\/fr\/wp-content\/uploads\/3-11.jpg\" alt=\"3\" \/><\/figure><\/a><\/div><div class=\"swiper-slide\" role=\"group\" aria-roledescription=\"slide\" aria-label=\"4 of 9\"><a data-elementor-open-lightbox=\"yes\" data-elementor-lightbox-slideshow=\"c0b6746\" data-elementor-lightbox-title=\"4\" data-e-action-hash=\"#elementor-action%3Aaction%3Dlightbox%26settings%3DeyJpZCI6IjIyNTgwIiwidXJsIjoiaHR0cHM6XC9cL2Fzd3UuZWR1LmVnXC9mclwvd3AtY29udGVudFwvdXBsb2Fkc1wvNC05LmpwZyIsInNsaWRlc2hvdyI6ImMwYjY3NDYifQ%3D%3D\" href=\"https:\/\/aswu.edu.eg\/fr\/wp-content\/uploads\/4-9.jpg\"><figure class=\"swiper-slide-inner\"><img decoding=\"async\" class=\"swiper-slide-image\" src=\"https:\/\/aswu.edu.eg\/fr\/wp-content\/uploads\/4-9.jpg\" alt=\"4\" \/><\/figure><\/a><\/div><div class=\"swiper-slide\" role=\"group\" aria-roledescription=\"slide\" aria-label=\"5 of 9\"><a data-elementor-open-lightbox=\"yes\" data-elementor-lightbox-slideshow=\"c0b6746\" data-elementor-lightbox-title=\"5\" data-e-action-hash=\"#elementor-action%3Aaction%3Dlightbox%26settings%3DeyJpZCI6IjIyNTgxIiwidXJsIjoiaHR0cHM6XC9cL2Fzd3UuZWR1LmVnXC9mclwvd3AtY29udGVudFwvdXBsb2Fkc1wvNS0xMS5qcGciLCJzbGlkZXNob3ciOiJjMGI2NzQ2In0%3D\" href=\"https:\/\/aswu.edu.eg\/fr\/wp-content\/uploads\/5-11.jpg\"><figure class=\"swiper-slide-inner\"><img decoding=\"async\" class=\"swiper-slide-image\" src=\"https:\/\/aswu.edu.eg\/fr\/wp-content\/uploads\/5-11.jpg\" alt=\"5\" \/><\/figure><\/a><\/div><div class=\"swiper-slide\" role=\"group\" aria-roledescription=\"slide\" aria-label=\"6 of 9\"><a data-elementor-open-lightbox=\"yes\" data-elementor-lightbox-slideshow=\"c0b6746\" data-elementor-lightbox-title=\"6\" data-e-action-hash=\"#elementor-action%3Aaction%3Dlightbox%26settings%3DeyJpZCI6IjIyNTgyIiwidXJsIjoiaHR0cHM6XC9cL2Fzd3UuZWR1LmVnXC9mclwvd3AtY29udGVudFwvdXBsb2Fkc1wvNi0xNC5qcGciLCJzbGlkZXNob3ciOiJjMGI2NzQ2In0%3D\" href=\"https:\/\/aswu.edu.eg\/fr\/wp-content\/uploads\/6-14.jpg\"><figure class=\"swiper-slide-inner\"><img decoding=\"async\" class=\"swiper-slide-image\" src=\"https:\/\/aswu.edu.eg\/fr\/wp-content\/uploads\/6-14.jpg\" alt=\"6\" \/><\/figure><\/a><\/div><div class=\"swiper-slide\" role=\"group\" aria-roledescription=\"slide\" aria-label=\"7 of 9\"><a data-elementor-open-lightbox=\"yes\" data-elementor-lightbox-slideshow=\"c0b6746\" data-elementor-lightbox-title=\"7\" data-e-action-hash=\"#elementor-action%3Aaction%3Dlightbox%26settings%3DeyJpZCI6IjIyNTg0IiwidXJsIjoiaHR0cHM6XC9cL2Fzd3UuZWR1LmVnXC9mclwvd3AtY29udGVudFwvdXBsb2Fkc1wvNy0xMi5qcGciLCJzbGlkZXNob3ciOiJjMGI2NzQ2In0%3D\" href=\"https:\/\/aswu.edu.eg\/fr\/wp-content\/uploads\/7-12.jpg\"><figure class=\"swiper-slide-inner\"><img decoding=\"async\" class=\"swiper-slide-image\" src=\"https:\/\/aswu.edu.eg\/fr\/wp-content\/uploads\/7-12.jpg\" alt=\"7\" \/><\/figure><\/a><\/div><div class=\"swiper-slide\" role=\"group\" aria-roledescription=\"slide\" aria-label=\"8 of 9\"><a data-elementor-open-lightbox=\"yes\" data-elementor-lightbox-slideshow=\"c0b6746\" data-elementor-lightbox-title=\"8\" data-e-action-hash=\"#elementor-action%3Aaction%3Dlightbox%26settings%3DeyJpZCI6IjIyNTg1IiwidXJsIjoiaHR0cHM6XC9cL2Fzd3UuZWR1LmVnXC9mclwvd3AtY29udGVudFwvdXBsb2Fkc1wvOC05LmpwZyIsInNsaWRlc2hvdyI6ImMwYjY3NDYifQ%3D%3D\" href=\"https:\/\/aswu.edu.eg\/fr\/wp-content\/uploads\/8-9.jpg\"><figure class=\"swiper-slide-inner\"><img decoding=\"async\" class=\"swiper-slide-image\" src=\"https:\/\/aswu.edu.eg\/fr\/wp-content\/uploads\/8-9.jpg\" alt=\"8\" \/><\/figure><\/a><\/div><div class=\"swiper-slide\" role=\"group\" aria-roledescription=\"slide\" aria-label=\"9 of 9\"><a data-elementor-open-lightbox=\"yes\" data-elementor-lightbox-slideshow=\"c0b6746\" data-elementor-lightbox-title=\"9\" data-e-action-hash=\"#elementor-action%3Aaction%3Dlightbox%26settings%3DeyJpZCI6IjIyNTg2IiwidXJsIjoiaHR0cHM6XC9cL2Fzd3UuZWR1LmVnXC9mclwvd3AtY29udGVudFwvdXBsb2Fkc1wvOS05LmpwZyIsInNsaWRlc2hvdyI6ImMwYjY3NDYifQ%3D%3D\" href=\"https:\/\/aswu.edu.eg\/fr\/wp-content\/uploads\/9-9.jpg\"><figure class=\"swiper-slide-inner\"><img decoding=\"async\" class=\"swiper-slide-image\" src=\"https:\/\/aswu.edu.eg\/fr\/wp-content\/uploads\/9-9.jpg\" alt=\"9\" \/><\/figure><\/a><\/div>\t\t\t<\/div>\n\t\t\t\t\t\t\t\t\t\t\t\t<div class=\"elementor-swiper-button elementor-swiper-button-prev\" role=\"button\" tabindex=\"0\">\n\t\t\t\t\t\t<i aria-hidden=\"true\" class=\"eicon-chevron-left\"><\/i>\t\t\t\t\t<\/div>\n\t\t\t\t\t<div class=\"elementor-swiper-button elementor-swiper-button-next\" role=\"button\" tabindex=\"0\">\n\t\t\t\t\t\t<i aria-hidden=\"true\" class=\"eicon-chevron-right\"><\/i>\t\t\t\t\t<\/div>\n\t\t\t\t\n\t\t\t\t\t\t\t\t\t<div class=\"swiper-pagination\"><\/div>\n\t\t\t\t\t\t\t\t\t<\/div>\n\t\t\t\t<\/div>\n\t\t\t\t<\/div>\n\t\t\t\t\t<\/div>\n\t\t<\/div>\n\t\t\t\t\t<\/div>\n\t\t<\/section>\n\t\t\t\t<\/div>\n\t\t","protected":false},"excerpt":{"rendered":"<p>La qualification des laboratoires \u00e0 l\u2019universit\u00e9 d\u2019Assouan pour l\u2019accr\u00e9ditation internationale est une partie de d\u00e9veloppement l\u2019enseignement sup\u00e9rieur pour les laboratoires des universit\u00e9s \u00e9gyptiennes afin de diffuser la culture de qualit\u00e9 des laboratoires aux domaines appliqu\u00e9s et \u00e9levant le classement des <a href=\"https:\/\/aswu.edu.eg\/fr\/about\/key-facts\/campus\/lab-building-aswu\/\" class=\"read-more\">Read More &#8230;<\/a><\/p>\n<div class=\"pvc_clear\"><\/div>\n<p id=\"pvc_stats_16632\" class=\"pvc_stats all  \" data-element-id=\"16632\" style=\"\"><i class=\"pvc-stats-icon medium\" aria-hidden=\"true\"><svg aria-hidden=\"true\" focusable=\"false\" data-prefix=\"far\" data-icon=\"chart-bar\" role=\"img\" xmlns=\"http:\/\/www.w3.org\/2000\/svg\" viewBox=\"0 0 512 512\" class=\"svg-inline--fa fa-chart-bar fa-w-16 fa-2x\"><path fill=\"currentColor\" d=\"M396.8 352h22.4c6.4 0 12.8-6.4 12.8-12.8V108.8c0-6.4-6.4-12.8-12.8-12.8h-22.4c-6.4 0-12.8 6.4-12.8 12.8v230.4c0 6.4 6.4 12.8 12.8 12.8zm-192 0h22.4c6.4 0 12.8-6.4 12.8-12.8V140.8c0-6.4-6.4-12.8-12.8-12.8h-22.4c-6.4 0-12.8 6.4-12.8 12.8v198.4c0 6.4 6.4 12.8 12.8 12.8zm96 0h22.4c6.4 0 12.8-6.4 12.8-12.8V204.8c0-6.4-6.4-12.8-12.8-12.8h-22.4c-6.4 0-12.8 6.4-12.8 12.8v134.4c0 6.4 6.4 12.8 12.8 12.8zM496 400H48V80c0-8.84-7.16-16-16-16H16C7.16 64 0 71.16 0 80v336c0 17.67 14.33 32 32 32h464c8.84 0 16-7.16 16-16v-16c0-8.84-7.16-16-16-16zm-387.2-48h22.4c6.4 0 12.8-6.4 12.8-12.8v-70.4c0-6.4-6.4-12.8-12.8-12.8h-22.4c-6.4 0-12.8 6.4-12.8 12.8v70.4c0 6.4 6.4 12.8 12.8 12.8z\" class=\"\"><\/path><\/svg><\/i> <img decoding=\"async\" width=\"16\" height=\"16\" alt=\"Loading\" src=\"https:\/\/aswu.edu.eg\/fr\/wp-content\/plugins\/page-views-count\/ajax-loader-2x.gif\" border=0 \/><\/p>\n<div class=\"pvc_clear\"><\/div>\n","protected":false},"author":10,"featured_media":0,"parent":13639,"menu_order":0,"comment_status":"closed","ping_status":"closed","template":"","meta":{"footnotes":""},"rttpg_featured_image_url":null,"rttpg_author":{"display_name":"baivy anton","author_link":"https:\/\/aswu.edu.eg\/fr\/author\/asenweb\/"},"rttpg_comment":0,"rttpg_category":null,"rttpg_excerpt":"La qualification des laboratoires \u00e0 l\u2019universit\u00e9 d\u2019Assouan pour l\u2019accr\u00e9ditation internationale est une partie de d\u00e9veloppement l\u2019enseignement sup\u00e9rieur pour les laboratoires des universit\u00e9s \u00e9gyptiennes afin de diffuser la culture de qualit\u00e9 des laboratoires aux domaines appliqu\u00e9s et \u00e9levant le classement des Read More ...","_links":{"self":[{"href":"https:\/\/aswu.edu.eg\/fr\/wp-json\/wp\/v2\/pages\/16632"}],"collection":[{"href":"https:\/\/aswu.edu.eg\/fr\/wp-json\/wp\/v2\/pages"}],"about":[{"href":"https:\/\/aswu.edu.eg\/fr\/wp-json\/wp\/v2\/types\/page"}],"author":[{"embeddable":true,"href":"https:\/\/aswu.edu.eg\/fr\/wp-json\/wp\/v2\/users\/10"}],"replies":[{"embeddable":true,"href":"https:\/\/aswu.edu.eg\/fr\/wp-json\/wp\/v2\/comments?post=16632"}],"version-history":[{"count":11,"href":"https:\/\/aswu.edu.eg\/fr\/wp-json\/wp\/v2\/pages\/16632\/revisions"}],"predecessor-version":[{"id":30286,"href":"https:\/\/aswu.edu.eg\/fr\/wp-json\/wp\/v2\/pages\/16632\/revisions\/30286"}],"up":[{"embeddable":true,"href":"https:\/\/aswu.edu.eg\/fr\/wp-json\/wp\/v2\/pages\/13639"}],"wp:attachment":[{"href":"https:\/\/aswu.edu.eg\/fr\/wp-json\/wp\/v2\/media?parent=16632"}],"curies":[{"name":"wp","href":"https:\/\/api.w.org\/{rel}","templated":true}]}}