{"id":16778,"date":"2022-11-06T07:41:32","date_gmt":"2022-11-06T07:41:32","guid":{"rendered":"http:\/\/193.227.33.90\/aswu\/en\/?page_id=16778"},"modified":"2023-06-01T07:06:58","modified_gmt":"2023-06-01T07:06:58","slug":"undergraduates-regulations-scientific-colleages","status":"publish","type":"page","link":"https:\/\/aswu.edu.eg\/fr\/join-the-university\/undergraduate-admissions\/undergraduates-regulations-scientific-colleages\/","title":{"rendered":"Admission aux facult\u00e9s scientifiques"},"content":{"rendered":"\t\t<div data-elementor-type=\"wp-page\" data-elementor-id=\"16778\" class=\"elementor elementor-16778\">\n\t\t\t\t\t\t<section class=\"elementor-section elementor-top-section elementor-element elementor-element-4e58233 elementor-section-boxed elementor-section-height-default elementor-section-height-default\" data-id=\"4e58233\" data-element_type=\"section\">\n\t\t\t\t\t\t<div class=\"elementor-container elementor-column-gap-default\">\n\t\t\t\t\t<div class=\"elementor-column elementor-col-33 elementor-top-column elementor-element elementor-element-c50afd6\" data-id=\"c50afd6\" data-element_type=\"column\">\n\t\t\t<div class=\"elementor-widget-wrap elementor-element-populated\">\n\t\t\t\t\t\t<div class=\"elementor-element elementor-element-8ee9220 elementor-widget elementor-widget-wp-widget-iksm-widget\" data-id=\"8ee9220\" data-element_type=\"widget\" data-widget_type=\"wp-widget-iksm-widget.default\">\n\t\t\t\t<div class=\"elementor-widget-container\">\n\t\t\t<script id=\"styles-copier-69e241c01d2c4\">\n\t\t\t\/\/ Finding styles element\n\t        var element = document.getElementById(\"iksm-dynamic-style\");\n\t        if (!element) { \/\/ If no element (Cache plugins can remove tag), then creating a new one\n                element = document.createElement('style');\n                var head = document.getElementsByTagName(\"head\")\n                if (head && head[0]) {\n                \thead[0].appendChild(element);\n                } else {\n                  \tconsole.warn(\"Iks Menu | Error while printing styles. Please contact technical support.\");\n                }\n\t        }\n\t\t\t\/\/ Copying styles to <styles> tag\n\t        element.innerHTML += \".iksm-16787 .iksm-terms{background-color:rgba(243,243,243,1);width:220px;transition:all 400ms;animation:iks-fade-in 1000ms;}.iksm-16787 .iksm-term__inner{background-color:rgba(231,231,231,1);margin-top:3px;min-height:44px;transition:all 400ms;}.iksm-16787 .iksm-term__inner:hover{background-color:rgba(220,220,220,1);}.iksm-16787 .iksm-term--current > .iksm-term__inner{background-color:rgba(202,229,239,1);}.iksm-16787 .iksm-term__link{color:rgba(0,0,0,1);font-size:15px;line-height:15px;font-weight:400;text-align:left;text-decoration:none;padding-top:5px;padding-right:10px;padding-bottom:5px;padding-left:15px;transition:all 400ms;}.iksm-16787 .iksm-term__inner:hover .iksm-term__link{color:rgba(50,50,50,1);}.iksm-16787 .iksm-term__toggle__inner{transition:transform 400ms}.iksm-16787 .iksm-term--expanded > .iksm-term__inner > .iksm-term__toggle > .iksm-term__toggle__inner{transform:rotate(180deg);}.iksm-16787 .iksm-term__toggle{color:rgba(133,133,133,1);font-size:16px;align-self:unset;;height:25px;width:25px;margin-right:7px;transition:all 400ms;}.iksm-16787 .iksm-term__toggle:hover{color:rgba(0,0,0,1);}.iksm-16787 .iksm-term__image-container{width:30px;min-width:30px;height:30px;min-height:30px;margin-right:15px;transition:all 400ms;}.iksm-16787 .iksm-term__image{background-size:contain;background-position:center;background-repeat:no-repeat;}.iksm-16787 .iksm-term__image-container:hover{background-size:contain;background-position:center;background-repeat:no-repeat;}.iksm-16787 .iksm-term__inner:hover .iksm-term__image-container{background-size:contain;background-position:center;background-repeat:no-repeat;}.iksm-16787 .iksm-term__inner:focus .iksm-term__image-container{background-size:contain;background-position:center;background-repeat:no-repeat;}.iksm-16787 .iksm-term--current > .iksm-term__inner .iksm-term__image-container{background-size:contain;background-position:center;background-repeat:no-repeat;}.iksm-16787 .iksm-term--child .iksm-term__inner .iksm-term__image-container{background-size:contain;background-position:center;background-repeat:no-repeat;}.iksm-16787 .iksm-term--child .iksm-term__inner .iksm-term__image-container:hover{background-size:contain;background-position:center;background-repeat:no-repeat;}.iksm-16787 .iksm-term--child .iksm-term__inner .iksm-term__image-container:focus{background-size:contain;background-position:center;background-repeat:no-repeat;}.iksm-16787 .iksm-term--child.iksm-term--current > .iksm-term__inner .iksm-term__image-container{background-size:contain;background-position:center;background-repeat:no-repeat;}.iksm-16787  .iksm-term__text{flex: unset}.iksm-16787 .iksm-term__posts-count{color:rgba(133,133,133,1);font-size:16px;margin-left:12px;font-weight:400;transition:all 400ms;}\";\n\t        \/\/ Removing this script\n            var this_script = document.getElementById(\"styles-copier-69e241c01d2c4\");\n            if (this_script) { \/\/ Cache plugins can remove tag\n\t            this_script.outerHTML = \"\";\n\t            if (this_script.parentNode) {\n\t                this_script.parentNode.removeChild(this_script);\n\t            }\n            }\n        <\/script><div id='iksm-16787' class='iksm iksm-16787 iksm-container '  data-id='16787' data-is-pro='0' data-source='menu'><div class='iksm-terms'><div class='iksm-terms-tree iksm-terms-tree--level-1 iksm-terms-tree--parents' style=''><div class=\"iksm-terms-tree__inner\">\n        <div class=\"iksm-term iksm-term--id-16786 iksm-term--parent\" data-id=\"16786\">\n            <div class=\"iksm-term__inner\" tabindex='0'>\n                <a class=\"iksm-term__link\" href='https:\/\/aswu.edu.eg\/fr\/join-the-university\/undergraduate-admissions\/undergraduates-regulations-scientific-colleages\/' target='_self' tabindex='-1'>\n\t\t\t\t        <span class=\"iksm-term__text\">Admission aux facult\u00e9s scientifiques<\/span>\n\t\t            <\/a>\n\t\t\t        <\/div>\n\t\t        <\/div>\n\n\t\t\n        <div class=\"iksm-term iksm-term--id-16785 iksm-term--parent\" data-id=\"16785\">\n            <div class=\"iksm-term__inner\" tabindex='0'>\n                <a class=\"iksm-term__link\" href='https:\/\/aswu.edu.eg\/fr\/join-the-university\/undergraduate-admissions\/undergraduates-regulations-literary-colleages\/' target='_self' tabindex='-1'>\n\t\t\t\t        <span class=\"iksm-term__text\">Admission aux facult\u00e9s litt\u00e9raire<\/span>\n\t\t            <\/a>\n\t\t\t        <\/div>\n\t\t        <\/div>\n\n\t\t\n        <div class=\"iksm-term iksm-term--id-16784 iksm-term--parent\" data-id=\"16784\">\n            <div class=\"iksm-term__inner\" tabindex='0'>\n                <a class=\"iksm-term__link\" href='https:\/\/aswu.edu.eg\/fr\/join-the-university\/undergraduate-admissions\/geographical-distribution-and-distribution\/' target='_self' tabindex='-1'>\n\t\t\t\t        <span class=\"iksm-term__text\">Distribution g\u00e9ographique et r\u00e9gionale<\/span>\n\t\t            <\/a>\n\t\t\t        <\/div>\n\t\t        <\/div>\n\n\t\t<\/div><\/div><\/div><div id=\"iksm_data_args\" class=\"data-args\"  data-collapse_children_terms='1' data-collapse_other_terms='1' data-collapse_animation_duration='400' data-expand_animation_duration='400'><\/div><\/div>\t\t<\/div>\n\t\t\t\t<\/div>\n\t\t\t\t\t<\/div>\n\t\t<\/div>\n\t\t\t\t<div class=\"elementor-column elementor-col-66 elementor-top-column elementor-element elementor-element-a4bf93d\" data-id=\"a4bf93d\" data-element_type=\"column\">\n\t\t\t<div class=\"elementor-widget-wrap elementor-element-populated\">\n\t\t\t\t\t\t<div class=\"elementor-element elementor-element-d96733e elementor-widget elementor-widget-text-editor\" data-id=\"d96733e\" data-element_type=\"widget\" data-widget_type=\"text-editor.default\">\n\t\t\t\t<div class=\"elementor-widget-container\">\n\t\t\t\t\t\t\t<p style=\"text-align: justify\"><span style=\"color: #003366;font-size: 14pt\">Premier\u00a0: les facult\u00e9s et les instituts qui acceptent les \u00e9tudiants la section scientifique\u00a0:<\/span><\/p><ol><li style=\"text-align: justify\"><span style=\"color: #333333\">Facult\u00e9 de m\u00e9decine v\u00e9t\u00e9rinaire.<\/span><\/li><li style=\"text-align: justify\"><span style=\"color: #333333\">Facult\u00e9 de m\u00e9decine.<\/span><\/li><li style=\"text-align: justify\"><span style=\"color: #333333\">Facult\u00e9 des sciences infirmi\u00e8re (\u00e9tudiant(e)s.<\/span><\/li><li style=\"text-align: justify\"><span style=\"color: #333333\">L\u2019institut technicien des sciences infirmi\u00e8re (\u00e9tudiant(e)s.<\/span><\/li><li style=\"text-align: justify\"><span style=\"color: #333333\">Facult\u00e9 de technologie des p\u00eaches et poissons. \u00a0<\/span><\/li><\/ol><p style=\"text-align: justify\"><span style=\"font-size: 14pt;color: #003366\">Deuxi\u00e8me\u00a0: les facult\u00e9s et les instituts qui acceptent les \u00e9tudiants de section de l\u2019ing\u00e9nierie\u00a0:<\/span><\/p><p style=\"text-align: justify\"><span style=\"color: #333333\">Les facult\u00e9s et les instituts qui acceptent les \u00e9tudiants de section de l\u2019ing\u00e9nierie (les r\u00e9ussis dans mat\u00e9riaux \u00a0\u00a0physiques, chimie, et math\u00e9matique pure, et math\u00e9matique appliqu\u00e9s)<\/span><\/p><ol style=\"text-align: justify\"><li><span style=\"color: #333333;font-size: 12pt\">Facult\u00e9 d\u2019ing\u00e9nierie<\/span><\/li><li><span style=\"color: #333333;font-size: 12pt\">Facult\u00e9 d\u2019ing\u00e9nierie \u00e9nerg\u00e9tique<\/span><\/li><\/ol><p style=\"text-align: justify\"><span style=\"color: #003366;font-size: 14pt\">Les facult\u00e9s qui acceptent les deux sections scientifiques et ing\u00e9nierie\u00a0:<\/span><\/p><ol><li style=\"text-align: justify\"><span style=\"color: #333333\">Facult\u00e9 de science<\/span><\/li><li style=\"text-align: justify\"><span style=\"color: #333333\">Facult\u00e9 d\u2019agriculture et les ressources naturelles.<\/span><\/li><\/ol>\t\t\t\t\t\t<\/div>\n\t\t\t\t<\/div>\n\t\t\t\t\t<\/div>\n\t\t<\/div>\n\t\t\t\t\t<\/div>\n\t\t<\/section>\n\t\t\t\t<\/div>\n\t\t","protected":false},"excerpt":{"rendered":"<p>Premier\u00a0: les facult\u00e9s et les instituts qui acceptent les \u00e9tudiants la section scientifique\u00a0: Facult\u00e9 de m\u00e9decine v\u00e9t\u00e9rinaire. Facult\u00e9 de m\u00e9decine. Facult\u00e9 des sciences infirmi\u00e8re (\u00e9tudiant(e)s. L\u2019institut technicien des sciences infirmi\u00e8re (\u00e9tudiant(e)s. Facult\u00e9 de technologie des p\u00eaches et poissons. \u00a0 Deuxi\u00e8me\u00a0: <a href=\"https:\/\/aswu.edu.eg\/fr\/join-the-university\/undergraduate-admissions\/undergraduates-regulations-scientific-colleages\/\" class=\"read-more\">Read More &#8230;<\/a><\/p>\n<div class=\"pvc_clear\"><\/div>\n<p id=\"pvc_stats_16778\" class=\"pvc_stats all  \" data-element-id=\"16778\" style=\"\"><i class=\"pvc-stats-icon medium\" aria-hidden=\"true\"><svg aria-hidden=\"true\" focusable=\"false\" data-prefix=\"far\" data-icon=\"chart-bar\" role=\"img\" xmlns=\"http:\/\/www.w3.org\/2000\/svg\" viewBox=\"0 0 512 512\" class=\"svg-inline--fa fa-chart-bar fa-w-16 fa-2x\"><path fill=\"currentColor\" d=\"M396.8 352h22.4c6.4 0 12.8-6.4 12.8-12.8V108.8c0-6.4-6.4-12.8-12.8-12.8h-22.4c-6.4 0-12.8 6.4-12.8 12.8v230.4c0 6.4 6.4 12.8 12.8 12.8zm-192 0h22.4c6.4 0 12.8-6.4 12.8-12.8V140.8c0-6.4-6.4-12.8-12.8-12.8h-22.4c-6.4 0-12.8 6.4-12.8 12.8v198.4c0 6.4 6.4 12.8 12.8 12.8zm96 0h22.4c6.4 0 12.8-6.4 12.8-12.8V204.8c0-6.4-6.4-12.8-12.8-12.8h-22.4c-6.4 0-12.8 6.4-12.8 12.8v134.4c0 6.4 6.4 12.8 12.8 12.8zM496 400H48V80c0-8.84-7.16-16-16-16H16C7.16 64 0 71.16 0 80v336c0 17.67 14.33 32 32 32h464c8.84 0 16-7.16 16-16v-16c0-8.84-7.16-16-16-16zm-387.2-48h22.4c6.4 0 12.8-6.4 12.8-12.8v-70.4c0-6.4-6.4-12.8-12.8-12.8h-22.4c-6.4 0-12.8 6.4-12.8 12.8v70.4c0 6.4 6.4 12.8 12.8 12.8z\" class=\"\"><\/path><\/svg><\/i> <img decoding=\"async\" width=\"16\" height=\"16\" alt=\"Loading\" src=\"https:\/\/aswu.edu.eg\/fr\/wp-content\/plugins\/page-views-count\/ajax-loader-2x.gif\" border=0 \/><\/p>\n<div class=\"pvc_clear\"><\/div>\n","protected":false},"author":10,"featured_media":0,"parent":13537,"menu_order":0,"comment_status":"closed","ping_status":"closed","template":"","meta":{"footnotes":""},"rttpg_featured_image_url":null,"rttpg_author":{"display_name":"baivy anton","author_link":"https:\/\/aswu.edu.eg\/fr\/author\/asenweb\/"},"rttpg_comment":0,"rttpg_category":null,"rttpg_excerpt":"Premier\u00a0: les facult\u00e9s et les instituts qui acceptent les \u00e9tudiants la section scientifique\u00a0: Facult\u00e9 de m\u00e9decine v\u00e9t\u00e9rinaire. Facult\u00e9 de m\u00e9decine. Facult\u00e9 des sciences infirmi\u00e8re (\u00e9tudiant(e)s. L\u2019institut technicien des sciences infirmi\u00e8re (\u00e9tudiant(e)s. Facult\u00e9 de technologie des p\u00eaches et poissons. \u00a0 Deuxi\u00e8me\u00a0: Read More ...","_links":{"self":[{"href":"https:\/\/aswu.edu.eg\/fr\/wp-json\/wp\/v2\/pages\/16778"}],"collection":[{"href":"https:\/\/aswu.edu.eg\/fr\/wp-json\/wp\/v2\/pages"}],"about":[{"href":"https:\/\/aswu.edu.eg\/fr\/wp-json\/wp\/v2\/types\/page"}],"author":[{"embeddable":true,"href":"https:\/\/aswu.edu.eg\/fr\/wp-json\/wp\/v2\/users\/10"}],"replies":[{"embeddable":true,"href":"https:\/\/aswu.edu.eg\/fr\/wp-json\/wp\/v2\/comments?post=16778"}],"version-history":[{"count":17,"href":"https:\/\/aswu.edu.eg\/fr\/wp-json\/wp\/v2\/pages\/16778\/revisions"}],"predecessor-version":[{"id":29752,"href":"https:\/\/aswu.edu.eg\/fr\/wp-json\/wp\/v2\/pages\/16778\/revisions\/29752"}],"up":[{"embeddable":true,"href":"https:\/\/aswu.edu.eg\/fr\/wp-json\/wp\/v2\/pages\/13537"}],"wp:attachment":[{"href":"https:\/\/aswu.edu.eg\/fr\/wp-json\/wp\/v2\/media?parent=16778"}],"curies":[{"name":"wp","href":"https:\/\/api.w.org\/{rel}","templated":true}]}}