{"id":16993,"date":"2022-11-06T10:04:40","date_gmt":"2022-11-06T10:04:40","guid":{"rendered":"http:\/\/193.227.33.90\/aswu\/en\/?page_id=16993"},"modified":"2023-05-11T07:28:41","modified_gmt":"2023-05-11T07:28:41","slug":"memorandum-of-understanding-between-aswan-university-azragoza-university-spain","status":"publish","type":"page","link":"https:\/\/aswu.edu.eg\/fr\/memorandum-of-understanding-between-aswan-university-azragoza-university-spain\/","title":{"rendered":"M\u00e9morandum d\u2019entente entre l\u2019universit\u00e9 d\u2019Assouan et l\u2019universit\u00e9 de Zaragoza (Espagne) \u00a0"},"content":{"rendered":"<p style=\"text-align: justify\"><span style=\"color: #003366;font-size: 14pt\">L\u2019objectif de l\u2019accord :<\/span><\/p>\n<p style=\"text-align: justify\"><span style=\"color: #333333;font-size: 12pt\">Cet accord vise \u00e0 faciliter la coop\u00e9ration entre les universit\u00e9s de coop\u00e9ration entre les universit\u00e9s au domaine l\u2019enseignement sup\u00e9rieure et la recherche.<\/span><\/p>\n<p style=\"text-align: justify\"><span style=\"color: #333333;font-size: 12pt\">De r\u00e9aliser cette coop\u00e9ration les signataires ont fix\u00e9 cet accord les objectifs suivants\u00a0:<\/span><\/p>\n<ol style=\"text-align: justify\">\n<li><span style=\"color: #333333;font-size: 12pt\">Rapport des r\u00e9sultats des exp\u00e9riences \u00e9ducationnel (cours, s\u00e9minaires, etc.) \u00a0<\/span><\/li>\n<li><span style=\"color: #333333;font-size: 12pt\">Informe l\u2019autre partie des conf\u00e9rences, discussion, conf\u00e9rences scientifique et s\u00e9minaires, que peut-\u00eatre organise par aucun des parties et \u00e9changent les publications et documentaires produits comme un r\u00e9sultat de ces activit\u00e9s.<\/span><\/li>\n<li><span style=\"color: #333333;font-size: 12pt\">Faciliter les r\u00e8glements mentionnes \u00e0 chaque pays, a fortifi\u00e9 la participation entre les profs de l\u2019autre institution dans les cours courts, discutions, les symposiums, ou conf\u00e9rences qui organisent par selon les jugements que les programmes \u00e9ducationnel annuel mentionne.<\/span><\/li>\n<li><span style=\"color: #333333;font-size: 12pt\">Support \u00e9changer les professeures dans les limites probables, pour une p\u00e9riode pr\u00e9cise cela pour la fin d\u2019\u00e9ducation et la recherche scientifique.<\/span><\/li>\n<li><span style=\"color: #333333;font-size: 12pt\">Echanger les \u00e9tudiants avec l\u2019autre institution, selon les programmes annuels mentionnes au troisi\u00e8me article, \u00e0 condition ces programmes des demandes pr\u00e9valoir dans l\u2019institution d\u2019avenir, concernant la solidarit\u00e9 sociale ces \u00e9tudiants soumissent pour les syst\u00e8mes utilisent aux orientations d\u2019avenir.<\/span><\/li>\n<li><span style=\"color: #333333;font-size: 12pt\">G\u00e9n\u00e9raliser cet accord autant que possible entre les deux institutions afin de disponible et \u00e9largissement la coop\u00e9ration vers les nouveaux domaines.<\/span><\/li>\n<\/ol>\n<p style=\"text-align: justify\"><span style=\"color: #003366;font-size: 14pt\">La p\u00e9riode de l\u2019accord\u00a0:<\/span><\/p>\n<p style=\"text-align: justify\"><span style=\"color: #333333;font-size: 12pt\">Cet accord valide pour quatre ans une maxime de date de signature (16 Muharram 1440 AH 26\u00a0septembre\u00a02018)<\/span><\/p>\n<p style=\"text-align: justify\"><span style=\"color: #333333;font-size: 12pt\">\u00a0\u00a0\u00a0\u00a0\u00a0\u00a0\u00a0\u00a0\u00a0\u00a0\u00a0<\/span><\/p>\n<div class=\"pvc_clear\"><\/div>\n<p id=\"pvc_stats_16993\" class=\"pvc_stats all  \" data-element-id=\"16993\" style=\"\"><i class=\"pvc-stats-icon medium\" aria-hidden=\"true\"><svg aria-hidden=\"true\" focusable=\"false\" data-prefix=\"far\" data-icon=\"chart-bar\" role=\"img\" xmlns=\"http:\/\/www.w3.org\/2000\/svg\" viewBox=\"0 0 512 512\" class=\"svg-inline--fa fa-chart-bar fa-w-16 fa-2x\"><path fill=\"currentColor\" d=\"M396.8 352h22.4c6.4 0 12.8-6.4 12.8-12.8V108.8c0-6.4-6.4-12.8-12.8-12.8h-22.4c-6.4 0-12.8 6.4-12.8 12.8v230.4c0 6.4 6.4 12.8 12.8 12.8zm-192 0h22.4c6.4 0 12.8-6.4 12.8-12.8V140.8c0-6.4-6.4-12.8-12.8-12.8h-22.4c-6.4 0-12.8 6.4-12.8 12.8v198.4c0 6.4 6.4 12.8 12.8 12.8zm96 0h22.4c6.4 0 12.8-6.4 12.8-12.8V204.8c0-6.4-6.4-12.8-12.8-12.8h-22.4c-6.4 0-12.8 6.4-12.8 12.8v134.4c0 6.4 6.4 12.8 12.8 12.8zM496 400H48V80c0-8.84-7.16-16-16-16H16C7.16 64 0 71.16 0 80v336c0 17.67 14.33 32 32 32h464c8.84 0 16-7.16 16-16v-16c0-8.84-7.16-16-16-16zm-387.2-48h22.4c6.4 0 12.8-6.4 12.8-12.8v-70.4c0-6.4-6.4-12.8-12.8-12.8h-22.4c-6.4 0-12.8 6.4-12.8 12.8v70.4c0 6.4 6.4 12.8 12.8 12.8z\" class=\"\"><\/path><\/svg><\/i> <img decoding=\"async\" width=\"16\" height=\"16\" alt=\"Loading\" src=\"https:\/\/aswu.edu.eg\/fr\/wp-content\/plugins\/page-views-count\/ajax-loader-2x.gif\" border=0 \/><\/p>\n<div class=\"pvc_clear\"><\/div>\n","protected":false},"excerpt":{"rendered":"<p>L\u2019objectif de l\u2019accord : Cet accord vise \u00e0 faciliter la coop\u00e9ration entre les universit\u00e9s de coop\u00e9ration entre les universit\u00e9s au domaine l\u2019enseignement sup\u00e9rieure et la recherche. De r\u00e9aliser cette coop\u00e9ration les signataires ont fix\u00e9 cet accord les objectifs suivants\u00a0: Rapport <a href=\"https:\/\/aswu.edu.eg\/fr\/memorandum-of-understanding-between-aswan-university-azragoza-university-spain\/\" class=\"read-more\">Read More &#8230;<\/a><\/p>\n<div class=\"pvc_clear\"><\/div>\n<p id=\"pvc_stats_16993\" class=\"pvc_stats all  \" data-element-id=\"16993\" style=\"\"><i class=\"pvc-stats-icon medium\" aria-hidden=\"true\"><svg aria-hidden=\"true\" focusable=\"false\" data-prefix=\"far\" data-icon=\"chart-bar\" role=\"img\" xmlns=\"http:\/\/www.w3.org\/2000\/svg\" viewBox=\"0 0 512 512\" class=\"svg-inline--fa fa-chart-bar fa-w-16 fa-2x\"><path fill=\"currentColor\" d=\"M396.8 352h22.4c6.4 0 12.8-6.4 12.8-12.8V108.8c0-6.4-6.4-12.8-12.8-12.8h-22.4c-6.4 0-12.8 6.4-12.8 12.8v230.4c0 6.4 6.4 12.8 12.8 12.8zm-192 0h22.4c6.4 0 12.8-6.4 12.8-12.8V140.8c0-6.4-6.4-12.8-12.8-12.8h-22.4c-6.4 0-12.8 6.4-12.8 12.8v198.4c0 6.4 6.4 12.8 12.8 12.8zm96 0h22.4c6.4 0 12.8-6.4 12.8-12.8V204.8c0-6.4-6.4-12.8-12.8-12.8h-22.4c-6.4 0-12.8 6.4-12.8 12.8v134.4c0 6.4 6.4 12.8 12.8 12.8zM496 400H48V80c0-8.84-7.16-16-16-16H16C7.16 64 0 71.16 0 80v336c0 17.67 14.33 32 32 32h464c8.84 0 16-7.16 16-16v-16c0-8.84-7.16-16-16-16zm-387.2-48h22.4c6.4 0 12.8-6.4 12.8-12.8v-70.4c0-6.4-6.4-12.8-12.8-12.8h-22.4c-6.4 0-12.8 6.4-12.8 12.8v70.4c0 6.4 6.4 12.8 12.8 12.8z\" class=\"\"><\/path><\/svg><\/i> <img decoding=\"async\" width=\"16\" height=\"16\" alt=\"Loading\" src=\"https:\/\/aswu.edu.eg\/fr\/wp-content\/plugins\/page-views-count\/ajax-loader-2x.gif\" border=0 \/><\/p>\n<div class=\"pvc_clear\"><\/div>\n","protected":false},"author":10,"featured_media":16997,"parent":0,"menu_order":0,"comment_status":"closed","ping_status":"closed","template":"","meta":{"footnotes":""},"rttpg_featured_image_url":{"full":["https:\/\/aswu.edu.eg\/fr\/wp-content\/uploads\/zaragoza.jpg",400,260,false],"landscape":["https:\/\/aswu.edu.eg\/fr\/wp-content\/uploads\/zaragoza.jpg",400,260,false],"portraits":["https:\/\/aswu.edu.eg\/fr\/wp-content\/uploads\/zaragoza.jpg",400,260,false],"thumbnail":["https:\/\/aswu.edu.eg\/fr\/wp-content\/uploads\/zaragoza-150x150.jpg",150,150,true],"medium":["https:\/\/aswu.edu.eg\/fr\/wp-content\/uploads\/zaragoza-300x195.jpg",300,195,true],"large":["https:\/\/aswu.edu.eg\/fr\/wp-content\/uploads\/zaragoza.jpg",400,260,false],"1536x1536":["https:\/\/aswu.edu.eg\/fr\/wp-content\/uploads\/zaragoza.jpg",400,260,false],"2048x2048":["https:\/\/aswu.edu.eg\/fr\/wp-content\/uploads\/zaragoza.jpg",400,260,false],"education-hub-thumb":["https:\/\/aswu.edu.eg\/fr\/wp-content\/uploads\/zaragoza-360x234.jpg",360,234,true]},"rttpg_author":{"display_name":"baivy anton","author_link":"https:\/\/aswu.edu.eg\/fr\/author\/asenweb\/"},"rttpg_comment":0,"rttpg_category":null,"rttpg_excerpt":"L\u2019objectif de l\u2019accord : Cet accord vise \u00e0 faciliter la coop\u00e9ration entre les universit\u00e9s de coop\u00e9ration entre les universit\u00e9s au domaine l\u2019enseignement sup\u00e9rieure et la recherche. De r\u00e9aliser cette coop\u00e9ration les signataires ont fix\u00e9 cet accord les objectifs suivants\u00a0: Rapport Read More ...","_links":{"self":[{"href":"https:\/\/aswu.edu.eg\/fr\/wp-json\/wp\/v2\/pages\/16993"}],"collection":[{"href":"https:\/\/aswu.edu.eg\/fr\/wp-json\/wp\/v2\/pages"}],"about":[{"href":"https:\/\/aswu.edu.eg\/fr\/wp-json\/wp\/v2\/types\/page"}],"author":[{"embeddable":true,"href":"https:\/\/aswu.edu.eg\/fr\/wp-json\/wp\/v2\/users\/10"}],"replies":[{"embeddable":true,"href":"https:\/\/aswu.edu.eg\/fr\/wp-json\/wp\/v2\/comments?post=16993"}],"version-history":[{"count":7,"href":"https:\/\/aswu.edu.eg\/fr\/wp-json\/wp\/v2\/pages\/16993\/revisions"}],"predecessor-version":[{"id":29548,"href":"https:\/\/aswu.edu.eg\/fr\/wp-json\/wp\/v2\/pages\/16993\/revisions\/29548"}],"wp:featuredmedia":[{"embeddable":true,"href":"https:\/\/aswu.edu.eg\/fr\/wp-json\/wp\/v2\/media\/16997"}],"wp:attachment":[{"href":"https:\/\/aswu.edu.eg\/fr\/wp-json\/wp\/v2\/media?parent=16993"}],"curies":[{"name":"wp","href":"https:\/\/api.w.org\/{rel}","templated":true}]}}