{"id":17418,"date":"2022-11-07T07:30:19","date_gmt":"2022-11-07T07:30:19","guid":{"rendered":"http:\/\/193.227.33.90\/aswu\/en\/?page_id=17418"},"modified":"2024-04-21T07:55:45","modified_gmt":"2024-04-21T07:55:45","slug":"students-care","status":"publish","type":"page","link":"https:\/\/aswu.edu.eg\/fr\/services-aswu\/student-services-aswu\/students-care\/","title":{"rendered":"Soins aux \u00e9tudiants"},"content":{"rendered":"\t\t<div data-elementor-type=\"wp-page\" data-elementor-id=\"17418\" class=\"elementor elementor-17418\">\n\t\t\t\t\t\t<section class=\"elementor-section elementor-top-section elementor-element elementor-element-3141268 elementor-section-boxed elementor-section-height-default elementor-section-height-default\" data-id=\"3141268\" data-element_type=\"section\">\n\t\t\t\t\t\t<div class=\"elementor-container elementor-column-gap-default\">\n\t\t\t\t\t<div class=\"elementor-column elementor-col-66 elementor-top-column elementor-element elementor-element-030e703\" data-id=\"030e703\" data-element_type=\"column\">\n\t\t\t<div class=\"elementor-widget-wrap elementor-element-populated\">\n\t\t\t\t\t\t<div class=\"elementor-element elementor-element-282b103 elementor-widget elementor-widget-wp-widget-iksm-widget\" data-id=\"282b103\" data-element_type=\"widget\" data-widget_type=\"wp-widget-iksm-widget.default\">\n\t\t\t\t<div class=\"elementor-widget-container\">\n\t\t\t<script id=\"styles-copier-69e33b3c77acb\">\n\t\t\t\/\/ Finding styles element\n\t        var element = document.getElementById(\"iksm-dynamic-style\");\n\t        if (!element) { \/\/ If no element (Cache plugins can remove tag), then creating a new one\n                element = document.createElement('style');\n                var head = document.getElementsByTagName(\"head\")\n                if (head && head[0]) {\n                \thead[0].appendChild(element);\n                } else {\n                  \tconsole.warn(\"Iks Menu | Error while printing styles. Please contact technical support.\");\n                }\n\t        }\n\t\t\t\/\/ Copying styles to <styles> tag\n\t        element.innerHTML += \".iksm-16914 .iksm-terms{background-color:rgba(243,243,243,1);width:200px;transition:all 400ms;animation:iks-fade-in 1000ms;}.iksm-16914 .iksm-term__inner{background-color:rgba(231,231,231,1);margin-top:3px;min-height:44px;transition:all 400ms;}.iksm-16914 .iksm-term__inner:hover{background-color:rgba(220,220,220,1);}.iksm-16914 .iksm-term--current > .iksm-term__inner{background-color:rgba(202,229,239,1);}.iksm-16914 .iksm-term__link{color:rgba(0,0,0,1);font-size:15px;line-height:15px;font-weight:400;text-align:left;text-decoration:none;padding-top:5px;padding-right:10px;padding-bottom:5px;padding-left:15px;transition:all 400ms;}.iksm-16914 .iksm-term__inner:hover .iksm-term__link{color:rgba(50,50,50,1);}.iksm-16914 .iksm-term__toggle__inner{transition:transform 400ms}.iksm-16914 .iksm-term--expanded > .iksm-term__inner > .iksm-term__toggle > .iksm-term__toggle__inner{transform:rotate(180deg);}.iksm-16914 .iksm-term__toggle{color:rgba(133,133,133,1);font-size:16px;align-self:unset;;height:25px;width:25px;margin-right:7px;transition:all 400ms;}.iksm-16914 .iksm-term__toggle:hover{color:rgba(0,0,0,1);}.iksm-16914 .iksm-term__image-container{width:30px;min-width:30px;height:30px;min-height:30px;margin-right:15px;transition:all 400ms;}.iksm-16914 .iksm-term__image{background-size:contain;background-position:center;background-repeat:no-repeat;}.iksm-16914 .iksm-term__image-container:hover{background-size:contain;background-position:center;background-repeat:no-repeat;}.iksm-16914 .iksm-term__inner:hover .iksm-term__image-container{background-size:contain;background-position:center;background-repeat:no-repeat;}.iksm-16914 .iksm-term__inner:focus .iksm-term__image-container{background-size:contain;background-position:center;background-repeat:no-repeat;}.iksm-16914 .iksm-term--current > .iksm-term__inner .iksm-term__image-container{background-size:contain;background-position:center;background-repeat:no-repeat;}.iksm-16914 .iksm-term--child .iksm-term__inner .iksm-term__image-container{background-size:contain;background-position:center;background-repeat:no-repeat;}.iksm-16914 .iksm-term--child .iksm-term__inner .iksm-term__image-container:hover{background-size:contain;background-position:center;background-repeat:no-repeat;}.iksm-16914 .iksm-term--child .iksm-term__inner .iksm-term__image-container:focus{background-size:contain;background-position:center;background-repeat:no-repeat;}.iksm-16914 .iksm-term--child.iksm-term--current > .iksm-term__inner .iksm-term__image-container{background-size:contain;background-position:center;background-repeat:no-repeat;}.iksm-16914  .iksm-term__text{flex: unset}.iksm-16914 .iksm-term__posts-count{color:rgba(133,133,133,1);font-size:16px;margin-left:12px;font-weight:400;transition:all 400ms;}\";\n\t        \/\/ Removing this script\n            var this_script = document.getElementById(\"styles-copier-69e33b3c77acb\");\n            if (this_script) { \/\/ Cache plugins can remove tag\n\t            this_script.outerHTML = \"\";\n\t            if (this_script.parentNode) {\n\t                this_script.parentNode.removeChild(this_script);\n\t            }\n            }\n        <\/script><div id='iksm-16914' class='iksm iksm-16914 iksm-container '  data-id='16914' data-is-pro='0' data-source='menu'><div class='iksm-terms'><div class='iksm-terms-tree iksm-terms-tree--level-1 iksm-terms-tree--parents' style=''><div class=\"iksm-terms-tree__inner\">\n        <div class=\"iksm-term iksm-term--id-16911 iksm-term--parent\" data-id=\"16911\">\n            <div class=\"iksm-term__inner\" tabindex='0'>\n                <a class=\"iksm-term__link\" href='https:\/\/aswu.edu.eg\/fr\/services-aswu\/student-services-aswu\/student-portal\/' target='_self' tabindex='-1'>\n\t\t\t\t        <span class=\"iksm-term__text\">Portail  \u00c9tudiants<\/span>\n\t\t            <\/a>\n\t\t\t        <\/div>\n\t\t        <\/div>\n\n\t\t\n        <div class=\"iksm-term iksm-term--id-22340 iksm-term--parent\" data-id=\"22340\">\n            <div class=\"iksm-term__inner\" tabindex='0'>\n                <a class=\"iksm-term__link\" href='https:\/\/aswu.edu.eg\/fr\/services-aswu\/student-services-aswu\/the-students-results\/' target='_self' tabindex='-1'>\n\t\t\t\t        <span class=\"iksm-term__text\">R\u00e9sultats des \u00c9tudiants<\/span>\n\t\t            <\/a>\n\t\t\t        <\/div>\n\t\t        <\/div>\n\n\t\t\n        <div class=\"iksm-term iksm-term--id-16945 iksm-term--parent\" data-id=\"16945\">\n            <div class=\"iksm-term__inner\" tabindex='0'>\n                <a class=\"iksm-term__link\" href='https:\/\/aswu.edu.eg\/fr\/services-aswu\/student-services-aswu\/egyptian-knowledge\/' target='_self' tabindex='-1'>\n\t\t\t\t        <span class=\"iksm-term__text\">Banque de Connaissance \u00c9gyptienne<\/span>\n\t\t            <\/a>\n\t\t\t        <\/div>\n\t\t        <\/div>\n\n\t\t\n        <div class=\"iksm-term iksm-term--id-14015 iksm-term--parent\" data-id=\"14015\">\n            <div class=\"iksm-term__inner\" tabindex='0'>\n                <a class=\"iksm-term__link\" href='https:\/\/aswu.edu.eg\/fr\/about\/facilities\/libraries\/' target='_self' tabindex='-1'>\n\t\t\t\t        <span class=\"iksm-term__text\">Biblioth\u00e8ques<\/span>\n\t\t            <\/a>\n\t\t\t        <\/div>\n\t\t        <\/div>\n\n\t\t\n        <div class=\"iksm-term iksm-term--id-17448 iksm-term--parent\" data-id=\"17448\">\n            <div class=\"iksm-term__inner\" tabindex='0'>\n                <a class=\"iksm-term__link\" href='https:\/\/aswu.edu.eg\/fr\/services-aswu\/student-services-aswu\/students-care\/' target='_self' tabindex='-1'>\n\t\t\t\t        <span class=\"iksm-term__text\">Soins aux \u00c9tudiants<\/span>\n\t\t            <\/a>\n\t\t\t        <\/div>\n\t\t        <\/div>\n\n\t\t\n        <div class=\"iksm-term iksm-term--id-18215 iksm-term--parent\" data-id=\"18215\">\n            <div class=\"iksm-term__inner\" tabindex='0'>\n                <a class=\"iksm-term__link\" href='https:\/\/aswu.edu.eg\/fr\/services-aswu\/student-services-aswu\/applying-for-hostel\/' target='_self' tabindex='-1'>\n\t\t\t\t        <span class=\"iksm-term__text\">Inscription aux Cit\u00e9s Universitaire<\/span>\n\t\t            <\/a>\n\t\t\t        <\/div>\n\t\t        <\/div>\n\n\t\t\n        <div class=\"iksm-term iksm-term--id-23112 iksm-term--parent\" data-id=\"23112\">\n            <div class=\"iksm-term__inner\" tabindex='0'>\n                <a class=\"iksm-term__link\" href='https:\/\/aswu.edu.eg\/fr\/services-aswu\/student-services-aswu\/military-education\/' target='_self' tabindex='-1'>\n\t\t\t\t        <span class=\"iksm-term__text\">\u00c9ducation Militaire<\/span>\n\t\t            <\/a>\n\t\t\t        <\/div>\n\t\t        <\/div>\n\n\t\t\n        <div class=\"iksm-term iksm-term--id-18342 iksm-term--parent\" data-id=\"18342\">\n            <div class=\"iksm-term__inner\" tabindex='0'>\n                <a class=\"iksm-term__link\" href='https:\/\/aswu.edu.eg\/fr\/about\/organizational-structure\/education-and-student-affairs-sector\/university-hostel-administration\/nutrition-administration\/nutrition\/food-security\/' target='_self' tabindex='-1'>\n\t\t\t\t        <span class=\"iksm-term__text\">S\u00e9curit\u00e9 alimentaire<\/span>\n\t\t            <\/a>\n\t\t\t        <\/div>\n\t\t        <\/div>\n\n\t\t\n        <div class=\"iksm-term iksm-term--id-18735 iksm-term--parent\" data-id=\"18735\">\n            <div class=\"iksm-term__inner\" tabindex='0'>\n                <a class=\"iksm-term__link\" href='https:\/\/aswu.edu.eg\/fr\/services-aswu\/student-services-aswu\/foreign-students-services\/' target='_self' tabindex='-1'>\n\t\t\t\t        <span class=\"iksm-term__text\">Services aux \u00c9trangers<\/span>\n\t\t            <\/a>\n\t\t\t        <\/div>\n\t\t        <\/div>\n\n\t\t\n        <div class=\"iksm-term iksm-term--id-18747 iksm-term--parent\" data-id=\"18747\">\n            <div class=\"iksm-term__inner\" tabindex='0'>\n                <a class=\"iksm-term__link\" href='https:\/\/aswu.edu.eg\/fr\/services-aswu\/student-services-aswu\/foreign-students-activities\/' target='_self' tabindex='-1'>\n\t\t\t\t        <span class=\"iksm-term__text\">Activit\u00e9s des \u00c9tudiants \u00c9trangers<\/span>\n\t\t            <\/a>\n\t\t\t        <\/div>\n\t\t        <\/div>\n\n\t\t\n        <div class=\"iksm-term iksm-term--id-15493 iksm-term--parent\" data-id=\"15493\">\n            <div class=\"iksm-term__inner\" tabindex='0'>\n                <a class=\"iksm-term__link\" href='https:\/\/aswu.edu.eg\/fr\/services-aswu\/student-services-aswu\/statistics-aswu\/' target='_self' tabindex='-1'>\n\t\t\t\t        <span class=\"iksm-term__text\">Statistiques<\/span>\n\t\t            <\/a>\n\t\t\t        <\/div>\n\t\t        <\/div>\n\n\t\t<\/div><\/div><\/div><div id=\"iksm_data_args\" class=\"data-args\"  data-collapse_children_terms='1' data-collapse_other_terms='1' data-collapse_animation_duration='400' data-expand_animation_duration='400'><\/div><\/div>\t\t<\/div>\n\t\t\t\t<\/div>\n\t\t\t\t\t<\/div>\n\t\t<\/div>\n\t\t\t\t<div class=\"elementor-column elementor-col-33 elementor-top-column elementor-element elementor-element-e5827f9\" data-id=\"e5827f9\" data-element_type=\"column\">\n\t\t\t<div class=\"elementor-widget-wrap elementor-element-populated\">\n\t\t\t\t\t\t<section class=\"elementor-section elementor-inner-section elementor-element elementor-element-cf2e820 elementor-section-boxed elementor-section-height-default elementor-section-height-default\" data-id=\"cf2e820\" data-element_type=\"section\">\n\t\t\t\t\t\t<div class=\"elementor-container elementor-column-gap-default\">\n\t\t\t\t\t<div class=\"elementor-column elementor-col-50 elementor-inner-column elementor-element elementor-element-6cbb468\" data-id=\"6cbb468\" data-element_type=\"column\">\n\t\t\t<div class=\"elementor-widget-wrap elementor-element-populated\">\n\t\t\t\t\t\t<div class=\"elementor-element elementor-element-e7ed8e8 elementor-widget elementor-widget-text-editor\" data-id=\"e7ed8e8\" data-element_type=\"widget\" data-widget_type=\"text-editor.default\">\n\t\t\t\t<div class=\"elementor-widget-container\">\n\t\t\t\t\t\t\t<p><span style=\"color: #333333\">Les soins aux \u00e9tudiants offrent un environnement universitaire attrayant aux \u00e9tudiants gr\u00e2ce \u00e0 l\u2019int\u00e9gration du processus \u00e9ducatif et d\u2019un large \u00e9ventail d\u2019activit\u00e9s parascolaires dans des programmes et des services de haute qualit\u00e9 afin que les \u00e9tudiants et les \u00e9tudiants puissent combler leur vide de fa\u00e7on b\u00e9n\u00e9fique, d\u00e9velopper leurs comp\u00e9tences, affiner leurs talents, et induire la cr\u00e9ativit\u00e9, l\u2019innovation et l\u2019excellence mondiale pour \u00eatre admissible \u00e0 entrer sur le march\u00e9 du travail.. Pour voir plus.<\/span><\/p><p><a href=\"https:\/\/aswu.edu.eg\/en\/about\/organizational-structure\/education-and-student-affairs-sector\/youth-welfare-department\/\"><span style=\"text-decoration: underline\"><span style=\"color: #0000ff;text-decoration: underline\"> Cliquez ici<\/span><\/span><\/a><\/p><p>\u00a0<\/p>\t\t\t\t\t\t<\/div>\n\t\t\t\t<\/div>\n\t\t\t\t\t<\/div>\n\t\t<\/div>\n\t\t\t\t<div class=\"elementor-column elementor-col-50 elementor-inner-column elementor-element elementor-element-b4426c7\" data-id=\"b4426c7\" data-element_type=\"column\">\n\t\t\t<div class=\"elementor-widget-wrap elementor-element-populated\">\n\t\t\t\t\t\t<div class=\"elementor-element elementor-element-8bf9bfb elementor-widget elementor-widget-image\" data-id=\"8bf9bfb\" data-element_type=\"widget\" data-widget_type=\"image.default\">\n\t\t\t\t<div class=\"elementor-widget-container\">\n\t\t\t\t\t\t\t\t\t\t\t\t\t<img fetchpriority=\"high\" decoding=\"async\" width=\"612\" height=\"408\" src=\"https:\/\/aswu.edu.eg\/fr\/wp-content\/uploads\/Student-care.jpg\" class=\"attachment-large size-large wp-image-17423\" alt=\"\" \/>\t\t\t\t\t\t\t\t\t\t\t\t\t<\/div>\n\t\t\t\t<\/div>\n\t\t\t\t\t<\/div>\n\t\t<\/div>\n\t\t\t\t\t<\/div>\n\t\t<\/section>\n\t\t\t\t\t<\/div>\n\t\t<\/div>\n\t\t\t\t\t<\/div>\n\t\t<\/section>\n\t\t\t\t<\/div>\n\t\t","protected":false},"excerpt":{"rendered":"<p>Les soins aux \u00e9tudiants offrent un environnement universitaire attrayant aux \u00e9tudiants gr\u00e2ce \u00e0 l\u2019int\u00e9gration du processus \u00e9ducatif et d\u2019un large \u00e9ventail d\u2019activit\u00e9s parascolaires dans des programmes et des services de haute qualit\u00e9 afin que les \u00e9tudiants et les \u00e9tudiants puissent <a href=\"https:\/\/aswu.edu.eg\/fr\/services-aswu\/student-services-aswu\/students-care\/\" class=\"read-more\">Read More &#8230;<\/a><\/p>\n<div class=\"pvc_clear\"><\/div>\n<p id=\"pvc_stats_17418\" class=\"pvc_stats all  \" data-element-id=\"17418\" style=\"\"><i class=\"pvc-stats-icon medium\" aria-hidden=\"true\"><svg aria-hidden=\"true\" focusable=\"false\" data-prefix=\"far\" data-icon=\"chart-bar\" role=\"img\" xmlns=\"http:\/\/www.w3.org\/2000\/svg\" viewBox=\"0 0 512 512\" class=\"svg-inline--fa fa-chart-bar fa-w-16 fa-2x\"><path fill=\"currentColor\" d=\"M396.8 352h22.4c6.4 0 12.8-6.4 12.8-12.8V108.8c0-6.4-6.4-12.8-12.8-12.8h-22.4c-6.4 0-12.8 6.4-12.8 12.8v230.4c0 6.4 6.4 12.8 12.8 12.8zm-192 0h22.4c6.4 0 12.8-6.4 12.8-12.8V140.8c0-6.4-6.4-12.8-12.8-12.8h-22.4c-6.4 0-12.8 6.4-12.8 12.8v198.4c0 6.4 6.4 12.8 12.8 12.8zm96 0h22.4c6.4 0 12.8-6.4 12.8-12.8V204.8c0-6.4-6.4-12.8-12.8-12.8h-22.4c-6.4 0-12.8 6.4-12.8 12.8v134.4c0 6.4 6.4 12.8 12.8 12.8zM496 400H48V80c0-8.84-7.16-16-16-16H16C7.16 64 0 71.16 0 80v336c0 17.67 14.33 32 32 32h464c8.84 0 16-7.16 16-16v-16c0-8.84-7.16-16-16-16zm-387.2-48h22.4c6.4 0 12.8-6.4 12.8-12.8v-70.4c0-6.4-6.4-12.8-12.8-12.8h-22.4c-6.4 0-12.8 6.4-12.8 12.8v70.4c0 6.4 6.4 12.8 12.8 12.8z\" class=\"\"><\/path><\/svg><\/i> <img decoding=\"async\" width=\"16\" height=\"16\" alt=\"Loading\" src=\"https:\/\/aswu.edu.eg\/fr\/wp-content\/plugins\/page-views-count\/ajax-loader-2x.gif\" border=0 \/><\/p>\n<div class=\"pvc_clear\"><\/div>\n","protected":false},"author":10,"featured_media":0,"parent":13550,"menu_order":0,"comment_status":"closed","ping_status":"closed","template":"","meta":{"footnotes":""},"rttpg_featured_image_url":null,"rttpg_author":{"display_name":"baivy anton","author_link":"https:\/\/aswu.edu.eg\/fr\/author\/asenweb\/"},"rttpg_comment":0,"rttpg_category":null,"rttpg_excerpt":"Les soins aux \u00e9tudiants offrent un environnement universitaire attrayant aux \u00e9tudiants gr\u00e2ce \u00e0 l\u2019int\u00e9gration du processus \u00e9ducatif et d\u2019un large \u00e9ventail d\u2019activit\u00e9s parascolaires dans des programmes et des services de haute qualit\u00e9 afin que les \u00e9tudiants et les \u00e9tudiants puissent Read More ...","_links":{"self":[{"href":"https:\/\/aswu.edu.eg\/fr\/wp-json\/wp\/v2\/pages\/17418"}],"collection":[{"href":"https:\/\/aswu.edu.eg\/fr\/wp-json\/wp\/v2\/pages"}],"about":[{"href":"https:\/\/aswu.edu.eg\/fr\/wp-json\/wp\/v2\/types\/page"}],"author":[{"embeddable":true,"href":"https:\/\/aswu.edu.eg\/fr\/wp-json\/wp\/v2\/users\/10"}],"replies":[{"embeddable":true,"href":"https:\/\/aswu.edu.eg\/fr\/wp-json\/wp\/v2\/comments?post=17418"}],"version-history":[{"count":30,"href":"https:\/\/aswu.edu.eg\/fr\/wp-json\/wp\/v2\/pages\/17418\/revisions"}],"predecessor-version":[{"id":29978,"href":"https:\/\/aswu.edu.eg\/fr\/wp-json\/wp\/v2\/pages\/17418\/revisions\/29978"}],"up":[{"embeddable":true,"href":"https:\/\/aswu.edu.eg\/fr\/wp-json\/wp\/v2\/pages\/13550"}],"wp:attachment":[{"href":"https:\/\/aswu.edu.eg\/fr\/wp-json\/wp\/v2\/media?parent=17418"}],"curies":[{"name":"wp","href":"https:\/\/api.w.org\/{rel}","templated":true}]}}