{"id":18265,"date":"2022-11-08T08:33:05","date_gmt":"2022-11-08T08:33:05","guid":{"rendered":"http:\/\/193.227.33.90\/aswu\/en\/?page_id=18265"},"modified":"2024-06-12T09:55:05","modified_gmt":"2024-06-12T09:55:05","slug":"seminars-aswu","status":"publish","type":"page","link":"https:\/\/aswu.edu.eg\/fr\/services-aswu\/community-services-aswu\/artistic-and-cultural-services\/seminars-aswu\/","title":{"rendered":"S\u00e9minaires"},"content":{"rendered":"\t\t<div data-elementor-type=\"wp-page\" data-elementor-id=\"18265\" class=\"elementor elementor-18265\">\n\t\t\t\t\t\t<section class=\"elementor-section elementor-top-section elementor-element elementor-element-4469e8f elementor-section-boxed elementor-section-height-default elementor-section-height-default\" data-id=\"4469e8f\" data-element_type=\"section\">\n\t\t\t\t\t\t<div class=\"elementor-container elementor-column-gap-default\">\n\t\t\t\t\t<div class=\"elementor-column elementor-col-100 elementor-top-column elementor-element elementor-element-4ce3ac0\" data-id=\"4ce3ac0\" data-element_type=\"column\">\n\t\t\t<div class=\"elementor-widget-wrap elementor-element-populated\">\n\t\t\t\t\t\t<div class=\"elementor-element elementor-element-b5a2937 elementor-widget elementor-widget-text-editor\" data-id=\"b5a2937\" data-element_type=\"widget\" data-widget_type=\"text-editor.default\">\n\t\t\t\t<div class=\"elementor-widget-container\">\n\t\t\t\t\t\t\t<div class=\"w4BZ9\"><div class=\"T31hC GNqVo yxtKT allowTextSelection\" role=\"region\" aria-label=\"Message body\"><div dir=\"ltr\"><div dir=\"ltr\"><div dir=\"ltr\"><div dir=\"rtl\"><img fetchpriority=\"high\" decoding=\"async\" class=\"size-medium wp-image-39900 alignright\" src=\"https:\/\/aswu.edu.eg\/wp-content\/uploads\/WhatsApp-Image-2022-10-25-at-3.34.27-PM-300x200.jpeg\" alt=\"\" width=\"300\" height=\"200\" \/><\/div><div style=\"text-align: justify\"><p>Les s\u00e9minaires universitaires \u00e9largissent les perspectives des \u00e9tudiants sur le monde ext\u00e9rieur, leur donnent une chance de se connecter avec des personnes intelligentes qui peuvent nous aider \u00e0 progresser et \u00e0 am\u00e9liorer leur culture du savoir.<\/p><div class=\"x_elementToProof\"><div>\u00a0<\/div><\/div><\/div><\/div><\/div><\/div><\/div><div class=\"g4Y3U\">\u00a0<\/div><div class=\"DVtfe\">\u00a0<\/div><\/div><div class=\"w4BZ9\"><div class=\"T31hC GNqVo yxtKT allowTextSelection\" role=\"region\" aria-label=\"Message body\"><div><div><div dir=\"ltr\"><div dir=\"ltr\"><div dir=\"ltr\">\u00a0<\/div><\/div><\/div><\/div><\/div><\/div><\/div>\t\t\t\t\t\t<\/div>\n\t\t\t\t<\/div>\n\t\t\t\t\t<\/div>\n\t\t<\/div>\n\t\t\t\t\t<\/div>\n\t\t<\/section>\n\t\t\t\t<\/div>\n\t\t","protected":false},"excerpt":{"rendered":"<p>Les s\u00e9minaires universitaires \u00e9largissent les perspectives des \u00e9tudiants sur le monde ext\u00e9rieur, leur donnent une chance de se connecter avec des personnes intelligentes qui peuvent nous aider \u00e0 progresser et \u00e0 am\u00e9liorer leur culture du savoir.<\/p>\n<div class=\"pvc_clear\"><\/div>\n<p id=\"pvc_stats_18265\" class=\"pvc_stats all  \" data-element-id=\"18265\" style=\"\"><i class=\"pvc-stats-icon medium\" aria-hidden=\"true\"><svg aria-hidden=\"true\" focusable=\"false\" data-prefix=\"far\" data-icon=\"chart-bar\" role=\"img\" xmlns=\"http:\/\/www.w3.org\/2000\/svg\" viewBox=\"0 0 512 512\" class=\"svg-inline--fa fa-chart-bar fa-w-16 fa-2x\"><path fill=\"currentColor\" d=\"M396.8 352h22.4c6.4 0 12.8-6.4 12.8-12.8V108.8c0-6.4-6.4-12.8-12.8-12.8h-22.4c-6.4 0-12.8 6.4-12.8 12.8v230.4c0 6.4 6.4 12.8 12.8 12.8zm-192 0h22.4c6.4 0 12.8-6.4 12.8-12.8V140.8c0-6.4-6.4-12.8-12.8-12.8h-22.4c-6.4 0-12.8 6.4-12.8 12.8v198.4c0 6.4 6.4 12.8 12.8 12.8zm96 0h22.4c6.4 0 12.8-6.4 12.8-12.8V204.8c0-6.4-6.4-12.8-12.8-12.8h-22.4c-6.4 0-12.8 6.4-12.8 12.8v134.4c0 6.4 6.4 12.8 12.8 12.8zM496 400H48V80c0-8.84-7.16-16-16-16H16C7.16 64 0 71.16 0 80v336c0 17.67 14.33 32 32 32h464c8.84 0 16-7.16 16-16v-16c0-8.84-7.16-16-16-16zm-387.2-48h22.4c6.4 0 12.8-6.4 12.8-12.8v-70.4c0-6.4-6.4-12.8-12.8-12.8h-22.4c-6.4 0-12.8 6.4-12.8 12.8v70.4c0 6.4 6.4 12.8 12.8 12.8z\" class=\"\"><\/path><\/svg><\/i> <img decoding=\"async\" width=\"16\" height=\"16\" alt=\"Loading\" src=\"https:\/\/aswu.edu.eg\/fr\/wp-content\/plugins\/page-views-count\/ajax-loader-2x.gif\" border=0 \/><\/p>\n<div class=\"pvc_clear\"><\/div>\n","protected":false},"author":10,"featured_media":0,"parent":16252,"menu_order":0,"comment_status":"closed","ping_status":"closed","template":"","meta":{"footnotes":""},"rttpg_featured_image_url":null,"rttpg_author":{"display_name":"baivy anton","author_link":"https:\/\/aswu.edu.eg\/fr\/author\/asenweb\/"},"rttpg_comment":0,"rttpg_category":null,"rttpg_excerpt":"Les s\u00e9minaires universitaires \u00e9largissent les perspectives des \u00e9tudiants sur le monde ext\u00e9rieur, leur donnent une chance de se connecter avec des personnes intelligentes qui peuvent nous aider \u00e0 progresser et \u00e0 am\u00e9liorer leur culture du savoir.","_links":{"self":[{"href":"https:\/\/aswu.edu.eg\/fr\/wp-json\/wp\/v2\/pages\/18265"}],"collection":[{"href":"https:\/\/aswu.edu.eg\/fr\/wp-json\/wp\/v2\/pages"}],"about":[{"href":"https:\/\/aswu.edu.eg\/fr\/wp-json\/wp\/v2\/types\/page"}],"author":[{"embeddable":true,"href":"https:\/\/aswu.edu.eg\/fr\/wp-json\/wp\/v2\/users\/10"}],"replies":[{"embeddable":true,"href":"https:\/\/aswu.edu.eg\/fr\/wp-json\/wp\/v2\/comments?post=18265"}],"version-history":[{"count":18,"href":"https:\/\/aswu.edu.eg\/fr\/wp-json\/wp\/v2\/pages\/18265\/revisions"}],"predecessor-version":[{"id":30370,"href":"https:\/\/aswu.edu.eg\/fr\/wp-json\/wp\/v2\/pages\/18265\/revisions\/30370"}],"up":[{"embeddable":true,"href":"https:\/\/aswu.edu.eg\/fr\/wp-json\/wp\/v2\/pages\/16252"}],"wp:attachment":[{"href":"https:\/\/aswu.edu.eg\/fr\/wp-json\/wp\/v2\/media?parent=18265"}],"curies":[{"name":"wp","href":"https:\/\/api.w.org\/{rel}","templated":true}]}}