{"id":18335,"date":"2022-11-08T08:55:46","date_gmt":"2022-11-08T08:55:46","guid":{"rendered":"http:\/\/193.227.33.90\/aswu\/en\/?page_id=18335"},"modified":"2026-01-21T09:23:37","modified_gmt":"2026-01-21T09:23:37","slug":"food-security","status":"publish","type":"page","link":"https:\/\/aswu.edu.eg\/fr\/about\/organizational-structure\/education-and-student-affairs-sector\/university-hostel-administration\/nutrition-administration\/nutrition\/food-security\/","title":{"rendered":"S\u00e9curit\u00e9 alimentaire"},"content":{"rendered":"\t\t<div data-elementor-type=\"wp-page\" data-elementor-id=\"18335\" class=\"elementor elementor-18335\">\n\t\t\t\t\t\t<section class=\"elementor-section elementor-top-section elementor-element elementor-element-bd32106 elementor-section-boxed elementor-section-height-default elementor-section-height-default\" data-id=\"bd32106\" data-element_type=\"section\">\n\t\t\t\t\t\t<div class=\"elementor-container elementor-column-gap-default\">\n\t\t\t\t\t<div class=\"elementor-column elementor-col-33 elementor-top-column elementor-element elementor-element-488f732\" data-id=\"488f732\" data-element_type=\"column\">\n\t\t\t<div class=\"elementor-widget-wrap elementor-element-populated\">\n\t\t\t\t\t\t<div class=\"elementor-element elementor-element-401a01e elementor-widget elementor-widget-wp-widget-iksm-widget\" data-id=\"401a01e\" data-element_type=\"widget\" data-widget_type=\"wp-widget-iksm-widget.default\">\n\t\t\t\t<div class=\"elementor-widget-container\">\n\t\t\t<script id=\"styles-copier-69e1993311571\">\n\t\t\t\/\/ Finding styles element\n\t        var element = document.getElementById(\"iksm-dynamic-style\");\n\t        if (!element) { \/\/ If no element (Cache plugins can remove tag), then creating a new one\n                element = document.createElement('style');\n                var head = document.getElementsByTagName(\"head\")\n                if (head && head[0]) {\n                \thead[0].appendChild(element);\n                } else {\n                  \tconsole.warn(\"Iks Menu | Error while printing styles. Please contact technical support.\");\n                }\n\t        }\n\t\t\t\/\/ Copying styles to <styles> tag\n\t        element.innerHTML += \".iksm-25087 .iksm-terms{background-color:rgba(243,243,243,1);width:210px;transition:all 400ms;animation:iks-fade-in 1000ms;}.iksm-25087 .iksm-term__inner{background-color:rgba(231,231,231,1);margin-top:3px;min-height:44px;transition:all 400ms;}.iksm-25087 .iksm-term__inner:hover{background-color:rgba(220,220,220,1);}.iksm-25087 .iksm-term--current > .iksm-term__inner{background-color:rgba(202,229,239,1);}.iksm-25087 .iksm-term__link{color:rgba(0,0,0,1);font-size:15px;line-height:15px;font-weight:400;text-align:left;text-decoration:none;padding-top:5px;padding-right:10px;padding-bottom:5px;padding-left:15px;transition:all 400ms;}.iksm-25087 .iksm-term__inner:hover .iksm-term__link{color:rgba(50,50,50,1);}.iksm-25087 .iksm-term__toggle__inner{transition:transform 400ms}.iksm-25087 .iksm-term--expanded > .iksm-term__inner > .iksm-term__toggle > .iksm-term__toggle__inner{transform:rotate(180deg);}.iksm-25087 .iksm-term__toggle{color:rgba(133,133,133,1);font-size:16px;align-self:unset;;height:25px;width:25px;margin-right:7px;transition:all 400ms;}.iksm-25087 .iksm-term__toggle:hover{color:rgba(0,0,0,1);}.iksm-25087 .iksm-term__image-container{width:30px;min-width:30px;height:30px;min-height:30px;margin-right:15px;transition:all 400ms;}.iksm-25087 .iksm-term__image{background-size:contain;background-position:center;background-repeat:no-repeat;}.iksm-25087 .iksm-term__image-container:hover{background-size:contain;background-position:center;background-repeat:no-repeat;}.iksm-25087 .iksm-term__inner:hover .iksm-term__image-container{background-size:contain;background-position:center;background-repeat:no-repeat;}.iksm-25087 .iksm-term__inner:focus .iksm-term__image-container{background-size:contain;background-position:center;background-repeat:no-repeat;}.iksm-25087 .iksm-term--current > .iksm-term__inner .iksm-term__image-container{background-size:contain;background-position:center;background-repeat:no-repeat;}.iksm-25087 .iksm-term--child .iksm-term__inner .iksm-term__image-container{background-size:contain;background-position:center;background-repeat:no-repeat;}.iksm-25087 .iksm-term--child .iksm-term__inner .iksm-term__image-container:hover{background-size:contain;background-position:center;background-repeat:no-repeat;}.iksm-25087 .iksm-term--child .iksm-term__inner .iksm-term__image-container:focus{background-size:contain;background-position:center;background-repeat:no-repeat;}.iksm-25087 .iksm-term--child.iksm-term--current > .iksm-term__inner .iksm-term__image-container{background-size:contain;background-position:center;background-repeat:no-repeat;}.iksm-25087  .iksm-term__text{flex: unset}.iksm-25087 .iksm-term__posts-count{color:rgba(133,133,133,1);font-size:16px;margin-left:12px;font-weight:400;transition:all 400ms;}\";\n\t        \/\/ Removing this script\n            var this_script = document.getElementById(\"styles-copier-69e1993311571\");\n            if (this_script) { \/\/ Cache plugins can remove tag\n\t            this_script.outerHTML = \"\";\n\t            if (this_script.parentNode) {\n\t                this_script.parentNode.removeChild(this_script);\n\t            }\n            }\n        <\/script><div id='iksm-25087' class='iksm iksm-25087 iksm-container '  data-id='25087' data-is-pro='0' data-source='menu'><div class='iksm-terms'><div class='iksm-terms-tree iksm-terms-tree--level-1 iksm-terms-tree--parents' style=''><div class=\"iksm-terms-tree__inner\">\n        <div class=\"iksm-term iksm-term--id-25081 iksm-term--parent\" data-id=\"25081\">\n            <div class=\"iksm-term__inner\" tabindex='0'>\n                <a class=\"iksm-term__link\" href='https:\/\/aswu.edu.eg\/fr\/about\/organizational-structure\/education-and-student-affairs-sector\/university-hostel-administration\/nutrition-administration\/nutrition\/food-security\/' target='_self' tabindex='-1'>\n\t\t\t\t        <span class=\"iksm-term__text\">S\u00e9curit\u00e9 alimentaire<\/span>\n\t\t            <\/a>\n\t\t\t        <\/div>\n\t\t        <\/div>\n\n\t\t\n        <div class=\"iksm-term iksm-term--id-25082 iksm-term--parent\" data-id=\"25082\">\n            <div class=\"iksm-term__inner\" tabindex='0'>\n                <a class=\"iksm-term__link\" href='https:\/\/aswu.edu.eg\/fr\/about\/organizational-structure\/education-and-student-affairs-sector\/university-hostel-administration\/nutrition-administration\/nutrition\/central-restaurant\/' target='_self' tabindex='-1'>\n\t\t\t\t        <span class=\"iksm-term__text\">Aswan University\u2019s Central Restaurant<\/span>\n\t\t            <\/a>\n\t\t\t        <\/div>\n\t\t        <\/div>\n\n\t\t\n        <div class=\"iksm-term iksm-term--id-25083 iksm-term--parent\" data-id=\"25083\">\n            <div class=\"iksm-term__inner\" tabindex='0'>\n                <a class=\"iksm-term__link\" href='https:\/\/aswu.edu.eg\/fr\/about\/organizational-structure\/education-and-student-affairs-sector\/university-hostel-administration\/nutrition-administration\/nutrition\/food-outlets\/' target='_self' tabindex='-1'>\n\t\t\t\t        <span class=\"iksm-term__text\">Food Outlets<\/span>\n\t\t            <\/a>\n\t\t\t        <\/div>\n\t\t        <\/div>\n\n\t\t\n        <div class=\"iksm-term iksm-term--id-25630 iksm-term--parent\" data-id=\"25630\">\n            <div class=\"iksm-term__inner\" tabindex='0'>\n                <a class=\"iksm-term__link\" href='https:\/\/aswu.edu.eg\/fr\/about\/organizational-structure\/education-and-student-affairs-sector\/university-hostel-administration\/nutrition-administration\/nutrition\/sustainable-healthy-food-choices\/' target='_self' tabindex='-1'>\n\t\t\t\t        <span class=\"iksm-term__text\">Healthy and Sustainable Food Choices<\/span>\n\t\t            <\/a>\n\t\t\t        <\/div>\n\t\t        <\/div>\n\n\t\t\n        <div class=\"iksm-term iksm-term--id-25086 iksm-term--parent\" data-id=\"25086\">\n            <div class=\"iksm-term__inner\" tabindex='0'>\n                <a class=\"iksm-term__link\" href='https:\/\/aswu.edu.eg\/fr\/about\/organizational-structure\/education-and-student-affairs-sector\/university-hostel-administration\/nutrition-administration\/nutrition\/student-support\/' target='_self' tabindex='-1'>\n\t\t\t\t        <span class=\"iksm-term__text\">Student Support<\/span>\n\t\t            <\/a>\n\t\t\t        <\/div>\n\t\t        <\/div>\n\n\t\t<\/div><\/div><\/div><div id=\"iksm_data_args\" class=\"data-args\"  data-collapse_children_terms='1' data-collapse_other_terms='1' data-collapse_animation_duration='400' data-expand_animation_duration='400'><\/div><\/div>\t\t<\/div>\n\t\t\t\t<\/div>\n\t\t\t\t\t<\/div>\n\t\t<\/div>\n\t\t\t\t<div class=\"elementor-column elementor-col-66 elementor-top-column elementor-element elementor-element-fd42f41\" data-id=\"fd42f41\" data-element_type=\"column\">\n\t\t\t<div class=\"elementor-widget-wrap elementor-element-populated\">\n\t\t\t\t\t\t<div class=\"elementor-element elementor-element-3c669e4 elementor-widget elementor-widget-text-editor\" data-id=\"3c669e4\" data-element_type=\"widget\" data-widget_type=\"text-editor.default\">\n\t\t\t\t<div class=\"elementor-widget-container\">\n\t\t\t\t\t\t\t<table style=\"border-collapse: collapse;width: 100%\"><tbody><tr><td style=\"width: 70.1422%\"><span style=\"color: #333333\">\u00abDepuis qu\u2019Allah a cr\u00e9\u00e9 l\u2019\u00eatre humain, celui-ci s\u2019efforce avec assiduit\u00e9 d\u2019assurer sa subsistance, faisant de la satisfaction des besoins du corps une n\u00e9cessit\u00e9 inn\u00e9e et instinctive. \u00c0 cet \u00e9gard, notre universit\u00e9 s\u2019emploie \u00e0 mettre \u00e0 disposition tous les moyens et les ressources n\u00e9cessaires pour garantir l\u2019acc\u00e8s \u00e0 une alimentation suffisante et saine, r\u00e9pondant aux besoins nutritionnels, afin d\u2019assurer la continuit\u00e9 du parcours acad\u00e9mique des \u00e9tudiants et leur permettre d\u2019achever leurs \u00e9tudes sans obstacles ni difficult\u00e9s, au premier rang desquelles figure la disponibilit\u00e9 de la nourriture.\u00bb<\/span><\/td><td style=\"width: 29.8578%\"><img fetchpriority=\"high\" decoding=\"async\" class=\"alignnone size-full wp-image-18356\" src=\"https:\/\/aswu.edu.eg\/en\/wp-content\/uploads\/istockphoto-1284690585-612x612-1-300x200-1.jpg\" alt=\"\" width=\"300\" height=\"200\" \/><\/td><\/tr><\/tbody><\/table><p><span style=\"color: #003366\"><strong>Objectif du programme\u00a0:<\/strong><\/span><\/p><p><span style=\"color: #003366\"><strong>Le Programme de s\u00e9curit\u00e9 alimentaire vise \u00e0\u00a0:<\/strong><\/span><\/p><p><span style=\"color: #333333\">* R\u00e9duire le probl\u00e8me de la faim chez les \u00e9tudiants, car l\u2019universit\u00e9 a fourni des subventions \u00e0 ses \u00e9tudiants \u00e0 hauteur de (355\u00a0300) dans l\u2019ann\u00e9e (2019\/2020). Les efforts de l\u2019universit\u00e9 ne se sont pas limit\u00e9s aux \u00e9tudiants, mais ont \u00e9galement inclus (employ\u00e9s \u2013 personnel acad\u00e9mique et leurs assistants) en r\u00e9duisant le prix de leurs repas.<\/span><\/p><p><span style=\"color: #333333\">* Accro\u00eetre l\u2019efficacit\u00e9 productive de la production agricole \u00e0 l\u2019universit\u00e9 en plantant des l\u00e9gumes et des fruits dans les fermes de la Facult\u00e9 d\u2019agriculture et des ressources naturelles de l\u2019universit\u00e9, jusqu\u2019\u00e0 ce que la production interne soit remplac\u00e9e par des importations pour l\u2019agriculture.<\/span><\/p><p><span style=\"color: #333333\">Pour ce faire, il faut\u00a0:<\/span><\/p><ol><li><span style=\"color: #333333\">Culture (8) de serres pour la production de (gombo \u2013 courgette \u2013 fraise \u2013 concombre \u2013 poivre) dans la ferme de la facult\u00e9 \u00e0 l\u2019ext\u00e9rieur de la facult\u00e9.<\/span><\/li><li><span style=\"color: #333333\">Culture de (7) acres de fruits (raisins &#8211; mangue, Kate \/ Naomi) sur la ferme de la facult\u00e9 \u00e0 l&#8217;ext\u00e9rieur du campus universitaire.<\/span><\/li><li><span style=\"color: #333333\">Culture d\u2019une demi-acre sous forme de mod\u00e8les \u00e9tudiants avec diff\u00e9rents types de fruits.<\/span><\/li><li><span style=\"color: #333333\">Allocation(9) acres pour la production d\u2019animaux et de volaille en tant que ferme de recherche \u00e9ducative car elle vise \u00e0 pompe la production pour servir le march\u00e9 local dans le gouvernorat d\u2019Assouan par l\u2019interm\u00e9diaire de la ferme universitaire \u00e0 Anniba. <\/span><\/li><\/ol><p><span style=\"color: #333333\">* L\u2019universit\u00e9 offre un soutien total aux \u00e9tudiants par la solidarit\u00e9 sociale pour compl\u00e9ter les \u00e9tapes de l\u2019enseignement universitaire, car les \u00e9tudiants peuvent obtenir des repas \u00e0 des prix nominaux, et les \u00e9tudiants peuvent demander un programme de solidarit\u00e9 \u00e9tudiante pour obtenir des repas gratuitement.<\/span><\/p><p><span style=\"text-decoration: underline\"><a href=\"https:\/\/aswu.edu.eg\/fr\/about\/organizational-structure\/education-and-student-affairs-sector\/university-hostel-administration\/nutrition-administration\/nutrition\/food-security\/food-security-program\/\"><span style=\"color: #0000ff;text-decoration: underline\">Pour savoir plus sur le Programme de s\u00e9curit\u00e9 alimentaire\u00a0<\/span><\/a><\/span><\/p>\t\t\t\t\t\t<\/div>\n\t\t\t\t<\/div>\n\t\t\t\t\t<\/div>\n\t\t<\/div>\n\t\t\t\t\t<\/div>\n\t\t<\/section>\n\t\t\t\t<\/div>\n\t\t","protected":false},"excerpt":{"rendered":"<p>\u00abDepuis qu\u2019Allah a cr\u00e9\u00e9 l\u2019\u00eatre humain, celui-ci s\u2019efforce avec assiduit\u00e9 d\u2019assurer sa subsistance, faisant de la satisfaction des besoins du corps une n\u00e9cessit\u00e9 inn\u00e9e et instinctive. \u00c0 cet \u00e9gard, notre universit\u00e9 s\u2019emploie \u00e0 mettre \u00e0 disposition tous les moyens et <a href=\"https:\/\/aswu.edu.eg\/fr\/about\/organizational-structure\/education-and-student-affairs-sector\/university-hostel-administration\/nutrition-administration\/nutrition\/food-security\/\" class=\"read-more\">Read More &#8230;<\/a><\/p>\n<div class=\"pvc_clear\"><\/div>\n<p id=\"pvc_stats_18335\" class=\"pvc_stats all  \" data-element-id=\"18335\" style=\"\"><i class=\"pvc-stats-icon medium\" aria-hidden=\"true\"><svg aria-hidden=\"true\" focusable=\"false\" data-prefix=\"far\" data-icon=\"chart-bar\" role=\"img\" xmlns=\"http:\/\/www.w3.org\/2000\/svg\" viewBox=\"0 0 512 512\" class=\"svg-inline--fa fa-chart-bar fa-w-16 fa-2x\"><path fill=\"currentColor\" d=\"M396.8 352h22.4c6.4 0 12.8-6.4 12.8-12.8V108.8c0-6.4-6.4-12.8-12.8-12.8h-22.4c-6.4 0-12.8 6.4-12.8 12.8v230.4c0 6.4 6.4 12.8 12.8 12.8zm-192 0h22.4c6.4 0 12.8-6.4 12.8-12.8V140.8c0-6.4-6.4-12.8-12.8-12.8h-22.4c-6.4 0-12.8 6.4-12.8 12.8v198.4c0 6.4 6.4 12.8 12.8 12.8zm96 0h22.4c6.4 0 12.8-6.4 12.8-12.8V204.8c0-6.4-6.4-12.8-12.8-12.8h-22.4c-6.4 0-12.8 6.4-12.8 12.8v134.4c0 6.4 6.4 12.8 12.8 12.8zM496 400H48V80c0-8.84-7.16-16-16-16H16C7.16 64 0 71.16 0 80v336c0 17.67 14.33 32 32 32h464c8.84 0 16-7.16 16-16v-16c0-8.84-7.16-16-16-16zm-387.2-48h22.4c6.4 0 12.8-6.4 12.8-12.8v-70.4c0-6.4-6.4-12.8-12.8-12.8h-22.4c-6.4 0-12.8 6.4-12.8 12.8v70.4c0 6.4 6.4 12.8 12.8 12.8z\" class=\"\"><\/path><\/svg><\/i> <img decoding=\"async\" width=\"16\" height=\"16\" alt=\"Loading\" src=\"https:\/\/aswu.edu.eg\/fr\/wp-content\/plugins\/page-views-count\/ajax-loader-2x.gif\" border=0 \/><\/p>\n<div class=\"pvc_clear\"><\/div>\n","protected":false},"author":10,"featured_media":0,"parent":25063,"menu_order":0,"comment_status":"closed","ping_status":"closed","template":"","meta":{"footnotes":""},"rttpg_featured_image_url":null,"rttpg_author":{"display_name":"baivy anton","author_link":"https:\/\/aswu.edu.eg\/fr\/author\/asenweb\/"},"rttpg_comment":0,"rttpg_category":null,"rttpg_excerpt":"\u00abDepuis qu\u2019Allah a cr\u00e9\u00e9 l\u2019\u00eatre humain, celui-ci s\u2019efforce avec assiduit\u00e9 d\u2019assurer sa subsistance, faisant de la satisfaction des besoins du corps une n\u00e9cessit\u00e9 inn\u00e9e et instinctive. \u00c0 cet \u00e9gard, notre universit\u00e9 s\u2019emploie \u00e0 mettre \u00e0 disposition tous les moyens et Read More ...","_links":{"self":[{"href":"https:\/\/aswu.edu.eg\/fr\/wp-json\/wp\/v2\/pages\/18335"}],"collection":[{"href":"https:\/\/aswu.edu.eg\/fr\/wp-json\/wp\/v2\/pages"}],"about":[{"href":"https:\/\/aswu.edu.eg\/fr\/wp-json\/wp\/v2\/types\/page"}],"author":[{"embeddable":true,"href":"https:\/\/aswu.edu.eg\/fr\/wp-json\/wp\/v2\/users\/10"}],"replies":[{"embeddable":true,"href":"https:\/\/aswu.edu.eg\/fr\/wp-json\/wp\/v2\/comments?post=18335"}],"version-history":[{"count":76,"href":"https:\/\/aswu.edu.eg\/fr\/wp-json\/wp\/v2\/pages\/18335\/revisions"}],"predecessor-version":[{"id":31409,"href":"https:\/\/aswu.edu.eg\/fr\/wp-json\/wp\/v2\/pages\/18335\/revisions\/31409"}],"up":[{"embeddable":true,"href":"https:\/\/aswu.edu.eg\/fr\/wp-json\/wp\/v2\/pages\/25063"}],"wp:attachment":[{"href":"https:\/\/aswu.edu.eg\/fr\/wp-json\/wp\/v2\/media?parent=18335"}],"curies":[{"name":"wp","href":"https:\/\/api.w.org\/{rel}","templated":true}]}}