{"id":18414,"date":"2022-11-08T09:30:54","date_gmt":"2022-11-08T09:30:54","guid":{"rendered":"http:\/\/193.227.33.90\/aswu\/en\/?page_id=18414"},"modified":"2026-03-04T09:44:43","modified_gmt":"2026-03-04T09:44:43","slug":"theatres","status":"publish","type":"page","link":"https:\/\/aswu.edu.eg\/fr\/about\/facilities\/theatres\/","title":{"rendered":"Th\u00e9\u00e2tres"},"content":{"rendered":"\t\t<div data-elementor-type=\"wp-page\" data-elementor-id=\"18414\" class=\"elementor elementor-18414\">\n\t\t\t\t\t\t<section class=\"elementor-section elementor-top-section elementor-element elementor-element-0e12ad6 elementor-section-boxed elementor-section-height-default elementor-section-height-default\" data-id=\"0e12ad6\" data-element_type=\"section\">\n\t\t\t\t\t\t<div class=\"elementor-container elementor-column-gap-default\">\n\t\t\t\t\t<div class=\"elementor-column elementor-col-50 elementor-top-column elementor-element elementor-element-be735f6\" data-id=\"be735f6\" data-element_type=\"column\">\n\t\t\t<div class=\"elementor-widget-wrap elementor-element-populated\">\n\t\t\t\t\t\t<div class=\"elementor-element elementor-element-a589ee6 elementor-widget elementor-widget-text-editor\" data-id=\"a589ee6\" data-element_type=\"widget\" data-widget_type=\"text-editor.default\">\n\t\t\t\t<div class=\"elementor-widget-container\">\n\t\t\t\t\t\t\t<p style=\"text-align: justify\"><span style=\"color: #333333\">Les th\u00e9\u00e2tres universitaires de l\u2019Universit\u00e9 d\u2019Assouan, avec leurs composantes intellectuelles et esth\u00e9tiques, r\u00e9pondent aux besoins p\u00e9dagogiques, \u00e9ducatifs, psychologiques et sociaux des jeunes universitaires. Le th\u00e9\u00e2tre est un art composite qui contribue \u00e0 la r\u00e9alisation des objectifs \u00e9ducatifs et participe \u00e0 la lib\u00e9ration des \u00e9nergies cr\u00e9atives des jeunes universitaires au sein de l\u2019universit\u00e9.<\/span><\/p>\t\t\t\t\t\t<\/div>\n\t\t\t\t<\/div>\n\t\t\t\t\t<\/div>\n\t\t<\/div>\n\t\t\t\t<div class=\"elementor-column elementor-col-50 elementor-top-column elementor-element elementor-element-cdb32f6\" data-id=\"cdb32f6\" data-element_type=\"column\">\n\t\t\t<div class=\"elementor-widget-wrap elementor-element-populated\">\n\t\t\t\t\t\t<div class=\"elementor-element elementor-element-1b1c2d1 elementor-widget elementor-widget-image\" data-id=\"1b1c2d1\" data-element_type=\"widget\" data-widget_type=\"image.default\">\n\t\t\t\t<div class=\"elementor-widget-container\">\n\t\t\t\t\t\t\t\t\t\t\t\t\t<img fetchpriority=\"high\" decoding=\"async\" width=\"847\" height=\"529\" src=\"https:\/\/aswu.edu.eg\/fr\/wp-content\/uploads\/aliw-theater_2022-08-10_15-54-09-1024x640.jpg\" class=\"attachment-large size-large wp-image-16273\" alt=\"\" \/>\t\t\t\t\t\t\t\t\t\t\t\t\t<\/div>\n\t\t\t\t<\/div>\n\t\t\t\t\t<\/div>\n\t\t<\/div>\n\t\t\t\t\t<\/div>\n\t\t<\/section>\n\t\t\t\t<\/div>\n\t\t","protected":false},"excerpt":{"rendered":"<p>Les th\u00e9\u00e2tres universitaires de l\u2019Universit\u00e9 d\u2019Assouan, avec leurs composantes intellectuelles et esth\u00e9tiques, r\u00e9pondent aux besoins p\u00e9dagogiques, \u00e9ducatifs, psychologiques et sociaux des jeunes universitaires. Le th\u00e9\u00e2tre est un art composite qui contribue \u00e0 la r\u00e9alisation des objectifs \u00e9ducatifs et participe \u00e0 <a href=\"https:\/\/aswu.edu.eg\/fr\/about\/facilities\/theatres\/\" class=\"read-more\">Read More &#8230;<\/a><\/p>\n<div class=\"pvc_clear\"><\/div>\n<p id=\"pvc_stats_18414\" class=\"pvc_stats all  \" data-element-id=\"18414\" style=\"\"><i class=\"pvc-stats-icon medium\" aria-hidden=\"true\"><svg aria-hidden=\"true\" focusable=\"false\" data-prefix=\"far\" data-icon=\"chart-bar\" role=\"img\" xmlns=\"http:\/\/www.w3.org\/2000\/svg\" viewBox=\"0 0 512 512\" class=\"svg-inline--fa fa-chart-bar fa-w-16 fa-2x\"><path fill=\"currentColor\" d=\"M396.8 352h22.4c6.4 0 12.8-6.4 12.8-12.8V108.8c0-6.4-6.4-12.8-12.8-12.8h-22.4c-6.4 0-12.8 6.4-12.8 12.8v230.4c0 6.4 6.4 12.8 12.8 12.8zm-192 0h22.4c6.4 0 12.8-6.4 12.8-12.8V140.8c0-6.4-6.4-12.8-12.8-12.8h-22.4c-6.4 0-12.8 6.4-12.8 12.8v198.4c0 6.4 6.4 12.8 12.8 12.8zm96 0h22.4c6.4 0 12.8-6.4 12.8-12.8V204.8c0-6.4-6.4-12.8-12.8-12.8h-22.4c-6.4 0-12.8 6.4-12.8 12.8v134.4c0 6.4 6.4 12.8 12.8 12.8zM496 400H48V80c0-8.84-7.16-16-16-16H16C7.16 64 0 71.16 0 80v336c0 17.67 14.33 32 32 32h464c8.84 0 16-7.16 16-16v-16c0-8.84-7.16-16-16-16zm-387.2-48h22.4c6.4 0 12.8-6.4 12.8-12.8v-70.4c0-6.4-6.4-12.8-12.8-12.8h-22.4c-6.4 0-12.8 6.4-12.8 12.8v70.4c0 6.4 6.4 12.8 12.8 12.8z\" class=\"\"><\/path><\/svg><\/i> <img decoding=\"async\" width=\"16\" height=\"16\" alt=\"Loading\" src=\"https:\/\/aswu.edu.eg\/fr\/wp-content\/plugins\/page-views-count\/ajax-loader-2x.gif\" border=0 \/><\/p>\n<div class=\"pvc_clear\"><\/div>\n","protected":false},"author":10,"featured_media":0,"parent":24368,"menu_order":0,"comment_status":"closed","ping_status":"closed","template":"","meta":{"footnotes":""},"rttpg_featured_image_url":null,"rttpg_author":{"display_name":"baivy anton","author_link":"https:\/\/aswu.edu.eg\/fr\/author\/asenweb\/"},"rttpg_comment":0,"rttpg_category":null,"rttpg_excerpt":"Les th\u00e9\u00e2tres universitaires de l\u2019Universit\u00e9 d\u2019Assouan, avec leurs composantes intellectuelles et esth\u00e9tiques, r\u00e9pondent aux besoins p\u00e9dagogiques, \u00e9ducatifs, psychologiques et sociaux des jeunes universitaires. Le th\u00e9\u00e2tre est un art composite qui contribue \u00e0 la r\u00e9alisation des objectifs \u00e9ducatifs et participe \u00e0 Read More ...","_links":{"self":[{"href":"https:\/\/aswu.edu.eg\/fr\/wp-json\/wp\/v2\/pages\/18414"}],"collection":[{"href":"https:\/\/aswu.edu.eg\/fr\/wp-json\/wp\/v2\/pages"}],"about":[{"href":"https:\/\/aswu.edu.eg\/fr\/wp-json\/wp\/v2\/types\/page"}],"author":[{"embeddable":true,"href":"https:\/\/aswu.edu.eg\/fr\/wp-json\/wp\/v2\/users\/10"}],"replies":[{"embeddable":true,"href":"https:\/\/aswu.edu.eg\/fr\/wp-json\/wp\/v2\/comments?post=18414"}],"version-history":[{"count":25,"href":"https:\/\/aswu.edu.eg\/fr\/wp-json\/wp\/v2\/pages\/18414\/revisions"}],"predecessor-version":[{"id":31602,"href":"https:\/\/aswu.edu.eg\/fr\/wp-json\/wp\/v2\/pages\/18414\/revisions\/31602"}],"up":[{"embeddable":true,"href":"https:\/\/aswu.edu.eg\/fr\/wp-json\/wp\/v2\/pages\/24368"}],"wp:attachment":[{"href":"https:\/\/aswu.edu.eg\/fr\/wp-json\/wp\/v2\/media?parent=18414"}],"curies":[{"name":"wp","href":"https:\/\/api.w.org\/{rel}","templated":true}]}}