{"id":20280,"date":"2022-11-10T10:51:09","date_gmt":"2022-11-10T10:51:09","guid":{"rendered":"https:\/\/aswu.edu.eg\/en\/?page_id=20280"},"modified":"2026-02-10T08:09:12","modified_gmt":"2026-02-10T08:09:12","slug":"former-leaders","status":"publish","type":"page","link":"https:\/\/aswu.edu.eg\/fr\/about\/important-personalities\/former-leaders\/","title":{"rendered":"Anciens Leaders"},"content":{"rendered":"\t\t<div data-elementor-type=\"wp-page\" data-elementor-id=\"20280\" class=\"elementor elementor-20280\">\n\t\t\t\t\t\t<section class=\"elementor-section elementor-top-section elementor-element elementor-element-7b2501f elementor-section-boxed elementor-section-height-default elementor-section-height-default\" data-id=\"7b2501f\" data-element_type=\"section\">\n\t\t\t\t\t\t<div class=\"elementor-container elementor-column-gap-default\">\n\t\t\t\t\t<div class=\"elementor-column elementor-col-33 elementor-top-column elementor-element elementor-element-e786959\" data-id=\"e786959\" data-element_type=\"column\">\n\t\t\t<div class=\"elementor-widget-wrap elementor-element-populated\">\n\t\t\t\t\t\t<div class=\"elementor-element elementor-element-5fa8438 elementor-widget elementor-widget-wp-widget-iksm-widget\" data-id=\"5fa8438\" data-element_type=\"widget\" data-widget_type=\"wp-widget-iksm-widget.default\">\n\t\t\t\t<div class=\"elementor-widget-container\">\n\t\t\t<script id=\"styles-copier-69e28062c26bd\">\n\t\t\t\/\/ Finding styles element\n\t        var element = document.getElementById(\"iksm-dynamic-style\");\n\t        if (!element) { \/\/ If no element (Cache plugins can remove tag), then creating a new one\n                element = document.createElement('style');\n                var head = document.getElementsByTagName(\"head\")\n                if (head && head[0]) {\n                \thead[0].appendChild(element);\n                } else {\n                  \tconsole.warn(\"Iks Menu | Error while printing styles. Please contact technical support.\");\n                }\n\t        }\n\t\t\t\/\/ Copying styles to <styles> tag\n\t        element.innerHTML += \".iksm-20310 .iksm-terms{background-color:rgba(243,243,243,1);width:210px;transition:all 400ms;animation:iks-fade-in 1000ms;}.iksm-20310 .iksm-term__inner{background-color:rgba(231,231,231,1);margin-top:3px;min-height:44px;transition:all 400ms;}.iksm-20310 .iksm-term__inner:hover{background-color:rgba(220,220,220,1);}.iksm-20310 .iksm-term--current > .iksm-term__inner{background-color:rgba(202,229,239,1);}.iksm-20310 .iksm-term__link{color:rgba(0,0,0,1);font-size:15px;line-height:15px;font-weight:400;text-align:left;text-decoration:none;padding-top:5px;padding-right:10px;padding-bottom:5px;padding-left:15px;transition:all 400ms;}.iksm-20310 .iksm-term__inner:hover .iksm-term__link{color:rgba(50,50,50,1);}.iksm-20310 .iksm-term__toggle__inner{transition:transform 400ms}.iksm-20310 .iksm-term--expanded > .iksm-term__inner > .iksm-term__toggle > .iksm-term__toggle__inner{transform:rotate(180deg);}.iksm-20310 .iksm-term__toggle{color:rgba(133,133,133,1);font-size:16px;align-self:unset;;height:25px;width:25px;margin-right:7px;transition:all 400ms;}.iksm-20310 .iksm-term__toggle:hover{color:rgba(0,0,0,1);}.iksm-20310 .iksm-term__image-container{width:30px;min-width:30px;height:30px;min-height:30px;margin-right:15px;transition:all 400ms;}.iksm-20310 .iksm-term__image{background-size:contain;background-position:center;background-repeat:no-repeat;}.iksm-20310 .iksm-term__image-container:hover{background-size:contain;background-position:center;background-repeat:no-repeat;}.iksm-20310 .iksm-term__inner:hover .iksm-term__image-container{background-size:contain;background-position:center;background-repeat:no-repeat;}.iksm-20310 .iksm-term__inner:focus .iksm-term__image-container{background-size:contain;background-position:center;background-repeat:no-repeat;}.iksm-20310 .iksm-term--current > .iksm-term__inner .iksm-term__image-container{background-size:contain;background-position:center;background-repeat:no-repeat;}.iksm-20310 .iksm-term--child .iksm-term__inner .iksm-term__image-container{background-size:contain;background-position:center;background-repeat:no-repeat;}.iksm-20310 .iksm-term--child .iksm-term__inner .iksm-term__image-container:hover{background-size:contain;background-position:center;background-repeat:no-repeat;}.iksm-20310 .iksm-term--child .iksm-term__inner .iksm-term__image-container:focus{background-size:contain;background-position:center;background-repeat:no-repeat;}.iksm-20310 .iksm-term--child.iksm-term--current > .iksm-term__inner .iksm-term__image-container{background-size:contain;background-position:center;background-repeat:no-repeat;}.iksm-20310  .iksm-term__text{flex: unset}.iksm-20310 .iksm-term__posts-count{color:rgba(133,133,133,1);font-size:16px;margin-left:12px;font-weight:400;transition:all 400ms;}\";\n\t        \/\/ Removing this script\n            var this_script = document.getElementById(\"styles-copier-69e28062c26bd\");\n            if (this_script) { \/\/ Cache plugins can remove tag\n\t            this_script.outerHTML = \"\";\n\t            if (this_script.parentNode) {\n\t                this_script.parentNode.removeChild(this_script);\n\t            }\n            }\n        <\/script><div id='iksm-20310' class='iksm iksm-20310 iksm-container '  data-id='20310' data-is-pro='0' data-source='menu'><div class='iksm-terms'><div class='iksm-terms-tree iksm-terms-tree--level-1 iksm-terms-tree--parents' style=''><div class=\"iksm-terms-tree__inner\">\n        <div class=\"iksm-term iksm-term--id-20298 iksm-term--parent\" data-id=\"20298\">\n            <div class=\"iksm-term__inner\" tabindex='0'>\n                <a class=\"iksm-term__link\" href='https:\/\/aswu.edu.eg\/fr\/about\/important-personalities\/former-leaders\/' target='_self' tabindex='-1'>\n\t\t\t\t        <span class=\"iksm-term__text\">Anciens Leaders<\/span>\n\t\t            <\/a>\n\t\t\t        <\/div>\n\t\t        <\/div>\n\n\t\t\n        <div class=\"iksm-term iksm-term--id-21537 iksm-term--parent\" data-id=\"21537\">\n            <div class=\"iksm-term__inner\" tabindex='0'>\n                <a class=\"iksm-term__link\" href='https:\/\/aswu.edu.eg\/fr\/about\/important-personalities\/influential-scientific-figures\/' target='_self' tabindex='-1'>\n\t\t\t\t        <span class=\"iksm-term__text\">Figures scientifiques influentes<\/span>\n\t\t            <\/a>\n\t\t\t        <\/div>\n\t\t        <\/div>\n\n\t\t<\/div><\/div><\/div><div id=\"iksm_data_args\" class=\"data-args\"  data-collapse_children_terms='1' data-collapse_other_terms='1' data-collapse_animation_duration='400' data-expand_animation_duration='400'><\/div><\/div>\t\t<\/div>\n\t\t\t\t<\/div>\n\t\t\t\t\t<\/div>\n\t\t<\/div>\n\t\t\t\t<div class=\"elementor-column elementor-col-66 elementor-top-column elementor-element elementor-element-d0fc54d\" data-id=\"d0fc54d\" data-element_type=\"column\">\n\t\t\t<div class=\"elementor-widget-wrap elementor-element-populated\">\n\t\t\t\t\t\t<div class=\"elementor-element elementor-element-9a590a6 elementor-widget elementor-widget-text-editor\" data-id=\"9a590a6\" data-element_type=\"widget\" data-widget_type=\"text-editor.default\">\n\t\t\t\t<div class=\"elementor-widget-container\">\n\t\t\t\t\t\t\t<table style=\"width: 100%;border: solid 1px #fff;border-collapse: collapse\"><tbody><tr style=\"background-color: #fff !important\"><td style=\"width: 242.5px\"><p><strong><span style=\"color: #095586;font-family: Cairo;font-size: 12pt\">Prof. Ahmed Ghallab Mohammed<\/span><\/strong><\/p><p><span style=\"color: #333333;font-family: Cairo;font-size: 12pt\">L&#8217;ancien pr\u00e9sident de l&#8217;universit\u00e9 d&#8217;Assouan\u00a0 \u00a0(2017 -2021)<\/span><\/p><p><span style=\"color: #333333;font-family: Cairo;font-size: 12pt\">President@aswu.edu.eg<\/span><\/p><\/td><td style=\"width: 242.5px\"><span style=\"font-family: Cairo;font-size: 12pt\"><img decoding=\"async\" class=\"size-full wp-image-6419 aligncenter\" src=\"http:\/\/aswu.edu.eg\/en\/wp-content\/uploads\/5-183x270-1.jpg\" alt=\"\" width=\"183\" height=\"270\" \/><\/span><\/td><\/tr><tr><td style=\"width: 242.5px\"><p><strong><span style=\"color: #095586;font-family: Cairo;font-size: 12pt\">Prof. Hanan Mohamed Abd Al Moneam<\/span><\/strong><\/p><p><span style=\"color: #333333;font-family: Cairo;font-size: 12pt\">L&#8217;ancien vice-pr\u00e9sident des affires \u00e9tudiantes et de l&#8217;ensignement (2017-2019)<\/span><\/p><p>\u00a0<\/p><\/td><td style=\"width: 242.5px\"><span style=\"font-family: Cairo;font-size: 12pt\"><img decoding=\"async\" class=\"size-full wp-image-6420 aligncenter\" src=\"http:\/\/aswu.edu.eg\/en\/wp-content\/uploads\/1-1-183x270-1.jpg\" alt=\"\" width=\"183\" height=\"270\" \/><\/span><\/td><\/tr><tr><td style=\"width: 242.5px\"><p><span style=\"color: #095586\"><strong><span style=\"font-family: Cairo;font-size: 12pt\">Prof. Ayman Mahmoud Osman<\/span><\/strong><\/span><\/p><p><span style=\"color: #333333;font-family: Cairo;font-size: 12pt\">L&#8217;ancien president de l&#8217;universit\u00e9 d&#8217;Assoaun<\/span><\/p><p>\u00a0<\/p><\/td><td style=\"width: 242.5px\"><span style=\"font-family: Cairo;font-size: 12pt\"><img decoding=\"async\" class=\"size-full wp-image-6421 aligncenter\" src=\"http:\/\/aswu.edu.eg\/en\/wp-content\/uploads\/3-183x270-2.jpg\" alt=\"\" width=\"183\" height=\"270\" \/><\/span><\/td><\/tr><tr><td style=\"width: 242.5px\"><p><strong><span style=\"color: #095586;font-family: Cairo;font-size: 12pt\">Prof. Magdi Mohammed Mohammed Ali\u00a0<\/span><\/strong><\/p><p><span style=\"color: #333333;font-family: Cairo;font-size: 12pt\"> <span style=\"font-family: Cairo;font-size: 12pt\"><span style=\"color: #333333\">L&#8217;ancien <\/span><\/span>Vice- Pr\u00e9sident de Service de la\u00a0 communaut\u00e9 et d\u00e9veloppement de l&#8217;environnement\u00a0<\/span><\/p><\/td><td style=\"width: 242.5px\"><span style=\"font-family: Cairo;font-size: 12pt\"><img loading=\"lazy\" decoding=\"async\" class=\"size-medium wp-image-6422 aligncenter\" src=\"http:\/\/aswu.edu.eg\/en\/wp-content\/uploads\/Num13-1-300x195.png\" alt=\"\" width=\"300\" height=\"195\" \/><\/span><\/td><\/tr><tr><td><p><span style=\"font-family: Cairo;font-size: 12pt\"><strong><span style=\"color: #095586\">Prof. Ahmed Said Khalil\u00a0<\/span><\/strong><\/span><\/p><p><span style=\"font-family: Cairo;font-size: 12pt\"><br aria-hidden=\"true\" \/><span style=\"color: #333333\"><span style=\"color: #333333;font-family: Cairo;font-size: 12pt\">L&#8217;ancien Vice- Pr\u00e9sident de Service de la\u00a0 communaut\u00e9 et d\u00e9veloppement de l&#8217;environnement\u00a0<\/span> (2017-2019)<\/span><\/span><\/p><\/td><td><span style=\"font-family: Cairo;font-size: 12pt\"><img loading=\"lazy\" decoding=\"async\" class=\"alignnone size-full wp-image-21405\" src=\"https:\/\/aswu.edu.eg\/en\/wp-content\/uploads\/4-204x300-1.jpg\" alt=\"\" width=\"204\" height=\"300\" \/><\/span><\/td><\/tr><tr><td style=\"width: 242.5px\"><p><strong><span style=\"color: #095586;font-family: Cairo;font-size: 12pt\">Prof. Mansour Mohammed Kabbach<\/span><\/strong><\/p><p><span style=\"color: #333333;font-family: Cairo;font-size: 12pt\">L&#8217;ancien pr<span style=\"font-family: Cairo;font-size: 12pt\"><span style=\"color: #333333\">\u00e9sident\u00a0<\/span><\/span> de l&#8217;universit<span style=\"font-family: Cairo;font-size: 12pt\"><span style=\"color: #333333\">\u00e9 d&#8217;Assouan\u00a0 <\/span><\/span>(2012-2016)<\/span><\/p><\/td><td style=\"width: 242.5px\"><span style=\"font-family: Cairo;font-size: 12pt\"><img loading=\"lazy\" decoding=\"async\" class=\"size-medium wp-image-6423 aligncenter\" src=\"http:\/\/aswu.edu.eg\/en\/wp-content\/uploads\/dr.mansour-204x300.png\" alt=\"\" width=\"204\" height=\"300\" \/><\/span><\/td><\/tr><tr><td style=\"width: 242.5px\"><p><span style=\"color: #095586\"><strong><span style=\"font-family: Cairo;font-size: 12pt\">Prof. Abd Al Qader Mohammed Abd Al Qader<\/span><\/strong><\/span><\/p><p><span style=\"color: #333333;font-family: Cairo;font-size: 12pt\"><span style=\"font-family: Cairo;font-size: 12pt\"><span style=\"color: #333333\">L&#8217;ancien Vice- Pr\u00e9sident<\/span><\/span> des affires \u00e9tudiantes et de l&#8217;ensignement (2012-2016)<\/span><\/p><p><span style=\"color: #333333;font-family: Cairo;font-size: 12pt\"><span style=\"font-family: Cairo;font-size: 12pt\"><span style=\"color: #333333\">L&#8217;ancien Pr\u00e9sident<\/span><\/span>\u00a0 par int<span style=\"font-family: Cairo;font-size: 12pt\"><span style=\"color: #333333\">\u00e9rim de l&#8217;universit\u00e9<\/span><\/span>(1\/8\/2016 &#8211; 9\/3\/2017)<\/span><\/p><\/td><td style=\"width: 242.5px\"><span style=\"font-family: Cairo;font-size: 12pt\"><img loading=\"lazy\" decoding=\"async\" class=\"size-medium wp-image-6424 aligncenter\" src=\"http:\/\/aswu.edu.eg\/en\/wp-content\/uploads\/dr.abdelkader-204x300.png\" alt=\"\" width=\"204\" height=\"300\" \/><\/span><\/td><\/tr><tr><td style=\"width: 242.5px\"><p><span style=\"color: #095586\"><strong><span style=\"font-family: Cairo;font-size: 12pt\">Prof. Ali Abbas Dandaraoui<\/span><\/strong><\/span><\/p><p><span style=\"color: #333333;font-family: Cairo;font-size: 12pt\"><span style=\"font-family: Cairo;font-size: 12pt\"><span style=\"color: #333333\">L&#8217;ancien Vice- Pr\u00e9sident de Service de la\u00a0 communaut\u00e9 et d\u00e9veloppement de l&#8217;environnement<\/span><\/span>(2015-2016)<\/span><\/p><p>\u00a0<\/p><\/td><td style=\"width: 242.5px\"><span style=\"font-family: Cairo;font-size: 12pt\"><img loading=\"lazy\" decoding=\"async\" class=\"size-medium wp-image-6425 aligncenter\" src=\"http:\/\/aswu.edu.eg\/en\/wp-content\/uploads\/dr.ali-abas-204x300.png\" alt=\"\" width=\"204\" height=\"300\" \/><\/span><\/td><\/tr><\/tbody><\/table><p style=\"text-align: left\">\u00a0<\/p>\t\t\t\t\t\t<\/div>\n\t\t\t\t<\/div>\n\t\t\t\t\t<\/div>\n\t\t<\/div>\n\t\t\t\t\t<\/div>\n\t\t<\/section>\n\t\t\t\t<\/div>\n\t\t","protected":false},"excerpt":{"rendered":"<p>Prof. Ahmed Ghallab Mohammed L&#8217;ancien pr\u00e9sident de l&#8217;universit\u00e9 d&#8217;Assouan\u00a0 \u00a0(2017 -2021) President@aswu.edu.eg Prof. Hanan Mohamed Abd Al Moneam L&#8217;ancien vice-pr\u00e9sident des affires \u00e9tudiantes et de l&#8217;ensignement (2017-2019) Prof. Ayman Mahmoud Osman L&#8217;ancien president de l&#8217;universit\u00e9 d&#8217;Assoaun Prof. Magdi Mohammed Mohammed <a href=\"https:\/\/aswu.edu.eg\/fr\/about\/important-personalities\/former-leaders\/\" class=\"read-more\">Read More &#8230;<\/a><\/p>\n<div class=\"pvc_clear\"><\/div>\n<p id=\"pvc_stats_20280\" class=\"pvc_stats all  \" data-element-id=\"20280\" style=\"\"><i class=\"pvc-stats-icon medium\" aria-hidden=\"true\"><svg aria-hidden=\"true\" focusable=\"false\" data-prefix=\"far\" data-icon=\"chart-bar\" role=\"img\" xmlns=\"http:\/\/www.w3.org\/2000\/svg\" viewBox=\"0 0 512 512\" class=\"svg-inline--fa fa-chart-bar fa-w-16 fa-2x\"><path fill=\"currentColor\" d=\"M396.8 352h22.4c6.4 0 12.8-6.4 12.8-12.8V108.8c0-6.4-6.4-12.8-12.8-12.8h-22.4c-6.4 0-12.8 6.4-12.8 12.8v230.4c0 6.4 6.4 12.8 12.8 12.8zm-192 0h22.4c6.4 0 12.8-6.4 12.8-12.8V140.8c0-6.4-6.4-12.8-12.8-12.8h-22.4c-6.4 0-12.8 6.4-12.8 12.8v198.4c0 6.4 6.4 12.8 12.8 12.8zm96 0h22.4c6.4 0 12.8-6.4 12.8-12.8V204.8c0-6.4-6.4-12.8-12.8-12.8h-22.4c-6.4 0-12.8 6.4-12.8 12.8v134.4c0 6.4 6.4 12.8 12.8 12.8zM496 400H48V80c0-8.84-7.16-16-16-16H16C7.16 64 0 71.16 0 80v336c0 17.67 14.33 32 32 32h464c8.84 0 16-7.16 16-16v-16c0-8.84-7.16-16-16-16zm-387.2-48h22.4c6.4 0 12.8-6.4 12.8-12.8v-70.4c0-6.4-6.4-12.8-12.8-12.8h-22.4c-6.4 0-12.8 6.4-12.8 12.8v70.4c0 6.4 6.4 12.8 12.8 12.8z\" class=\"\"><\/path><\/svg><\/i> <img loading=\"lazy\" decoding=\"async\" width=\"16\" height=\"16\" alt=\"Loading\" src=\"https:\/\/aswu.edu.eg\/fr\/wp-content\/plugins\/page-views-count\/ajax-loader-2x.gif\" border=0 \/><\/p>\n<div class=\"pvc_clear\"><\/div>\n","protected":false},"author":10,"featured_media":0,"parent":20278,"menu_order":0,"comment_status":"closed","ping_status":"closed","template":"","meta":{"footnotes":""},"rttpg_featured_image_url":null,"rttpg_author":{"display_name":"baivy anton","author_link":"https:\/\/aswu.edu.eg\/fr\/author\/asenweb\/"},"rttpg_comment":0,"rttpg_category":null,"rttpg_excerpt":"Prof. Ahmed Ghallab Mohammed L&#8217;ancien pr\u00e9sident de l&#8217;universit\u00e9 d&#8217;Assouan\u00a0 \u00a0(2017 -2021) President@aswu.edu.eg Prof. Hanan Mohamed Abd Al Moneam L&#8217;ancien vice-pr\u00e9sident des affires \u00e9tudiantes et de l&#8217;ensignement (2017-2019) Prof. Ayman Mahmoud Osman L&#8217;ancien president de l&#8217;universit\u00e9 d&#8217;Assoaun Prof. Magdi Mohammed Mohammed Read More ...","_links":{"self":[{"href":"https:\/\/aswu.edu.eg\/fr\/wp-json\/wp\/v2\/pages\/20280"}],"collection":[{"href":"https:\/\/aswu.edu.eg\/fr\/wp-json\/wp\/v2\/pages"}],"about":[{"href":"https:\/\/aswu.edu.eg\/fr\/wp-json\/wp\/v2\/types\/page"}],"author":[{"embeddable":true,"href":"https:\/\/aswu.edu.eg\/fr\/wp-json\/wp\/v2\/users\/10"}],"replies":[{"embeddable":true,"href":"https:\/\/aswu.edu.eg\/fr\/wp-json\/wp\/v2\/comments?post=20280"}],"version-history":[{"count":40,"href":"https:\/\/aswu.edu.eg\/fr\/wp-json\/wp\/v2\/pages\/20280\/revisions"}],"predecessor-version":[{"id":31447,"href":"https:\/\/aswu.edu.eg\/fr\/wp-json\/wp\/v2\/pages\/20280\/revisions\/31447"}],"up":[{"embeddable":true,"href":"https:\/\/aswu.edu.eg\/fr\/wp-json\/wp\/v2\/pages\/20278"}],"wp:attachment":[{"href":"https:\/\/aswu.edu.eg\/fr\/wp-json\/wp\/v2\/media?parent=20280"}],"curies":[{"name":"wp","href":"https:\/\/api.w.org\/{rel}","templated":true}]}}