{"id":21088,"date":"2022-11-13T10:46:24","date_gmt":"2022-11-13T10:46:24","guid":{"rendered":"https:\/\/aswu.edu.eg\/en\/?page_id=21088"},"modified":"2024-12-10T08:56:04","modified_gmt":"2024-12-10T08:56:04","slug":"education-and-student-affairs-sector","status":"publish","type":"page","link":"https:\/\/aswu.edu.eg\/fr\/about\/organizational-structure\/education-and-student-affairs-sector\/","title":{"rendered":"Secteur des affaires d\u2019\u00e9ducation et des \u00e9tudiants"},"content":{"rendered":"\t\t<div data-elementor-type=\"wp-page\" data-elementor-id=\"21088\" class=\"elementor elementor-21088\">\n\t\t\t\t\t\t<section class=\"elementor-section elementor-top-section elementor-element elementor-element-8d57072 elementor-section-boxed elementor-section-height-default elementor-section-height-default\" data-id=\"8d57072\" data-element_type=\"section\">\n\t\t\t\t\t\t<div class=\"elementor-container elementor-column-gap-default\">\n\t\t\t\t\t<div class=\"elementor-column elementor-col-33 elementor-top-column elementor-element elementor-element-3fb1938\" data-id=\"3fb1938\" data-element_type=\"column\">\n\t\t\t<div class=\"elementor-widget-wrap elementor-element-populated\">\n\t\t\t\t\t\t<div class=\"elementor-element elementor-element-9d17e31 elementor-widget elementor-widget-wp-widget-iksm-widget\" data-id=\"9d17e31\" data-element_type=\"widget\" data-widget_type=\"wp-widget-iksm-widget.default\">\n\t\t\t\t<div class=\"elementor-widget-container\">\n\t\t\t<script id=\"styles-copier-69e272c62b33b\">\n\t\t\t\/\/ Finding styles element\n\t        var element = document.getElementById(\"iksm-dynamic-style\");\n\t        if (!element) { \/\/ If no element (Cache plugins can remove tag), then creating a new one\n                element = document.createElement('style');\n                var head = document.getElementsByTagName(\"head\")\n                if (head && head[0]) {\n                \thead[0].appendChild(element);\n                } else {\n                  \tconsole.warn(\"Iks Menu | Error while printing styles. Please contact technical support.\");\n                }\n\t        }\n\t\t\t\/\/ Copying styles to <styles> tag\n\t        element.innerHTML += \".iksm-22043 .iksm-terms{background-color:rgba(243,243,243,1);width:210px;transition:all 400ms;animation:iks-fade-in 1000ms;}.iksm-22043 .iksm-term__inner{background-color:rgba(231,231,231,1);margin-top:3px;min-height:44px;transition:all 400ms;}.iksm-22043 .iksm-term__inner:hover{background-color:rgba(220,220,220,1);}.iksm-22043 .iksm-term--current > .iksm-term__inner{background-color:rgba(202,229,239,1);}.iksm-22043 .iksm-term__link{color:rgba(0,0,0,1);font-size:15px;line-height:15px;font-weight:400;text-align:left;text-decoration:none;padding-top:5px;padding-right:10px;padding-bottom:5px;padding-left:15px;transition:all 400ms;}.iksm-22043 .iksm-term__inner:hover .iksm-term__link{color:rgba(50,50,50,1);}.iksm-22043 .iksm-term__toggle__inner{transition:transform 400ms}.iksm-22043 .iksm-term--expanded > .iksm-term__inner > .iksm-term__toggle > .iksm-term__toggle__inner{transform:rotate(180deg);}.iksm-22043 .iksm-term__toggle{color:rgba(133,133,133,1);font-size:16px;align-self:unset;;height:25px;width:25px;margin-right:7px;transition:all 400ms;}.iksm-22043 .iksm-term__toggle:hover{color:rgba(0,0,0,1);}.iksm-22043 .iksm-term__image-container{width:30px;min-width:30px;height:30px;min-height:30px;margin-right:15px;transition:all 400ms;}.iksm-22043 .iksm-term__image{background-size:contain;background-position:center;background-repeat:no-repeat;}.iksm-22043 .iksm-term__image-container:hover{background-size:contain;background-position:center;background-repeat:no-repeat;}.iksm-22043 .iksm-term__inner:hover .iksm-term__image-container{background-size:contain;background-position:center;background-repeat:no-repeat;}.iksm-22043 .iksm-term__inner:focus .iksm-term__image-container{background-size:contain;background-position:center;background-repeat:no-repeat;}.iksm-22043 .iksm-term--current > .iksm-term__inner .iksm-term__image-container{background-size:contain;background-position:center;background-repeat:no-repeat;}.iksm-22043 .iksm-term--child .iksm-term__inner .iksm-term__image-container{background-size:contain;background-position:center;background-repeat:no-repeat;}.iksm-22043 .iksm-term--child .iksm-term__inner .iksm-term__image-container:hover{background-size:contain;background-position:center;background-repeat:no-repeat;}.iksm-22043 .iksm-term--child .iksm-term__inner .iksm-term__image-container:focus{background-size:contain;background-position:center;background-repeat:no-repeat;}.iksm-22043 .iksm-term--child.iksm-term--current > .iksm-term__inner .iksm-term__image-container{background-size:contain;background-position:center;background-repeat:no-repeat;}.iksm-22043  .iksm-term__text{flex: unset}.iksm-22043 .iksm-term__posts-count{color:rgba(133,133,133,1);font-size:16px;margin-left:12px;font-weight:400;transition:all 400ms;}\";\n\t        \/\/ Removing this script\n            var this_script = document.getElementById(\"styles-copier-69e272c62b33b\");\n            if (this_script) { \/\/ Cache plugins can remove tag\n\t            this_script.outerHTML = \"\";\n\t            if (this_script.parentNode) {\n\t                this_script.parentNode.removeChild(this_script);\n\t            }\n            }\n        <\/script><div id='iksm-22043' class='iksm iksm-22043 iksm-container '  data-id='22043' data-is-pro='0' data-source='menu'><div class='iksm-terms'><div class='iksm-terms-tree iksm-terms-tree--level-1 iksm-terms-tree--parents' style=''><div class=\"iksm-terms-tree__inner\">\n        <div class=\"iksm-term iksm-term--id-21992 iksm-term--parent\" data-id=\"21992\">\n            <div class=\"iksm-term__inner\" tabindex='0'>\n                <a class=\"iksm-term__link\" href='https:\/\/aswu.edu.eg\/fr\/about\/organizational-structure\/education-and-student-affairs-sector\/university-hostel-administration\/' target='_self' tabindex='-1'>\n\t\t\t\t        <span class=\"iksm-term__text\">Villes Universitaires<\/span>\n\t\t            <\/a>\n\t\t\t        <\/div>\n\t\t        <\/div>\n\n\t\t\n        <div class=\"iksm-term iksm-term--id-22019 iksm-term--parent\" data-id=\"22019\">\n            <div class=\"iksm-term__inner\" tabindex='0'>\n                <a class=\"iksm-term__link\" href='https:\/\/aswu.edu.eg\/fr\/about\/organizational-structure\/education-and-student-affairs-sector\/youth-welfare-department\/' target='_self' tabindex='-1'>\n\t\t\t\t        <span class=\"iksm-term__text\">Central Administration of Student Care<\/span>\n\t\t            <\/a>\n\t\t\t        <\/div>\n\t\t        <\/div>\n\n\t\t\n        <div class=\"iksm-term iksm-term--id-23349 iksm-term--parent\" data-id=\"23349\">\n            <div class=\"iksm-term__inner\" tabindex='0'>\n                <a class=\"iksm-term__link\" href='https:\/\/aswu.edu.eg\/fr\/about\/organizational-structure\/education-and-student-affairs-sector\/medical-administration\/' target='_self' tabindex='-1'>\n\t\t\t\t        <span class=\"iksm-term__text\">Medical Administration<\/span>\n\t\t            <\/a>\n\t\t\t        <\/div>\n\t\t        <\/div>\n\n\t\t\n        <div class=\"iksm-term iksm-term--id-22023 iksm-term--parent\" data-id=\"22023\">\n            <div class=\"iksm-term__inner\" tabindex='0'>\n                <a class=\"iksm-term__link\" href='https:\/\/aswu.edu.eg\/fr\/about\/organizational-structure\/education-and-student-affairs-sector\/general-administration-of-student-affairs\/' target='_self' tabindex='-1'>\n\t\t\t\t        <span class=\"iksm-term__text\">Administration G\u00e9n\u00e9rale des affaires les \u00e9tudiants<\/span>\n\t\t            <\/a>\n\t\t\t        <\/div>\n\t\t        <\/div>\n\n\t\t\n        <div class=\"iksm-term iksm-term--id-22035 iksm-term--parent\" data-id=\"22035\">\n            <div class=\"iksm-term__inner\" tabindex='0'>\n                <a class=\"iksm-term__link\" href='https:\/\/aswu.edu.eg\/fr\/about\/reports\/education-and-student-affairs-sector-reports\/' target='_self' tabindex='-1'>\n\t\t\t\t        <span class=\"iksm-term__text\">Sector Reports<\/span>\n\t\t            <\/a>\n\t\t\t        <\/div>\n\t\t        <\/div>\n\n\t\t<\/div><\/div><\/div><div id=\"iksm_data_args\" class=\"data-args\"  data-collapse_children_terms='1' data-collapse_other_terms='1' data-collapse_animation_duration='400' data-expand_animation_duration='400'><\/div><\/div>\t\t<\/div>\n\t\t\t\t<\/div>\n\t\t\t\t\t<\/div>\n\t\t<\/div>\n\t\t\t\t<div class=\"elementor-column elementor-col-66 elementor-top-column elementor-element elementor-element-a7e254d\" data-id=\"a7e254d\" data-element_type=\"column\">\n\t\t\t<div class=\"elementor-widget-wrap elementor-element-populated\">\n\t\t\t\t\t\t<div class=\"elementor-element elementor-element-2a06c18 elementor-widget elementor-widget-text-editor\" data-id=\"2a06c18\" data-element_type=\"widget\" data-widget_type=\"text-editor.default\">\n\t\t\t\t<div class=\"elementor-widget-container\">\n\t\t\t\t\t\t\t<p style=\"text-align: justify\"><span style=\"color: #333333\">Le secteur\u00a0 des affaires l\u2019\u00e9ducation et les \u00e9tudiants vise \u00e0\u00a0 r\u00e9aliser l\u2019am\u00e9lioration \u00e0 l\u2019universit\u00e9 et la consid\u00e9ration de l\u2019\u00e9tudiant et affirmation sur les axes de qualit\u00e9 et ses crit\u00e8res et ses indices \u00e0 travers la r\u00e9gularit\u00e9 des travaux du conseil les affaires d\u2019\u00e9ducation et les \u00e9tudiants \u00e0 travers l\u2019ann\u00e9e acad\u00e9mique, et fait son r\u00f4le qui concerne les divers aspects de planification, coordination, organisation, et poursuivant les travaux d\u2019\u00e9ducation et les affaires des \u00e9tudiants \u00e0 l\u2019universit\u00e9, et les affaires d\u2019activit\u00e9 culturelle, sportive et sociale comme il estimations dans la loi d\u2019organisation des universit\u00e9s et surtout toutes les entr\u00e9es et sorties les indices et les crit\u00e8res de l\u2019axe de capacit\u00e9 institutionnelle l\u2019axe l&#8217;activit\u00e9 \u00e9ducative qui concerne les affaires l\u2019\u00e9ducation et les \u00e9tudiants.<\/span><\/p>\t\t\t\t\t\t<\/div>\n\t\t\t\t<\/div>\n\t\t\t\t\t<\/div>\n\t\t<\/div>\n\t\t\t\t\t<\/div>\n\t\t<\/section>\n\t\t\t\t<\/div>\n\t\t","protected":false},"excerpt":{"rendered":"<p>Le secteur\u00a0 des affaires l\u2019\u00e9ducation et les \u00e9tudiants vise \u00e0\u00a0 r\u00e9aliser l\u2019am\u00e9lioration \u00e0 l\u2019universit\u00e9 et la consid\u00e9ration de l\u2019\u00e9tudiant et affirmation sur les axes de qualit\u00e9 et ses crit\u00e8res et ses indices \u00e0 travers la r\u00e9gularit\u00e9 des travaux du conseil <a href=\"https:\/\/aswu.edu.eg\/fr\/about\/organizational-structure\/education-and-student-affairs-sector\/\" class=\"read-more\">Read More &#8230;<\/a><\/p>\n<div class=\"pvc_clear\"><\/div>\n<p id=\"pvc_stats_21088\" class=\"pvc_stats all  \" data-element-id=\"21088\" style=\"\"><i class=\"pvc-stats-icon medium\" aria-hidden=\"true\"><svg aria-hidden=\"true\" focusable=\"false\" data-prefix=\"far\" data-icon=\"chart-bar\" role=\"img\" xmlns=\"http:\/\/www.w3.org\/2000\/svg\" viewBox=\"0 0 512 512\" class=\"svg-inline--fa fa-chart-bar fa-w-16 fa-2x\"><path fill=\"currentColor\" d=\"M396.8 352h22.4c6.4 0 12.8-6.4 12.8-12.8V108.8c0-6.4-6.4-12.8-12.8-12.8h-22.4c-6.4 0-12.8 6.4-12.8 12.8v230.4c0 6.4 6.4 12.8 12.8 12.8zm-192 0h22.4c6.4 0 12.8-6.4 12.8-12.8V140.8c0-6.4-6.4-12.8-12.8-12.8h-22.4c-6.4 0-12.8 6.4-12.8 12.8v198.4c0 6.4 6.4 12.8 12.8 12.8zm96 0h22.4c6.4 0 12.8-6.4 12.8-12.8V204.8c0-6.4-6.4-12.8-12.8-12.8h-22.4c-6.4 0-12.8 6.4-12.8 12.8v134.4c0 6.4 6.4 12.8 12.8 12.8zM496 400H48V80c0-8.84-7.16-16-16-16H16C7.16 64 0 71.16 0 80v336c0 17.67 14.33 32 32 32h464c8.84 0 16-7.16 16-16v-16c0-8.84-7.16-16-16-16zm-387.2-48h22.4c6.4 0 12.8-6.4 12.8-12.8v-70.4c0-6.4-6.4-12.8-12.8-12.8h-22.4c-6.4 0-12.8 6.4-12.8 12.8v70.4c0 6.4 6.4 12.8 12.8 12.8z\" class=\"\"><\/path><\/svg><\/i> <img decoding=\"async\" width=\"16\" height=\"16\" alt=\"Loading\" src=\"https:\/\/aswu.edu.eg\/fr\/wp-content\/plugins\/page-views-count\/ajax-loader-2x.gif\" border=0 \/><\/p>\n<div class=\"pvc_clear\"><\/div>\n","protected":false},"author":10,"featured_media":0,"parent":4862,"menu_order":0,"comment_status":"closed","ping_status":"closed","template":"","meta":{"footnotes":""},"rttpg_featured_image_url":null,"rttpg_author":{"display_name":"baivy anton","author_link":"https:\/\/aswu.edu.eg\/fr\/author\/asenweb\/"},"rttpg_comment":0,"rttpg_category":null,"rttpg_excerpt":"Le secteur\u00a0 des affaires l\u2019\u00e9ducation et les \u00e9tudiants vise \u00e0\u00a0 r\u00e9aliser l\u2019am\u00e9lioration \u00e0 l\u2019universit\u00e9 et la consid\u00e9ration de l\u2019\u00e9tudiant et affirmation sur les axes de qualit\u00e9 et ses crit\u00e8res et ses indices \u00e0 travers la r\u00e9gularit\u00e9 des travaux du conseil Read More ...","_links":{"self":[{"href":"https:\/\/aswu.edu.eg\/fr\/wp-json\/wp\/v2\/pages\/21088"}],"collection":[{"href":"https:\/\/aswu.edu.eg\/fr\/wp-json\/wp\/v2\/pages"}],"about":[{"href":"https:\/\/aswu.edu.eg\/fr\/wp-json\/wp\/v2\/types\/page"}],"author":[{"embeddable":true,"href":"https:\/\/aswu.edu.eg\/fr\/wp-json\/wp\/v2\/users\/10"}],"replies":[{"embeddable":true,"href":"https:\/\/aswu.edu.eg\/fr\/wp-json\/wp\/v2\/comments?post=21088"}],"version-history":[{"count":15,"href":"https:\/\/aswu.edu.eg\/fr\/wp-json\/wp\/v2\/pages\/21088\/revisions"}],"predecessor-version":[{"id":30688,"href":"https:\/\/aswu.edu.eg\/fr\/wp-json\/wp\/v2\/pages\/21088\/revisions\/30688"}],"up":[{"embeddable":true,"href":"https:\/\/aswu.edu.eg\/fr\/wp-json\/wp\/v2\/pages\/4862"}],"wp:attachment":[{"href":"https:\/\/aswu.edu.eg\/fr\/wp-json\/wp\/v2\/media?parent=21088"}],"curies":[{"name":"wp","href":"https:\/\/api.w.org\/{rel}","templated":true}]}}