{"id":21118,"date":"2022-11-13T11:10:39","date_gmt":"2022-11-13T11:10:39","guid":{"rendered":"https:\/\/aswu.edu.eg\/en\/?page_id=21118"},"modified":"2024-12-03T09:28:45","modified_gmt":"2024-12-03T09:28:45","slug":"faq","status":"publish","type":"page","link":"https:\/\/aswu.edu.eg\/fr\/contact-us\/faq\/","title":{"rendered":"FAQs"},"content":{"rendered":"\t\t<div data-elementor-type=\"wp-page\" data-elementor-id=\"21118\" class=\"elementor elementor-21118\">\n\t\t\t\t\t\t<section class=\"elementor-section elementor-top-section elementor-element elementor-element-57575d6 elementor-section-boxed elementor-section-height-default elementor-section-height-default\" data-id=\"57575d6\" data-element_type=\"section\">\n\t\t\t\t\t\t<div class=\"elementor-container elementor-column-gap-default\">\n\t\t\t\t\t<div class=\"elementor-column elementor-col-100 elementor-top-column elementor-element elementor-element-dc8e975\" data-id=\"dc8e975\" data-element_type=\"column\">\n\t\t\t<div class=\"elementor-widget-wrap elementor-element-populated\">\n\t\t\t\t\t\t<div class=\"elementor-element elementor-element-67041b9 elementor-widget elementor-widget-toggle\" data-id=\"67041b9\" data-element_type=\"widget\" data-widget_type=\"toggle.default\">\n\t\t\t\t<div class=\"elementor-widget-container\">\n\t\t\t\t\t<div class=\"elementor-toggle\">\n\t\t\t\t\t\t\t<div class=\"elementor-toggle-item\">\n\t\t\t\t\t<h3 id=\"elementor-tab-title-1081\" class=\"elementor-tab-title\" data-tab=\"1\" role=\"button\" aria-controls=\"elementor-tab-content-1081\" aria-expanded=\"false\">\n\t\t\t\t\t\t\t\t\t\t\t\t<span class=\"elementor-toggle-icon elementor-toggle-icon-left\" aria-hidden=\"true\">\n\t\t\t\t\t\t\t\t\t\t\t\t\t\t\t<span class=\"elementor-toggle-icon-closed\"><i class=\"fas fa-plus-square\"><\/i><\/span>\n\t\t\t\t\t\t\t\t<span class=\"elementor-toggle-icon-opened\"><i class=\"elementor-toggle-icon-opened fas fa-minus-square\"><\/i><\/span>\n\t\t\t\t\t\t\t\t\t\t\t\t\t<\/span>\n\t\t\t\t\t\t\t\t\t\t\t\t<a class=\"elementor-toggle-title\" tabindex=\"0\">O\u00f9 se trouvent les facult\u00e9s<\/a>\n\t\t\t\t\t<\/h3>\n\n\t\t\t\t\t<div id=\"elementor-tab-content-1081\" class=\"elementor-tab-content elementor-clearfix\" data-tab=\"1\" role=\"region\" aria-labelledby=\"elementor-tab-title-1081\"><div><strong><span style=\"color: #003366\">Facult\u00e9s \u00e0 Sahari (si\u00e8ge central)\u00a0:<\/span><\/strong><\/div><div style=\"text-align: justify\"><span style=\"color: #333333;font-size: 16px\">Science- M\u00e9decine v\u00e9t\u00e9rinaire-Agriculture et ressources naturelles- P\u00eache et technologie- Travail social- \u00c9ducation physique- Institut de recherche et d\u2019\u00e9tudes africaines et des pays du bassin du Nil<\/span><\/div><div><span style=\"color: #003366\"><b><strong>Facult\u00e9s \u00e0 Sahari<\/strong>:<\/b><\/span><\/div><div><span style=\"color: #333333;font-size: 16px\">Facult\u00e9 des sciences infirmi\u00e8res- Institut technique des sciences infirmi\u00e8res.<\/span><br \/><span style=\"color: #333333;font-size: 16px\">Facult\u00e9s de Sahari-la route de l&#8217;aeroport\u00a0:<\/span><br \/><span style=\"color: #333333;font-size: 16px\">Facult\u00e9 d&#8217;ing\u00e9nerie \u00e9nerg\u00e9tique<\/span><\/div><div><span style=\"color: #003366\"> <b><strong>Facult\u00e9s \u00e0 <\/strong><\/b><b> Abo-Rich:<\/b><\/span><\/div><div><span style=\"color: #333333;font-size: 16px\"><span style=\"color: #333333\">Ing\u00e9nerie<\/span> \/ Commerce<\/span><\/div><div><span style=\"color: #003366\"><b><strong>Facult\u00e9s \u00e0<\/strong> la nouvelle cit\u00e9 d&#8217;Assouan:<\/b><\/span><\/div><div><span style=\"color: #333333;font-size: 16px\">Droit \/Dar-Al-Ouloom \/ Lettres\/ Alsun \/ Arch\u00e9ologie \/ M\u00e9decine<\/span><\/div><div><span style=\"color: #003366\"><b><strong>Facult\u00e9s \u00e0<\/strong> Nafq <span class=\"text__translation\" dir=\"ltr\">r\u00e9gion<\/span>:<\/b><\/span><\/div><div><span style=\"color: #333333\">Education\/ Education <span style=\"font-size: 16px\">Sp\u00e9cifique<\/span><\/span><\/div><\/div>\n\t\t\t\t<\/div>\n\t\t\t\t\t\t\t<div class=\"elementor-toggle-item\">\n\t\t\t\t\t<h3 id=\"elementor-tab-title-1082\" class=\"elementor-tab-title\" data-tab=\"2\" role=\"button\" aria-controls=\"elementor-tab-content-1082\" aria-expanded=\"false\">\n\t\t\t\t\t\t\t\t\t\t\t\t<span class=\"elementor-toggle-icon elementor-toggle-icon-left\" aria-hidden=\"true\">\n\t\t\t\t\t\t\t\t\t\t\t\t\t\t\t<span class=\"elementor-toggle-icon-closed\"><i class=\"fas fa-plus-square\"><\/i><\/span>\n\t\t\t\t\t\t\t\t<span class=\"elementor-toggle-icon-opened\"><i class=\"elementor-toggle-icon-opened fas fa-minus-square\"><\/i><\/span>\n\t\t\t\t\t\t\t\t\t\t\t\t\t<\/span>\n\t\t\t\t\t\t\t\t\t\t\t\t<a class=\"elementor-toggle-title\" tabindex=\"0\">Quels sont les programmes d\u2019\u00e9tudes disponibles \u00e0 l\u2019Universit\u00e9<\/a>\n\t\t\t\t\t<\/h3>\n\n\t\t\t\t\t<div id=\"elementor-tab-content-1082\" class=\"elementor-tab-content elementor-clearfix\" data-tab=\"2\" role=\"region\" aria-labelledby=\"elementor-tab-title-1082\"><div><span style=\"font-family: Cairo\"><span style=\"color: #333333\">Pour conna\u00eetre les programmes acad\u00e9miques<\/span> <span style=\"text-decoration: underline\"><span style=\"color: #0000ff;text-decoration: underline\"><a style=\"color: #0000ff;text-decoration: underline\" href=\"https:\/\/aswu.edu.eg\/en\/education\/colleges-and-institutes\/\">cliquez ici<\/a><\/span><\/span><\/span><\/div><div><span style=\"font-family: Cairo\"><span style=\"color: #333333\">Pour conna\u00eetre les programmes d\u2019\u00e9tudes sup\u00e9rieures<\/span>\u00a0 <span style=\"text-decoration: underline;color: #0000ff\"><a style=\"color: #0000ff;text-decoration: underline\" href=\"https:\/\/aswu.edu.eg\/en\/education\/postgraduate-programs\/\">cliquez ici<\/a><\/span><\/span><\/div><\/div>\n\t\t\t\t<\/div>\n\t\t\t\t\t\t\t<div class=\"elementor-toggle-item\">\n\t\t\t\t\t<h3 id=\"elementor-tab-title-1083\" class=\"elementor-tab-title\" data-tab=\"3\" role=\"button\" aria-controls=\"elementor-tab-content-1083\" aria-expanded=\"false\">\n\t\t\t\t\t\t\t\t\t\t\t\t<span class=\"elementor-toggle-icon elementor-toggle-icon-left\" aria-hidden=\"true\">\n\t\t\t\t\t\t\t\t\t\t\t\t\t\t\t<span class=\"elementor-toggle-icon-closed\"><i class=\"fas fa-plus-square\"><\/i><\/span>\n\t\t\t\t\t\t\t\t<span class=\"elementor-toggle-icon-opened\"><i class=\"elementor-toggle-icon-opened fas fa-minus-square\"><\/i><\/span>\n\t\t\t\t\t\t\t\t\t\t\t\t\t<\/span>\n\t\t\t\t\t\t\t\t\t\t\t\t<a class=\"elementor-toggle-title\" tabindex=\"0\">Comment lier un num\u00e9ro de t\u00e9l\u00e9phone mobile \u00e0 un email universitaire<\/a>\n\t\t\t\t\t<\/h3>\n\n\t\t\t\t\t<div id=\"elementor-tab-content-1083\" class=\"elementor-tab-content elementor-clearfix\" data-tab=\"3\" role=\"region\" aria-labelledby=\"elementor-tab-title-1083\"><p dir=\"ltr\" style=\"text-align: left\"><span style=\"font-family: Cairo;font-size: 16px;color: #333333\">Cher utilisateur d&#8217;email universitaire, voici une vid\u00e9o explicative sur la fa\u00e7on de connecter un t\u00e9l\u00e9phone mobile \u00e0 l\u2019e-mail universitaire. Pour regarder,<span style=\"text-decoration: underline;color: #0000ff\"> <span><a style=\"color: #0000ff;text-decoration: underline\" href=\"https:\/\/youtu.be\/Ot5x1QOK3-I\">cliquez ici<\/a><\/span><\/span><\/span><\/p><p dir=\"rtl\" style=\"text-align: justify\">\u00a0<\/p><\/div>\n\t\t\t\t<\/div>\n\t\t\t\t\t\t\t<div class=\"elementor-toggle-item\">\n\t\t\t\t\t<h3 id=\"elementor-tab-title-1084\" class=\"elementor-tab-title\" data-tab=\"4\" role=\"button\" aria-controls=\"elementor-tab-content-1084\" aria-expanded=\"false\">\n\t\t\t\t\t\t\t\t\t\t\t\t<span class=\"elementor-toggle-icon elementor-toggle-icon-left\" aria-hidden=\"true\">\n\t\t\t\t\t\t\t\t\t\t\t\t\t\t\t<span class=\"elementor-toggle-icon-closed\"><i class=\"fas fa-plus-square\"><\/i><\/span>\n\t\t\t\t\t\t\t\t<span class=\"elementor-toggle-icon-opened\"><i class=\"elementor-toggle-icon-opened fas fa-minus-square\"><\/i><\/span>\n\t\t\t\t\t\t\t\t\t\t\t\t\t<\/span>\n\t\t\t\t\t\t\t\t\t\t\t\t<a class=\"elementor-toggle-title\" tabindex=\"0\"> R\u00e9soudre le probl\u00e8me de la r\u00e9p\u00e9tition de la demande de mot de passe et de code de v\u00e9rification lors de l\u2019ouverture d'email universitaire<\/a>\n\t\t\t\t\t<\/h3>\n\n\t\t\t\t\t<div id=\"elementor-tab-content-1084\" class=\"elementor-tab-content elementor-clearfix\" data-tab=\"4\" role=\"region\" aria-labelledby=\"elementor-tab-title-1084\"><p dir=\"rtl\" style=\"text-align: left\">P<span style=\"font-size: 16px;color: #333333\">our conna\u00eetre les \u00e9tapes n\u00e9cessaires afin d\u2019\u00e9viter le probl\u00e8me de la r\u00e9p\u00e9tition du mot de passe et du code de v\u00e9rification lors de l\u2019ouverture d&#8217;email universitaire \u00e0 partir du mobile, vous pouvez regarder la vid\u00e9o par<\/span><span style=\"text-decoration: underline;color: #0000ff\"> <a style=\"color: #0000ff;text-decoration: underline\" href=\"https:\/\/youtu.be\/vlIrzZ_wKmM\">cliquez ici<\/a><\/span>\u00a0<\/p><\/div>\n\t\t\t\t<\/div>\n\t\t\t\t\t\t\t<div class=\"elementor-toggle-item\">\n\t\t\t\t\t<h3 id=\"elementor-tab-title-1085\" class=\"elementor-tab-title\" data-tab=\"5\" role=\"button\" aria-controls=\"elementor-tab-content-1085\" aria-expanded=\"false\">\n\t\t\t\t\t\t\t\t\t\t\t\t<span class=\"elementor-toggle-icon elementor-toggle-icon-left\" aria-hidden=\"true\">\n\t\t\t\t\t\t\t\t\t\t\t\t\t\t\t<span class=\"elementor-toggle-icon-closed\"><i class=\"fas fa-plus-square\"><\/i><\/span>\n\t\t\t\t\t\t\t\t<span class=\"elementor-toggle-icon-opened\"><i class=\"elementor-toggle-icon-opened fas fa-minus-square\"><\/i><\/span>\n\t\t\t\t\t\t\t\t\t\t\t\t\t<\/span>\n\t\t\t\t\t\t\t\t\t\t\t\t<a class=\"elementor-toggle-title\" tabindex=\"0\">R\u00e9soudre le probl\u00e8me de changement du num\u00e9ro mobile li\u00e9 \u00e0 l'email universitaire ou d\u2019ajout d\u2019une application<\/a>\n\t\t\t\t\t<\/h3>\n\n\t\t\t\t\t<div id=\"elementor-tab-content-1085\" class=\"elementor-tab-content elementor-clearfix\" data-tab=\"5\" role=\"region\" aria-labelledby=\"elementor-tab-title-1085\"><p dir=\"rtl\" style=\"text-align: left\"><span style=\"font-family: Cairo\"><span style=\"color: #333333\">A<span style=\"font-size: 16px\">ux utilisateurs d&#8217;email universitaire, vous pouvez modifier le num\u00e9ro de t\u00e9l\u00e9phone portable li\u00e9 \u00e0 l\u2019e-mail universitaire ainsi que d\u2019ajouter une application en suivant les \u00e9tapes montr\u00e9es dans la vid\u00e9o suivante<\/span><\/span>\u00a0 <span style=\"text-decoration: underline\"><span style=\"color: #0000ff;text-decoration: underline\"><a style=\"color: #0000ff;text-decoration: underline\" href=\"https:\/\/youtu.be\/sI5GFFJKv2Q\">d&#8217;ici<\/a><\/span><\/span><\/span><\/p><\/div>\n\t\t\t\t<\/div>\n\t\t\t\t\t\t\t<div class=\"elementor-toggle-item\">\n\t\t\t\t\t<h3 id=\"elementor-tab-title-1086\" class=\"elementor-tab-title\" data-tab=\"6\" role=\"button\" aria-controls=\"elementor-tab-content-1086\" aria-expanded=\"false\">\n\t\t\t\t\t\t\t\t\t\t\t\t<span class=\"elementor-toggle-icon elementor-toggle-icon-left\" aria-hidden=\"true\">\n\t\t\t\t\t\t\t\t\t\t\t\t\t\t\t<span class=\"elementor-toggle-icon-closed\"><i class=\"fas fa-plus-square\"><\/i><\/span>\n\t\t\t\t\t\t\t\t<span class=\"elementor-toggle-icon-opened\"><i class=\"elementor-toggle-icon-opened fas fa-minus-square\"><\/i><\/span>\n\t\t\t\t\t\t\t\t\t\t\t\t\t<\/span>\n\t\t\t\t\t\t\t\t\t\t\t\t<a class=\"elementor-toggle-title\" tabindex=\"0\">Comment changer l\u2019email de l\u2019universit\u00e9 et la raccourcir en conservant toute votre correspondance<\/a>\n\t\t\t\t\t<\/h3>\n\n\t\t\t\t\t<div id=\"elementor-tab-content-1086\" class=\"elementor-tab-content elementor-clearfix\" data-tab=\"6\" role=\"region\" aria-labelledby=\"elementor-tab-title-1086\"><p><span style=\"color: #333333\"><span style=\"font-size: 16px\">Pour savoir comment raccourcir ou mettre \u00e0 jour le nom d\u2019utilisateur de l\u2019email universitaire, en conservant tous les messages pr\u00e9c\u00e9dents et en recevant \u00e9galement tous les messages envoy\u00e9s sur votre e-mail avant de le modifier, comme si rien n\u2019avait chang\u00e9<\/span>,<span style=\"color: #0000ff\"><a style=\"color: #0000ff\" href=\"https:\/\/www.youtube.com\/watch?v=ObzapQtYKuE\"> cliquez ici<\/a>\u00a0<\/span><\/span><\/p><\/div>\n\t\t\t\t<\/div>\n\t\t\t\t\t\t\t\t<\/div>\n\t\t\t\t<\/div>\n\t\t\t\t<\/div>\n\t\t\t\t\t<\/div>\n\t\t<\/div>\n\t\t\t\t\t<\/div>\n\t\t<\/section>\n\t\t\t\t<\/div>\n\t\t","protected":false},"excerpt":{"rendered":"<p>O\u00f9 se trouvent les facult\u00e9s Facult\u00e9s \u00e0 Sahari (si\u00e8ge central)\u00a0:Science- M\u00e9decine v\u00e9t\u00e9rinaire-Agriculture et ressources naturelles- P\u00eache et technologie- Travail social- \u00c9ducation physique- Institut de recherche et d\u2019\u00e9tudes africaines et des pays du bassin du NilFacult\u00e9s \u00e0 Sahari:Facult\u00e9 des sciences infirmi\u00e8res- <a href=\"https:\/\/aswu.edu.eg\/fr\/contact-us\/faq\/\" class=\"read-more\">Read More &#8230;<\/a><\/p>\n<div class=\"pvc_clear\"><\/div>\n<p id=\"pvc_stats_21118\" class=\"pvc_stats all  \" data-element-id=\"21118\" style=\"\"><i class=\"pvc-stats-icon medium\" aria-hidden=\"true\"><svg aria-hidden=\"true\" focusable=\"false\" data-prefix=\"far\" data-icon=\"chart-bar\" role=\"img\" xmlns=\"http:\/\/www.w3.org\/2000\/svg\" viewBox=\"0 0 512 512\" class=\"svg-inline--fa fa-chart-bar fa-w-16 fa-2x\"><path fill=\"currentColor\" d=\"M396.8 352h22.4c6.4 0 12.8-6.4 12.8-12.8V108.8c0-6.4-6.4-12.8-12.8-12.8h-22.4c-6.4 0-12.8 6.4-12.8 12.8v230.4c0 6.4 6.4 12.8 12.8 12.8zm-192 0h22.4c6.4 0 12.8-6.4 12.8-12.8V140.8c0-6.4-6.4-12.8-12.8-12.8h-22.4c-6.4 0-12.8 6.4-12.8 12.8v198.4c0 6.4 6.4 12.8 12.8 12.8zm96 0h22.4c6.4 0 12.8-6.4 12.8-12.8V204.8c0-6.4-6.4-12.8-12.8-12.8h-22.4c-6.4 0-12.8 6.4-12.8 12.8v134.4c0 6.4 6.4 12.8 12.8 12.8zM496 400H48V80c0-8.84-7.16-16-16-16H16C7.16 64 0 71.16 0 80v336c0 17.67 14.33 32 32 32h464c8.84 0 16-7.16 16-16v-16c0-8.84-7.16-16-16-16zm-387.2-48h22.4c6.4 0 12.8-6.4 12.8-12.8v-70.4c0-6.4-6.4-12.8-12.8-12.8h-22.4c-6.4 0-12.8 6.4-12.8 12.8v70.4c0 6.4 6.4 12.8 12.8 12.8z\" class=\"\"><\/path><\/svg><\/i> <img decoding=\"async\" width=\"16\" height=\"16\" alt=\"Loading\" src=\"https:\/\/aswu.edu.eg\/fr\/wp-content\/plugins\/page-views-count\/ajax-loader-2x.gif\" border=0 \/><\/p>\n<div class=\"pvc_clear\"><\/div>\n","protected":false},"author":10,"featured_media":0,"parent":7208,"menu_order":0,"comment_status":"closed","ping_status":"closed","template":"","meta":{"footnotes":""},"rttpg_featured_image_url":null,"rttpg_author":{"display_name":"baivy anton","author_link":"https:\/\/aswu.edu.eg\/fr\/author\/asenweb\/"},"rttpg_comment":0,"rttpg_category":null,"rttpg_excerpt":"O\u00f9 se trouvent les facult\u00e9s Facult\u00e9s \u00e0 Sahari (si\u00e8ge central)\u00a0:Science- M\u00e9decine v\u00e9t\u00e9rinaire-Agriculture et ressources naturelles- P\u00eache et technologie- Travail social- \u00c9ducation physique- Institut de recherche et d\u2019\u00e9tudes africaines et des pays du bassin du NilFacult\u00e9s \u00e0 Sahari:Facult\u00e9 des sciences infirmi\u00e8res- Read More ...","_links":{"self":[{"href":"https:\/\/aswu.edu.eg\/fr\/wp-json\/wp\/v2\/pages\/21118"}],"collection":[{"href":"https:\/\/aswu.edu.eg\/fr\/wp-json\/wp\/v2\/pages"}],"about":[{"href":"https:\/\/aswu.edu.eg\/fr\/wp-json\/wp\/v2\/types\/page"}],"author":[{"embeddable":true,"href":"https:\/\/aswu.edu.eg\/fr\/wp-json\/wp\/v2\/users\/10"}],"replies":[{"embeddable":true,"href":"https:\/\/aswu.edu.eg\/fr\/wp-json\/wp\/v2\/comments?post=21118"}],"version-history":[{"count":86,"href":"https:\/\/aswu.edu.eg\/fr\/wp-json\/wp\/v2\/pages\/21118\/revisions"}],"predecessor-version":[{"id":30653,"href":"https:\/\/aswu.edu.eg\/fr\/wp-json\/wp\/v2\/pages\/21118\/revisions\/30653"}],"up":[{"embeddable":true,"href":"https:\/\/aswu.edu.eg\/fr\/wp-json\/wp\/v2\/pages\/7208"}],"wp:attachment":[{"href":"https:\/\/aswu.edu.eg\/fr\/wp-json\/wp\/v2\/media?parent=21118"}],"curies":[{"name":"wp","href":"https:\/\/api.w.org\/{rel}","templated":true}]}}