{"id":21735,"date":"2022-11-14T11:53:31","date_gmt":"2022-11-14T11:53:31","guid":{"rendered":"https:\/\/aswu.edu.eg\/en\/?page_id=21735"},"modified":"2023-01-18T11:13:12","modified_gmt":"2023-01-18T11:13:12","slug":"ongoing-research-projects-aswu","status":"publish","type":"page","link":"https:\/\/aswu.edu.eg\/fr\/research\/research-projects\/ongoing-research-projects-aswu\/","title":{"rendered":"Projets de recherche en cours"},"content":{"rendered":"\t\t<div data-elementor-type=\"wp-page\" data-elementor-id=\"21735\" class=\"elementor elementor-21735\">\n\t\t\t\t\t\t<section class=\"elementor-section elementor-top-section elementor-element elementor-element-b854071 elementor-section-boxed elementor-section-height-default elementor-section-height-default\" data-id=\"b854071\" data-element_type=\"section\">\n\t\t\t\t\t\t<div class=\"elementor-container elementor-column-gap-default\">\n\t\t\t\t\t<div class=\"elementor-column elementor-col-50 elementor-top-column elementor-element elementor-element-044df60\" data-id=\"044df60\" data-element_type=\"column\">\n\t\t\t<div class=\"elementor-widget-wrap elementor-element-populated\">\n\t\t\t\t\t\t<div class=\"elementor-element elementor-element-09f94f8 elementor-widget elementor-widget-wp-widget-iksm-widget\" data-id=\"09f94f8\" data-element_type=\"widget\" data-widget_type=\"wp-widget-iksm-widget.default\">\n\t\t\t\t<div class=\"elementor-widget-container\">\n\t\t\t<script id=\"styles-copier-6a04f2c2ac64a\">\n\t\t\t\/\/ Finding styles element\n\t        var element = document.getElementById(\"iksm-dynamic-style\");\n\t        if (!element) { \/\/ If no element (Cache plugins can remove tag), then creating a new one\n                element = document.createElement('style');\n                var head = document.getElementsByTagName(\"head\")\n                if (head && head[0]) {\n                \thead[0].appendChild(element);\n                } else {\n                  \tconsole.warn(\"Iks Menu | Error while printing styles. Please contact technical support.\");\n                }\n\t        }\n\t\t\t\/\/ Copying styles to <styles> tag\n\t        element.innerHTML += \".iksm-21756 .iksm-terms{background-color:rgba(243,243,243,1);width:220px;transition:all 400ms;animation:iks-fade-in 1000ms;}.iksm-21756 .iksm-term__inner{background-color:rgba(231,231,231,1);margin-top:3px;min-height:44px;transition:all 400ms;}.iksm-21756 .iksm-term__inner:hover{background-color:rgba(220,220,220,1);}.iksm-21756 .iksm-term--current > .iksm-term__inner{background-color:rgba(202,229,239,1);}.iksm-21756 .iksm-term__link{color:rgba(0,0,0,1);font-size:15px;line-height:15px;font-weight:400;text-align:left;text-decoration:none;padding-top:5px;padding-right:10px;padding-bottom:5px;padding-left:15px;transition:all 400ms;}.iksm-21756 .iksm-term__inner:hover .iksm-term__link{color:rgba(50,50,50,1);}.iksm-21756 .iksm-term__toggle__inner{transition:transform 400ms}.iksm-21756 .iksm-term--expanded > .iksm-term__inner > .iksm-term__toggle > .iksm-term__toggle__inner{transform:rotate(180deg);}.iksm-21756 .iksm-term__toggle{color:rgba(133,133,133,1);font-size:16px;align-self:unset;;height:25px;width:25px;margin-right:7px;transition:all 400ms;}.iksm-21756 .iksm-term__toggle:hover{color:rgba(0,0,0,1);}.iksm-21756 .iksm-term__image-container{width:30px;min-width:30px;height:30px;min-height:30px;margin-right:15px;transition:all 400ms;}.iksm-21756 .iksm-term__image{background-size:contain;background-position:center;background-repeat:no-repeat;}.iksm-21756 .iksm-term__image-container:hover{background-size:contain;background-position:center;background-repeat:no-repeat;}.iksm-21756 .iksm-term__inner:hover .iksm-term__image-container{background-size:contain;background-position:center;background-repeat:no-repeat;}.iksm-21756 .iksm-term__inner:focus .iksm-term__image-container{background-size:contain;background-position:center;background-repeat:no-repeat;}.iksm-21756 .iksm-term--current > .iksm-term__inner .iksm-term__image-container{background-size:contain;background-position:center;background-repeat:no-repeat;}.iksm-21756 .iksm-term--child .iksm-term__inner .iksm-term__image-container{background-size:contain;background-position:center;background-repeat:no-repeat;}.iksm-21756 .iksm-term--child .iksm-term__inner .iksm-term__image-container:hover{background-size:contain;background-position:center;background-repeat:no-repeat;}.iksm-21756 .iksm-term--child .iksm-term__inner .iksm-term__image-container:focus{background-size:contain;background-position:center;background-repeat:no-repeat;}.iksm-21756 .iksm-term--child.iksm-term--current > .iksm-term__inner .iksm-term__image-container{background-size:contain;background-position:center;background-repeat:no-repeat;}.iksm-21756  .iksm-term__text{flex: unset}.iksm-21756 .iksm-term__posts-count{color:rgba(133,133,133,1);font-size:16px;margin-left:12px;font-weight:400;transition:all 400ms;}\";\n\t        \/\/ Removing this script\n            var this_script = document.getElementById(\"styles-copier-6a04f2c2ac64a\");\n            if (this_script) { \/\/ Cache plugins can remove tag\n\t            this_script.outerHTML = \"\";\n\t            if (this_script.parentNode) {\n\t                this_script.parentNode.removeChild(this_script);\n\t            }\n            }\n        <\/script><div id='iksm-21756' class='iksm iksm-21756 iksm-container '  data-id='21756' data-is-pro='0' data-source='menu'><div class='iksm-terms'><div class='iksm-terms-tree iksm-terms-tree--level-1 iksm-terms-tree--parents' style=''><div class=\"iksm-terms-tree__inner\">\n        <div class=\"iksm-term iksm-term--id-21754 iksm-term--parent\" data-id=\"21754\">\n            <div class=\"iksm-term__inner\" tabindex='0'>\n                <a class=\"iksm-term__link\" href='https:\/\/aswu.edu.eg\/fr\/research\/research-projects\/ongoing-research-projects-aswu\/' target='_self' tabindex='-1'>\n\t\t\t\t        <span class=\"iksm-term__text\">Projets de recherche en cours<\/span>\n\t\t            <\/a>\n\t\t\t        <\/div>\n\t\t        <\/div>\n\n\t\t\n        <div class=\"iksm-term iksm-term--id-21753 iksm-term--parent\" data-id=\"21753\">\n            <div class=\"iksm-term__inner\" tabindex='0'>\n                <a class=\"iksm-term__link\" href='https:\/\/aswu.edu.eg\/fr\/research\/research-projects\/completed-research-projects-aswu\/' target='_self' tabindex='-1'>\n\t\t\t\t        <span class=\"iksm-term__text\">Projets de recherches compl\u00e9t\u00e9s<\/span>\n\t\t            <\/a>\n\t\t\t        <\/div>\n\t\t        <\/div>\n\n\t\t<\/div><\/div><\/div><div id=\"iksm_data_args\" class=\"data-args\"  data-collapse_children_terms='1' data-collapse_other_terms='1' data-collapse_animation_duration='400' data-expand_animation_duration='400'><\/div><\/div>\t\t<\/div>\n\t\t\t\t<\/div>\n\t\t\t\t\t<\/div>\n\t\t<\/div>\n\t\t\t\t<div class=\"elementor-column elementor-col-50 elementor-top-column elementor-element elementor-element-cc18dfa\" data-id=\"cc18dfa\" data-element_type=\"column\">\n\t\t\t<div class=\"elementor-widget-wrap elementor-element-populated\">\n\t\t\t\t\t\t<div class=\"elementor-element elementor-element-cb36d97 elementor-widget elementor-widget-toggle\" data-id=\"cb36d97\" data-element_type=\"widget\" data-widget_type=\"toggle.default\">\n\t\t\t\t<div class=\"elementor-widget-container\">\n\t\t\t\t\t<div class=\"elementor-toggle\">\n\t\t\t\t\t\t\t<div class=\"elementor-toggle-item\">\n\t\t\t\t\t<h3 id=\"elementor-tab-title-2131\" class=\"elementor-tab-title\" data-tab=\"1\" role=\"button\" aria-controls=\"elementor-tab-content-2131\" aria-expanded=\"false\">\n\t\t\t\t\t\t\t\t\t\t\t\t<span class=\"elementor-toggle-icon elementor-toggle-icon-left\" aria-hidden=\"true\">\n\t\t\t\t\t\t\t\t\t\t\t\t\t\t\t<span class=\"elementor-toggle-icon-closed\"><i class=\"fas fa-plus-square\"><\/i><\/span>\n\t\t\t\t\t\t\t\t<span class=\"elementor-toggle-icon-opened\"><i class=\"elementor-toggle-icon-opened fas fa-minus-square\"><\/i><\/span>\n\t\t\t\t\t\t\t\t\t\t\t\t\t<\/span>\n\t\t\t\t\t\t\t\t\t\t\t\t<a class=\"elementor-toggle-title\" tabindex=\"0\">Programme d\u2019\u00e9nergie renou\u00e9 <\/a>\n\t\t\t\t\t<\/h3>\n\n\t\t\t\t\t<div id=\"elementor-tab-content-2131\" class=\"elementor-tab-content elementor-clearfix\" data-tab=\"1\" role=\"region\" aria-labelledby=\"elementor-tab-title-2131\"><table style=\"border-collapse: collapse;width: 100%\"><tbody><tr style=\"background-color: #fff !important\"><td style=\"width: 50%\"><p style=\"text-align: justify\"><span style=\"color: #333333\">Le nouveau programme, d\u00e9velopp\u00e9 par l\u2019agence des Etats-Unis pour l\u2019international d\u00e9veloppement USAID\u00a0 en participation avec le minist\u00e8re d\u2019\u00e9ducation, aide plus de 300 \u00e9tudiants des \u00e9coles techniques \u00e0 Assouan Hurghada sp\u00e9cialis\u00e9 aux curriculums d\u2019\u00e9nergie renou\u00e9 et leur pr\u00e9parent pour travailler en \u00c9gypte secteur de solaire \u00e9nergie et \u00e9nergie \u00e9olienne.<\/span><\/p><p style=\"text-align: justify\"><span style=\"color: #333333\">pour plus d&#8217;information<span style=\"text-decoration: underline\">,<\/span><\/span><span style=\"color: #0000ff\"><a style=\"color: #0000ff\" href=\"https:\/\/eg.usembassy.gov\/usaid-ministry-education-launch-renewable-energy-curriculum\/\"><span style=\"text-decoration: underline\"> cliquez ici.<\/span>..<\/a><\/span><\/p><p dir=\"ltr\" style=\"text-align: justify\">\u00a0<\/p><\/td><td style=\"width: 50%\">\u00a0<\/td><\/tr><\/tbody><\/table><\/div>\n\t\t\t\t<\/div>\n\t\t\t\t\t\t\t<div class=\"elementor-toggle-item\">\n\t\t\t\t\t<h3 id=\"elementor-tab-title-2132\" class=\"elementor-tab-title\" data-tab=\"2\" role=\"button\" aria-controls=\"elementor-tab-content-2132\" aria-expanded=\"false\">\n\t\t\t\t\t\t\t\t\t\t\t\t<span class=\"elementor-toggle-icon elementor-toggle-icon-left\" aria-hidden=\"true\">\n\t\t\t\t\t\t\t\t\t\t\t\t\t\t\t<span class=\"elementor-toggle-icon-closed\"><i class=\"fas fa-plus-square\"><\/i><\/span>\n\t\t\t\t\t\t\t\t<span class=\"elementor-toggle-icon-opened\"><i class=\"elementor-toggle-icon-opened fas fa-minus-square\"><\/i><\/span>\n\t\t\t\t\t\t\t\t\t\t\t\t\t<\/span>\n\t\t\t\t\t\t\t\t\t\t\t\t<a class=\"elementor-toggle-title\" tabindex=\"0\">Centre d\u2019excellence d\u2019eaux<\/a>\n\t\t\t\t\t<\/h3>\n\n\t\t\t\t\t<div id=\"elementor-tab-content-2132\" class=\"elementor-tab-content elementor-clearfix\" data-tab=\"2\" role=\"region\" aria-labelledby=\"elementor-tab-title-2132\"><table style=\"border-collapse: collapse;width: 100%\"><tbody><tr style=\"background-color: #fff !important\"><td style=\"width: 65.0944%\"><p style=\"text-align: justify\"><span style=\"color: #333333\">Un partenariat repr\u00e9sent\u00e9 en \u00ab Centre d\u2019excellence d\u2019eaux \u00bb qu\u2019a ouvert en 12 d\u00e9cembre 2019 \u00e0 la facult\u00e9 d\u2019ing\u00e9nierie- universit\u00e9 d\u2019Alexandrie.\u00a0<\/span><\/p><p style=\"text-align: justify\"><span style=\"color: #333333\">Le projet d\u00e9veloppe et expose la gouvernance durable de fortifier la capacit\u00e9 de recherche \u00e9gyptienne au domaine l\u2019eau.<\/span><\/p><\/td><td style=\"width: 34.9056%;text-align: justify\"><span style=\"color: #333333;font-size: 12pt;font-family: Cairo\"><img fetchpriority=\"high\" decoding=\"async\" class=\"alignnone size-medium wp-image-41705\" src=\"https:\/\/aswu.edu.eg\/wp-content\/uploads\/Untitled-119-300x195.jpg\" alt=\"\" width=\"300\" height=\"195\" \/><\/span><\/td><\/tr><\/tbody><\/table><\/div>\n\t\t\t\t<\/div>\n\t\t\t\t\t\t\t<div class=\"elementor-toggle-item\">\n\t\t\t\t\t<h3 id=\"elementor-tab-title-2133\" class=\"elementor-tab-title\" data-tab=\"3\" role=\"button\" aria-controls=\"elementor-tab-content-2133\" aria-expanded=\"false\">\n\t\t\t\t\t\t\t\t\t\t\t\t<span class=\"elementor-toggle-icon elementor-toggle-icon-left\" aria-hidden=\"true\">\n\t\t\t\t\t\t\t\t\t\t\t\t\t\t\t<span class=\"elementor-toggle-icon-closed\"><i class=\"fas fa-plus-square\"><\/i><\/span>\n\t\t\t\t\t\t\t\t<span class=\"elementor-toggle-icon-opened\"><i class=\"elementor-toggle-icon-opened fas fa-minus-square\"><\/i><\/span>\n\t\t\t\t\t\t\t\t\t\t\t\t\t<\/span>\n\t\t\t\t\t\t\t\t\t\t\t\t<a class=\"elementor-toggle-title\" tabindex=\"0\">Centre de recherche d\u2019\u00e9nergie renou\u00e9<\/a>\n\t\t\t\t\t<\/h3>\n\n\t\t\t\t\t<div id=\"elementor-tab-content-2133\" class=\"elementor-tab-content elementor-clearfix\" data-tab=\"3\" role=\"region\" aria-labelledby=\"elementor-tab-title-2133\"><table dir=\"rtl\" style=\"border-collapse: collapse;width: 100%\"><tbody><tr style=\"background-color: #fff !important\"><td dir=\"rtl\" style=\"width: 50%;text-align: justify\"><span style=\"color: #333333;font-size: 12pt;font-family: Cairo\">\u00a0<\/span><\/td><td dir=\"ltr\" style=\"width: 50%;text-align: justify\"><p style=\"text-align: justify\"><span style=\"color: #333333\">A \u00e9t\u00e9 approuv\u00e9 de cr\u00e9er un centre de recherches d\u2019\u00e9nergie renou\u00e9 apr\u00e8s la rencontre prof. Dr. Ahmed Mohamed Ibrahim prof de chimie de cellular solaire sensible aux colorants et directeur de chimie de polym\u00e8re \u00e0 l\u2019universit\u00e9 de Carolina nordique<\/span> <a style=\"font-size: 12pt;color: #0000ff\" href=\"https:\/\/www.natureasia.com\/en\/nmiddleeast\/article\/10.1038\/nmiddleeast.2019.60\">Nature Middle East<\/a><span style=\"font-size: 12pt;color: #333333\">,<\/span> <span style=\"color: #0000ff;font-size: 12pt\"><a style=\"color: #0000ff\" href=\"https:\/\/news.mit.edu\/2019\/usaid-grant-30-million-energy-challenges-egypt-0327\">MIT Institute<\/a><\/span><span style=\"color: #0000ff;font-size: 12pt\">.<\/span><\/p><\/td><\/tr><\/tbody><\/table><\/div>\n\t\t\t\t<\/div>\n\t\t\t\t\t\t\t<div class=\"elementor-toggle-item\">\n\t\t\t\t\t<h3 id=\"elementor-tab-title-2134\" class=\"elementor-tab-title\" data-tab=\"4\" role=\"button\" aria-controls=\"elementor-tab-content-2134\" aria-expanded=\"false\">\n\t\t\t\t\t\t\t\t\t\t\t\t<span class=\"elementor-toggle-icon elementor-toggle-icon-left\" aria-hidden=\"true\">\n\t\t\t\t\t\t\t\t\t\t\t\t\t\t\t<span class=\"elementor-toggle-icon-closed\"><i class=\"fas fa-plus-square\"><\/i><\/span>\n\t\t\t\t\t\t\t\t<span class=\"elementor-toggle-icon-opened\"><i class=\"elementor-toggle-icon-opened fas fa-minus-square\"><\/i><\/span>\n\t\t\t\t\t\t\t\t\t\t\t\t\t<\/span>\n\t\t\t\t\t\t\t\t\t\t\t\t<a class=\"elementor-toggle-title\" tabindex=\"0\">Protocole de coop\u00e9ration au domaine d\u2019irrigation intelligent<\/a>\n\t\t\t\t\t<\/h3>\n\n\t\t\t\t\t<div id=\"elementor-tab-content-2134\" class=\"elementor-tab-content elementor-clearfix\" data-tab=\"4\" role=\"region\" aria-labelledby=\"elementor-tab-title-2134\"><table style=\"border-collapse: collapse;width: 100%\"><tbody><tr style=\"background-color: #fff !important\"><td style=\"width: 67.2269%;text-align: justify\"><p><span style=\"color: #333333\">En partenariat avec l\u2019universit\u00e9 d\u2019Assouan et le centre arabo-chinois, l\u2019acad\u00e9mique arabe de technologie, Technologie et Maritime Transport<\/span><\/p><p><span style=\"color: #333333\">Pour plus d\u2019informations,<span style=\"text-decoration: underline\"><span style=\"color: #0000ff\"> <a style=\"color: #0000ff;text-decoration: underline\" href=\"https:\/\/aswu.edu.eg\/en\/aswan-university-council-approves-on-establishing-new-and-renewable-energy-research-center\/\">cliquez ici\u2026<\/a><\/span><\/span><\/span><\/p><p>\u00a0<\/p><\/td><td style=\"width: 32.7731%\"><img decoding=\"async\" class=\"alignnone size-medium wp-image-40306\" src=\"https:\/\/aswu.edu.eg\/wp-content\/uploads\/COUNCIL1-300x195.jpg\" alt=\"\" width=\"300\" height=\"195\" \/><\/td><\/tr><\/tbody><\/table><\/div>\n\t\t\t\t<\/div>\n\t\t\t\t\t\t\t<div class=\"elementor-toggle-item\">\n\t\t\t\t\t<h3 id=\"elementor-tab-title-2135\" class=\"elementor-tab-title\" data-tab=\"5\" role=\"button\" aria-controls=\"elementor-tab-content-2135\" aria-expanded=\"false\">\n\t\t\t\t\t\t\t\t\t\t\t\t<span class=\"elementor-toggle-icon elementor-toggle-icon-left\" aria-hidden=\"true\">\n\t\t\t\t\t\t\t\t\t\t\t\t\t\t\t<span class=\"elementor-toggle-icon-closed\"><i class=\"fas fa-plus-square\"><\/i><\/span>\n\t\t\t\t\t\t\t\t<span class=\"elementor-toggle-icon-opened\"><i class=\"elementor-toggle-icon-opened fas fa-minus-square\"><\/i><\/span>\n\t\t\t\t\t\t\t\t\t\t\t\t\t<\/span>\n\t\t\t\t\t\t\t\t\t\t\t\t<a class=\"elementor-toggle-title\" tabindex=\"0\"> Planification les ressources du syst\u00e8me acad\u00e9mique (ASRP) <\/a>\n\t\t\t\t\t<\/h3>\n\n\t\t\t\t\t<div id=\"elementor-tab-content-2135\" class=\"elementor-tab-content elementor-clearfix\" data-tab=\"5\" role=\"region\" aria-labelledby=\"elementor-tab-title-2135\"><table style=\"border-collapse: collapse;width: 100%\"><tbody><tr style=\"background-color: #fff !important\"><td dir=\"ltr\" style=\"width: 100%;text-align: justify\"><p><span style=\"text-decoration: underline\"><span style=\"color: #0000ff;text-decoration: underline\"><a style=\"color: #0000ff;text-decoration: underline\" href=\"https:\/\/asrp.edu.eg\/\">Pour lire la suite cliquez ici<\/a> <\/span><\/span><\/p><\/td><\/tr><\/tbody><\/table><\/div>\n\t\t\t\t<\/div>\n\t\t\t\t\t\t\t<div class=\"elementor-toggle-item\">\n\t\t\t\t\t<h3 id=\"elementor-tab-title-2136\" class=\"elementor-tab-title\" data-tab=\"6\" role=\"button\" aria-controls=\"elementor-tab-content-2136\" aria-expanded=\"false\">\n\t\t\t\t\t\t\t\t\t\t\t\t<span class=\"elementor-toggle-icon elementor-toggle-icon-left\" aria-hidden=\"true\">\n\t\t\t\t\t\t\t\t\t\t\t\t\t\t\t<span class=\"elementor-toggle-icon-closed\"><i class=\"fas fa-plus-square\"><\/i><\/span>\n\t\t\t\t\t\t\t\t<span class=\"elementor-toggle-icon-opened\"><i class=\"elementor-toggle-icon-opened fas fa-minus-square\"><\/i><\/span>\n\t\t\t\t\t\t\t\t\t\t\t\t\t<\/span>\n\t\t\t\t\t\t\t\t\t\t\t\t<a class=\"elementor-toggle-title\" tabindex=\"0\">Programme de vert innovation et entreprenariat (GIEP) \u00a0<\/a>\n\t\t\t\t\t<\/h3>\n\n\t\t\t\t\t<div id=\"elementor-tab-content-2136\" class=\"elementor-tab-content elementor-clearfix\" data-tab=\"6\" role=\"region\" aria-labelledby=\"elementor-tab-title-2136\"><table style=\"border-collapse: collapse;width: 100%\"><tbody><tr style=\"background-color: #fff !important\"><td dir=\"rtl\" style=\"width: 50%;text-align: justify\"><div class=\"XbIp4 jmmB7 GNqVo yxtKT allowTextSelection\" role=\"region\" aria-label=\"Message body\"><div dir=\"ltr\"><div style=\"text-align: justify\"><p style=\"text-align: justify\"><span style=\"color: #333333\">L\u2019objectif de l\u2019initiative de soigner le manque des innovateurs capables de r\u00e9soudre les divers probl\u00e8mes comme il vise \u00e0 publier la sensibilisation qui concerne aux objectifs du d\u00e9veloppement durable<\/span><\/p><p><span style=\"text-decoration: underline\"><span style=\"color: #0000ff\"><a style=\"color: #0000ff;text-decoration: underline\" href=\"https:\/\/lfi.rwth-aachen.de\/projekt\/giep\/\">Pour lire la suite cliquez ici<\/a><\/span><\/span><\/p><\/div><div style=\"text-align: justify\">\u00a0<\/div><\/div><\/div><\/td><td style=\"width: 50%\">\u00a0<\/td><\/tr><\/tbody><\/table><\/div>\n\t\t\t\t<\/div>\n\t\t\t\t\t\t\t<div class=\"elementor-toggle-item\">\n\t\t\t\t\t<h3 id=\"elementor-tab-title-2137\" class=\"elementor-tab-title\" data-tab=\"7\" role=\"button\" aria-controls=\"elementor-tab-content-2137\" aria-expanded=\"false\">\n\t\t\t\t\t\t\t\t\t\t\t\t<span class=\"elementor-toggle-icon elementor-toggle-icon-left\" aria-hidden=\"true\">\n\t\t\t\t\t\t\t\t\t\t\t\t\t\t\t<span class=\"elementor-toggle-icon-closed\"><i class=\"fas fa-plus-square\"><\/i><\/span>\n\t\t\t\t\t\t\t\t<span class=\"elementor-toggle-icon-opened\"><i class=\"elementor-toggle-icon-opened fas fa-minus-square\"><\/i><\/span>\n\t\t\t\t\t\t\t\t\t\t\t\t\t<\/span>\n\t\t\t\t\t\t\t\t\t\t\t\t<a class=\"elementor-toggle-title\" tabindex=\"0\">Programme de g\u00e9rer les ressources du d\u00e9veloppement durable de challenge de d\u00e9sertification<\/a>\n\t\t\t\t\t<\/h3>\n\n\t\t\t\t\t<div id=\"elementor-tab-content-2137\" class=\"elementor-tab-content elementor-clearfix\" data-tab=\"7\" role=\"region\" aria-labelledby=\"elementor-tab-title-2137\"><table dir=\"ltr\" style=\"border-collapse: collapse;width: 100%\"><tbody><tr style=\"background-color: #fff !important\"><td style=\"width: 25.812%\"><p style=\"text-align: justify\"><span style=\"color: #333333\">Le programme de (Erasmus+) d\u00e9bute du 15 janvier 2020 jusqu\u2019\u00e0 14 janvier 2023 et comprend le sujet principal est la coop\u00e9ration afin de l\u2019innovation et \u00e9changer les mieux participations, le sujet appartenir \u00e0 \u00e9tablir les capacit\u00e9s \u00e0 l&#8217;enseignement sup\u00e9rieur et bas\u00e9 sur la coordination l\u2019universit\u00e9 technique de Rhin-Fastafalia et participe \u00e0 (l\u2019universit\u00e9 du Madrid- ACU- universit\u00e9 d\u2019Assouan- universit\u00e9 d\u2019Alexandrie-universit\u00e9 de Palerme, Association de l\u2019universit\u00e9 H\u00e9liopolis.<\/span><\/p><p style=\"text-align: justify\"><span style=\"text-decoration: underline\"><span style=\"color: #0000ff;text-decoration: underline\"><a style=\"color: #0000ff;text-decoration: underline\" href=\"https:\/\/erasmus-plus.ec.europa.eu\/projects\/search\/details\/610439-EPP-1-2019-1-DE-EPPKA2-CBHE-JP\">Pour lire la suite cliquez ici<\/a><\/span><\/span><\/p><\/td><td style=\"width: 15.9876%;text-align: justify\"><p><img decoding=\"async\" class=\"alignnone size-medium wp-image-38179\" src=\"https:\/\/aswu.edu.eg\/\/wp-content\/uploads\/1-159-780x405-1-300x156.jpg\" alt=\"\" width=\"300\" height=\"156\" \/><\/p><div><p dir=\"rtl\" style=\"text-align: right\"><span style=\"font-family: Cairo;color: #333333\"><span lang=\"ar-SA\" data-contrast=\"auto\">\u00a0<\/span><\/span><\/p><\/div><\/td><\/tr><\/tbody><\/table><\/div>\n\t\t\t\t<\/div>\n\t\t\t\t\t\t\t<div class=\"elementor-toggle-item\">\n\t\t\t\t\t<h3 id=\"elementor-tab-title-2138\" class=\"elementor-tab-title\" data-tab=\"8\" role=\"button\" aria-controls=\"elementor-tab-content-2138\" aria-expanded=\"false\">\n\t\t\t\t\t\t\t\t\t\t\t\t<span class=\"elementor-toggle-icon elementor-toggle-icon-left\" aria-hidden=\"true\">\n\t\t\t\t\t\t\t\t\t\t\t\t\t\t\t<span class=\"elementor-toggle-icon-closed\"><i class=\"fas fa-plus-square\"><\/i><\/span>\n\t\t\t\t\t\t\t\t<span class=\"elementor-toggle-icon-opened\"><i class=\"elementor-toggle-icon-opened fas fa-minus-square\"><\/i><\/span>\n\t\t\t\t\t\t\t\t\t\t\t\t\t<\/span>\n\t\t\t\t\t\t\t\t\t\t\t\t<a class=\"elementor-toggle-title\" tabindex=\"0\">Programme de certificat l\u2019apprentissage des enseignants refugi\u00e9s et Egyptiens \u00e0 travers l\u2019apprentissage int\u00e9gr\u00e9<\/a>\n\t\t\t\t\t<\/h3>\n\n\t\t\t\t\t<div id=\"elementor-tab-content-2138\" class=\"elementor-tab-content elementor-clearfix\" data-tab=\"8\" role=\"region\" aria-labelledby=\"elementor-tab-title-2138\"><table style=\"border-collapse: collapse;width: 100%\"><tbody><tr style=\"background-color: #fff !important\"><td style=\"width: 50%\"><p style=\"text-align: justify\"><span style=\"color: #333333\">Le projet d\u00e9bute du 15 janvier 2019 et termine au 14 janvier 2023<\/span><\/p><p style=\"text-align: justify\"><span style=\"text-decoration: underline\"><span style=\"color: #0000ff\"><a style=\"color: #0000ff;text-decoration: underline\" href=\"https:\/\/erasmus-plus.ec.europa.eu\/projects\/search\/details\/598437-EPP-1-2018-1-CY-EPPKA2-CBHE-JP\">Pour lire la suite cliquez ici<\/a><\/span><\/span><\/p><\/td><td dir=\"ltr\" style=\"width: 50%\">\u00a0<\/td><\/tr><\/tbody><\/table><\/div>\n\t\t\t\t<\/div>\n\t\t\t\t\t\t\t\t<\/div>\n\t\t\t\t<\/div>\n\t\t\t\t<\/div>\n\t\t\t\t\t<\/div>\n\t\t<\/div>\n\t\t\t\t\t<\/div>\n\t\t<\/section>\n\t\t\t\t<\/div>\n\t\t","protected":false},"excerpt":{"rendered":"<p>Programme d\u2019\u00e9nergie renou\u00e9 Le nouveau programme, d\u00e9velopp\u00e9 par l\u2019agence des Etats-Unis pour l\u2019international d\u00e9veloppement USAID\u00a0 en participation avec le minist\u00e8re d\u2019\u00e9ducation, aide plus de 300 \u00e9tudiants des \u00e9coles techniques \u00e0 Assouan Hurghada sp\u00e9cialis\u00e9 aux curriculums d\u2019\u00e9nergie renou\u00e9 et leur pr\u00e9parent <a href=\"https:\/\/aswu.edu.eg\/fr\/research\/research-projects\/ongoing-research-projects-aswu\/\" class=\"read-more\">Read More &#8230;<\/a><\/p>\n<div class=\"pvc_clear\"><\/div>\n<p id=\"pvc_stats_21735\" class=\"pvc_stats all  \" data-element-id=\"21735\" style=\"\"><i class=\"pvc-stats-icon medium\" aria-hidden=\"true\"><svg aria-hidden=\"true\" focusable=\"false\" data-prefix=\"far\" data-icon=\"chart-bar\" role=\"img\" xmlns=\"http:\/\/www.w3.org\/2000\/svg\" viewBox=\"0 0 512 512\" class=\"svg-inline--fa fa-chart-bar fa-w-16 fa-2x\"><path fill=\"currentColor\" d=\"M396.8 352h22.4c6.4 0 12.8-6.4 12.8-12.8V108.8c0-6.4-6.4-12.8-12.8-12.8h-22.4c-6.4 0-12.8 6.4-12.8 12.8v230.4c0 6.4 6.4 12.8 12.8 12.8zm-192 0h22.4c6.4 0 12.8-6.4 12.8-12.8V140.8c0-6.4-6.4-12.8-12.8-12.8h-22.4c-6.4 0-12.8 6.4-12.8 12.8v198.4c0 6.4 6.4 12.8 12.8 12.8zm96 0h22.4c6.4 0 12.8-6.4 12.8-12.8V204.8c0-6.4-6.4-12.8-12.8-12.8h-22.4c-6.4 0-12.8 6.4-12.8 12.8v134.4c0 6.4 6.4 12.8 12.8 12.8zM496 400H48V80c0-8.84-7.16-16-16-16H16C7.16 64 0 71.16 0 80v336c0 17.67 14.33 32 32 32h464c8.84 0 16-7.16 16-16v-16c0-8.84-7.16-16-16-16zm-387.2-48h22.4c6.4 0 12.8-6.4 12.8-12.8v-70.4c0-6.4-6.4-12.8-12.8-12.8h-22.4c-6.4 0-12.8 6.4-12.8 12.8v70.4c0 6.4 6.4 12.8 12.8 12.8z\" class=\"\"><\/path><\/svg><\/i> <img loading=\"lazy\" decoding=\"async\" width=\"16\" height=\"16\" alt=\"Loading\" src=\"https:\/\/aswu.edu.eg\/fr\/wp-content\/plugins\/page-views-count\/ajax-loader-2x.gif\" border=0 \/><\/p>\n<div class=\"pvc_clear\"><\/div>\n","protected":false},"author":10,"featured_media":0,"parent":13513,"menu_order":0,"comment_status":"closed","ping_status":"closed","template":"","meta":{"footnotes":""},"rttpg_featured_image_url":null,"rttpg_author":{"display_name":"baivy anton","author_link":"https:\/\/aswu.edu.eg\/fr\/author\/asenweb\/"},"rttpg_comment":0,"rttpg_category":null,"rttpg_excerpt":"Programme d\u2019\u00e9nergie renou\u00e9 Le nouveau programme, d\u00e9velopp\u00e9 par l\u2019agence des Etats-Unis pour l\u2019international d\u00e9veloppement USAID\u00a0 en participation avec le minist\u00e8re d\u2019\u00e9ducation, aide plus de 300 \u00e9tudiants des \u00e9coles techniques \u00e0 Assouan Hurghada sp\u00e9cialis\u00e9 aux curriculums d\u2019\u00e9nergie renou\u00e9 et leur pr\u00e9parent Read More ...","_links":{"self":[{"href":"https:\/\/aswu.edu.eg\/fr\/wp-json\/wp\/v2\/pages\/21735"}],"collection":[{"href":"https:\/\/aswu.edu.eg\/fr\/wp-json\/wp\/v2\/pages"}],"about":[{"href":"https:\/\/aswu.edu.eg\/fr\/wp-json\/wp\/v2\/types\/page"}],"author":[{"embeddable":true,"href":"https:\/\/aswu.edu.eg\/fr\/wp-json\/wp\/v2\/users\/10"}],"replies":[{"embeddable":true,"href":"https:\/\/aswu.edu.eg\/fr\/wp-json\/wp\/v2\/comments?post=21735"}],"version-history":[{"count":233,"href":"https:\/\/aswu.edu.eg\/fr\/wp-json\/wp\/v2\/pages\/21735\/revisions"}],"predecessor-version":[{"id":28793,"href":"https:\/\/aswu.edu.eg\/fr\/wp-json\/wp\/v2\/pages\/21735\/revisions\/28793"}],"up":[{"embeddable":true,"href":"https:\/\/aswu.edu.eg\/fr\/wp-json\/wp\/v2\/pages\/13513"}],"wp:attachment":[{"href":"https:\/\/aswu.edu.eg\/fr\/wp-json\/wp\/v2\/media?parent=21735"}],"curies":[{"name":"wp","href":"https:\/\/api.w.org\/{rel}","templated":true}]}}