{"id":22919,"date":"2022-11-16T08:36:47","date_gmt":"2022-11-16T08:36:47","guid":{"rendered":"https:\/\/aswu.edu.eg\/en\/?page_id=22919"},"modified":"2024-12-10T09:38:47","modified_gmt":"2024-12-10T09:38:47","slug":"university-hostels-addmission","status":"publish","type":"page","link":"https:\/\/aswu.edu.eg\/fr\/about\/organizational-structure\/education-and-student-affairs-sector\/university-hostel-administration\/university-hostels-addmission\/","title":{"rendered":"Admission aux Villes Universitaire"},"content":{"rendered":"\t\t<div data-elementor-type=\"wp-page\" data-elementor-id=\"22919\" class=\"elementor elementor-22919\">\n\t\t\t\t\t\t<section class=\"elementor-section elementor-top-section elementor-element elementor-element-e74e152 elementor-section-boxed elementor-section-height-default elementor-section-height-default\" data-id=\"e74e152\" data-element_type=\"section\">\n\t\t\t\t\t\t<div class=\"elementor-container elementor-column-gap-default\">\n\t\t\t\t\t<div class=\"elementor-column elementor-col-33 elementor-top-column elementor-element elementor-element-60a7570\" data-id=\"60a7570\" data-element_type=\"column\">\n\t\t\t<div class=\"elementor-widget-wrap elementor-element-populated\">\n\t\t\t\t\t\t<div class=\"elementor-element elementor-element-af62ffa elementor-widget elementor-widget-wp-widget-iksm-widget\" data-id=\"af62ffa\" data-element_type=\"widget\" data-widget_type=\"wp-widget-iksm-widget.default\">\n\t\t\t\t<div class=\"elementor-widget-container\">\n\t\t\t<script id=\"styles-copier-69e1cee411ba9\">\n\t\t\t\/\/ Finding styles element\n\t        var element = document.getElementById(\"iksm-dynamic-style\");\n\t        if (!element) { \/\/ If no element (Cache plugins can remove tag), then creating a new one\n                element = document.createElement('style');\n                var head = document.getElementsByTagName(\"head\")\n                if (head && head[0]) {\n                \thead[0].appendChild(element);\n                } else {\n                  \tconsole.warn(\"Iks Menu | Error while printing styles. Please contact technical support.\");\n                }\n\t        }\n\t\t\t\/\/ Copying styles to <styles> tag\n\t        element.innerHTML += \".iksm-22875 .iksm-terms{background-color:rgba(243,243,243,1);width:210px;transition:all 400ms;animation:iks-fade-in 1000ms;}.iksm-22875 .iksm-term__inner{background-color:rgba(231,231,231,1);margin-top:3px;min-height:44px;transition:all 400ms;}.iksm-22875 .iksm-term__inner:hover{background-color:rgba(220,220,220,1);}.iksm-22875 .iksm-term--current > .iksm-term__inner{background-color:rgba(202,229,239,1);}.iksm-22875 .iksm-term__link{color:rgba(0,0,0,1);font-size:15px;line-height:15px;font-weight:400;text-align:left;text-decoration:none;padding-top:5px;padding-right:10px;padding-bottom:5px;padding-left:15px;transition:all 400ms;}.iksm-22875 .iksm-term__inner:hover .iksm-term__link{color:rgba(50,50,50,1);}.iksm-22875 .iksm-term__toggle__inner{transition:transform 400ms}.iksm-22875 .iksm-term--expanded > .iksm-term__inner > .iksm-term__toggle > .iksm-term__toggle__inner{transform:rotate(180deg);}.iksm-22875 .iksm-term__toggle{color:rgba(133,133,133,1);font-size:16px;align-self:unset;;height:25px;width:25px;margin-right:7px;transition:all 400ms;}.iksm-22875 .iksm-term__toggle:hover{color:rgba(0,0,0,1);}.iksm-22875 .iksm-term__image-container{width:30px;min-width:30px;height:30px;min-height:30px;margin-right:15px;transition:all 400ms;}.iksm-22875 .iksm-term__image{background-size:contain;background-position:center;background-repeat:no-repeat;}.iksm-22875 .iksm-term__image-container:hover{background-size:contain;background-position:center;background-repeat:no-repeat;}.iksm-22875 .iksm-term__inner:hover .iksm-term__image-container{background-size:contain;background-position:center;background-repeat:no-repeat;}.iksm-22875 .iksm-term__inner:focus .iksm-term__image-container{background-size:contain;background-position:center;background-repeat:no-repeat;}.iksm-22875 .iksm-term--current > .iksm-term__inner .iksm-term__image-container{background-size:contain;background-position:center;background-repeat:no-repeat;}.iksm-22875 .iksm-term--child .iksm-term__inner .iksm-term__image-container{background-size:contain;background-position:center;background-repeat:no-repeat;}.iksm-22875 .iksm-term--child .iksm-term__inner .iksm-term__image-container:hover{background-size:contain;background-position:center;background-repeat:no-repeat;}.iksm-22875 .iksm-term--child .iksm-term__inner .iksm-term__image-container:focus{background-size:contain;background-position:center;background-repeat:no-repeat;}.iksm-22875 .iksm-term--child.iksm-term--current > .iksm-term__inner .iksm-term__image-container{background-size:contain;background-position:center;background-repeat:no-repeat;}.iksm-22875  .iksm-term__text{flex: unset}.iksm-22875 .iksm-term__posts-count{color:rgba(133,133,133,1);font-size:16px;margin-left:12px;font-weight:400;transition:all 400ms;}\";\n\t        \/\/ Removing this script\n            var this_script = document.getElementById(\"styles-copier-69e1cee411ba9\");\n            if (this_script) { \/\/ Cache plugins can remove tag\n\t            this_script.outerHTML = \"\";\n\t            if (this_script.parentNode) {\n\t                this_script.parentNode.removeChild(this_script);\n\t            }\n            }\n        <\/script><div id='iksm-22875' class='iksm iksm-22875 iksm-container '  data-id='22875' data-is-pro='0' data-source='menu'><div class='iksm-terms'><div class='iksm-terms-tree iksm-terms-tree--level-1 iksm-terms-tree--parents' style=''><div class=\"iksm-terms-tree__inner\">\n        <div class=\"iksm-term iksm-term--id-22871 iksm-term--parent\" data-id=\"22871\">\n            <div class=\"iksm-term__inner\" tabindex='0'>\n                <a class=\"iksm-term__link\" href='https:\/\/aswu.edu.eg\/fr\/about\/organizational-structure\/education-and-student-affairs-sector\/university-hostel-administration\/' target='_self' tabindex='-1'>\n\t\t\t\t        <span class=\"iksm-term__text\">About administration<\/span>\n\t\t            <\/a>\n\t\t\t        <\/div>\n\t\t        <\/div>\n\n\t\t\n        <div class=\"iksm-term iksm-term--id-22927 iksm-term--parent\" data-id=\"22927\">\n            <div class=\"iksm-term__inner\" tabindex='0'>\n                <a class=\"iksm-term__link\" href='https:\/\/aswu.edu.eg\/fr\/about\/organizational-structure\/education-and-student-affairs-sector\/university-hostel-administration\/university-hostels-addmission\/' target='_self' tabindex='-1'>\n\t\t\t\t        <span class=\"iksm-term__text\">Admission aux Villes Universitaire<\/span>\n\t\t            <\/a>\n\t\t\t        <\/div>\n\t\t        <\/div>\n\n\t\t\n        <div class=\"iksm-term iksm-term--id-22977 iksm-term--parent\" data-id=\"22977\">\n            <div class=\"iksm-term__inner\" tabindex='0'>\n                <a class=\"iksm-term__link\" href='https:\/\/aswu.edu.eg\/fr\/about\/organizational-structure\/education-and-student-affairs-sector\/university-hostel-administration\/university-hostel-administration-statistics\/' target='_self' tabindex='-1'>\n\t\t\t\t        <span class=\"iksm-term__text\">Statistics<\/span>\n\t\t            <\/a>\n\t\t\t        <\/div>\n\t\t        <\/div>\n\n\t\t\n        <div class=\"iksm-term iksm-term--id-23037 iksm-term--parent\" data-id=\"23037\">\n            <div class=\"iksm-term__inner\" tabindex='0'>\n                <a class=\"iksm-term__link\" href='https:\/\/aswu.edu.eg\/fr\/about\/organizational-structure\/education-and-student-affairs-sector\/university-hostel-administration\/nutrition-administration\/' target='_self' tabindex='-1'>\n\t\t\t\t        <span class=\"iksm-term__text\">Administration d\u2019Alimentation<\/span>\n\t\t            <\/a>\n\t\t\t        <\/div>\n\t\t        <\/div>\n\n\t\t<\/div><\/div><\/div><div id=\"iksm_data_args\" class=\"data-args\"  data-collapse_children_terms='1' data-collapse_other_terms='1' data-collapse_animation_duration='400' data-expand_animation_duration='400'><\/div><\/div>\t\t<\/div>\n\t\t\t\t<\/div>\n\t\t\t\t\t<\/div>\n\t\t<\/div>\n\t\t\t\t<div class=\"elementor-column elementor-col-66 elementor-top-column elementor-element elementor-element-7ccf251\" data-id=\"7ccf251\" data-element_type=\"column\">\n\t\t\t<div class=\"elementor-widget-wrap elementor-element-populated\">\n\t\t\t\t\t\t<div class=\"elementor-element elementor-element-43bb612 elementor-tabs-alignment-stretch elementor-tabs-view-horizontal elementor-widget elementor-widget-tabs\" data-id=\"43bb612\" data-element_type=\"widget\" data-widget_type=\"tabs.default\">\n\t\t\t\t<div class=\"elementor-widget-container\">\n\t\t\t\t\t<div class=\"elementor-tabs\">\n\t\t\t<div class=\"elementor-tabs-wrapper\" role=\"tablist\" >\n\t\t\t\t\t\t\t\t\t<div id=\"elementor-tab-title-7101\" class=\"elementor-tab-title elementor-tab-desktop-title\" aria-selected=\"true\" data-tab=\"1\" role=\"tab\" tabindex=\"0\" aria-controls=\"elementor-tab-content-7101\" aria-expanded=\"false\">Admission aux villes universitaire <\/div>\n\t\t\t\t\t\t\t\t\t<div id=\"elementor-tab-title-7102\" class=\"elementor-tab-title elementor-tab-desktop-title\" aria-selected=\"false\" data-tab=\"2\" role=\"tab\" tabindex=\"-1\" aria-controls=\"elementor-tab-content-7102\" aria-expanded=\"false\">Plan de logement <\/div>\n\t\t\t\t\t\t\t\t\t<div id=\"elementor-tab-title-7103\" class=\"elementor-tab-title elementor-tab-desktop-title\" aria-selected=\"false\" data-tab=\"3\" role=\"tab\" tabindex=\"-1\" aria-controls=\"elementor-tab-content-7103\" aria-expanded=\"false\">Services <\/div>\n\t\t\t\t\t\t\t<\/div>\n\t\t\t<div class=\"elementor-tabs-content-wrapper\" role=\"tablist\" aria-orientation=\"vertical\">\n\t\t\t\t\t\t\t\t\t<div class=\"elementor-tab-title elementor-tab-mobile-title\" aria-selected=\"true\" data-tab=\"1\" role=\"tab\" tabindex=\"0\" aria-controls=\"elementor-tab-content-7101\" aria-expanded=\"false\">Admission aux villes universitaire <\/div>\n\t\t\t\t\t<div id=\"elementor-tab-content-7101\" class=\"elementor-tab-content elementor-clearfix\" data-tab=\"1\" role=\"tabpanel\" aria-labelledby=\"elementor-tab-title-7101\" tabindex=\"0\" hidden=\"false\"><p><span style=\"color: #333333;font-size: 16px\">Les villes universitaires consid\u00e8rent de l\u2019important secteur de soin les \u00e9tudiants universitaires pour les \u00e9tudiants universitaires, qu\u2019ils soient (sociaux, sanitaires, scientifiques, culturels ou sportifs), qu\u2019elles offrent une vie universitaire compl\u00e8te pour ses \u00e9tudiants sinon les \u00e9tudiants expatri\u00e9s. \u00a0\u00a0\u00a0\u00a0<\/span><\/p><p><span style=\"color: #333333;font-size: 16px\">Elle est la communaut\u00e9 convenable pour l\u2019\u00e9tudiant universitaire, qu\u2019elle s\u2019int\u00e9resse \u00e0 l\u2019\u00e9tudiant excellente puis l\u2019\u00e9tudiant expatri\u00e9 en plus offre le support complet de servir les \u00e9tudiants des besoins sp\u00e9ciaux, qu\u2019il d\u00e9cide d\u2019attribuer des places aux premiers \u00e9tages des villes universitaire, et \u00e9galement offre des services soient sanitaires ou sociaux et cela au taux de supporter les vraies valeurs 24h quotidien en plus un syst\u00e8me alimentation compl\u00e8te pour les \u00e9tudiants qui r\u00e9sident aux villes et offre les trois repas alimentaires ont \u00e9t\u00e9 plac\u00e9s selon les besoins des \u00e9tudiants par profs sp\u00e9cialistes \u00e0 la nutrition.<\/span><\/p><p><span style=\"color: #333333;font-size: 16px\">Les \u00e9tudiants r\u00e9sidents re\u00e7oivent des soins complet (r\u00e9sidence- nutrition &#8211; programmes d\u2019activit\u00e9s &#8211; sportif &#8211; social &#8211; artistique) Pour occuper le temps libre, l\u2019\u00e9tudiant r\u00e9sidant dans les villes universitaires passe environ (70%) de son temps quotidien \u00e0 l\u2019int\u00e9rieur et donc tous les besoins de l\u2019\u00e9tudiant sont fournis. (Manger des repas &#8211; fournir des activit\u00e9s appropri\u00e9es &#8211; fournir le repos et la d\u00e9tente &#8211; fournir des lieux d&#8217;\u00e9tudier) 24 heures.<\/span><\/p><p>\u00a0<\/p><p><span style=\"color: #333333;font-size: 16px\">Fournir un soutien complet aux \u00e9tudiants ayant des besoins sp\u00e9ciaux, car il est d\u00e9cid\u00e9 d\u2019attribuer des places dans les premiers \u00e9tages de b\u00e2timents aux villes universitaires pour eux.<\/span><\/p><p><span style=\"color: #333333;font-size: 16px\">Pour inscrire \u00a0aux villes universitaires<\/span><span style=\"color: #0000ff\"> <a style=\"color: #0000ff\" href=\"https:\/\/alzahraa.mans.edu.eg\/\">cliquez ici<\/a><\/span><\/p><p dir=\"ltr\" style=\"text-align: left\"><span style=\"font-size: 12pt;color: #333333;font-family: Cairo\"><strong>\u00a0<\/strong><\/span><\/p><table class=\" aligncenter\" dir=\"ltr\" style=\"width: 113.846%\"><tbody><tr style=\"background-color: #3498db\"><td style=\"width: 73.2657%\"><p style=\"text-align: center\"><strong><span style=\"color: #333333\">Genre\u00a0 <\/span><\/strong><\/p><\/td><td style=\"width: 112.468%\"><p style=\"text-align: center\"><strong><span style=\"color: #333333\">Nom de ville<\/span> <\/strong><\/p><\/td><\/tr><tr style=\"background-color: #eeeeee\"><td style=\"width: 73.2657%\"><strong><span style=\"color: #333333\">Homme\u00a0\u00a0\u00a0<\/span> <\/strong><\/td><td style=\"width: 112.468%\" width=\"404\"><span style=\"font-family: Cairo;font-size: 12pt;color: #333333\"><strong>Abo El Rish<\/strong><\/span><\/td><\/tr><tr><td style=\"width: 73.2657%\" width=\"404\"><span style=\"color: #333333\"><strong>Femme\u00a0\u00a0\u00a0<\/strong> <\/span><\/td><td style=\"width: 112.468%\" width=\"404\"><span style=\"font-family: Cairo;font-size: 12pt;color: #333333\"><strong>Sahari<\/strong><\/span><\/td><\/tr><tr style=\"background-color: #eeeeee\"><td style=\"width: 73.2657%\" width=\"404\"><strong><span style=\"color: #333333\">Femme\u00a0\u00a0\u00a0 <\/span><\/strong><\/td><td style=\"width: 112.468%\" width=\"404\"><span style=\"font-family: Cairo;font-size: 12pt;color: #333333\"><strong>Nasser<\/strong><\/span><\/td><\/tr><tr><td style=\"width: 73.2657%\"><strong><span style=\"color: #333333\">Femme\u00a0\u00a0\u00a0<\/span><\/strong><\/td><td style=\"width: 112.468%\" width=\"404\"><span style=\"font-family: Cairo;font-size: 12pt;color: #333333\"><strong>El Samad<\/strong><\/span><\/td><\/tr><tr style=\"background-color: #eee\"><td style=\"width: 73.2657%\" width=\"404\"><strong><span style=\"color: #333333\">Femme\u00a0\u00a0\u00a0<\/span><\/strong><\/td><td style=\"width: 112.468%\" width=\"404\"><span style=\"font-family: Cairo;font-size: 12pt;color: #333333\"><strong>El Sail<\/strong><\/span><\/td><\/tr><\/tbody><\/table><p dir=\"ltr\" style=\"text-align: left\">\u00a0<\/p><\/div>\n\t\t\t\t\t\t\t\t\t<div class=\"elementor-tab-title elementor-tab-mobile-title\" aria-selected=\"false\" data-tab=\"2\" role=\"tab\" tabindex=\"-1\" aria-controls=\"elementor-tab-content-7102\" aria-expanded=\"false\">Plan de logement <\/div>\n\t\t\t\t\t<div id=\"elementor-tab-content-7102\" class=\"elementor-tab-content elementor-clearfix\" data-tab=\"2\" role=\"tabpanel\" aria-labelledby=\"elementor-tab-title-7102\" tabindex=\"0\" hidden=\"hidden\"><p><span style=\"text-decoration: underline\"><span style=\"color: #003366;font-size: 16px;text-decoration: underline\">Premier\u00a0: les \u00e9tudiantes<\/span><\/span><\/p><p><span style=\"color: #333333;font-size: 16px\">Les totales des places disponibles 1296 \u00e9tudiantes distribu\u00e9s comme suit\u00a0:<\/span><\/p><p><span style=\"color: #333333;font-size: 16px\">B\u00e2timent de Sahari pour les \u00e9tudiantes\u00a0: 912 \u00e9tudiantes<\/span><\/p><p><span style=\"color: #333333;font-size: 16px\">B\u00e2timent d\u2019El- Sail pour les \u00e9tudiantes\u00a0: 224 \u00e9tudiantes<\/span><\/p><p><span style=\"color: #333333;font-size: 16px\">B\u00e2timent d\u2019El-Samade pour les \u00e9tudiantes\u00a0: 160 \u00e9tudiantes<\/span><\/p><p><span style=\"color: #333333;font-size: 16px\">B\u00e2timent du Nasser pour les \u00e9tudiantes (Hors service \u00e0 cause du besoin du b\u00e2timent de remplacement et de r\u00e9novation du b\u00e2timent).<\/span><\/p><p><span style=\"text-decoration: underline\"><span style=\"color: #003366;font-size: 16px;text-decoration: underline\">Second: les \u00e9tudiants\u00a0:<\/span><\/span><\/p><p><span style=\"color: #333333;font-size: 16px\">Les totales des places disponibles 624 \u00e9tudiants au b\u00e2timent d\u2019Abo El-Riche pour \u00e9tudiants- maison des h\u00f4tes (hors service \u00e0 cause de la fin le contrat en f\u00e9vrier 2023).<\/span><\/p><p><span style=\"color: #333333;font-size: 16px\">Et selon l\u2019article N<sup>o <\/sup>3 de chapitre IV du r\u00e8glement de r\u00e9sider aux villes universitaires\u00a0: l\u2019admission des \u00e9tudiants selon les bases suivantes\u00a0:<\/span><\/p><p><span style=\"color: #333333;font-size: 16px\">Quant aux nouveaux \u00e9tudiants ils sont compromis sur une base plus jeune, puis l&#8217;\u00e9loignement de la r\u00e9sidence du Center d&#8217;Assouan.<\/span><\/p><p><span style=\"color: #333333;font-size: 16px\">Quant aux anciens \u00e9tudiants les \u00e9tudiants qui r\u00e9sident aux villes universitaires de l\u2019ann\u00e9e derni\u00e8re commenc\u00e9 \u00e0 estimation tr\u00e8s bien puis qui ne r\u00e9sident pas \u00e0 la ville universitaire d\u2019estimation Excellent puis descendre l\u2019estimation s\u2019il y a des places et il est compromis la m\u00eame estimation est compromis en pourcentages totaux.<\/span><\/p><p><span style=\"color: #333333;font-size: 16px\">Selon les places disponibles le logement va d\u00e9buter d&#8217;estimation Excellente pour les \u00e9tudiants qui r\u00e9sident \u00e0 la ville la derni\u00e8re ann\u00e9e et descendre l\u2019estimation s\u2019il y a des places<\/span><\/p><\/div>\n\t\t\t\t\t\t\t\t\t<div class=\"elementor-tab-title elementor-tab-mobile-title\" aria-selected=\"false\" data-tab=\"3\" role=\"tab\" tabindex=\"-1\" aria-controls=\"elementor-tab-content-7103\" aria-expanded=\"false\">Services <\/div>\n\t\t\t\t\t<div id=\"elementor-tab-content-7103\" class=\"elementor-tab-content elementor-clearfix\" data-tab=\"3\" role=\"tabpanel\" aria-labelledby=\"elementor-tab-title-7103\" tabindex=\"0\" hidden=\"hidden\"><ul dir=\"rtl\"><li style=\"text-align: justify\" data-leveltext=\"-\" data-font=\"Arial\" data-listid=\"2\" data-list-defn-props=\"{&quot;335551671&quot;:0,&quot;335552541&quot;:1,&quot;335559684&quot;:-2,&quot;335559685&quot;:720,&quot;335559991&quot;:360,&quot;469769226&quot;:&quot;Arial&quot;,&quot;469769242&quot;:[8226],&quot;469777803&quot;:&quot;left&quot;,&quot;469777804&quot;:&quot;-&quot;,&quot;469777815&quot;:&quot;hybridMultilevel&quot;}\" data-aria-posinset=\"0\" data-aria-level=\"1\"><p dir=\"ltr\"><span style=\"color: #333333;font-size: 16px\">Les services pr\u00e9sent\u00e9s aux \u00e9tudiants qui r\u00e9sident les villes universitaires (le logement- l\u2019alimentation- les services \u00e9ducatifs- les services de loisirs- les activit\u00e9s estudiantines).<\/span><\/p><p dir=\"ltr\"><span style=\"color: #333333;font-size: 16px\">L\u2019administration g\u00e9n\u00e9rale de villes universitaires et l\u2019alimentation travaille elle travaillent 24 heures sur 24, pour sept jours par semaine qu\u2019elle charge le soin des \u00e9tudiants expatri\u00e9s et offre pour eux les moyens de logement et \u00e0 c\u00f4t\u00e9 des programmes de loisirs et les activit\u00e9s estudiantines soient sociales, sportives, culturelles qui pr\u00e9parent par les autorit\u00e9s sp\u00e9cialis\u00e9es aux villes universitaires et avec elles compl\u00e8te le r\u00f4le effectif de secteur des services \u00e0 l\u2019universit\u00e9 de supporter la processus \u00e9ducatifs.<\/span><\/p><p dir=\"ltr\"><span style=\"color: #333333;font-size: 16px\">Et elle offre le logement et les repas pour les \u00e9tudiants pendant le jour et cela pour un tarif mensuel de 350 EGP en plus le service d\u2019internet dans b\u00e2timents des salles d\u2019internet o\u00f9 service de Wi-Fi gratuit.<\/span><\/p><p dir=\"ltr\"><span style=\"color: #333333;font-size: 16px\">Ex\u00e9cute le plan d\u2019activit\u00e9 estudiantine sur l\u2019ann\u00e9e universitaire d\u2019o\u00f9 voyages de loisirs ou scientifiques, et symposiums culturels pour certaines choses contemporaines (pand\u00e9mie de Covid 19- campagne sant\u00e9 pour tous- et autres).<\/span><\/p><p dir=\"ltr\"><span style=\"color: #333333;font-size: 16px\">Le co\u00fbt r\u00e9el de ces services et activit\u00e9s support\u00e9s par l\u2019universit\u00e9\u00a0:<\/span><\/p><p dir=\"ltr\"><span style=\"color: #333333;font-size: 16px\">Le cout de r\u00e9sidence et l\u2019alimentation pour l\u2019\u00e9tudiant mensuel environ 1000 L.E l\u2019\u00e9tudiant cout 350 L.E mensuel pour la r\u00e9sidence et l\u2019alimentation.<\/span><\/p><p dir=\"ltr\"><span style=\"color: #333333;font-size: 16px\">Les activit\u00e9s estudiantines pour les \u00e9tudiants des villes universitaires pendant l\u2019ann\u00e9e universitaire cout\u00a0:<\/span><\/p><p dir=\"ltr\"><span style=\"color: #333333;font-size: 16px\">\u00a0Les activit\u00e9s estudiantines environ 40.000 L.E- l\u2019\u00e9tudiant cout comme contribution par lui \u00e0 l\u2019activit\u00e9 de voyage en pourcentage entre 30% \u00e0 50% du cout de voyage et les autres activit\u00e9s sans contribution estudiantin et l\u2019universit\u00e9 la cout.<\/span><\/p><\/li><\/ul><\/div>\n\t\t\t\t\t\t\t<\/div>\n\t\t<\/div>\n\t\t\t\t<\/div>\n\t\t\t\t<\/div>\n\t\t\t\t\t<\/div>\n\t\t<\/div>\n\t\t\t\t\t<\/div>\n\t\t<\/section>\n\t\t\t\t<\/div>\n\t\t","protected":false},"excerpt":{"rendered":"<p>Admission aux villes universitaire Plan de logement Services Admission aux villes universitaire Les villes universitaires consid\u00e8rent de l\u2019important secteur de soin les \u00e9tudiants universitaires pour les \u00e9tudiants universitaires, qu\u2019ils soient (sociaux, sanitaires, scientifiques, culturels ou sportifs), qu\u2019elles offrent une vie <a href=\"https:\/\/aswu.edu.eg\/fr\/about\/organizational-structure\/education-and-student-affairs-sector\/university-hostel-administration\/university-hostels-addmission\/\" class=\"read-more\">Read More &#8230;<\/a><\/p>\n<div class=\"pvc_clear\"><\/div>\n<p id=\"pvc_stats_22919\" class=\"pvc_stats all  \" data-element-id=\"22919\" style=\"\"><i class=\"pvc-stats-icon medium\" aria-hidden=\"true\"><svg aria-hidden=\"true\" focusable=\"false\" data-prefix=\"far\" data-icon=\"chart-bar\" role=\"img\" xmlns=\"http:\/\/www.w3.org\/2000\/svg\" viewBox=\"0 0 512 512\" class=\"svg-inline--fa fa-chart-bar fa-w-16 fa-2x\"><path fill=\"currentColor\" d=\"M396.8 352h22.4c6.4 0 12.8-6.4 12.8-12.8V108.8c0-6.4-6.4-12.8-12.8-12.8h-22.4c-6.4 0-12.8 6.4-12.8 12.8v230.4c0 6.4 6.4 12.8 12.8 12.8zm-192 0h22.4c6.4 0 12.8-6.4 12.8-12.8V140.8c0-6.4-6.4-12.8-12.8-12.8h-22.4c-6.4 0-12.8 6.4-12.8 12.8v198.4c0 6.4 6.4 12.8 12.8 12.8zm96 0h22.4c6.4 0 12.8-6.4 12.8-12.8V204.8c0-6.4-6.4-12.8-12.8-12.8h-22.4c-6.4 0-12.8 6.4-12.8 12.8v134.4c0 6.4 6.4 12.8 12.8 12.8zM496 400H48V80c0-8.84-7.16-16-16-16H16C7.16 64 0 71.16 0 80v336c0 17.67 14.33 32 32 32h464c8.84 0 16-7.16 16-16v-16c0-8.84-7.16-16-16-16zm-387.2-48h22.4c6.4 0 12.8-6.4 12.8-12.8v-70.4c0-6.4-6.4-12.8-12.8-12.8h-22.4c-6.4 0-12.8 6.4-12.8 12.8v70.4c0 6.4 6.4 12.8 12.8 12.8z\" class=\"\"><\/path><\/svg><\/i> <img decoding=\"async\" width=\"16\" height=\"16\" alt=\"Loading\" src=\"https:\/\/aswu.edu.eg\/fr\/wp-content\/plugins\/page-views-count\/ajax-loader-2x.gif\" border=0 \/><\/p>\n<div class=\"pvc_clear\"><\/div>\n","protected":false},"author":10,"featured_media":0,"parent":2494,"menu_order":0,"comment_status":"closed","ping_status":"closed","template":"","meta":{"footnotes":""},"rttpg_featured_image_url":null,"rttpg_author":{"display_name":"baivy anton","author_link":"https:\/\/aswu.edu.eg\/fr\/author\/asenweb\/"},"rttpg_comment":0,"rttpg_category":null,"rttpg_excerpt":"Admission aux villes universitaire Plan de logement Services Admission aux villes universitaire Les villes universitaires consid\u00e8rent de l\u2019important secteur de soin les \u00e9tudiants universitaires pour les \u00e9tudiants universitaires, qu\u2019ils soient (sociaux, sanitaires, scientifiques, culturels ou sportifs), qu\u2019elles offrent une vie Read More ...","_links":{"self":[{"href":"https:\/\/aswu.edu.eg\/fr\/wp-json\/wp\/v2\/pages\/22919"}],"collection":[{"href":"https:\/\/aswu.edu.eg\/fr\/wp-json\/wp\/v2\/pages"}],"about":[{"href":"https:\/\/aswu.edu.eg\/fr\/wp-json\/wp\/v2\/types\/page"}],"author":[{"embeddable":true,"href":"https:\/\/aswu.edu.eg\/fr\/wp-json\/wp\/v2\/users\/10"}],"replies":[{"embeddable":true,"href":"https:\/\/aswu.edu.eg\/fr\/wp-json\/wp\/v2\/comments?post=22919"}],"version-history":[{"count":26,"href":"https:\/\/aswu.edu.eg\/fr\/wp-json\/wp\/v2\/pages\/22919\/revisions"}],"predecessor-version":[{"id":30715,"href":"https:\/\/aswu.edu.eg\/fr\/wp-json\/wp\/v2\/pages\/22919\/revisions\/30715"}],"up":[{"embeddable":true,"href":"https:\/\/aswu.edu.eg\/fr\/wp-json\/wp\/v2\/pages\/2494"}],"wp:attachment":[{"href":"https:\/\/aswu.edu.eg\/fr\/wp-json\/wp\/v2\/media?parent=22919"}],"curies":[{"name":"wp","href":"https:\/\/api.w.org\/{rel}","templated":true}]}}