{"id":23031,"date":"2022-11-17T07:49:49","date_gmt":"2022-11-17T07:49:49","guid":{"rendered":"https:\/\/aswu.edu.eg\/en\/?page_id=23031"},"modified":"2024-04-21T07:59:33","modified_gmt":"2024-04-21T07:59:33","slug":"military-education","status":"publish","type":"page","link":"https:\/\/aswu.edu.eg\/fr\/services-aswu\/student-services-aswu\/military-education\/","title":{"rendered":"\u00c9ducation militaire"},"content":{"rendered":"\t\t<div data-elementor-type=\"wp-page\" data-elementor-id=\"23031\" class=\"elementor elementor-23031\">\n\t\t\t\t\t\t<section class=\"elementor-section elementor-top-section elementor-element elementor-element-705f83b elementor-section-boxed elementor-section-height-default elementor-section-height-default\" data-id=\"705f83b\" data-element_type=\"section\">\n\t\t\t\t\t\t<div class=\"elementor-container elementor-column-gap-default\">\n\t\t\t\t\t<div class=\"elementor-column elementor-col-33 elementor-top-column elementor-element elementor-element-25be1dd\" data-id=\"25be1dd\" data-element_type=\"column\">\n\t\t\t<div class=\"elementor-widget-wrap elementor-element-populated\">\n\t\t\t\t\t\t<div class=\"elementor-element elementor-element-0fd4422 elementor-widget elementor-widget-wp-widget-iksm-widget\" data-id=\"0fd4422\" data-element_type=\"widget\" data-widget_type=\"wp-widget-iksm-widget.default\">\n\t\t\t\t<div class=\"elementor-widget-container\">\n\t\t\t<script id=\"styles-copier-69e33b6077c17\">\n\t\t\t\/\/ Finding styles element\n\t        var element = document.getElementById(\"iksm-dynamic-style\");\n\t        if (!element) { \/\/ If no element (Cache plugins can remove tag), then creating a new one\n                element = document.createElement('style');\n                var head = document.getElementsByTagName(\"head\")\n                if (head && head[0]) {\n                \thead[0].appendChild(element);\n                } else {\n                  \tconsole.warn(\"Iks Menu | Error while printing styles. Please contact technical support.\");\n                }\n\t        }\n\t\t\t\/\/ Copying styles to <styles> tag\n\t        element.innerHTML += \".iksm-16914 .iksm-terms{background-color:rgba(243,243,243,1);width:200px;transition:all 400ms;animation:iks-fade-in 1000ms;}.iksm-16914 .iksm-term__inner{background-color:rgba(231,231,231,1);margin-top:3px;min-height:44px;transition:all 400ms;}.iksm-16914 .iksm-term__inner:hover{background-color:rgba(220,220,220,1);}.iksm-16914 .iksm-term--current > .iksm-term__inner{background-color:rgba(202,229,239,1);}.iksm-16914 .iksm-term__link{color:rgba(0,0,0,1);font-size:15px;line-height:15px;font-weight:400;text-align:left;text-decoration:none;padding-top:5px;padding-right:10px;padding-bottom:5px;padding-left:15px;transition:all 400ms;}.iksm-16914 .iksm-term__inner:hover .iksm-term__link{color:rgba(50,50,50,1);}.iksm-16914 .iksm-term__toggle__inner{transition:transform 400ms}.iksm-16914 .iksm-term--expanded > .iksm-term__inner > .iksm-term__toggle > .iksm-term__toggle__inner{transform:rotate(180deg);}.iksm-16914 .iksm-term__toggle{color:rgba(133,133,133,1);font-size:16px;align-self:unset;;height:25px;width:25px;margin-right:7px;transition:all 400ms;}.iksm-16914 .iksm-term__toggle:hover{color:rgba(0,0,0,1);}.iksm-16914 .iksm-term__image-container{width:30px;min-width:30px;height:30px;min-height:30px;margin-right:15px;transition:all 400ms;}.iksm-16914 .iksm-term__image{background-size:contain;background-position:center;background-repeat:no-repeat;}.iksm-16914 .iksm-term__image-container:hover{background-size:contain;background-position:center;background-repeat:no-repeat;}.iksm-16914 .iksm-term__inner:hover .iksm-term__image-container{background-size:contain;background-position:center;background-repeat:no-repeat;}.iksm-16914 .iksm-term__inner:focus .iksm-term__image-container{background-size:contain;background-position:center;background-repeat:no-repeat;}.iksm-16914 .iksm-term--current > .iksm-term__inner .iksm-term__image-container{background-size:contain;background-position:center;background-repeat:no-repeat;}.iksm-16914 .iksm-term--child .iksm-term__inner .iksm-term__image-container{background-size:contain;background-position:center;background-repeat:no-repeat;}.iksm-16914 .iksm-term--child .iksm-term__inner .iksm-term__image-container:hover{background-size:contain;background-position:center;background-repeat:no-repeat;}.iksm-16914 .iksm-term--child .iksm-term__inner .iksm-term__image-container:focus{background-size:contain;background-position:center;background-repeat:no-repeat;}.iksm-16914 .iksm-term--child.iksm-term--current > .iksm-term__inner .iksm-term__image-container{background-size:contain;background-position:center;background-repeat:no-repeat;}.iksm-16914  .iksm-term__text{flex: unset}.iksm-16914 .iksm-term__posts-count{color:rgba(133,133,133,1);font-size:16px;margin-left:12px;font-weight:400;transition:all 400ms;}\";\n\t        \/\/ Removing this script\n            var this_script = document.getElementById(\"styles-copier-69e33b6077c17\");\n            if (this_script) { \/\/ Cache plugins can remove tag\n\t            this_script.outerHTML = \"\";\n\t            if (this_script.parentNode) {\n\t                this_script.parentNode.removeChild(this_script);\n\t            }\n            }\n        <\/script><div id='iksm-16914' class='iksm iksm-16914 iksm-container '  data-id='16914' data-is-pro='0' data-source='menu'><div class='iksm-terms'><div class='iksm-terms-tree iksm-terms-tree--level-1 iksm-terms-tree--parents' style=''><div class=\"iksm-terms-tree__inner\">\n        <div class=\"iksm-term iksm-term--id-16911 iksm-term--parent\" data-id=\"16911\">\n            <div class=\"iksm-term__inner\" tabindex='0'>\n                <a class=\"iksm-term__link\" href='https:\/\/aswu.edu.eg\/fr\/services-aswu\/student-services-aswu\/student-portal\/' target='_self' tabindex='-1'>\n\t\t\t\t        <span class=\"iksm-term__text\">Portail  \u00c9tudiants<\/span>\n\t\t            <\/a>\n\t\t\t        <\/div>\n\t\t        <\/div>\n\n\t\t\n        <div class=\"iksm-term iksm-term--id-22340 iksm-term--parent\" data-id=\"22340\">\n            <div class=\"iksm-term__inner\" tabindex='0'>\n                <a class=\"iksm-term__link\" href='https:\/\/aswu.edu.eg\/fr\/services-aswu\/student-services-aswu\/the-students-results\/' target='_self' tabindex='-1'>\n\t\t\t\t        <span class=\"iksm-term__text\">R\u00e9sultats des \u00c9tudiants<\/span>\n\t\t            <\/a>\n\t\t\t        <\/div>\n\t\t        <\/div>\n\n\t\t\n        <div class=\"iksm-term iksm-term--id-16945 iksm-term--parent\" data-id=\"16945\">\n            <div class=\"iksm-term__inner\" tabindex='0'>\n                <a class=\"iksm-term__link\" href='https:\/\/aswu.edu.eg\/fr\/services-aswu\/student-services-aswu\/egyptian-knowledge\/' target='_self' tabindex='-1'>\n\t\t\t\t        <span class=\"iksm-term__text\">Banque de Connaissance \u00c9gyptienne<\/span>\n\t\t            <\/a>\n\t\t\t        <\/div>\n\t\t        <\/div>\n\n\t\t\n        <div class=\"iksm-term iksm-term--id-14015 iksm-term--parent\" data-id=\"14015\">\n            <div class=\"iksm-term__inner\" tabindex='0'>\n                <a class=\"iksm-term__link\" href='https:\/\/aswu.edu.eg\/fr\/about\/facilities\/libraries\/' target='_self' tabindex='-1'>\n\t\t\t\t        <span class=\"iksm-term__text\">Biblioth\u00e8ques<\/span>\n\t\t            <\/a>\n\t\t\t        <\/div>\n\t\t        <\/div>\n\n\t\t\n        <div class=\"iksm-term iksm-term--id-17448 iksm-term--parent\" data-id=\"17448\">\n            <div class=\"iksm-term__inner\" tabindex='0'>\n                <a class=\"iksm-term__link\" href='https:\/\/aswu.edu.eg\/fr\/services-aswu\/student-services-aswu\/students-care\/' target='_self' tabindex='-1'>\n\t\t\t\t        <span class=\"iksm-term__text\">Soins aux \u00c9tudiants<\/span>\n\t\t            <\/a>\n\t\t\t        <\/div>\n\t\t        <\/div>\n\n\t\t\n        <div class=\"iksm-term iksm-term--id-18215 iksm-term--parent\" data-id=\"18215\">\n            <div class=\"iksm-term__inner\" tabindex='0'>\n                <a class=\"iksm-term__link\" href='https:\/\/aswu.edu.eg\/fr\/services-aswu\/student-services-aswu\/applying-for-hostel\/' target='_self' tabindex='-1'>\n\t\t\t\t        <span class=\"iksm-term__text\">Inscription aux Cit\u00e9s Universitaire<\/span>\n\t\t            <\/a>\n\t\t\t        <\/div>\n\t\t        <\/div>\n\n\t\t\n        <div class=\"iksm-term iksm-term--id-23112 iksm-term--parent\" data-id=\"23112\">\n            <div class=\"iksm-term__inner\" tabindex='0'>\n                <a class=\"iksm-term__link\" href='https:\/\/aswu.edu.eg\/fr\/services-aswu\/student-services-aswu\/military-education\/' target='_self' tabindex='-1'>\n\t\t\t\t        <span class=\"iksm-term__text\">\u00c9ducation Militaire<\/span>\n\t\t            <\/a>\n\t\t\t        <\/div>\n\t\t        <\/div>\n\n\t\t\n        <div class=\"iksm-term iksm-term--id-18342 iksm-term--parent\" data-id=\"18342\">\n            <div class=\"iksm-term__inner\" tabindex='0'>\n                <a class=\"iksm-term__link\" href='https:\/\/aswu.edu.eg\/fr\/about\/organizational-structure\/education-and-student-affairs-sector\/university-hostel-administration\/nutrition-administration\/nutrition\/food-security\/' target='_self' tabindex='-1'>\n\t\t\t\t        <span class=\"iksm-term__text\">S\u00e9curit\u00e9 alimentaire<\/span>\n\t\t            <\/a>\n\t\t\t        <\/div>\n\t\t        <\/div>\n\n\t\t\n        <div class=\"iksm-term iksm-term--id-18735 iksm-term--parent\" data-id=\"18735\">\n            <div class=\"iksm-term__inner\" tabindex='0'>\n                <a class=\"iksm-term__link\" href='https:\/\/aswu.edu.eg\/fr\/services-aswu\/student-services-aswu\/foreign-students-services\/' target='_self' tabindex='-1'>\n\t\t\t\t        <span class=\"iksm-term__text\">Services aux \u00c9trangers<\/span>\n\t\t            <\/a>\n\t\t\t        <\/div>\n\t\t        <\/div>\n\n\t\t\n        <div class=\"iksm-term iksm-term--id-18747 iksm-term--parent\" data-id=\"18747\">\n            <div class=\"iksm-term__inner\" tabindex='0'>\n                <a class=\"iksm-term__link\" href='https:\/\/aswu.edu.eg\/fr\/services-aswu\/student-services-aswu\/foreign-students-activities\/' target='_self' tabindex='-1'>\n\t\t\t\t        <span class=\"iksm-term__text\">Activit\u00e9s des \u00c9tudiants \u00c9trangers<\/span>\n\t\t            <\/a>\n\t\t\t        <\/div>\n\t\t        <\/div>\n\n\t\t\n        <div class=\"iksm-term iksm-term--id-15493 iksm-term--parent\" data-id=\"15493\">\n            <div class=\"iksm-term__inner\" tabindex='0'>\n                <a class=\"iksm-term__link\" href='https:\/\/aswu.edu.eg\/fr\/services-aswu\/student-services-aswu\/statistics-aswu\/' target='_self' tabindex='-1'>\n\t\t\t\t        <span class=\"iksm-term__text\">Statistiques<\/span>\n\t\t            <\/a>\n\t\t\t        <\/div>\n\t\t        <\/div>\n\n\t\t<\/div><\/div><\/div><div id=\"iksm_data_args\" class=\"data-args\"  data-collapse_children_terms='1' data-collapse_other_terms='1' data-collapse_animation_duration='400' data-expand_animation_duration='400'><\/div><\/div>\t\t<\/div>\n\t\t\t\t<\/div>\n\t\t\t\t\t<\/div>\n\t\t<\/div>\n\t\t\t\t<div class=\"elementor-column elementor-col-33 elementor-top-column elementor-element elementor-element-38172b4\" data-id=\"38172b4\" data-element_type=\"column\">\n\t\t\t<div class=\"elementor-widget-wrap elementor-element-populated\">\n\t\t\t\t\t\t<div class=\"elementor-element elementor-element-6bb76c2 elementor-widget elementor-widget-text-editor\" data-id=\"6bb76c2\" data-element_type=\"widget\" data-widget_type=\"text-editor.default\">\n\t\t\t\t<div class=\"elementor-widget-container\">\n\t\t\t\t\t\t\t<p><span style=\"color: #333333\">Militaire \u00c9ducation est une mati\u00e8re scientifique militaire enseign\u00e9e par les membres des forces arm\u00e9es, et elle comporte une partie th\u00e9orique qui comprend des conf\u00e9rences sur les types d&#8217;armes, les grades militaires, etc., et une partie pratique qui se r\u00e9sume dans une \u00a0formation sur le salut du drapeau, le virage autour, et comment effectuer le salut militaire.<\/span><\/p><p><span style=\"color: #333333\"><u>Objectifs de Militaire \u00c9ducation:<\/u><\/span><\/p><p><span style=\"color: #333333\">1-D\u00e9velopper l&#8217;esprit de loyaut\u00e9 et d&#8217;appartenance et consolider l&#8217;esprit national chez tous les \u00e9tudiants.<\/span><\/p><p><span style=\"color: #333333\">2-Qualifier physiquement et psychologiquement l&#8217;\u00e9l\u00e8ve et le pr\u00e9parer \u00e0 int\u00e9grer le service national selon les diff\u00e9rentes phases de recrutement.<\/span><\/p><p><span style=\"color: #333333\">3-Pr\u00e9parer l&#8217;\u00e9l\u00e8ve \u00e0 s&#8217;adapter t\u00f4t \u00e0 la vie militaire, ce qui l&#8217;aide \u00e0 adh\u00e9rer et \u00e0 s&#8217;autodiscipline.<\/span><\/p><p><span style=\"color: #333333\">4- Initier l&#8217;\u00e9tudiant au r\u00f4le de d\u00e9veloppement jou\u00e9 par les forces arm\u00e9es pour faire avancer le d\u00e9veloppement et aider l&#8217;\u00e9conomie nationale \u00e0 s&#8217;am\u00e9liorer.<\/span><\/p><p><span style=\"color: #333333\">5-Initier les \u00e9tudiants au r\u00f4le jou\u00e9 par les forces arm\u00e9es face aux crises et catastrophes.<\/span><\/p><p><span style=\"color: #333333\">6-Initier les \u00e9tudiants \u00e0 l&#8217;importance d&#8217;\u00e9tudier l&#8217;histoire militaire en pr\u00e9sentant des conf\u00e9rences document\u00e9es sur l&#8217;histoire honorable de l&#8217;arm\u00e9e \u00e9gyptienne.<\/span><\/p><p><span style=\"color: #333333\">7-D\u00e9velopper l&#8217;esprit d&#8217;\u00e9quipe et le travail d&#8217;\u00e9quipe lors des cours d&#8217;\u00e9ducation militaire.<\/span><\/p><p><span style=\"color: #333333\">8-D\u00e9velopper l&#8217;esprit de cr\u00e9ativit\u00e9 et de recherche scientifique, par la recherche intellectuelle qui est pr\u00e9sent\u00e9e \u00e0 la fin des cours militaires.<\/span><\/p><p><span style=\"color: #333333\">Pour plus de d\u00e9tails,<\/span> <a href=\"http:\/\/193.227.33.93\/\"><span style=\"text-decoration: underline\"><span style=\"color: #0000ff\"><strong>cliquez ici<\/strong><\/span><\/span><\/a><\/p><p>\u00a0<\/p>\t\t\t\t\t\t<\/div>\n\t\t\t\t<\/div>\n\t\t\t\t\t<\/div>\n\t\t<\/div>\n\t\t\t\t<div class=\"elementor-column elementor-col-33 elementor-top-column elementor-element elementor-element-fa273bb\" data-id=\"fa273bb\" data-element_type=\"column\">\n\t\t\t<div class=\"elementor-widget-wrap elementor-element-populated\">\n\t\t\t\t\t\t<div class=\"elementor-element elementor-element-d1fb0c5 elementor-widget elementor-widget-image\" data-id=\"d1fb0c5\" data-element_type=\"widget\" data-widget_type=\"image.default\">\n\t\t\t\t<div class=\"elementor-widget-container\">\n\t\t\t\t\t\t\t\t\t\t\t\t\t<img fetchpriority=\"high\" decoding=\"async\" width=\"847\" height=\"515\" src=\"https:\/\/aswu.edu.eg\/fr\/wp-content\/uploads\/Egypt.jpg\" class=\"attachment-large size-large wp-image-23091\" alt=\"\" \/>\t\t\t\t\t\t\t\t\t\t\t\t\t<\/div>\n\t\t\t\t<\/div>\n\t\t\t\t\t<\/div>\n\t\t<\/div>\n\t\t\t\t\t<\/div>\n\t\t<\/section>\n\t\t\t\t<\/div>\n\t\t","protected":false},"excerpt":{"rendered":"<p>Militaire \u00c9ducation est une mati\u00e8re scientifique militaire enseign\u00e9e par les membres des forces arm\u00e9es, et elle comporte une partie th\u00e9orique qui comprend des conf\u00e9rences sur les types d&#8217;armes, les grades militaires, etc., et une partie pratique qui se r\u00e9sume dans <a href=\"https:\/\/aswu.edu.eg\/fr\/services-aswu\/student-services-aswu\/military-education\/\" class=\"read-more\">Read More &#8230;<\/a><\/p>\n<div class=\"pvc_clear\"><\/div>\n<p id=\"pvc_stats_23031\" class=\"pvc_stats all  \" data-element-id=\"23031\" style=\"\"><i class=\"pvc-stats-icon medium\" aria-hidden=\"true\"><svg aria-hidden=\"true\" focusable=\"false\" data-prefix=\"far\" data-icon=\"chart-bar\" role=\"img\" xmlns=\"http:\/\/www.w3.org\/2000\/svg\" viewBox=\"0 0 512 512\" class=\"svg-inline--fa fa-chart-bar fa-w-16 fa-2x\"><path fill=\"currentColor\" d=\"M396.8 352h22.4c6.4 0 12.8-6.4 12.8-12.8V108.8c0-6.4-6.4-12.8-12.8-12.8h-22.4c-6.4 0-12.8 6.4-12.8 12.8v230.4c0 6.4 6.4 12.8 12.8 12.8zm-192 0h22.4c6.4 0 12.8-6.4 12.8-12.8V140.8c0-6.4-6.4-12.8-12.8-12.8h-22.4c-6.4 0-12.8 6.4-12.8 12.8v198.4c0 6.4 6.4 12.8 12.8 12.8zm96 0h22.4c6.4 0 12.8-6.4 12.8-12.8V204.8c0-6.4-6.4-12.8-12.8-12.8h-22.4c-6.4 0-12.8 6.4-12.8 12.8v134.4c0 6.4 6.4 12.8 12.8 12.8zM496 400H48V80c0-8.84-7.16-16-16-16H16C7.16 64 0 71.16 0 80v336c0 17.67 14.33 32 32 32h464c8.84 0 16-7.16 16-16v-16c0-8.84-7.16-16-16-16zm-387.2-48h22.4c6.4 0 12.8-6.4 12.8-12.8v-70.4c0-6.4-6.4-12.8-12.8-12.8h-22.4c-6.4 0-12.8 6.4-12.8 12.8v70.4c0 6.4 6.4 12.8 12.8 12.8z\" class=\"\"><\/path><\/svg><\/i> <img decoding=\"async\" width=\"16\" height=\"16\" alt=\"Loading\" src=\"https:\/\/aswu.edu.eg\/fr\/wp-content\/plugins\/page-views-count\/ajax-loader-2x.gif\" border=0 \/><\/p>\n<div class=\"pvc_clear\"><\/div>\n","protected":false},"author":7,"featured_media":0,"parent":13550,"menu_order":0,"comment_status":"closed","ping_status":"closed","template":"","meta":{"footnotes":""},"rttpg_featured_image_url":null,"rttpg_author":{"display_name":"nourhan Monaam","author_link":"https:\/\/aswu.edu.eg\/fr\/author\/edr0asen\/"},"rttpg_comment":0,"rttpg_category":null,"rttpg_excerpt":"Militaire \u00c9ducation est une mati\u00e8re scientifique militaire enseign\u00e9e par les membres des forces arm\u00e9es, et elle comporte une partie th\u00e9orique qui comprend des conf\u00e9rences sur les types d&#8217;armes, les grades militaires, etc., et une partie pratique qui se r\u00e9sume dans Read More ...","_links":{"self":[{"href":"https:\/\/aswu.edu.eg\/fr\/wp-json\/wp\/v2\/pages\/23031"}],"collection":[{"href":"https:\/\/aswu.edu.eg\/fr\/wp-json\/wp\/v2\/pages"}],"about":[{"href":"https:\/\/aswu.edu.eg\/fr\/wp-json\/wp\/v2\/types\/page"}],"author":[{"embeddable":true,"href":"https:\/\/aswu.edu.eg\/fr\/wp-json\/wp\/v2\/users\/7"}],"replies":[{"embeddable":true,"href":"https:\/\/aswu.edu.eg\/fr\/wp-json\/wp\/v2\/comments?post=23031"}],"version-history":[{"count":25,"href":"https:\/\/aswu.edu.eg\/fr\/wp-json\/wp\/v2\/pages\/23031\/revisions"}],"predecessor-version":[{"id":29980,"href":"https:\/\/aswu.edu.eg\/fr\/wp-json\/wp\/v2\/pages\/23031\/revisions\/29980"}],"up":[{"embeddable":true,"href":"https:\/\/aswu.edu.eg\/fr\/wp-json\/wp\/v2\/pages\/13550"}],"wp:attachment":[{"href":"https:\/\/aswu.edu.eg\/fr\/wp-json\/wp\/v2\/media?parent=23031"}],"curies":[{"name":"wp","href":"https:\/\/api.w.org\/{rel}","templated":true}]}}