{"id":23750,"date":"2022-11-17T20:30:22","date_gmt":"2022-11-17T20:30:22","guid":{"rendered":"https:\/\/aswu.edu.eg\/en\/?page_id=23750"},"modified":"2025-11-25T08:34:11","modified_gmt":"2025-11-25T08:34:11","slug":"program-planning-and-environment-development-administration","status":"publish","type":"page","link":"https:\/\/aswu.edu.eg\/fr\/about\/organizational-structure\/community-service-and-environmental-development-sector\/general-management-of-environmental-projects\/program-planning-and-environment-development-administration\/","title":{"rendered":"L\u2019administration de planification du programme et d\u00e9veloppement de l\u2019environnement"},"content":{"rendered":"\t\t<div data-elementor-type=\"wp-page\" data-elementor-id=\"23750\" class=\"elementor elementor-23750\">\n\t\t\t\t\t\t<section class=\"elementor-section elementor-top-section elementor-element elementor-element-d52354d elementor-section-boxed elementor-section-height-default elementor-section-height-default\" data-id=\"d52354d\" data-element_type=\"section\">\n\t\t\t\t\t\t<div class=\"elementor-container elementor-column-gap-default\">\n\t\t\t\t\t<div class=\"elementor-column elementor-col-33 elementor-top-column elementor-element elementor-element-c4ef0dc\" data-id=\"c4ef0dc\" data-element_type=\"column\">\n\t\t\t<div class=\"elementor-widget-wrap elementor-element-populated\">\n\t\t\t\t\t\t<div class=\"elementor-element elementor-element-a03ce76 elementor-widget elementor-widget-wp-widget-iksm-widget\" data-id=\"a03ce76\" data-element_type=\"widget\" data-widget_type=\"wp-widget-iksm-widget.default\">\n\t\t\t\t<div class=\"elementor-widget-container\">\n\t\t\t<script id=\"styles-copier-69e241c8932fe\">\n\t\t\t\/\/ Finding styles element\n\t        var element = document.getElementById(\"iksm-dynamic-style\");\n\t        if (!element) { \/\/ If no element (Cache plugins can remove tag), then creating a new one\n                element = document.createElement('style');\n                var head = document.getElementsByTagName(\"head\")\n                if (head && head[0]) {\n                \thead[0].appendChild(element);\n                } else {\n                  \tconsole.warn(\"Iks Menu | Error while printing styles. Please contact technical support.\");\n                }\n\t        }\n\t\t\t\/\/ Copying styles to <styles> tag\n\t        element.innerHTML += \".iksm-23814 .iksm-terms{background-color:rgba(243,243,243,1);width:210px;transition:all 400ms;animation:iks-fade-in 1000ms;}.iksm-23814 .iksm-term__inner{background-color:rgba(231,231,231,1);margin-top:3px;min-height:44px;transition:all 400ms;}.iksm-23814 .iksm-term__inner:hover{background-color:rgba(220,220,220,1);}.iksm-23814 .iksm-term--current > .iksm-term__inner{background-color:rgba(202,229,239,1);}.iksm-23814 .iksm-term__link{color:rgba(0,0,0,1);font-size:15px;line-height:15px;font-weight:400;text-align:left;text-decoration:none;padding-top:5px;padding-right:10px;padding-bottom:5px;padding-left:15px;transition:all 400ms;}.iksm-23814 .iksm-term__inner:hover .iksm-term__link{color:rgba(50,50,50,1);}.iksm-23814 .iksm-term__toggle__inner{transition:transform 400ms}.iksm-23814 .iksm-term--expanded > .iksm-term__inner > .iksm-term__toggle > .iksm-term__toggle__inner{transform:rotate(180deg);}.iksm-23814 .iksm-term__toggle{color:rgba(133,133,133,1);font-size:16px;align-self:unset;;height:25px;width:25px;margin-right:7px;transition:all 400ms;}.iksm-23814 .iksm-term__toggle:hover{color:rgba(0,0,0,1);}.iksm-23814 .iksm-term__image-container{width:30px;min-width:30px;height:30px;min-height:30px;margin-right:15px;transition:all 400ms;}.iksm-23814 .iksm-term__image{background-size:contain;background-position:center;background-repeat:no-repeat;}.iksm-23814 .iksm-term__image-container:hover{background-size:contain;background-position:center;background-repeat:no-repeat;}.iksm-23814 .iksm-term__inner:hover .iksm-term__image-container{background-size:contain;background-position:center;background-repeat:no-repeat;}.iksm-23814 .iksm-term__inner:focus .iksm-term__image-container{background-size:contain;background-position:center;background-repeat:no-repeat;}.iksm-23814 .iksm-term--current > .iksm-term__inner .iksm-term__image-container{background-size:contain;background-position:center;background-repeat:no-repeat;}.iksm-23814 .iksm-term--child .iksm-term__inner .iksm-term__image-container{background-size:contain;background-position:center;background-repeat:no-repeat;}.iksm-23814 .iksm-term--child .iksm-term__inner .iksm-term__image-container:hover{background-size:contain;background-position:center;background-repeat:no-repeat;}.iksm-23814 .iksm-term--child .iksm-term__inner .iksm-term__image-container:focus{background-size:contain;background-position:center;background-repeat:no-repeat;}.iksm-23814 .iksm-term--child.iksm-term--current > .iksm-term__inner .iksm-term__image-container{background-size:contain;background-position:center;background-repeat:no-repeat;}.iksm-23814  .iksm-term__text{flex: unset}.iksm-23814 .iksm-term__posts-count{color:rgba(133,133,133,1);font-size:16px;margin-left:12px;font-weight:400;transition:all 400ms;}\";\n\t        \/\/ Removing this script\n            var this_script = document.getElementById(\"styles-copier-69e241c8932fe\");\n            if (this_script) { \/\/ Cache plugins can remove tag\n\t            this_script.outerHTML = \"\";\n\t            if (this_script.parentNode) {\n\t                this_script.parentNode.removeChild(this_script);\n\t            }\n            }\n        <\/script><div id='iksm-23814' class='iksm iksm-23814 iksm-container '  data-id='23814' data-is-pro='0' data-source='menu'><div class='iksm-terms'><div class='iksm-terms-tree iksm-terms-tree--level-1 iksm-terms-tree--parents' style=''><div class=\"iksm-terms-tree__inner\">\n        <div class=\"iksm-term iksm-term--id-23810 iksm-term--parent\" data-id=\"23810\">\n            <div class=\"iksm-term__inner\" tabindex='0'>\n                <a class=\"iksm-term__link\" href='https:\/\/aswu.edu.eg\/fr\/about\/organizational-structure\/community-service-and-environmental-development-sector\/general-management-of-environmental-projects\/program-planning-and-environment-development-administration\/' target='_self' tabindex='-1'>\n\t\t\t\t        <span class=\"iksm-term__text\">L\u2019administration de planification du programme et d\u00e9veloppement de l\u2019environnement<\/span>\n\t\t            <\/a>\n\t\t\t        <\/div>\n\t\t        <\/div>\n\n\t\t\n        <div class=\"iksm-term iksm-term--id-23809 iksm-term--parent\" data-id=\"23809\">\n            <div class=\"iksm-term__inner\" tabindex='0'>\n                <a class=\"iksm-term__link\" href='https:\/\/aswu.edu.eg\/fr\/about\/organizational-structure\/community-service-and-environmental-development-sector\/general-management-of-environmental-projects\/environmental-projects-follow-up-administration\/' target='_self' tabindex='-1'>\n\t\t\t\t        <span class=\"iksm-term__text\">Administration de suivi les projets environnementaux<\/span>\n\t\t            <\/a>\n\t\t\t        <\/div>\n\t\t        <\/div>\n\n\t\t<\/div><\/div><\/div><div id=\"iksm_data_args\" class=\"data-args\"  data-collapse_children_terms='1' data-collapse_other_terms='1' data-collapse_animation_duration='400' data-expand_animation_duration='400'><\/div><\/div>\t\t<\/div>\n\t\t\t\t<\/div>\n\t\t\t\t\t<\/div>\n\t\t<\/div>\n\t\t\t\t<div class=\"elementor-column elementor-col-66 elementor-top-column elementor-element elementor-element-3b43516\" data-id=\"3b43516\" data-element_type=\"column\">\n\t\t\t<div class=\"elementor-widget-wrap elementor-element-populated\">\n\t\t\t\t\t\t<div class=\"elementor-element elementor-element-a2dd86b elementor-widget elementor-widget-text-editor\" data-id=\"a2dd86b\" data-element_type=\"widget\" data-widget_type=\"text-editor.default\">\n\t\t\t\t<div class=\"elementor-widget-container\">\n\t\t\t\t\t\t\t<p><strong><span style=\"color: #003366;font-size: 17px\">L\u2019administration de planifications les programmes et d\u00e9veloppement l\u2019environnement<\/span><\/strong><\/p><p><strong><span style=\"color: #003366;font-size: 17px\">Plac\u00e9 sous la direction g\u00e9n\u00e9rale des projets des environnementaux et elle effectue les travaux suivants\u00a0:<\/span><\/strong><\/p><ol><li><span style=\"color: #333333\">La supervision des employeurs dans l\u2019administration.<\/span><\/li><li><span style=\"color: #333333\">La supervision de \u00e9laborer des planifications des programmes de d\u00e9veloppement l\u2019environnement. \u00a0<\/span><\/li><li><span style=\"color: #333333\">Supervision de coordination le travail avec les facult\u00e9s de l\u2019universit\u00e9 et d\u00e9fini les r\u00f4les des facult\u00e9s dans la mise en \u0153uvre des projets des recherches pour servir l\u2019environnement.<\/span><\/li><li><span style=\"color: #333333\">Effecteur des \u00e9tudes analytiques n\u00e9cessaires pour d\u00e9finir les axes des plans des projets de recherches appliqu\u00e9es auxquels l\u2019universit\u00e9 contribue\u00a0 pour le d\u00e9veloppement de l\u2019environnement.<\/span><\/li><li><span style=\"color: #333333\">Ex\u00e9cution des plans finals de d\u00e9veloppements industriels, agricoles, environnementaux, humains, et sociale.<\/span><\/li><li><span style=\"color: #333333\">Mise en place de programmes ex\u00e9cutifs n\u00e9cessaires de r\u00e9aliser les plans de l\u2019universit\u00e9 pour le d\u00e9veloppement dans les domaines diff\u00e9rents.<\/span><\/li><li><span style=\"color: #333333\">D\u00e9finir les axes principaux \u00e9conomiques et sociales ensemble.<\/span><\/li><li><span style=\"color: #333333\">La participation avec les autorit\u00e9s locales pour d\u00e9finir le r\u00f4le de l\u2019universit\u00e9 dans d\u00e9veloppement l\u2019environnement dans les domaines (d\u00e9veloppement la production industriel, agricoles, les activit\u00e9s commercial, de de service et d\u00e9veloppement le main- d\u2019\u0153uvre) dans les organisations gouvernemental affili\u00e9 au secteur public et priv\u00e9.<\/span><\/li><\/ol>\t\t\t\t\t\t<\/div>\n\t\t\t\t<\/div>\n\t\t\t\t\t<\/div>\n\t\t<\/div>\n\t\t\t\t\t<\/div>\n\t\t<\/section>\n\t\t\t\t<\/div>\n\t\t","protected":false},"excerpt":{"rendered":"<p>L\u2019administration de planifications les programmes et d\u00e9veloppement l\u2019environnement Plac\u00e9 sous la direction g\u00e9n\u00e9rale des projets des environnementaux et elle effectue les travaux suivants\u00a0: La supervision des employeurs dans l\u2019administration. La supervision de \u00e9laborer des planifications des programmes de d\u00e9veloppement l\u2019environnement. <a href=\"https:\/\/aswu.edu.eg\/fr\/about\/organizational-structure\/community-service-and-environmental-development-sector\/general-management-of-environmental-projects\/program-planning-and-environment-development-administration\/\" class=\"read-more\">Read More &#8230;<\/a><\/p>\n<div class=\"pvc_clear\"><\/div>\n<p id=\"pvc_stats_23750\" class=\"pvc_stats all  \" data-element-id=\"23750\" style=\"\"><i class=\"pvc-stats-icon medium\" aria-hidden=\"true\"><svg aria-hidden=\"true\" focusable=\"false\" data-prefix=\"far\" data-icon=\"chart-bar\" role=\"img\" xmlns=\"http:\/\/www.w3.org\/2000\/svg\" viewBox=\"0 0 512 512\" class=\"svg-inline--fa fa-chart-bar fa-w-16 fa-2x\"><path fill=\"currentColor\" d=\"M396.8 352h22.4c6.4 0 12.8-6.4 12.8-12.8V108.8c0-6.4-6.4-12.8-12.8-12.8h-22.4c-6.4 0-12.8 6.4-12.8 12.8v230.4c0 6.4 6.4 12.8 12.8 12.8zm-192 0h22.4c6.4 0 12.8-6.4 12.8-12.8V140.8c0-6.4-6.4-12.8-12.8-12.8h-22.4c-6.4 0-12.8 6.4-12.8 12.8v198.4c0 6.4 6.4 12.8 12.8 12.8zm96 0h22.4c6.4 0 12.8-6.4 12.8-12.8V204.8c0-6.4-6.4-12.8-12.8-12.8h-22.4c-6.4 0-12.8 6.4-12.8 12.8v134.4c0 6.4 6.4 12.8 12.8 12.8zM496 400H48V80c0-8.84-7.16-16-16-16H16C7.16 64 0 71.16 0 80v336c0 17.67 14.33 32 32 32h464c8.84 0 16-7.16 16-16v-16c0-8.84-7.16-16-16-16zm-387.2-48h22.4c6.4 0 12.8-6.4 12.8-12.8v-70.4c0-6.4-6.4-12.8-12.8-12.8h-22.4c-6.4 0-12.8 6.4-12.8 12.8v70.4c0 6.4 6.4 12.8 12.8 12.8z\" class=\"\"><\/path><\/svg><\/i> <img decoding=\"async\" width=\"16\" height=\"16\" alt=\"Loading\" src=\"https:\/\/aswu.edu.eg\/fr\/wp-content\/plugins\/page-views-count\/ajax-loader-2x.gif\" border=0 \/><\/p>\n<div class=\"pvc_clear\"><\/div>\n","protected":false},"author":10,"featured_media":0,"parent":6680,"menu_order":0,"comment_status":"closed","ping_status":"closed","template":"","meta":{"footnotes":""},"rttpg_featured_image_url":null,"rttpg_author":{"display_name":"baivy anton","author_link":"https:\/\/aswu.edu.eg\/fr\/author\/asenweb\/"},"rttpg_comment":0,"rttpg_category":null,"rttpg_excerpt":"L\u2019administration de planifications les programmes et d\u00e9veloppement l\u2019environnement Plac\u00e9 sous la direction g\u00e9n\u00e9rale des projets des environnementaux et elle effectue les travaux suivants\u00a0: La supervision des employeurs dans l\u2019administration. La supervision de \u00e9laborer des planifications des programmes de d\u00e9veloppement l\u2019environnement. Read More ...","_links":{"self":[{"href":"https:\/\/aswu.edu.eg\/fr\/wp-json\/wp\/v2\/pages\/23750"}],"collection":[{"href":"https:\/\/aswu.edu.eg\/fr\/wp-json\/wp\/v2\/pages"}],"about":[{"href":"https:\/\/aswu.edu.eg\/fr\/wp-json\/wp\/v2\/types\/page"}],"author":[{"embeddable":true,"href":"https:\/\/aswu.edu.eg\/fr\/wp-json\/wp\/v2\/users\/10"}],"replies":[{"embeddable":true,"href":"https:\/\/aswu.edu.eg\/fr\/wp-json\/wp\/v2\/comments?post=23750"}],"version-history":[{"count":10,"href":"https:\/\/aswu.edu.eg\/fr\/wp-json\/wp\/v2\/pages\/23750\/revisions"}],"predecessor-version":[{"id":31087,"href":"https:\/\/aswu.edu.eg\/fr\/wp-json\/wp\/v2\/pages\/23750\/revisions\/31087"}],"up":[{"embeddable":true,"href":"https:\/\/aswu.edu.eg\/fr\/wp-json\/wp\/v2\/pages\/6680"}],"wp:attachment":[{"href":"https:\/\/aswu.edu.eg\/fr\/wp-json\/wp\/v2\/media?parent=23750"}],"curies":[{"name":"wp","href":"https:\/\/api.w.org\/{rel}","templated":true}]}}