{"id":24018,"date":"2022-11-20T10:33:51","date_gmt":"2022-11-20T10:33:51","guid":{"rendered":"https:\/\/aswu.edu.eg\/en\/?page_id=24018"},"modified":"2023-05-02T07:00:16","modified_gmt":"2023-05-02T07:00:16","slug":"co-protocol-between-the-faculty-of-agriculture-and-natural-resources-and-the-directorate-of-agriculture-in-aswan","status":"publish","type":"page","link":"https:\/\/aswu.edu.eg\/fr\/co-protocol-between-the-faculty-of-agriculture-and-natural-resources-and-the-directorate-of-agriculture-in-aswan\/","title":{"rendered":"Protocole de coop\u00e9ration entre la facult\u00e9 d\u2019agriculture et les naturelles ressources et le d\u00e9partement d\u2019agriculture d\u2019Assouan\u00a0 \u00a0\u00a0\u00a0\u00a0\u00a0\u00a0\u00a0\u00a0\u00a0"},"content":{"rendered":"<p style=\"text-align: justify\"><span style=\"color: #003366;font-size: 14pt\">Les objectifs du protocole :<\/span><\/p>\n<ol style=\"text-align: justify\">\n<li><span style=\"color: #333333;font-size: 12pt\">La contribution aux probl\u00e8mes des laits c\u2019est en disponible les produits lactique \u00e0 l\u2019int\u00e9rieur d\u2019Assouan.<\/span><\/li>\n<li><span style=\"color: #333333;font-size: 12pt\">La contribution du projet d\u2019\u00e0 cote l\u2019\u00e9ducationnel et entrainement pour les \u00e9tudiants de la facult\u00e9 d\u2019agriculture et les naturelles ressources de l\u2019universit\u00e9 d\u2019Assouan.<\/span><\/li>\n<li><span style=\"color: #333333;font-size: 12pt\">Contribution les \u00e9tudiants de mettre les recherches contribue de disponible les produits lactiques d\u2019haute qualit\u00e9.<\/span><\/li>\n<li><span style=\"color: #333333;font-size: 12pt\">Fortifier les liens entre l\u2019universit\u00e9 d\u2019Assouan et centre de production les laits au gouvernement.<\/span><\/li>\n<li><span style=\"color: #333333;font-size: 12pt\">Contribution de \u00e9lever l\u2019efficacit\u00e9 et les comp\u00e9tences des employ\u00e9es au domaine de production et fabrication les laits.<\/span><\/li>\n<li><span style=\"color: #333333;font-size: 12pt\">Le conseil consultatif pr\u00e9sent \u00e0 l\u2019administration \u00e0 Nasr El-Nouba un laboratoire compl\u00e8te des \u00e9quipements et les outils.<\/span><\/li>\n<li><span style=\"color: #333333;font-size: 12pt\">Former un comit\u00e9 de deux paries de la supervision compl\u00e8te a la production et les travailleurs et le superviseur et l\u2019\u00e9tude.<\/span><\/li>\n<\/ol>\n<p style=\"text-align: justify\"><span style=\"color: #003366;font-size: 14pt\">Les cat\u00e9gories b\u00e9n\u00e9ficiant du protocole\u00a0:<\/span><\/p>\n<p style=\"text-align: justify\"><span style=\"color: #333333\">La communaut\u00e9 d\u2019Assouan service les \u00e9tudiants de facult\u00e9 d\u2019agriculture \u00e0 l\u2019universit\u00e9 d\u2019Assouan \u00e0 l\u2019entrainement pratique et de recherche.<\/span><\/p>\n<div class=\"pvc_clear\"><\/div>\n<p id=\"pvc_stats_24018\" class=\"pvc_stats all  \" data-element-id=\"24018\" style=\"\"><i class=\"pvc-stats-icon medium\" aria-hidden=\"true\"><svg aria-hidden=\"true\" focusable=\"false\" data-prefix=\"far\" data-icon=\"chart-bar\" role=\"img\" xmlns=\"http:\/\/www.w3.org\/2000\/svg\" viewBox=\"0 0 512 512\" class=\"svg-inline--fa fa-chart-bar fa-w-16 fa-2x\"><path fill=\"currentColor\" d=\"M396.8 352h22.4c6.4 0 12.8-6.4 12.8-12.8V108.8c0-6.4-6.4-12.8-12.8-12.8h-22.4c-6.4 0-12.8 6.4-12.8 12.8v230.4c0 6.4 6.4 12.8 12.8 12.8zm-192 0h22.4c6.4 0 12.8-6.4 12.8-12.8V140.8c0-6.4-6.4-12.8-12.8-12.8h-22.4c-6.4 0-12.8 6.4-12.8 12.8v198.4c0 6.4 6.4 12.8 12.8 12.8zm96 0h22.4c6.4 0 12.8-6.4 12.8-12.8V204.8c0-6.4-6.4-12.8-12.8-12.8h-22.4c-6.4 0-12.8 6.4-12.8 12.8v134.4c0 6.4 6.4 12.8 12.8 12.8zM496 400H48V80c0-8.84-7.16-16-16-16H16C7.16 64 0 71.16 0 80v336c0 17.67 14.33 32 32 32h464c8.84 0 16-7.16 16-16v-16c0-8.84-7.16-16-16-16zm-387.2-48h22.4c6.4 0 12.8-6.4 12.8-12.8v-70.4c0-6.4-6.4-12.8-12.8-12.8h-22.4c-6.4 0-12.8 6.4-12.8 12.8v70.4c0 6.4 6.4 12.8 12.8 12.8z\" class=\"\"><\/path><\/svg><\/i> <img decoding=\"async\" width=\"16\" height=\"16\" alt=\"Loading\" src=\"https:\/\/aswu.edu.eg\/fr\/wp-content\/plugins\/page-views-count\/ajax-loader-2x.gif\" border=0 \/><\/p>\n<div class=\"pvc_clear\"><\/div>\n","protected":false},"excerpt":{"rendered":"<p>Les objectifs du protocole : La contribution aux probl\u00e8mes des laits c\u2019est en disponible les produits lactique \u00e0 l\u2019int\u00e9rieur d\u2019Assouan. La contribution du projet d\u2019\u00e0 cote l\u2019\u00e9ducationnel et entrainement pour les \u00e9tudiants de la facult\u00e9 d\u2019agriculture et les naturelles ressources <a href=\"https:\/\/aswu.edu.eg\/fr\/co-protocol-between-the-faculty-of-agriculture-and-natural-resources-and-the-directorate-of-agriculture-in-aswan\/\" class=\"read-more\">Read More &#8230;<\/a><\/p>\n<div class=\"pvc_clear\"><\/div>\n<p id=\"pvc_stats_24018\" class=\"pvc_stats all  \" data-element-id=\"24018\" style=\"\"><i class=\"pvc-stats-icon medium\" aria-hidden=\"true\"><svg aria-hidden=\"true\" focusable=\"false\" data-prefix=\"far\" data-icon=\"chart-bar\" role=\"img\" xmlns=\"http:\/\/www.w3.org\/2000\/svg\" viewBox=\"0 0 512 512\" class=\"svg-inline--fa fa-chart-bar fa-w-16 fa-2x\"><path fill=\"currentColor\" d=\"M396.8 352h22.4c6.4 0 12.8-6.4 12.8-12.8V108.8c0-6.4-6.4-12.8-12.8-12.8h-22.4c-6.4 0-12.8 6.4-12.8 12.8v230.4c0 6.4 6.4 12.8 12.8 12.8zm-192 0h22.4c6.4 0 12.8-6.4 12.8-12.8V140.8c0-6.4-6.4-12.8-12.8-12.8h-22.4c-6.4 0-12.8 6.4-12.8 12.8v198.4c0 6.4 6.4 12.8 12.8 12.8zm96 0h22.4c6.4 0 12.8-6.4 12.8-12.8V204.8c0-6.4-6.4-12.8-12.8-12.8h-22.4c-6.4 0-12.8 6.4-12.8 12.8v134.4c0 6.4 6.4 12.8 12.8 12.8zM496 400H48V80c0-8.84-7.16-16-16-16H16C7.16 64 0 71.16 0 80v336c0 17.67 14.33 32 32 32h464c8.84 0 16-7.16 16-16v-16c0-8.84-7.16-16-16-16zm-387.2-48h22.4c6.4 0 12.8-6.4 12.8-12.8v-70.4c0-6.4-6.4-12.8-12.8-12.8h-22.4c-6.4 0-12.8 6.4-12.8 12.8v70.4c0 6.4 6.4 12.8 12.8 12.8z\" class=\"\"><\/path><\/svg><\/i> <img decoding=\"async\" width=\"16\" height=\"16\" alt=\"Loading\" src=\"https:\/\/aswu.edu.eg\/fr\/wp-content\/plugins\/page-views-count\/ajax-loader-2x.gif\" border=0 \/><\/p>\n<div class=\"pvc_clear\"><\/div>\n","protected":false},"author":10,"featured_media":0,"parent":0,"menu_order":0,"comment_status":"closed","ping_status":"closed","template":"","meta":{"footnotes":""},"rttpg_featured_image_url":null,"rttpg_author":{"display_name":"baivy anton","author_link":"https:\/\/aswu.edu.eg\/fr\/author\/asenweb\/"},"rttpg_comment":0,"rttpg_category":null,"rttpg_excerpt":"Les objectifs du protocole : La contribution aux probl\u00e8mes des laits c\u2019est en disponible les produits lactique \u00e0 l\u2019int\u00e9rieur d\u2019Assouan. La contribution du projet d\u2019\u00e0 cote l\u2019\u00e9ducationnel et entrainement pour les \u00e9tudiants de la facult\u00e9 d\u2019agriculture et les naturelles ressources Read More ...","_links":{"self":[{"href":"https:\/\/aswu.edu.eg\/fr\/wp-json\/wp\/v2\/pages\/24018"}],"collection":[{"href":"https:\/\/aswu.edu.eg\/fr\/wp-json\/wp\/v2\/pages"}],"about":[{"href":"https:\/\/aswu.edu.eg\/fr\/wp-json\/wp\/v2\/types\/page"}],"author":[{"embeddable":true,"href":"https:\/\/aswu.edu.eg\/fr\/wp-json\/wp\/v2\/users\/10"}],"replies":[{"embeddable":true,"href":"https:\/\/aswu.edu.eg\/fr\/wp-json\/wp\/v2\/comments?post=24018"}],"version-history":[{"count":7,"href":"https:\/\/aswu.edu.eg\/fr\/wp-json\/wp\/v2\/pages\/24018\/revisions"}],"predecessor-version":[{"id":29398,"href":"https:\/\/aswu.edu.eg\/fr\/wp-json\/wp\/v2\/pages\/24018\/revisions\/29398"}],"wp:attachment":[{"href":"https:\/\/aswu.edu.eg\/fr\/wp-json\/wp\/v2\/media?parent=24018"}],"curies":[{"name":"wp","href":"https:\/\/api.w.org\/{rel}","templated":true}]}}