{"id":2494,"date":"2019-01-23T16:07:00","date_gmt":"2019-01-23T16:07:00","guid":{"rendered":"http:\/\/aswu.edu.eg\/en\/?page_id=2494"},"modified":"2024-12-10T09:12:53","modified_gmt":"2024-12-10T09:12:53","slug":"university-hostel-administration","status":"publish","type":"page","link":"https:\/\/aswu.edu.eg\/fr\/about\/organizational-structure\/education-and-student-affairs-sector\/university-hostel-administration\/","title":{"rendered":"Villes Universitaires"},"content":{"rendered":"\t\t<div data-elementor-type=\"wp-page\" data-elementor-id=\"2494\" class=\"elementor elementor-2494\">\n\t\t\t\t\t\t<section class=\"elementor-section elementor-top-section elementor-element elementor-element-baafd88 elementor-section-boxed elementor-section-height-default elementor-section-height-default\" data-id=\"baafd88\" data-element_type=\"section\">\n\t\t\t\t\t\t<div class=\"elementor-container elementor-column-gap-default\">\n\t\t\t\t\t<div class=\"elementor-column elementor-col-33 elementor-top-column elementor-element elementor-element-ca46f60\" data-id=\"ca46f60\" data-element_type=\"column\">\n\t\t\t<div class=\"elementor-widget-wrap elementor-element-populated\">\n\t\t\t\t\t\t<div class=\"elementor-element elementor-element-f7bda6a elementor-widget elementor-widget-wp-widget-iksm-widget\" data-id=\"f7bda6a\" data-element_type=\"widget\" data-widget_type=\"wp-widget-iksm-widget.default\">\n\t\t\t\t<div class=\"elementor-widget-container\">\n\t\t\t<script id=\"styles-copier-69e2d2e8ed4d6\">\n\t\t\t\/\/ Finding styles element\n\t        var element = document.getElementById(\"iksm-dynamic-style\");\n\t        if (!element) { \/\/ If no element (Cache plugins can remove tag), then creating a new one\n                element = document.createElement('style');\n                var head = document.getElementsByTagName(\"head\")\n                if (head && head[0]) {\n                \thead[0].appendChild(element);\n                } else {\n                  \tconsole.warn(\"Iks Menu | Error while printing styles. Please contact technical support.\");\n                }\n\t        }\n\t\t\t\/\/ Copying styles to <styles> tag\n\t        element.innerHTML += \".iksm-22875 .iksm-terms{background-color:rgba(243,243,243,1);width:210px;transition:all 400ms;animation:iks-fade-in 1000ms;}.iksm-22875 .iksm-term__inner{background-color:rgba(231,231,231,1);margin-top:3px;min-height:44px;transition:all 400ms;}.iksm-22875 .iksm-term__inner:hover{background-color:rgba(220,220,220,1);}.iksm-22875 .iksm-term--current > .iksm-term__inner{background-color:rgba(202,229,239,1);}.iksm-22875 .iksm-term__link{color:rgba(0,0,0,1);font-size:15px;line-height:15px;font-weight:400;text-align:left;text-decoration:none;padding-top:5px;padding-right:10px;padding-bottom:5px;padding-left:15px;transition:all 400ms;}.iksm-22875 .iksm-term__inner:hover .iksm-term__link{color:rgba(50,50,50,1);}.iksm-22875 .iksm-term__toggle__inner{transition:transform 400ms}.iksm-22875 .iksm-term--expanded > .iksm-term__inner > .iksm-term__toggle > .iksm-term__toggle__inner{transform:rotate(180deg);}.iksm-22875 .iksm-term__toggle{color:rgba(133,133,133,1);font-size:16px;align-self:unset;;height:25px;width:25px;margin-right:7px;transition:all 400ms;}.iksm-22875 .iksm-term__toggle:hover{color:rgba(0,0,0,1);}.iksm-22875 .iksm-term__image-container{width:30px;min-width:30px;height:30px;min-height:30px;margin-right:15px;transition:all 400ms;}.iksm-22875 .iksm-term__image{background-size:contain;background-position:center;background-repeat:no-repeat;}.iksm-22875 .iksm-term__image-container:hover{background-size:contain;background-position:center;background-repeat:no-repeat;}.iksm-22875 .iksm-term__inner:hover .iksm-term__image-container{background-size:contain;background-position:center;background-repeat:no-repeat;}.iksm-22875 .iksm-term__inner:focus .iksm-term__image-container{background-size:contain;background-position:center;background-repeat:no-repeat;}.iksm-22875 .iksm-term--current > .iksm-term__inner .iksm-term__image-container{background-size:contain;background-position:center;background-repeat:no-repeat;}.iksm-22875 .iksm-term--child .iksm-term__inner .iksm-term__image-container{background-size:contain;background-position:center;background-repeat:no-repeat;}.iksm-22875 .iksm-term--child .iksm-term__inner .iksm-term__image-container:hover{background-size:contain;background-position:center;background-repeat:no-repeat;}.iksm-22875 .iksm-term--child .iksm-term__inner .iksm-term__image-container:focus{background-size:contain;background-position:center;background-repeat:no-repeat;}.iksm-22875 .iksm-term--child.iksm-term--current > .iksm-term__inner .iksm-term__image-container{background-size:contain;background-position:center;background-repeat:no-repeat;}.iksm-22875  .iksm-term__text{flex: unset}.iksm-22875 .iksm-term__posts-count{color:rgba(133,133,133,1);font-size:16px;margin-left:12px;font-weight:400;transition:all 400ms;}\";\n\t        \/\/ Removing this script\n            var this_script = document.getElementById(\"styles-copier-69e2d2e8ed4d6\");\n            if (this_script) { \/\/ Cache plugins can remove tag\n\t            this_script.outerHTML = \"\";\n\t            if (this_script.parentNode) {\n\t                this_script.parentNode.removeChild(this_script);\n\t            }\n            }\n        <\/script><div id='iksm-22875' class='iksm iksm-22875 iksm-container '  data-id='22875' data-is-pro='0' data-source='menu'><div class='iksm-terms'><div class='iksm-terms-tree iksm-terms-tree--level-1 iksm-terms-tree--parents' style=''><div class=\"iksm-terms-tree__inner\">\n        <div class=\"iksm-term iksm-term--id-22871 iksm-term--parent\" data-id=\"22871\">\n            <div class=\"iksm-term__inner\" tabindex='0'>\n                <a class=\"iksm-term__link\" href='https:\/\/aswu.edu.eg\/fr\/about\/organizational-structure\/education-and-student-affairs-sector\/university-hostel-administration\/' target='_self' tabindex='-1'>\n\t\t\t\t        <span class=\"iksm-term__text\">About administration<\/span>\n\t\t            <\/a>\n\t\t\t        <\/div>\n\t\t        <\/div>\n\n\t\t\n        <div class=\"iksm-term iksm-term--id-22927 iksm-term--parent\" data-id=\"22927\">\n            <div class=\"iksm-term__inner\" tabindex='0'>\n                <a class=\"iksm-term__link\" href='https:\/\/aswu.edu.eg\/fr\/about\/organizational-structure\/education-and-student-affairs-sector\/university-hostel-administration\/university-hostels-addmission\/' target='_self' tabindex='-1'>\n\t\t\t\t        <span class=\"iksm-term__text\">Admission aux Villes Universitaire<\/span>\n\t\t            <\/a>\n\t\t\t        <\/div>\n\t\t        <\/div>\n\n\t\t\n        <div class=\"iksm-term iksm-term--id-22977 iksm-term--parent\" data-id=\"22977\">\n            <div class=\"iksm-term__inner\" tabindex='0'>\n                <a class=\"iksm-term__link\" href='https:\/\/aswu.edu.eg\/fr\/about\/organizational-structure\/education-and-student-affairs-sector\/university-hostel-administration\/university-hostel-administration-statistics\/' target='_self' tabindex='-1'>\n\t\t\t\t        <span class=\"iksm-term__text\">Statistics<\/span>\n\t\t            <\/a>\n\t\t\t        <\/div>\n\t\t        <\/div>\n\n\t\t\n        <div class=\"iksm-term iksm-term--id-23037 iksm-term--parent\" data-id=\"23037\">\n            <div class=\"iksm-term__inner\" tabindex='0'>\n                <a class=\"iksm-term__link\" href='https:\/\/aswu.edu.eg\/fr\/about\/organizational-structure\/education-and-student-affairs-sector\/university-hostel-administration\/nutrition-administration\/' target='_self' tabindex='-1'>\n\t\t\t\t        <span class=\"iksm-term__text\">Administration d\u2019Alimentation<\/span>\n\t\t            <\/a>\n\t\t\t        <\/div>\n\t\t        <\/div>\n\n\t\t<\/div><\/div><\/div><div id=\"iksm_data_args\" class=\"data-args\"  data-collapse_children_terms='1' data-collapse_other_terms='1' data-collapse_animation_duration='400' data-expand_animation_duration='400'><\/div><\/div>\t\t<\/div>\n\t\t\t\t<\/div>\n\t\t\t\t\t<\/div>\n\t\t<\/div>\n\t\t\t\t<div class=\"elementor-column elementor-col-66 elementor-top-column elementor-element elementor-element-5aebd9e\" data-id=\"5aebd9e\" data-element_type=\"column\">\n\t\t\t<div class=\"elementor-widget-wrap elementor-element-populated\">\n\t\t\t\t\t\t<div class=\"elementor-element elementor-element-5784fbb elementor-tabs-alignment-stretch elementor-tabs-view-horizontal elementor-widget elementor-widget-tabs\" data-id=\"5784fbb\" data-element_type=\"widget\" data-widget_type=\"tabs.default\">\n\t\t\t\t<div class=\"elementor-widget-container\">\n\t\t\t\t\t<div class=\"elementor-tabs\">\n\t\t\t<div class=\"elementor-tabs-wrapper\" role=\"tablist\" >\n\t\t\t\t\t\t\t\t\t<div id=\"elementor-tab-title-9171\" class=\"elementor-tab-title elementor-tab-desktop-title\" aria-selected=\"true\" data-tab=\"1\" role=\"tab\" tabindex=\"0\" aria-controls=\"elementor-tab-content-9171\" aria-expanded=\"false\">Vision et  Mission<\/div>\n\t\t\t\t\t\t\t\t\t<div id=\"elementor-tab-title-9172\" class=\"elementor-tab-title elementor-tab-desktop-title\" aria-selected=\"false\" data-tab=\"2\" role=\"tab\" tabindex=\"-1\" aria-controls=\"elementor-tab-content-9172\" aria-expanded=\"false\">Objectifs<\/div>\n\t\t\t\t\t\t\t\t\t<div id=\"elementor-tab-title-9173\" class=\"elementor-tab-title elementor-tab-desktop-title\" aria-selected=\"false\" data-tab=\"3\" role=\"tab\" tabindex=\"-1\" aria-controls=\"elementor-tab-content-9173\" aria-expanded=\"false\">Directeur G\u00e9n\u00e9ral des villes universitaire<\/div>\n\t\t\t\t\t\t\t<\/div>\n\t\t\t<div class=\"elementor-tabs-content-wrapper\" role=\"tablist\" aria-orientation=\"vertical\">\n\t\t\t\t\t\t\t\t\t<div class=\"elementor-tab-title elementor-tab-mobile-title\" aria-selected=\"true\" data-tab=\"1\" role=\"tab\" tabindex=\"0\" aria-controls=\"elementor-tab-content-9171\" aria-expanded=\"false\">Vision et  Mission<\/div>\n\t\t\t\t\t<div id=\"elementor-tab-content-9171\" class=\"elementor-tab-content elementor-clearfix\" data-tab=\"1\" role=\"tabpanel\" aria-labelledby=\"elementor-tab-title-9171\" tabindex=\"0\" hidden=\"false\"><p><img decoding=\"async\" class=\"wp-image-22877 alignright\" src=\"https:\/\/aswu.edu.eg\/en\/wp-content\/uploads\/\u0634\u0639\u0627\u0631-\u0627\u0644\u0645\u062f\u0646-\u0627\u0644\u062c\u0627\u0645\u0639\u064a\u0629-227x300-1.png\" alt=\"\" width=\"113\" height=\"149\" \/><\/p><p><span style=\"color: #333333\">Selon les instructions des gentilshommes responsables \u00e0 l\u2019universit\u00e9, les villes universitaires peuvent largement assimilation grand nombre des \u00e9tudiant(e)s expatri\u00e9s, cela pour faciliter pour les parents et all\u00e9ger la charge mat\u00e9rielle pour les familles.<\/span><\/p><p><span style=\"color: #333333\">Les villes universitaires ne deviennent pas de places pour vivre ou alimenter pour les \u00e9tudiant(e)s mais son r\u00f4le et concept d\u00e9passant \u00e0 conception plus compl\u00e8te, o\u00f9 elle comprend les divers aspects de soins sociale, culturel, artistique, sportif, et m\u00e9dical, en plus d\u00e9veloppe l\u2019interd\u00e9pendance humaine et familiale entre les superviseurs et les \u00e9tudiants o\u00f9 l\u2019\u00e9tudiant remplace son famille \u00e0 famille fait son r\u00f4le jusqu\u2019\u00e0 continue la diff\u00e9rence social de l\u2019\u00e9tudiant(e) parfaitement d\u2019o\u00f9 orientation et guidance selon le r\u00e8glement indique les droits d\u2019\u00e9tudiant et son devoir dans une communaut\u00e9 tous int\u00e8grent dans un creuset soit il superviseur ou \u00e9tudiant ou responsable pour l\u2019\u00e9tudiant sentent la s\u00e9curit\u00e9 et la s\u00fbret\u00e9, et les tous montrent ses \u00e9nergies cr\u00e9atif soit de la partie \u00e9ducative ou culturelle ou sportive leur nation fie et les villes universitaires quand ils dipl\u00f4ment.<\/span><\/p><p><span style=\"color: #333333\">La supervision aux villes universitaires aupr\u00e8s le conseil de l\u2019administration en pr\u00e9sidence le prof. Dr. Vice-pr\u00e9sident des affaires l\u2019\u00e9ducation et les \u00e9tudiants cela de poser la politique g\u00e9n\u00e9rale pour les villes universitaires et sugg\u00e8re les modifications (qui suivre \u00a0les avancements Progr\u00e8s et raisons du d\u00e9veloppement) pour les articles de r\u00e8glement des villes universitaires et aussi les syst\u00e8mes financiers et administratifs et syst\u00e8me de s\u00e9jour, le conseil de l\u2019universit\u00e9 accr\u00e9dite ce r\u00e8glement. \u00a0<\/span><\/p><\/div>\n\t\t\t\t\t\t\t\t\t<div class=\"elementor-tab-title elementor-tab-mobile-title\" aria-selected=\"false\" data-tab=\"2\" role=\"tab\" tabindex=\"-1\" aria-controls=\"elementor-tab-content-9172\" aria-expanded=\"false\">Objectifs<\/div>\n\t\t\t\t\t<div id=\"elementor-tab-content-9172\" class=\"elementor-tab-content elementor-clearfix\" data-tab=\"2\" role=\"tabpanel\" aria-labelledby=\"elementor-tab-title-9172\" tabindex=\"0\" hidden=\"hidden\"><ul style=\"list-style-type: disc\"><li style=\"text-align: justify\"><span style=\"color: #333333\">Fournir un endroit convenable pour s\u00e9jour au plus haut niveau.<\/span><\/li><li style=\"text-align: justify\"><span style=\"color: #333333\">Fournir les repas d\u2019haut niveau de qualit\u00e9.<\/span><\/li><li style=\"text-align: justify\"><span style=\"color: #333333\">Fournir le confort complet pour les \u00e9tudiants et pr\u00e9paration l\u2019environnement convenable d\u2019\u00e9tudier.<\/span><\/li><li style=\"text-align: justify\"><span style=\"color: #333333\">Usage du temps libre et guide les \u00e9tudiants \u00e0 pratiquer les diverses activit\u00e9s qui b\u00e9n\u00e9fice de l\u2019\u00e9tudiant.<\/span><\/li><li style=\"text-align: justify\"><span style=\"color: #333333\">Offrant aux \u00e9tudiants la possibilit\u00e9 de rencontrer des \u00e9tudiants d\u2019autres facult\u00e9s et de diff\u00e9rentes communaut\u00e9s.<\/span><\/li><li style=\"text-align: justify\"><span style=\"color: #333333\">Fournir le soin sanitaire n\u00e9cessaire pour les \u00e9tudiants \u00e0 travers disponible d\u2019ambulance sp\u00e9ciale de transporter les \u00e9tudiantes des villes universitaires \u00e0\u00a0l\u2019h\u00f4pital. \u00a0<\/span><\/li><li style=\"text-align: justify\"><span style=\"color: #333333\">Organisation continue de s\u00e9minaires religieux, culturels et scientifiques pour \u00e9duquer les \u00e9tudiants.<\/span><\/li><li style=\"text-align: justify\"><span style=\"color: #333333\">Offrant des biblioth\u00e8ques comprennent des livres scientifiques et d\u2019\u00e9tude pour aider les \u00e9tudiants \u00e0 d\u00e9velopper le pens\u00e9 et l\u2019assimilation acad\u00e9mique.<\/span><\/li><li style=\"text-align: justify\"><span style=\"color: #333333\">Concentration les buts des \u00e9tudiants sur l\u2019int\u00e9r\u00eat public plus que l\u2019int\u00e9r\u00eat priv\u00e9.<\/span><\/li><\/ul><\/div>\n\t\t\t\t\t\t\t\t\t<div class=\"elementor-tab-title elementor-tab-mobile-title\" aria-selected=\"false\" data-tab=\"3\" role=\"tab\" tabindex=\"-1\" aria-controls=\"elementor-tab-content-9173\" aria-expanded=\"false\">Directeur G\u00e9n\u00e9ral des villes universitaire<\/div>\n\t\t\t\t\t<div id=\"elementor-tab-content-9173\" class=\"elementor-tab-content elementor-clearfix\" data-tab=\"3\" role=\"tabpanel\" aria-labelledby=\"elementor-tab-title-9173\" tabindex=\"0\" hidden=\"hidden\"><p><img decoding=\"async\" class=\"wp-image-30698  alignright\" src=\"https:\/\/aswu.edu.eg\/fr\/wp-content\/uploads\/mohamed-abdelsalam-300x300-1.jpeg\" alt=\"\" width=\"165\" height=\"165\" \/><\/p><p><strong><span style=\"color: #003366\">Directeur g\u00e9n\u00e9ral des villes universitaires et la nutrition\/ Mohamed Abd El- Salam Ibrahim \u00a0<\/span><\/strong><\/p><p><span style=\"color: #333333\">Portable\/ 01223736956- 01157919100<\/span><\/p><p><span style=\"color: #333333\">Email\/ <strong>mohamed_abdelsalam@aswu.edu.eg.com<\/strong><\/span> \u00a0\u00a0\u00a0\u00a0\u00a0<\/p><\/div>\n\t\t\t\t\t\t\t<\/div>\n\t\t<\/div>\n\t\t\t\t<\/div>\n\t\t\t\t<\/div>\n\t\t\t\t\t<\/div>\n\t\t<\/div>\n\t\t\t\t\t<\/div>\n\t\t<\/section>\n\t\t\t\t<\/div>\n\t\t","protected":false},"excerpt":{"rendered":"<p>Vision et Mission Objectifs Directeur G\u00e9n\u00e9ral des villes universitaire Vision et Mission Selon les instructions des gentilshommes responsables \u00e0 l\u2019universit\u00e9, les villes universitaires peuvent largement assimilation grand nombre des \u00e9tudiant(e)s expatri\u00e9s, cela pour faciliter pour les parents et all\u00e9ger la <a href=\"https:\/\/aswu.edu.eg\/fr\/about\/organizational-structure\/education-and-student-affairs-sector\/university-hostel-administration\/\" class=\"read-more\">Read More &#8230;<\/a><\/p>\n<div class=\"pvc_clear\"><\/div>\n<p id=\"pvc_stats_2494\" class=\"pvc_stats all  \" data-element-id=\"2494\" style=\"\"><i class=\"pvc-stats-icon medium\" aria-hidden=\"true\"><svg aria-hidden=\"true\" focusable=\"false\" data-prefix=\"far\" data-icon=\"chart-bar\" role=\"img\" xmlns=\"http:\/\/www.w3.org\/2000\/svg\" viewBox=\"0 0 512 512\" class=\"svg-inline--fa fa-chart-bar fa-w-16 fa-2x\"><path fill=\"currentColor\" d=\"M396.8 352h22.4c6.4 0 12.8-6.4 12.8-12.8V108.8c0-6.4-6.4-12.8-12.8-12.8h-22.4c-6.4 0-12.8 6.4-12.8 12.8v230.4c0 6.4 6.4 12.8 12.8 12.8zm-192 0h22.4c6.4 0 12.8-6.4 12.8-12.8V140.8c0-6.4-6.4-12.8-12.8-12.8h-22.4c-6.4 0-12.8 6.4-12.8 12.8v198.4c0 6.4 6.4 12.8 12.8 12.8zm96 0h22.4c6.4 0 12.8-6.4 12.8-12.8V204.8c0-6.4-6.4-12.8-12.8-12.8h-22.4c-6.4 0-12.8 6.4-12.8 12.8v134.4c0 6.4 6.4 12.8 12.8 12.8zM496 400H48V80c0-8.84-7.16-16-16-16H16C7.16 64 0 71.16 0 80v336c0 17.67 14.33 32 32 32h464c8.84 0 16-7.16 16-16v-16c0-8.84-7.16-16-16-16zm-387.2-48h22.4c6.4 0 12.8-6.4 12.8-12.8v-70.4c0-6.4-6.4-12.8-12.8-12.8h-22.4c-6.4 0-12.8 6.4-12.8 12.8v70.4c0 6.4 6.4 12.8 12.8 12.8z\" class=\"\"><\/path><\/svg><\/i> <img decoding=\"async\" width=\"16\" height=\"16\" alt=\"Loading\" src=\"https:\/\/aswu.edu.eg\/fr\/wp-content\/plugins\/page-views-count\/ajax-loader-2x.gif\" border=0 \/><\/p>\n<div class=\"pvc_clear\"><\/div>\n","protected":false},"author":10,"featured_media":0,"parent":21088,"menu_order":0,"comment_status":"closed","ping_status":"closed","template":"","meta":{"footnotes":""},"rttpg_featured_image_url":null,"rttpg_author":{"display_name":"baivy anton","author_link":"https:\/\/aswu.edu.eg\/fr\/author\/asenweb\/"},"rttpg_comment":0,"rttpg_category":null,"rttpg_excerpt":"Vision et Mission Objectifs Directeur G\u00e9n\u00e9ral des villes universitaire Vision et Mission Selon les instructions des gentilshommes responsables \u00e0 l\u2019universit\u00e9, les villes universitaires peuvent largement assimilation grand nombre des \u00e9tudiant(e)s expatri\u00e9s, cela pour faciliter pour les parents et all\u00e9ger la Read More ...","_links":{"self":[{"href":"https:\/\/aswu.edu.eg\/fr\/wp-json\/wp\/v2\/pages\/2494"}],"collection":[{"href":"https:\/\/aswu.edu.eg\/fr\/wp-json\/wp\/v2\/pages"}],"about":[{"href":"https:\/\/aswu.edu.eg\/fr\/wp-json\/wp\/v2\/types\/page"}],"author":[{"embeddable":true,"href":"https:\/\/aswu.edu.eg\/fr\/wp-json\/wp\/v2\/users\/10"}],"replies":[{"embeddable":true,"href":"https:\/\/aswu.edu.eg\/fr\/wp-json\/wp\/v2\/comments?post=2494"}],"version-history":[{"count":44,"href":"https:\/\/aswu.edu.eg\/fr\/wp-json\/wp\/v2\/pages\/2494\/revisions"}],"predecessor-version":[{"id":30701,"href":"https:\/\/aswu.edu.eg\/fr\/wp-json\/wp\/v2\/pages\/2494\/revisions\/30701"}],"up":[{"embeddable":true,"href":"https:\/\/aswu.edu.eg\/fr\/wp-json\/wp\/v2\/pages\/21088"}],"wp:attachment":[{"href":"https:\/\/aswu.edu.eg\/fr\/wp-json\/wp\/v2\/media?parent=2494"}],"curies":[{"name":"wp","href":"https:\/\/api.w.org\/{rel}","templated":true}]}}