{"id":26579,"date":"2022-12-12T09:09:46","date_gmt":"2022-12-12T09:09:46","guid":{"rendered":"https:\/\/aswu.edu.eg\/en\/?page_id=26579"},"modified":"2026-03-09T11:02:58","modified_gmt":"2026-03-09T11:02:58","slug":"aswan-university-accommodations","status":"publish","type":"page","link":"https:\/\/aswu.edu.eg\/fr\/about\/facilities\/aswan-university-accommodations\/","title":{"rendered":"Les logements de l\u2019Universit\u00e9 d\u2019Assouan"},"content":{"rendered":"<p data-start=\"27\" data-end=\"220\"><span style=\"color: #333333\">L\u2019Universit\u00e9 d\u2019Assouan fournit des logements abordables \u00e0 ses employ\u00e9s et aux membres du corps professoral, en les proposant \u00e0 des prix subventionn\u00e9s afin de r\u00e9duire leur charge financi\u00e8re.<\/span><\/p>\n<p data-start=\"222\" data-end=\"234\">\n<p><span style=\"color: #333333\"><strong>Les logements de l\u2019Universit\u00e9 d\u2019Assouan<\/strong><\/span><\/p>\n<ul style=\"list-style-type: disc\" type=\"disc\">\n<li><span style=\"color: #333333;font-size: 17px\">Le logement d&#8217;El-Akad<\/span><\/li>\n<li><span style=\"color: #333333;font-size: 17px\">Les logements d\u2019Atlas<\/span><\/li>\n<li><span style=\"color: #333333;font-size: 17px\">Les logements d\u2019El-Nafk<\/span><\/li>\n<li><span style=\"color: #333333;font-size: 17px\">Les logements du Caire<\/span><\/li>\n<\/ul>\n<p><span style=\"color: #333333\"><strong>Les logements de l\u2019Universit\u00e9 d\u2019Assouan \u00e0 Assouan<\/strong><\/span><\/p>\n<div class=\"R1UVb\">\n<div class=\"qF8_5\"><\/div>\n<table style=\"width: 90.3178%;height: 936px\" border=\"1\" cellspacing=\"0\" cellpadding=\"0\">\n<tbody>\n<tr style=\"height: 55px\">\n<td style=\"width: 18.5668%;height: 165px\" rowspan=\"3\">\n<p align=\"center\"><span style=\"color: #333333\">Num\u00e9ro du b\u00e2timent<\/span><\/p>\n<\/td>\n<td style=\"width: 23.9884%;height: 165px\" rowspan=\"3\">\n<p align=\"center\"><span style=\"color: #333333\">Place<\/span><\/p>\n<\/td>\n<td style=\"width: 51.2559%;height: 55px\" colspan=\"3\">\n<p align=\"center\"><span style=\"color: #333333\">\u00a0Nombre de logements\u00a0<\/span><\/p>\n<\/td>\n<td style=\"width: 45.2683%;height: 165px\" rowspan=\"3\">\n<p align=\"center\"><span style=\"color: #333333\">Total<\/span><\/p>\n<\/td>\n<\/tr>\n<tr style=\"height: 55px\">\n<td style=\"width: 23.5094%;height: 110px\" rowspan=\"2\">\n<p align=\"center\"><span style=\"color: #333333\">Logements administratifs<\/span><\/p>\n<\/td>\n<td style=\"width: 27.7465%;height: 55px\" colspan=\"2\">\n<p align=\"center\"><span style=\"color: #333333\">Logements<\/span><\/p>\n<\/td>\n<\/tr>\n<tr style=\"height: 55px\">\n<td style=\"width: 20.5804%;height: 55px\">\n<p align=\"center\"><span style=\"color: #333333\">Appartement<\/span><\/p>\n<\/td>\n<td style=\"width: 7.16612%;height: 55px\">\n<p align=\"center\"><span style=\"color: #333333\">Chambre<\/span><\/p>\n<\/td>\n<\/tr>\n<tr style=\"height: 55px\">\n<td style=\"width: 18.5668%;height: 55px\"><span style=\"color: #333333\">B\u00e2timent1<b><\/b><\/span><\/td>\n<td style=\"width: 23.9884%;height: 55px\">\n<p align=\"center\"><span style=\"color: #333333\">El- Nafk<\/span><\/p>\n<\/td>\n<td style=\"width: 23.5094%;height: 55px\">\n<p align=\"center\"><span style=\"color: #333333\">0<\/span><\/p>\n<\/td>\n<td style=\"width: 20.5804%;height: 55px\">\n<p align=\"center\"><span style=\"color: #333333\">10<\/span><\/p>\n<\/td>\n<td style=\"width: 7.16612%;height: 55px\">\n<p align=\"center\">\n<\/td>\n<td style=\"width: 45.2683%;height: 55px\">\n<p align=\"center\"><span style=\"color: #333333\">10<\/span><\/p>\n<\/td>\n<\/tr>\n<tr style=\"height: 55px\">\n<td style=\"width: 18.5668%;height: 55px\"><span style=\"color: #333333\">B\u00e2timent 2<b><\/b><\/span><\/td>\n<td style=\"width: 23.9884%;height: 55px\">\n<p align=\"center\"><span style=\"color: #333333\">El- Nafk<\/span><\/p>\n<\/td>\n<td style=\"width: 23.5094%;height: 55px\">\n<p align=\"center\"><span style=\"color: #333333\">0<\/span><\/p>\n<\/td>\n<td style=\"width: 20.5804%;height: 55px\">\n<p align=\"center\"><span style=\"color: #333333\">10<\/span><\/p>\n<\/td>\n<td style=\"width: 7.16612%;height: 55px\">\n<p align=\"center\">\n<\/td>\n<td style=\"width: 45.2683%;height: 55px\">\n<p align=\"center\"><span style=\"color: #333333\">10<\/span><\/p>\n<\/td>\n<\/tr>\n<tr style=\"height: 55px\">\n<td style=\"width: 18.5668%;height: 55px\"><span style=\"color: #333333\">B\u00e2timent 4<b><\/b><\/span><\/td>\n<td style=\"width: 23.9884%;height: 55px\">\n<p align=\"center\"><span style=\"color: #333333\">El- Nafk<\/span><\/p>\n<\/td>\n<td style=\"width: 23.5094%;height: 55px\">\n<p align=\"center\"><span style=\"color: #333333\">2<\/span><\/p>\n<\/td>\n<td style=\"width: 20.5804%;height: 55px\">\n<p align=\"center\"><span style=\"color: #333333\">8<\/span><\/p>\n<\/td>\n<td style=\"width: 7.16612%;height: 55px\">\n<p align=\"center\">\n<\/td>\n<td style=\"width: 45.2683%;height: 55px\">\n<p align=\"center\"><span style=\"color: #333333\">10<\/span><\/p>\n<\/td>\n<\/tr>\n<tr style=\"height: 55px\">\n<td style=\"width: 18.5668%;height: 55px\"><span style=\"color: #333333\">B\u00e2timent 2<b><\/b><\/span><\/td>\n<td style=\"width: 23.9884%;height: 55px\">\n<p align=\"center\"><span lang=\"en\" style=\"color: #333333\">Patrice Lumumba<\/span><\/p>\n<\/td>\n<td style=\"width: 23.5094%;height: 55px\">\n<p align=\"center\"><span style=\"color: #333333\">1<\/span><\/p>\n<\/td>\n<td style=\"width: 20.5804%;height: 55px\">\n<p align=\"center\"><span style=\"color: #333333\">1<\/span><\/p>\n<\/td>\n<td style=\"width: 7.16612%;height: 55px\">\n<p align=\"center\">\n<\/td>\n<td style=\"width: 45.2683%;height: 55px\">\n<p align=\"center\"><span style=\"color: #333333\">2<\/span><\/p>\n<\/td>\n<\/tr>\n<tr style=\"height: 55px\">\n<td style=\"width: 18.5668%;height: 55px\"><span style=\"color: #333333\">B\u00e2timent 28<b><\/b><\/span><\/td>\n<td style=\"width: 23.9884%;height: 55px\">\n<p align=\"center\"><span lang=\"en\" style=\"color: #333333\">Mahmoudiyah<\/span><\/p>\n<\/td>\n<td style=\"width: 23.5094%;height: 55px\">\n<p align=\"center\"><span style=\"color: #333333\">0<\/span><\/p>\n<\/td>\n<td style=\"width: 20.5804%;height: 55px\">\n<p align=\"center\"><span style=\"color: #333333\">4<\/span><\/p>\n<\/td>\n<td style=\"width: 7.16612%;height: 55px\">\n<p align=\"center\">\n<\/td>\n<td style=\"width: 45.2683%;height: 55px\">\n<p align=\"center\"><span style=\"color: #333333\">4<\/span><\/p>\n<\/td>\n<\/tr>\n<tr style=\"height: 56px\">\n<td style=\"width: 18.5668%;height: 56px\"><span style=\"color: #333333\">B\u00e2timent 25<b><\/b><\/span><\/td>\n<td style=\"width: 23.9884%;height: 56px\">\n<p align=\"center\"><span lang=\"en\" style=\"color: #333333\">Atlas<\/span><\/p>\n<\/td>\n<td style=\"width: 23.5094%;height: 56px\">\n<p align=\"center\"><span style=\"color: #333333\">6<\/span><\/p>\n<\/td>\n<td style=\"width: 20.5804%;height: 56px\">\n<p align=\"center\"><span style=\"color: #333333\">9<\/span><\/p>\n<\/td>\n<td style=\"width: 7.16612%;height: 56px\">\n<p align=\"center\">\n<\/td>\n<td style=\"width: 45.2683%;height: 56px\">\n<p align=\"center\"><span style=\"color: #333333\">15<\/span><\/p>\n<\/td>\n<\/tr>\n<tr style=\"height: 55px\">\n<td style=\"width: 18.5668%;height: 55px\"><span style=\"color: #333333\">B\u00e2timent 4<\/span><\/td>\n<td style=\"width: 23.9884%;height: 55px\">\n<p align=\"center\"><span lang=\"en\" style=\"color: #333333\">Atlas<\/span><\/p>\n<\/td>\n<td style=\"width: 23.5094%;height: 55px\">\n<p align=\"center\"><span style=\"color: #333333\">14<\/span><\/p>\n<\/td>\n<td style=\"width: 20.5804%;height: 55px\">\n<p align=\"center\"><span style=\"color: #333333\">1<\/span><\/p>\n<\/td>\n<td style=\"width: 7.16612%;height: 55px\">\n<p align=\"center\">\n<\/td>\n<td style=\"width: 45.2683%;height: 55px\">\n<p align=\"center\"><span style=\"color: #333333\">15<\/span><\/p>\n<\/td>\n<\/tr>\n<tr style=\"height: 55px\">\n<td style=\"width: 18.5668%;height: 55px\"><span style=\"color: #333333\"><span dir=\"rtl\" lang=\"ar-SA\">B\u00e2timent 22<\/span><\/span><\/td>\n<td style=\"width: 23.9884%;height: 55px\">\n<p align=\"center\"><span style=\"color: #333333\"><span lang=\"en\">A<\/span>l-a<span lang=\"en\">kkad<\/span><\/span><\/p>\n<\/td>\n<td style=\"width: 23.5094%;height: 55px\">\n<p align=\"center\"><span style=\"color: #333333\">10<\/span><\/p>\n<\/td>\n<td style=\"width: 20.5804%;height: 55px\">\n<p align=\"center\"><span style=\"color: #333333\">14<\/span><\/p>\n<\/td>\n<td style=\"width: 7.16612%;height: 55px\">\n<p align=\"center\">\n<\/td>\n<td style=\"width: 45.2683%;height: 55px\">\n<p align=\"center\"><span style=\"color: #333333\">24<\/span><\/p>\n<\/td>\n<\/tr>\n<tr style=\"height: 55px\">\n<td style=\"width: 18.5668%;height: 55px\"><span style=\"color: #333333\">B\u00e2timent 21<\/span><\/td>\n<td style=\"width: 23.9884%;height: 55px\">\n<p align=\"center\"><span style=\"color: #333333\">L\u2019extension d&#8217; Al-Akkad<\/span><\/p>\n<\/td>\n<td style=\"width: 23.5094%;height: 55px\">\n<p align=\"center\"><span style=\"color: #333333\">11<\/span><\/p>\n<\/td>\n<td style=\"width: 20.5804%;height: 55px\">\n<p align=\"center\"><span style=\"color: #333333\">1<\/span><\/p>\n<\/td>\n<td style=\"width: 7.16612%;height: 55px\">\n<p align=\"center\">\n<\/td>\n<td style=\"width: 45.2683%;height: 55px\">\n<p align=\"center\"><span style=\"color: #333333\">12<\/span><\/p>\n<\/td>\n<\/tr>\n<tr style=\"height: 55px\">\n<td style=\"width: 18.5668%;height: 55px\"><span style=\"color: #333333\"><span dir=\"rtl\" lang=\"ar-SA\">B\u00e2timent 22<\/span><\/span><\/td>\n<td style=\"width: 23.9884%;height: 55px\">\n<p align=\"center\"><span style=\"color: #333333\">L\u2019extension d&#8217; Al-Akkad<\/span><\/p>\n<\/td>\n<td style=\"width: 23.5094%;height: 55px\">\n<p align=\"center\"><span style=\"color: #333333\">8<\/span><\/p>\n<\/td>\n<td style=\"width: 20.5804%;height: 55px\">\n<p align=\"center\"><span style=\"color: #333333\">4<\/span><\/p>\n<\/td>\n<td style=\"width: 7.16612%;height: 55px\">\n<p align=\"center\">\n<\/td>\n<td style=\"width: 45.2683%;height: 55px\">\n<p align=\"center\"><span style=\"color: #333333\">12<\/span><\/p>\n<\/td>\n<\/tr>\n<tr style=\"height: 55px\">\n<td style=\"width: 18.5668%;height: 55px\"><span style=\"color: #333333\"><span dir=\"rtl\" lang=\"ar-SA\">B\u00e2timent 18<\/span><\/span><\/td>\n<td style=\"width: 23.9884%;height: 55px\">\n<p align=\"center\"><span style=\"color: #333333\"><span lang=\"en\">A<\/span>l-a<span lang=\"en\">kkad<\/span><\/span><\/p>\n<\/td>\n<td style=\"width: 23.5094%;height: 55px\">\n<p align=\"center\"><span style=\"color: #333333\">0<\/span><\/p>\n<\/td>\n<td style=\"width: 20.5804%;height: 55px\">\n<p align=\"center\"><span style=\"color: #333333\">8<\/span><\/p>\n<\/td>\n<td style=\"width: 7.16612%;height: 55px\">\n<p align=\"center\">\n<\/td>\n<td style=\"width: 45.2683%;height: 55px\">\n<p align=\"center\"><span style=\"color: #333333\">8<\/span><\/p>\n<\/td>\n<\/tr>\n<tr style=\"height: 55px\">\n<td style=\"width: 18.5668%;height: 55px\"><span style=\"color: #333333\"><span dir=\"rtl\" lang=\"ar-SA\">B\u00e2timent 3<\/span><\/span><\/td>\n<td style=\"width: 23.9884%;height: 55px\">\n<p align=\"center\"><span style=\"color: #333333\">Le b\u00e2timent est en face de l\u2019assurance maladie.<\/span><\/p>\n<\/td>\n<td style=\"width: 23.5094%;height: 55px\">\n<p align=\"center\"><span style=\"color: #333333\">0<\/span><\/p>\n<\/td>\n<td style=\"width: 20.5804%;height: 55px\">\n<p align=\"center\"><span style=\"color: #333333\">1<\/span><\/p>\n<\/td>\n<td style=\"width: 7.16612%;height: 55px\">\n<p align=\"center\">\n<\/td>\n<td style=\"width: 45.2683%;height: 55px\">\n<p align=\"center\"><span style=\"color: #333333\">1<\/span><\/p>\n<\/td>\n<\/tr>\n<tr style=\"height: 55px\">\n<td style=\"width: 42.5552%;height: 55px\" colspan=\"2\">\n<ul type=\"disc\">\n<li><span style=\"color: #333333\">Les logements de l\u2019Universit\u00e9 Sahari<\/span><\/li>\n<\/ul>\n<\/td>\n<td style=\"width: 23.5094%;height: 55px\">\n<p align=\"center\"><span style=\"color: #333333\">0<\/span><\/p>\n<\/td>\n<td style=\"width: 20.5804%;height: 55px\">\n<p align=\"center\"><span style=\"color: #333333\">0<\/span><\/p>\n<\/td>\n<td style=\"width: 7.16612%;height: 55px\">\n<p align=\"center\"><span style=\"color: #333333\">15<\/span><\/p>\n<\/td>\n<td style=\"width: 45.2683%;height: 55px\">\n<p align=\"center\">\n<\/td>\n<\/tr>\n<tr style=\"height: 55px\">\n<td style=\"width: 42.5552%;height: 55px\" colspan=\"2\"><span style=\"color: #333333\">TOTAL<\/span><\/td>\n<td style=\"width: 23.5094%;height: 55px\">\n<p align=\"center\"><span style=\"color: #333333\">52<\/span><\/p>\n<\/td>\n<td style=\"width: 20.5804%;height: 55px\">\n<p align=\"center\"><span style=\"color: #333333\">71<\/span><\/p>\n<\/td>\n<td style=\"width: 7.16612%;height: 55px\">\n<p align=\"center\"><span style=\"color: #333333\">15<\/span><\/p>\n<\/td>\n<td style=\"width: 45.2683%;height: 55px\">\n<p align=\"center\">\n<\/td>\n<\/tr>\n<\/tbody>\n<\/table>\n<\/div>\n<p>&nbsp;<\/p>\n<p data-start=\"30\" data-end=\"116\"><strong data-start=\"30\" data-end=\"114\">Villas lou\u00e9es aupr\u00e8s d\u2019une compagnie d\u2019\u00e9lectricit\u00e9 pour l\u2019Universit\u00e9 d\u2019Assouan :<\/strong><\/p>\n<p data-start=\"118\" data-end=\"133\">\n<p><span style=\"color: #333333\"><b><span dir=\"rtl\" lang=\"ar-SA\">\u00a0<\/span><\/b><\/span><\/p>\n<div align=\"center\">\n<table border=\"1\" cellspacing=\"0\" cellpadding=\"0\">\n<tbody>\n<tr>\n<td>\n<p align=\"center\"><span style=\"color: #333333;font-size: 16px\">L\u2019adresse<\/span><\/p>\n<\/td>\n<td>\n<p align=\"center\"><span style=\"color: #333333\">Le num\u00e9ro<\/span><\/p>\n<\/td>\n<\/tr>\n<tr>\n<td>\n<p align=\"center\"><span style=\"color: #333333\">Al-Kazan<\/span><\/p>\n<\/td>\n<td>\n<p align=\"center\"><span style=\"color: #333333\">1<\/span><\/p>\n<\/td>\n<\/tr>\n<tr>\n<td>\n<p align=\"center\"><span style=\"color: #333333\">Le Camp<\/span><\/p>\n<\/td>\n<td>\n<p align=\"center\"><span style=\"color: #333333\">4<\/span><\/p>\n<\/td>\n<\/tr>\n<tr>\n<td>\n<p align=\"center\"><span style=\"color: #333333\">TOTAL<\/span><\/p>\n<\/td>\n<td>\n<p align=\"center\"><span style=\"color: #333333\"><b>5<\/b><\/span><\/p>\n<\/td>\n<\/tr>\n<\/tbody>\n<\/table>\n<\/div>\n<p><span style=\"color: #333333\"><b>\u00a0<\/b><\/span><\/p>\n<p><span style=\"color: #333333\"><strong>Les logements du Caire<\/strong><\/span><\/p>\n<p><span style=\"color: #333333\">Un b\u00e2timent de 8 \u00e9tages avec 25 appartements<\/span><\/p>\n<p><span style=\"color: #333333\"><strong>Le personnel et les employ\u00e9s peuvent r\u00e9server des chambres dans l\u2019un de ces logements lorsqu\u2019elles sont disponibles, et \u00e0 des prix subventionn\u00e9s afin de les soutenir.<\/strong><\/span><\/p>\n<p><span style=\"color: #333333\">Veuillez v\u00e9rifier la disponibilit\u00e9 pour vous<span style=\"text-decoration: underline\"><strong> <span style=\"color: #0000ff\"><a href=\"http:\/\/staff.aswu.edu.eg\/\">Inscrire<\/a><\/span><\/strong><\/span><\/span><\/p>\n<p><span style=\"color: #333333\"><strong>Contact:-<\/strong><\/span><\/p>\n<p><span style=\"color: #333333\">T\u00e9l\u00e9phone:\u00a0 \u00a0 \u00a0 \u00a0097380446 \u2013 0973480901<\/span><\/p>\n<p><span style=\"color: #333333\">Fax:\u00a0 \u00a0 \u00a0 \u00a0 \u00a0 \u00a0 \u00a009773480449<\/span><\/p>\n<div class=\"pvc_clear\"><\/div>\n<p id=\"pvc_stats_26579\" class=\"pvc_stats all  \" data-element-id=\"26579\" style=\"\"><i class=\"pvc-stats-icon medium\" aria-hidden=\"true\"><svg aria-hidden=\"true\" focusable=\"false\" data-prefix=\"far\" data-icon=\"chart-bar\" role=\"img\" xmlns=\"http:\/\/www.w3.org\/2000\/svg\" viewBox=\"0 0 512 512\" class=\"svg-inline--fa fa-chart-bar fa-w-16 fa-2x\"><path fill=\"currentColor\" d=\"M396.8 352h22.4c6.4 0 12.8-6.4 12.8-12.8V108.8c0-6.4-6.4-12.8-12.8-12.8h-22.4c-6.4 0-12.8 6.4-12.8 12.8v230.4c0 6.4 6.4 12.8 12.8 12.8zm-192 0h22.4c6.4 0 12.8-6.4 12.8-12.8V140.8c0-6.4-6.4-12.8-12.8-12.8h-22.4c-6.4 0-12.8 6.4-12.8 12.8v198.4c0 6.4 6.4 12.8 12.8 12.8zm96 0h22.4c6.4 0 12.8-6.4 12.8-12.8V204.8c0-6.4-6.4-12.8-12.8-12.8h-22.4c-6.4 0-12.8 6.4-12.8 12.8v134.4c0 6.4 6.4 12.8 12.8 12.8zM496 400H48V80c0-8.84-7.16-16-16-16H16C7.16 64 0 71.16 0 80v336c0 17.67 14.33 32 32 32h464c8.84 0 16-7.16 16-16v-16c0-8.84-7.16-16-16-16zm-387.2-48h22.4c6.4 0 12.8-6.4 12.8-12.8v-70.4c0-6.4-6.4-12.8-12.8-12.8h-22.4c-6.4 0-12.8 6.4-12.8 12.8v70.4c0 6.4 6.4 12.8 12.8 12.8z\" class=\"\"><\/path><\/svg><\/i> <img decoding=\"async\" width=\"16\" height=\"16\" alt=\"Loading\" src=\"https:\/\/aswu.edu.eg\/fr\/wp-content\/plugins\/page-views-count\/ajax-loader-2x.gif\" border=0 \/><\/p>\n<div class=\"pvc_clear\"><\/div>\n","protected":false},"excerpt":{"rendered":"<p>L\u2019Universit\u00e9 d\u2019Assouan fournit des logements abordables \u00e0 ses employ\u00e9s et aux membres du corps professoral, en les proposant \u00e0 des prix subventionn\u00e9s afin de r\u00e9duire leur charge financi\u00e8re. Les logements de l\u2019Universit\u00e9 d\u2019Assouan Le logement d&#8217;El-Akad Les logements d\u2019Atlas Les <a href=\"https:\/\/aswu.edu.eg\/fr\/about\/facilities\/aswan-university-accommodations\/\" class=\"read-more\">Read More &#8230;<\/a><\/p>\n<div class=\"pvc_clear\"><\/div>\n<p id=\"pvc_stats_26579\" class=\"pvc_stats all  \" data-element-id=\"26579\" style=\"\"><i class=\"pvc-stats-icon medium\" aria-hidden=\"true\"><svg aria-hidden=\"true\" focusable=\"false\" data-prefix=\"far\" data-icon=\"chart-bar\" role=\"img\" xmlns=\"http:\/\/www.w3.org\/2000\/svg\" viewBox=\"0 0 512 512\" class=\"svg-inline--fa fa-chart-bar fa-w-16 fa-2x\"><path fill=\"currentColor\" d=\"M396.8 352h22.4c6.4 0 12.8-6.4 12.8-12.8V108.8c0-6.4-6.4-12.8-12.8-12.8h-22.4c-6.4 0-12.8 6.4-12.8 12.8v230.4c0 6.4 6.4 12.8 12.8 12.8zm-192 0h22.4c6.4 0 12.8-6.4 12.8-12.8V140.8c0-6.4-6.4-12.8-12.8-12.8h-22.4c-6.4 0-12.8 6.4-12.8 12.8v198.4c0 6.4 6.4 12.8 12.8 12.8zm96 0h22.4c6.4 0 12.8-6.4 12.8-12.8V204.8c0-6.4-6.4-12.8-12.8-12.8h-22.4c-6.4 0-12.8 6.4-12.8 12.8v134.4c0 6.4 6.4 12.8 12.8 12.8zM496 400H48V80c0-8.84-7.16-16-16-16H16C7.16 64 0 71.16 0 80v336c0 17.67 14.33 32 32 32h464c8.84 0 16-7.16 16-16v-16c0-8.84-7.16-16-16-16zm-387.2-48h22.4c6.4 0 12.8-6.4 12.8-12.8v-70.4c0-6.4-6.4-12.8-12.8-12.8h-22.4c-6.4 0-12.8 6.4-12.8 12.8v70.4c0 6.4 6.4 12.8 12.8 12.8z\" class=\"\"><\/path><\/svg><\/i> <img decoding=\"async\" width=\"16\" height=\"16\" alt=\"Loading\" src=\"https:\/\/aswu.edu.eg\/fr\/wp-content\/plugins\/page-views-count\/ajax-loader-2x.gif\" border=0 \/><\/p>\n<div class=\"pvc_clear\"><\/div>\n","protected":false},"author":7,"featured_media":0,"parent":24368,"menu_order":0,"comment_status":"closed","ping_status":"closed","template":"","meta":{"footnotes":""},"rttpg_featured_image_url":null,"rttpg_author":{"display_name":"nourhan Monaam","author_link":"https:\/\/aswu.edu.eg\/fr\/author\/edr0asen\/"},"rttpg_comment":0,"rttpg_category":null,"rttpg_excerpt":"L\u2019Universit\u00e9 d\u2019Assouan fournit des logements abordables \u00e0 ses employ\u00e9s et aux membres du corps professoral, en les proposant \u00e0 des prix subventionn\u00e9s afin de r\u00e9duire leur charge financi\u00e8re. Les logements de l\u2019Universit\u00e9 d\u2019Assouan Le logement d&#8217;El-Akad Les logements d\u2019Atlas Les Read More ...","_links":{"self":[{"href":"https:\/\/aswu.edu.eg\/fr\/wp-json\/wp\/v2\/pages\/26579"}],"collection":[{"href":"https:\/\/aswu.edu.eg\/fr\/wp-json\/wp\/v2\/pages"}],"about":[{"href":"https:\/\/aswu.edu.eg\/fr\/wp-json\/wp\/v2\/types\/page"}],"author":[{"embeddable":true,"href":"https:\/\/aswu.edu.eg\/fr\/wp-json\/wp\/v2\/users\/7"}],"replies":[{"embeddable":true,"href":"https:\/\/aswu.edu.eg\/fr\/wp-json\/wp\/v2\/comments?post=26579"}],"version-history":[{"count":7,"href":"https:\/\/aswu.edu.eg\/fr\/wp-json\/wp\/v2\/pages\/26579\/revisions"}],"predecessor-version":[{"id":31604,"href":"https:\/\/aswu.edu.eg\/fr\/wp-json\/wp\/v2\/pages\/26579\/revisions\/31604"}],"up":[{"embeddable":true,"href":"https:\/\/aswu.edu.eg\/fr\/wp-json\/wp\/v2\/pages\/24368"}],"wp:attachment":[{"href":"https:\/\/aswu.edu.eg\/fr\/wp-json\/wp\/v2\/media?parent=26579"}],"curies":[{"name":"wp","href":"https:\/\/api.w.org\/{rel}","templated":true}]}}