{"id":28673,"date":"2021-12-01T08:42:15","date_gmt":"2021-12-01T08:42:15","guid":{"rendered":"http:\/\/193.227.33.90\/aswu\/fr\/?page_id=28673"},"modified":"2023-01-16T08:45:33","modified_gmt":"2023-01-16T08:45:33","slug":"training-program-for-students-of-fisheries-and-fisheries-technology-in-aswan","status":"publish","type":"page","link":"https:\/\/aswu.edu.eg\/fr\/training-program-for-students-of-fisheries-and-fisheries-technology-in-aswan\/","title":{"rendered":"Programme de formation \u00e0 facult\u00e9 de technologie poissons et p\u00eacheries \u00e0 Assouan\u00a0"},"content":{"rendered":"<p style=\"text-align: justify\"><span style=\"color: #333333;font-size: 12pt\">Le laboratoire \u00a0central de recherche des p\u00eacheries d\u2019agricultural recherche a organis\u00e9 un programme de formation pour les \u00e9tudiants de facult\u00e9 de technologie des poissons et p\u00eacheries \u2013universit\u00e9 d\u2019Assouan- dans la r\u00e9gion d&#8217;Abbassiya.<\/span><\/p>\n<p style=\"text-align: justify\"><span style=\"color: #333333;font-size: 12pt\">De sa part le Dr. Amira El-Hanafi \u2013 directrice du laboratoire central de recherche des p\u00eacheries qu\u2019ont form\u00e9 11 \u00e9tudiant(e)s de la quatri\u00e8me ann\u00e9e au d\u00e9partement d\u2019aquaculture, indiquant que le cours vise a concentr\u00e9 a la cote pratique d\u00e9butant de comment faires les analyses n\u00e9cessaires d\u2019\u00e9tablir une ferme de sol et d\u2019eau, et comment construire fourrages et examiner, apprendre les maladies des poissons en plus visite les aquariums de recherche, les serres, couvoirs et expliquent pratiquement.<\/span><\/p>\n<p style=\"text-align: justify\"><span style=\"color: #333333;font-size: 12pt\">Directrice du laboratoire central de recherche des p\u00eacheries indique que ce cours a pr\u00e9sent\u00e9e du cours sur crevettes aquaculture, et puis visite sur le terrain d\u2019aquaculture le bl\u00e9 dans aquariums et le syst\u00e8me d\u2019aquaculture intensive dans la visite du centre international de reconnaitre les activit\u00e9s et aussi la formation pratique de comment analyser d\u2019aquariums dans la matin\u00e9e\u00a0 dans la ferme de recherche du laboratoire et identifier les mesures d\u2019oxyg\u00e8ne et ammonie et les \u00e9l\u00e9ments qu\u2019affecter l\u2019aquaculture puis visite les aquariums productives d\u2019apprendre les processus d\u2019\u00e9levage, la production et le m\u00e9thode de r\u00e9colte.<\/span><\/p>\n<p style=\"text-align: justify\"><span style=\"color: #333333;font-size: 12pt\">Il doit mentionn\u00e9 \u00a0que le laboratoire central des recherches de la richesse de poissons suivi du centre de recherches agricultural est un des centres au domaine des recherches de la richesse de poissons qui comprend tous les sp\u00e9cialisations que les secteurs de poisson besoin, et le laboratoire comprend nombre des d\u00e9partements divers sont d\u00e9partements de recherche de couvoirs\u00a0 et phycologie reproductive et g\u00e9n\u00e9ration, d\u00e9partement de recherche la production de poissons et les syst\u00e8mes d\u2019aquaculture, d\u00e9partement de recherches de limnologie (eau et sol), d\u00e9partement de recherches d\u2019alimentation et planctons de poissons, et d\u00e9partement de recherches des maladies de poissons.<\/span><\/p>\n<div class=\"pvc_clear\"><\/div>\n<p id=\"pvc_stats_28673\" class=\"pvc_stats all  \" data-element-id=\"28673\" style=\"\"><i class=\"pvc-stats-icon medium\" aria-hidden=\"true\"><svg aria-hidden=\"true\" focusable=\"false\" data-prefix=\"far\" data-icon=\"chart-bar\" role=\"img\" xmlns=\"http:\/\/www.w3.org\/2000\/svg\" viewBox=\"0 0 512 512\" class=\"svg-inline--fa fa-chart-bar fa-w-16 fa-2x\"><path fill=\"currentColor\" d=\"M396.8 352h22.4c6.4 0 12.8-6.4 12.8-12.8V108.8c0-6.4-6.4-12.8-12.8-12.8h-22.4c-6.4 0-12.8 6.4-12.8 12.8v230.4c0 6.4 6.4 12.8 12.8 12.8zm-192 0h22.4c6.4 0 12.8-6.4 12.8-12.8V140.8c0-6.4-6.4-12.8-12.8-12.8h-22.4c-6.4 0-12.8 6.4-12.8 12.8v198.4c0 6.4 6.4 12.8 12.8 12.8zm96 0h22.4c6.4 0 12.8-6.4 12.8-12.8V204.8c0-6.4-6.4-12.8-12.8-12.8h-22.4c-6.4 0-12.8 6.4-12.8 12.8v134.4c0 6.4 6.4 12.8 12.8 12.8zM496 400H48V80c0-8.84-7.16-16-16-16H16C7.16 64 0 71.16 0 80v336c0 17.67 14.33 32 32 32h464c8.84 0 16-7.16 16-16v-16c0-8.84-7.16-16-16-16zm-387.2-48h22.4c6.4 0 12.8-6.4 12.8-12.8v-70.4c0-6.4-6.4-12.8-12.8-12.8h-22.4c-6.4 0-12.8 6.4-12.8 12.8v70.4c0 6.4 6.4 12.8 12.8 12.8z\" class=\"\"><\/path><\/svg><\/i> <img decoding=\"async\" width=\"16\" height=\"16\" alt=\"Loading\" src=\"https:\/\/aswu.edu.eg\/fr\/wp-content\/plugins\/page-views-count\/ajax-loader-2x.gif\" border=0 \/><\/p>\n<div class=\"pvc_clear\"><\/div>\n","protected":false},"excerpt":{"rendered":"<p>Le laboratoire \u00a0central de recherche des p\u00eacheries d\u2019agricultural recherche a organis\u00e9 un programme de formation pour les \u00e9tudiants de facult\u00e9 de technologie des poissons et p\u00eacheries \u2013universit\u00e9 d\u2019Assouan- dans la r\u00e9gion d&#8217;Abbassiya. De sa part le Dr. Amira El-Hanafi \u2013 <a href=\"https:\/\/aswu.edu.eg\/fr\/training-program-for-students-of-fisheries-and-fisheries-technology-in-aswan\/\" class=\"read-more\">Read More &#8230;<\/a><\/p>\n<div class=\"pvc_clear\"><\/div>\n<p id=\"pvc_stats_28673\" class=\"pvc_stats all  \" data-element-id=\"28673\" style=\"\"><i class=\"pvc-stats-icon medium\" aria-hidden=\"true\"><svg aria-hidden=\"true\" focusable=\"false\" data-prefix=\"far\" data-icon=\"chart-bar\" role=\"img\" xmlns=\"http:\/\/www.w3.org\/2000\/svg\" viewBox=\"0 0 512 512\" class=\"svg-inline--fa fa-chart-bar fa-w-16 fa-2x\"><path fill=\"currentColor\" d=\"M396.8 352h22.4c6.4 0 12.8-6.4 12.8-12.8V108.8c0-6.4-6.4-12.8-12.8-12.8h-22.4c-6.4 0-12.8 6.4-12.8 12.8v230.4c0 6.4 6.4 12.8 12.8 12.8zm-192 0h22.4c6.4 0 12.8-6.4 12.8-12.8V140.8c0-6.4-6.4-12.8-12.8-12.8h-22.4c-6.4 0-12.8 6.4-12.8 12.8v198.4c0 6.4 6.4 12.8 12.8 12.8zm96 0h22.4c6.4 0 12.8-6.4 12.8-12.8V204.8c0-6.4-6.4-12.8-12.8-12.8h-22.4c-6.4 0-12.8 6.4-12.8 12.8v134.4c0 6.4 6.4 12.8 12.8 12.8zM496 400H48V80c0-8.84-7.16-16-16-16H16C7.16 64 0 71.16 0 80v336c0 17.67 14.33 32 32 32h464c8.84 0 16-7.16 16-16v-16c0-8.84-7.16-16-16-16zm-387.2-48h22.4c6.4 0 12.8-6.4 12.8-12.8v-70.4c0-6.4-6.4-12.8-12.8-12.8h-22.4c-6.4 0-12.8 6.4-12.8 12.8v70.4c0 6.4 6.4 12.8 12.8 12.8z\" class=\"\"><\/path><\/svg><\/i> <img decoding=\"async\" width=\"16\" height=\"16\" alt=\"Loading\" src=\"https:\/\/aswu.edu.eg\/fr\/wp-content\/plugins\/page-views-count\/ajax-loader-2x.gif\" border=0 \/><\/p>\n<div class=\"pvc_clear\"><\/div>\n","protected":false},"author":7,"featured_media":28674,"parent":0,"menu_order":0,"comment_status":"closed","ping_status":"closed","template":"","meta":{"footnotes":""},"rttpg_featured_image_url":{"full":["https:\/\/aswu.edu.eg\/fr\/wp-content\/uploads\/1-2-1.png",400,260,false],"landscape":["https:\/\/aswu.edu.eg\/fr\/wp-content\/uploads\/1-2-1.png",400,260,false],"portraits":["https:\/\/aswu.edu.eg\/fr\/wp-content\/uploads\/1-2-1.png",400,260,false],"thumbnail":["https:\/\/aswu.edu.eg\/fr\/wp-content\/uploads\/1-2-1-150x150.png",150,150,true],"medium":["https:\/\/aswu.edu.eg\/fr\/wp-content\/uploads\/1-2-1-300x195.png",300,195,true],"large":["https:\/\/aswu.edu.eg\/fr\/wp-content\/uploads\/1-2-1.png",400,260,false],"1536x1536":["https:\/\/aswu.edu.eg\/fr\/wp-content\/uploads\/1-2-1.png",400,260,false],"2048x2048":["https:\/\/aswu.edu.eg\/fr\/wp-content\/uploads\/1-2-1.png",400,260,false],"education-hub-thumb":["https:\/\/aswu.edu.eg\/fr\/wp-content\/uploads\/1-2-1-360x234.png",360,234,true]},"rttpg_author":{"display_name":"nourhan Monaam","author_link":"https:\/\/aswu.edu.eg\/fr\/author\/edr0asen\/"},"rttpg_comment":0,"rttpg_category":null,"rttpg_excerpt":"Le laboratoire \u00a0central de recherche des p\u00eacheries d\u2019agricultural recherche a organis\u00e9 un programme de formation pour les \u00e9tudiants de facult\u00e9 de technologie des poissons et p\u00eacheries \u2013universit\u00e9 d\u2019Assouan- dans la r\u00e9gion d&#8217;Abbassiya. De sa part le Dr. Amira El-Hanafi \u2013 Read More ...","_links":{"self":[{"href":"https:\/\/aswu.edu.eg\/fr\/wp-json\/wp\/v2\/pages\/28673"}],"collection":[{"href":"https:\/\/aswu.edu.eg\/fr\/wp-json\/wp\/v2\/pages"}],"about":[{"href":"https:\/\/aswu.edu.eg\/fr\/wp-json\/wp\/v2\/types\/page"}],"author":[{"embeddable":true,"href":"https:\/\/aswu.edu.eg\/fr\/wp-json\/wp\/v2\/users\/7"}],"replies":[{"embeddable":true,"href":"https:\/\/aswu.edu.eg\/fr\/wp-json\/wp\/v2\/comments?post=28673"}],"version-history":[{"count":1,"href":"https:\/\/aswu.edu.eg\/fr\/wp-json\/wp\/v2\/pages\/28673\/revisions"}],"predecessor-version":[{"id":28675,"href":"https:\/\/aswu.edu.eg\/fr\/wp-json\/wp\/v2\/pages\/28673\/revisions\/28675"}],"wp:featuredmedia":[{"embeddable":true,"href":"https:\/\/aswu.edu.eg\/fr\/wp-json\/wp\/v2\/media\/28674"}],"wp:attachment":[{"href":"https:\/\/aswu.edu.eg\/fr\/wp-json\/wp\/v2\/media?parent=28673"}],"curies":[{"name":"wp","href":"https:\/\/api.w.org\/{rel}","templated":true}]}}