{"id":28679,"date":"2021-09-26T08:47:53","date_gmt":"2021-09-26T08:47:53","guid":{"rendered":"http:\/\/193.227.33.90\/aswu\/fr\/?page_id=28679"},"modified":"2023-01-16T08:55:38","modified_gmt":"2023-01-16T08:55:38","slug":"aswan-university-holds-a-training-course-under-the-title-of-managing-fish-farms","status":"publish","type":"page","link":"https:\/\/aswu.edu.eg\/fr\/aswan-university-holds-a-training-course-under-the-title-of-managing-fish-farms\/","title":{"rendered":"Universit\u00e9 d\u2019Assouan tient un cours de formation sur g\u00e9rer les fermes de poisson"},"content":{"rendered":"<p><span style=\"color: #333333;font-size: 12pt\">Le prof. Dr. Ayman Osman \u2013 pr\u00e9sident de l\u2019universit\u00e9 d\u2019Assouan- charg\u00e9 \u00a0d\u2019affaires le pr\u00e9sident de l\u2019universit\u00e9 d\u2019Assouan- qu\u2019au cadre la volont\u00e9 d\u2019\u00e9tat de traduire la vision d\u2019Egypte 2030 de d\u00e9veloppement int\u00e9gr\u00e9, la facult\u00e9 de technologie des p\u00eaches et les poissons \u00ab\u00a0 cours de formation\u00a0\u00bb intitul\u00e9 \u00ab\u00a0 g\u00e9rer les fermes de poissons\u00a0\u00bb sur deux jours et qui comprend la discussion faisabilit\u00e9 \u00e9conomique des fermes de poissons, et g\u00e9rer la qualit\u00e9 d\u2019eau des fermes de poissons. \u00a0\u00a0\u00a0\u00a0\u00a0\u00a0\u00a0\u00a0\u00a0\u00a0<\/span><\/p>\n<p><span style=\"color: #333333;font-size: 12pt\">Son excellence a ajout\u00e9 que le cours comprend les proc\u00e9dures sanitaires de soigner les poissons, et le cours a conclu ses \u00e9v\u00e9nements d\u2019exposer projet d\u2019exploiter le d\u00e9sert \u00e0 l&#8217;aquaculture int\u00e9gr\u00e9e.<\/span><\/p>\n<p><span style=\"color: #333333;font-size: 12pt\">De sa part le prof. Dr. Salah El Deen Fekry El-Saai \u2013 doyen de facult\u00e9 de technologie les p\u00eaches et poissons- a assur\u00e9 que ce cours pr\u00e9pare le premier des chaines des cours de formation qui prendra divers sujets importants au domaine de richesse en poissons comme une \u00e9tape s\u00e9rieuse de [publier la culture d\u2019aquaculture \u00e0 Assouan en pr\u00e9senter le support technique et la consultation pour les jeunes d\u2019\u00e9tablir des projets d\u2019aquaculture et aussi sensibiliser les p\u00eacheurs aux bonnes pratiques et pr\u00e9senter la direction et guidance\u00a0 pour trous les int\u00e9ress\u00e9 par le domaine \u00e0 Assouan, l\u2019inauguration du cours a attest\u00e9 par le prof. Dr. Ayman Osman, et les \u00e9v\u00e9nements ont conclu en pr\u00e9sence le Dr. Salah El-Deen Fekry El-Saai- doyen de la facult\u00e9-, les vices-doyen, les stagiaires et ils ont pris les photos m\u00e9morial.<\/span><\/p>\n<div class=\"pvc_clear\"><\/div>\n<p id=\"pvc_stats_28679\" class=\"pvc_stats all  \" data-element-id=\"28679\" style=\"\"><i class=\"pvc-stats-icon medium\" aria-hidden=\"true\"><svg aria-hidden=\"true\" focusable=\"false\" data-prefix=\"far\" data-icon=\"chart-bar\" role=\"img\" xmlns=\"http:\/\/www.w3.org\/2000\/svg\" viewBox=\"0 0 512 512\" class=\"svg-inline--fa fa-chart-bar fa-w-16 fa-2x\"><path fill=\"currentColor\" d=\"M396.8 352h22.4c6.4 0 12.8-6.4 12.8-12.8V108.8c0-6.4-6.4-12.8-12.8-12.8h-22.4c-6.4 0-12.8 6.4-12.8 12.8v230.4c0 6.4 6.4 12.8 12.8 12.8zm-192 0h22.4c6.4 0 12.8-6.4 12.8-12.8V140.8c0-6.4-6.4-12.8-12.8-12.8h-22.4c-6.4 0-12.8 6.4-12.8 12.8v198.4c0 6.4 6.4 12.8 12.8 12.8zm96 0h22.4c6.4 0 12.8-6.4 12.8-12.8V204.8c0-6.4-6.4-12.8-12.8-12.8h-22.4c-6.4 0-12.8 6.4-12.8 12.8v134.4c0 6.4 6.4 12.8 12.8 12.8zM496 400H48V80c0-8.84-7.16-16-16-16H16C7.16 64 0 71.16 0 80v336c0 17.67 14.33 32 32 32h464c8.84 0 16-7.16 16-16v-16c0-8.84-7.16-16-16-16zm-387.2-48h22.4c6.4 0 12.8-6.4 12.8-12.8v-70.4c0-6.4-6.4-12.8-12.8-12.8h-22.4c-6.4 0-12.8 6.4-12.8 12.8v70.4c0 6.4 6.4 12.8 12.8 12.8z\" class=\"\"><\/path><\/svg><\/i> <img decoding=\"async\" width=\"16\" height=\"16\" alt=\"Loading\" src=\"https:\/\/aswu.edu.eg\/fr\/wp-content\/plugins\/page-views-count\/ajax-loader-2x.gif\" border=0 \/><\/p>\n<div class=\"pvc_clear\"><\/div>\n","protected":false},"excerpt":{"rendered":"<p>Le prof. Dr. Ayman Osman \u2013 pr\u00e9sident de l\u2019universit\u00e9 d\u2019Assouan- charg\u00e9 \u00a0d\u2019affaires le pr\u00e9sident de l\u2019universit\u00e9 d\u2019Assouan- qu\u2019au cadre la volont\u00e9 d\u2019\u00e9tat de traduire la vision d\u2019Egypte 2030 de d\u00e9veloppement int\u00e9gr\u00e9, la facult\u00e9 de technologie des p\u00eaches et les poissons <a href=\"https:\/\/aswu.edu.eg\/fr\/aswan-university-holds-a-training-course-under-the-title-of-managing-fish-farms\/\" class=\"read-more\">Read More &#8230;<\/a><\/p>\n<div class=\"pvc_clear\"><\/div>\n<p id=\"pvc_stats_28679\" class=\"pvc_stats all  \" data-element-id=\"28679\" style=\"\"><i class=\"pvc-stats-icon medium\" aria-hidden=\"true\"><svg aria-hidden=\"true\" focusable=\"false\" data-prefix=\"far\" data-icon=\"chart-bar\" role=\"img\" xmlns=\"http:\/\/www.w3.org\/2000\/svg\" viewBox=\"0 0 512 512\" class=\"svg-inline--fa fa-chart-bar fa-w-16 fa-2x\"><path fill=\"currentColor\" d=\"M396.8 352h22.4c6.4 0 12.8-6.4 12.8-12.8V108.8c0-6.4-6.4-12.8-12.8-12.8h-22.4c-6.4 0-12.8 6.4-12.8 12.8v230.4c0 6.4 6.4 12.8 12.8 12.8zm-192 0h22.4c6.4 0 12.8-6.4 12.8-12.8V140.8c0-6.4-6.4-12.8-12.8-12.8h-22.4c-6.4 0-12.8 6.4-12.8 12.8v198.4c0 6.4 6.4 12.8 12.8 12.8zm96 0h22.4c6.4 0 12.8-6.4 12.8-12.8V204.8c0-6.4-6.4-12.8-12.8-12.8h-22.4c-6.4 0-12.8 6.4-12.8 12.8v134.4c0 6.4 6.4 12.8 12.8 12.8zM496 400H48V80c0-8.84-7.16-16-16-16H16C7.16 64 0 71.16 0 80v336c0 17.67 14.33 32 32 32h464c8.84 0 16-7.16 16-16v-16c0-8.84-7.16-16-16-16zm-387.2-48h22.4c6.4 0 12.8-6.4 12.8-12.8v-70.4c0-6.4-6.4-12.8-12.8-12.8h-22.4c-6.4 0-12.8 6.4-12.8 12.8v70.4c0 6.4 6.4 12.8 12.8 12.8z\" class=\"\"><\/path><\/svg><\/i> <img decoding=\"async\" width=\"16\" height=\"16\" alt=\"Loading\" src=\"https:\/\/aswu.edu.eg\/fr\/wp-content\/plugins\/page-views-count\/ajax-loader-2x.gif\" border=0 \/><\/p>\n<div class=\"pvc_clear\"><\/div>\n","protected":false},"author":7,"featured_media":28681,"parent":0,"menu_order":0,"comment_status":"closed","ping_status":"closed","template":"","meta":{"footnotes":""},"rttpg_featured_image_url":{"full":["https:\/\/aswu.edu.eg\/fr\/wp-content\/uploads\/757-1.jpg",400,260,false],"landscape":["https:\/\/aswu.edu.eg\/fr\/wp-content\/uploads\/757-1.jpg",400,260,false],"portraits":["https:\/\/aswu.edu.eg\/fr\/wp-content\/uploads\/757-1.jpg",400,260,false],"thumbnail":["https:\/\/aswu.edu.eg\/fr\/wp-content\/uploads\/757-1-150x150.jpg",150,150,true],"medium":["https:\/\/aswu.edu.eg\/fr\/wp-content\/uploads\/757-1-300x195.jpg",300,195,true],"large":["https:\/\/aswu.edu.eg\/fr\/wp-content\/uploads\/757-1.jpg",400,260,false],"1536x1536":["https:\/\/aswu.edu.eg\/fr\/wp-content\/uploads\/757-1.jpg",400,260,false],"2048x2048":["https:\/\/aswu.edu.eg\/fr\/wp-content\/uploads\/757-1.jpg",400,260,false],"education-hub-thumb":["https:\/\/aswu.edu.eg\/fr\/wp-content\/uploads\/757-1-360x234.jpg",360,234,true]},"rttpg_author":{"display_name":"nourhan Monaam","author_link":"https:\/\/aswu.edu.eg\/fr\/author\/edr0asen\/"},"rttpg_comment":0,"rttpg_category":null,"rttpg_excerpt":"Le prof. Dr. Ayman Osman \u2013 pr\u00e9sident de l\u2019universit\u00e9 d\u2019Assouan- charg\u00e9 \u00a0d\u2019affaires le pr\u00e9sident de l\u2019universit\u00e9 d\u2019Assouan- qu\u2019au cadre la volont\u00e9 d\u2019\u00e9tat de traduire la vision d\u2019Egypte 2030 de d\u00e9veloppement int\u00e9gr\u00e9, la facult\u00e9 de technologie des p\u00eaches et les poissons Read More ...","_links":{"self":[{"href":"https:\/\/aswu.edu.eg\/fr\/wp-json\/wp\/v2\/pages\/28679"}],"collection":[{"href":"https:\/\/aswu.edu.eg\/fr\/wp-json\/wp\/v2\/pages"}],"about":[{"href":"https:\/\/aswu.edu.eg\/fr\/wp-json\/wp\/v2\/types\/page"}],"author":[{"embeddable":true,"href":"https:\/\/aswu.edu.eg\/fr\/wp-json\/wp\/v2\/users\/7"}],"replies":[{"embeddable":true,"href":"https:\/\/aswu.edu.eg\/fr\/wp-json\/wp\/v2\/comments?post=28679"}],"version-history":[{"count":1,"href":"https:\/\/aswu.edu.eg\/fr\/wp-json\/wp\/v2\/pages\/28679\/revisions"}],"predecessor-version":[{"id":28682,"href":"https:\/\/aswu.edu.eg\/fr\/wp-json\/wp\/v2\/pages\/28679\/revisions\/28682"}],"wp:featuredmedia":[{"embeddable":true,"href":"https:\/\/aswu.edu.eg\/fr\/wp-json\/wp\/v2\/media\/28681"}],"wp:attachment":[{"href":"https:\/\/aswu.edu.eg\/fr\/wp-json\/wp\/v2\/media?parent=28679"}],"curies":[{"name":"wp","href":"https:\/\/api.w.org\/{rel}","templated":true}]}}