{"id":28995,"date":"2018-11-15T08:51:53","date_gmt":"2018-11-15T08:51:53","guid":{"rendered":"http:\/\/193.227.33.90\/aswu\/fr\/?page_id=28995"},"modified":"2023-01-29T08:55:05","modified_gmt":"2023-01-29T08:55:05","slug":"https-aswu-edu-eg-en-a-workshop-for-employees-of-aswan-university-libraries","status":"publish","type":"page","link":"https:\/\/aswu.edu.eg\/fr\/https-aswu-edu-eg-en-a-workshop-for-employees-of-aswan-university-libraries\/","title":{"rendered":"Atelier pour les employ\u00e9s aux biblioth\u00e8ques de l\u2019universit\u00e9 d\u2019Assouan"},"content":{"rendered":"<p style=\"text-align: justify\"><span style=\"color: #333333\">A a \u00e9t\u00e9 tenu d\u2019atelier pour les employ\u00e9s aux biblioth\u00e8ques de l\u2019universit\u00e9 d\u2019Assouan et continue pour 3 jours successivement d\u00e9bute du le mardi 13 novembre 2018.<\/span><\/p>\n<p style=\"text-align: justify\"><span style=\"color: #333333\">A \u00e9tait \u00e0 l\u2019auspice le prof. Dr. Ayman Osman- vice-pr\u00e9sident des affaires les \u00e9tudes sup\u00e9rieures et les recherches-, et \u00e0 la supervision M. Mohamed Emad El Deen- directeur g\u00e9n\u00e9ral des biblioth\u00e8ques \u00e0 l\u2019universit\u00e9 d\u2019Assouan- l\u2019entraineur. Ayman Mohamed Samir- directeur du portail \u00e9lectronique \u00e0 l\u2019universit\u00e9 d\u2019Assouan-.<\/span><\/p>\n<p style=\"text-align: justify\"><span style=\"color: #333333\">Le but de l\u2019atelier est comment cr\u00e9er un e-mail universitaire et comment le traiter avec de faciliter les traitements \u00e9lectroniques et explique tous les propri\u00e9t\u00e9s et les avantages, et comment s\u2019inscrire \u00e0 le travers sur la Banque de Connaissance Egyptienne et elle est la grande groupe des sources \u00e9ducatives disponible sur internet.<\/span><\/p>\n<p style=\"text-align: justify\"><span style=\"color: #333333\">Il peut \u00eatre accessible gratuitement pour les Egyptiens, comme la Banque fournit des vid\u00e9os, articles, et autres des sources que peut aider les Egyptiens de d\u00e9velopper leurs connaissances et comp\u00e9tences au si\u00e8cle 21.<\/span><\/p>\n<p style=\"text-align: justify\"><span style=\"color: #0000ff\"><a style=\"color: #0000ff\" href=\"https:\/\/www.ekb.eg\/ar\/home;jsessionid=i3sXXfkdOG7-PBABLJcG15VV.undefined\">La Banque de Connaissance Egyptienne \u00a0\u00a0\u00a0\u00a0<\/a><\/span><\/p>\n<div class=\"pvc_clear\"><\/div>\n<p id=\"pvc_stats_28995\" class=\"pvc_stats all  \" data-element-id=\"28995\" style=\"\"><i class=\"pvc-stats-icon medium\" aria-hidden=\"true\"><svg aria-hidden=\"true\" focusable=\"false\" data-prefix=\"far\" data-icon=\"chart-bar\" role=\"img\" xmlns=\"http:\/\/www.w3.org\/2000\/svg\" viewBox=\"0 0 512 512\" class=\"svg-inline--fa fa-chart-bar fa-w-16 fa-2x\"><path fill=\"currentColor\" d=\"M396.8 352h22.4c6.4 0 12.8-6.4 12.8-12.8V108.8c0-6.4-6.4-12.8-12.8-12.8h-22.4c-6.4 0-12.8 6.4-12.8 12.8v230.4c0 6.4 6.4 12.8 12.8 12.8zm-192 0h22.4c6.4 0 12.8-6.4 12.8-12.8V140.8c0-6.4-6.4-12.8-12.8-12.8h-22.4c-6.4 0-12.8 6.4-12.8 12.8v198.4c0 6.4 6.4 12.8 12.8 12.8zm96 0h22.4c6.4 0 12.8-6.4 12.8-12.8V204.8c0-6.4-6.4-12.8-12.8-12.8h-22.4c-6.4 0-12.8 6.4-12.8 12.8v134.4c0 6.4 6.4 12.8 12.8 12.8zM496 400H48V80c0-8.84-7.16-16-16-16H16C7.16 64 0 71.16 0 80v336c0 17.67 14.33 32 32 32h464c8.84 0 16-7.16 16-16v-16c0-8.84-7.16-16-16-16zm-387.2-48h22.4c6.4 0 12.8-6.4 12.8-12.8v-70.4c0-6.4-6.4-12.8-12.8-12.8h-22.4c-6.4 0-12.8 6.4-12.8 12.8v70.4c0 6.4 6.4 12.8 12.8 12.8z\" class=\"\"><\/path><\/svg><\/i> <img decoding=\"async\" width=\"16\" height=\"16\" alt=\"Loading\" src=\"https:\/\/aswu.edu.eg\/fr\/wp-content\/plugins\/page-views-count\/ajax-loader-2x.gif\" border=0 \/><\/p>\n<div class=\"pvc_clear\"><\/div>\n","protected":false},"excerpt":{"rendered":"<p>A a \u00e9t\u00e9 tenu d\u2019atelier pour les employ\u00e9s aux biblioth\u00e8ques de l\u2019universit\u00e9 d\u2019Assouan et continue pour 3 jours successivement d\u00e9bute du le mardi 13 novembre 2018. A \u00e9tait \u00e0 l\u2019auspice le prof. Dr. Ayman Osman- vice-pr\u00e9sident des affaires les \u00e9tudes <a href=\"https:\/\/aswu.edu.eg\/fr\/https-aswu-edu-eg-en-a-workshop-for-employees-of-aswan-university-libraries\/\" class=\"read-more\">Read More &#8230;<\/a><\/p>\n<div class=\"pvc_clear\"><\/div>\n<p id=\"pvc_stats_28995\" class=\"pvc_stats all  \" data-element-id=\"28995\" style=\"\"><i class=\"pvc-stats-icon medium\" aria-hidden=\"true\"><svg aria-hidden=\"true\" focusable=\"false\" data-prefix=\"far\" data-icon=\"chart-bar\" role=\"img\" xmlns=\"http:\/\/www.w3.org\/2000\/svg\" viewBox=\"0 0 512 512\" class=\"svg-inline--fa fa-chart-bar fa-w-16 fa-2x\"><path fill=\"currentColor\" d=\"M396.8 352h22.4c6.4 0 12.8-6.4 12.8-12.8V108.8c0-6.4-6.4-12.8-12.8-12.8h-22.4c-6.4 0-12.8 6.4-12.8 12.8v230.4c0 6.4 6.4 12.8 12.8 12.8zm-192 0h22.4c6.4 0 12.8-6.4 12.8-12.8V140.8c0-6.4-6.4-12.8-12.8-12.8h-22.4c-6.4 0-12.8 6.4-12.8 12.8v198.4c0 6.4 6.4 12.8 12.8 12.8zm96 0h22.4c6.4 0 12.8-6.4 12.8-12.8V204.8c0-6.4-6.4-12.8-12.8-12.8h-22.4c-6.4 0-12.8 6.4-12.8 12.8v134.4c0 6.4 6.4 12.8 12.8 12.8zM496 400H48V80c0-8.84-7.16-16-16-16H16C7.16 64 0 71.16 0 80v336c0 17.67 14.33 32 32 32h464c8.84 0 16-7.16 16-16v-16c0-8.84-7.16-16-16-16zm-387.2-48h22.4c6.4 0 12.8-6.4 12.8-12.8v-70.4c0-6.4-6.4-12.8-12.8-12.8h-22.4c-6.4 0-12.8 6.4-12.8 12.8v70.4c0 6.4 6.4 12.8 12.8 12.8z\" class=\"\"><\/path><\/svg><\/i> <img decoding=\"async\" width=\"16\" height=\"16\" alt=\"Loading\" src=\"https:\/\/aswu.edu.eg\/fr\/wp-content\/plugins\/page-views-count\/ajax-loader-2x.gif\" border=0 \/><\/p>\n<div class=\"pvc_clear\"><\/div>\n","protected":false},"author":7,"featured_media":28996,"parent":0,"menu_order":0,"comment_status":"closed","ping_status":"closed","template":"","meta":{"footnotes":""},"rttpg_featured_image_url":{"full":["https:\/\/aswu.edu.eg\/fr\/wp-content\/uploads\/336.jpg",400,260,false],"landscape":["https:\/\/aswu.edu.eg\/fr\/wp-content\/uploads\/336.jpg",400,260,false],"portraits":["https:\/\/aswu.edu.eg\/fr\/wp-content\/uploads\/336.jpg",400,260,false],"thumbnail":["https:\/\/aswu.edu.eg\/fr\/wp-content\/uploads\/336-150x150.jpg",150,150,true],"medium":["https:\/\/aswu.edu.eg\/fr\/wp-content\/uploads\/336-300x195.jpg",300,195,true],"large":["https:\/\/aswu.edu.eg\/fr\/wp-content\/uploads\/336.jpg",400,260,false],"1536x1536":["https:\/\/aswu.edu.eg\/fr\/wp-content\/uploads\/336.jpg",400,260,false],"2048x2048":["https:\/\/aswu.edu.eg\/fr\/wp-content\/uploads\/336.jpg",400,260,false],"education-hub-thumb":["https:\/\/aswu.edu.eg\/fr\/wp-content\/uploads\/336-360x234.jpg",360,234,true]},"rttpg_author":{"display_name":"nourhan Monaam","author_link":"https:\/\/aswu.edu.eg\/fr\/author\/edr0asen\/"},"rttpg_comment":0,"rttpg_category":null,"rttpg_excerpt":"A a \u00e9t\u00e9 tenu d\u2019atelier pour les employ\u00e9s aux biblioth\u00e8ques de l\u2019universit\u00e9 d\u2019Assouan et continue pour 3 jours successivement d\u00e9bute du le mardi 13 novembre 2018. A \u00e9tait \u00e0 l\u2019auspice le prof. Dr. Ayman Osman- vice-pr\u00e9sident des affaires les \u00e9tudes Read More ...","_links":{"self":[{"href":"https:\/\/aswu.edu.eg\/fr\/wp-json\/wp\/v2\/pages\/28995"}],"collection":[{"href":"https:\/\/aswu.edu.eg\/fr\/wp-json\/wp\/v2\/pages"}],"about":[{"href":"https:\/\/aswu.edu.eg\/fr\/wp-json\/wp\/v2\/types\/page"}],"author":[{"embeddable":true,"href":"https:\/\/aswu.edu.eg\/fr\/wp-json\/wp\/v2\/users\/7"}],"replies":[{"embeddable":true,"href":"https:\/\/aswu.edu.eg\/fr\/wp-json\/wp\/v2\/comments?post=28995"}],"version-history":[{"count":1,"href":"https:\/\/aswu.edu.eg\/fr\/wp-json\/wp\/v2\/pages\/28995\/revisions"}],"predecessor-version":[{"id":28997,"href":"https:\/\/aswu.edu.eg\/fr\/wp-json\/wp\/v2\/pages\/28995\/revisions\/28997"}],"wp:featuredmedia":[{"embeddable":true,"href":"https:\/\/aswu.edu.eg\/fr\/wp-json\/wp\/v2\/media\/28996"}],"wp:attachment":[{"href":"https:\/\/aswu.edu.eg\/fr\/wp-json\/wp\/v2\/media?parent=28995"}],"curies":[{"name":"wp","href":"https:\/\/api.w.org\/{rel}","templated":true}]}}