{"id":29024,"date":"2023-01-29T10:49:29","date_gmt":"2023-01-29T10:49:29","guid":{"rendered":"http:\/\/193.227.33.90\/aswu\/fr\/?page_id=29024"},"modified":"2023-01-29T10:49:54","modified_gmt":"2023-01-29T10:49:54","slug":"https-aswu-edu-eg-en-wrm","status":"publish","type":"page","link":"https:\/\/aswu.edu.eg\/fr\/https-aswu-edu-eg-en-wrm\/","title":{"rendered":"Une invitation pour atelier sur l\u2019administration des ressources des eaux au Moyen-Orient et le nord d\u2019Afrique \u00a0"},"content":{"rendered":"<p style=\"text-align: justify\">\u00a0<span style=\"color: #333333\">A l\u2019auspice le prof. Dr. Khaled Abd El-Ghaffar \u2013 ministre de l\u2019enseignement sup\u00e9rieure et la recherche scientifique-, le M. g\u00e9n\u00e9ral- Ahmed Ibrahim- gouverneur d\u2019Assouan-, le prof. Dr. Ahmed Ghalab Mohamed \u2013 pr\u00e9sident de l\u2019universit\u00e9 d\u2019Assouan-, le prof. Dr. Ahmed Sayed Khalil- vice-pr\u00e9sident des affaires le service de communaut\u00e9 et d\u00e9veloppement l\u2019environnement,\u00a0le prof. Dr. Adel Zain El-Deen \u2013doyen de facult\u00e9 d\u2019ing\u00e9nierie-.<\/span><\/p>\n<p style=\"text-align: justify\"><span style=\"color: #333333\">\u00a0A \u00e9t\u00e9 cr\u00e9er un atelier sur l\u2019administration des ressources des eaux au Moyen-Orient et le nord d\u2019Afrique de discuter les moyens de secours des dangers de manque des eaux \u00e0 la r\u00e9gion et r\u00e9pondre l\u2019invitation de la Banque Internationale des institutions, les experts et les scientifiques a la r\u00e9gion de la coop\u00e9ration de connaitre ces dangers. \u00a0<\/span><\/p>\n<p style=\"text-align: justify\"><span style=\"color: #333333;font-size: 14pt\">Pour les enqu\u00eates\u00a0:<\/span><\/p>\n<p style=\"text-align: justify\"><span style=\"color: #333333\">Facult\u00e9 d\u2019ing\u00e9nierie \u2013universit\u00e9 d\u2019Assouan-.<\/span><\/p>\n<p style=\"text-align: justify\"><span style=\"color: #333333;font-size: 14pt\">Mob. 01002771353.<\/span><\/p>\n<p style=\"text-align: justify\"><span style=\"color: #333333\">Email: <span style=\"font-size: 14pt\"><a style=\"color: #333333\" href=\"mailto:mcws@aswu.edu.eg\">mcws@aswu.edu.eg<\/a><\/span><\/span><\/p>\n<p style=\"text-align: justify\"><span style=\"color: #333333\">Pour plus de d\u00e9tails <span style=\"text-decoration: underline\"><span style=\"color: #0000ff\"><a style=\"color: #0000ff;text-decoration: underline\" href=\"https:\/\/aswu.edu.eg\/wp-content\/uploads\/2018\/12\/%D9%88%D8%B1%D8%B4%D8%A9-%D8%B9%D9%85%D9%84.pdf\">cliquez ici \u00a0\u00a0<\/a><\/span><\/span><\/span><\/p>\n<div class=\"pvc_clear\"><\/div>\n<p id=\"pvc_stats_29024\" class=\"pvc_stats all  \" data-element-id=\"29024\" style=\"\"><i class=\"pvc-stats-icon medium\" aria-hidden=\"true\"><svg aria-hidden=\"true\" focusable=\"false\" data-prefix=\"far\" data-icon=\"chart-bar\" role=\"img\" xmlns=\"http:\/\/www.w3.org\/2000\/svg\" viewBox=\"0 0 512 512\" class=\"svg-inline--fa fa-chart-bar fa-w-16 fa-2x\"><path fill=\"currentColor\" d=\"M396.8 352h22.4c6.4 0 12.8-6.4 12.8-12.8V108.8c0-6.4-6.4-12.8-12.8-12.8h-22.4c-6.4 0-12.8 6.4-12.8 12.8v230.4c0 6.4 6.4 12.8 12.8 12.8zm-192 0h22.4c6.4 0 12.8-6.4 12.8-12.8V140.8c0-6.4-6.4-12.8-12.8-12.8h-22.4c-6.4 0-12.8 6.4-12.8 12.8v198.4c0 6.4 6.4 12.8 12.8 12.8zm96 0h22.4c6.4 0 12.8-6.4 12.8-12.8V204.8c0-6.4-6.4-12.8-12.8-12.8h-22.4c-6.4 0-12.8 6.4-12.8 12.8v134.4c0 6.4 6.4 12.8 12.8 12.8zM496 400H48V80c0-8.84-7.16-16-16-16H16C7.16 64 0 71.16 0 80v336c0 17.67 14.33 32 32 32h464c8.84 0 16-7.16 16-16v-16c0-8.84-7.16-16-16-16zm-387.2-48h22.4c6.4 0 12.8-6.4 12.8-12.8v-70.4c0-6.4-6.4-12.8-12.8-12.8h-22.4c-6.4 0-12.8 6.4-12.8 12.8v70.4c0 6.4 6.4 12.8 12.8 12.8z\" class=\"\"><\/path><\/svg><\/i> <img decoding=\"async\" width=\"16\" height=\"16\" alt=\"Loading\" src=\"https:\/\/aswu.edu.eg\/fr\/wp-content\/plugins\/page-views-count\/ajax-loader-2x.gif\" border=0 \/><\/p>\n<div class=\"pvc_clear\"><\/div>\n","protected":false},"excerpt":{"rendered":"<p>\u00a0A l\u2019auspice le prof. Dr. Khaled Abd El-Ghaffar \u2013 ministre de l\u2019enseignement sup\u00e9rieure et la recherche scientifique-, le M. g\u00e9n\u00e9ral- Ahmed Ibrahim- gouverneur d\u2019Assouan-, le prof. Dr. Ahmed Ghalab Mohamed \u2013 pr\u00e9sident de l\u2019universit\u00e9 d\u2019Assouan-, le prof. Dr. Ahmed Sayed <a href=\"https:\/\/aswu.edu.eg\/fr\/https-aswu-edu-eg-en-wrm\/\" class=\"read-more\">Read More &#8230;<\/a><\/p>\n<div class=\"pvc_clear\"><\/div>\n<p id=\"pvc_stats_29024\" class=\"pvc_stats all  \" data-element-id=\"29024\" style=\"\"><i class=\"pvc-stats-icon medium\" aria-hidden=\"true\"><svg aria-hidden=\"true\" focusable=\"false\" data-prefix=\"far\" data-icon=\"chart-bar\" role=\"img\" xmlns=\"http:\/\/www.w3.org\/2000\/svg\" viewBox=\"0 0 512 512\" class=\"svg-inline--fa fa-chart-bar fa-w-16 fa-2x\"><path fill=\"currentColor\" d=\"M396.8 352h22.4c6.4 0 12.8-6.4 12.8-12.8V108.8c0-6.4-6.4-12.8-12.8-12.8h-22.4c-6.4 0-12.8 6.4-12.8 12.8v230.4c0 6.4 6.4 12.8 12.8 12.8zm-192 0h22.4c6.4 0 12.8-6.4 12.8-12.8V140.8c0-6.4-6.4-12.8-12.8-12.8h-22.4c-6.4 0-12.8 6.4-12.8 12.8v198.4c0 6.4 6.4 12.8 12.8 12.8zm96 0h22.4c6.4 0 12.8-6.4 12.8-12.8V204.8c0-6.4-6.4-12.8-12.8-12.8h-22.4c-6.4 0-12.8 6.4-12.8 12.8v134.4c0 6.4 6.4 12.8 12.8 12.8zM496 400H48V80c0-8.84-7.16-16-16-16H16C7.16 64 0 71.16 0 80v336c0 17.67 14.33 32 32 32h464c8.84 0 16-7.16 16-16v-16c0-8.84-7.16-16-16-16zm-387.2-48h22.4c6.4 0 12.8-6.4 12.8-12.8v-70.4c0-6.4-6.4-12.8-12.8-12.8h-22.4c-6.4 0-12.8 6.4-12.8 12.8v70.4c0 6.4 6.4 12.8 12.8 12.8z\" class=\"\"><\/path><\/svg><\/i> <img decoding=\"async\" width=\"16\" height=\"16\" alt=\"Loading\" src=\"https:\/\/aswu.edu.eg\/fr\/wp-content\/plugins\/page-views-count\/ajax-loader-2x.gif\" border=0 \/><\/p>\n<div class=\"pvc_clear\"><\/div>\n","protected":false},"author":7,"featured_media":29025,"parent":0,"menu_order":0,"comment_status":"closed","ping_status":"closed","template":"","meta":{"footnotes":""},"rttpg_featured_image_url":{"full":["https:\/\/aswu.edu.eg\/fr\/wp-content\/uploads\/pochoir-atelier.jpg",452,452,false],"landscape":["https:\/\/aswu.edu.eg\/fr\/wp-content\/uploads\/pochoir-atelier.jpg",452,452,false],"portraits":["https:\/\/aswu.edu.eg\/fr\/wp-content\/uploads\/pochoir-atelier.jpg",452,452,false],"thumbnail":["https:\/\/aswu.edu.eg\/fr\/wp-content\/uploads\/pochoir-atelier-150x150.jpg",150,150,true],"medium":["https:\/\/aswu.edu.eg\/fr\/wp-content\/uploads\/pochoir-atelier-300x300.jpg",300,300,true],"large":["https:\/\/aswu.edu.eg\/fr\/wp-content\/uploads\/pochoir-atelier.jpg",452,452,false],"1536x1536":["https:\/\/aswu.edu.eg\/fr\/wp-content\/uploads\/pochoir-atelier.jpg",452,452,false],"2048x2048":["https:\/\/aswu.edu.eg\/fr\/wp-content\/uploads\/pochoir-atelier.jpg",452,452,false],"education-hub-thumb":["https:\/\/aswu.edu.eg\/fr\/wp-content\/uploads\/pochoir-atelier-270x270.jpg",270,270,true]},"rttpg_author":{"display_name":"nourhan Monaam","author_link":"https:\/\/aswu.edu.eg\/fr\/author\/edr0asen\/"},"rttpg_comment":0,"rttpg_category":null,"rttpg_excerpt":"\u00a0A l\u2019auspice le prof. Dr. Khaled Abd El-Ghaffar \u2013 ministre de l\u2019enseignement sup\u00e9rieure et la recherche scientifique-, le M. g\u00e9n\u00e9ral- Ahmed Ibrahim- gouverneur d\u2019Assouan-, le prof. Dr. Ahmed Ghalab Mohamed \u2013 pr\u00e9sident de l\u2019universit\u00e9 d\u2019Assouan-, le prof. Dr. Ahmed Sayed Read More ...","_links":{"self":[{"href":"https:\/\/aswu.edu.eg\/fr\/wp-json\/wp\/v2\/pages\/29024"}],"collection":[{"href":"https:\/\/aswu.edu.eg\/fr\/wp-json\/wp\/v2\/pages"}],"about":[{"href":"https:\/\/aswu.edu.eg\/fr\/wp-json\/wp\/v2\/types\/page"}],"author":[{"embeddable":true,"href":"https:\/\/aswu.edu.eg\/fr\/wp-json\/wp\/v2\/users\/7"}],"replies":[{"embeddable":true,"href":"https:\/\/aswu.edu.eg\/fr\/wp-json\/wp\/v2\/comments?post=29024"}],"version-history":[{"count":1,"href":"https:\/\/aswu.edu.eg\/fr\/wp-json\/wp\/v2\/pages\/29024\/revisions"}],"predecessor-version":[{"id":29026,"href":"https:\/\/aswu.edu.eg\/fr\/wp-json\/wp\/v2\/pages\/29024\/revisions\/29026"}],"wp:featuredmedia":[{"embeddable":true,"href":"https:\/\/aswu.edu.eg\/fr\/wp-json\/wp\/v2\/media\/29025"}],"wp:attachment":[{"href":"https:\/\/aswu.edu.eg\/fr\/wp-json\/wp\/v2\/media?parent=29024"}],"curies":[{"name":"wp","href":"https:\/\/api.w.org\/{rel}","templated":true}]}}