{"id":30559,"date":"2024-12-02T09:12:43","date_gmt":"2024-12-02T09:12:43","guid":{"rendered":"https:\/\/aswu.edu.eg\/fr\/?page_id=30559"},"modified":"2024-12-02T09:38:49","modified_gmt":"2024-12-02T09:38:49","slug":"departments-president-university","status":"publish","type":"page","link":"https:\/\/aswu.edu.eg\/fr\/departments-president-university\/","title":{"rendered":"Administrations du Pr\u00e9sident de l\u2019Universit\u00e9"},"content":{"rendered":"\t\t<div data-elementor-type=\"wp-page\" data-elementor-id=\"30559\" class=\"elementor elementor-30559\">\n\t\t\t\t\t\t<section class=\"elementor-section elementor-top-section elementor-element elementor-element-84f5f4e elementor-section-boxed elementor-section-height-default elementor-section-height-default\" data-id=\"84f5f4e\" data-element_type=\"section\">\n\t\t\t\t\t\t<div class=\"elementor-container elementor-column-gap-default\">\n\t\t\t\t\t<div class=\"elementor-column elementor-col-50 elementor-top-column elementor-element elementor-element-59c4982\" data-id=\"59c4982\" data-element_type=\"column\">\n\t\t\t<div class=\"elementor-widget-wrap elementor-element-populated\">\n\t\t\t\t\t\t<div class=\"elementor-element elementor-element-0547a37 elementor-widget elementor-widget-wp-widget-iksm-widget\" data-id=\"0547a37\" data-element_type=\"widget\" data-widget_type=\"wp-widget-iksm-widget.default\">\n\t\t\t\t<div class=\"elementor-widget-container\">\n\t\t\t<script id=\"styles-copier-69e260d65adcd\">\n\t\t\t\/\/ Finding styles element\n\t        var element = document.getElementById(\"iksm-dynamic-style\");\n\t        if (!element) { \/\/ If no element (Cache plugins can remove tag), then creating a new one\n                element = document.createElement('style');\n                var head = document.getElementsByTagName(\"head\")\n                if (head && head[0]) {\n                \thead[0].appendChild(element);\n                } else {\n                  \tconsole.warn(\"Iks Menu | Error while printing styles. Please contact technical support.\");\n                }\n\t        }\n\t\t\t\/\/ Copying styles to <styles> tag\n\t        element.innerHTML += \".iksm-30570 .iksm-terms{background-color:rgba(243,243,243,1);width:210px;transition:all 400ms;animation:iks-fade-in 1000ms;}.iksm-30570 .iksm-terms-tree--level-1 > * > .iksm-term:not(:last-child){margin-bottom:0;}.iksm-30570 .iksm-term__inner{background-color:rgba(231,231,231,1);margin-top:3px;min-height:44px;transition:all 400ms;}.iksm-30570 .iksm-term__inner:hover{background-color:rgba(220,220,220,1);}.iksm-30570 .iksm-term--current > .iksm-term__inner{background-color:rgba(202,229,239,1);}.iksm-30570 .iksm-term__link{color:rgba(0,0,0,1);font-size:15px;line-height:15px;font-weight:400;text-align:left;text-decoration:none;padding-top:5px;padding-right:10px;padding-bottom:5px;padding-left:15px;transition:all 400ms;}.iksm-30570 .iksm-term__inner:hover .iksm-term__link{color:rgba(50,50,50,1);}.iksm-30570 .iksm-term__toggle__inner{transition:transform 400ms}.iksm-30570 .iksm-term--expanded > .iksm-term__inner > .iksm-term__toggle > .iksm-term__toggle__inner{transform:rotate(180deg);}.iksm-30570 .iksm-term__toggle{color:rgba(133,133,133,1);font-size:16px;align-self:unset;;height:25px;width:25px;margin-right:7px;transition:all 400ms;}.iksm-30570 .iksm-term__toggle:hover{color:rgba(0,0,0,1);}.iksm-30570 .iksm-term__image-container{width:30px;min-width:30px;height:30px;min-height:30px;margin-right:15px;transition:all 400ms;}.iksm-30570 .iksm-term__image{background-size:contain;background-position:center;background-repeat:no-repeat;}.iksm-30570 .iksm-term__image-container:hover{background-size:contain;background-position:center;background-repeat:no-repeat;}.iksm-30570 .iksm-term__inner:hover .iksm-term__image-container{background-size:contain;background-position:center;background-repeat:no-repeat;}.iksm-30570 .iksm-term__inner:focus .iksm-term__image-container{background-size:contain;background-position:center;background-repeat:no-repeat;}.iksm-30570 .iksm-term--current > .iksm-term__inner .iksm-term__image-container{background-size:contain;background-position:center;background-repeat:no-repeat;}.iksm-30570 .iksm-term--child .iksm-term__inner .iksm-term__image-container{background-size:contain;background-position:center;background-repeat:no-repeat;}.iksm-30570 .iksm-term--child .iksm-term__inner .iksm-term__image-container:hover{background-size:contain;background-position:center;background-repeat:no-repeat;}.iksm-30570 .iksm-term--child .iksm-term__inner .iksm-term__image-container:focus{background-size:contain;background-position:center;background-repeat:no-repeat;}.iksm-30570 .iksm-term--child.iksm-term--current > .iksm-term__inner .iksm-term__image-container{background-size:contain;background-position:center;background-repeat:no-repeat;}.iksm-30570  .iksm-term__text{flex: unset}.iksm-30570 .iksm-term__posts-count{color:rgba(133,133,133,1);font-size:16px;margin-left:12px;font-weight:400;transition:all 400ms;}\";\n\t        \/\/ Removing this script\n            var this_script = document.getElementById(\"styles-copier-69e260d65adcd\");\n            if (this_script) { \/\/ Cache plugins can remove tag\n\t            this_script.outerHTML = \"\";\n\t            if (this_script.parentNode) {\n\t                this_script.parentNode.removeChild(this_script);\n\t            }\n            }\n        <\/script><div id='iksm-30570' class='iksm iksm-30570 iksm-container '  data-id='30570' data-is-pro='0' data-source='menu'><div class='iksm-terms'><div class='iksm-terms-tree iksm-terms-tree--level-1 iksm-terms-tree--parents' style=''><div class=\"iksm-terms-tree__inner\">\n        <div class=\"iksm-term iksm-term--id-30569 iksm-term--parent\" data-id=\"30569\">\n            <div class=\"iksm-term__inner\" tabindex='0'>\n                <a class=\"iksm-term__link\" href='https:\/\/aswu.edu.eg\/fr\/quality-management\/' target='_self' tabindex='-1'>\n\t\t\t\t        <span class=\"iksm-term__text\">Administration d\u2019assurance la qualit\u00e9<\/span>\n\t\t            <\/a>\n\t\t\t        <\/div>\n\t\t        <\/div>\n\n\t\t\n        <div class=\"iksm-term iksm-term--id-30568 iksm-term--parent\" data-id=\"30568\">\n            <div class=\"iksm-term__inner\" tabindex='0'>\n                <a class=\"iksm-term__link\" href='https:\/\/aswu.edu.eg\/fr\/media-and-public-relations-department\/' target='_self' tabindex='-1'>\n\t\t\t\t        <span class=\"iksm-term__text\">Administration des relations publiques et m\u00e9dias<\/span>\n\t\t            <\/a>\n\t\t\t        <\/div>\n\t\t        <\/div>\n\n\t\t<\/div><\/div><\/div><div id=\"iksm_data_args\" class=\"data-args\"  data-collapse_children_terms='1' data-collapse_other_terms='1' data-collapse_animation_duration='400' data-expand_animation_duration='400'><\/div><\/div>\t\t<\/div>\n\t\t\t\t<\/div>\n\t\t\t\t\t<\/div>\n\t\t<\/div>\n\t\t\t\t<div class=\"elementor-column elementor-col-50 elementor-top-column elementor-element elementor-element-1af169e\" data-id=\"1af169e\" data-element_type=\"column\">\n\t\t\t<div class=\"elementor-widget-wrap elementor-element-populated\">\n\t\t\t\t\t\t<div class=\"elementor-element elementor-element-3cb132a elementor-widget__width-initial elementor-widget elementor-widget-text-editor\" data-id=\"3cb132a\" data-element_type=\"widget\" data-widget_type=\"text-editor.default\">\n\t\t\t\t<div class=\"elementor-widget-container\">\n\t\t\t\t\t\t\t<p style=\"text-align: justify\"><span style=\"font-size: 17px;color: #333333\">Je suis heureux de vous accueillir \u00e0 l\u2019universit\u00e9 d\u2019Assouan, cette fondation ancienne qui pose avant ses yeux depuis le premier jour de sa cr\u00e9ation, construit la personnalit\u00e9 d\u2019\u00e9tudiant distinctif et lui augmente avec les connaissances et les comp\u00e9tences, et supporte leurs exp\u00e9riences et lance leurs capacit\u00e9s et \u00e9nergies, et fortifie l\u2019esprit de recherche, de leadership, et cr\u00e9ation chez lui, se conformer aux r\u00e8gles de la cr\u00e9ation pr\u00e9cieuse et des valeurs nationales originale, \u00eatre un \u00e9l\u00e9ment actif et influent de la soci\u00e9t\u00e9.<\/span><\/p><p style=\"text-align: justify\"><span style=\"font-size: 17px;color: #333333\">Comme l\u2019universit\u00e9\u00a0 d\u2019Assouan cherche \u00e0 une position \u00e9lev\u00e9e localement, r\u00e9gionalement, et internationalement.<\/span><\/p><p style=\"text-align: justify\"><span style=\"font-size: 17px;color: #333333\">Et elle veille \u00e0 r\u00e9aliser les r\u00e9sultats \u00e9ducatifs conformes aux besoins du march\u00e9 du travail qui exige un degr\u00e9 \u00e9lev\u00e9 d\u2019excellence, comp\u00e9tition, et la cr\u00e9ation, et cela au cadre la cherche \u00e0 r\u00e9aliser la qualit\u00e9 dans le syst\u00e8me d&#8217;\u00e9ducation\u00a0 et d&#8217;apprentissage et la recherche scientifique et service la communaut\u00e9.<\/span><\/p><p style=\"text-align: justify\"><span style=\"font-size: 17px;color: #333333\">Et je remercie tous les affili\u00e9s \u00e0 l\u2019universit\u00e9 d\u2019Assouan \u00a0leur souhaitant toujours progr\u00e8s et avancement de l&#8217;\u00e9l\u00e9vation de la patrie.<\/span><\/p>\t\t\t\t\t\t<\/div>\n\t\t\t\t<\/div>\n\t\t\t\t\t<\/div>\n\t\t<\/div>\n\t\t\t\t\t<\/div>\n\t\t<\/section>\n\t\t\t\t<\/div>\n\t\t","protected":false},"excerpt":{"rendered":"<p>Je suis heureux de vous accueillir \u00e0 l\u2019universit\u00e9 d\u2019Assouan, cette fondation ancienne qui pose avant ses yeux depuis le premier jour de sa cr\u00e9ation, construit la personnalit\u00e9 d\u2019\u00e9tudiant distinctif et lui augmente avec les connaissances et les comp\u00e9tences, et supporte <a href=\"https:\/\/aswu.edu.eg\/fr\/departments-president-university\/\" class=\"read-more\">Read More &#8230;<\/a><\/p>\n<div class=\"pvc_clear\"><\/div>\n<p id=\"pvc_stats_30559\" class=\"pvc_stats all  \" data-element-id=\"30559\" style=\"\"><i class=\"pvc-stats-icon medium\" aria-hidden=\"true\"><svg aria-hidden=\"true\" focusable=\"false\" data-prefix=\"far\" data-icon=\"chart-bar\" role=\"img\" xmlns=\"http:\/\/www.w3.org\/2000\/svg\" viewBox=\"0 0 512 512\" class=\"svg-inline--fa fa-chart-bar fa-w-16 fa-2x\"><path fill=\"currentColor\" d=\"M396.8 352h22.4c6.4 0 12.8-6.4 12.8-12.8V108.8c0-6.4-6.4-12.8-12.8-12.8h-22.4c-6.4 0-12.8 6.4-12.8 12.8v230.4c0 6.4 6.4 12.8 12.8 12.8zm-192 0h22.4c6.4 0 12.8-6.4 12.8-12.8V140.8c0-6.4-6.4-12.8-12.8-12.8h-22.4c-6.4 0-12.8 6.4-12.8 12.8v198.4c0 6.4 6.4 12.8 12.8 12.8zm96 0h22.4c6.4 0 12.8-6.4 12.8-12.8V204.8c0-6.4-6.4-12.8-12.8-12.8h-22.4c-6.4 0-12.8 6.4-12.8 12.8v134.4c0 6.4 6.4 12.8 12.8 12.8zM496 400H48V80c0-8.84-7.16-16-16-16H16C7.16 64 0 71.16 0 80v336c0 17.67 14.33 32 32 32h464c8.84 0 16-7.16 16-16v-16c0-8.84-7.16-16-16-16zm-387.2-48h22.4c6.4 0 12.8-6.4 12.8-12.8v-70.4c0-6.4-6.4-12.8-12.8-12.8h-22.4c-6.4 0-12.8 6.4-12.8 12.8v70.4c0 6.4 6.4 12.8 12.8 12.8z\" class=\"\"><\/path><\/svg><\/i> <img decoding=\"async\" width=\"16\" height=\"16\" alt=\"Loading\" src=\"https:\/\/aswu.edu.eg\/fr\/wp-content\/plugins\/page-views-count\/ajax-loader-2x.gif\" border=0 \/><\/p>\n<div class=\"pvc_clear\"><\/div>\n","protected":false},"author":7,"featured_media":0,"parent":0,"menu_order":0,"comment_status":"closed","ping_status":"closed","template":"","meta":{"footnotes":""},"rttpg_featured_image_url":null,"rttpg_author":{"display_name":"nourhan Monaam","author_link":"https:\/\/aswu.edu.eg\/fr\/author\/edr0asen\/"},"rttpg_comment":0,"rttpg_category":null,"rttpg_excerpt":"Je suis heureux de vous accueillir \u00e0 l\u2019universit\u00e9 d\u2019Assouan, cette fondation ancienne qui pose avant ses yeux depuis le premier jour de sa cr\u00e9ation, construit la personnalit\u00e9 d\u2019\u00e9tudiant distinctif et lui augmente avec les connaissances et les comp\u00e9tences, et supporte Read More ...","_links":{"self":[{"href":"https:\/\/aswu.edu.eg\/fr\/wp-json\/wp\/v2\/pages\/30559"}],"collection":[{"href":"https:\/\/aswu.edu.eg\/fr\/wp-json\/wp\/v2\/pages"}],"about":[{"href":"https:\/\/aswu.edu.eg\/fr\/wp-json\/wp\/v2\/types\/page"}],"author":[{"embeddable":true,"href":"https:\/\/aswu.edu.eg\/fr\/wp-json\/wp\/v2\/users\/7"}],"replies":[{"embeddable":true,"href":"https:\/\/aswu.edu.eg\/fr\/wp-json\/wp\/v2\/comments?post=30559"}],"version-history":[{"count":13,"href":"https:\/\/aswu.edu.eg\/fr\/wp-json\/wp\/v2\/pages\/30559\/revisions"}],"predecessor-version":[{"id":30580,"href":"https:\/\/aswu.edu.eg\/fr\/wp-json\/wp\/v2\/pages\/30559\/revisions\/30580"}],"wp:attachment":[{"href":"https:\/\/aswu.edu.eg\/fr\/wp-json\/wp\/v2\/media?parent=30559"}],"curies":[{"name":"wp","href":"https:\/\/api.w.org\/{rel}","templated":true}]}}