{"id":30566,"date":"2024-12-02T09:27:12","date_gmt":"2024-12-02T09:27:12","guid":{"rendered":"https:\/\/aswu.edu.eg\/fr\/?page_id=30566"},"modified":"2024-12-02T11:13:34","modified_gmt":"2024-12-02T11:13:34","slug":"media-and-public-relations-department","status":"publish","type":"page","link":"https:\/\/aswu.edu.eg\/fr\/media-and-public-relations-department\/","title":{"rendered":"Administration des relations publiques et m\u00e9dias"},"content":{"rendered":"\t\t<div data-elementor-type=\"wp-page\" data-elementor-id=\"30566\" class=\"elementor elementor-30566\">\n\t\t\t\t\t\t<section class=\"elementor-section elementor-top-section elementor-element elementor-element-1859018 elementor-section-boxed elementor-section-height-default elementor-section-height-default\" data-id=\"1859018\" data-element_type=\"section\">\n\t\t\t\t\t\t<div class=\"elementor-container elementor-column-gap-default\">\n\t\t\t\t\t<div class=\"elementor-column elementor-col-50 elementor-top-column elementor-element elementor-element-1bea88a\" data-id=\"1bea88a\" data-element_type=\"column\">\n\t\t\t<div class=\"elementor-widget-wrap elementor-element-populated\">\n\t\t\t\t\t\t<div class=\"elementor-element elementor-element-8e0bbf1 elementor-widget elementor-widget-wp-widget-iksm-widget\" data-id=\"8e0bbf1\" data-element_type=\"widget\" data-widget_type=\"wp-widget-iksm-widget.default\">\n\t\t\t\t<div class=\"elementor-widget-container\">\n\t\t\t<script id=\"styles-copier-69e272c3c9ea7\">\n\t\t\t\/\/ Finding styles element\n\t        var element = document.getElementById(\"iksm-dynamic-style\");\n\t        if (!element) { \/\/ If no element (Cache plugins can remove tag), then creating a new one\n                element = document.createElement('style');\n                var head = document.getElementsByTagName(\"head\")\n                if (head && head[0]) {\n                \thead[0].appendChild(element);\n                } else {\n                  \tconsole.warn(\"Iks Menu | Error while printing styles. Please contact technical support.\");\n                }\n\t        }\n\t\t\t\/\/ Copying styles to <styles> tag\n\t        element.innerHTML += \".iksm-30570 .iksm-terms{background-color:rgba(243,243,243,1);width:210px;transition:all 400ms;animation:iks-fade-in 1000ms;}.iksm-30570 .iksm-terms-tree--level-1 > * > .iksm-term:not(:last-child){margin-bottom:0;}.iksm-30570 .iksm-term__inner{background-color:rgba(231,231,231,1);margin-top:3px;min-height:44px;transition:all 400ms;}.iksm-30570 .iksm-term__inner:hover{background-color:rgba(220,220,220,1);}.iksm-30570 .iksm-term--current > .iksm-term__inner{background-color:rgba(202,229,239,1);}.iksm-30570 .iksm-term__link{color:rgba(0,0,0,1);font-size:15px;line-height:15px;font-weight:400;text-align:left;text-decoration:none;padding-top:5px;padding-right:10px;padding-bottom:5px;padding-left:15px;transition:all 400ms;}.iksm-30570 .iksm-term__inner:hover .iksm-term__link{color:rgba(50,50,50,1);}.iksm-30570 .iksm-term__toggle__inner{transition:transform 400ms}.iksm-30570 .iksm-term--expanded > .iksm-term__inner > .iksm-term__toggle > .iksm-term__toggle__inner{transform:rotate(180deg);}.iksm-30570 .iksm-term__toggle{color:rgba(133,133,133,1);font-size:16px;align-self:unset;;height:25px;width:25px;margin-right:7px;transition:all 400ms;}.iksm-30570 .iksm-term__toggle:hover{color:rgba(0,0,0,1);}.iksm-30570 .iksm-term__image-container{width:30px;min-width:30px;height:30px;min-height:30px;margin-right:15px;transition:all 400ms;}.iksm-30570 .iksm-term__image{background-size:contain;background-position:center;background-repeat:no-repeat;}.iksm-30570 .iksm-term__image-container:hover{background-size:contain;background-position:center;background-repeat:no-repeat;}.iksm-30570 .iksm-term__inner:hover .iksm-term__image-container{background-size:contain;background-position:center;background-repeat:no-repeat;}.iksm-30570 .iksm-term__inner:focus .iksm-term__image-container{background-size:contain;background-position:center;background-repeat:no-repeat;}.iksm-30570 .iksm-term--current > .iksm-term__inner .iksm-term__image-container{background-size:contain;background-position:center;background-repeat:no-repeat;}.iksm-30570 .iksm-term--child .iksm-term__inner .iksm-term__image-container{background-size:contain;background-position:center;background-repeat:no-repeat;}.iksm-30570 .iksm-term--child .iksm-term__inner .iksm-term__image-container:hover{background-size:contain;background-position:center;background-repeat:no-repeat;}.iksm-30570 .iksm-term--child .iksm-term__inner .iksm-term__image-container:focus{background-size:contain;background-position:center;background-repeat:no-repeat;}.iksm-30570 .iksm-term--child.iksm-term--current > .iksm-term__inner .iksm-term__image-container{background-size:contain;background-position:center;background-repeat:no-repeat;}.iksm-30570  .iksm-term__text{flex: unset}.iksm-30570 .iksm-term__posts-count{color:rgba(133,133,133,1);font-size:16px;margin-left:12px;font-weight:400;transition:all 400ms;}\";\n\t        \/\/ Removing this script\n            var this_script = document.getElementById(\"styles-copier-69e272c3c9ea7\");\n            if (this_script) { \/\/ Cache plugins can remove tag\n\t            this_script.outerHTML = \"\";\n\t            if (this_script.parentNode) {\n\t                this_script.parentNode.removeChild(this_script);\n\t            }\n            }\n        <\/script><div id='iksm-30570' class='iksm iksm-30570 iksm-container '  data-id='30570' data-is-pro='0' data-source='menu'><div class='iksm-terms'><div class='iksm-terms-tree iksm-terms-tree--level-1 iksm-terms-tree--parents' style=''><div class=\"iksm-terms-tree__inner\">\n        <div class=\"iksm-term iksm-term--id-30569 iksm-term--parent\" data-id=\"30569\">\n            <div class=\"iksm-term__inner\" tabindex='0'>\n                <a class=\"iksm-term__link\" href='https:\/\/aswu.edu.eg\/fr\/quality-management\/' target='_self' tabindex='-1'>\n\t\t\t\t        <span class=\"iksm-term__text\">Administration d\u2019assurance la qualit\u00e9<\/span>\n\t\t            <\/a>\n\t\t\t        <\/div>\n\t\t        <\/div>\n\n\t\t\n        <div class=\"iksm-term iksm-term--id-30568 iksm-term--parent\" data-id=\"30568\">\n            <div class=\"iksm-term__inner\" tabindex='0'>\n                <a class=\"iksm-term__link\" href='https:\/\/aswu.edu.eg\/fr\/media-and-public-relations-department\/' target='_self' tabindex='-1'>\n\t\t\t\t        <span class=\"iksm-term__text\">Administration des relations publiques et m\u00e9dias<\/span>\n\t\t            <\/a>\n\t\t\t        <\/div>\n\t\t        <\/div>\n\n\t\t<\/div><\/div><\/div><div id=\"iksm_data_args\" class=\"data-args\"  data-collapse_children_terms='1' data-collapse_other_terms='1' data-collapse_animation_duration='400' data-expand_animation_duration='400'><\/div><\/div>\t\t<\/div>\n\t\t\t\t<\/div>\n\t\t\t\t\t<\/div>\n\t\t<\/div>\n\t\t\t\t<div class=\"elementor-column elementor-col-50 elementor-top-column elementor-element elementor-element-ab85dc7\" data-id=\"ab85dc7\" data-element_type=\"column\">\n\t\t\t<div class=\"elementor-widget-wrap elementor-element-populated\">\n\t\t\t\t\t\t<div class=\"elementor-element elementor-element-1350fe6 elementor-tabs-view-horizontal elementor-widget elementor-widget-tabs\" data-id=\"1350fe6\" data-element_type=\"widget\" data-widget_type=\"tabs.default\">\n\t\t\t\t<div class=\"elementor-widget-container\">\n\t\t\t\t\t<div class=\"elementor-tabs\">\n\t\t\t<div class=\"elementor-tabs-wrapper\" role=\"tablist\" >\n\t\t\t\t\t\t\t\t\t<div id=\"elementor-tab-title-2021\" class=\"elementor-tab-title elementor-tab-desktop-title\" aria-selected=\"true\" data-tab=\"1\" role=\"tab\" tabindex=\"0\" aria-controls=\"elementor-tab-content-2021\" aria-expanded=\"false\">Vision<\/div>\n\t\t\t\t\t\t\t\t\t<div id=\"elementor-tab-title-2022\" class=\"elementor-tab-title elementor-tab-desktop-title\" aria-selected=\"false\" data-tab=\"2\" role=\"tab\" tabindex=\"-1\" aria-controls=\"elementor-tab-content-2022\" aria-expanded=\"false\">Message<\/div>\n\t\t\t\t\t\t\t\t\t<div id=\"elementor-tab-title-2023\" class=\"elementor-tab-title elementor-tab-desktop-title\" aria-selected=\"false\" data-tab=\"3\" role=\"tab\" tabindex=\"-1\" aria-controls=\"elementor-tab-content-2023\" aria-expanded=\"false\">Les objectifes<\/div>\n\t\t\t\t\t\t\t\t\t<div id=\"elementor-tab-title-2024\" class=\"elementor-tab-title elementor-tab-desktop-title\" aria-selected=\"false\" data-tab=\"4\" role=\"tab\" tabindex=\"-1\" aria-controls=\"elementor-tab-content-2024\" aria-expanded=\"false\">Les services<\/div>\n\t\t\t\t\t\t\t<\/div>\n\t\t\t<div class=\"elementor-tabs-content-wrapper\" role=\"tablist\" aria-orientation=\"vertical\">\n\t\t\t\t\t\t\t\t\t<div class=\"elementor-tab-title elementor-tab-mobile-title\" aria-selected=\"true\" data-tab=\"1\" role=\"tab\" tabindex=\"0\" aria-controls=\"elementor-tab-content-2021\" aria-expanded=\"false\">Vision<\/div>\n\t\t\t\t\t<div id=\"elementor-tab-content-2021\" class=\"elementor-tab-content elementor-clearfix\" data-tab=\"1\" role=\"tabpanel\" aria-labelledby=\"elementor-tab-title-2021\" tabindex=\"0\" hidden=\"false\"><p style=\"text-align: justify\"><span style=\"color: #333333;font-size: 17px\"><span class=\"TextRun SCXW46523955 BCX0\" lang=\"FR-FR\" xml:lang=\"FR-FR\" data-contrast=\"auto\"><span class=\"NormalTextRun SCXW46523955 BCX0\">L\u2019aspiration pour <\/span><span class=\"NormalTextRun SCXW46523955 BCX0\">un<\/span> <span class=\"NormalTextRun SCXW46523955 BCX0\">r\u00f4le<\/span> <span class=\"NormalTextRun SCXW46523955 BCX0\">pionnier distinctif d\u2019utiliser les possibilit\u00e9s techniciens, mat\u00e9riaux, et humaine de <\/span><span class=\"NormalTextRun ContextualSpellingAndGrammarErrorV2Themed SCXW46523955 BCX0\">destin\u00e9<\/span><span class=\"NormalTextRun SCXW46523955 BCX0\"> \u00e0 sensibiliser<\/span> <span class=\"NormalTextRun SCXW46523955 BCX0\">culturel pour la communaut\u00e9 de l\u2019universit\u00e9 interne et externe, comme l\u2019administration des relations publique<\/span><span class=\"NormalTextRun SCXW46523955 BCX0\">s et m\u00e9dias <\/span><span class=\"NormalTextRun SCXW46523955 BCX0\">organise et coordonne les efforts hum<\/span><span class=\"NormalTextRun SCXW46523955 BCX0\">ains<\/span> <span class=\"NormalTextRun SCXW46523955 BCX0\">dans l\u2019universit\u00e9 parmi les unit\u00e9s et les comit\u00e9s cha<\/span><span class=\"NormalTextRun SCXW46523955 BCX0\">cun<\/span><span class=\"NormalTextRun SCXW46523955 BCX0\"> selon leurs fonctions et fortifie les liens de communications entre l\u2019universit\u00e9 et sa communaut\u00e9 internes et externes.\u00a0<\/span><\/span><span class=\"EOP SCXW46523955 BCX0\" data-ccp-props=\"{}\">\u00a0<\/span><\/span><\/p><\/div>\n\t\t\t\t\t\t\t\t\t<div class=\"elementor-tab-title elementor-tab-mobile-title\" aria-selected=\"false\" data-tab=\"2\" role=\"tab\" tabindex=\"-1\" aria-controls=\"elementor-tab-content-2022\" aria-expanded=\"false\">Message<\/div>\n\t\t\t\t\t<div id=\"elementor-tab-content-2022\" class=\"elementor-tab-content elementor-clearfix\" data-tab=\"2\" role=\"tabpanel\" aria-labelledby=\"elementor-tab-title-2022\" tabindex=\"0\" hidden=\"hidden\"><p><span style=\"font-size: 17px;color: #333333\">La sinc\u00e9rit\u00e9 et l&#8217;honn\u00eatet\u00e9.\u00a0<\/span><\/p><p><span style=\"font-size: 17px;color: #333333\">Fortifier la confidence aux nouvelles qui publi\u00e9es sur le site m\u00e9diatique divers.\u00a0\u00a0<\/span><\/p><p><span style=\"font-size: 17px;color: #333333\">Faire passer l\u2019int\u00e9r\u00eat public avant l\u2019int\u00e9r\u00eat personnel.\u00a0<\/span><\/p><p><span style=\"font-size: 17px;color: #333333\">Faire passer qui sont respect\u00e9s et la confidence.\u00a0\u00a0\u00a0\u00a0\u00a0<\/span><\/p><\/div>\n\t\t\t\t\t\t\t\t\t<div class=\"elementor-tab-title elementor-tab-mobile-title\" aria-selected=\"false\" data-tab=\"3\" role=\"tab\" tabindex=\"-1\" aria-controls=\"elementor-tab-content-2023\" aria-expanded=\"false\">Les objectifes<\/div>\n\t\t\t\t\t<div id=\"elementor-tab-content-2023\" class=\"elementor-tab-content elementor-clearfix\" data-tab=\"3\" role=\"tabpanel\" aria-labelledby=\"elementor-tab-title-2023\" tabindex=\"0\" hidden=\"hidden\"><p><span style=\"color: #333333;font-size: 17px\">Assurer les objectifs, le message, et la vision de l\u2019universit\u00e9 et travail de les publient \u00e0 travers les divers activit\u00e9s de l\u2019administration.\u00a0<\/span><\/p><ul style=\"list-style-type: circle\"><li data-leveltext=\"-\" data-font=\"Cambria\" data-listid=\"6\" data-list-defn-props=\"{&quot;335552541&quot;:1,&quot;335559685&quot;:1440,&quot;335559991&quot;:360,&quot;469769226&quot;:&quot;Cambria&quot;,&quot;469769242&quot;:[8226],&quot;469777803&quot;:&quot;left&quot;,&quot;469777804&quot;:&quot;-&quot;,&quot;469777815&quot;:&quot;hybridMultilevel&quot;}\" data-aria-posinset=\"18\" data-aria-level=\"1\"><span style=\"color: #333333;font-size: 17px\">Documenter les relations et fortifie le r\u00f4le de l\u2019universit\u00e9 \u00e0 servir la communaut\u00e9.\u00a0<\/span><\/li><\/ul><ul style=\"list-style-type: circle\"><li data-leveltext=\"-\" data-font=\"Cambria\" data-listid=\"6\" data-list-defn-props=\"{&quot;335552541&quot;:1,&quot;335559685&quot;:1440,&quot;335559991&quot;:360,&quot;469769226&quot;:&quot;Cambria&quot;,&quot;469769242&quot;:[8226],&quot;469777803&quot;:&quot;left&quot;,&quot;469777804&quot;:&quot;-&quot;,&quot;469777815&quot;:&quot;hybridMultilevel&quot;}\" data-aria-posinset=\"19\" data-aria-level=\"1\"><span style=\"color: #333333;font-size: 17px\">D\u00e9clarer les fonctions de l\u2019administration et l\u2019importance le r\u00f4le de services qu\u2019elle offre.\u00a0\u00a0<\/span><\/li><\/ul><ul style=\"list-style-type: circle\"><li data-leveltext=\"-\" data-font=\"Cambria\" data-listid=\"6\" data-list-defn-props=\"{&quot;335552541&quot;:1,&quot;335559685&quot;:1440,&quot;335559991&quot;:360,&quot;469769226&quot;:&quot;Cambria&quot;,&quot;469769242&quot;:[8226],&quot;469777803&quot;:&quot;left&quot;,&quot;469777804&quot;:&quot;-&quot;,&quot;469777815&quot;:&quot;hybridMultilevel&quot;}\" data-aria-posinset=\"20\" data-aria-level=\"1\"><span style=\"color: #333333;font-size: 17px\">Offrant des programmes contribue \u00e0 \u2019\u00e9lever l\u2019\u00e2me de coop\u00e9ration positive et supporte la responsabilit\u00e9 de performance de fonctions pour les affili\u00e9s de l\u2019universit\u00e9.\u00a0<\/span><\/li><\/ul><ul style=\"list-style-type: circle\"><li data-leveltext=\"-\" data-font=\"Cambria\" data-listid=\"6\" data-list-defn-props=\"{&quot;335552541&quot;:1,&quot;335559685&quot;:1440,&quot;335559991&quot;:360,&quot;469769226&quot;:&quot;Cambria&quot;,&quot;469769242&quot;:[8226],&quot;469777803&quot;:&quot;left&quot;,&quot;469777804&quot;:&quot;-&quot;,&quot;469777815&quot;:&quot;hybridMultilevel&quot;}\" data-aria-posinset=\"21\" data-aria-level=\"1\"><span style=\"color: #333333;font-size: 17px\">Appliquant de syst\u00e8mes et crit\u00e8res de qualit\u00e9 \u00e0 diverses activit\u00e9s de l\u2019administration.\u00a0<\/span><\/li><\/ul><ul style=\"list-style-type: circle\"><li data-leveltext=\"-\" data-font=\"Cambria\" data-listid=\"6\" data-list-defn-props=\"{&quot;335552541&quot;:1,&quot;335559685&quot;:1440,&quot;335559991&quot;:360,&quot;469769226&quot;:&quot;Cambria&quot;,&quot;469769242&quot;:[8226],&quot;469777803&quot;:&quot;left&quot;,&quot;469777804&quot;:&quot;-&quot;,&quot;469777815&quot;:&quot;hybridMultilevel&quot;}\" data-aria-posinset=\"22\" data-aria-level=\"1\"><span style=\"color: #333333;font-size: 17px\" data-contrast=\"auto\">Activer le r\u00f4le de l\u2019association et attire les institutions de la communaut\u00e9 diverses.\u00a0\u00a0<\/span><\/li><\/ul><\/div>\n\t\t\t\t\t\t\t\t\t<div class=\"elementor-tab-title elementor-tab-mobile-title\" aria-selected=\"false\" data-tab=\"4\" role=\"tab\" tabindex=\"-1\" aria-controls=\"elementor-tab-content-2024\" aria-expanded=\"false\">Les services<\/div>\n\t\t\t\t\t<div id=\"elementor-tab-content-2024\" class=\"elementor-tab-content elementor-clearfix\" data-tab=\"4\" role=\"tabpanel\" aria-labelledby=\"elementor-tab-title-2024\" tabindex=\"0\" hidden=\"hidden\"><ol><li><span style=\"color: #333333;font-size: 17px\">Imprimer des brochures et revues et tenue les symposiums, conf\u00e9rences concern\u00e9es\u00a0 \u00e0 l\u2019universit\u00e9.\u00a0\u00a0<\/span><\/li><li><span style=\"color: #333333;font-size: 17px\">Faire l\u2019activit\u00e9 de m\u00e9dia sp\u00e9cifique de l&#8217;universit\u00e9.\u00a0<\/span><\/li><li><span style=\"color: #333333;font-size: 17px\">Faire les activit\u00e9s sociales, loisirs, sportifs \u00e0 l\u2019universit\u00e9.\u00a0<\/span><\/li><li><span style=\"color: #333333;font-size: 17px\">Organis\u00e9 et accueillant les d\u00e9l\u00e9gations et les visiteurs et arrange leur s\u00e9jour.\u00a0<\/span><\/li><li><span style=\"color: #333333;font-size: 17px\">Poursuivant que publie aux divers m\u00e9dias sur l\u2019universit\u00e9 et l\u2019expose \u00e0 l\u2019administration et pr\u00e9pare les r\u00e9ponses.\u00a0<\/span><\/li><li><span style=\"color: #333333;font-size: 17px\">Pr\u00e9pare et ex\u00e9cute les foires locales et r\u00e9gionales.\u00a0\u00a0\u00a0<\/span><\/li><li><span style=\"color: #333333;font-size: 17px\">Analyse les informations qui publient sur l\u2019universit\u00e9 et son image et l\u2019expose \u00e0 l\u2019administration.\u00a0\u00a0\u00a0\u00a0\u00a0<\/span><\/li><li><span style=\"color: #333333;font-size: 17px\">La supervision \u00e0 l\u2019activit\u00e9 de la biblioth\u00e8que et la documentation.\u00a0\u00a0\u00a0<\/span><\/li><li><span style=\"color: #333333;font-size: 17px\">Offrant les services et les facilitations et les donn\u00e9es des clients de l\u2019universit\u00e9 et la communication directe de r\u00e9soudre leurs probl\u00e8mes.\u00a0<\/span><\/li><li><span style=\"color: #333333;font-size: 17px\">Faciliter les missions des d\u00e9l\u00e9gations venues \u00e0 l\u2019universit\u00e9 de parties communes.\u00a0<\/span><\/li><li><span style=\"color: #333333;font-size: 17px\">La coordination parmi les\u00a0 diverses administrations \u00e0 l\u2019universit\u00e9 de r\u00e9aliser l\u2019harmonie entre eux, \u00e9galement r\u00e9alise l\u2019harmonie et l\u2019adaptation entre eux et le publique interne et externe.\u00a0\u00a0\u00a0\u00a0<\/span><\/li><li><span style=\"color: #333333;font-size: 17px\">Relie le plan de relations g\u00e9n\u00e9ral avec les autres administrations au cadre le plan complet de l\u2019universit\u00e9.\u00a0\u00a0\u00a0\u00a0\u00a0\u00a0\u00a0<\/span><\/li><li><span style=\"color: #333333;font-size: 17px\">Poursuivre les plaintes de publique et reconna\u00eet les raisons et offre les solutions d\u2019eux.\u00a0<\/span><\/li><\/ol><\/div>\n\t\t\t\t\t\t\t<\/div>\n\t\t<\/div>\n\t\t\t\t<\/div>\n\t\t\t\t<\/div>\n\t\t\t\t\t<\/div>\n\t\t<\/div>\n\t\t\t\t\t<\/div>\n\t\t<\/section>\n\t\t\t\t<\/div>\n\t\t","protected":false},"excerpt":{"rendered":"<p>Vision Message Les objectifes Les services Vision L\u2019aspiration pour un r\u00f4le pionnier distinctif d\u2019utiliser les possibilit\u00e9s techniciens, mat\u00e9riaux, et humaine de destin\u00e9 \u00e0 sensibiliser culturel pour la communaut\u00e9 de l\u2019universit\u00e9 interne et externe, comme l\u2019administration des relations publiques et m\u00e9dias <a href=\"https:\/\/aswu.edu.eg\/fr\/media-and-public-relations-department\/\" class=\"read-more\">Read More &#8230;<\/a><\/p>\n<div class=\"pvc_clear\"><\/div>\n<p id=\"pvc_stats_30566\" class=\"pvc_stats all  \" data-element-id=\"30566\" style=\"\"><i class=\"pvc-stats-icon medium\" aria-hidden=\"true\"><svg aria-hidden=\"true\" focusable=\"false\" data-prefix=\"far\" data-icon=\"chart-bar\" role=\"img\" xmlns=\"http:\/\/www.w3.org\/2000\/svg\" viewBox=\"0 0 512 512\" class=\"svg-inline--fa fa-chart-bar fa-w-16 fa-2x\"><path fill=\"currentColor\" d=\"M396.8 352h22.4c6.4 0 12.8-6.4 12.8-12.8V108.8c0-6.4-6.4-12.8-12.8-12.8h-22.4c-6.4 0-12.8 6.4-12.8 12.8v230.4c0 6.4 6.4 12.8 12.8 12.8zm-192 0h22.4c6.4 0 12.8-6.4 12.8-12.8V140.8c0-6.4-6.4-12.8-12.8-12.8h-22.4c-6.4 0-12.8 6.4-12.8 12.8v198.4c0 6.4 6.4 12.8 12.8 12.8zm96 0h22.4c6.4 0 12.8-6.4 12.8-12.8V204.8c0-6.4-6.4-12.8-12.8-12.8h-22.4c-6.4 0-12.8 6.4-12.8 12.8v134.4c0 6.4 6.4 12.8 12.8 12.8zM496 400H48V80c0-8.84-7.16-16-16-16H16C7.16 64 0 71.16 0 80v336c0 17.67 14.33 32 32 32h464c8.84 0 16-7.16 16-16v-16c0-8.84-7.16-16-16-16zm-387.2-48h22.4c6.4 0 12.8-6.4 12.8-12.8v-70.4c0-6.4-6.4-12.8-12.8-12.8h-22.4c-6.4 0-12.8 6.4-12.8 12.8v70.4c0 6.4 6.4 12.8 12.8 12.8z\" class=\"\"><\/path><\/svg><\/i> <img decoding=\"async\" width=\"16\" height=\"16\" alt=\"Loading\" src=\"https:\/\/aswu.edu.eg\/fr\/wp-content\/plugins\/page-views-count\/ajax-loader-2x.gif\" border=0 \/><\/p>\n<div class=\"pvc_clear\"><\/div>\n","protected":false},"author":7,"featured_media":0,"parent":0,"menu_order":0,"comment_status":"closed","ping_status":"closed","template":"","meta":{"footnotes":""},"rttpg_featured_image_url":null,"rttpg_author":{"display_name":"nourhan Monaam","author_link":"https:\/\/aswu.edu.eg\/fr\/author\/edr0asen\/"},"rttpg_comment":0,"rttpg_category":null,"rttpg_excerpt":"Vision Message Les objectifes Les services Vision L\u2019aspiration pour un r\u00f4le pionnier distinctif d\u2019utiliser les possibilit\u00e9s techniciens, mat\u00e9riaux, et humaine de destin\u00e9 \u00e0 sensibiliser culturel pour la communaut\u00e9 de l\u2019universit\u00e9 interne et externe, comme l\u2019administration des relations publiques et m\u00e9dias Read More ...","_links":{"self":[{"href":"https:\/\/aswu.edu.eg\/fr\/wp-json\/wp\/v2\/pages\/30566"}],"collection":[{"href":"https:\/\/aswu.edu.eg\/fr\/wp-json\/wp\/v2\/pages"}],"about":[{"href":"https:\/\/aswu.edu.eg\/fr\/wp-json\/wp\/v2\/types\/page"}],"author":[{"embeddable":true,"href":"https:\/\/aswu.edu.eg\/fr\/wp-json\/wp\/v2\/users\/7"}],"replies":[{"embeddable":true,"href":"https:\/\/aswu.edu.eg\/fr\/wp-json\/wp\/v2\/comments?post=30566"}],"version-history":[{"count":16,"href":"https:\/\/aswu.edu.eg\/fr\/wp-json\/wp\/v2\/pages\/30566\/revisions"}],"predecessor-version":[{"id":30618,"href":"https:\/\/aswu.edu.eg\/fr\/wp-json\/wp\/v2\/pages\/30566\/revisions\/30618"}],"wp:attachment":[{"href":"https:\/\/aswu.edu.eg\/fr\/wp-json\/wp\/v2\/media?parent=30566"}],"curies":[{"name":"wp","href":"https:\/\/api.w.org\/{rel}","templated":true}]}}