{"id":31544,"date":"2026-02-17T10:31:18","date_gmt":"2026-02-17T10:31:18","guid":{"rendered":"https:\/\/aswu.edu.eg\/fr\/?page_id=31544"},"modified":"2026-03-02T10:47:02","modified_gmt":"2026-03-02T10:47:02","slug":"sports-venue-participation-for-the-year-2022-2023","status":"publish","type":"page","link":"https:\/\/aswu.edu.eg\/fr\/about\/facilities\/sports-facilities\/sports-venue-participation-for-the-year-2022-2023\/","title":{"rendered":"Participation aux installations sportives pour l\u2019ann\u00e9e universitaire (2022\u20132023)"},"content":{"rendered":"\t\t<div data-elementor-type=\"wp-page\" data-elementor-id=\"31544\" class=\"elementor elementor-31544\">\n\t\t\t\t\t\t<section class=\"elementor-section elementor-top-section elementor-element elementor-element-19c6d17 elementor-section-boxed elementor-section-height-default elementor-section-height-default\" data-id=\"19c6d17\" data-element_type=\"section\">\n\t\t\t\t\t\t<div class=\"elementor-container elementor-column-gap-default\">\n\t\t\t\t\t<div class=\"elementor-column elementor-col-50 elementor-top-column elementor-element elementor-element-5e54967\" data-id=\"5e54967\" data-element_type=\"column\">\n\t\t\t<div class=\"elementor-widget-wrap elementor-element-populated\">\n\t\t\t\t\t\t<div class=\"elementor-element elementor-element-5e3efc1 elementor-widget elementor-widget-text-editor\" data-id=\"5e3efc1\" data-element_type=\"widget\" data-widget_type=\"text-editor.default\">\n\t\t\t\t<div class=\"elementor-widget-container\">\n\t\t\t\t\t\t\t<p style=\"text-align: justify\"><span style=\"color: #333333;font-size: 17px\">Organisation d\u2019un match de football \u00e0 cinq au stade sportif de l\u2019Universit\u00e9 d\u2019Assouan dans le cadre des \u00e9v\u00e9nements \u00ab Future Leaders \u00bb (ann\u00e9e 2022-2023)<\/span><\/p><p style=\"text-align: justify\"><span style=\"color: #333333;font-size: 17px\">Prof. Ayman Mahmoud Osman \u2013 pr\u00e9sident de l\u2019universit\u00e9 d\u2019Assouan-, le Dr. Adel Mohamed Abdel- Moneim Mekki- doyen de facult\u00e9 d\u2019\u00e9ducation physique-, Dr. Nasser Chaaban, et Islam Youssef, Conseiller du Pr\u00e9sident de l\u2019Universit\u00e9 charg\u00e9 des affaires \u00e9tudiantes a particip\u00e9 au deuxi\u00e8me tour de la Future Leaders league avec un match de football \u00e0 cinq. \u00a0<\/span><\/p><p style=\"text-align: justify\"><span style=\"color: #333333;font-size: 17px\">Cet \u00e9v\u00e9nement sportif a eu lieu sur les terrains sportifs de l\u2019Universit\u00e9 d\u2019Assouan (campus de Sahari) la participation \u00e0 cet \u00e9v\u00e9nement sportif vise \u00e0 encourager la pratique du sport et \u00e0 d\u00e9velopper les capacit\u00e9s athl\u00e9tiques des \u00e9tudiants dans diverses activit\u00e9s, afin de former une g\u00e9n\u00e9ration \u00e9quilibr\u00e9e et compl\u00e8te, dans le cadre de l\u2019initiative \u00ab Le sport comme s\u00e9curit\u00e9 nationale \u00bb mise en \u0153uvre par l\u2019Universit\u00e9 d\u2019Assouan, conform\u00e9ment aux directives du Pr\u00e9sident Abdel Fattah Al-Sissi concernant l\u2019importance du sport pour les jeunes et la n\u00e9cessit\u00e9 de les pr\u00e9parer \u00e0 devenir les leaders de demain.<\/span><\/p><p style=\"text-align: justify\"><span style=\"color: #333333;font-size: 17px\">La participation \u00e0 cet \u00e9v\u00e9nement sportif vise \u00e0 encourager la pratique du sport et \u00e0 d\u00e9velopper les capacit\u00e9s athl\u00e9tiques des \u00e9tudiants dans diverses activit\u00e9s, afin de former une g\u00e9n\u00e9ration \u00e9quilibr\u00e9e et compl\u00e8te, dans le cadre de l\u2019initiative \u00ab Le sport comme s\u00e9curit\u00e9 nationale \u00bb mise en \u0153uvre par l\u2019Universit\u00e9 d\u2019Assouan, conform\u00e9ment aux directives du Pr\u00e9sident Abdel Fattah Al-Sissi concernant l\u2019importance du sport pour les jeunes et la n\u00e9cessit\u00e9 de les pr\u00e9parer \u00e0 devenir les leaders de demain.<\/span><\/p><p style=\"text-align: justify\"><span style=\"color: #333333;font-size: 17px\">Le Dr. Ayman Osman -Pr\u00e9sident de l\u2019Universit\u00e9 d\u2019Assouan-, a d\u00e9clar\u00e9 que l\u2019id\u00e9e du programme de formation \u00ab Future Leaders \u00bb est n\u00e9e des directives du Pr\u00e9sident concernant l\u2019importance de la pr\u00e9paration et de la formation des jeunes.<\/span><\/p><p style=\"text-align: justify\"><span style=\"color: #333333;font-size: 17px\">Il a indiqu\u00e9 que le programme vise \u00e0 pr\u00e9parer les \u00e9tudiants de l\u2019Universit\u00e9 d\u2019Assouan au leadership et \u00e0 \u00e9tablir une base solide de comp\u00e9tences \u00e9tudiantes qualifi\u00e9es pour assumer des responsabilit\u00e9s de direction, administratives et communautaires, afin de construire une soci\u00e9t\u00e9 forte capable de relever les d\u00e9fis, et de concr\u00e9tiser la vision du programme consistant \u00e0 former une g\u00e9n\u00e9ration apte \u00e0 assumer des responsabilit\u00e9s sociales et \u00e0 \u0153uvrer dans divers secteurs et domaines.<\/span><\/p><p style=\"text-align: justify\"><span style=\"color: #333333;font-size: 17px\">Le programme de formation comprend des cours en sciences administratives et \u00e9conomiques, en sciences sociales, en comp\u00e9tences de vie, en transformation num\u00e9rique et en entrepreneuriat. Il propose \u00e9galement des ateliers sur les types de personnalit\u00e9, l\u2019estime de soi, l\u2019autopromotion, l\u2019intelligence sociale, la gestion du temps et l\u2019utilisation de l\u2019\u00e9nergie des jeunes dans les contextes sportifs, sociaux, scientifiques et culturels.<\/span><\/p><p style=\"text-align: justify\"><span style=\"color: #333333;font-size: 17px\">Islam Youssef, le superviseur du programme, a expliqu\u00e9 que les \u00e9tudiants participant au deuxi\u00e8me tour se disent satisfaits de l\u2019interaction, de la participation et de l\u2019int\u00e9r\u00eat manifest\u00e9s par le pr\u00e9sident de l\u2019universit\u00e9 lors de l\u2019ouverture des \u00e9v\u00e9nements et de la participation sportive, qui s\u2019inscrit dans le cadre de l\u2019initiative \u00ab Le sport comme s\u00e9curit\u00e9 nationale \u00bb.<\/span><\/p>\t\t\t\t\t\t<\/div>\n\t\t\t\t<\/div>\n\t\t\t\t\t<\/div>\n\t\t<\/div>\n\t\t\t\t<div class=\"elementor-column elementor-col-50 elementor-top-column elementor-element elementor-element-6f591d6\" data-id=\"6f591d6\" data-element_type=\"column\">\n\t\t\t<div class=\"elementor-widget-wrap elementor-element-populated\">\n\t\t\t\t\t\t<div class=\"elementor-element elementor-element-c2bcc4e elementor-widget elementor-widget-image\" data-id=\"c2bcc4e\" data-element_type=\"widget\" data-widget_type=\"image.default\">\n\t\t\t\t<div class=\"elementor-widget-container\">\n\t\t\t\t\t\t\t\t\t\t\t\t\t<img fetchpriority=\"high\" decoding=\"async\" width=\"300\" height=\"195\" src=\"https:\/\/aswu.edu.eg\/fr\/wp-content\/uploads\/1212-3-300x195-1.jpg\" class=\"attachment-large size-large wp-image-31545\" alt=\"\" \/>\t\t\t\t\t\t\t\t\t\t\t\t\t<\/div>\n\t\t\t\t<\/div>\n\t\t\t\t\t<\/div>\n\t\t<\/div>\n\t\t\t\t\t<\/div>\n\t\t<\/section>\n\t\t\t\t<\/div>\n\t\t","protected":false},"excerpt":{"rendered":"<p>Organisation d\u2019un match de football \u00e0 cinq au stade sportif de l\u2019Universit\u00e9 d\u2019Assouan dans le cadre des \u00e9v\u00e9nements \u00ab Future Leaders \u00bb (ann\u00e9e 2022-2023) Prof. Ayman Mahmoud Osman \u2013 pr\u00e9sident de l\u2019universit\u00e9 d\u2019Assouan-, le Dr. Adel Mohamed Abdel- Moneim Mekki- <a href=\"https:\/\/aswu.edu.eg\/fr\/about\/facilities\/sports-facilities\/sports-venue-participation-for-the-year-2022-2023\/\" class=\"read-more\">Read More &#8230;<\/a><\/p>\n<div class=\"pvc_clear\"><\/div>\n<p id=\"pvc_stats_31544\" class=\"pvc_stats all  \" data-element-id=\"31544\" style=\"\"><i class=\"pvc-stats-icon medium\" aria-hidden=\"true\"><svg aria-hidden=\"true\" focusable=\"false\" data-prefix=\"far\" data-icon=\"chart-bar\" role=\"img\" xmlns=\"http:\/\/www.w3.org\/2000\/svg\" viewBox=\"0 0 512 512\" class=\"svg-inline--fa fa-chart-bar fa-w-16 fa-2x\"><path fill=\"currentColor\" d=\"M396.8 352h22.4c6.4 0 12.8-6.4 12.8-12.8V108.8c0-6.4-6.4-12.8-12.8-12.8h-22.4c-6.4 0-12.8 6.4-12.8 12.8v230.4c0 6.4 6.4 12.8 12.8 12.8zm-192 0h22.4c6.4 0 12.8-6.4 12.8-12.8V140.8c0-6.4-6.4-12.8-12.8-12.8h-22.4c-6.4 0-12.8 6.4-12.8 12.8v198.4c0 6.4 6.4 12.8 12.8 12.8zm96 0h22.4c6.4 0 12.8-6.4 12.8-12.8V204.8c0-6.4-6.4-12.8-12.8-12.8h-22.4c-6.4 0-12.8 6.4-12.8 12.8v134.4c0 6.4 6.4 12.8 12.8 12.8zM496 400H48V80c0-8.84-7.16-16-16-16H16C7.16 64 0 71.16 0 80v336c0 17.67 14.33 32 32 32h464c8.84 0 16-7.16 16-16v-16c0-8.84-7.16-16-16-16zm-387.2-48h22.4c6.4 0 12.8-6.4 12.8-12.8v-70.4c0-6.4-6.4-12.8-12.8-12.8h-22.4c-6.4 0-12.8 6.4-12.8 12.8v70.4c0 6.4 6.4 12.8 12.8 12.8z\" class=\"\"><\/path><\/svg><\/i> <img decoding=\"async\" width=\"16\" height=\"16\" alt=\"Loading\" src=\"https:\/\/aswu.edu.eg\/fr\/wp-content\/plugins\/page-views-count\/ajax-loader-2x.gif\" border=0 \/><\/p>\n<div class=\"pvc_clear\"><\/div>\n","protected":false},"author":7,"featured_media":0,"parent":3781,"menu_order":0,"comment_status":"closed","ping_status":"closed","template":"","meta":{"footnotes":""},"rttpg_featured_image_url":null,"rttpg_author":{"display_name":"nourhan Monaam","author_link":"https:\/\/aswu.edu.eg\/fr\/author\/edr0asen\/"},"rttpg_comment":0,"rttpg_category":null,"rttpg_excerpt":"Organisation d\u2019un match de football \u00e0 cinq au stade sportif de l\u2019Universit\u00e9 d\u2019Assouan dans le cadre des \u00e9v\u00e9nements \u00ab Future Leaders \u00bb (ann\u00e9e 2022-2023) Prof. Ayman Mahmoud Osman \u2013 pr\u00e9sident de l\u2019universit\u00e9 d\u2019Assouan-, le Dr. Adel Mohamed Abdel- Moneim Mekki- Read More ...","_links":{"self":[{"href":"https:\/\/aswu.edu.eg\/fr\/wp-json\/wp\/v2\/pages\/31544"}],"collection":[{"href":"https:\/\/aswu.edu.eg\/fr\/wp-json\/wp\/v2\/pages"}],"about":[{"href":"https:\/\/aswu.edu.eg\/fr\/wp-json\/wp\/v2\/types\/page"}],"author":[{"embeddable":true,"href":"https:\/\/aswu.edu.eg\/fr\/wp-json\/wp\/v2\/users\/7"}],"replies":[{"embeddable":true,"href":"https:\/\/aswu.edu.eg\/fr\/wp-json\/wp\/v2\/comments?post=31544"}],"version-history":[{"count":13,"href":"https:\/\/aswu.edu.eg\/fr\/wp-json\/wp\/v2\/pages\/31544\/revisions"}],"predecessor-version":[{"id":31558,"href":"https:\/\/aswu.edu.eg\/fr\/wp-json\/wp\/v2\/pages\/31544\/revisions\/31558"}],"up":[{"embeddable":true,"href":"https:\/\/aswu.edu.eg\/fr\/wp-json\/wp\/v2\/pages\/3781"}],"wp:attachment":[{"href":"https:\/\/aswu.edu.eg\/fr\/wp-json\/wp\/v2\/media?parent=31544"}],"curies":[{"name":"wp","href":"https:\/\/api.w.org\/{rel}","templated":true}]}}